{"id":4365,"date":"2021-02-08T13:19:33","date_gmt":"2021-02-08T13:19:33","guid":{"rendered":"https:\/\/longchangchemical.com\/?post_type=product&#038;p=4365"},"modified":"2021-02-08T13:26:49","modified_gmt":"2021-02-08T13:26:49","slug":"tempo-cas-2564-83-2","status":"publish","type":"product","link":"https:\/\/longchangchemical.com\/it\/product\/tempo-cas-2564-83-2\/","title":{"rendered":"2,2,6,6-Tetrametilpiperidinoossi \/ TEMPO CAS 2564-83-2"},"content":{"rendered":"<h1><strong>2,2,6,6-Tetrametilpiperidinoossi \/ TEMPO CAS 2564-83-2<\/strong><\/h1>\n<table class=\"table-1\" cellspacing=\"0\">\n<tbody>\n<tr>\n<td>\n<h4>Articolo<\/h4>\n<\/td>\n<td>\n<h4>Specifiche tecniche<\/h4>\n<\/td>\n<td>\n<h4>Risultati<\/h4>\n<\/td>\n<\/tr>\n<tr>\n<td>\n<h4>Aspetto<\/h4>\n<\/td>\n<td>\n<h4>Solido a scaglie rosso bruno<\/h4>\n<\/td>\n<td>\n<h4>Conforme<\/h4>\n<\/td>\n<\/tr>\n<tr>\n<td>\n<h4>Test (GC)<\/h4>\n<\/td>\n<td>\n<h4>\u226598.5%<\/h4>\n<\/td>\n<td>\n<h4>99.1%<\/h4>\n<\/td>\n<\/tr>\n<tr>\n<td>\n<h4>Acqua<\/h4>\n<\/td>\n<td>\n<h4>\u22641.0%<\/h4>\n<\/td>\n<td>\n<h4>0.39%<\/h4>\n<\/td>\n<\/tr>\n<tr>\n<td>\n<h4>Punto di fusione<\/h4>\n<\/td>\n<td>\n<h4>36.0 ~ 40.0\u00b0C<\/h4>\n<\/td>\n<td>\n<h4>Conforme<\/h4>\n<\/td>\n<\/tr>\n<tr>\n<td>\n<h4>Conclusione<\/h4>\n<\/td>\n<td colspan=\"2\">\n<h4>I risultati sono conformi agli standard aziendali<\/h4>\n<\/td>\n<\/tr>\n<\/tbody>\n<\/table>\n<h2><\/h2>\n<h2><strong>Che cos'\u00e8 il TEMPO?<\/strong><\/h2>\n<h4>L'ossido di 2,2,6,6-tetrametilpiperidina, abbreviato in TEMPO, \u00e8 un radicale nitrossido di piperidina. Il TEMPO \u00e8 di colore rosso-arancio, facilmente sublimabile in cristalli o liquidi e facilmente solubile in solventi come acqua, etanolo e benzene.<\/h4>\n<h4>Ha la funzione di catturare i radicali liberi e di spegnere l'ossigeno singoletto ed \u00e8 un catalizzatore di ossidazione molto efficace, in grado di ossidare gli alcoli primari in aldeidi e gli alcoli secondari in chetoni.<\/h4>\n<h4>Grazie all'effetto di ostacolo sterico dei quattro gruppi metilici, TEMPO \u00e8 relativamente stabile alla luce e al calore ed \u00e8 un catalizzatore di ossidazione molto efficace, in grado di ossidare gli alcoli primari e secondari ai composti carbonilici richiesti. Ha le caratteristiche di alta resa, buona selettivit\u00e0, buona stabilit\u00e0 e riciclabilit\u00e0.<\/h4>\n<p>&nbsp;<\/p>\n<h2><strong>2,2,6,6-Tetrametilpiperidinoossi \/ TEMPO Utilizzo<\/strong><\/h2>\n<h4>1. L'ossidazione catalitica della cellulosa mediante TEMPO \u00e8 considerata un metodo efficace. Pu\u00f2 ossidare completamente la struttura della fibra lignocellulosica nel suo sistema di reazione in sospensione e stabilire una buona condizione di base per la successiva dissociazione meccanica.<\/h4>\n<h4>2. Il TEMPO \u00e8 un radicale nitrossile stabile e solubile in acqua. Pu\u00f2 essere utilizzato per catalizzare selettivamente l'ossidazione dei gruppi idrossilici primari dei polisaccaridi per convertirli in gruppi carbossilici.<\/h4>\n<h4>3. Contatto con l'ossidante di reazione, utilizzato per l'ossidazione di iodobenzene diacetile del nerolo per produrre nerolo. In breve, il rame\/TEMPO viene utilizzato per la reazione di contatto dell'alcol a 1 posizione con l'aldeide.<\/h4>\n<p>&nbsp;<\/p>\n<h2><strong>2,2,6,6-Tetrametilpiperidinoossi \/ TEMPO Imballaggio e spedizione<\/strong><\/h2>\n<h4>Fusto in fibra, 25 kg\/fusto<\/h4>\n<p>&nbsp;<\/p>\n<h2><strong>2,2,6,6-Tetrametilpiperidinoossi \/ TEMPO Stoccaggio<\/strong><\/h2>\n<h4>Conservare in un ambiente buio, fresco, ventilato e asciutto.<\/h4>\n<p>&nbsp;<\/p>\n<h2><strong>Prodotti della stessa serie<\/strong><\/h2>\n<table style=\"border-collapse: collapse; width: 312.02pt;\" border=\"0\" width=\"416\" cellspacing=\"0\" cellpadding=\"0\">\n<tbody>\n<tr style=\"height: 45.00pt;\">\n<td class=\"et4\" style=\"height: 45.00pt; width: 201.75pt;\" width=\"269\" height=\"60\">\n<h4><span style=\"color: #3366ff;\"><strong>2,2,6,6-Tetrametilpiperidinoossi<\/strong><\/span><\/h4>\n<\/td>\n<td class=\"et4\" style=\"width: 110.25pt;\" width=\"147\">\n<h4><span style=\"color: #3366ff;\"><strong>2564-83-2<\/strong><\/span><\/h4>\n<\/td>\n<\/tr>\n<tr style=\"height: 45.00pt;\">\n<td class=\"et5\" style=\"height: 45.00pt; width: 201.75pt;\" width=\"269\" height=\"60\">\n<h4><a href=\"https:\/\/longchangchemical.com\/it\/product\/cas-768-66-1\/\"><span style=\"color: #3366ff;\"><strong>2,2,6,6-tetrametilpiperidina<\/strong><\/span><\/a><\/h4>\n<\/td>\n<td class=\"et5\" style=\"width: 110.25pt;\" width=\"147\">\n<h4><a href=\"https:\/\/longchangchemical.com\/it\/product\/cas-768-66-1\/\"><span style=\"color: #3366ff;\"><strong>768-66-1<\/strong><\/span><\/a><\/h4>\n<\/td>\n<\/tr>\n<\/tbody>\n<\/table>\n<h2><\/h2>\n<h2><strong><b>Contattateci ora!<\/b><\/strong><\/h2>\n<h4><strong><b>Forniamo servizi personalizzati, di solito vi contatteremo entro 24 ore. Potete anche inviarmi un'e-mail a info@longchangchemical.com durante l'orario di lavoro (dalle 8:30 alle 18:00 UTC+8 Lun.~Sab.) o utilizzare la chat dal vivo del sito web per ottenere una risposta immediata.<\/b><\/strong><\/h4>","protected":false},"excerpt":{"rendered":"<h4>Nome chimico: 2,2,6,6-Tetrametilpiperidinoossi<\/h4>\n<h4>Altro nome: TEMPO<\/h4>\n<h4>N. CAS: 2564-83-2<\/h4>\n<h4>Fomula molecolare: C9H18NO<\/h4>\n<h4>Struttura chimica:<img decoding=\"async\" title=\"CAS 2564-83-2 Struttura\" src=\"https:\/\/www.longchangchemical.com\/wp-content\/uploads\/product-details\/20200612019768.png\" alt=\"CAS 2564-83-2 Struttura\" width=\"77\" height=\"72\" border=\"0\" vspace=\"0\" \/><\/h4>\n<h4>Peso molecolare: 156,25<\/h4>\n<h4>Aspetto: solido in fiocchi di colore rosso bruno<\/h4>\n<h4>Test: 98,5%min<\/h4>","protected":false},"featured_media":4366,"comment_status":"open","ping_status":"closed","template":"","meta":[],"product_brand":[],"product_cat":[69],"product_tag":[],"class_list":{"0":"post-4365","1":"product","2":"type-product","3":"status-publish","4":"has-post-thumbnail","6":"product_cat-catalysts-chemical-auxiliary-agents","8":"first","9":"instock","10":"shipping-taxable","11":"product-type-simple"},"yoast_head":"<!-- This site is optimized with the Yoast SEO plugin v25.3.1 - https:\/\/yoast.com\/wordpress\/plugins\/seo\/ -->\n<title>China 2,2,6,6-Tetramethylpiperidinooxy \/ TEMPO Manufacturer \uff06 Supplier - Longchang chemical Co., Ltd.<\/title>\n<meta name=\"description\" content=\"Longchang Chemical is a leading manufacturer and supplier of TEMPO \/ 2,2,6,6-Tetramethylpiperidinooxy in China. Buy 2,2,6,6-Tetramethylpiperidinooxy in china. We can provide the best 2,2,6,6-Tetramethylpiperidinooxy \/ TEMPO price.\" \/>\n<meta name=\"robots\" content=\"index, follow, max-snippet:-1, max-image-preview:large, max-video-preview:-1\" \/>\n<link rel=\"canonical\" href=\"https:\/\/longchangchemical.com\/it\/product\/tempo-cas-2564-83-2\/\" \/>\n<meta property=\"og:locale\" content=\"it_IT\" \/>\n<meta property=\"og:type\" content=\"article\" \/>\n<meta property=\"og:title\" content=\"China 2,2,6,6-Tetramethylpiperidinooxy \/ TEMPO Manufacturer \uff06 Supplier - Longchang chemical Co., Ltd.\" \/>\n<meta property=\"og:description\" content=\"Longchang Chemical is a leading manufacturer and supplier of TEMPO \/ 2,2,6,6-Tetramethylpiperidinooxy in China. Buy 2,2,6,6-Tetramethylpiperidinooxy in china. We can provide the best 2,2,6,6-Tetramethylpiperidinooxy \/ TEMPO price.\" \/>\n<meta property=\"og:url\" content=\"https:\/\/longchangchemical.com\/it\/product\/tempo-cas-2564-83-2\/\" \/>\n<meta property=\"og:site_name\" content=\"Longchang Chemical\" \/>\n<meta property=\"article:modified_time\" content=\"2021-02-08T13:26:49+00:00\" \/>\n<meta property=\"og:image\" content=\"https:\/\/longchangchemical.com\/wp-content\/uploads\/2021\/02\/TEMPO-Appearance.jpg\" \/>\n\t<meta property=\"og:image:width\" content=\"600\" \/>\n\t<meta property=\"og:image:height\" content=\"800\" \/>\n\t<meta property=\"og:image:type\" content=\"image\/jpeg\" \/>\n<meta name=\"twitter:card\" content=\"summary_large_image\" \/>\n<script type=\"application\/ld+json\" class=\"yoast-schema-graph\">{\"@context\":\"https:\/\/schema.org\",\"@graph\":[{\"@type\":\"WebPage\",\"@id\":\"https:\/\/longchangchemical.com\/product\/tempo-cas-2564-83-2\/\",\"url\":\"https:\/\/longchangchemical.com\/product\/tempo-cas-2564-83-2\/\",\"name\":\"China 2,2,6,6-Tetramethylpiperidinooxy \/ TEMPO Manufacturer \uff06 Supplier - Longchang chemical Co., Ltd.\",\"isPartOf\":{\"@id\":\"https:\/\/longchangchemical.com\/#website\"},\"primaryImageOfPage\":{\"@id\":\"https:\/\/longchangchemical.com\/product\/tempo-cas-2564-83-2\/#primaryimage\"},\"image\":{\"@id\":\"https:\/\/longchangchemical.com\/product\/tempo-cas-2564-83-2\/#primaryimage\"},\"thumbnailUrl\":\"https:\/\/longchangchemical.com\/wp-content\/uploads\/2021\/02\/TEMPO-Appearance.jpg\",\"datePublished\":\"2021-02-08T13:19:33+00:00\",\"dateModified\":\"2021-02-08T13:26:49+00:00\",\"description\":\"Longchang Chemical is a leading manufacturer and supplier of TEMPO \/ 2,2,6,6-Tetramethylpiperidinooxy in China. Buy 2,2,6,6-Tetramethylpiperidinooxy in china. We can provide the best 2,2,6,6-Tetramethylpiperidinooxy \/ TEMPO price.\",\"breadcrumb\":{\"@id\":\"https:\/\/longchangchemical.com\/product\/tempo-cas-2564-83-2\/#breadcrumb\"},\"inLanguage\":\"it-IT\",\"potentialAction\":[{\"@type\":\"ReadAction\",\"target\":[\"https:\/\/longchangchemical.com\/product\/tempo-cas-2564-83-2\/\"]}]},{\"@type\":\"ImageObject\",\"inLanguage\":\"it-IT\",\"@id\":\"https:\/\/longchangchemical.com\/product\/tempo-cas-2564-83-2\/#primaryimage\",\"url\":\"https:\/\/longchangchemical.com\/wp-content\/uploads\/2021\/02\/TEMPO-Appearance.jpg\",\"contentUrl\":\"https:\/\/longchangchemical.com\/wp-content\/uploads\/2021\/02\/TEMPO-Appearance.jpg\",\"width\":600,\"height\":800,\"caption\":\"TEMPO Appearance\"},{\"@type\":\"BreadcrumbList\",\"@id\":\"https:\/\/longchangchemical.com\/product\/tempo-cas-2564-83-2\/#breadcrumb\",\"itemListElement\":[{\"@type\":\"ListItem\",\"position\":1,\"name\":\"Home\",\"item\":\"https:\/\/longchangchemical.com\/\"},{\"@type\":\"ListItem\",\"position\":2,\"name\":\"Products Longchang\",\"item\":\"https:\/\/longchangchemical.com\/product\/\"},{\"@type\":\"ListItem\",\"position\":3,\"name\":\"2,2,6,6-Tetramethylpiperidinooxy \/ TEMPO CAS 2564-83-2\"}]},{\"@type\":\"WebSite\",\"@id\":\"https:\/\/longchangchemical.com\/#website\",\"url\":\"https:\/\/longchangchemical.com\/\",\"name\":\"Longchang Chemical\",\"description\":\"China chemical manufacturer \uff06 supplier\",\"publisher\":{\"@id\":\"https:\/\/longchangchemical.com\/#organization\"},\"potentialAction\":[{\"@type\":\"SearchAction\",\"target\":{\"@type\":\"EntryPoint\",\"urlTemplate\":\"https:\/\/longchangchemical.com\/?s={search_term_string}\"},\"query-input\":{\"@type\":\"PropertyValueSpecification\",\"valueRequired\":true,\"valueName\":\"search_term_string\"}}],\"inLanguage\":\"it-IT\"},{\"@type\":\"Organization\",\"@id\":\"https:\/\/longchangchemical.com\/#organization\",\"name\":\"Longchang Chemical\",\"url\":\"https:\/\/longchangchemical.com\/\",\"logo\":{\"@type\":\"ImageObject\",\"inLanguage\":\"it-IT\",\"@id\":\"https:\/\/longchangchemical.com\/#\/schema\/logo\/image\/\",\"url\":\"https:\/\/longchangchemical.com\/wp-content\/uploads\/2020\/08\/cropped-longchang-logo.png\",\"contentUrl\":\"https:\/\/longchangchemical.com\/wp-content\/uploads\/2020\/08\/cropped-longchang-logo.png\",\"width\":512,\"height\":512,\"caption\":\"Longchang Chemical\"},\"image\":{\"@id\":\"https:\/\/longchangchemical.com\/#\/schema\/logo\/image\/\"}}]}<\/script>\n<!-- \/ Yoast SEO plugin. -->","yoast_head_json":{"title":"Cina 2,2,6,6-Tetrametilpiperidinooxy \/ TEMPO Produttore \uff06 Fornitore - Longchang chemical Co., Ltd.","description":"Longchang Chemical \u00e8 un produttore e fornitore leader di TEMPO \/ 2,2,6,6-Tetrametilpiperidinoossi in Cina. Comprare 2,2,6,6-Tetramethylpiperidinooxy in Cina. Possiamo fornire il miglior prezzo di 2,2,6,6-Tetrametilpiperidinoossi \/ TEMPO.","robots":{"index":"index","follow":"follow","max-snippet":"max-snippet:-1","max-image-preview":"max-image-preview:large","max-video-preview":"max-video-preview:-1"},"canonical":"https:\/\/longchangchemical.com\/it\/product\/tempo-cas-2564-83-2\/","og_locale":"it_IT","og_type":"article","og_title":"China 2,2,6,6-Tetramethylpiperidinooxy \/ TEMPO Manufacturer \uff06 Supplier - Longchang chemical Co., Ltd.","og_description":"Longchang Chemical is a leading manufacturer and supplier of TEMPO \/ 2,2,6,6-Tetramethylpiperidinooxy in China. Buy 2,2,6,6-Tetramethylpiperidinooxy in china. We can provide the best 2,2,6,6-Tetramethylpiperidinooxy \/ TEMPO price.","og_url":"https:\/\/longchangchemical.com\/it\/product\/tempo-cas-2564-83-2\/","og_site_name":"Longchang Chemical","article_modified_time":"2021-02-08T13:26:49+00:00","og_image":[{"width":600,"height":800,"url":"https:\/\/longchangchemical.com\/wp-content\/uploads\/2021\/02\/TEMPO-Appearance.jpg","type":"image\/jpeg"}],"twitter_card":"summary_large_image","schema":{"@context":"https:\/\/schema.org","@graph":[{"@type":"WebPage","@id":"https:\/\/longchangchemical.com\/product\/tempo-cas-2564-83-2\/","url":"https:\/\/longchangchemical.com\/product\/tempo-cas-2564-83-2\/","name":"Cina 2,2,6,6-Tetrametilpiperidinooxy \/ TEMPO Produttore \uff06 Fornitore - Longchang chemical Co., Ltd.","isPartOf":{"@id":"https:\/\/longchangchemical.com\/#website"},"primaryImageOfPage":{"@id":"https:\/\/longchangchemical.com\/product\/tempo-cas-2564-83-2\/#primaryimage"},"image":{"@id":"https:\/\/longchangchemical.com\/product\/tempo-cas-2564-83-2\/#primaryimage"},"thumbnailUrl":"https:\/\/longchangchemical.com\/wp-content\/uploads\/2021\/02\/TEMPO-Appearance.jpg","datePublished":"2021-02-08T13:19:33+00:00","dateModified":"2021-02-08T13:26:49+00:00","description":"Longchang Chemical \u00e8 un produttore e fornitore leader di TEMPO \/ 2,2,6,6-Tetrametilpiperidinoossi in Cina. Comprare 2,2,6,6-Tetramethylpiperidinooxy in Cina. Possiamo fornire il miglior prezzo di 2,2,6,6-Tetrametilpiperidinoossi \/ TEMPO.","breadcrumb":{"@id":"https:\/\/longchangchemical.com\/product\/tempo-cas-2564-83-2\/#breadcrumb"},"inLanguage":"it-IT","potentialAction":[{"@type":"ReadAction","target":["https:\/\/longchangchemical.com\/product\/tempo-cas-2564-83-2\/"]}]},{"@type":"ImageObject","inLanguage":"it-IT","@id":"https:\/\/longchangchemical.com\/product\/tempo-cas-2564-83-2\/#primaryimage","url":"https:\/\/longchangchemical.com\/wp-content\/uploads\/2021\/02\/TEMPO-Appearance.jpg","contentUrl":"https:\/\/longchangchemical.com\/wp-content\/uploads\/2021\/02\/TEMPO-Appearance.jpg","width":600,"height":800,"caption":"TEMPO Appearance"},{"@type":"BreadcrumbList","@id":"https:\/\/longchangchemical.com\/product\/tempo-cas-2564-83-2\/#breadcrumb","itemListElement":[{"@type":"ListItem","position":1,"name":"Home","item":"https:\/\/longchangchemical.com\/"},{"@type":"ListItem","position":2,"name":"Products Longchang","item":"https:\/\/longchangchemical.com\/product\/"},{"@type":"ListItem","position":3,"name":"2,2,6,6-Tetramethylpiperidinooxy \/ TEMPO CAS 2564-83-2"}]},{"@type":"WebSite","@id":"https:\/\/longchangchemical.com\/#website","url":"https:\/\/longchangchemical.com\/","name":"Longchang Chemical","description":"Cina produttore di prodotti chimici \uff06 fornitore","publisher":{"@id":"https:\/\/longchangchemical.com\/#organization"},"potentialAction":[{"@type":"SearchAction","target":{"@type":"EntryPoint","urlTemplate":"https:\/\/longchangchemical.com\/?s={search_term_string}"},"query-input":{"@type":"PropertyValueSpecification","valueRequired":true,"valueName":"search_term_string"}}],"inLanguage":"it-IT"},{"@type":"Organization","@id":"https:\/\/longchangchemical.com\/#organization","name":"Longchang Chemical","url":"https:\/\/longchangchemical.com\/","logo":{"@type":"ImageObject","inLanguage":"it-IT","@id":"https:\/\/longchangchemical.com\/#\/schema\/logo\/image\/","url":"https:\/\/longchangchemical.com\/wp-content\/uploads\/2020\/08\/cropped-longchang-logo.png","contentUrl":"https:\/\/longchangchemical.com\/wp-content\/uploads\/2020\/08\/cropped-longchang-logo.png","width":512,"height":512,"caption":"Longchang Chemical"},"image":{"@id":"https:\/\/longchangchemical.com\/#\/schema\/logo\/image\/"}}]}},"_links":{"self":[{"href":"https:\/\/longchangchemical.com\/it\/wp-json\/wp\/v2\/product\/4365","targetHints":{"allow":["GET"]}}],"collection":[{"href":"https:\/\/longchangchemical.com\/it\/wp-json\/wp\/v2\/product"}],"about":[{"href":"https:\/\/longchangchemical.com\/it\/wp-json\/wp\/v2\/types\/product"}],"replies":[{"embeddable":true,"href":"https:\/\/longchangchemical.com\/it\/wp-json\/wp\/v2\/comments?post=4365"}],"wp:featuredmedia":[{"embeddable":true,"href":"https:\/\/longchangchemical.com\/it\/wp-json\/wp\/v2\/media\/4366"}],"wp:attachment":[{"href":"https:\/\/longchangchemical.com\/it\/wp-json\/wp\/v2\/media?parent=4365"}],"wp:term":[{"taxonomy":"product_brand","embeddable":true,"href":"https:\/\/longchangchemical.com\/it\/wp-json\/wp\/v2\/product_brand?post=4365"},{"taxonomy":"product_cat","embeddable":true,"href":"https:\/\/longchangchemical.com\/it\/wp-json\/wp\/v2\/product_cat?post=4365"},{"taxonomy":"product_tag","embeddable":true,"href":"https:\/\/longchangchemical.com\/it\/wp-json\/wp\/v2\/product_tag?post=4365"}],"curies":[{"name":"wp","href":"https:\/\/api.w.org\/{rel}","templated":true}]}}