{"id":4262,"date":"2024-01-11T08:27:50","date_gmt":"2024-01-11T08:27:50","guid":{"rendered":"https:\/\/longchangchemical.com\/?post_type=product&#038;p=4262"},"modified":"2025-12-22T03:28:01","modified_gmt":"2025-12-22T03:28:01","slug":"25-dimethoxy-benzaldchyde-cas-93-02-7","status":"publish","type":"product","link":"https:\/\/longchangchemical.com\/it\/product\/25-dimethoxy-benzaldchyde-cas-93-02-7\/","title":{"rendered":"2,5-dimetossi benzaldchide cas 93-02-7"},"content":{"rendered":"<h2><strong>2,5-dimetossi benzaldchidePropriet\u00e0 tipiche<\/strong><\/h2>\n<table class=\"table-1\" cellspacing=\"0\">\n<tbody>\n<tr>\n<td>Articolo<\/td>\n<td>Specifiche tecniche<\/td>\n<\/tr>\n<tr>\n<td>Aspetto<\/td>\n<td>Polvere cristallina da bianca a biancastra<\/td>\n<\/tr>\n<tr>\n<td>Identificazione (HPLC)<\/td>\n<td>Tempo di prenotazione come standard di riferimento<\/td>\n<\/tr>\n<tr>\n<td>Acqua<\/td>\n<td>\u22641.0%<\/td>\n<\/tr>\n<tr>\n<td>Intervallo di fusione<\/td>\n<td>47.5~51.5\u2103<\/td>\n<\/tr>\n<tr>\n<td>Test<\/td>\n<td>\u226598.5%<\/td>\n<\/tr>\n<\/tbody>\n<\/table>\n<h2><strong>2,5-dimetossi benzaldchide Uso<\/strong><\/h2>\n<ol>\n<li><strong>Sintesi chimica:<\/strong> La 2,5-dimetossi-benzaldeide, con numero CAS 93-02-7, \u00e8 comunemente utilizzata nella sintesi chimica. Serve come intermedio chiave nella produzione di vari composti organici, tra cui prodotti farmaceutici, agrochimici e prodotti chimici speciali.<\/li>\n<li><strong>Industria degli aromi e dei profumi:<\/strong> Questo composto trova applicazione nell'industria degli aromi e delle fragranze. La 2,5-dimetossi-benzaldeide \u00e8 nota per le sue propriet\u00e0 aromatiche e pu\u00f2 essere inclusa nelle formulazioni per fornire un profumo o un aroma specifico.<\/li>\n<li><strong>Intermedi farmaceutici:<\/strong> La 2,5-dimetossi-benzaldeide \u00e8 comunemente impiegata come intermedio farmaceutico. Viene utilizzata nella sintesi di alcuni farmaci e prodotti farmaceutici, svolgendo un ruolo cruciale nella chimica medicinale.<\/li>\n<li><strong>Ricerca chimica:<\/strong> Nelle attivit\u00e0 di ricerca chimica, la 2,5-dimetossi-benzaldeide viene utilizzata per vari esperimenti e analisi. La sua natura versatile la rende preziosa per la scoperta e lo sviluppo di nuovi composti.<\/li>\n<\/ol>\n<h2><strong>Pacchetto 2,5-dimetossi benzaldchide<\/strong><\/h2>\n<p>25 kg\/fusto di fibra<\/p>\n<h2><strong>2,5-dimetossi benzaldchide Stoccaggio<\/strong><\/h2>\n<p>Conservato in un magazzino fresco, asciutto e ventilato<\/p>\n<h2><strong><b>Contattateci ora!<\/b><\/strong><\/h2>\n<h4><strong><b>Se avete bisogno di COA, MSDS o TDS, inserite i vostri dati di contatto nel modulo sottostante; di solito vi contatteremo entro 24 ore. Potete anche inviarmi un'e-mail <span style=\"color: #0000ff;\"><a style=\"color: #0000ff;\" href=\"mailto:info@longchangchemical.com\">info@longchangchemical.com<\/a><\/span> durante l'orario di lavoro (dalle 8:30 alle 18:00 UTC+8 lun.-sab.) o utilizzare la live chat del sito web per ottenere una risposta immediata.<\/b><\/strong><\/h4>","protected":false},"excerpt":{"rendered":"<h2><strong>2,5-dimetossi benzaldchideDettagli rapidi<\/strong><\/h2>\n<p>Nome del prodotto: 2,5-dimetossi benzaldchide<\/p>\n<p>N. CAS: 93-02-7<\/p>\n<p>Formula molecolare: C9H10O3<\/p>\n<p>Peso molecolare: 166,17<\/p>\n<p>Struttura molecolare:<img decoding=\"async\" title=\"2,5-Dimetossi benzaldchide Struttura\" src=\"https:\/\/www.longchangchemical.com\/wp-content\/uploads\/product-details\/20200610166022.png\" alt=\"2,5-Dimetossi benzaldchide Struttura\" width=\"105\" height=\"80\" border=\"0\" vspace=\"0\" \/><\/p>\n<p>Aspetto: Polvere cristallina da bianca a biancastra<\/p>\n<p>Purezza: 98,5%<\/p>","protected":false},"featured_media":6419,"comment_status":"open","ping_status":"closed","template":"","meta":[],"product_brand":[],"product_cat":[69],"product_tag":[],"class_list":{"0":"post-4262","1":"product","2":"type-product","3":"status-publish","4":"has-post-thumbnail","6":"product_cat-catalysts-chemical-auxiliary-agents","8":"first","9":"instock","10":"shipping-taxable","11":"product-type-simple"},"yoast_head":"<!-- This site is optimized with the Yoast SEO plugin v25.3.1 - https:\/\/yoast.com\/wordpress\/plugins\/seo\/ -->\n<title>China 2,5-Dimethoxybenzaldehyde Manufacturer CAS 93-02-7 -Longchang Chemical<\/title>\n<meta name=\"description\" content=\"2,5-dimethoxy benzaldchyde cas 93-02-7 is key product of Longchang Chemical. We provide best price. We are the leading manufacturer and supplier in China with the best quanlity and competitive price.\" \/>\n<meta name=\"robots\" content=\"index, follow, max-snippet:-1, max-image-preview:large, max-video-preview:-1\" \/>\n<link rel=\"canonical\" href=\"https:\/\/longchangchemical.com\/it\/product\/25-dimethoxy-benzaldchyde-cas-93-02-7\/\" \/>\n<meta property=\"og:locale\" content=\"it_IT\" \/>\n<meta property=\"og:type\" content=\"article\" \/>\n<meta property=\"og:title\" content=\"China 2,5-Dimethoxybenzaldehyde Manufacturer CAS 93-02-7 -Longchang Chemical\" \/>\n<meta property=\"og:description\" content=\"2,5-dimethoxy benzaldchyde cas 93-02-7 is key product of Longchang Chemical. We provide best price. We are the leading manufacturer and supplier in China with the best quanlity and competitive price.\" \/>\n<meta property=\"og:url\" content=\"https:\/\/longchangchemical.com\/it\/product\/25-dimethoxy-benzaldchyde-cas-93-02-7\/\" \/>\n<meta property=\"og:site_name\" content=\"Longchang Chemical\" \/>\n<meta property=\"article:modified_time\" content=\"2025-12-22T03:28:01+00:00\" \/>\n<meta property=\"og:image\" content=\"https:\/\/longchangchemical.com\/wp-content\/uploads\/2021\/01\/7-1.jpg\" \/>\n\t<meta property=\"og:image:width\" content=\"800\" \/>\n\t<meta property=\"og:image:height\" content=\"800\" \/>\n\t<meta property=\"og:image:type\" content=\"image\/jpeg\" \/>\n<meta name=\"twitter:card\" content=\"summary_large_image\" \/>\n<script type=\"application\/ld+json\" class=\"yoast-schema-graph\">{\"@context\":\"https:\/\/schema.org\",\"@graph\":[{\"@type\":\"WebPage\",\"@id\":\"https:\/\/longchangchemical.com\/product\/25-dimethoxy-benzaldchyde-cas-93-02-7\/\",\"url\":\"https:\/\/longchangchemical.com\/product\/25-dimethoxy-benzaldchyde-cas-93-02-7\/\",\"name\":\"China 2,5-Dimethoxybenzaldehyde Manufacturer CAS 93-02-7 -Longchang Chemical\",\"isPartOf\":{\"@id\":\"https:\/\/longchangchemical.com\/#website\"},\"primaryImageOfPage\":{\"@id\":\"https:\/\/longchangchemical.com\/product\/25-dimethoxy-benzaldchyde-cas-93-02-7\/#primaryimage\"},\"image\":{\"@id\":\"https:\/\/longchangchemical.com\/product\/25-dimethoxy-benzaldchyde-cas-93-02-7\/#primaryimage\"},\"thumbnailUrl\":\"https:\/\/longchangchemical.com\/wp-content\/uploads\/2021\/01\/7-1.jpg\",\"datePublished\":\"2024-01-11T08:27:50+00:00\",\"dateModified\":\"2025-12-22T03:28:01+00:00\",\"description\":\"2,5-dimethoxy benzaldchyde cas 93-02-7 is key product of Longchang Chemical. We provide best price. We are the leading manufacturer and supplier in China with the best quanlity and competitive price.\",\"breadcrumb\":{\"@id\":\"https:\/\/longchangchemical.com\/product\/25-dimethoxy-benzaldchyde-cas-93-02-7\/#breadcrumb\"},\"inLanguage\":\"it-IT\",\"potentialAction\":[{\"@type\":\"ReadAction\",\"target\":[\"https:\/\/longchangchemical.com\/product\/25-dimethoxy-benzaldchyde-cas-93-02-7\/\"]}]},{\"@type\":\"ImageObject\",\"inLanguage\":\"it-IT\",\"@id\":\"https:\/\/longchangchemical.com\/product\/25-dimethoxy-benzaldchyde-cas-93-02-7\/#primaryimage\",\"url\":\"https:\/\/longchangchemical.com\/wp-content\/uploads\/2021\/01\/7-1.jpg\",\"contentUrl\":\"https:\/\/longchangchemical.com\/wp-content\/uploads\/2021\/01\/7-1.jpg\",\"width\":800,\"height\":800,\"caption\":\"2,5-dimethoxy benzaldchyde cas 93-02-7\"},{\"@type\":\"BreadcrumbList\",\"@id\":\"https:\/\/longchangchemical.com\/product\/25-dimethoxy-benzaldchyde-cas-93-02-7\/#breadcrumb\",\"itemListElement\":[{\"@type\":\"ListItem\",\"position\":1,\"name\":\"Home\",\"item\":\"https:\/\/longchangchemical.com\/\"},{\"@type\":\"ListItem\",\"position\":2,\"name\":\"Products Longchang\",\"item\":\"https:\/\/longchangchemical.com\/product\/\"},{\"@type\":\"ListItem\",\"position\":3,\"name\":\"2,5-dimethoxy benzaldchyde cas 93-02-7\"}]},{\"@type\":\"WebSite\",\"@id\":\"https:\/\/longchangchemical.com\/#website\",\"url\":\"https:\/\/longchangchemical.com\/\",\"name\":\"Longchang Chemical\",\"description\":\"China chemical manufacturer \uff06 supplier\",\"publisher\":{\"@id\":\"https:\/\/longchangchemical.com\/#organization\"},\"potentialAction\":[{\"@type\":\"SearchAction\",\"target\":{\"@type\":\"EntryPoint\",\"urlTemplate\":\"https:\/\/longchangchemical.com\/?s={search_term_string}\"},\"query-input\":{\"@type\":\"PropertyValueSpecification\",\"valueRequired\":true,\"valueName\":\"search_term_string\"}}],\"inLanguage\":\"it-IT\"},{\"@type\":\"Organization\",\"@id\":\"https:\/\/longchangchemical.com\/#organization\",\"name\":\"Longchang Chemical\",\"url\":\"https:\/\/longchangchemical.com\/\",\"logo\":{\"@type\":\"ImageObject\",\"inLanguage\":\"it-IT\",\"@id\":\"https:\/\/longchangchemical.com\/#\/schema\/logo\/image\/\",\"url\":\"https:\/\/longchangchemical.com\/wp-content\/uploads\/2020\/08\/cropped-longchang-logo.png\",\"contentUrl\":\"https:\/\/longchangchemical.com\/wp-content\/uploads\/2020\/08\/cropped-longchang-logo.png\",\"width\":512,\"height\":512,\"caption\":\"Longchang Chemical\"},\"image\":{\"@id\":\"https:\/\/longchangchemical.com\/#\/schema\/logo\/image\/\"}}]}<\/script>\n<!-- \/ Yoast SEO plugin. -->","yoast_head_json":{"title":"Cina 2,5-Dimetossibenzaldeide Produttore CAS 93-02-7 -Longchang Chemical","description":"2,5-dimetossi benzaldchide cas 93-02-7 \u00e8 il prodotto chiave di Longchang Chemical. Forniamo il miglior prezzo. Siamo il principale produttore e fornitore in Cina con la migliore quanlity e il prezzo competitivo.","robots":{"index":"index","follow":"follow","max-snippet":"max-snippet:-1","max-image-preview":"max-image-preview:large","max-video-preview":"max-video-preview:-1"},"canonical":"https:\/\/longchangchemical.com\/it\/product\/25-dimethoxy-benzaldchyde-cas-93-02-7\/","og_locale":"it_IT","og_type":"article","og_title":"China 2,5-Dimethoxybenzaldehyde Manufacturer CAS 93-02-7 -Longchang Chemical","og_description":"2,5-dimethoxy benzaldchyde cas 93-02-7 is key product of Longchang Chemical. We provide best price. We are the leading manufacturer and supplier in China with the best quanlity and competitive price.","og_url":"https:\/\/longchangchemical.com\/it\/product\/25-dimethoxy-benzaldchyde-cas-93-02-7\/","og_site_name":"Longchang Chemical","article_modified_time":"2025-12-22T03:28:01+00:00","og_image":[{"width":800,"height":800,"url":"https:\/\/longchangchemical.com\/wp-content\/uploads\/2021\/01\/7-1.jpg","type":"image\/jpeg"}],"twitter_card":"summary_large_image","schema":{"@context":"https:\/\/schema.org","@graph":[{"@type":"WebPage","@id":"https:\/\/longchangchemical.com\/product\/25-dimethoxy-benzaldchyde-cas-93-02-7\/","url":"https:\/\/longchangchemical.com\/product\/25-dimethoxy-benzaldchyde-cas-93-02-7\/","name":"Cina 2,5-Dimetossibenzaldeide Produttore CAS 93-02-7 -Longchang Chemical","isPartOf":{"@id":"https:\/\/longchangchemical.com\/#website"},"primaryImageOfPage":{"@id":"https:\/\/longchangchemical.com\/product\/25-dimethoxy-benzaldchyde-cas-93-02-7\/#primaryimage"},"image":{"@id":"https:\/\/longchangchemical.com\/product\/25-dimethoxy-benzaldchyde-cas-93-02-7\/#primaryimage"},"thumbnailUrl":"https:\/\/longchangchemical.com\/wp-content\/uploads\/2021\/01\/7-1.jpg","datePublished":"2024-01-11T08:27:50+00:00","dateModified":"2025-12-22T03:28:01+00:00","description":"2,5-dimetossi benzaldchide cas 93-02-7 \u00e8 il prodotto chiave di Longchang Chemical. Forniamo il miglior prezzo. Siamo il principale produttore e fornitore in Cina con la migliore quanlity e il prezzo competitivo.","breadcrumb":{"@id":"https:\/\/longchangchemical.com\/product\/25-dimethoxy-benzaldchyde-cas-93-02-7\/#breadcrumb"},"inLanguage":"it-IT","potentialAction":[{"@type":"ReadAction","target":["https:\/\/longchangchemical.com\/product\/25-dimethoxy-benzaldchyde-cas-93-02-7\/"]}]},{"@type":"ImageObject","inLanguage":"it-IT","@id":"https:\/\/longchangchemical.com\/product\/25-dimethoxy-benzaldchyde-cas-93-02-7\/#primaryimage","url":"https:\/\/longchangchemical.com\/wp-content\/uploads\/2021\/01\/7-1.jpg","contentUrl":"https:\/\/longchangchemical.com\/wp-content\/uploads\/2021\/01\/7-1.jpg","width":800,"height":800,"caption":"2,5-dimethoxy benzaldchyde cas 93-02-7"},{"@type":"BreadcrumbList","@id":"https:\/\/longchangchemical.com\/product\/25-dimethoxy-benzaldchyde-cas-93-02-7\/#breadcrumb","itemListElement":[{"@type":"ListItem","position":1,"name":"Home","item":"https:\/\/longchangchemical.com\/"},{"@type":"ListItem","position":2,"name":"Products Longchang","item":"https:\/\/longchangchemical.com\/product\/"},{"@type":"ListItem","position":3,"name":"2,5-dimethoxy benzaldchyde cas 93-02-7"}]},{"@type":"WebSite","@id":"https:\/\/longchangchemical.com\/#website","url":"https:\/\/longchangchemical.com\/","name":"Longchang Chemical","description":"Cina produttore di prodotti chimici \uff06 fornitore","publisher":{"@id":"https:\/\/longchangchemical.com\/#organization"},"potentialAction":[{"@type":"SearchAction","target":{"@type":"EntryPoint","urlTemplate":"https:\/\/longchangchemical.com\/?s={search_term_string}"},"query-input":{"@type":"PropertyValueSpecification","valueRequired":true,"valueName":"search_term_string"}}],"inLanguage":"it-IT"},{"@type":"Organization","@id":"https:\/\/longchangchemical.com\/#organization","name":"Longchang Chemical","url":"https:\/\/longchangchemical.com\/","logo":{"@type":"ImageObject","inLanguage":"it-IT","@id":"https:\/\/longchangchemical.com\/#\/schema\/logo\/image\/","url":"https:\/\/longchangchemical.com\/wp-content\/uploads\/2020\/08\/cropped-longchang-logo.png","contentUrl":"https:\/\/longchangchemical.com\/wp-content\/uploads\/2020\/08\/cropped-longchang-logo.png","width":512,"height":512,"caption":"Longchang Chemical"},"image":{"@id":"https:\/\/longchangchemical.com\/#\/schema\/logo\/image\/"}}]}},"_links":{"self":[{"href":"https:\/\/longchangchemical.com\/it\/wp-json\/wp\/v2\/product\/4262","targetHints":{"allow":["GET"]}}],"collection":[{"href":"https:\/\/longchangchemical.com\/it\/wp-json\/wp\/v2\/product"}],"about":[{"href":"https:\/\/longchangchemical.com\/it\/wp-json\/wp\/v2\/types\/product"}],"replies":[{"embeddable":true,"href":"https:\/\/longchangchemical.com\/it\/wp-json\/wp\/v2\/comments?post=4262"}],"wp:featuredmedia":[{"embeddable":true,"href":"https:\/\/longchangchemical.com\/it\/wp-json\/wp\/v2\/media\/6419"}],"wp:attachment":[{"href":"https:\/\/longchangchemical.com\/it\/wp-json\/wp\/v2\/media?parent=4262"}],"wp:term":[{"taxonomy":"product_brand","embeddable":true,"href":"https:\/\/longchangchemical.com\/it\/wp-json\/wp\/v2\/product_brand?post=4262"},{"taxonomy":"product_cat","embeddable":true,"href":"https:\/\/longchangchemical.com\/it\/wp-json\/wp\/v2\/product_cat?post=4262"},{"taxonomy":"product_tag","embeddable":true,"href":"https:\/\/longchangchemical.com\/it\/wp-json\/wp\/v2\/product_tag?post=4262"}],"curies":[{"name":"wp","href":"https:\/\/api.w.org\/{rel}","templated":true}]}}