{"id":4259,"date":"2024-01-12T01:24:24","date_gmt":"2024-01-12T01:24:24","guid":{"rendered":"https:\/\/longchangchemical.com\/?post_type=product&#038;p=4259"},"modified":"2025-12-22T03:19:05","modified_gmt":"2025-12-22T03:19:05","slug":"24-dihydroxybenzaldehyde-cas-95-01-2","status":"publish","type":"product","link":"https:\/\/longchangchemical.com\/it\/product\/24-dihydroxybenzaldehyde-cas-95-01-2\/","title":{"rendered":"2,4-diidrossibenzaldeide cas 95-01-2"},"content":{"rendered":"<h2><strong>2,4-Diidrossibenzaldeide Propriet\u00e0 tipiche<\/strong><\/h2>\n<table class=\"table-1\" cellspacing=\"0\">\n<tbody>\n<tr>\n<td>Punto di fusione<\/td>\n<td>135-137 \u00b0C (lit.)<\/td>\n<\/tr>\n<tr>\n<td>Punto di ebollizione<\/td>\n<td>220-228 \u00b0C22 mm Hg(lit.)<\/td>\n<\/tr>\n<tr>\n<td>Punto di infiammabilit\u00e0<\/td>\n<td>220\u00b0C\/22mm<\/td>\n<\/tr>\n<tr>\n<td>Densit\u00e0<\/td>\n<td>1,2667 (stima approssimativa)<\/td>\n<\/tr>\n<\/tbody>\n<\/table>\n<h2><strong>2,4-Diidrossibenzaldeide Utilizzo<\/strong><\/h2>\n<p>Utilizzati come coloranti e intermedi farmaceutici<\/p>\n<ol>\n<li><strong>Sintesi chimica:<\/strong> La 2,4-diidrossibenzaldeide, con numero CAS 95-01-2, \u00e8 comunemente utilizzata nella sintesi chimica. Serve come intermedio chiave nella produzione di vari composti organici, tra cui prodotti farmaceutici, coloranti e specialit\u00e0 chimiche.<\/li>\n<li><strong>Industria degli aromi e dei profumi:<\/strong> Questo composto trova applicazione nell'industria degli aromi e delle fragranze. La 2,4-diidrossibenzaldeide \u00e8 nota per le sue propriet\u00e0 aromatiche e pu\u00f2 essere inclusa nelle formulazioni per fornire un profumo o un aroma specifico.<\/li>\n<li><strong>Intermedi farmaceutici:<\/strong> La 2,4-diidrossibenzaldeide \u00e8 comunemente impiegata come intermedio farmaceutico. Viene utilizzata nella sintesi di alcuni farmaci e prodotti farmaceutici, svolgendo un ruolo cruciale nella chimica medicinale.<\/li>\n<li><strong>Ricerca chimica:<\/strong> Nelle attivit\u00e0 di ricerca chimica, la 2,4-diidrossibenzaldeide viene utilizzata per vari esperimenti e analisi. La sua natura versatile la rende preziosa per la scoperta e lo sviluppo di nuovi composti.<\/li>\n<\/ol>\n<h2><strong>2,4-Diidrossibenzaldeide Imballaggio e spedizione<\/strong><\/h2>\n<p>Imballaggio: 25kg\/sacco<\/p>\n<h2><strong>2,4-Diidrossibenzaldeide Stoccaggio<\/strong><\/h2>\n<p>Deve essere conservato in un luogo fresco, asciutto e ben ventilato.<\/p>","protected":false},"excerpt":{"rendered":"<h2><strong>2,4-Diidrossibenzaldeide Dettagli<\/strong><\/h2>\n<p>Nome chimico: 2,4-diidrossibenzaldeide<\/p>\n<p>N. CAS: 95-01-2<\/p>\n<p>Formula molecolare: C7H6O3<\/p>\n<p>Peso molecolare: 138,12<\/p>\n<p>Struttura molecolare:<img decoding=\"async\" title=\"2,4-diidrossibenzaldeide CAS 95-01-2\" src=\"https:\/\/www.longchangchemical.com\/wp-content\/uploads\/product-details\/20200609177301.png\" alt=\"2,4-diidrossibenzaldeide CAS 95-01-2\" \/><\/p>\n<p>Aspetto: cristallo giallo o marrone giallastro<\/p>","protected":false},"featured_media":6427,"comment_status":"open","ping_status":"closed","template":"","meta":[],"product_brand":[],"product_cat":[69],"product_tag":[],"class_list":{"0":"post-4259","1":"product","2":"type-product","3":"status-publish","4":"has-post-thumbnail","6":"product_cat-catalysts-chemical-auxiliary-agents","8":"first","9":"instock","10":"shipping-taxable","11":"product-type-simple"},"yoast_head":"<!-- This site is optimized with the Yoast SEO plugin v25.3.1 - https:\/\/yoast.com\/wordpress\/plugins\/seo\/ -->\n<title>China 2,4-Dihydroxybenzaldehyde Manufacturer CAS 95-01-2 -Longchang Chemical<\/title>\n<meta name=\"description\" content=\"2,4-dihydroxybenzaldehyde cas 95-01-2 is key product of Longchang Chemical. We provide best price. We are the leading manufacturer and supplier in China with the best quanlity and competitive price.\" \/>\n<meta name=\"robots\" content=\"index, follow, max-snippet:-1, max-image-preview:large, max-video-preview:-1\" \/>\n<link rel=\"canonical\" href=\"https:\/\/longchangchemical.com\/it\/product\/24-dihydroxybenzaldehyde-cas-95-01-2\/\" \/>\n<meta property=\"og:locale\" content=\"it_IT\" \/>\n<meta property=\"og:type\" content=\"article\" \/>\n<meta property=\"og:title\" content=\"China 2,4-Dihydroxybenzaldehyde Manufacturer CAS 95-01-2 -Longchang Chemical\" \/>\n<meta property=\"og:description\" content=\"2,4-dihydroxybenzaldehyde cas 95-01-2 is key product of Longchang Chemical. We provide best price. We are the leading manufacturer and supplier in China with the best quanlity and competitive price.\" \/>\n<meta property=\"og:url\" content=\"https:\/\/longchangchemical.com\/it\/product\/24-dihydroxybenzaldehyde-cas-95-01-2\/\" \/>\n<meta property=\"og:site_name\" content=\"Longchang Chemical\" \/>\n<meta property=\"article:modified_time\" content=\"2025-12-22T03:19:05+00:00\" \/>\n<meta property=\"og:image\" content=\"https:\/\/longchangchemical.com\/wp-content\/uploads\/2021\/01\/2-2.jpg\" \/>\n\t<meta property=\"og:image:width\" content=\"800\" \/>\n\t<meta property=\"og:image:height\" content=\"800\" \/>\n\t<meta property=\"og:image:type\" content=\"image\/jpeg\" \/>\n<meta name=\"twitter:card\" content=\"summary_large_image\" \/>\n<script type=\"application\/ld+json\" class=\"yoast-schema-graph\">{\"@context\":\"https:\/\/schema.org\",\"@graph\":[{\"@type\":\"WebPage\",\"@id\":\"https:\/\/longchangchemical.com\/product\/24-dihydroxybenzaldehyde-cas-95-01-2\/\",\"url\":\"https:\/\/longchangchemical.com\/product\/24-dihydroxybenzaldehyde-cas-95-01-2\/\",\"name\":\"China 2,4-Dihydroxybenzaldehyde Manufacturer CAS 95-01-2 -Longchang Chemical\",\"isPartOf\":{\"@id\":\"https:\/\/longchangchemical.com\/#website\"},\"primaryImageOfPage\":{\"@id\":\"https:\/\/longchangchemical.com\/product\/24-dihydroxybenzaldehyde-cas-95-01-2\/#primaryimage\"},\"image\":{\"@id\":\"https:\/\/longchangchemical.com\/product\/24-dihydroxybenzaldehyde-cas-95-01-2\/#primaryimage\"},\"thumbnailUrl\":\"https:\/\/longchangchemical.com\/wp-content\/uploads\/2021\/01\/2-2.jpg\",\"datePublished\":\"2024-01-12T01:24:24+00:00\",\"dateModified\":\"2025-12-22T03:19:05+00:00\",\"description\":\"2,4-dihydroxybenzaldehyde cas 95-01-2 is key product of Longchang Chemical. We provide best price. We are the leading manufacturer and supplier in China with the best quanlity and competitive price.\",\"breadcrumb\":{\"@id\":\"https:\/\/longchangchemical.com\/product\/24-dihydroxybenzaldehyde-cas-95-01-2\/#breadcrumb\"},\"inLanguage\":\"it-IT\",\"potentialAction\":[{\"@type\":\"ReadAction\",\"target\":[\"https:\/\/longchangchemical.com\/product\/24-dihydroxybenzaldehyde-cas-95-01-2\/\"]}]},{\"@type\":\"ImageObject\",\"inLanguage\":\"it-IT\",\"@id\":\"https:\/\/longchangchemical.com\/product\/24-dihydroxybenzaldehyde-cas-95-01-2\/#primaryimage\",\"url\":\"https:\/\/longchangchemical.com\/wp-content\/uploads\/2021\/01\/2-2.jpg\",\"contentUrl\":\"https:\/\/longchangchemical.com\/wp-content\/uploads\/2021\/01\/2-2.jpg\",\"width\":800,\"height\":800,\"caption\":\"2,4-dihydroxybenzaldehyde cas 95-01-2\"},{\"@type\":\"BreadcrumbList\",\"@id\":\"https:\/\/longchangchemical.com\/product\/24-dihydroxybenzaldehyde-cas-95-01-2\/#breadcrumb\",\"itemListElement\":[{\"@type\":\"ListItem\",\"position\":1,\"name\":\"Home\",\"item\":\"https:\/\/longchangchemical.com\/\"},{\"@type\":\"ListItem\",\"position\":2,\"name\":\"Products Longchang\",\"item\":\"https:\/\/longchangchemical.com\/product\/\"},{\"@type\":\"ListItem\",\"position\":3,\"name\":\"2,4-dihydroxybenzaldehyde cas 95-01-2\"}]},{\"@type\":\"WebSite\",\"@id\":\"https:\/\/longchangchemical.com\/#website\",\"url\":\"https:\/\/longchangchemical.com\/\",\"name\":\"Longchang Chemical\",\"description\":\"China chemical manufacturer \uff06 supplier\",\"publisher\":{\"@id\":\"https:\/\/longchangchemical.com\/#organization\"},\"potentialAction\":[{\"@type\":\"SearchAction\",\"target\":{\"@type\":\"EntryPoint\",\"urlTemplate\":\"https:\/\/longchangchemical.com\/?s={search_term_string}\"},\"query-input\":{\"@type\":\"PropertyValueSpecification\",\"valueRequired\":true,\"valueName\":\"search_term_string\"}}],\"inLanguage\":\"it-IT\"},{\"@type\":\"Organization\",\"@id\":\"https:\/\/longchangchemical.com\/#organization\",\"name\":\"Longchang Chemical\",\"url\":\"https:\/\/longchangchemical.com\/\",\"logo\":{\"@type\":\"ImageObject\",\"inLanguage\":\"it-IT\",\"@id\":\"https:\/\/longchangchemical.com\/#\/schema\/logo\/image\/\",\"url\":\"https:\/\/longchangchemical.com\/wp-content\/uploads\/2020\/08\/cropped-longchang-logo.png\",\"contentUrl\":\"https:\/\/longchangchemical.com\/wp-content\/uploads\/2020\/08\/cropped-longchang-logo.png\",\"width\":512,\"height\":512,\"caption\":\"Longchang Chemical\"},\"image\":{\"@id\":\"https:\/\/longchangchemical.com\/#\/schema\/logo\/image\/\"}}]}<\/script>\n<!-- \/ Yoast SEO plugin. -->","yoast_head_json":{"title":"Cina 2,4-Diidrossibenzaldeide Produttore CAS 95-01-2 -Longchang Chemical","description":"2,4-diidrossibenzaldeide cas 95-01-2 \u00e8 il prodotto chiave di Longchang Chemical. Forniamo il miglior prezzo. Siamo il principale produttore e fornitore in Cina con la migliore qualit\u00e0 e prezzo competitivo.","robots":{"index":"index","follow":"follow","max-snippet":"max-snippet:-1","max-image-preview":"max-image-preview:large","max-video-preview":"max-video-preview:-1"},"canonical":"https:\/\/longchangchemical.com\/it\/product\/24-dihydroxybenzaldehyde-cas-95-01-2\/","og_locale":"it_IT","og_type":"article","og_title":"China 2,4-Dihydroxybenzaldehyde Manufacturer CAS 95-01-2 -Longchang Chemical","og_description":"2,4-dihydroxybenzaldehyde cas 95-01-2 is key product of Longchang Chemical. We provide best price. We are the leading manufacturer and supplier in China with the best quanlity and competitive price.","og_url":"https:\/\/longchangchemical.com\/it\/product\/24-dihydroxybenzaldehyde-cas-95-01-2\/","og_site_name":"Longchang Chemical","article_modified_time":"2025-12-22T03:19:05+00:00","og_image":[{"width":800,"height":800,"url":"https:\/\/longchangchemical.com\/wp-content\/uploads\/2021\/01\/2-2.jpg","type":"image\/jpeg"}],"twitter_card":"summary_large_image","schema":{"@context":"https:\/\/schema.org","@graph":[{"@type":"WebPage","@id":"https:\/\/longchangchemical.com\/product\/24-dihydroxybenzaldehyde-cas-95-01-2\/","url":"https:\/\/longchangchemical.com\/product\/24-dihydroxybenzaldehyde-cas-95-01-2\/","name":"Cina 2,4-Diidrossibenzaldeide Produttore CAS 95-01-2 -Longchang Chemical","isPartOf":{"@id":"https:\/\/longchangchemical.com\/#website"},"primaryImageOfPage":{"@id":"https:\/\/longchangchemical.com\/product\/24-dihydroxybenzaldehyde-cas-95-01-2\/#primaryimage"},"image":{"@id":"https:\/\/longchangchemical.com\/product\/24-dihydroxybenzaldehyde-cas-95-01-2\/#primaryimage"},"thumbnailUrl":"https:\/\/longchangchemical.com\/wp-content\/uploads\/2021\/01\/2-2.jpg","datePublished":"2024-01-12T01:24:24+00:00","dateModified":"2025-12-22T03:19:05+00:00","description":"2,4-diidrossibenzaldeide cas 95-01-2 \u00e8 il prodotto chiave di Longchang Chemical. Forniamo il miglior prezzo. Siamo il principale produttore e fornitore in Cina con la migliore qualit\u00e0 e prezzo competitivo.","breadcrumb":{"@id":"https:\/\/longchangchemical.com\/product\/24-dihydroxybenzaldehyde-cas-95-01-2\/#breadcrumb"},"inLanguage":"it-IT","potentialAction":[{"@type":"ReadAction","target":["https:\/\/longchangchemical.com\/product\/24-dihydroxybenzaldehyde-cas-95-01-2\/"]}]},{"@type":"ImageObject","inLanguage":"it-IT","@id":"https:\/\/longchangchemical.com\/product\/24-dihydroxybenzaldehyde-cas-95-01-2\/#primaryimage","url":"https:\/\/longchangchemical.com\/wp-content\/uploads\/2021\/01\/2-2.jpg","contentUrl":"https:\/\/longchangchemical.com\/wp-content\/uploads\/2021\/01\/2-2.jpg","width":800,"height":800,"caption":"2,4-dihydroxybenzaldehyde cas 95-01-2"},{"@type":"BreadcrumbList","@id":"https:\/\/longchangchemical.com\/product\/24-dihydroxybenzaldehyde-cas-95-01-2\/#breadcrumb","itemListElement":[{"@type":"ListItem","position":1,"name":"Home","item":"https:\/\/longchangchemical.com\/"},{"@type":"ListItem","position":2,"name":"Products Longchang","item":"https:\/\/longchangchemical.com\/product\/"},{"@type":"ListItem","position":3,"name":"2,4-dihydroxybenzaldehyde cas 95-01-2"}]},{"@type":"WebSite","@id":"https:\/\/longchangchemical.com\/#website","url":"https:\/\/longchangchemical.com\/","name":"Longchang Chemical","description":"Cina produttore di prodotti chimici \uff06 fornitore","publisher":{"@id":"https:\/\/longchangchemical.com\/#organization"},"potentialAction":[{"@type":"SearchAction","target":{"@type":"EntryPoint","urlTemplate":"https:\/\/longchangchemical.com\/?s={search_term_string}"},"query-input":{"@type":"PropertyValueSpecification","valueRequired":true,"valueName":"search_term_string"}}],"inLanguage":"it-IT"},{"@type":"Organization","@id":"https:\/\/longchangchemical.com\/#organization","name":"Longchang Chemical","url":"https:\/\/longchangchemical.com\/","logo":{"@type":"ImageObject","inLanguage":"it-IT","@id":"https:\/\/longchangchemical.com\/#\/schema\/logo\/image\/","url":"https:\/\/longchangchemical.com\/wp-content\/uploads\/2020\/08\/cropped-longchang-logo.png","contentUrl":"https:\/\/longchangchemical.com\/wp-content\/uploads\/2020\/08\/cropped-longchang-logo.png","width":512,"height":512,"caption":"Longchang Chemical"},"image":{"@id":"https:\/\/longchangchemical.com\/#\/schema\/logo\/image\/"}}]}},"_links":{"self":[{"href":"https:\/\/longchangchemical.com\/it\/wp-json\/wp\/v2\/product\/4259","targetHints":{"allow":["GET"]}}],"collection":[{"href":"https:\/\/longchangchemical.com\/it\/wp-json\/wp\/v2\/product"}],"about":[{"href":"https:\/\/longchangchemical.com\/it\/wp-json\/wp\/v2\/types\/product"}],"replies":[{"embeddable":true,"href":"https:\/\/longchangchemical.com\/it\/wp-json\/wp\/v2\/comments?post=4259"}],"wp:featuredmedia":[{"embeddable":true,"href":"https:\/\/longchangchemical.com\/it\/wp-json\/wp\/v2\/media\/6427"}],"wp:attachment":[{"href":"https:\/\/longchangchemical.com\/it\/wp-json\/wp\/v2\/media?parent=4259"}],"wp:term":[{"taxonomy":"product_brand","embeddable":true,"href":"https:\/\/longchangchemical.com\/it\/wp-json\/wp\/v2\/product_brand?post=4259"},{"taxonomy":"product_cat","embeddable":true,"href":"https:\/\/longchangchemical.com\/it\/wp-json\/wp\/v2\/product_cat?post=4259"},{"taxonomy":"product_tag","embeddable":true,"href":"https:\/\/longchangchemical.com\/it\/wp-json\/wp\/v2\/product_tag?post=4259"}],"curies":[{"name":"wp","href":"https:\/\/api.w.org\/{rel}","templated":true}]}}