{"id":4230,"date":"2024-01-15T07:44:10","date_gmt":"2024-01-15T07:44:10","guid":{"rendered":"https:\/\/longchangchemical.com\/?post_type=product&#038;p=4230"},"modified":"2025-12-19T09:56:53","modified_gmt":"2025-12-19T09:56:53","slug":"chlorphenesin-cas-104-29-0","status":"publish","type":"product","link":"https:\/\/longchangchemical.com\/it\/product\/chlorphenesin-cas-104-29-0\/","title":{"rendered":"clorfenesina cas 104-29-0"},"content":{"rendered":"<h2><strong>ClorfenesinaPropriet\u00e0 tipiche<\/strong><\/h2>\n<table class=\"table-1\" cellspacing=\"0\">\n<tbody>\n<tr>\n<td><strong>Articoli<\/strong><\/td>\n<td><strong>Specifiche tecniche<\/strong><\/td>\n<\/tr>\n<tr>\n<td>Aspetto<\/td>\n<td>Polvere bianca o quasi bianca<\/td>\n<\/tr>\n<tr>\n<td>Test<\/td>\n<td>\u226599%<\/td>\n<\/tr>\n<tr>\n<td>Punto di fusione<\/td>\n<td>77~825\u2103<\/td>\n<\/tr>\n<tr>\n<td>Chiarezza della soluzione<\/td>\n<td>Incolore, nessuna sostanza in sospensione<\/td>\n<\/tr>\n<tr>\n<td>Arsenico<\/td>\n<td>\u22642 ppm<\/td>\n<\/tr>\n<tr>\n<td>P-Clorofenolo<\/td>\n<td>\u226410 ppm<\/td>\n<\/tr>\n<tr>\n<td>Metallo pesante<\/td>\n<td>\u226410 ppm<\/td>\n<\/tr>\n<tr>\n<td>Perdita all'essiccazione<\/td>\n<td>\u22640,5%<\/td>\n<\/tr>\n<tr>\n<td>Residui di accensione<\/td>\n<td>\u22640,5%<\/td>\n<\/tr>\n<\/tbody>\n<\/table>\n<h2><strong>Uso della clorfenesina<\/strong><\/h2>\n<p>Il clorobenzoato \u00e8 utilizzato principalmente come rilassante muscolare e agisce bloccando la trasmissione degli impulsi nervosi al cervello. Nei cosmetici viene utilizzato come conservante grazie alle sue propriet\u00e0 antimicotiche e antibatteriche. Come conservante, impedisce a vari prodotti di andare incontro a problemi quali variazioni di viscosit\u00e0, variazioni di pH, problemi di demulsificazione, crescita microbica visibile, variazioni di colore e generazione di odori sgradevoli. Oltre al problema delle unghie causato dai funghi, questo ingrediente \u00e8 pi\u00f9 comunemente usato in idratanti per il viso, creme anti-invecchiamento, creme solari, fondotinta, creme per gli occhi, detergenti, mascara e correttori.<\/p>\n<p>In medicina, i preparati a base di clorfenone sono agenti immunosoppressivi legati all'antigene che inibiscono il rilascio di istamina mediato dall'ige. L'etere di clorofene \u00e8 anche un farmaco antimicotico, adatto per la terapia antimicotica, batterica, delle muffe vaginali e della tricomoniasi, e ha molte forme di dosaggio farmaceutico.<\/p>\n<p>Per quanto riguarda i cosmetici, il clorfene etere \u00e8 utilizzato come battericida cosmetico nell'International Cosmetic Ingredient Dictionary and Handbook. Il clorobenzoato pu\u00f2 resistere efficacemente ai batteri Gram-positivi e Gram-negativi, in particolare contro Aspergillus niger iml149007 e Penicillium chrysogenum imi87160 (funghi) ha una forte attivit\u00e0 battericida e ha un buon effetto inibitorio su Candida albicans ncpf3179 e Saccharomyces cerevisiae ncpf3275 (lievito). Negli ultimi dieci anni, la clorfeniramina \u00e8 stata utilizzata all'estero per produrre dentifrici farmaceutici, smalti per unghie, saponi, saponette, shampoo e prodotti per la cura della pelle.<\/p>\n<ol>\n<li><strong>Prodotti cosmetici e per la cura della pelle:<\/strong> La clorfenesina, con numero CAS 104-29-0, \u00e8 comunemente utilizzata nei cosmetici e nei prodotti per la cura della pelle. Serve come conservante e agente antimicrobico, contribuendo alla stabilit\u00e0 e alla sicurezza di varie formulazioni.<\/li>\n<li><strong>Prodotti farmaceutici:<\/strong> Questo composto trova applicazione nell'industria farmaceutica. La clorfenesina \u00e8 utilizzata in alcune formulazioni farmacologiche, in particolare nei farmaci e negli unguenti per uso topico.<\/li>\n<li><strong>Prodotti per la cura della persona:<\/strong> La clorfenesina pu\u00f2 essere impiegata in prodotti per la cura della persona come lozioni, creme e shampoo. Le sue propriet\u00e0 antimicrobiche la rendono utile per preservare l'integrit\u00e0 di questi prodotti.<\/li>\n<li><strong>Applicazioni mediche:<\/strong> Nelle applicazioni mediche, la clorfenesina pu\u00f2 essere utilizzata come ingrediente in alcuni prodotti sanitari, tra cui soluzioni antisettiche e formulazioni per la cura delle ferite.<\/li>\n<\/ol>\n<h2><strong>ClorfenesinaImballaggio e spedizione<\/strong><\/h2>\n<p>25 kg\/tamburo<\/p>\n<h2><strong><b>Contattateci ora!<\/b><\/strong><\/h2>\n<h4><strong><b>Se avete bisogno di COA, MSDS o TDS, inserite i vostri dati di contatto nel modulo sottostante; di solito vi contatteremo entro 24 ore. Potete anche inviarmi un'e-mail <span style=\"color: #0000ff;\"><a style=\"color: #0000ff;\" href=\"mailto:info@longchangchemical.com\">info@longchangchemical.com<\/a><\/span> durante l'orario di lavoro (dalle 8:30 alle 18:00 UTC+8 lun.-sab.) o utilizzare la live chat del sito web per ottenere una risposta immediata.<\/b><\/strong><\/h4>","protected":false},"excerpt":{"rendered":"<h2><strong>ClorfenesinaDettagli rapidi<\/strong><\/h2>\n<p>Nome chimico: Clorfenesina<\/p>\n<p>N. CAS: 104-29-0<\/p>\n<p>Fomula molecolare: C9H11ClO3<\/p>\n<p>Peso molecolare: 202,63<\/p>\n<p>Struttura chimica:<img decoding=\"async\" title=\"Struttura della clorfenesina\" src=\"https:\/\/www.longchangchemical.com\/wp-content\/uploads\/product-details\/20200616156648.png\" alt=\"Struttura della clorfenesina\" width=\"238\" height=\"60\" border=\"0\" vspace=\"0\" \/><\/p>\n<p>Aspetto: polvere bianca o quasi bianca<\/p>\n<p>Test:\u226599.0%<\/p>","protected":false},"featured_media":6465,"comment_status":"open","ping_status":"closed","template":"","meta":[],"product_brand":[],"product_cat":[69],"product_tag":[],"class_list":{"0":"post-4230","1":"product","2":"type-product","3":"status-publish","4":"has-post-thumbnail","6":"product_cat-catalysts-chemical-auxiliary-agents","8":"first","9":"instock","10":"shipping-taxable","11":"product-type-simple"},"yoast_head":"<!-- This site is optimized with the Yoast SEO plugin v25.3.1 - https:\/\/yoast.com\/wordpress\/plugins\/seo\/ -->\n<title>China Chlorphenesin Manufacturer CAS 104-29-0 -Longchang Chemical<\/title>\n<meta name=\"description\" content=\"chlorphenesin cas 104-29-0 is key product of Longchang Chemical. We provide best price. We are the leading manufacturer and supplier in China with the best quanlity and competitive price.\" \/>\n<meta name=\"robots\" content=\"index, follow, max-snippet:-1, max-image-preview:large, max-video-preview:-1\" \/>\n<link rel=\"canonical\" href=\"https:\/\/longchangchemical.com\/it\/product\/chlorphenesin-cas-104-29-0\/\" \/>\n<meta property=\"og:locale\" content=\"it_IT\" \/>\n<meta property=\"og:type\" content=\"article\" \/>\n<meta property=\"og:title\" content=\"China Chlorphenesin Manufacturer CAS 104-29-0 -Longchang Chemical\" \/>\n<meta property=\"og:description\" content=\"chlorphenesin cas 104-29-0 is key product of Longchang Chemical. We provide best price. We are the leading manufacturer and supplier in China with the best quanlity and competitive price.\" \/>\n<meta property=\"og:url\" content=\"https:\/\/longchangchemical.com\/it\/product\/chlorphenesin-cas-104-29-0\/\" \/>\n<meta property=\"og:site_name\" content=\"Longchang Chemical\" \/>\n<meta property=\"article:modified_time\" content=\"2025-12-19T09:56:53+00:00\" \/>\n<meta property=\"og:image\" content=\"https:\/\/longchangchemical.com\/wp-content\/uploads\/2021\/01\/5-5.jpg\" \/>\n\t<meta property=\"og:image:width\" content=\"800\" \/>\n\t<meta property=\"og:image:height\" content=\"800\" \/>\n\t<meta property=\"og:image:type\" content=\"image\/jpeg\" \/>\n<meta name=\"twitter:card\" content=\"summary_large_image\" \/>\n<script type=\"application\/ld+json\" class=\"yoast-schema-graph\">{\"@context\":\"https:\/\/schema.org\",\"@graph\":[{\"@type\":\"WebPage\",\"@id\":\"https:\/\/longchangchemical.com\/product\/chlorphenesin-cas-104-29-0\/\",\"url\":\"https:\/\/longchangchemical.com\/product\/chlorphenesin-cas-104-29-0\/\",\"name\":\"China Chlorphenesin Manufacturer CAS 104-29-0 -Longchang Chemical\",\"isPartOf\":{\"@id\":\"https:\/\/longchangchemical.com\/#website\"},\"primaryImageOfPage\":{\"@id\":\"https:\/\/longchangchemical.com\/product\/chlorphenesin-cas-104-29-0\/#primaryimage\"},\"image\":{\"@id\":\"https:\/\/longchangchemical.com\/product\/chlorphenesin-cas-104-29-0\/#primaryimage\"},\"thumbnailUrl\":\"https:\/\/longchangchemical.com\/wp-content\/uploads\/2021\/01\/5-5.jpg\",\"datePublished\":\"2024-01-15T07:44:10+00:00\",\"dateModified\":\"2025-12-19T09:56:53+00:00\",\"description\":\"chlorphenesin cas 104-29-0 is key product of Longchang Chemical. We provide best price. We are the leading manufacturer and supplier in China with the best quanlity and competitive price.\",\"breadcrumb\":{\"@id\":\"https:\/\/longchangchemical.com\/product\/chlorphenesin-cas-104-29-0\/#breadcrumb\"},\"inLanguage\":\"it-IT\",\"potentialAction\":[{\"@type\":\"ReadAction\",\"target\":[\"https:\/\/longchangchemical.com\/product\/chlorphenesin-cas-104-29-0\/\"]}]},{\"@type\":\"ImageObject\",\"inLanguage\":\"it-IT\",\"@id\":\"https:\/\/longchangchemical.com\/product\/chlorphenesin-cas-104-29-0\/#primaryimage\",\"url\":\"https:\/\/longchangchemical.com\/wp-content\/uploads\/2021\/01\/5-5.jpg\",\"contentUrl\":\"https:\/\/longchangchemical.com\/wp-content\/uploads\/2021\/01\/5-5.jpg\",\"width\":800,\"height\":800,\"caption\":\"chlorphenesin cas 104-29-0\"},{\"@type\":\"BreadcrumbList\",\"@id\":\"https:\/\/longchangchemical.com\/product\/chlorphenesin-cas-104-29-0\/#breadcrumb\",\"itemListElement\":[{\"@type\":\"ListItem\",\"position\":1,\"name\":\"Home\",\"item\":\"https:\/\/longchangchemical.com\/\"},{\"@type\":\"ListItem\",\"position\":2,\"name\":\"Products Longchang\",\"item\":\"https:\/\/longchangchemical.com\/product\/\"},{\"@type\":\"ListItem\",\"position\":3,\"name\":\"chlorphenesin cas 104-29-0\"}]},{\"@type\":\"WebSite\",\"@id\":\"https:\/\/longchangchemical.com\/#website\",\"url\":\"https:\/\/longchangchemical.com\/\",\"name\":\"Longchang Chemical\",\"description\":\"China chemical manufacturer \uff06 supplier\",\"publisher\":{\"@id\":\"https:\/\/longchangchemical.com\/#organization\"},\"potentialAction\":[{\"@type\":\"SearchAction\",\"target\":{\"@type\":\"EntryPoint\",\"urlTemplate\":\"https:\/\/longchangchemical.com\/?s={search_term_string}\"},\"query-input\":{\"@type\":\"PropertyValueSpecification\",\"valueRequired\":true,\"valueName\":\"search_term_string\"}}],\"inLanguage\":\"it-IT\"},{\"@type\":\"Organization\",\"@id\":\"https:\/\/longchangchemical.com\/#organization\",\"name\":\"Longchang Chemical\",\"url\":\"https:\/\/longchangchemical.com\/\",\"logo\":{\"@type\":\"ImageObject\",\"inLanguage\":\"it-IT\",\"@id\":\"https:\/\/longchangchemical.com\/#\/schema\/logo\/image\/\",\"url\":\"https:\/\/longchangchemical.com\/wp-content\/uploads\/2020\/08\/cropped-longchang-logo.png\",\"contentUrl\":\"https:\/\/longchangchemical.com\/wp-content\/uploads\/2020\/08\/cropped-longchang-logo.png\",\"width\":512,\"height\":512,\"caption\":\"Longchang Chemical\"},\"image\":{\"@id\":\"https:\/\/longchangchemical.com\/#\/schema\/logo\/image\/\"}}]}<\/script>\n<!-- \/ Yoast SEO plugin. -->","yoast_head_json":{"title":"Cina Clorfenesina Produttore CAS 104-29-0 -Longchang Chemical","description":"La clorfenesina cas 104-29-0 \u00e8 un prodotto chiave di Longchang Chemical. Forniamo il miglior prezzo. Siamo il principale produttore e fornitore in Cina con la migliore qualit\u00e0 e prezzo competitivo.","robots":{"index":"index","follow":"follow","max-snippet":"max-snippet:-1","max-image-preview":"max-image-preview:large","max-video-preview":"max-video-preview:-1"},"canonical":"https:\/\/longchangchemical.com\/it\/product\/chlorphenesin-cas-104-29-0\/","og_locale":"it_IT","og_type":"article","og_title":"China Chlorphenesin Manufacturer CAS 104-29-0 -Longchang Chemical","og_description":"chlorphenesin cas 104-29-0 is key product of Longchang Chemical. We provide best price. We are the leading manufacturer and supplier in China with the best quanlity and competitive price.","og_url":"https:\/\/longchangchemical.com\/it\/product\/chlorphenesin-cas-104-29-0\/","og_site_name":"Longchang Chemical","article_modified_time":"2025-12-19T09:56:53+00:00","og_image":[{"width":800,"height":800,"url":"https:\/\/longchangchemical.com\/wp-content\/uploads\/2021\/01\/5-5.jpg","type":"image\/jpeg"}],"twitter_card":"summary_large_image","schema":{"@context":"https:\/\/schema.org","@graph":[{"@type":"WebPage","@id":"https:\/\/longchangchemical.com\/product\/chlorphenesin-cas-104-29-0\/","url":"https:\/\/longchangchemical.com\/product\/chlorphenesin-cas-104-29-0\/","name":"Cina Clorfenesina Produttore CAS 104-29-0 -Longchang Chemical","isPartOf":{"@id":"https:\/\/longchangchemical.com\/#website"},"primaryImageOfPage":{"@id":"https:\/\/longchangchemical.com\/product\/chlorphenesin-cas-104-29-0\/#primaryimage"},"image":{"@id":"https:\/\/longchangchemical.com\/product\/chlorphenesin-cas-104-29-0\/#primaryimage"},"thumbnailUrl":"https:\/\/longchangchemical.com\/wp-content\/uploads\/2021\/01\/5-5.jpg","datePublished":"2024-01-15T07:44:10+00:00","dateModified":"2025-12-19T09:56:53+00:00","description":"La clorfenesina cas 104-29-0 \u00e8 un prodotto chiave di Longchang Chemical. Forniamo il miglior prezzo. Siamo il principale produttore e fornitore in Cina con la migliore qualit\u00e0 e prezzo competitivo.","breadcrumb":{"@id":"https:\/\/longchangchemical.com\/product\/chlorphenesin-cas-104-29-0\/#breadcrumb"},"inLanguage":"it-IT","potentialAction":[{"@type":"ReadAction","target":["https:\/\/longchangchemical.com\/product\/chlorphenesin-cas-104-29-0\/"]}]},{"@type":"ImageObject","inLanguage":"it-IT","@id":"https:\/\/longchangchemical.com\/product\/chlorphenesin-cas-104-29-0\/#primaryimage","url":"https:\/\/longchangchemical.com\/wp-content\/uploads\/2021\/01\/5-5.jpg","contentUrl":"https:\/\/longchangchemical.com\/wp-content\/uploads\/2021\/01\/5-5.jpg","width":800,"height":800,"caption":"chlorphenesin cas 104-29-0"},{"@type":"BreadcrumbList","@id":"https:\/\/longchangchemical.com\/product\/chlorphenesin-cas-104-29-0\/#breadcrumb","itemListElement":[{"@type":"ListItem","position":1,"name":"Home","item":"https:\/\/longchangchemical.com\/"},{"@type":"ListItem","position":2,"name":"Products Longchang","item":"https:\/\/longchangchemical.com\/product\/"},{"@type":"ListItem","position":3,"name":"chlorphenesin cas 104-29-0"}]},{"@type":"WebSite","@id":"https:\/\/longchangchemical.com\/#website","url":"https:\/\/longchangchemical.com\/","name":"Longchang Chemical","description":"Cina produttore di prodotti chimici \uff06 fornitore","publisher":{"@id":"https:\/\/longchangchemical.com\/#organization"},"potentialAction":[{"@type":"SearchAction","target":{"@type":"EntryPoint","urlTemplate":"https:\/\/longchangchemical.com\/?s={search_term_string}"},"query-input":{"@type":"PropertyValueSpecification","valueRequired":true,"valueName":"search_term_string"}}],"inLanguage":"it-IT"},{"@type":"Organization","@id":"https:\/\/longchangchemical.com\/#organization","name":"Longchang Chemical","url":"https:\/\/longchangchemical.com\/","logo":{"@type":"ImageObject","inLanguage":"it-IT","@id":"https:\/\/longchangchemical.com\/#\/schema\/logo\/image\/","url":"https:\/\/longchangchemical.com\/wp-content\/uploads\/2020\/08\/cropped-longchang-logo.png","contentUrl":"https:\/\/longchangchemical.com\/wp-content\/uploads\/2020\/08\/cropped-longchang-logo.png","width":512,"height":512,"caption":"Longchang Chemical"},"image":{"@id":"https:\/\/longchangchemical.com\/#\/schema\/logo\/image\/"}}]}},"_links":{"self":[{"href":"https:\/\/longchangchemical.com\/it\/wp-json\/wp\/v2\/product\/4230","targetHints":{"allow":["GET"]}}],"collection":[{"href":"https:\/\/longchangchemical.com\/it\/wp-json\/wp\/v2\/product"}],"about":[{"href":"https:\/\/longchangchemical.com\/it\/wp-json\/wp\/v2\/types\/product"}],"replies":[{"embeddable":true,"href":"https:\/\/longchangchemical.com\/it\/wp-json\/wp\/v2\/comments?post=4230"}],"wp:featuredmedia":[{"embeddable":true,"href":"https:\/\/longchangchemical.com\/it\/wp-json\/wp\/v2\/media\/6465"}],"wp:attachment":[{"href":"https:\/\/longchangchemical.com\/it\/wp-json\/wp\/v2\/media?parent=4230"}],"wp:term":[{"taxonomy":"product_brand","embeddable":true,"href":"https:\/\/longchangchemical.com\/it\/wp-json\/wp\/v2\/product_brand?post=4230"},{"taxonomy":"product_cat","embeddable":true,"href":"https:\/\/longchangchemical.com\/it\/wp-json\/wp\/v2\/product_cat?post=4230"},{"taxonomy":"product_tag","embeddable":true,"href":"https:\/\/longchangchemical.com\/it\/wp-json\/wp\/v2\/product_tag?post=4230"}],"curies":[{"name":"wp","href":"https:\/\/api.w.org\/{rel}","templated":true}]}}