{"id":4212,"date":"2024-01-17T01:21:28","date_gmt":"2024-01-17T01:21:28","guid":{"rendered":"https:\/\/longchangchemical.com\/?post_type=product&#038;p=4212"},"modified":"2025-12-17T06:08:49","modified_gmt":"2025-12-17T06:08:49","slug":"anthraquinone-cas-84-65-1","status":"publish","type":"product","link":"https:\/\/longchangchemical.com\/it\/product\/anthraquinone-cas-84-65-1\/","title":{"rendered":"antrachinone cas 84-65-1"},"content":{"rendered":"<h2><strong>AntrachinonePropriet\u00e0 tipiche<\/strong><\/h2>\n<table class=\"table-1\" cellspacing=\"0\">\n<tbody>\n<tr>\n<td>Articolo<\/td>\n<td>Standard<\/td>\n<td>Risultati<\/td>\n<\/tr>\n<tr>\n<td>Aspetto<\/td>\n<td>Polvere giallo chiaro<\/td>\n<td>Conforme<\/td>\n<\/tr>\n<tr>\n<td>La purezza<\/td>\n<td>\u2265 98,0 %<\/td>\n<td>98.6%<\/td>\n<\/tr>\n<tr>\n<td>Punto di fusione iniziale<\/td>\n<td>284 ~ 286 \u00baC<\/td>\n<td>284.2\u2103<\/td>\n<\/tr>\n<tr>\n<td>Perdita all'essiccazione<\/td>\n<td>\u22642%<\/td>\n<td>1.3%<\/td>\n<\/tr>\n<tr>\n<td>Solubilit\u00e0:<\/td>\n<td>Insolubile in acqua, solubile in etere etilico, etanolo e acetone.<\/td>\n<td>Conforme<\/td>\n<\/tr>\n<tr>\n<td>Conclusione<\/td>\n<td colspan=\"2\">Qualificato<\/td>\n<\/tr>\n<\/tbody>\n<\/table>\n<h2><strong>Uso dell'antrachinone<\/strong><\/h2>\n<p>1. Usi Utilizzati come intermedi di tintura, agenti per la cottura della carta e materie prime per il perossido di idrogeno<\/p>\n<p>2. Come coadiuvante per la cottura della pasta di cellulosa e della carta, pu\u00f2 ridurre la quantit\u00e0 di alcali e abbreviare i tempi di cottura.<br \/>\n3. Uso La maggior parte dell'antrachinone \u00e8 utilizzata nei coloranti, ma la quantit\u00e0 di svapalizingaid utilizzata come pasta \u00e8 in rapido aumento.<\/p>\n<p>(1) per la produzione di coloranti l'antrachinone come materia prima, la solfonazione, la clorazione, la nitrificazione, ecc, pu\u00f2 essere una vasta gamma di coloranti intermedi per la produzione di coloranti dispersi di antrachinone, coloranti acidi, coloranti al tino, coloranti di reazione, ecc, per formare un grado di colorante a colori. Secondo le statistiche, i coloranti antrachinonici hanno pi\u00f9 di 400 variet\u00e0, nel campo dei coloranti sintetici occupano una posizione molto importante.<\/p>\n<p>(2) utilizzato come agente di cottura della pasta di carta nel bagno di cottura alcalino, solo aggiungendo una piccola quantit\u00e0 di antrachinone \u00e8 possibile accelerare la delignificazione, abbreviare il tempo di cottura, migliorare la resa della pasta e ridurre il carico di rifiuti. Attualmente sono sempre pi\u00f9 numerose le cartiere che utilizzano additivi a base di antrachinone. Il consumo di antrachinone come additivo di cottura \u00e8 cresciuto rapidamente. Antrachinone e altre applicazioni. I composti di antrachinone possono essere utilizzati per la produzione di alte concentrazioni di perossido di idrogeno; nell'industria dei fertilizzanti per produrre l'agente desolforante antrachinone disolfonato. Utilizzati nell'industria della stampa e della tintura come coadiuvanti di dosaggio.<br \/>\n4. Uso della sintesi organica di intermedi per coloranti di alto livello, come i coloranti indantrene riduttivi, i coloranti acidi, alcuni coloranti attivi importanti materie prime. Utilizzato come agente di cottura della carta e materie prime del perossido di idrogeno, pu\u00f2 ridurre la quantit\u00e0 di alcali e abbreviare il tempo di cottura. Utilizzato come agente di cottura della pasta di carta nel bagno di cottura alcalino, aggiungendo solo una piccola quantit\u00e0 di antrachinone, \u00e8 possibile accelerare la velocit\u00e0 di delignificazione, abbreviare il tempo di cottura, migliorare la resa della pasta, ridurre il carico di rifiuti. Attualmente sono sempre pi\u00f9 numerose le cartiere che utilizzano additivi a base di antrachinone.<\/p>\n<h2><strong>Imballaggio e spedizione dell'antrachinone<\/strong><\/h2>\n<p>Imballaggio: 25kg\/sacco<\/p>\n<h2><strong>Antrachinone Stoccaggio<\/strong><\/h2>\n<p>Conservare in un luogo fresco e asciutto, al riparo dalla luce solare diretta.<\/p>","protected":false},"excerpt":{"rendered":"<h2><strong>Antrachinone Dettagli rapidi<\/strong><\/h2>\n<p>Nome chimico: Antrachinone<\/p>\n<p>N. CAS: 84-65-1<\/p>\n<p>Formula molecolare: C14H8O2<\/p>\n<p>Peso molecolare: 208,21<\/p>\n<p>Struttura chimica:<img decoding=\"async\" title=\"Struttura dell&#039;antrachinone\" src=\"https:\/\/www.longchangchemical.com\/wp-content\/uploads\/product-details\/20200612133635.png\" alt=\"Struttura dell&#039;antrachinone\" width=\"108\" height=\"93\" border=\"0\" vspace=\"0\" \/><\/p>\n<p>Aspetto: polvere giallo chiaro o cristallo aghiforme<\/p>\n<p>Test: 98%min<\/p>","protected":false},"featured_media":6488,"comment_status":"open","ping_status":"closed","template":"","meta":[],"product_brand":[],"product_cat":[69],"product_tag":[],"class_list":{"0":"post-4212","1":"product","2":"type-product","3":"status-publish","4":"has-post-thumbnail","6":"product_cat-catalysts-chemical-auxiliary-agents","8":"first","9":"instock","10":"shipping-taxable","11":"product-type-simple"},"yoast_head":"<!-- This site is optimized with the Yoast SEO plugin v25.3.1 - https:\/\/yoast.com\/wordpress\/plugins\/seo\/ -->\n<title>China Anthraquinone Manufacturer CAS 84-65-1 -Longchang Chemical<\/title>\n<meta name=\"description\" content=\"anthraquinone cas 84-65-1 is key product of Longchang Chemical. We provide best price. We are the leading manufacturer and supplier in China with the best quanlity and competitive price.\" \/>\n<meta name=\"robots\" content=\"index, follow, max-snippet:-1, max-image-preview:large, max-video-preview:-1\" \/>\n<link rel=\"canonical\" href=\"https:\/\/longchangchemical.com\/it\/product\/anthraquinone-cas-84-65-1\/\" \/>\n<meta property=\"og:locale\" content=\"it_IT\" \/>\n<meta property=\"og:type\" content=\"article\" \/>\n<meta property=\"og:title\" content=\"China Anthraquinone Manufacturer CAS 84-65-1 -Longchang Chemical\" \/>\n<meta property=\"og:description\" content=\"anthraquinone cas 84-65-1 is key product of Longchang Chemical. We provide best price. We are the leading manufacturer and supplier in China with the best quanlity and competitive price.\" \/>\n<meta property=\"og:url\" content=\"https:\/\/longchangchemical.com\/it\/product\/anthraquinone-cas-84-65-1\/\" \/>\n<meta property=\"og:site_name\" content=\"Longchang Chemical\" \/>\n<meta property=\"article:modified_time\" content=\"2025-12-17T06:08:49+00:00\" \/>\n<meta property=\"og:image\" content=\"https:\/\/longchangchemical.com\/wp-content\/uploads\/2021\/01\/2-5.jpg\" \/>\n\t<meta property=\"og:image:width\" content=\"800\" \/>\n\t<meta property=\"og:image:height\" content=\"800\" \/>\n\t<meta property=\"og:image:type\" content=\"image\/jpeg\" \/>\n<meta name=\"twitter:card\" content=\"summary_large_image\" \/>\n<script type=\"application\/ld+json\" class=\"yoast-schema-graph\">{\"@context\":\"https:\/\/schema.org\",\"@graph\":[{\"@type\":\"WebPage\",\"@id\":\"https:\/\/longchangchemical.com\/product\/anthraquinone-cas-84-65-1\/\",\"url\":\"https:\/\/longchangchemical.com\/product\/anthraquinone-cas-84-65-1\/\",\"name\":\"China Anthraquinone Manufacturer CAS 84-65-1 -Longchang Chemical\",\"isPartOf\":{\"@id\":\"https:\/\/longchangchemical.com\/#website\"},\"primaryImageOfPage\":{\"@id\":\"https:\/\/longchangchemical.com\/product\/anthraquinone-cas-84-65-1\/#primaryimage\"},\"image\":{\"@id\":\"https:\/\/longchangchemical.com\/product\/anthraquinone-cas-84-65-1\/#primaryimage\"},\"thumbnailUrl\":\"https:\/\/longchangchemical.com\/wp-content\/uploads\/2021\/01\/2-5.jpg\",\"datePublished\":\"2024-01-17T01:21:28+00:00\",\"dateModified\":\"2025-12-17T06:08:49+00:00\",\"description\":\"anthraquinone cas 84-65-1 is key product of Longchang Chemical. We provide best price. We are the leading manufacturer and supplier in China with the best quanlity and competitive price.\",\"breadcrumb\":{\"@id\":\"https:\/\/longchangchemical.com\/product\/anthraquinone-cas-84-65-1\/#breadcrumb\"},\"inLanguage\":\"it-IT\",\"potentialAction\":[{\"@type\":\"ReadAction\",\"target\":[\"https:\/\/longchangchemical.com\/product\/anthraquinone-cas-84-65-1\/\"]}]},{\"@type\":\"ImageObject\",\"inLanguage\":\"it-IT\",\"@id\":\"https:\/\/longchangchemical.com\/product\/anthraquinone-cas-84-65-1\/#primaryimage\",\"url\":\"https:\/\/longchangchemical.com\/wp-content\/uploads\/2021\/01\/2-5.jpg\",\"contentUrl\":\"https:\/\/longchangchemical.com\/wp-content\/uploads\/2021\/01\/2-5.jpg\",\"width\":800,\"height\":800,\"caption\":\"anthraquinone cas 84-65-1\"},{\"@type\":\"BreadcrumbList\",\"@id\":\"https:\/\/longchangchemical.com\/product\/anthraquinone-cas-84-65-1\/#breadcrumb\",\"itemListElement\":[{\"@type\":\"ListItem\",\"position\":1,\"name\":\"Home\",\"item\":\"https:\/\/longchangchemical.com\/\"},{\"@type\":\"ListItem\",\"position\":2,\"name\":\"Products Longchang\",\"item\":\"https:\/\/longchangchemical.com\/product\/\"},{\"@type\":\"ListItem\",\"position\":3,\"name\":\"anthraquinone cas 84-65-1\"}]},{\"@type\":\"WebSite\",\"@id\":\"https:\/\/longchangchemical.com\/#website\",\"url\":\"https:\/\/longchangchemical.com\/\",\"name\":\"Longchang Chemical\",\"description\":\"China chemical manufacturer \uff06 supplier\",\"publisher\":{\"@id\":\"https:\/\/longchangchemical.com\/#organization\"},\"potentialAction\":[{\"@type\":\"SearchAction\",\"target\":{\"@type\":\"EntryPoint\",\"urlTemplate\":\"https:\/\/longchangchemical.com\/?s={search_term_string}\"},\"query-input\":{\"@type\":\"PropertyValueSpecification\",\"valueRequired\":true,\"valueName\":\"search_term_string\"}}],\"inLanguage\":\"it-IT\"},{\"@type\":\"Organization\",\"@id\":\"https:\/\/longchangchemical.com\/#organization\",\"name\":\"Longchang Chemical\",\"url\":\"https:\/\/longchangchemical.com\/\",\"logo\":{\"@type\":\"ImageObject\",\"inLanguage\":\"it-IT\",\"@id\":\"https:\/\/longchangchemical.com\/#\/schema\/logo\/image\/\",\"url\":\"https:\/\/longchangchemical.com\/wp-content\/uploads\/2020\/08\/cropped-longchang-logo.png\",\"contentUrl\":\"https:\/\/longchangchemical.com\/wp-content\/uploads\/2020\/08\/cropped-longchang-logo.png\",\"width\":512,\"height\":512,\"caption\":\"Longchang Chemical\"},\"image\":{\"@id\":\"https:\/\/longchangchemical.com\/#\/schema\/logo\/image\/\"}}]}<\/script>\n<!-- \/ Yoast SEO plugin. -->","yoast_head_json":{"title":"Cina Antrachinone Fornitore CAS 84-65-1 -Longchang Chemical","description":"L'antrachinone cas 84-65-1 \u00e8 un prodotto chiave di Longchang Chemical. Forniamo il miglior prezzo. Siamo il principale produttore e fornitore in Cina con la migliore quanlity e il prezzo competitivo.","robots":{"index":"index","follow":"follow","max-snippet":"max-snippet:-1","max-image-preview":"max-image-preview:large","max-video-preview":"max-video-preview:-1"},"canonical":"https:\/\/longchangchemical.com\/it\/product\/anthraquinone-cas-84-65-1\/","og_locale":"it_IT","og_type":"article","og_title":"China Anthraquinone Manufacturer CAS 84-65-1 -Longchang Chemical","og_description":"anthraquinone cas 84-65-1 is key product of Longchang Chemical. We provide best price. We are the leading manufacturer and supplier in China with the best quanlity and competitive price.","og_url":"https:\/\/longchangchemical.com\/it\/product\/anthraquinone-cas-84-65-1\/","og_site_name":"Longchang Chemical","article_modified_time":"2025-12-17T06:08:49+00:00","og_image":[{"width":800,"height":800,"url":"https:\/\/longchangchemical.com\/wp-content\/uploads\/2021\/01\/2-5.jpg","type":"image\/jpeg"}],"twitter_card":"summary_large_image","schema":{"@context":"https:\/\/schema.org","@graph":[{"@type":"WebPage","@id":"https:\/\/longchangchemical.com\/product\/anthraquinone-cas-84-65-1\/","url":"https:\/\/longchangchemical.com\/product\/anthraquinone-cas-84-65-1\/","name":"Cina Antrachinone Fornitore CAS 84-65-1 -Longchang Chemical","isPartOf":{"@id":"https:\/\/longchangchemical.com\/#website"},"primaryImageOfPage":{"@id":"https:\/\/longchangchemical.com\/product\/anthraquinone-cas-84-65-1\/#primaryimage"},"image":{"@id":"https:\/\/longchangchemical.com\/product\/anthraquinone-cas-84-65-1\/#primaryimage"},"thumbnailUrl":"https:\/\/longchangchemical.com\/wp-content\/uploads\/2021\/01\/2-5.jpg","datePublished":"2024-01-17T01:21:28+00:00","dateModified":"2025-12-17T06:08:49+00:00","description":"L'antrachinone cas 84-65-1 \u00e8 un prodotto chiave di Longchang Chemical. Forniamo il miglior prezzo. Siamo il principale produttore e fornitore in Cina con la migliore quanlity e il prezzo competitivo.","breadcrumb":{"@id":"https:\/\/longchangchemical.com\/product\/anthraquinone-cas-84-65-1\/#breadcrumb"},"inLanguage":"it-IT","potentialAction":[{"@type":"ReadAction","target":["https:\/\/longchangchemical.com\/product\/anthraquinone-cas-84-65-1\/"]}]},{"@type":"ImageObject","inLanguage":"it-IT","@id":"https:\/\/longchangchemical.com\/product\/anthraquinone-cas-84-65-1\/#primaryimage","url":"https:\/\/longchangchemical.com\/wp-content\/uploads\/2021\/01\/2-5.jpg","contentUrl":"https:\/\/longchangchemical.com\/wp-content\/uploads\/2021\/01\/2-5.jpg","width":800,"height":800,"caption":"anthraquinone cas 84-65-1"},{"@type":"BreadcrumbList","@id":"https:\/\/longchangchemical.com\/product\/anthraquinone-cas-84-65-1\/#breadcrumb","itemListElement":[{"@type":"ListItem","position":1,"name":"Home","item":"https:\/\/longchangchemical.com\/"},{"@type":"ListItem","position":2,"name":"Products Longchang","item":"https:\/\/longchangchemical.com\/product\/"},{"@type":"ListItem","position":3,"name":"anthraquinone cas 84-65-1"}]},{"@type":"WebSite","@id":"https:\/\/longchangchemical.com\/#website","url":"https:\/\/longchangchemical.com\/","name":"Longchang Chemical","description":"Cina produttore di prodotti chimici \uff06 fornitore","publisher":{"@id":"https:\/\/longchangchemical.com\/#organization"},"potentialAction":[{"@type":"SearchAction","target":{"@type":"EntryPoint","urlTemplate":"https:\/\/longchangchemical.com\/?s={search_term_string}"},"query-input":{"@type":"PropertyValueSpecification","valueRequired":true,"valueName":"search_term_string"}}],"inLanguage":"it-IT"},{"@type":"Organization","@id":"https:\/\/longchangchemical.com\/#organization","name":"Longchang Chemical","url":"https:\/\/longchangchemical.com\/","logo":{"@type":"ImageObject","inLanguage":"it-IT","@id":"https:\/\/longchangchemical.com\/#\/schema\/logo\/image\/","url":"https:\/\/longchangchemical.com\/wp-content\/uploads\/2020\/08\/cropped-longchang-logo.png","contentUrl":"https:\/\/longchangchemical.com\/wp-content\/uploads\/2020\/08\/cropped-longchang-logo.png","width":512,"height":512,"caption":"Longchang Chemical"},"image":{"@id":"https:\/\/longchangchemical.com\/#\/schema\/logo\/image\/"}}]}},"_links":{"self":[{"href":"https:\/\/longchangchemical.com\/it\/wp-json\/wp\/v2\/product\/4212","targetHints":{"allow":["GET"]}}],"collection":[{"href":"https:\/\/longchangchemical.com\/it\/wp-json\/wp\/v2\/product"}],"about":[{"href":"https:\/\/longchangchemical.com\/it\/wp-json\/wp\/v2\/types\/product"}],"replies":[{"embeddable":true,"href":"https:\/\/longchangchemical.com\/it\/wp-json\/wp\/v2\/comments?post=4212"}],"wp:featuredmedia":[{"embeddable":true,"href":"https:\/\/longchangchemical.com\/it\/wp-json\/wp\/v2\/media\/6488"}],"wp:attachment":[{"href":"https:\/\/longchangchemical.com\/it\/wp-json\/wp\/v2\/media?parent=4212"}],"wp:term":[{"taxonomy":"product_brand","embeddable":true,"href":"https:\/\/longchangchemical.com\/it\/wp-json\/wp\/v2\/product_brand?post=4212"},{"taxonomy":"product_cat","embeddable":true,"href":"https:\/\/longchangchemical.com\/it\/wp-json\/wp\/v2\/product_cat?post=4212"},{"taxonomy":"product_tag","embeddable":true,"href":"https:\/\/longchangchemical.com\/it\/wp-json\/wp\/v2\/product_tag?post=4212"}],"curies":[{"name":"wp","href":"https:\/\/api.w.org\/{rel}","templated":true}]}}