{"id":4149,"date":"2021-05-26T08:42:37","date_gmt":"2021-05-26T08:42:37","guid":{"rendered":"https:\/\/longchangchemical.com\/?post_type=product&#038;p=4149"},"modified":"2025-12-22T08:10:08","modified_gmt":"2025-12-22T08:10:08","slug":"2-hea-cas-818-61-1","status":"publish","type":"product","link":"https:\/\/longchangchemical.com\/it\/product\/2-hea-cas-818-61-1\/","title":{"rendered":"2-Idrossietil acrilato CAS 818-61-1"},"content":{"rendered":"<h1><strong>2-Idrossietil acrilato CAS 818-61-1<\/strong><\/h1>\n<table class=\"table-1\" cellspacing=\"0\">\n<tbody>\n<tr>\n<td>Articolo<\/td>\n<td>Specifiche<\/td>\n<\/tr>\n<tr>\n<td>Aspetto<\/td>\n<td>Liquido incolore e trasparente<\/td>\n<\/tr>\n<tr>\n<td>Peso specifico (20\/210F)<\/td>\n<td>1.1098<\/td>\n<\/tr>\n<tr>\n<td>Punto di congelamento<\/td>\n<td>\uff1c-70\u2103<\/td>\n<\/tr>\n<tr>\n<td>Punto di ebollizione<\/td>\n<td>82\/5mmHg<\/td>\n<\/tr>\n<tr>\n<td>Viscosit\u00e0<\/td>\n<td>5-15<\/td>\n<\/tr>\n<tr>\n<td>Punto di infiammabilit\u00e0<\/td>\n<td>99\u2103<\/td>\n<\/tr>\n<tr>\n<td>Test (GC)<\/td>\n<td>91%,93%,95%,97%<\/td>\n<\/tr>\n<tr>\n<td>Contenuto di esteri<\/td>\n<td>99%min<\/td>\n<\/tr>\n<\/tbody>\n<\/table>\n<h2><\/h2>\n<h2><strong>Acrilato di 2-idrossietile Uso<\/strong><\/h2>\n<h4>1. L'acrilato di 2-idrossietile \u00e8 utilizzato principalmente come diluente reattivo e agente reticolante nei sistemi di polimerizzazione a radiazione, e pu\u00f2 essere utilizzato anche come agente reticolante di resina, modificatore di plastica e gomma.<\/h4>\n<h4>2. Il 2-idrossietil acrilato \u00e8 utilizzato nelle vernici per legno, negli inchiostri da stampa e negli adesivi.<\/h4>\n<h4>3. Il 2-idrossietil acrilato \u00e8 utilizzato principalmente per la produzione di rivestimenti acrilici termoindurenti, rivestimenti acrilici fotopolimerizzanti, rivestimenti fotosensibili, adesivi, agenti per il trattamento dei tessuti, lavorazione della carta, stabilizzatori della qualit\u00e0 dell'acqua e materiali polimerici. Ha le caratteristiche di un basso utilizzo, ma pu\u00f2 migliorare significativamente le prestazioni del prodotto.<\/h4>\n<p>&nbsp;<\/p>\n<h2><strong>Imballaggio e spedizione del 2-idrossietil acrilato<\/strong><\/h2>\n<h4>Imballaggio: 200 kg\/fusto; 1000 kg fusto IBC<\/h4>\n<h4>Consegna: UN 2922<\/h4>\n<h4>Classe DG: 8 6.1 classe<\/h4>\n<p>&nbsp;<\/p>\n<h2><strong>Stoccaggio del 2-idrossietil acrilato<\/strong><\/h2>\n<h4>Conservare in un luogo fresco e asciutto, al riparo dalla luce solare diretta.<\/h4>\n<p>&nbsp;<\/p>\n<h2><strong><b>Contattateci ora!<\/b><\/strong><\/h2>\n<h4><strong><b>Se avete bisogno di COA, MSDS o TDS, inserite i vostri dati di contatto nel modulo sottostante; di solito vi contatteremo entro 24 ore. Potete anche inviarmi un'e-mail <span style=\"color: #0000ff;\"><a style=\"color: #0000ff;\" href=\"mailto:info@longchangchemical.com\">info@longchangchemical.com<\/a><\/span> durante l'orario di lavoro (dalle 8:30 alle 18:00 UTC+8 lun.-sab.) o utilizzare la live chat del sito web per ottenere una risposta immediata.<\/b><\/strong><\/h4>\n<p><!--more--><\/p>\n<h2><strong>Qual \u00e8 il principio dell'idrossietilacrilato nei prodotti per la cura della pelle?<\/strong><\/h2>\n<p>1. Idratante<br \/>\nL'acrilato di idrossietile pu\u00f2 essere aggiunto ai prodotti per la cura della pelle come umettante, pu\u00f2 aumentare il contenuto d'acqua della pelle, migliorare la capacit\u00e0 idratante della pelle, prevenire la secchezza della pelle, le screpolature e altri problemi.<br \/>\n2. Anti-invecchiamento<br \/>\nL'idrossietilacrilato \u00e8 in grado di ridurre le rughe e i cedimenti della pelle promuovendo la produzione di collagene, ottenendo cos\u00ec un effetto anti-invecchiamento.<br \/>\n3. Miglioramento del colore della pelle<br \/>\nL'idrossietilacrilato \u00e8 in grado di favorire il metabolismo dello strato corneo e di accelerare il rinnovamento della pelle, migliorandone il colore e rendendola pi\u00f9 luminosa e liscia.<\/p>\n<p>l'efficacia dell'idrossietilacrilato nei prodotti per la cura della pelle<br \/>\n1. Migliora la capacit\u00e0 di idratazione della pelle: l'idrossietilacrilato ha eccellenti propriet\u00e0 idratanti ed \u00e8 particolarmente efficace per la pelle secca.<br \/>\n2. Ridurre le rughe e i cedimenti della pelle: L'acrilato di idrossietile pu\u00f2 promuovere la generazione di collagene, ridurre le rughe della pelle e i cedimenti, in modo che la pelle sia pi\u00f9 soda.<br \/>\n3. Colore della pelle uniforme: l'idrossietilacrilato pu\u00f2 promuovere il metabolismo dello strato corneo, accelerare il rinnovamento della pelle, migliorando cos\u00ec il colore della pelle e riducendo l'aspetto della pigmentazione.<br \/>\n4. Calmante e lenitivo: l'idrossietilacrilato pu\u00f2 migliorare l'adesione della pelle attraverso i dettagli, per prevenire gli stimoli esterni, in modo da ottenere un effetto calmante e lenitivo.<br \/>\nPrecauzioni<br \/>\n1. L'idrossietilacrilato \u00e8 adatto alla formulazione di prodotti per la cura della pelle, ma non pu\u00f2 essere applicato direttamente sulla pelle.<br \/>\n2. Quando si utilizzano prodotti per la cura della pelle, \u00e8 necessario prestare attenzione alla qualit\u00e0 e all'applicabilit\u00e0 del prodotto per evitare reazioni avverse dovute ad allergie cutanee e ad altri motivi.<br \/>\n3. Se si verificano irritazioni cutanee o altri disturbi, interrompere immediatamente l'uso e consultare un medico.<\/p>\n<h2><strong>Qual \u00e8 la quantit\u00e0 appropriata di idrossietilacrilato da aggiungere alla polimerizzazione in emulsione?<\/strong><\/h2>\n<p>La quantit\u00e0 di idrossietilacrilato da aggiungere alla polimerizzazione in emulsione \u00e8 di 1%-5%.<br \/>\nIn primo luogo, il ruolo dell'acrilato idrossietilico<br \/>\nL'idrossietilacrilato \u00e8 un monomero a base acquosa che pu\u00f2 essere aggiunto alla polimerizzazione dell'emulsione per regolare la velocit\u00e0 di reazione della polimerizzazione e migliorare la qualit\u00e0 dell'emulsione. In particolare, pu\u00f2:<br \/>\n1. migliorare la stabilit\u00e0 dell'emulsione, prevenire la rottura, la delaminazione e altri fenomeni.<br \/>\n2. aumentare il tasso di polimerizzazione dell'emulsione, ridurre il tempo di reazione e migliorare l'efficienza produttiva.<br \/>\n3. migliorare le propriet\u00e0 filmogene del polimero, rendendolo pi\u00f9 uniforme e liscio.<br \/>\nIn secondo luogo, la quantit\u00e0 appropriata da aggiungere<br \/>\nSebbene l'idrossietilacrilato abbia molti vantaggi, un'aggiunta eccessiva porta a una reazione di polimerizzazione difficile da controllare, che influisce sulla qualit\u00e0 del prodotto. Pertanto, nella polimerizzazione in emulsione, la quantit\u00e0 di additivo appropriata varia da 1% a 5%. La quantit\u00e0 specifica di additivo deve essere regolata in base ai diversi sistemi e ai requisiti del prodotto. Se la quantit\u00e0 aggiunta \u00e8 troppo bassa, non si sfruttano i suoi vantaggi; se la quantit\u00e0 aggiunta \u00e8 troppo alta, pu\u00f2 compromettere il controllo della reazione di polimerizzazione.<\/p>","protected":false},"excerpt":{"rendered":"<h4>Nome chimico: 2-idrossietil acrilato<\/h4>\n<h4>Altro nome: 2-idrossietil acrilato; 2-HEA; idrossietil acrilato; 2-acrilossi etanolo; acrilato di etilenglicole; acido acrilico 2-idrossietil estere; monoacrilato di etilenglicole<\/h4>\n<h4>N. CAS: 818-61-1<\/h4>\n<h4>Formula molecolare: C5H8O3<\/h4>\n<h4>Struttura chimica:<img decoding=\"async\" title=\"2-Idrossietil acrilato Struttura\" src=\"https:\/\/www.longchangchemical.com\/wp-content\/uploads\/product-details\/20200617111470.png\" alt=\"2-Idrossietil acrilato Struttura\" width=\"202\" height=\"92\" border=\"0\" vspace=\"0\" \/><\/h4>\n<h4>Peso molecolare: 116,12<\/h4>\n<h4>Aspetto: liquido incolore<\/h4>\n<h4>Test: 91%\uff0c93%\uff0c95%\uff0c97%<\/h4>","protected":false},"featured_media":4633,"comment_status":"open","ping_status":"closed","template":"","meta":[],"product_brand":[],"product_cat":[69],"product_tag":[],"class_list":{"0":"post-4149","1":"product","2":"type-product","3":"status-publish","4":"has-post-thumbnail","6":"product_cat-catalysts-chemical-auxiliary-agents","8":"first","9":"instock","10":"shipping-taxable","11":"product-type-simple"},"yoast_head":"<!-- This site is optimized with the Yoast SEO plugin v25.3.1 - https:\/\/yoast.com\/wordpress\/plugins\/seo\/ -->\n<title>China 2-Hydroxyethyl acrylate Manufacturer \uff06 CAS 818-61-1 Supplier - Longchang chemical Co., Ltd.<\/title>\n<meta name=\"description\" content=\"Longchang Chemical is a leading manufacturer and supplier of 2-Hydroxyethyl acrylatein China. Buy 2-Hydroxyethyl acrylate in china. We can provide the best 2-Hydroxyethyl acrylate price. Other Name: 2-Hydroxyethyl acrylate; 2-HEA; Hydroxyethyl acrylate; 2-Acryloyloxy ethanol; Ethylene glycol acrylate; Acrylic acid 2-hydroxyethyl ester; Ethylene glycol monoacrylate\" \/>\n<meta name=\"robots\" content=\"index, follow, max-snippet:-1, max-image-preview:large, max-video-preview:-1\" \/>\n<link rel=\"canonical\" href=\"https:\/\/longchangchemical.com\/it\/product\/2-hea-cas-818-61-1\/\" \/>\n<meta property=\"og:locale\" content=\"it_IT\" \/>\n<meta property=\"og:type\" content=\"article\" \/>\n<meta property=\"og:title\" content=\"China 2-Hydroxyethyl acrylate Manufacturer \uff06 CAS 818-61-1 Supplier - Longchang chemical Co., Ltd.\" \/>\n<meta property=\"og:description\" content=\"Longchang Chemical is a leading manufacturer and supplier of 2-Hydroxyethyl acrylatein China. Buy 2-Hydroxyethyl acrylate in china. We can provide the best 2-Hydroxyethyl acrylate price. Other Name: 2-Hydroxyethyl acrylate; 2-HEA; Hydroxyethyl acrylate; 2-Acryloyloxy ethanol; Ethylene glycol acrylate; Acrylic acid 2-hydroxyethyl ester; Ethylene glycol monoacrylate\" \/>\n<meta property=\"og:url\" content=\"https:\/\/longchangchemical.com\/it\/product\/2-hea-cas-818-61-1\/\" \/>\n<meta property=\"og:site_name\" content=\"Longchang Chemical\" \/>\n<meta property=\"article:modified_time\" content=\"2025-12-22T08:10:08+00:00\" \/>\n<meta property=\"og:image\" content=\"https:\/\/longchangchemical.com\/wp-content\/uploads\/2021\/01\/2-Hydroxyethyl-acrylate-Appearance.jpg\" \/>\n\t<meta property=\"og:image:width\" content=\"600\" \/>\n\t<meta property=\"og:image:height\" content=\"800\" \/>\n\t<meta property=\"og:image:type\" content=\"image\/jpeg\" \/>\n<meta name=\"twitter:card\" content=\"summary_large_image\" \/>\n<script type=\"application\/ld+json\" class=\"yoast-schema-graph\">{\"@context\":\"https:\/\/schema.org\",\"@graph\":[{\"@type\":\"WebPage\",\"@id\":\"https:\/\/longchangchemical.com\/product\/2-hea-cas-818-61-1\/\",\"url\":\"https:\/\/longchangchemical.com\/product\/2-hea-cas-818-61-1\/\",\"name\":\"China 2-Hydroxyethyl acrylate Manufacturer \uff06 CAS 818-61-1 Supplier - Longchang chemical Co., Ltd.\",\"isPartOf\":{\"@id\":\"https:\/\/longchangchemical.com\/#website\"},\"primaryImageOfPage\":{\"@id\":\"https:\/\/longchangchemical.com\/product\/2-hea-cas-818-61-1\/#primaryimage\"},\"image\":{\"@id\":\"https:\/\/longchangchemical.com\/product\/2-hea-cas-818-61-1\/#primaryimage\"},\"thumbnailUrl\":\"https:\/\/longchangchemical.com\/wp-content\/uploads\/2021\/01\/2-Hydroxyethyl-acrylate-Appearance.jpg\",\"datePublished\":\"2021-05-26T08:42:37+00:00\",\"dateModified\":\"2025-12-22T08:10:08+00:00\",\"description\":\"Longchang Chemical is a leading manufacturer and supplier of 2-Hydroxyethyl acrylatein China. Buy 2-Hydroxyethyl acrylate in china. We can provide the best 2-Hydroxyethyl acrylate price. Other Name: 2-Hydroxyethyl acrylate; 2-HEA; Hydroxyethyl acrylate; 2-Acryloyloxy ethanol; Ethylene glycol acrylate; Acrylic acid 2-hydroxyethyl ester; Ethylene glycol monoacrylate\",\"breadcrumb\":{\"@id\":\"https:\/\/longchangchemical.com\/product\/2-hea-cas-818-61-1\/#breadcrumb\"},\"inLanguage\":\"it-IT\",\"potentialAction\":[{\"@type\":\"ReadAction\",\"target\":[\"https:\/\/longchangchemical.com\/product\/2-hea-cas-818-61-1\/\"]}]},{\"@type\":\"ImageObject\",\"inLanguage\":\"it-IT\",\"@id\":\"https:\/\/longchangchemical.com\/product\/2-hea-cas-818-61-1\/#primaryimage\",\"url\":\"https:\/\/longchangchemical.com\/wp-content\/uploads\/2021\/01\/2-Hydroxyethyl-acrylate-Appearance.jpg\",\"contentUrl\":\"https:\/\/longchangchemical.com\/wp-content\/uploads\/2021\/01\/2-Hydroxyethyl-acrylate-Appearance.jpg\",\"width\":600,\"height\":800,\"caption\":\"Appearance\"},{\"@type\":\"BreadcrumbList\",\"@id\":\"https:\/\/longchangchemical.com\/product\/2-hea-cas-818-61-1\/#breadcrumb\",\"itemListElement\":[{\"@type\":\"ListItem\",\"position\":1,\"name\":\"Home\",\"item\":\"https:\/\/longchangchemical.com\/\"},{\"@type\":\"ListItem\",\"position\":2,\"name\":\"Products Longchang\",\"item\":\"https:\/\/longchangchemical.com\/product\/\"},{\"@type\":\"ListItem\",\"position\":3,\"name\":\"2-Hydroxyethyl acrylate CAS 818-61-1\"}]},{\"@type\":\"WebSite\",\"@id\":\"https:\/\/longchangchemical.com\/#website\",\"url\":\"https:\/\/longchangchemical.com\/\",\"name\":\"Longchang Chemical\",\"description\":\"China chemical manufacturer \uff06 supplier\",\"publisher\":{\"@id\":\"https:\/\/longchangchemical.com\/#organization\"},\"potentialAction\":[{\"@type\":\"SearchAction\",\"target\":{\"@type\":\"EntryPoint\",\"urlTemplate\":\"https:\/\/longchangchemical.com\/?s={search_term_string}\"},\"query-input\":{\"@type\":\"PropertyValueSpecification\",\"valueRequired\":true,\"valueName\":\"search_term_string\"}}],\"inLanguage\":\"it-IT\"},{\"@type\":\"Organization\",\"@id\":\"https:\/\/longchangchemical.com\/#organization\",\"name\":\"Longchang Chemical\",\"url\":\"https:\/\/longchangchemical.com\/\",\"logo\":{\"@type\":\"ImageObject\",\"inLanguage\":\"it-IT\",\"@id\":\"https:\/\/longchangchemical.com\/#\/schema\/logo\/image\/\",\"url\":\"https:\/\/longchangchemical.com\/wp-content\/uploads\/2020\/08\/cropped-longchang-logo.png\",\"contentUrl\":\"https:\/\/longchangchemical.com\/wp-content\/uploads\/2020\/08\/cropped-longchang-logo.png\",\"width\":512,\"height\":512,\"caption\":\"Longchang Chemical\"},\"image\":{\"@id\":\"https:\/\/longchangchemical.com\/#\/schema\/logo\/image\/\"}}]}<\/script>\n<!-- \/ Yoast SEO plugin. -->","yoast_head_json":{"title":"Cina 2-Idrossietil acrilato Produttore \uff06 CAS 818-61-1 Fornitore - Longchang chemical Co., Ltd.","description":"Longchang Chemical \u00e8 un produttore e fornitore leader di 2-idrossietil acrilato in Cina. Comprare 2-idrossietil acrilato in Cina. Possiamo fornire il miglior prezzo dell'acrilato di 2-idrossietile. Altro nome: 2-Idrossietil acrilato; 2-HEA; Idrossietil acrilato; 2-Acrilossi etanolo; Acrilato di etilenglicole; Estere 2-idrossietilico dell'acido acrilico; Monoacrilato di etilenglicole.","robots":{"index":"index","follow":"follow","max-snippet":"max-snippet:-1","max-image-preview":"max-image-preview:large","max-video-preview":"max-video-preview:-1"},"canonical":"https:\/\/longchangchemical.com\/it\/product\/2-hea-cas-818-61-1\/","og_locale":"it_IT","og_type":"article","og_title":"China 2-Hydroxyethyl acrylate Manufacturer \uff06 CAS 818-61-1 Supplier - Longchang chemical Co., Ltd.","og_description":"Longchang Chemical is a leading manufacturer and supplier of 2-Hydroxyethyl acrylatein China. Buy 2-Hydroxyethyl acrylate in china. We can provide the best 2-Hydroxyethyl acrylate price. Other Name: 2-Hydroxyethyl acrylate; 2-HEA; Hydroxyethyl acrylate; 2-Acryloyloxy ethanol; Ethylene glycol acrylate; Acrylic acid 2-hydroxyethyl ester; Ethylene glycol monoacrylate","og_url":"https:\/\/longchangchemical.com\/it\/product\/2-hea-cas-818-61-1\/","og_site_name":"Longchang Chemical","article_modified_time":"2025-12-22T08:10:08+00:00","og_image":[{"width":600,"height":800,"url":"https:\/\/longchangchemical.com\/wp-content\/uploads\/2021\/01\/2-Hydroxyethyl-acrylate-Appearance.jpg","type":"image\/jpeg"}],"twitter_card":"summary_large_image","schema":{"@context":"https:\/\/schema.org","@graph":[{"@type":"WebPage","@id":"https:\/\/longchangchemical.com\/product\/2-hea-cas-818-61-1\/","url":"https:\/\/longchangchemical.com\/product\/2-hea-cas-818-61-1\/","name":"Cina 2-Idrossietil acrilato Produttore \uff06 CAS 818-61-1 Fornitore - Longchang chemical Co., Ltd.","isPartOf":{"@id":"https:\/\/longchangchemical.com\/#website"},"primaryImageOfPage":{"@id":"https:\/\/longchangchemical.com\/product\/2-hea-cas-818-61-1\/#primaryimage"},"image":{"@id":"https:\/\/longchangchemical.com\/product\/2-hea-cas-818-61-1\/#primaryimage"},"thumbnailUrl":"https:\/\/longchangchemical.com\/wp-content\/uploads\/2021\/01\/2-Hydroxyethyl-acrylate-Appearance.jpg","datePublished":"2021-05-26T08:42:37+00:00","dateModified":"2025-12-22T08:10:08+00:00","description":"Longchang Chemical \u00e8 un produttore e fornitore leader di 2-idrossietil acrilato in Cina. Comprare 2-idrossietil acrilato in Cina. Possiamo fornire il miglior prezzo dell'acrilato di 2-idrossietile. Altro nome: 2-Idrossietil acrilato; 2-HEA; Idrossietil acrilato; 2-Acrilossi etanolo; Acrilato di etilenglicole; Estere 2-idrossietilico dell'acido acrilico; Monoacrilato di etilenglicole.","breadcrumb":{"@id":"https:\/\/longchangchemical.com\/product\/2-hea-cas-818-61-1\/#breadcrumb"},"inLanguage":"it-IT","potentialAction":[{"@type":"ReadAction","target":["https:\/\/longchangchemical.com\/product\/2-hea-cas-818-61-1\/"]}]},{"@type":"ImageObject","inLanguage":"it-IT","@id":"https:\/\/longchangchemical.com\/product\/2-hea-cas-818-61-1\/#primaryimage","url":"https:\/\/longchangchemical.com\/wp-content\/uploads\/2021\/01\/2-Hydroxyethyl-acrylate-Appearance.jpg","contentUrl":"https:\/\/longchangchemical.com\/wp-content\/uploads\/2021\/01\/2-Hydroxyethyl-acrylate-Appearance.jpg","width":600,"height":800,"caption":"Appearance"},{"@type":"BreadcrumbList","@id":"https:\/\/longchangchemical.com\/product\/2-hea-cas-818-61-1\/#breadcrumb","itemListElement":[{"@type":"ListItem","position":1,"name":"Home","item":"https:\/\/longchangchemical.com\/"},{"@type":"ListItem","position":2,"name":"Products Longchang","item":"https:\/\/longchangchemical.com\/product\/"},{"@type":"ListItem","position":3,"name":"2-Hydroxyethyl acrylate CAS 818-61-1"}]},{"@type":"WebSite","@id":"https:\/\/longchangchemical.com\/#website","url":"https:\/\/longchangchemical.com\/","name":"Longchang Chemical","description":"Cina produttore di prodotti chimici \uff06 fornitore","publisher":{"@id":"https:\/\/longchangchemical.com\/#organization"},"potentialAction":[{"@type":"SearchAction","target":{"@type":"EntryPoint","urlTemplate":"https:\/\/longchangchemical.com\/?s={search_term_string}"},"query-input":{"@type":"PropertyValueSpecification","valueRequired":true,"valueName":"search_term_string"}}],"inLanguage":"it-IT"},{"@type":"Organization","@id":"https:\/\/longchangchemical.com\/#organization","name":"Longchang Chemical","url":"https:\/\/longchangchemical.com\/","logo":{"@type":"ImageObject","inLanguage":"it-IT","@id":"https:\/\/longchangchemical.com\/#\/schema\/logo\/image\/","url":"https:\/\/longchangchemical.com\/wp-content\/uploads\/2020\/08\/cropped-longchang-logo.png","contentUrl":"https:\/\/longchangchemical.com\/wp-content\/uploads\/2020\/08\/cropped-longchang-logo.png","width":512,"height":512,"caption":"Longchang Chemical"},"image":{"@id":"https:\/\/longchangchemical.com\/#\/schema\/logo\/image\/"}}]}},"_links":{"self":[{"href":"https:\/\/longchangchemical.com\/it\/wp-json\/wp\/v2\/product\/4149","targetHints":{"allow":["GET"]}}],"collection":[{"href":"https:\/\/longchangchemical.com\/it\/wp-json\/wp\/v2\/product"}],"about":[{"href":"https:\/\/longchangchemical.com\/it\/wp-json\/wp\/v2\/types\/product"}],"replies":[{"embeddable":true,"href":"https:\/\/longchangchemical.com\/it\/wp-json\/wp\/v2\/comments?post=4149"}],"wp:featuredmedia":[{"embeddable":true,"href":"https:\/\/longchangchemical.com\/it\/wp-json\/wp\/v2\/media\/4633"}],"wp:attachment":[{"href":"https:\/\/longchangchemical.com\/it\/wp-json\/wp\/v2\/media?parent=4149"}],"wp:term":[{"taxonomy":"product_brand","embeddable":true,"href":"https:\/\/longchangchemical.com\/it\/wp-json\/wp\/v2\/product_brand?post=4149"},{"taxonomy":"product_cat","embeddable":true,"href":"https:\/\/longchangchemical.com\/it\/wp-json\/wp\/v2\/product_cat?post=4149"},{"taxonomy":"product_tag","embeddable":true,"href":"https:\/\/longchangchemical.com\/it\/wp-json\/wp\/v2\/product_tag?post=4149"}],"curies":[{"name":"wp","href":"https:\/\/api.w.org\/{rel}","templated":true}]}}