{"id":3809,"date":"2021-03-31T07:28:35","date_gmt":"2021-03-31T07:28:35","guid":{"rendered":"https:\/\/longchangchemical.com\/?post_type=product&#038;p=3809"},"modified":"2025-12-23T02:17:14","modified_gmt":"2025-12-23T02:17:14","slug":"carbohydrazide-cas-497-18-7","status":"publish","type":"product","link":"https:\/\/longchangchemical.com\/it\/product\/carbohydrazide-cas-497-18-7\/","title":{"rendered":"Carboidrazide CAS 497-18-7"},"content":{"rendered":"<h1><strong>Carboidrazide CAS 497-18-7<\/strong><\/h1>\n<p>&nbsp;<\/p>\n<table class=\"table-1\">\n<tbody>\n<tr>\n<td>\n<h4>Articoli<\/h4>\n<\/td>\n<td>\n<h4>Standard<\/h4>\n<\/td>\n<\/tr>\n<tr>\n<td>\n<h4>Aspetto<\/h4>\n<\/td>\n<td>\n<h4>Cristallo bianco<\/h4>\n<\/td>\n<\/tr>\n<tr>\n<td>\n<h4>Purezza (%)<\/h4>\n<\/td>\n<td>\n<h4>99.91<\/h4>\n<\/td>\n<\/tr>\n<tr>\n<td>\n<h4>Umidit\u00e0 (%)<\/h4>\n<\/td>\n<td>\n<h4>0.14<\/h4>\n<\/td>\n<\/tr>\n<tr>\n<td>\n<h4>M.P.(\u2103)<\/h4>\n<\/td>\n<td>\n<h4>154.2~154.9<\/h4>\n<\/td>\n<\/tr>\n<tr>\n<td>\n<h4>PH<\/h4>\n<\/td>\n<td>\n<h4>8.42<\/h4>\n<\/td>\n<\/tr>\n<tr>\n<td>\n<h4>IDRAZINA LIBERA (mg\/l)<\/h4>\n<\/td>\n<td>\n<h4>468<\/h4>\n<\/td>\n<\/tr>\n<tr>\n<td>\n<h4>Conclusione<\/h4>\n<\/td>\n<td>\n<h4>I risultati sono conformi agli standard aziendali<\/h4>\n<\/td>\n<\/tr>\n<tr>\n<td>\n<h4>Articoli<\/h4>\n<\/td>\n<td>\n<h4>Standard<\/h4>\n<\/td>\n<\/tr>\n<tr>\n<td>\n<h4>Aspetto<\/h4>\n<\/td>\n<td>\n<h4>Cristallo bianco<\/h4>\n<\/td>\n<\/tr>\n<\/tbody>\n<\/table>\n<h2><strong>Che cos'\u00e8 il carboidrazide?<\/strong><\/h2>\n<h4>Questo prodotto \u00e8 costituito da cristalli colonnari corti bianchi o polvere cristallina bianca a temperatura ambiente, difficilmente solubile in etanolo, molto solubile in acqua, dissoluzione endotermica, insolubile in alcool, etere, benzene, poich\u00e9 \u00e8 un derivato dell'idrazina, ha un forte potere riducente, non tossico, pu\u00f2 sostituire l'idrazina idrata e gli ossimi.<\/h4>\n<p>&nbsp;<\/p>\n<h2><strong>Applicazione del carboidrazide<\/strong><\/h2>\n<h4>1. Questo prodotto \u00e8 ampiamente utilizzato nella produzione di farmaci, erbicidi, regolatori della crescita delle piante, coloranti, ecc.<br \/>\n2. Il carboidrazide \u00e8 un derivato dell'idrazina con una forte riducibilit\u00e0. Pu\u00f2 essere utilizzato come intermedio nella produzione di materiali energetici e pu\u00f2 anche essere utilizzato direttamente come componente di esplosivi e propellenti.<br \/>\n3. Questo prodotto pu\u00f2 essere utilizzato come conservante per le apparecchiature di raffinazione del petrolio e come disossidante per gli agenti di trattamento dell'acqua delle caldaie.<br \/>\n4. Questo prodotto viene utilizzato come agente reticolante per le fibre elastiche nell'industria delle fibre chimiche.<br \/>\n5. Come materia prima chimica e intermedio chimico, questo prodotto \u00e8 ampiamente utilizzato in medicina, erbicidi, regolatori di crescita delle piante, coloranti e altre industrie.<\/h4>\n<p>&nbsp;<\/p>\n<h2><strong>CarboidrazideConfezionamento e spedizione<\/strong><\/h2>\n<h4>Fusti, 25 kg \/ 50 kg<\/h4>\n<p>&nbsp;<\/p>\n<h2><strong>Carboidrazide Stoccaggio<\/strong><\/h2>\n<h4>Conservare in un luogo fresco e asciutto, al riparo dalla luce.<\/h4>\n<p>&nbsp;<\/p>\n<h2><strong>Prodotti della stessa serie<\/strong><\/h2>\n<table style=\"border-collapse: collapse; width: 312.02pt;\" border=\"0\" width=\"416\" cellspacing=\"0\" cellpadding=\"0\">\n<tbody>\n<tr style=\"height: 54.00pt;\">\n<td class=\"et3\" style=\"height: 54.00pt; width: 201.75pt;\" width=\"269\" height=\"72\">\n<h4><a href=\"https:\/\/longchangchemical.com\/it\/product\/cobalt-carbonate-cas-513-79-1\/\"><span style=\"color: #3366ff;\">Carbonato di cobalto<\/span><\/a><\/h4>\n<\/td>\n<td class=\"et3\" style=\"width: 110.25pt;\" width=\"147\">\n<h4><a href=\"https:\/\/longchangchemical.com\/it\/product\/cobalt-carbonate-cas-513-79-1\/\"><span style=\"color: #3366ff;\">513-79-1<\/span><\/a><\/h4>\n<\/td>\n<\/tr>\n<tr style=\"height: 40.50pt;\">\n<td class=\"et4\" style=\"height: 40.50pt; width: 201.75pt;\" width=\"269\" height=\"54\">\n<h4><a href=\"https:\/\/longchangchemical.com\/it\/product\/guanidine-carbonate-cas-593-85-1\/\"><span style=\"color: #3366ff;\">Guanidina carbonato<\/span><\/a><\/h4>\n<\/td>\n<td class=\"et5\" style=\"width: 110.25pt;\" width=\"147\">\n<h4><a href=\"https:\/\/longchangchemical.com\/it\/product\/guanidine-carbonate-cas-593-85-1\/\"><span style=\"color: #3366ff;\">593-85-1<\/span><\/a><\/h4>\n<\/td>\n<\/tr>\n<tr style=\"height: 40.50pt;\">\n<td class=\"et6\" style=\"height: 40.50pt; width: 201.75pt;\" width=\"269\" height=\"54\">\n<h4><a href=\"https:\/\/longchangchemical.com\/it\/product\/manganese-carbonate-cas-598-62-9\/\"><span style=\"color: #3366ff;\">Carbonato di manganese<\/span><\/a><\/h4>\n<\/td>\n<td class=\"et6\" style=\"width: 110.25pt;\" width=\"147\">\n<h4><a href=\"https:\/\/longchangchemical.com\/it\/product\/manganese-carbonate-cas-598-62-9\/\"><span style=\"color: #3366ff;\">598-62-9<\/span><\/a><\/h4>\n<\/td>\n<\/tr>\n<tr style=\"height: 40.50pt;\">\n<td class=\"et7\" style=\"height: 40.50pt;\" height=\"54\">\n<h4><a href=\"https:\/\/longchangchemical.com\/it\/product\/ammonium-bicarbonate-cas-1066-33-7\/\"><span style=\"color: #3366ff;\">Bicarbonato di ammonio<\/span><\/a><\/h4>\n<\/td>\n<td class=\"et7\">\n<h4><a href=\"https:\/\/longchangchemical.com\/it\/product\/ammonium-bicarbonate-cas-1066-33-7\/\"><span style=\"color: #3366ff;\">1066-33-7<\/span><\/a><\/h4>\n<\/td>\n<\/tr>\n<tr style=\"height: 40.50pt;\">\n<td class=\"et4\" style=\"height: 40.50pt; width: 201.75pt;\" width=\"269\" height=\"54\">\n<h4><a href=\"https:\/\/longchangchemical.com\/it\/product\/caesium-carbonate-cas-534-17-8\/\"><span style=\"color: #3366ff;\">Carbonato di cesio<\/span><\/a><\/h4>\n<\/td>\n<td class=\"et4\" style=\"width: 110.25pt;\" width=\"147\">\n<h4><a href=\"https:\/\/longchangchemical.com\/it\/product\/caesium-carbonate-cas-534-17-8\/\"><span style=\"color: #3366ff;\">534-17-8<\/span><\/a><\/h4>\n<\/td>\n<\/tr>\n<tr style=\"height: 40.50pt;\">\n<td class=\"et8\" style=\"height: 40.50pt; width: 201.75pt;\" width=\"269\" height=\"54\">\n<h4><a href=\"https:\/\/longchangchemical.com\/it\/product\/strontium-carbonate-cas-1633-05-2\/\"><span style=\"color: #3366ff;\">Carbonato di stronzio<\/span><\/a><\/h4>\n<\/td>\n<td class=\"et8\" style=\"width: 110.25pt;\" width=\"147\">\n<h4><a href=\"https:\/\/longchangchemical.com\/it\/product\/strontium-carbonate-cas-1633-05-2\/\"><span style=\"color: #3366ff;\">1633-05-2<\/span><\/a><\/h4>\n<\/td>\n<\/tr>\n<tr style=\"height: 40.50pt;\">\n<td class=\"et4\" style=\"height: 40.50pt; width: 201.75pt;\" width=\"269\" height=\"54\">\n<h4>Carboidrazide<\/h4>\n<\/td>\n<td class=\"et4\" style=\"width: 110.25pt;\" width=\"147\">\n<h4>497-18-7<\/h4>\n<\/td>\n<\/tr>\n<\/tbody>\n<\/table>\n<h2><\/h2>\n<h2><strong><b>Contattateci ora!<\/b><\/strong><\/h2>\n<h4><strong><b>Forniamo servizi personalizzati, di solito vi contatteremo entro 24 ore. Potete anche inviarmi un'e-mail a info@longchangchemical.com durante l'orario di lavoro (dalle 8:30 alle 18:00 UTC+8 Lun.~Sab.) o utilizzare la chat dal vivo del sito web per ottenere una risposta immediata.<\/b><\/strong><\/h4>","protected":false},"excerpt":{"rendered":"<h4>Nome chimico: Carboidrazide<\/h4>\n<h4>N. CAS: 497-18-7<\/h4>\n<h4>Formula molecolare: CH6N4O<\/h4>\n<h4>Struttura chimica:<img decoding=\"async\" title=\"immagine.png\" src=\"https:\/\/www.longchangchemical.com\/wp-content\/uploads\/product-details\/20200612059501.png\" alt=\"immagine.png\" \/><\/h4>\n<h4>Peso molecolare: 90,08<\/h4>\n<h4>Aspetto: cristallo bianco<\/h4>\n<h4>Test: 99,9%<\/h4>","protected":false},"featured_media":4444,"comment_status":"open","ping_status":"closed","template":"","meta":[],"product_brand":[],"product_cat":[69],"product_tag":[],"class_list":{"0":"post-3809","1":"product","2":"type-product","3":"status-publish","4":"has-post-thumbnail","6":"product_cat-catalysts-chemical-auxiliary-agents","8":"first","9":"instock","10":"shipping-taxable","11":"product-type-simple"},"yoast_head":"<!-- This site is optimized with the Yoast SEO plugin v25.3.1 - https:\/\/yoast.com\/wordpress\/plugins\/seo\/ -->\n<title>China Carbohydrazide Manufacturer \uff06 Supplier - Longchang chemical Co., Ltd.<\/title>\n<meta name=\"description\" content=\"Longchang Chemical is a leading manufacturer and supplier of Carbohydrazide in China. Buy Carbohydrazide in china. We can provide the best Carbohydrazide price.\" \/>\n<meta name=\"robots\" content=\"index, follow, max-snippet:-1, max-image-preview:large, max-video-preview:-1\" \/>\n<link rel=\"canonical\" href=\"https:\/\/longchangchemical.com\/it\/product\/carbohydrazide-cas-497-18-7\/\" \/>\n<meta property=\"og:locale\" content=\"it_IT\" \/>\n<meta property=\"og:type\" content=\"article\" \/>\n<meta property=\"og:title\" content=\"China Carbohydrazide Manufacturer \uff06 Supplier - Longchang chemical Co., Ltd.\" \/>\n<meta property=\"og:description\" content=\"Longchang Chemical is a leading manufacturer and supplier of Carbohydrazide in China. Buy Carbohydrazide in china. We can provide the best Carbohydrazide price.\" \/>\n<meta property=\"og:url\" content=\"https:\/\/longchangchemical.com\/it\/product\/carbohydrazide-cas-497-18-7\/\" \/>\n<meta property=\"og:site_name\" content=\"Longchang Chemical\" \/>\n<meta property=\"article:modified_time\" content=\"2025-12-23T02:17:14+00:00\" \/>\n<meta property=\"og:image\" content=\"https:\/\/longchangchemical.com\/wp-content\/uploads\/2021\/01\/Guanidine-carbonate-Appearance.jpg\" \/>\n\t<meta property=\"og:image:width\" content=\"600\" \/>\n\t<meta property=\"og:image:height\" content=\"800\" \/>\n\t<meta property=\"og:image:type\" content=\"image\/jpeg\" \/>\n<meta name=\"twitter:card\" content=\"summary_large_image\" \/>\n<script type=\"application\/ld+json\" class=\"yoast-schema-graph\">{\"@context\":\"https:\/\/schema.org\",\"@graph\":[{\"@type\":\"WebPage\",\"@id\":\"https:\/\/longchangchemical.com\/product\/carbohydrazide-cas-497-18-7\/\",\"url\":\"https:\/\/longchangchemical.com\/product\/carbohydrazide-cas-497-18-7\/\",\"name\":\"China Carbohydrazide Manufacturer \uff06 Supplier - Longchang chemical Co., Ltd.\",\"isPartOf\":{\"@id\":\"https:\/\/longchangchemical.com\/#website\"},\"primaryImageOfPage\":{\"@id\":\"https:\/\/longchangchemical.com\/product\/carbohydrazide-cas-497-18-7\/#primaryimage\"},\"image\":{\"@id\":\"https:\/\/longchangchemical.com\/product\/carbohydrazide-cas-497-18-7\/#primaryimage\"},\"thumbnailUrl\":\"https:\/\/longchangchemical.com\/wp-content\/uploads\/2021\/01\/Guanidine-carbonate-Appearance.jpg\",\"datePublished\":\"2021-03-31T07:28:35+00:00\",\"dateModified\":\"2025-12-23T02:17:14+00:00\",\"description\":\"Longchang Chemical is a leading manufacturer and supplier of Carbohydrazide in China. Buy Carbohydrazide in china. We can provide the best Carbohydrazide price.\",\"breadcrumb\":{\"@id\":\"https:\/\/longchangchemical.com\/product\/carbohydrazide-cas-497-18-7\/#breadcrumb\"},\"inLanguage\":\"it-IT\",\"potentialAction\":[{\"@type\":\"ReadAction\",\"target\":[\"https:\/\/longchangchemical.com\/product\/carbohydrazide-cas-497-18-7\/\"]}]},{\"@type\":\"ImageObject\",\"inLanguage\":\"it-IT\",\"@id\":\"https:\/\/longchangchemical.com\/product\/carbohydrazide-cas-497-18-7\/#primaryimage\",\"url\":\"https:\/\/longchangchemical.com\/wp-content\/uploads\/2021\/01\/Guanidine-carbonate-Appearance.jpg\",\"contentUrl\":\"https:\/\/longchangchemical.com\/wp-content\/uploads\/2021\/01\/Guanidine-carbonate-Appearance.jpg\",\"width\":600,\"height\":800,\"caption\":\"Carbohydrazide Appearance\"},{\"@type\":\"BreadcrumbList\",\"@id\":\"https:\/\/longchangchemical.com\/product\/carbohydrazide-cas-497-18-7\/#breadcrumb\",\"itemListElement\":[{\"@type\":\"ListItem\",\"position\":1,\"name\":\"Home\",\"item\":\"https:\/\/longchangchemical.com\/\"},{\"@type\":\"ListItem\",\"position\":2,\"name\":\"Products Longchang\",\"item\":\"https:\/\/longchangchemical.com\/product\/\"},{\"@type\":\"ListItem\",\"position\":3,\"name\":\"Carbohydrazide CAS 497-18-7\"}]},{\"@type\":\"WebSite\",\"@id\":\"https:\/\/longchangchemical.com\/#website\",\"url\":\"https:\/\/longchangchemical.com\/\",\"name\":\"Longchang Chemical\",\"description\":\"China chemical manufacturer \uff06 supplier\",\"publisher\":{\"@id\":\"https:\/\/longchangchemical.com\/#organization\"},\"potentialAction\":[{\"@type\":\"SearchAction\",\"target\":{\"@type\":\"EntryPoint\",\"urlTemplate\":\"https:\/\/longchangchemical.com\/?s={search_term_string}\"},\"query-input\":{\"@type\":\"PropertyValueSpecification\",\"valueRequired\":true,\"valueName\":\"search_term_string\"}}],\"inLanguage\":\"it-IT\"},{\"@type\":\"Organization\",\"@id\":\"https:\/\/longchangchemical.com\/#organization\",\"name\":\"Longchang Chemical\",\"url\":\"https:\/\/longchangchemical.com\/\",\"logo\":{\"@type\":\"ImageObject\",\"inLanguage\":\"it-IT\",\"@id\":\"https:\/\/longchangchemical.com\/#\/schema\/logo\/image\/\",\"url\":\"https:\/\/longchangchemical.com\/wp-content\/uploads\/2020\/08\/cropped-longchang-logo.png\",\"contentUrl\":\"https:\/\/longchangchemical.com\/wp-content\/uploads\/2020\/08\/cropped-longchang-logo.png\",\"width\":512,\"height\":512,\"caption\":\"Longchang Chemical\"},\"image\":{\"@id\":\"https:\/\/longchangchemical.com\/#\/schema\/logo\/image\/\"}}]}<\/script>\n<!-- \/ Yoast SEO plugin. -->","yoast_head_json":{"title":"Cina Carboidrazide Fornitore \uff06 Fornitore - Longchang chemical Co., Ltd.","description":"Longchang Chemical \u00e8 un produttore e fornitore leader di carboidrazide in Cina. Comprare Carbohydrazide in Cina. Possiamo fornire il miglior prezzo di Carbohydrazide.","robots":{"index":"index","follow":"follow","max-snippet":"max-snippet:-1","max-image-preview":"max-image-preview:large","max-video-preview":"max-video-preview:-1"},"canonical":"https:\/\/longchangchemical.com\/it\/product\/carbohydrazide-cas-497-18-7\/","og_locale":"it_IT","og_type":"article","og_title":"China Carbohydrazide Manufacturer \uff06 Supplier - Longchang chemical Co., Ltd.","og_description":"Longchang Chemical is a leading manufacturer and supplier of Carbohydrazide in China. Buy Carbohydrazide in china. We can provide the best Carbohydrazide price.","og_url":"https:\/\/longchangchemical.com\/it\/product\/carbohydrazide-cas-497-18-7\/","og_site_name":"Longchang Chemical","article_modified_time":"2025-12-23T02:17:14+00:00","og_image":[{"width":600,"height":800,"url":"https:\/\/longchangchemical.com\/wp-content\/uploads\/2021\/01\/Guanidine-carbonate-Appearance.jpg","type":"image\/jpeg"}],"twitter_card":"summary_large_image","schema":{"@context":"https:\/\/schema.org","@graph":[{"@type":"WebPage","@id":"https:\/\/longchangchemical.com\/product\/carbohydrazide-cas-497-18-7\/","url":"https:\/\/longchangchemical.com\/product\/carbohydrazide-cas-497-18-7\/","name":"Cina Carboidrazide Fornitore \uff06 Fornitore - Longchang chemical Co., Ltd.","isPartOf":{"@id":"https:\/\/longchangchemical.com\/#website"},"primaryImageOfPage":{"@id":"https:\/\/longchangchemical.com\/product\/carbohydrazide-cas-497-18-7\/#primaryimage"},"image":{"@id":"https:\/\/longchangchemical.com\/product\/carbohydrazide-cas-497-18-7\/#primaryimage"},"thumbnailUrl":"https:\/\/longchangchemical.com\/wp-content\/uploads\/2021\/01\/Guanidine-carbonate-Appearance.jpg","datePublished":"2021-03-31T07:28:35+00:00","dateModified":"2025-12-23T02:17:14+00:00","description":"Longchang Chemical \u00e8 un produttore e fornitore leader di carboidrazide in Cina. Comprare Carbohydrazide in Cina. Possiamo fornire il miglior prezzo di Carbohydrazide.","breadcrumb":{"@id":"https:\/\/longchangchemical.com\/product\/carbohydrazide-cas-497-18-7\/#breadcrumb"},"inLanguage":"it-IT","potentialAction":[{"@type":"ReadAction","target":["https:\/\/longchangchemical.com\/product\/carbohydrazide-cas-497-18-7\/"]}]},{"@type":"ImageObject","inLanguage":"it-IT","@id":"https:\/\/longchangchemical.com\/product\/carbohydrazide-cas-497-18-7\/#primaryimage","url":"https:\/\/longchangchemical.com\/wp-content\/uploads\/2021\/01\/Guanidine-carbonate-Appearance.jpg","contentUrl":"https:\/\/longchangchemical.com\/wp-content\/uploads\/2021\/01\/Guanidine-carbonate-Appearance.jpg","width":600,"height":800,"caption":"Carbohydrazide Appearance"},{"@type":"BreadcrumbList","@id":"https:\/\/longchangchemical.com\/product\/carbohydrazide-cas-497-18-7\/#breadcrumb","itemListElement":[{"@type":"ListItem","position":1,"name":"Home","item":"https:\/\/longchangchemical.com\/"},{"@type":"ListItem","position":2,"name":"Products Longchang","item":"https:\/\/longchangchemical.com\/product\/"},{"@type":"ListItem","position":3,"name":"Carbohydrazide CAS 497-18-7"}]},{"@type":"WebSite","@id":"https:\/\/longchangchemical.com\/#website","url":"https:\/\/longchangchemical.com\/","name":"Longchang Chemical","description":"Cina produttore di prodotti chimici \uff06 fornitore","publisher":{"@id":"https:\/\/longchangchemical.com\/#organization"},"potentialAction":[{"@type":"SearchAction","target":{"@type":"EntryPoint","urlTemplate":"https:\/\/longchangchemical.com\/?s={search_term_string}"},"query-input":{"@type":"PropertyValueSpecification","valueRequired":true,"valueName":"search_term_string"}}],"inLanguage":"it-IT"},{"@type":"Organization","@id":"https:\/\/longchangchemical.com\/#organization","name":"Longchang Chemical","url":"https:\/\/longchangchemical.com\/","logo":{"@type":"ImageObject","inLanguage":"it-IT","@id":"https:\/\/longchangchemical.com\/#\/schema\/logo\/image\/","url":"https:\/\/longchangchemical.com\/wp-content\/uploads\/2020\/08\/cropped-longchang-logo.png","contentUrl":"https:\/\/longchangchemical.com\/wp-content\/uploads\/2020\/08\/cropped-longchang-logo.png","width":512,"height":512,"caption":"Longchang Chemical"},"image":{"@id":"https:\/\/longchangchemical.com\/#\/schema\/logo\/image\/"}}]}},"_links":{"self":[{"href":"https:\/\/longchangchemical.com\/it\/wp-json\/wp\/v2\/product\/3809","targetHints":{"allow":["GET"]}}],"collection":[{"href":"https:\/\/longchangchemical.com\/it\/wp-json\/wp\/v2\/product"}],"about":[{"href":"https:\/\/longchangchemical.com\/it\/wp-json\/wp\/v2\/types\/product"}],"replies":[{"embeddable":true,"href":"https:\/\/longchangchemical.com\/it\/wp-json\/wp\/v2\/comments?post=3809"}],"wp:featuredmedia":[{"embeddable":true,"href":"https:\/\/longchangchemical.com\/it\/wp-json\/wp\/v2\/media\/4444"}],"wp:attachment":[{"href":"https:\/\/longchangchemical.com\/it\/wp-json\/wp\/v2\/media?parent=3809"}],"wp:term":[{"taxonomy":"product_brand","embeddable":true,"href":"https:\/\/longchangchemical.com\/it\/wp-json\/wp\/v2\/product_brand?post=3809"},{"taxonomy":"product_cat","embeddable":true,"href":"https:\/\/longchangchemical.com\/it\/wp-json\/wp\/v2\/product_cat?post=3809"},{"taxonomy":"product_tag","embeddable":true,"href":"https:\/\/longchangchemical.com\/it\/wp-json\/wp\/v2\/product_tag?post=3809"}],"curies":[{"name":"wp","href":"https:\/\/api.w.org\/{rel}","templated":true}]}}