{"id":3771,"date":"2021-07-29T07:21:15","date_gmt":"2021-07-29T07:21:15","guid":{"rendered":"https:\/\/longchangchemical.com\/?post_type=product&#038;p=3771"},"modified":"2025-12-22T07:52:51","modified_gmt":"2025-12-22T07:52:51","slug":"n-lauroyl-l-glutamic-acid-cas-3397-65-7","status":"publish","type":"product","link":"https:\/\/longchangchemical.com\/it\/product\/n-lauroyl-l-glutamic-acid-cas-3397-65-7\/","title":{"rendered":"acido n-lauroil-l-glutammico cas 3397-65-7"},"content":{"rendered":"<h1><strong>Acido N-lauroil-l-glutammico\u00a0<\/strong><\/h1>\n<table class=\"table-1\" cellspacing=\"0\">\n<tbody>\n<tr>\n<td>\n<h4>Articolo<\/h4>\n<\/td>\n<td>\n<h4>Specifiche tecniche<\/h4>\n<\/td>\n<td>\n<h4>Risultati<\/h4>\n<\/td>\n<\/tr>\n<tr>\n<td>\n<h4>Aspetto<\/h4>\n<\/td>\n<td>\n<h4>Polvere e particelle bianche o simili<br \/>\nsenza impurit\u00e0 meccaniche<\/h4>\n<\/td>\n<td>\n<h4>Particelle bianche, nessuna impurit\u00e0 meccanica<\/h4>\n<\/td>\n<\/tr>\n<tr>\n<td>\n<h4>L'odore<\/h4>\n<\/td>\n<td>\n<h4>Nessun odore particolare<\/h4>\n<\/td>\n<td>\n<h4>Nessun odore particolare<\/h4>\n<\/td>\n<\/tr>\n<tr>\n<td>\n<h4>Contenuto di principio attivo %<\/h4>\n<\/td>\n<td>\n<h4>\u226595<\/h4>\n<\/td>\n<td>\n<h4>98.01<\/h4>\n<\/td>\n<\/tr>\n<tr>\n<td>\n<h4>Indice di acidit\u00e0 (mgKOH\/g)<\/h4>\n<\/td>\n<td>\n<h4>300~360<\/h4>\n<\/td>\n<td>\n<h4>339.31<\/h4>\n<\/td>\n<\/tr>\n<tr>\n<td>\n<h4>Acqua %<\/h4>\n<\/td>\n<td>\n<h4>\u22645<\/h4>\n<\/td>\n<td>\n<h4>1.53<\/h4>\n<\/td>\n<\/tr>\n<tr>\n<td>\n<h4>Valore PH, 25\u2103\uff0c5% soluzione acqua etanolo<\/h4>\n<\/td>\n<td>\n<h4>2.0~3.0<\/h4>\n<\/td>\n<td>\n<h4>2.65<\/h4>\n<\/td>\n<\/tr>\n<tr>\n<td>\n<h4>Contenuto di cloruro di sodio %<\/h4>\n<\/td>\n<td>\n<h4>\u22641<\/h4>\n<\/td>\n<td>\n<h4>0.46<\/h4>\n<\/td>\n<\/tr>\n<tr>\n<td>\n<h4>Metalli pesanti (ppm)<\/h4>\n<\/td>\n<td>\n<h4>\u226410<\/h4>\n<\/td>\n<td>\n<h4>\u226410<\/h4>\n<\/td>\n<\/tr>\n<tr>\n<td>\n<h4>As (ppm)<\/h4>\n<\/td>\n<td>\n<h4>\u22642.0<\/h4>\n<\/td>\n<td>\n<h4>\u22642.0<\/h4>\n<\/td>\n<\/tr>\n<tr>\n<td>\n<h4>Conclusione<\/h4>\n<\/td>\n<td colspan=\"2\">\n<h4>I risultati sono conformi agli standard aziendali<\/h4>\n<\/td>\n<\/tr>\n<\/tbody>\n<\/table>\n<p>&nbsp;<\/p>\n<h2><strong>Metodo di preparazione dell'acido N-lauroil-l-glutammico<\/strong><\/h2>\n<h4>Questo prodotto \u00e8 acilato con <span style=\"color: #3366ff;\"><a style=\"color: #3366ff;\" href=\"https:\/\/longchangchemical.com\/it\/product\/lauroyl-chloride-cas-112-16-3\/\">cloruro di lauroile<\/a><\/span> e acido glutammico.<\/h4>\n<p>&nbsp;<\/p>\n<h2><strong>Acido N-lauroil-l-glutammico Uso<\/strong><\/h2>\n<h4>1. Il processo di produzione su larga scala si basa sull'acido glutammico e sul cloruro di lauroile come materie prime; la reazione di acilazione viene effettuata a un determinato pH e in un solvente misto polare; infine, \u00e8 possibile ottenere un solido cristallino bianco puro di alta qualit\u00e0 con una purezza superiore a 98%. .<\/h4>\n<h4>2. Il composto \u00e8 spesso utilizzato come materia prima per la produzione di tensioattivi di tipo glutammato e pu\u00f2 anche essere utilizzato direttamente come tensioattivo anionico (in ambiente medio o alcalino, sale di sodio o potassio, che pu\u00f2 essere utilizzato in vari detergenti), Fornisce schiuma elastica quando \u00e8 alcalino.<\/h4>\n<h4>3. La sua soluzione acquosa \u00e8 leggermente acida e pu\u00f2 essere aggiunta direttamente a vari detergenti per ottenere una schiuma elastica. Dopo il lavaggio, la pelle non \u00e8 tesa, \u00e8 liscia e fresca. Pu\u00f2 essere utilizzato anche per produrre diesteri del lauroilglutammato, come il bis stearil lauroil glutammato, lo sterolo\/ottildodecanolo lauroil glutammato, ecc.<\/h4>\n<p>&nbsp;<\/p>\n<h2><strong>Acido N-lauroil-l-glutammico Caratteristiche di prestazione<\/strong><\/h2>\n<h4>1.Il prodotto \u00e8 delicato, confortevole e setoso dopo l'uso.<\/h4>\n<h4>2.La schiuma \u00e8 ricca, soprattutto in condizioni di acidit\u00e0.<\/h4>\n<h4>3.Ovviamente riducendo il potere sgrassante della base di sapone.<\/h4>\n<h4>4.Migliorare la pettinabilit\u00e0 dei capelli<\/h4>\n<h4>5. Eccellente biodegradabilit\u00e0<\/h4>\n<h4>6.Resistere a un certo grado di acqua dura e sale.<\/h4>\n<h4><\/h4>\n<h2><strong>Dosaggio dell'acido N-lauroil-l-glutammico<\/strong><\/h2>\n<h4>5%-30%<\/h4>\n<p>&nbsp;<\/p>\n<h2><strong>Acido N-lauroil-l-glutammico <\/strong><strong>Imballaggio e spedizione<\/strong><\/h2>\n<h4>25 kg\/tamburo<\/h4>\n<p>&nbsp;<\/p>\n<h2><strong>Acido N-lauroil-l-glutammico Conservazione<\/strong><\/h2>\n<h4>Riporre in un luogo fresco e ventilato, al riparo dalla luce, evitando umidit\u00e0 e pioggia. Mantenere sigillato quando non viene utilizzato. Non collocarlo in presenza di acidi o alcali forti o ossidanti. Maneggiare con cura per evitare danni e perdite.<\/h4>\n<p>&nbsp;<\/p>\n<h2><strong><b>Contattateci ora!<\/b><\/strong><\/h2>\n<h4><strong><b>Se avete bisogno di COA, MSDS o TDS, inserite i vostri dati di contatto nel modulo sottostante; di solito vi contatteremo entro 24 ore. Potete anche inviarmi un'e-mail <span style=\"color: #0000ff;\"><a style=\"color: #0000ff;\" href=\"mailto:info@longchangchemical.com\">info@longchangchemical.com<\/a><\/span> durante l'orario di lavoro (dalle 8:30 alle 18:00 UTC+8 lun.-sab.) o utilizzare la live chat del sito web per ottenere una risposta immediata.<\/b><\/strong><\/h4>","protected":false},"excerpt":{"rendered":"<h4>Nome chimico: Acido N-lauroil-l-glutammico<\/h4>\n<h4>N. CAS: 3397-65-7<\/h4>\n<h4>Formula molecolare: C17H31NO5<\/h4>\n<h4>Peso molecolare: 329,43<\/h4>\n<h4>Aspetto: Polvere e particelle bianche o simili, senza impurit\u00e0 meccaniche.<\/h4>\n<h4>Test: 95%<\/h4>","protected":false},"featured_media":4745,"comment_status":"open","ping_status":"closed","template":"","meta":[],"product_brand":[],"product_cat":[103],"product_tag":[],"class_list":{"0":"post-3771","1":"product","2":"type-product","3":"status-publish","4":"has-post-thumbnail","6":"product_cat-cosmetic-additives","8":"first","9":"instock","10":"shipping-taxable","11":"product-type-simple"},"yoast_head":"<!-- This site is optimized with the Yoast SEO plugin v25.3.1 - https:\/\/yoast.com\/wordpress\/plugins\/seo\/ -->\n<title>China N-lauroyl-l-glutamic acid manufacturer - Longchang Chemical<\/title>\n<meta name=\"description\" content=\"Longchang Chemical is a china Leading N-lauroyl-l-glutamic acid manufacturer and 3397-65-7 supplier. We can provide the best N-lauroyl-l-glutamic acid price\" \/>\n<meta name=\"robots\" content=\"index, follow, max-snippet:-1, max-image-preview:large, max-video-preview:-1\" \/>\n<link rel=\"canonical\" href=\"https:\/\/longchangchemical.com\/it\/product\/n-lauroyl-l-glutamic-acid-cas-3397-65-7\/\" \/>\n<meta property=\"og:locale\" content=\"it_IT\" \/>\n<meta property=\"og:type\" content=\"article\" \/>\n<meta property=\"og:title\" content=\"China N-lauroyl-l-glutamic acid manufacturer - Longchang Chemical\" \/>\n<meta property=\"og:description\" content=\"Longchang Chemical is a china Leading N-lauroyl-l-glutamic acid manufacturer and 3397-65-7 supplier. We can provide the best N-lauroyl-l-glutamic acid price\" \/>\n<meta property=\"og:url\" content=\"https:\/\/longchangchemical.com\/it\/product\/n-lauroyl-l-glutamic-acid-cas-3397-65-7\/\" \/>\n<meta property=\"og:site_name\" content=\"Longchang Chemical\" \/>\n<meta property=\"article:modified_time\" content=\"2025-12-22T07:52:51+00:00\" \/>\n<meta property=\"og:image\" content=\"https:\/\/longchangchemical.com\/wp-content\/uploads\/2021\/01\/N-lauroyl-l-glutamic-acid-appearance.jpg\" \/>\n\t<meta property=\"og:image:width\" content=\"600\" \/>\n\t<meta property=\"og:image:height\" content=\"800\" \/>\n\t<meta property=\"og:image:type\" content=\"image\/jpeg\" \/>\n<meta name=\"twitter:card\" content=\"summary_large_image\" \/>\n<script type=\"application\/ld+json\" class=\"yoast-schema-graph\">{\"@context\":\"https:\/\/schema.org\",\"@graph\":[{\"@type\":\"WebPage\",\"@id\":\"https:\/\/longchangchemical.com\/product\/n-lauroyl-l-glutamic-acid-cas-3397-65-7\/\",\"url\":\"https:\/\/longchangchemical.com\/product\/n-lauroyl-l-glutamic-acid-cas-3397-65-7\/\",\"name\":\"China N-lauroyl-l-glutamic acid manufacturer - Longchang Chemical\",\"isPartOf\":{\"@id\":\"https:\/\/longchangchemical.com\/#website\"},\"primaryImageOfPage\":{\"@id\":\"https:\/\/longchangchemical.com\/product\/n-lauroyl-l-glutamic-acid-cas-3397-65-7\/#primaryimage\"},\"image\":{\"@id\":\"https:\/\/longchangchemical.com\/product\/n-lauroyl-l-glutamic-acid-cas-3397-65-7\/#primaryimage\"},\"thumbnailUrl\":\"https:\/\/longchangchemical.com\/wp-content\/uploads\/2021\/01\/N-lauroyl-l-glutamic-acid-appearance.jpg\",\"datePublished\":\"2021-07-29T07:21:15+00:00\",\"dateModified\":\"2025-12-22T07:52:51+00:00\",\"description\":\"Longchang Chemical is a china Leading N-lauroyl-l-glutamic acid manufacturer and 3397-65-7 supplier. We can provide the best N-lauroyl-l-glutamic acid price\",\"breadcrumb\":{\"@id\":\"https:\/\/longchangchemical.com\/product\/n-lauroyl-l-glutamic-acid-cas-3397-65-7\/#breadcrumb\"},\"inLanguage\":\"it-IT\",\"potentialAction\":[{\"@type\":\"ReadAction\",\"target\":[\"https:\/\/longchangchemical.com\/product\/n-lauroyl-l-glutamic-acid-cas-3397-65-7\/\"]}]},{\"@type\":\"ImageObject\",\"inLanguage\":\"it-IT\",\"@id\":\"https:\/\/longchangchemical.com\/product\/n-lauroyl-l-glutamic-acid-cas-3397-65-7\/#primaryimage\",\"url\":\"https:\/\/longchangchemical.com\/wp-content\/uploads\/2021\/01\/N-lauroyl-l-glutamic-acid-appearance.jpg\",\"contentUrl\":\"https:\/\/longchangchemical.com\/wp-content\/uploads\/2021\/01\/N-lauroyl-l-glutamic-acid-appearance.jpg\",\"width\":600,\"height\":800},{\"@type\":\"BreadcrumbList\",\"@id\":\"https:\/\/longchangchemical.com\/product\/n-lauroyl-l-glutamic-acid-cas-3397-65-7\/#breadcrumb\",\"itemListElement\":[{\"@type\":\"ListItem\",\"position\":1,\"name\":\"Home\",\"item\":\"https:\/\/longchangchemical.com\/\"},{\"@type\":\"ListItem\",\"position\":2,\"name\":\"Products Longchang\",\"item\":\"https:\/\/longchangchemical.com\/product\/\"},{\"@type\":\"ListItem\",\"position\":3,\"name\":\"n-lauroyl-l-glutamic acid cas 3397-65-7\"}]},{\"@type\":\"WebSite\",\"@id\":\"https:\/\/longchangchemical.com\/#website\",\"url\":\"https:\/\/longchangchemical.com\/\",\"name\":\"Longchang Chemical\",\"description\":\"China chemical manufacturer \uff06 supplier\",\"publisher\":{\"@id\":\"https:\/\/longchangchemical.com\/#organization\"},\"potentialAction\":[{\"@type\":\"SearchAction\",\"target\":{\"@type\":\"EntryPoint\",\"urlTemplate\":\"https:\/\/longchangchemical.com\/?s={search_term_string}\"},\"query-input\":{\"@type\":\"PropertyValueSpecification\",\"valueRequired\":true,\"valueName\":\"search_term_string\"}}],\"inLanguage\":\"it-IT\"},{\"@type\":\"Organization\",\"@id\":\"https:\/\/longchangchemical.com\/#organization\",\"name\":\"Longchang Chemical\",\"url\":\"https:\/\/longchangchemical.com\/\",\"logo\":{\"@type\":\"ImageObject\",\"inLanguage\":\"it-IT\",\"@id\":\"https:\/\/longchangchemical.com\/#\/schema\/logo\/image\/\",\"url\":\"https:\/\/longchangchemical.com\/wp-content\/uploads\/2020\/08\/cropped-longchang-logo.png\",\"contentUrl\":\"https:\/\/longchangchemical.com\/wp-content\/uploads\/2020\/08\/cropped-longchang-logo.png\",\"width\":512,\"height\":512,\"caption\":\"Longchang Chemical\"},\"image\":{\"@id\":\"https:\/\/longchangchemical.com\/#\/schema\/logo\/image\/\"}}]}<\/script>\n<!-- \/ Yoast SEO plugin. -->","yoast_head_json":{"title":"Cina Acido N-lauroil-l-glutammico fabbricante - Longchang Chemical","description":"Longchang Chemical \u00e8 un produttore e fornitore leader di acido N-lauroil-l-glutammico in Cina. Possiamo fornire il miglior prezzo di acido N-lauroil-l-glutammico","robots":{"index":"index","follow":"follow","max-snippet":"max-snippet:-1","max-image-preview":"max-image-preview:large","max-video-preview":"max-video-preview:-1"},"canonical":"https:\/\/longchangchemical.com\/it\/product\/n-lauroyl-l-glutamic-acid-cas-3397-65-7\/","og_locale":"it_IT","og_type":"article","og_title":"China N-lauroyl-l-glutamic acid manufacturer - Longchang Chemical","og_description":"Longchang Chemical is a china Leading N-lauroyl-l-glutamic acid manufacturer and 3397-65-7 supplier. We can provide the best N-lauroyl-l-glutamic acid price","og_url":"https:\/\/longchangchemical.com\/it\/product\/n-lauroyl-l-glutamic-acid-cas-3397-65-7\/","og_site_name":"Longchang Chemical","article_modified_time":"2025-12-22T07:52:51+00:00","og_image":[{"width":600,"height":800,"url":"https:\/\/longchangchemical.com\/wp-content\/uploads\/2021\/01\/N-lauroyl-l-glutamic-acid-appearance.jpg","type":"image\/jpeg"}],"twitter_card":"summary_large_image","schema":{"@context":"https:\/\/schema.org","@graph":[{"@type":"WebPage","@id":"https:\/\/longchangchemical.com\/product\/n-lauroyl-l-glutamic-acid-cas-3397-65-7\/","url":"https:\/\/longchangchemical.com\/product\/n-lauroyl-l-glutamic-acid-cas-3397-65-7\/","name":"Cina Acido N-lauroil-l-glutammico fabbricante - Longchang Chemical","isPartOf":{"@id":"https:\/\/longchangchemical.com\/#website"},"primaryImageOfPage":{"@id":"https:\/\/longchangchemical.com\/product\/n-lauroyl-l-glutamic-acid-cas-3397-65-7\/#primaryimage"},"image":{"@id":"https:\/\/longchangchemical.com\/product\/n-lauroyl-l-glutamic-acid-cas-3397-65-7\/#primaryimage"},"thumbnailUrl":"https:\/\/longchangchemical.com\/wp-content\/uploads\/2021\/01\/N-lauroyl-l-glutamic-acid-appearance.jpg","datePublished":"2021-07-29T07:21:15+00:00","dateModified":"2025-12-22T07:52:51+00:00","description":"Longchang Chemical \u00e8 un produttore e fornitore leader di acido N-lauroil-l-glutammico in Cina. Possiamo fornire il miglior prezzo di acido N-lauroil-l-glutammico","breadcrumb":{"@id":"https:\/\/longchangchemical.com\/product\/n-lauroyl-l-glutamic-acid-cas-3397-65-7\/#breadcrumb"},"inLanguage":"it-IT","potentialAction":[{"@type":"ReadAction","target":["https:\/\/longchangchemical.com\/product\/n-lauroyl-l-glutamic-acid-cas-3397-65-7\/"]}]},{"@type":"ImageObject","inLanguage":"it-IT","@id":"https:\/\/longchangchemical.com\/product\/n-lauroyl-l-glutamic-acid-cas-3397-65-7\/#primaryimage","url":"https:\/\/longchangchemical.com\/wp-content\/uploads\/2021\/01\/N-lauroyl-l-glutamic-acid-appearance.jpg","contentUrl":"https:\/\/longchangchemical.com\/wp-content\/uploads\/2021\/01\/N-lauroyl-l-glutamic-acid-appearance.jpg","width":600,"height":800},{"@type":"BreadcrumbList","@id":"https:\/\/longchangchemical.com\/product\/n-lauroyl-l-glutamic-acid-cas-3397-65-7\/#breadcrumb","itemListElement":[{"@type":"ListItem","position":1,"name":"Home","item":"https:\/\/longchangchemical.com\/"},{"@type":"ListItem","position":2,"name":"Products Longchang","item":"https:\/\/longchangchemical.com\/product\/"},{"@type":"ListItem","position":3,"name":"n-lauroyl-l-glutamic acid cas 3397-65-7"}]},{"@type":"WebSite","@id":"https:\/\/longchangchemical.com\/#website","url":"https:\/\/longchangchemical.com\/","name":"Longchang Chemical","description":"Cina produttore di prodotti chimici \uff06 fornitore","publisher":{"@id":"https:\/\/longchangchemical.com\/#organization"},"potentialAction":[{"@type":"SearchAction","target":{"@type":"EntryPoint","urlTemplate":"https:\/\/longchangchemical.com\/?s={search_term_string}"},"query-input":{"@type":"PropertyValueSpecification","valueRequired":true,"valueName":"search_term_string"}}],"inLanguage":"it-IT"},{"@type":"Organization","@id":"https:\/\/longchangchemical.com\/#organization","name":"Longchang Chemical","url":"https:\/\/longchangchemical.com\/","logo":{"@type":"ImageObject","inLanguage":"it-IT","@id":"https:\/\/longchangchemical.com\/#\/schema\/logo\/image\/","url":"https:\/\/longchangchemical.com\/wp-content\/uploads\/2020\/08\/cropped-longchang-logo.png","contentUrl":"https:\/\/longchangchemical.com\/wp-content\/uploads\/2020\/08\/cropped-longchang-logo.png","width":512,"height":512,"caption":"Longchang Chemical"},"image":{"@id":"https:\/\/longchangchemical.com\/#\/schema\/logo\/image\/"}}]}},"_links":{"self":[{"href":"https:\/\/longchangchemical.com\/it\/wp-json\/wp\/v2\/product\/3771","targetHints":{"allow":["GET"]}}],"collection":[{"href":"https:\/\/longchangchemical.com\/it\/wp-json\/wp\/v2\/product"}],"about":[{"href":"https:\/\/longchangchemical.com\/it\/wp-json\/wp\/v2\/types\/product"}],"replies":[{"embeddable":true,"href":"https:\/\/longchangchemical.com\/it\/wp-json\/wp\/v2\/comments?post=3771"}],"wp:featuredmedia":[{"embeddable":true,"href":"https:\/\/longchangchemical.com\/it\/wp-json\/wp\/v2\/media\/4745"}],"wp:attachment":[{"href":"https:\/\/longchangchemical.com\/it\/wp-json\/wp\/v2\/media?parent=3771"}],"wp:term":[{"taxonomy":"product_brand","embeddable":true,"href":"https:\/\/longchangchemical.com\/it\/wp-json\/wp\/v2\/product_brand?post=3771"},{"taxonomy":"product_cat","embeddable":true,"href":"https:\/\/longchangchemical.com\/it\/wp-json\/wp\/v2\/product_cat?post=3771"},{"taxonomy":"product_tag","embeddable":true,"href":"https:\/\/longchangchemical.com\/it\/wp-json\/wp\/v2\/product_tag?post=3771"}],"curies":[{"name":"wp","href":"https:\/\/api.w.org\/{rel}","templated":true}]}}