{"id":3661,"date":"2024-05-15T02:46:16","date_gmt":"2024-05-15T02:46:16","guid":{"rendered":"https:\/\/longchangchemical.com\/?post_type=product&#038;p=3661"},"modified":"2025-12-16T09:39:36","modified_gmt":"2025-12-16T09:39:36","slug":"hydroxypinacolone-retinoate-cas-893412-73-2","status":"publish","type":"product","link":"https:\/\/longchangchemical.com\/it\/product\/hydroxypinacolone-retinoate-cas-893412-73-2\/","title":{"rendered":"idrossipinacolone retinoato cas 893412-73-2"},"content":{"rendered":"<h1><strong>idrossipinacolone retinoato cas 893412-73-2<\/strong><\/h1>\n<p>&nbsp;<\/p>\n<table class=\"table-1\" cellspacing=\"0\">\n<tbody>\n<tr>\n<td>Aspetto<\/td>\n<td>Polvere o cristallo giallo<\/td>\n<\/tr>\n<tr>\n<td>Identificare<\/td>\n<td>Conforme<\/td>\n<\/tr>\n<tr>\n<td>solubilit\u00e0<\/td>\n<td>Non si scioglie in acqua<\/td>\n<\/tr>\n<tr>\n<td>Residui all'accensione<\/td>\n<td>\u22640,1%<\/td>\n<\/tr>\n<tr>\n<td>Metallo pesante<\/td>\n<td>\u226420ppm<\/td>\n<\/tr>\n<tr>\n<td>Test<\/td>\n<td>\u226595.0%<\/td>\n<\/tr>\n<tr>\n<td>Aspetto<\/td>\n<td>Polvere o cristallo giallo<\/td>\n<\/tr>\n<tr>\n<td>Identificare<\/td>\n<td>Conforme<\/td>\n<\/tr>\n<\/tbody>\n<\/table>\n<p>&nbsp;<\/p>\n<p>&nbsp;<\/p>\n<p><strong>Uso dell'idrossipinacolone retinoato<\/strong><\/p>\n<p><strong>L'idrossipinacolone retinoato \u00e8 un derivato del retinolo con la funzione di regolare il metabolismo dell'epidermide e dello strato corneo, che pu\u00f2 essere utilizzato per l'antinvecchiamento, pu\u00f2 ridurre la seborrea, schiarire la pigmentazione epidermica e svolgere un ruolo nella prevenzione dell'invecchiamento cutaneo, nella prevenzione dell'acne e nello sbiancamento e schiarimento delle macchie. Garantisce il potente effetto del retinolo, riducendone notevolmente l'irritazione, e viene attualmente utilizzato per l'antinvecchiamento e la prevenzione delle riacutizzazioni dell'acne.<\/strong><\/p>\n<p>1. Rimozione dell'acne<br \/>\n2.Antirughe<br \/>\n3.Brighten colore della pelle<br \/>\nQuantit\u00e0 di additivo: 0,1 ~ 0,3%<\/p>\n<p><strong>Confezionamento e spedizione dell'Idrossipinacolone Retinoato<\/strong><\/p>\n<p>Imballaggio: G\/Sacchetto di alluminio<\/p>\n<p><strong>Idrossipinacolone Retinoato Conservazione<\/strong><\/p>\n<p>Conservare in un magazzino fresco e ventilato. La temperatura di conservazione non deve superare i 37\u00b0C. Deve essere conservato separatamente da ossidanti e sostanze chimiche commestibili, evitando di essere conservato in modo misto.<\/p>\n<h2><span style=\"color: #000000;\"><strong><b>Contattateci ora!<\/b><\/strong><\/span><\/h2>\n<h4><span style=\"color: #000000;\"><strong><b>Se avete bisogno di Price, inserite i vostri dati di contatto nel modulo sottostante; di solito vi contatteremo entro 24 ore. Potete anche inviarmi un'e-mail <span style=\"color: #00ffff;\"><a style=\"color: #00ffff;\" href=\"mailto:info@longchangchemical.com\">info@longchangchemical.com<\/a><\/span> durante l'orario di lavoro (dalle 8:30 alle 18:00 UTC+8 lun.-sab.) o utilizzare la live chat del sito web per ottenere una risposta immediata.<\/b><\/strong><\/span><\/h4>\n<p><!--more--><\/p>\n<h2><strong>Nuove alternative al retinolo<\/strong><\/h2>\n<p>L'idrossipinacolo rame retinoato, abbreviato HPR, \u00e8 un nuovo derivato retinoide. Si forma per esterificazione dell'acido retinoico e della piccola molecola pinacolo. A differenza di altri derivati dell'acido retinoico, l'HPR conserva il gruppo di efficacia dell'acido retinoico e non ha bisogno di essere convertito in acido retinoico, per cui pu\u00f2 agire direttamente sul recettore dell'acido retinoico e svolgere un ruolo; il suo effetto anti-invecchiamento \u00e8 simile a quello dell'acido retinoico all-trans. In questo articolo verranno descritti alcuni dei suoi vantaggi nell'uso.<\/p>\n<p>Idrossipinacolone retinoato<\/p>\n<p>Pi\u00f9 gentile.<br \/>\nGli scienziati hanno confrontato gli effetti di diverse vitamine A (tra cui l'HPR, l'acido trans retinoico, il retinolo, la retinaldeide e il palmitato di retinile) in termini di anti-invecchiamento e irritazione in un modello in vitro di pelle umana. Questo studio ha rilevato che l'HPR ha indotto un'infiammazione pi\u00f9 debole (marcata dall'IL-1\u03b1) rispetto all'acido retinoico. Anche la citotossicit\u00e0 \u00e8 risultata inferiore a una concentrazione 10 volte superiore. Pertanto, l'HPR \u00e8 un'alternativa pi\u00f9 stabile e pi\u00f9 blanda all'acido retinoico e pu\u00f2 essere utilizzato in cosmetica.<\/p>\n<p>Pi\u00f9 efficace<br \/>\nAntirughe<br \/>\nUtilizzando il prodotto contenente idrossipinacolone retinoide, le immagini del volume delle fossette, delle rughe e delle rughette prese localmente dai soggetti nei giorni 0 (W0), 14 (W14) e 28 (W28) possono essere osservate che dopo l'utilizzo del campione contenente il siero WL-HPR1130 per 2 settimane e 4 settimane, il volume delle fossette dell'angolo degli occhi dei soggetti, le rughe e le rughette sono cambiate in modo significativo, mostrando una tendenza alla diminuzione.<\/p>\n<p>Promuovere il metabolismo della cheratina<br \/>\nL'idrossipinacolone retinoato (HPR) riduce i pori e la rugosit\u00e0 della pelle accelerando il metabolismo della cheratina, consentendo ai cheratinociti di differenziarsi correttamente e promuovendo la sintesi dei lipidi interstiziali, con il risultato di una pelle pi\u00f9 liscia e uniforme.<\/p>\n<p>L'HPR riduce i brufoli attraverso il metabolismo della cheratina, riduce l'ostruzione dell'apertura follicolare e inibisce la secrezione di olio da parte delle ghiandole sebacee, riducendo cos\u00ec i focolai di acne e ottenendo la soppressione e l'eliminazione dell'infiammazione cutanea. Pu\u00f2 anche sbiancare la pelle attraverso il metabolismo della cheratina, accelerando lo scarico dei melanociti e riducendone la produzione.<\/p>\n<p>Pi\u00f9 stabile<br \/>\nI ricercatori hanno testato la fotosensibilit\u00e0 degli analoghi della vitamina A e, tra tutte le vitamine A testate, il palmitato di retinile (Rpal) e il beta-carotene (\u03b2cal) si sono fotodegradati pi\u00f9 facilmente, degradandosi quasi completamente dopo una settimana di esposizione alla luce, mentre l'idrossipinacolone palmitato di retinile (HPR) si \u00e8 degradato solo del 40% dopo una settimana. In media, l'esposizione alla luce ha avuto il minore effetto sulla stabilit\u00e0 dell'HPR di tutte le vitamine A testate.<\/p>\n<p>Inoltre, secondo i dati sperimentali del documento, l'HPR \u00e8 rimasto molto stabile nella formulazione (essenzialmente invariato rispetto al contenuto iniziale di 95%) in un test di stabilit\u00e0 a lungo termine simulato (6 mesi a 25\u00b0C e 60% di umidit\u00e0) e in un test di stabilit\u00e0 accelerata (40\u00b0C, ambiente esposto ai raggi UV). Per diversi altri derivati di classe A \u00e8 stata evidenziata una degradazione significativa.<\/p>\n<p>Sintesi<br \/>\nL'idrossipinacolone retinoato ha un effetto diretto, in grado di legarsi direttamente al recettore dell'acido retinoico senza processo di conversione e ha una rapida insorgenza d'azione; con un piccolo peso molecolare, ha il vantaggio di essere pi\u00f9 facilmente assorbito per via transdermica, di essere poco irritante, di avere un'elevata attivit\u00e0 e un'alta stabilit\u00e0, che non solo \u00e8 migliore in termini di efficacia rispetto al retinolo tradizionale, ma anche di sicurezza, e ha un grande potenziale di applicazione.<\/p>","protected":false},"excerpt":{"rendered":"<p>Nome chimico: Retinoato di idrossipinacolone<\/p>\n<p>N. CAS: 893412-73-2<\/p>\n<p>Formula molecolare: C26H38O3<\/p>\n<p>Peso molecolare: 398,57812<\/p>\n<p>Struttura molecolare:<img decoding=\"async\" title=\"Retinoato di idrossipinacolone CAS 893412-73-2\" src=\"https:\/\/www.longchangchemical.com\/wp-content\/uploads\/product-details\/20200603325600.png\" alt=\"Retinoato di idrossipinacolone CAS 893412-73-2\" width=\"409\" height=\"200\" \/><\/p>\n<p>Aspetto: polvere o cristallo giallo<\/p>\n<p>&nbsp;<\/p>","protected":false},"featured_media":0,"comment_status":"open","ping_status":"closed","template":"","meta":[],"product_brand":[],"product_cat":[103],"product_tag":[],"class_list":{"0":"post-3661","1":"product","2":"type-product","3":"status-publish","5":"product_cat-cosmetic-additives","7":"first","8":"instock","9":"shipping-taxable","10":"product-type-simple"},"yoast_head":"<!-- This site is optimized with the Yoast SEO plugin v25.3.1 - https:\/\/yoast.com\/wordpress\/plugins\/seo\/ -->\n<title>China hydroxypinacolone retinoate cas 893412-73-2 manufacturer - Longchang Chemical<\/title>\n<meta name=\"description\" content=\"hydroxypinacolone retinoate cas 893412-73-2 is key product of LongChang Chemical. We provide best price. We are the leading manufacturer in China with the best quanlity and competitive price.\" \/>\n<meta name=\"robots\" content=\"index, follow, max-snippet:-1, max-image-preview:large, max-video-preview:-1\" \/>\n<link rel=\"canonical\" href=\"https:\/\/longchangchemical.com\/it\/product\/hydroxypinacolone-retinoate-cas-893412-73-2\/\" \/>\n<meta property=\"og:locale\" content=\"it_IT\" \/>\n<meta property=\"og:type\" content=\"article\" \/>\n<meta property=\"og:title\" content=\"China hydroxypinacolone retinoate cas 893412-73-2 manufacturer - Longchang Chemical\" \/>\n<meta property=\"og:description\" content=\"hydroxypinacolone retinoate cas 893412-73-2 is key product of LongChang Chemical. We provide best price. We are the leading manufacturer in China with the best quanlity and competitive price.\" \/>\n<meta property=\"og:url\" content=\"https:\/\/longchangchemical.com\/it\/product\/hydroxypinacolone-retinoate-cas-893412-73-2\/\" \/>\n<meta property=\"og:site_name\" content=\"Longchang Chemical\" \/>\n<meta property=\"article:modified_time\" content=\"2025-12-16T09:39:36+00:00\" \/>\n<meta property=\"og:image\" content=\"https:\/\/longchangchemical.com\/wp-content\/uploads\/2024\/02\/logo-jpeg.jpg\" \/>\n\t<meta property=\"og:image:width\" content=\"1000\" \/>\n\t<meta property=\"og:image:height\" content=\"1000\" \/>\n\t<meta property=\"og:image:type\" content=\"image\/jpeg\" \/>\n<meta name=\"twitter:card\" content=\"summary_large_image\" \/>\n<script type=\"application\/ld+json\" class=\"yoast-schema-graph\">{\"@context\":\"https:\/\/schema.org\",\"@graph\":[{\"@type\":\"WebPage\",\"@id\":\"https:\/\/longchangchemical.com\/product\/hydroxypinacolone-retinoate-cas-893412-73-2\/\",\"url\":\"https:\/\/longchangchemical.com\/product\/hydroxypinacolone-retinoate-cas-893412-73-2\/\",\"name\":\"China hydroxypinacolone retinoate cas 893412-73-2 manufacturer - Longchang Chemical\",\"isPartOf\":{\"@id\":\"https:\/\/longchangchemical.com\/#website\"},\"datePublished\":\"2024-05-15T02:46:16+00:00\",\"dateModified\":\"2025-12-16T09:39:36+00:00\",\"description\":\"hydroxypinacolone retinoate cas 893412-73-2 is key product of LongChang Chemical. We provide best price. We are the leading manufacturer in China with the best quanlity and competitive price.\",\"breadcrumb\":{\"@id\":\"https:\/\/longchangchemical.com\/product\/hydroxypinacolone-retinoate-cas-893412-73-2\/#breadcrumb\"},\"inLanguage\":\"it-IT\",\"potentialAction\":[{\"@type\":\"ReadAction\",\"target\":[\"https:\/\/longchangchemical.com\/product\/hydroxypinacolone-retinoate-cas-893412-73-2\/\"]}]},{\"@type\":\"BreadcrumbList\",\"@id\":\"https:\/\/longchangchemical.com\/product\/hydroxypinacolone-retinoate-cas-893412-73-2\/#breadcrumb\",\"itemListElement\":[{\"@type\":\"ListItem\",\"position\":1,\"name\":\"Home\",\"item\":\"https:\/\/longchangchemical.com\/\"},{\"@type\":\"ListItem\",\"position\":2,\"name\":\"Products Longchang\",\"item\":\"https:\/\/longchangchemical.com\/product\/\"},{\"@type\":\"ListItem\",\"position\":3,\"name\":\"hydroxypinacolone retinoate cas 893412-73-2\"}]},{\"@type\":\"WebSite\",\"@id\":\"https:\/\/longchangchemical.com\/#website\",\"url\":\"https:\/\/longchangchemical.com\/\",\"name\":\"Longchang Chemical\",\"description\":\"China chemical manufacturer \uff06 supplier\",\"publisher\":{\"@id\":\"https:\/\/longchangchemical.com\/#organization\"},\"potentialAction\":[{\"@type\":\"SearchAction\",\"target\":{\"@type\":\"EntryPoint\",\"urlTemplate\":\"https:\/\/longchangchemical.com\/?s={search_term_string}\"},\"query-input\":{\"@type\":\"PropertyValueSpecification\",\"valueRequired\":true,\"valueName\":\"search_term_string\"}}],\"inLanguage\":\"it-IT\"},{\"@type\":\"Organization\",\"@id\":\"https:\/\/longchangchemical.com\/#organization\",\"name\":\"Longchang Chemical\",\"url\":\"https:\/\/longchangchemical.com\/\",\"logo\":{\"@type\":\"ImageObject\",\"inLanguage\":\"it-IT\",\"@id\":\"https:\/\/longchangchemical.com\/#\/schema\/logo\/image\/\",\"url\":\"https:\/\/longchangchemical.com\/wp-content\/uploads\/2020\/08\/cropped-longchang-logo.png\",\"contentUrl\":\"https:\/\/longchangchemical.com\/wp-content\/uploads\/2020\/08\/cropped-longchang-logo.png\",\"width\":512,\"height\":512,\"caption\":\"Longchang Chemical\"},\"image\":{\"@id\":\"https:\/\/longchangchemical.com\/#\/schema\/logo\/image\/\"}}]}<\/script>\n<!-- \/ Yoast SEO plugin. -->","yoast_head_json":{"title":"Cina idrossipinacolone retinoato cas 893412-73-2 fabbricante - Longchang Chemical","description":"idrossipinacolone retinoato cas 893412-73-2 \u00e8 il prodotto chiave di LongChang Chemical. Forniamo il miglior prezzo. Siamo il produttore leader in Cina con la migliore quanlity e il prezzo competitivo.","robots":{"index":"index","follow":"follow","max-snippet":"max-snippet:-1","max-image-preview":"max-image-preview:large","max-video-preview":"max-video-preview:-1"},"canonical":"https:\/\/longchangchemical.com\/it\/product\/hydroxypinacolone-retinoate-cas-893412-73-2\/","og_locale":"it_IT","og_type":"article","og_title":"China hydroxypinacolone retinoate cas 893412-73-2 manufacturer - Longchang Chemical","og_description":"hydroxypinacolone retinoate cas 893412-73-2 is key product of LongChang Chemical. We provide best price. We are the leading manufacturer in China with the best quanlity and competitive price.","og_url":"https:\/\/longchangchemical.com\/it\/product\/hydroxypinacolone-retinoate-cas-893412-73-2\/","og_site_name":"Longchang Chemical","article_modified_time":"2025-12-16T09:39:36+00:00","og_image":[{"width":1000,"height":1000,"url":"https:\/\/longchangchemical.com\/wp-content\/uploads\/2024\/02\/logo-jpeg.jpg","type":"image\/jpeg"}],"twitter_card":"summary_large_image","schema":{"@context":"https:\/\/schema.org","@graph":[{"@type":"WebPage","@id":"https:\/\/longchangchemical.com\/product\/hydroxypinacolone-retinoate-cas-893412-73-2\/","url":"https:\/\/longchangchemical.com\/product\/hydroxypinacolone-retinoate-cas-893412-73-2\/","name":"Cina idrossipinacolone retinoato cas 893412-73-2 fabbricante - Longchang Chemical","isPartOf":{"@id":"https:\/\/longchangchemical.com\/#website"},"datePublished":"2024-05-15T02:46:16+00:00","dateModified":"2025-12-16T09:39:36+00:00","description":"idrossipinacolone retinoato cas 893412-73-2 \u00e8 il prodotto chiave di LongChang Chemical. Forniamo il miglior prezzo. Siamo il produttore leader in Cina con la migliore quanlity e il prezzo competitivo.","breadcrumb":{"@id":"https:\/\/longchangchemical.com\/product\/hydroxypinacolone-retinoate-cas-893412-73-2\/#breadcrumb"},"inLanguage":"it-IT","potentialAction":[{"@type":"ReadAction","target":["https:\/\/longchangchemical.com\/product\/hydroxypinacolone-retinoate-cas-893412-73-2\/"]}]},{"@type":"BreadcrumbList","@id":"https:\/\/longchangchemical.com\/product\/hydroxypinacolone-retinoate-cas-893412-73-2\/#breadcrumb","itemListElement":[{"@type":"ListItem","position":1,"name":"Home","item":"https:\/\/longchangchemical.com\/"},{"@type":"ListItem","position":2,"name":"Products Longchang","item":"https:\/\/longchangchemical.com\/product\/"},{"@type":"ListItem","position":3,"name":"hydroxypinacolone retinoate cas 893412-73-2"}]},{"@type":"WebSite","@id":"https:\/\/longchangchemical.com\/#website","url":"https:\/\/longchangchemical.com\/","name":"Longchang Chemical","description":"Cina produttore di prodotti chimici \uff06 fornitore","publisher":{"@id":"https:\/\/longchangchemical.com\/#organization"},"potentialAction":[{"@type":"SearchAction","target":{"@type":"EntryPoint","urlTemplate":"https:\/\/longchangchemical.com\/?s={search_term_string}"},"query-input":{"@type":"PropertyValueSpecification","valueRequired":true,"valueName":"search_term_string"}}],"inLanguage":"it-IT"},{"@type":"Organization","@id":"https:\/\/longchangchemical.com\/#organization","name":"Longchang Chemical","url":"https:\/\/longchangchemical.com\/","logo":{"@type":"ImageObject","inLanguage":"it-IT","@id":"https:\/\/longchangchemical.com\/#\/schema\/logo\/image\/","url":"https:\/\/longchangchemical.com\/wp-content\/uploads\/2020\/08\/cropped-longchang-logo.png","contentUrl":"https:\/\/longchangchemical.com\/wp-content\/uploads\/2020\/08\/cropped-longchang-logo.png","width":512,"height":512,"caption":"Longchang Chemical"},"image":{"@id":"https:\/\/longchangchemical.com\/#\/schema\/logo\/image\/"}}]}},"_links":{"self":[{"href":"https:\/\/longchangchemical.com\/it\/wp-json\/wp\/v2\/product\/3661","targetHints":{"allow":["GET"]}}],"collection":[{"href":"https:\/\/longchangchemical.com\/it\/wp-json\/wp\/v2\/product"}],"about":[{"href":"https:\/\/longchangchemical.com\/it\/wp-json\/wp\/v2\/types\/product"}],"replies":[{"embeddable":true,"href":"https:\/\/longchangchemical.com\/it\/wp-json\/wp\/v2\/comments?post=3661"}],"wp:attachment":[{"href":"https:\/\/longchangchemical.com\/it\/wp-json\/wp\/v2\/media?parent=3661"}],"wp:term":[{"taxonomy":"product_brand","embeddable":true,"href":"https:\/\/longchangchemical.com\/it\/wp-json\/wp\/v2\/product_brand?post=3661"},{"taxonomy":"product_cat","embeddable":true,"href":"https:\/\/longchangchemical.com\/it\/wp-json\/wp\/v2\/product_cat?post=3661"},{"taxonomy":"product_tag","embeddable":true,"href":"https:\/\/longchangchemical.com\/it\/wp-json\/wp\/v2\/product_tag?post=3661"}],"curies":[{"name":"wp","href":"https:\/\/api.w.org\/{rel}","templated":true}]}}