{"id":3643,"date":"2021-05-18T08:10:14","date_gmt":"2021-05-18T08:10:14","guid":{"rendered":"https:\/\/longchangchemical.com\/?post_type=product&#038;p=3643"},"modified":"2025-12-22T08:18:24","modified_gmt":"2025-12-22T08:18:24","slug":"d-lactide-cas-13076-17-0","status":"publish","type":"product","link":"https:\/\/longchangchemical.com\/it\/product\/d-lactide-cas-13076-17-0\/","title":{"rendered":"D-lattide CAS 13076-17-0"},"content":{"rendered":"<h1><strong>D-lattide CAS 13076-17-0<\/strong><\/h1>\n<table class=\"table-1\" cellspacing=\"0\">\n<tbody>\n<tr>\n<td>\n<h4>Articolo<\/h4>\n<\/td>\n<td>\n<h4>Standard<\/h4>\n<\/td>\n<td>\n<h4>Risultati<\/h4>\n<\/td>\n<\/tr>\n<tr>\n<td>\n<h4>Aspetto<\/h4>\n<\/td>\n<td>\n<h4>Cristalli bianchi<\/h4>\n<\/td>\n<td>\n<h4>Cristalli bianchi<\/h4>\n<\/td>\n<\/tr>\n<tr>\n<td>\n<h4>Punto di fusione (\u2103)<\/h4>\n<\/td>\n<td>\n<h4>96-99<\/h4>\n<\/td>\n<td>\n<h4>97<\/h4>\n<\/td>\n<\/tr>\n<tr>\n<td>\n<h4>Contenuto d'acqua\uff0c%<\/h4>\n<\/td>\n<td>\n<h4>\u22640.4<\/h4>\n<\/td>\n<td>\n<h4>0.12<\/h4>\n<\/td>\n<\/tr>\n<tr>\n<td>\n<h4>Contenuto di metalli pesanti (ppm)<\/h4>\n<\/td>\n<td>\n<h4>\u22645<\/h4>\n<\/td>\n<td>\n<h4>\u22645<\/h4>\n<\/td>\n<\/tr>\n<tr>\n<td>\n<h4>Acido libero<\/h4>\n<\/td>\n<td>\n<h4>\u22640.1<\/h4>\n<\/td>\n<td>\n<h4>0.056<\/h4>\n<\/td>\n<\/tr>\n<tr>\n<td>\n<h4>Cenere, %<\/h4>\n<\/td>\n<td>\n<h4>\u22640.05<\/h4>\n<\/td>\n<td>\n<h4>0.035<\/h4>\n<\/td>\n<\/tr>\n<tr>\n<td>\n<h4>Purezza, %<\/h4>\n<\/td>\n<td>\n<h4>\u226599.5<\/h4>\n<\/td>\n<td>\n<h4>\u226599.5<\/h4>\n<\/td>\n<\/tr>\n<tr>\n<td>\n<h4>Rotazione ottica (diclorometano, 25\u00b0C)<\/h4>\n<\/td>\n<td>\n<h4>260\uff5e265\u00b0<\/h4>\n<\/td>\n<td>\n<h4>262\u00b0<\/h4>\n<\/td>\n<\/tr>\n<tr>\n<td>\n<h4>Conclusione<\/h4>\n<\/td>\n<td colspan=\"2\">\n<h4>Qualificato<\/h4>\n<\/td>\n<\/tr>\n<\/tbody>\n<\/table>\n<p>&nbsp;<\/p>\n<h2><strong>Uso del D-LATTIDE<\/strong><\/h2>\n<h4>Il D-(+)-estere propilico crociato \u00e8 un diestere ciclico dell'acido lattico, un sottoprodotto prodotto dai sarcomeri muscolari e dai globuli rossi quando l'organismo scompone i carboidrati per ottenere energia a bassi livelli di ossigeno. Un catalizzatore adatto pu\u00f2 essere utilizzato per polimerizzare l'estere propionile in acido polilattico, ottenendo un materiale con propriet\u00e0 utili.<\/h4>\n<h4><\/h4>\n<h2><strong>D-LATTIDE Stoccaggio<\/strong><\/h2>\n<h4>1. Questa serie di prodotti \u00e8 costituita da materiali biodegradabili. Evitare il contatto con acqua, sostanze acide, alcaline, reagenti alcolici e altri reagenti che possono causare la degradazione del prodotto durante lo stoccaggio.<\/h4>\n<h4>2. Questa serie di prodotti deve essere sigillata e conservata in un luogo asciutto e a bassa temperatura (congelamento in frigorifero a -20 gradi) durante la conservazione, e deve essere sigillata con un sigillatore (i prodotti rimanenti dopo l'uso non devono essere confezionati e conservati in sacchetti ziplock).<\/h4>\n<h4>3. Quando si utilizza il prodotto, toglierlo dal frigorifero e posizionarlo a temperatura ambiente; attendere che la temperatura raggiunga la temperatura ambiente per eliminare l'umidit\u00e0 condensata sulla superficie del sacchetto di imballaggio prima di aprirlo (l'umidit\u00e0 dell'aria si condensa sulla superficie del prodotto e degrada il prodotto quando viene tolto dal frigorifero senza una temperatura costante e aperto). L'umidit\u00e0 dell'aria nell'ambiente durante l'uso deve essere inferiore a 35% per evitare che i prodotti rimanenti si inumidiscano e compromettano la qualit\u00e0 del prodotto.<\/h4>\n<h2><strong>Confezionamento del D-LATTIDE<\/strong><\/h2>\n<h4>500g\/sacco o 1kg\/sacco o 25kg\/tamburo.<\/h4>\n<p>&nbsp;<\/p>\n<h2><strong>Come distinguere il D-LATTIDE e il L-LATTIDE?<\/strong><\/h2>\n<h4>1. I cristalli aghiformi di L-lattide e D-lattide sono uguali, il punto di fusione \u00e8 lo stesso e l'aspetto \u00e8 indistinguibile. La forma racemica si distingue dall'aspetto, non \u00e8 aghiforme e il punto di fusione \u00e8 diverso.<br \/>\n2. Il magnetismo nucleare e l'infrarosso non possono essere distinti, la rotazione ottica pu\u00f2 essere distinta, la sinistra \u00e8 negativa, la destra \u00e8 positiva, la racemizzazione non ha rotazione ottica<\/h4>\n<p>&nbsp;<\/p>\n<h2><strong>Prodotti della stessa serie<\/strong><\/h2>\n<table style=\"border-collapse: collapse; width: 312.02pt;\" border=\"0\" width=\"416\" cellspacing=\"0\" cellpadding=\"0\">\n<tbody>\n<tr style=\"height: 40.50pt;\">\n<td class=\"et2\" style=\"height: 40.50pt; width: 201.75pt;\" width=\"269\" height=\"54\">\n<h4>D-LATTIDE<\/h4>\n<\/td>\n<td class=\"et2\" style=\"width: 110.25pt;\" width=\"147\">\n<h4>13076-17-0<\/h4>\n<\/td>\n<\/tr>\n<tr style=\"height: 40.50pt;\">\n<td class=\"et2\" style=\"height: 40.50pt; width: 201.75pt;\" width=\"269\" height=\"54\">\n<h4><a href=\"https:\/\/longchangchemical.com\/it\/product\/l-lactide-cas-4511-42-6\/\"><span style=\"color: #0000ff;\">L-LATTIDE<\/span><\/a><\/h4>\n<\/td>\n<td class=\"et2\" style=\"width: 110.25pt;\" width=\"147\">\n<h4>4511-42-6<\/h4>\n<\/td>\n<\/tr>\n<\/tbody>\n<\/table>\n<h2><\/h2>\n<h2><strong><b>Contattateci ora!<\/b><\/strong><\/h2>\n<h4><strong><b>Se avete bisogno di COA, MSDS o TDS, compilate il modulo sottostante; di solito vi contatteremo entro 24 ore. Potete anche inviarmi un'e-mail <span style=\"color: #0000ff;\"><a style=\"color: #0000ff;\" href=\"mailto:info@longchangchemical.com\">info@longchangchemical.com<\/a><\/span> durante l'orario di lavoro (dalle 8:30 alle 18:00 UTC+8 lun.-sab.) o utilizzare la live chat del sito web per ottenere una risposta immediata.<\/b><\/strong><\/h4>\n<p>&nbsp;<\/p>","protected":false},"excerpt":{"rendered":"<h4>Nome del prodotto: D-LATTIDE<\/h4>\n<h4>N. CAS: 13076-17-0<\/h4>\n<h4>Formula molecolare: C6H8O4<\/h4>\n<h4>Peso molecolare: 144,13<\/h4>\n<h4>Struttura chimica: struttura chimica<img decoding=\"async\" title=\"D-LATTIDE CAS 13076-17-0\" src=\"https:\/\/www.longchangchemical.com\/wp-content\/uploads\/product-details\/20200617061310.png\" alt=\"D-LATTIDE CAS 13076-17-0\" \/><\/h4>\n<h4>Aspetto: Cristalli bianchi<\/h4>","protected":false},"featured_media":4625,"comment_status":"open","ping_status":"closed","template":"","meta":[],"product_brand":[],"product_cat":[69],"product_tag":[],"class_list":{"0":"post-3643","1":"product","2":"type-product","3":"status-publish","4":"has-post-thumbnail","6":"product_cat-catalysts-chemical-auxiliary-agents","8":"first","9":"instock","10":"shipping-taxable","11":"product-type-simple"},"yoast_head":"<!-- This site is optimized with the Yoast SEO plugin v25.3.1 - https:\/\/yoast.com\/wordpress\/plugins\/seo\/ -->\n<title>China D-Lactide Manufacturer \uff06 13076-17-0 Supplier - Longchang chemical Co., Ltd.<\/title>\n<meta name=\"description\" content=\"Longchang Chemical is a leading manufacturer and supplier of D-Lactide in China. Buy D-Lactide in china. We can provide the best D-Lactide price.\" \/>\n<meta name=\"robots\" content=\"index, follow, max-snippet:-1, max-image-preview:large, max-video-preview:-1\" \/>\n<link rel=\"canonical\" href=\"https:\/\/longchangchemical.com\/it\/product\/d-lactide-cas-13076-17-0\/\" \/>\n<meta property=\"og:locale\" content=\"it_IT\" \/>\n<meta property=\"og:type\" content=\"article\" \/>\n<meta property=\"og:title\" content=\"China D-Lactide Manufacturer \uff06 13076-17-0 Supplier - Longchang chemical Co., Ltd.\" \/>\n<meta property=\"og:description\" content=\"Longchang Chemical is a leading manufacturer and supplier of D-Lactide in China. Buy D-Lactide in china. We can provide the best D-Lactide price.\" \/>\n<meta property=\"og:url\" content=\"https:\/\/longchangchemical.com\/it\/product\/d-lactide-cas-13076-17-0\/\" \/>\n<meta property=\"og:site_name\" content=\"Longchang Chemical\" \/>\n<meta property=\"article:modified_time\" content=\"2025-12-22T08:18:24+00:00\" \/>\n<meta property=\"og:image\" content=\"https:\/\/longchangchemical.com\/wp-content\/uploads\/2021\/01\/Appearance-26.jpg\" \/>\n\t<meta property=\"og:image:width\" content=\"600\" \/>\n\t<meta property=\"og:image:height\" content=\"800\" \/>\n\t<meta property=\"og:image:type\" content=\"image\/jpeg\" \/>\n<meta name=\"twitter:card\" content=\"summary_large_image\" \/>\n<script type=\"application\/ld+json\" class=\"yoast-schema-graph\">{\"@context\":\"https:\/\/schema.org\",\"@graph\":[{\"@type\":\"WebPage\",\"@id\":\"https:\/\/longchangchemical.com\/product\/d-lactide-cas-13076-17-0\/\",\"url\":\"https:\/\/longchangchemical.com\/product\/d-lactide-cas-13076-17-0\/\",\"name\":\"China D-Lactide Manufacturer \uff06 13076-17-0 Supplier - Longchang chemical Co., Ltd.\",\"isPartOf\":{\"@id\":\"https:\/\/longchangchemical.com\/#website\"},\"primaryImageOfPage\":{\"@id\":\"https:\/\/longchangchemical.com\/product\/d-lactide-cas-13076-17-0\/#primaryimage\"},\"image\":{\"@id\":\"https:\/\/longchangchemical.com\/product\/d-lactide-cas-13076-17-0\/#primaryimage\"},\"thumbnailUrl\":\"https:\/\/longchangchemical.com\/wp-content\/uploads\/2021\/01\/Appearance-26.jpg\",\"datePublished\":\"2021-05-18T08:10:14+00:00\",\"dateModified\":\"2025-12-22T08:18:24+00:00\",\"description\":\"Longchang Chemical is a leading manufacturer and supplier of D-Lactide in China. Buy D-Lactide in china. We can provide the best D-Lactide price.\",\"breadcrumb\":{\"@id\":\"https:\/\/longchangchemical.com\/product\/d-lactide-cas-13076-17-0\/#breadcrumb\"},\"inLanguage\":\"it-IT\",\"potentialAction\":[{\"@type\":\"ReadAction\",\"target\":[\"https:\/\/longchangchemical.com\/product\/d-lactide-cas-13076-17-0\/\"]}]},{\"@type\":\"ImageObject\",\"inLanguage\":\"it-IT\",\"@id\":\"https:\/\/longchangchemical.com\/product\/d-lactide-cas-13076-17-0\/#primaryimage\",\"url\":\"https:\/\/longchangchemical.com\/wp-content\/uploads\/2021\/01\/Appearance-26.jpg\",\"contentUrl\":\"https:\/\/longchangchemical.com\/wp-content\/uploads\/2021\/01\/Appearance-26.jpg\",\"width\":600,\"height\":800},{\"@type\":\"BreadcrumbList\",\"@id\":\"https:\/\/longchangchemical.com\/product\/d-lactide-cas-13076-17-0\/#breadcrumb\",\"itemListElement\":[{\"@type\":\"ListItem\",\"position\":1,\"name\":\"Home\",\"item\":\"https:\/\/longchangchemical.com\/\"},{\"@type\":\"ListItem\",\"position\":2,\"name\":\"Products Longchang\",\"item\":\"https:\/\/longchangchemical.com\/product\/\"},{\"@type\":\"ListItem\",\"position\":3,\"name\":\"D-Lactide CAS 13076-17-0\"}]},{\"@type\":\"WebSite\",\"@id\":\"https:\/\/longchangchemical.com\/#website\",\"url\":\"https:\/\/longchangchemical.com\/\",\"name\":\"Longchang Chemical\",\"description\":\"China chemical manufacturer \uff06 supplier\",\"publisher\":{\"@id\":\"https:\/\/longchangchemical.com\/#organization\"},\"potentialAction\":[{\"@type\":\"SearchAction\",\"target\":{\"@type\":\"EntryPoint\",\"urlTemplate\":\"https:\/\/longchangchemical.com\/?s={search_term_string}\"},\"query-input\":{\"@type\":\"PropertyValueSpecification\",\"valueRequired\":true,\"valueName\":\"search_term_string\"}}],\"inLanguage\":\"it-IT\"},{\"@type\":\"Organization\",\"@id\":\"https:\/\/longchangchemical.com\/#organization\",\"name\":\"Longchang Chemical\",\"url\":\"https:\/\/longchangchemical.com\/\",\"logo\":{\"@type\":\"ImageObject\",\"inLanguage\":\"it-IT\",\"@id\":\"https:\/\/longchangchemical.com\/#\/schema\/logo\/image\/\",\"url\":\"https:\/\/longchangchemical.com\/wp-content\/uploads\/2020\/08\/cropped-longchang-logo.png\",\"contentUrl\":\"https:\/\/longchangchemical.com\/wp-content\/uploads\/2020\/08\/cropped-longchang-logo.png\",\"width\":512,\"height\":512,\"caption\":\"Longchang Chemical\"},\"image\":{\"@id\":\"https:\/\/longchangchemical.com\/#\/schema\/logo\/image\/\"}}]}<\/script>\n<!-- \/ Yoast SEO plugin. -->","yoast_head_json":{"title":"Cina D-Lattide produttore \uff06 13076-17-0 Fornitore - Longchang chemical Co., Ltd.","description":"Longchang Chemical \u00e8 un produttore e fornitore leader di D-Lactide in Cina. Comprare D-Lactide in Cina. Possiamo fornire il miglior prezzo di D-Lactide.","robots":{"index":"index","follow":"follow","max-snippet":"max-snippet:-1","max-image-preview":"max-image-preview:large","max-video-preview":"max-video-preview:-1"},"canonical":"https:\/\/longchangchemical.com\/it\/product\/d-lactide-cas-13076-17-0\/","og_locale":"it_IT","og_type":"article","og_title":"China D-Lactide Manufacturer \uff06 13076-17-0 Supplier - Longchang chemical Co., Ltd.","og_description":"Longchang Chemical is a leading manufacturer and supplier of D-Lactide in China. Buy D-Lactide in china. We can provide the best D-Lactide price.","og_url":"https:\/\/longchangchemical.com\/it\/product\/d-lactide-cas-13076-17-0\/","og_site_name":"Longchang Chemical","article_modified_time":"2025-12-22T08:18:24+00:00","og_image":[{"width":600,"height":800,"url":"https:\/\/longchangchemical.com\/wp-content\/uploads\/2021\/01\/Appearance-26.jpg","type":"image\/jpeg"}],"twitter_card":"summary_large_image","schema":{"@context":"https:\/\/schema.org","@graph":[{"@type":"WebPage","@id":"https:\/\/longchangchemical.com\/product\/d-lactide-cas-13076-17-0\/","url":"https:\/\/longchangchemical.com\/product\/d-lactide-cas-13076-17-0\/","name":"Cina D-Lattide produttore \uff06 13076-17-0 Fornitore - Longchang chemical Co., Ltd.","isPartOf":{"@id":"https:\/\/longchangchemical.com\/#website"},"primaryImageOfPage":{"@id":"https:\/\/longchangchemical.com\/product\/d-lactide-cas-13076-17-0\/#primaryimage"},"image":{"@id":"https:\/\/longchangchemical.com\/product\/d-lactide-cas-13076-17-0\/#primaryimage"},"thumbnailUrl":"https:\/\/longchangchemical.com\/wp-content\/uploads\/2021\/01\/Appearance-26.jpg","datePublished":"2021-05-18T08:10:14+00:00","dateModified":"2025-12-22T08:18:24+00:00","description":"Longchang Chemical \u00e8 un produttore e fornitore leader di D-Lactide in Cina. Comprare D-Lactide in Cina. Possiamo fornire il miglior prezzo di D-Lactide.","breadcrumb":{"@id":"https:\/\/longchangchemical.com\/product\/d-lactide-cas-13076-17-0\/#breadcrumb"},"inLanguage":"it-IT","potentialAction":[{"@type":"ReadAction","target":["https:\/\/longchangchemical.com\/product\/d-lactide-cas-13076-17-0\/"]}]},{"@type":"ImageObject","inLanguage":"it-IT","@id":"https:\/\/longchangchemical.com\/product\/d-lactide-cas-13076-17-0\/#primaryimage","url":"https:\/\/longchangchemical.com\/wp-content\/uploads\/2021\/01\/Appearance-26.jpg","contentUrl":"https:\/\/longchangchemical.com\/wp-content\/uploads\/2021\/01\/Appearance-26.jpg","width":600,"height":800},{"@type":"BreadcrumbList","@id":"https:\/\/longchangchemical.com\/product\/d-lactide-cas-13076-17-0\/#breadcrumb","itemListElement":[{"@type":"ListItem","position":1,"name":"Home","item":"https:\/\/longchangchemical.com\/"},{"@type":"ListItem","position":2,"name":"Products Longchang","item":"https:\/\/longchangchemical.com\/product\/"},{"@type":"ListItem","position":3,"name":"D-Lactide CAS 13076-17-0"}]},{"@type":"WebSite","@id":"https:\/\/longchangchemical.com\/#website","url":"https:\/\/longchangchemical.com\/","name":"Longchang Chemical","description":"Cina produttore di prodotti chimici \uff06 fornitore","publisher":{"@id":"https:\/\/longchangchemical.com\/#organization"},"potentialAction":[{"@type":"SearchAction","target":{"@type":"EntryPoint","urlTemplate":"https:\/\/longchangchemical.com\/?s={search_term_string}"},"query-input":{"@type":"PropertyValueSpecification","valueRequired":true,"valueName":"search_term_string"}}],"inLanguage":"it-IT"},{"@type":"Organization","@id":"https:\/\/longchangchemical.com\/#organization","name":"Longchang Chemical","url":"https:\/\/longchangchemical.com\/","logo":{"@type":"ImageObject","inLanguage":"it-IT","@id":"https:\/\/longchangchemical.com\/#\/schema\/logo\/image\/","url":"https:\/\/longchangchemical.com\/wp-content\/uploads\/2020\/08\/cropped-longchang-logo.png","contentUrl":"https:\/\/longchangchemical.com\/wp-content\/uploads\/2020\/08\/cropped-longchang-logo.png","width":512,"height":512,"caption":"Longchang Chemical"},"image":{"@id":"https:\/\/longchangchemical.com\/#\/schema\/logo\/image\/"}}]}},"_links":{"self":[{"href":"https:\/\/longchangchemical.com\/it\/wp-json\/wp\/v2\/product\/3643","targetHints":{"allow":["GET"]}}],"collection":[{"href":"https:\/\/longchangchemical.com\/it\/wp-json\/wp\/v2\/product"}],"about":[{"href":"https:\/\/longchangchemical.com\/it\/wp-json\/wp\/v2\/types\/product"}],"replies":[{"embeddable":true,"href":"https:\/\/longchangchemical.com\/it\/wp-json\/wp\/v2\/comments?post=3643"}],"wp:featuredmedia":[{"embeddable":true,"href":"https:\/\/longchangchemical.com\/it\/wp-json\/wp\/v2\/media\/4625"}],"wp:attachment":[{"href":"https:\/\/longchangchemical.com\/it\/wp-json\/wp\/v2\/media?parent=3643"}],"wp:term":[{"taxonomy":"product_brand","embeddable":true,"href":"https:\/\/longchangchemical.com\/it\/wp-json\/wp\/v2\/product_brand?post=3643"},{"taxonomy":"product_cat","embeddable":true,"href":"https:\/\/longchangchemical.com\/it\/wp-json\/wp\/v2\/product_cat?post=3643"},{"taxonomy":"product_tag","embeddable":true,"href":"https:\/\/longchangchemical.com\/it\/wp-json\/wp\/v2\/product_tag?post=3643"}],"curies":[{"name":"wp","href":"https:\/\/api.w.org\/{rel}","templated":true}]}}