{"id":3589,"date":"2021-05-13T07:44:05","date_gmt":"2021-05-13T07:44:05","guid":{"rendered":"https:\/\/longchangchemical.com\/?post_type=product&#038;p=3589"},"modified":"2025-12-22T08:28:56","modified_gmt":"2025-12-22T08:28:56","slug":"dl-mandelic-acid-cas-90-64-2","status":"publish","type":"product","link":"https:\/\/longchangchemical.com\/it\/product\/dl-mandelic-acid-cas-90-64-2\/","title":{"rendered":"Acido DL-Mandelico CAS 90-64-2"},"content":{"rendered":"<h1><strong>Acido DL-Mandelico CAS 90-64-2<\/strong><\/h1>\n<table>\n<tbody>\n<tr>\n<td width=\"257\">\n<h4><strong>Articolo<\/strong><\/h4>\n<\/td>\n<td width=\"216\">\n<h4><strong>Specifiche tecniche<\/strong><\/h4>\n<\/td>\n<td width=\"227\">\n<h4><strong>Risultati<\/strong><\/h4>\n<\/td>\n<\/tr>\n<tr>\n<td width=\"257\">\n<h4>Aspetto<\/h4>\n<\/td>\n<td width=\"216\">\n<h4>Cristallo bianco<\/h4>\n<\/td>\n<td width=\"227\">\n<h4>Cristallo bianco<\/h4>\n<\/td>\n<\/tr>\n<tr>\n<td width=\"257\">\n<h4>Solubilit\u00e0<\/h4>\n<\/td>\n<td width=\"216\">\n<h4>Solubile in acqua e in etere<\/h4>\n<\/td>\n<td width=\"227\">\n<h4>Solubile in acqua e in etere<\/h4>\n<\/td>\n<\/tr>\n<tr>\n<td width=\"257\">\n<h4>Cianuro<\/h4>\n<\/td>\n<td width=\"216\">\n<h4>Dovrebbe essere assente<\/h4>\n<\/td>\n<td width=\"227\">\n<h4>Non \u00e8 stato rilevato<\/h4>\n<\/td>\n<\/tr>\n<tr>\n<td width=\"257\">\n<h4>Test (Benzene)<\/h4>\n<\/td>\n<td width=\"216\">\n<h4>50 ppm max<\/h4>\n<\/td>\n<td width=\"227\">\n<h4>Non \u00e8 stato rilevato<\/h4>\n<\/td>\n<\/tr>\n<tr>\n<td width=\"257\">\n<h4>Tenore (su base secca)<\/h4>\n<\/td>\n<td width=\"216\">\n<h4>99% min<\/h4>\n<\/td>\n<td width=\"227\">\n<h4>99.86%<\/h4>\n<\/td>\n<\/tr>\n<tr>\n<td width=\"257\">\n<h4>Punto di fusione<\/h4>\n<\/td>\n<td width=\"216\">\n<h4>117\u2103~121\u2103<\/h4>\n<\/td>\n<td width=\"227\">\n<h4>118.6\u2103~119.2\u2103<\/h4>\n<\/td>\n<\/tr>\n<tr>\n<td width=\"257\">\n<h4>[a]<sub>D<\/sub><sup>20<\/sup><\/h4>\n<\/td>\n<td width=\"216\">\n<h4>\u00b10.25\u00b0<\/h4>\n<\/td>\n<td width=\"227\">\n<h4>0\u00b0<\/h4>\n<\/td>\n<\/tr>\n<tr>\n<td width=\"257\">\n<h4>Trasmittanza<\/h4>\n<h4>(10% p\/v acqua)<\/h4>\n<\/td>\n<td width=\"216\">\n<h4>Non meno di 90%<\/h4>\n<\/td>\n<td width=\"227\">\n<h4>97.1%<\/h4>\n<\/td>\n<\/tr>\n<tr>\n<td width=\"257\">\n<h4>Residui all'accensione<\/h4>\n<\/td>\n<td width=\"216\">\n<h4>0,5% max<\/h4>\n<\/td>\n<td width=\"227\">\n<h4>0.02%<\/h4>\n<\/td>\n<\/tr>\n<tr>\n<td width=\"257\">\n<h4>Torbidit\u00e0<\/h4>\n<\/td>\n<td width=\"216\">\n<h4>\uff1c20NTU<\/h4>\n<\/td>\n<td width=\"227\">\n<h4>11,31NTU<\/h4>\n<\/td>\n<\/tr>\n<tr>\n<td width=\"257\">\n<h4>Umidit\u00e0<\/h4>\n<\/td>\n<td width=\"216\">\n<h4>0,5% max<\/h4>\n<\/td>\n<td width=\"227\">\n<h4>0.07%<\/h4>\n<\/td>\n<\/tr>\n<tr>\n<td width=\"257\">\n<h4>Conclusione<\/h4>\n<\/td>\n<td colspan=\"2\" width=\"443\">\n<h4>I risultati sono conformi agli standard aziendali<\/h4>\n<\/td>\n<\/tr>\n<\/tbody>\n<\/table>\n<h2><strong>Acido DL-Mandelico Uso<\/strong><\/h2>\n<h4>1. L'acido DL-Mandelico \u00e8 una sorta di alfa-idrossiacido della frutta dotato di lipofilia. Rispetto al comune acido glicolico, l'acido mandelico possiede una certa capacit\u00e0 antibatterica. Allo stesso tempo, rispetto ai comuni acido glicolico e acido lattico, la velocit\u00e0 di penetrazione dell'acido mandelico pu\u00f2 essere pi\u00f9 lenta, il che significa che l'irritazione \u00e8 minore rispetto a quella dell'acido glicolico. La sua solubilit\u00e0 nei grassi \u00e8 aumentata e la capacit\u00e0 di permeazione dello strato corneo \u00e8 migliorata.<\/h4>\n<h4>2. Per questo motivo, nell'industria cosmetica, l'acido DL-Mandelico ha anche la funzione di drenare l'olio nei pori e di eliminare l'acne. Come l'acido glicolico e l'acido lattico, anche l'acido mandelico ha un certo effetto sbiancante.<\/h4>\n<h4>3. Gli ingredienti a base di acido DL-Mandelico sono adatti a pelle secca, pelle compatta, pelle non pigmentata, pelle rugosa, pelle tollerante, pelle pigmentata, pelle grassa, questi 7 tipi di pelle.<\/h4>\n<p>&nbsp;<\/p>\n<h2><strong>Acido DL-Mandelico <\/strong><strong>Imballaggio e spedizione<\/strong><\/h2>\n<h4>1 kg\/bottiglia; 25 kg per fusto.<\/h4>\n<p>&nbsp;<\/p>\n<h2><strong>Acido DL-Mandelico Stoccaggio<\/strong><\/h2>\n<h4>L'esposizione prolungata alla luce ne provoca lo scolorimento e la decomposizione. \u00c8 sensibile alla luce e acido al tornasole, quindi deve essere conservato in celle frigorifere al riparo dalla luce.<\/h4>\n<h2><strong>Prodotti della stessa serie<\/strong><\/h2>\n<table style=\"border-collapse: collapse; width: 312.02pt;\" border=\"0\" width=\"416\" cellspacing=\"0\" cellpadding=\"0\">\n<tbody>\n<tr style=\"height: 54.00pt;\">\n<td class=\"et3\" style=\"height: 54.00pt; width: 201.75pt;\" width=\"269\" height=\"72\">\n<h4>Acido DL-Mandelico<\/h4>\n<\/td>\n<td class=\"et3\" style=\"width: 110.25pt;\" width=\"147\">\n<h4>90-64-2<\/h4>\n<\/td>\n<\/tr>\n<tr style=\"height: 54.00pt;\">\n<td class=\"et4\" style=\"height: 54.00pt; width: 201.75pt;\" width=\"269\" height=\"72\">\n<h4><a href=\"https:\/\/longchangchemical.com\/it\/product\/d-mandelic-acid-cas-611-71-2\/\"><span style=\"color: #0000ff;\">Acido D-Mandelico<\/span><\/a><\/h4>\n<\/td>\n<td class=\"et4\" style=\"width: 110.25pt;\" width=\"147\">\n<h4>611-71-2<\/h4>\n<\/td>\n<\/tr>\n<tr style=\"height: 40.50pt;\">\n<td class=\"et5\" style=\"height: 40.50pt; width: 201.75pt;\" width=\"269\" height=\"54\">\n<h4><a href=\"https:\/\/longchangchemical.com\/it\/product\/l-mandelic-acid-cas-17199-29-0\/\"><span style=\"color: #0000ff;\">Acido L-mandelico<\/span><\/a><\/h4>\n<\/td>\n<td class=\"et5\" style=\"width: 110.25pt;\" width=\"147\">\n<h4>17199-29-0<\/h4>\n<\/td>\n<\/tr>\n<\/tbody>\n<\/table>\n<h2><strong><b>Contattateci ora!<\/b><\/strong><\/h2>\n<h4><strong><b>Se avete bisogno di COA, MSDS o TDS, compilate il modulo sottostante; di solito vi contatteremo entro 24 ore. Potete anche inviarmi un'e-mail <a href=\"mailto:info@longchangchemical.com\">info@longchangchemical.com<\/a> durante l'orario di lavoro (dalle 8:30 alle 18:00 UTC+8 lun.-sab.) o utilizzare la live chat del sito web per ottenere una risposta immediata.<\/b><\/strong><\/h4>","protected":false},"excerpt":{"rendered":"<h4>Nome chimico: Acido DL-Mandelico<\/h4>\n<h4>N. CAS: 90-64-2<\/h4>\n<h4>Fomula molecolare: C8H8O3<\/h4>\n<h4>Struttura chimica:<img decoding=\"async\" title=\"Acido DL-Mandelico CAS 90-64-2\" src=\"https:\/\/www.longchangchemical.com\/wp-content\/uploads\/product-details\/20200617202770.png\" alt=\"Acido DL-Mandelico CAS 90-64-2\" \/><\/h4>\n<h4>Peso molecolare: 152,15<\/h4>\n<h4>DL-Acido mandelicoPunto di fusione: 119-121\u00b0C (lit.)<\/h4>\n<h4>Aspetto: Cristallo bianco ortorombico sfaldabile<\/h4>\n<h4>Test: 99%<\/h4>","protected":false},"featured_media":4609,"comment_status":"open","ping_status":"closed","template":"","meta":[],"product_brand":[],"product_cat":[103],"product_tag":[],"class_list":{"0":"post-3589","1":"product","2":"type-product","3":"status-publish","4":"has-post-thumbnail","6":"product_cat-cosmetic-additives","8":"first","9":"instock","10":"shipping-taxable","11":"product-type-simple"},"yoast_head":"<!-- This site is optimized with the Yoast SEO plugin v25.3.1 - https:\/\/yoast.com\/wordpress\/plugins\/seo\/ -->\n<title>China DL-Mandelic acid Manufacturer \uff06 90-64-2 Supplier - Longchang chemical Co., Ltd.<\/title>\n<meta name=\"description\" content=\"Longchang Chemical is a leading manufacturer and supplier of DL-Mandelic acid in China. Buy DL-Mandelic acid in china. We can provide the best DL-Mandelic acid price.\" \/>\n<meta name=\"robots\" content=\"index, follow, max-snippet:-1, max-image-preview:large, max-video-preview:-1\" \/>\n<link rel=\"canonical\" href=\"https:\/\/longchangchemical.com\/it\/product\/dl-mandelic-acid-cas-90-64-2\/\" \/>\n<meta property=\"og:locale\" content=\"it_IT\" \/>\n<meta property=\"og:type\" content=\"article\" \/>\n<meta property=\"og:title\" content=\"China DL-Mandelic acid Manufacturer \uff06 90-64-2 Supplier - Longchang chemical Co., Ltd.\" \/>\n<meta property=\"og:description\" content=\"Longchang Chemical is a leading manufacturer and supplier of DL-Mandelic acid in China. Buy DL-Mandelic acid in china. We can provide the best DL-Mandelic acid price.\" \/>\n<meta property=\"og:url\" content=\"https:\/\/longchangchemical.com\/it\/product\/dl-mandelic-acid-cas-90-64-2\/\" \/>\n<meta property=\"og:site_name\" content=\"Longchang Chemical\" \/>\n<meta property=\"article:modified_time\" content=\"2025-12-22T08:28:56+00:00\" \/>\n<meta property=\"og:image\" content=\"https:\/\/longchangchemical.com\/wp-content\/uploads\/2021\/05\/DL-Mandelic-acid-Appearance.jpg\" \/>\n\t<meta property=\"og:image:width\" content=\"600\" \/>\n\t<meta property=\"og:image:height\" content=\"800\" \/>\n\t<meta property=\"og:image:type\" content=\"image\/jpeg\" \/>\n<meta name=\"twitter:card\" content=\"summary_large_image\" \/>\n<script type=\"application\/ld+json\" class=\"yoast-schema-graph\">{\"@context\":\"https:\/\/schema.org\",\"@graph\":[{\"@type\":\"WebPage\",\"@id\":\"https:\/\/longchangchemical.com\/product\/dl-mandelic-acid-cas-90-64-2\/\",\"url\":\"https:\/\/longchangchemical.com\/product\/dl-mandelic-acid-cas-90-64-2\/\",\"name\":\"China DL-Mandelic acid Manufacturer \uff06 90-64-2 Supplier - Longchang chemical Co., Ltd.\",\"isPartOf\":{\"@id\":\"https:\/\/longchangchemical.com\/#website\"},\"primaryImageOfPage\":{\"@id\":\"https:\/\/longchangchemical.com\/product\/dl-mandelic-acid-cas-90-64-2\/#primaryimage\"},\"image\":{\"@id\":\"https:\/\/longchangchemical.com\/product\/dl-mandelic-acid-cas-90-64-2\/#primaryimage\"},\"thumbnailUrl\":\"https:\/\/longchangchemical.com\/wp-content\/uploads\/2021\/05\/DL-Mandelic-acid-Appearance.jpg\",\"datePublished\":\"2021-05-13T07:44:05+00:00\",\"dateModified\":\"2025-12-22T08:28:56+00:00\",\"description\":\"Longchang Chemical is a leading manufacturer and supplier of DL-Mandelic acid in China. Buy DL-Mandelic acid in china. We can provide the best DL-Mandelic acid price.\",\"breadcrumb\":{\"@id\":\"https:\/\/longchangchemical.com\/product\/dl-mandelic-acid-cas-90-64-2\/#breadcrumb\"},\"inLanguage\":\"it-IT\",\"potentialAction\":[{\"@type\":\"ReadAction\",\"target\":[\"https:\/\/longchangchemical.com\/product\/dl-mandelic-acid-cas-90-64-2\/\"]}]},{\"@type\":\"ImageObject\",\"inLanguage\":\"it-IT\",\"@id\":\"https:\/\/longchangchemical.com\/product\/dl-mandelic-acid-cas-90-64-2\/#primaryimage\",\"url\":\"https:\/\/longchangchemical.com\/wp-content\/uploads\/2021\/05\/DL-Mandelic-acid-Appearance.jpg\",\"contentUrl\":\"https:\/\/longchangchemical.com\/wp-content\/uploads\/2021\/05\/DL-Mandelic-acid-Appearance.jpg\",\"width\":600,\"height\":800,\"caption\":\"Appearance\"},{\"@type\":\"BreadcrumbList\",\"@id\":\"https:\/\/longchangchemical.com\/product\/dl-mandelic-acid-cas-90-64-2\/#breadcrumb\",\"itemListElement\":[{\"@type\":\"ListItem\",\"position\":1,\"name\":\"Home\",\"item\":\"https:\/\/longchangchemical.com\/\"},{\"@type\":\"ListItem\",\"position\":2,\"name\":\"Products Longchang\",\"item\":\"https:\/\/longchangchemical.com\/product\/\"},{\"@type\":\"ListItem\",\"position\":3,\"name\":\"DL-Mandelic acid CAS 90-64-2\"}]},{\"@type\":\"WebSite\",\"@id\":\"https:\/\/longchangchemical.com\/#website\",\"url\":\"https:\/\/longchangchemical.com\/\",\"name\":\"Longchang Chemical\",\"description\":\"China chemical manufacturer \uff06 supplier\",\"publisher\":{\"@id\":\"https:\/\/longchangchemical.com\/#organization\"},\"potentialAction\":[{\"@type\":\"SearchAction\",\"target\":{\"@type\":\"EntryPoint\",\"urlTemplate\":\"https:\/\/longchangchemical.com\/?s={search_term_string}\"},\"query-input\":{\"@type\":\"PropertyValueSpecification\",\"valueRequired\":true,\"valueName\":\"search_term_string\"}}],\"inLanguage\":\"it-IT\"},{\"@type\":\"Organization\",\"@id\":\"https:\/\/longchangchemical.com\/#organization\",\"name\":\"Longchang Chemical\",\"url\":\"https:\/\/longchangchemical.com\/\",\"logo\":{\"@type\":\"ImageObject\",\"inLanguage\":\"it-IT\",\"@id\":\"https:\/\/longchangchemical.com\/#\/schema\/logo\/image\/\",\"url\":\"https:\/\/longchangchemical.com\/wp-content\/uploads\/2020\/08\/cropped-longchang-logo.png\",\"contentUrl\":\"https:\/\/longchangchemical.com\/wp-content\/uploads\/2020\/08\/cropped-longchang-logo.png\",\"width\":512,\"height\":512,\"caption\":\"Longchang Chemical\"},\"image\":{\"@id\":\"https:\/\/longchangchemical.com\/#\/schema\/logo\/image\/\"}}]}<\/script>\n<!-- \/ Yoast SEO plugin. -->","yoast_head_json":{"title":"Cina Acido DL-Mandelico Produttore \uff06 90-64-2 Fornitore - Longchang chemical Co., Ltd.","description":"Longchang Chemical \u00e8 un produttore e fornitore leader di acido DL-Mandelico in Cina. Acquistare l'acido DL-Mandelico in Cina. Possiamo fornire il miglior prezzo dell'acido DL-Mandelico.","robots":{"index":"index","follow":"follow","max-snippet":"max-snippet:-1","max-image-preview":"max-image-preview:large","max-video-preview":"max-video-preview:-1"},"canonical":"https:\/\/longchangchemical.com\/it\/product\/dl-mandelic-acid-cas-90-64-2\/","og_locale":"it_IT","og_type":"article","og_title":"China DL-Mandelic acid Manufacturer \uff06 90-64-2 Supplier - Longchang chemical Co., Ltd.","og_description":"Longchang Chemical is a leading manufacturer and supplier of DL-Mandelic acid in China. Buy DL-Mandelic acid in china. We can provide the best DL-Mandelic acid price.","og_url":"https:\/\/longchangchemical.com\/it\/product\/dl-mandelic-acid-cas-90-64-2\/","og_site_name":"Longchang Chemical","article_modified_time":"2025-12-22T08:28:56+00:00","og_image":[{"width":600,"height":800,"url":"https:\/\/longchangchemical.com\/wp-content\/uploads\/2021\/05\/DL-Mandelic-acid-Appearance.jpg","type":"image\/jpeg"}],"twitter_card":"summary_large_image","schema":{"@context":"https:\/\/schema.org","@graph":[{"@type":"WebPage","@id":"https:\/\/longchangchemical.com\/product\/dl-mandelic-acid-cas-90-64-2\/","url":"https:\/\/longchangchemical.com\/product\/dl-mandelic-acid-cas-90-64-2\/","name":"Cina Acido DL-Mandelico Produttore \uff06 90-64-2 Fornitore - Longchang chemical Co., Ltd.","isPartOf":{"@id":"https:\/\/longchangchemical.com\/#website"},"primaryImageOfPage":{"@id":"https:\/\/longchangchemical.com\/product\/dl-mandelic-acid-cas-90-64-2\/#primaryimage"},"image":{"@id":"https:\/\/longchangchemical.com\/product\/dl-mandelic-acid-cas-90-64-2\/#primaryimage"},"thumbnailUrl":"https:\/\/longchangchemical.com\/wp-content\/uploads\/2021\/05\/DL-Mandelic-acid-Appearance.jpg","datePublished":"2021-05-13T07:44:05+00:00","dateModified":"2025-12-22T08:28:56+00:00","description":"Longchang Chemical \u00e8 un produttore e fornitore leader di acido DL-Mandelico in Cina. Acquistare l'acido DL-Mandelico in Cina. Possiamo fornire il miglior prezzo dell'acido DL-Mandelico.","breadcrumb":{"@id":"https:\/\/longchangchemical.com\/product\/dl-mandelic-acid-cas-90-64-2\/#breadcrumb"},"inLanguage":"it-IT","potentialAction":[{"@type":"ReadAction","target":["https:\/\/longchangchemical.com\/product\/dl-mandelic-acid-cas-90-64-2\/"]}]},{"@type":"ImageObject","inLanguage":"it-IT","@id":"https:\/\/longchangchemical.com\/product\/dl-mandelic-acid-cas-90-64-2\/#primaryimage","url":"https:\/\/longchangchemical.com\/wp-content\/uploads\/2021\/05\/DL-Mandelic-acid-Appearance.jpg","contentUrl":"https:\/\/longchangchemical.com\/wp-content\/uploads\/2021\/05\/DL-Mandelic-acid-Appearance.jpg","width":600,"height":800,"caption":"Appearance"},{"@type":"BreadcrumbList","@id":"https:\/\/longchangchemical.com\/product\/dl-mandelic-acid-cas-90-64-2\/#breadcrumb","itemListElement":[{"@type":"ListItem","position":1,"name":"Home","item":"https:\/\/longchangchemical.com\/"},{"@type":"ListItem","position":2,"name":"Products Longchang","item":"https:\/\/longchangchemical.com\/product\/"},{"@type":"ListItem","position":3,"name":"DL-Mandelic acid CAS 90-64-2"}]},{"@type":"WebSite","@id":"https:\/\/longchangchemical.com\/#website","url":"https:\/\/longchangchemical.com\/","name":"Longchang Chemical","description":"Cina produttore di prodotti chimici \uff06 fornitore","publisher":{"@id":"https:\/\/longchangchemical.com\/#organization"},"potentialAction":[{"@type":"SearchAction","target":{"@type":"EntryPoint","urlTemplate":"https:\/\/longchangchemical.com\/?s={search_term_string}"},"query-input":{"@type":"PropertyValueSpecification","valueRequired":true,"valueName":"search_term_string"}}],"inLanguage":"it-IT"},{"@type":"Organization","@id":"https:\/\/longchangchemical.com\/#organization","name":"Longchang Chemical","url":"https:\/\/longchangchemical.com\/","logo":{"@type":"ImageObject","inLanguage":"it-IT","@id":"https:\/\/longchangchemical.com\/#\/schema\/logo\/image\/","url":"https:\/\/longchangchemical.com\/wp-content\/uploads\/2020\/08\/cropped-longchang-logo.png","contentUrl":"https:\/\/longchangchemical.com\/wp-content\/uploads\/2020\/08\/cropped-longchang-logo.png","width":512,"height":512,"caption":"Longchang Chemical"},"image":{"@id":"https:\/\/longchangchemical.com\/#\/schema\/logo\/image\/"}}]}},"_links":{"self":[{"href":"https:\/\/longchangchemical.com\/it\/wp-json\/wp\/v2\/product\/3589","targetHints":{"allow":["GET"]}}],"collection":[{"href":"https:\/\/longchangchemical.com\/it\/wp-json\/wp\/v2\/product"}],"about":[{"href":"https:\/\/longchangchemical.com\/it\/wp-json\/wp\/v2\/types\/product"}],"replies":[{"embeddable":true,"href":"https:\/\/longchangchemical.com\/it\/wp-json\/wp\/v2\/comments?post=3589"}],"wp:featuredmedia":[{"embeddable":true,"href":"https:\/\/longchangchemical.com\/it\/wp-json\/wp\/v2\/media\/4609"}],"wp:attachment":[{"href":"https:\/\/longchangchemical.com\/it\/wp-json\/wp\/v2\/media?parent=3589"}],"wp:term":[{"taxonomy":"product_brand","embeddable":true,"href":"https:\/\/longchangchemical.com\/it\/wp-json\/wp\/v2\/product_brand?post=3589"},{"taxonomy":"product_cat","embeddable":true,"href":"https:\/\/longchangchemical.com\/it\/wp-json\/wp\/v2\/product_cat?post=3589"},{"taxonomy":"product_tag","embeddable":true,"href":"https:\/\/longchangchemical.com\/it\/wp-json\/wp\/v2\/product_tag?post=3589"}],"curies":[{"name":"wp","href":"https:\/\/api.w.org\/{rel}","templated":true}]}}