{"id":3571,"date":"2021-04-12T13:15:05","date_gmt":"2021-04-12T13:15:05","guid":{"rendered":"https:\/\/longchangchemical.com\/?post_type=product&#038;p=3571"},"modified":"2025-12-22T09:42:12","modified_gmt":"2025-12-22T09:42:12","slug":"candelilla-wax-cas-8006-44-8","status":"publish","type":"product","link":"https:\/\/longchangchemical.com\/it\/product\/candelilla-wax-cas-8006-44-8\/","title":{"rendered":"Cera di candelilla CAS 8006-44-8"},"content":{"rendered":"<h1><strong>Cera di candelilla CAS 8006-44-8<\/strong><\/h1>\n<table class=\"table-1\" cellspacing=\"0\">\n<tbody>\n<tr>\n<td>\n<h4>Articolo<\/h4>\n<\/td>\n<td>\n<h4>Specifiche tecniche<\/h4>\n<\/td>\n<\/tr>\n<tr>\n<td>\n<h4>Punto di condensazione<\/h4>\n<\/td>\n<td>\n<h4>67,0 (termometro rotante)<\/h4>\n<\/td>\n<\/tr>\n<tr>\n<td>\n<h4>Valore acido<\/h4>\n<\/td>\n<td>\n<h4>16,79mg KOH\/g<\/h4>\n<\/td>\n<\/tr>\n<tr>\n<td>\n<h4>Valore della Pasqua<\/h4>\n<\/td>\n<td>\n<h4>39,56 mg KOH\/g<\/h4>\n<\/td>\n<\/tr>\n<tr>\n<td>\n<h4>Valore di saponificazione<\/h4>\n<\/td>\n<td>\n<h4>56,35 mg KOH\/g<\/h4>\n<\/td>\n<\/tr>\n<\/tbody>\n<\/table>\n<h2><\/h2>\n<h2><strong>Cera di Candelilla Uso<\/strong><\/h2>\n<h4>1. La cera di Candelilla \u00e8 una cera vegetale marrone che viene estratta da un'erba che cresce in Texas e in Messico. \u00c8 seconda solo alla cera di carnauba in termini di durezza, e la sua temperatura di fusione \u00e8 compresa tra 67 e 71. Come la cera di carnauba, la cera di candelilla viene utilizzata per aumentare la durezza della cera quando viene mescolata con altri ingredienti, ma il suo effetto indurente non \u00e8 buono come quello della cera di carnauba.<\/h4>\n<h4>2.  Questo prodotto pu\u00f2 essere utilizzato come agente decorativo e lubrificante per le superfici e per la produzione di carta di cera d'api.<\/h4>\n<h2><\/h2>\n<h2><strong>Cera di Candelilla Imballaggio e spedizione<\/strong><\/h2>\n<h4>Imballaggio: 25kg\/sacco<\/h4>\n<p>&nbsp;<\/p>\n<h2><strong>Cera di Candelilla Stoccaggio<\/strong><\/h2>\n<h4>Conservato in un magazzino fresco, asciutto e buio.<\/h4>\n<p>&nbsp;<\/p>\n<h2><strong><b>Contattateci ora!<\/b><\/strong><\/h2>\n<h4><strong><b>Forniamo servizi personalizzati, di solito vi contatteremo entro 24 ore. Potete anche inviarmi un'e-mail a info@longchangchemical.com durante l'orario di lavoro (dalle 8:30 alle 18:00 UTC+8 Lun.~Sab.) o utilizzare la chat dal vivo del sito web per ottenere una risposta immediata.<\/b><\/strong><\/h4>","protected":false},"excerpt":{"rendered":"<h4>Nome chimico: Cera di Candelilla<\/h4>\n<h4>N. CAS: 8006-44-8<\/h4>\n<h4>Formula molecolare: C31H64<\/h4>\n<h4>Peso molecolare: 436,840<\/h4>\n<h4>Aspetto: fiocchi gialli<\/h4>","protected":false},"featured_media":4491,"comment_status":"open","ping_status":"closed","template":"","meta":[],"product_brand":[],"product_cat":[69],"product_tag":[],"class_list":{"0":"post-3571","1":"product","2":"type-product","3":"status-publish","4":"has-post-thumbnail","6":"product_cat-catalysts-chemical-auxiliary-agents","8":"first","9":"instock","10":"shipping-taxable","11":"product-type-simple"},"yoast_head":"<!-- This site is optimized with the Yoast SEO plugin v25.3.1 - https:\/\/yoast.com\/wordpress\/plugins\/seo\/ -->\n<title>China Candelilla wax Manufacturer \uff06 Supplier - Longchang chemical Co., Ltd.<\/title>\n<meta name=\"description\" content=\"Longchang Chemical is a leading manufacturer and supplier of Candelilla wax in China. Buy Candelilla wax in china. We can provide the best Candelilla wax price.\" \/>\n<meta name=\"robots\" content=\"index, follow, max-snippet:-1, max-image-preview:large, max-video-preview:-1\" \/>\n<link rel=\"canonical\" href=\"https:\/\/longchangchemical.com\/it\/product\/candelilla-wax-cas-8006-44-8\/\" \/>\n<meta property=\"og:locale\" content=\"it_IT\" \/>\n<meta property=\"og:type\" content=\"article\" \/>\n<meta property=\"og:title\" content=\"China Candelilla wax Manufacturer \uff06 Supplier - Longchang chemical Co., Ltd.\" \/>\n<meta property=\"og:description\" content=\"Longchang Chemical is a leading manufacturer and supplier of Candelilla wax in China. Buy Candelilla wax in china. We can provide the best Candelilla wax price.\" \/>\n<meta property=\"og:url\" content=\"https:\/\/longchangchemical.com\/it\/product\/candelilla-wax-cas-8006-44-8\/\" \/>\n<meta property=\"og:site_name\" content=\"Longchang Chemical\" \/>\n<meta property=\"article:modified_time\" content=\"2025-12-22T09:42:12+00:00\" \/>\n<meta property=\"og:image\" content=\"https:\/\/longchangchemical.com\/wp-content\/uploads\/2021\/01\/Appearance-16.jpg\" \/>\n\t<meta property=\"og:image:width\" content=\"600\" \/>\n\t<meta property=\"og:image:height\" content=\"800\" \/>\n\t<meta property=\"og:image:type\" content=\"image\/jpeg\" \/>\n<meta name=\"twitter:card\" content=\"summary_large_image\" \/>\n<script type=\"application\/ld+json\" class=\"yoast-schema-graph\">{\"@context\":\"https:\/\/schema.org\",\"@graph\":[{\"@type\":\"WebPage\",\"@id\":\"https:\/\/longchangchemical.com\/product\/candelilla-wax-cas-8006-44-8\/\",\"url\":\"https:\/\/longchangchemical.com\/product\/candelilla-wax-cas-8006-44-8\/\",\"name\":\"China Candelilla wax Manufacturer \uff06 Supplier - Longchang chemical Co., Ltd.\",\"isPartOf\":{\"@id\":\"https:\/\/longchangchemical.com\/#website\"},\"primaryImageOfPage\":{\"@id\":\"https:\/\/longchangchemical.com\/product\/candelilla-wax-cas-8006-44-8\/#primaryimage\"},\"image\":{\"@id\":\"https:\/\/longchangchemical.com\/product\/candelilla-wax-cas-8006-44-8\/#primaryimage\"},\"thumbnailUrl\":\"https:\/\/longchangchemical.com\/wp-content\/uploads\/2021\/01\/Appearance-16.jpg\",\"datePublished\":\"2021-04-12T13:15:05+00:00\",\"dateModified\":\"2025-12-22T09:42:12+00:00\",\"description\":\"Longchang Chemical is a leading manufacturer and supplier of Candelilla wax in China. Buy Candelilla wax in china. We can provide the best Candelilla wax price.\",\"breadcrumb\":{\"@id\":\"https:\/\/longchangchemical.com\/product\/candelilla-wax-cas-8006-44-8\/#breadcrumb\"},\"inLanguage\":\"it-IT\",\"potentialAction\":[{\"@type\":\"ReadAction\",\"target\":[\"https:\/\/longchangchemical.com\/product\/candelilla-wax-cas-8006-44-8\/\"]}]},{\"@type\":\"ImageObject\",\"inLanguage\":\"it-IT\",\"@id\":\"https:\/\/longchangchemical.com\/product\/candelilla-wax-cas-8006-44-8\/#primaryimage\",\"url\":\"https:\/\/longchangchemical.com\/wp-content\/uploads\/2021\/01\/Appearance-16.jpg\",\"contentUrl\":\"https:\/\/longchangchemical.com\/wp-content\/uploads\/2021\/01\/Appearance-16.jpg\",\"width\":600,\"height\":800,\"caption\":\"Candelilla wax Appearance\"},{\"@type\":\"BreadcrumbList\",\"@id\":\"https:\/\/longchangchemical.com\/product\/candelilla-wax-cas-8006-44-8\/#breadcrumb\",\"itemListElement\":[{\"@type\":\"ListItem\",\"position\":1,\"name\":\"Home\",\"item\":\"https:\/\/longchangchemical.com\/\"},{\"@type\":\"ListItem\",\"position\":2,\"name\":\"Products Longchang\",\"item\":\"https:\/\/longchangchemical.com\/product\/\"},{\"@type\":\"ListItem\",\"position\":3,\"name\":\"Candelilla wax CAS 8006-44-8\"}]},{\"@type\":\"WebSite\",\"@id\":\"https:\/\/longchangchemical.com\/#website\",\"url\":\"https:\/\/longchangchemical.com\/\",\"name\":\"Longchang Chemical\",\"description\":\"China chemical manufacturer \uff06 supplier\",\"publisher\":{\"@id\":\"https:\/\/longchangchemical.com\/#organization\"},\"potentialAction\":[{\"@type\":\"SearchAction\",\"target\":{\"@type\":\"EntryPoint\",\"urlTemplate\":\"https:\/\/longchangchemical.com\/?s={search_term_string}\"},\"query-input\":{\"@type\":\"PropertyValueSpecification\",\"valueRequired\":true,\"valueName\":\"search_term_string\"}}],\"inLanguage\":\"it-IT\"},{\"@type\":\"Organization\",\"@id\":\"https:\/\/longchangchemical.com\/#organization\",\"name\":\"Longchang Chemical\",\"url\":\"https:\/\/longchangchemical.com\/\",\"logo\":{\"@type\":\"ImageObject\",\"inLanguage\":\"it-IT\",\"@id\":\"https:\/\/longchangchemical.com\/#\/schema\/logo\/image\/\",\"url\":\"https:\/\/longchangchemical.com\/wp-content\/uploads\/2020\/08\/cropped-longchang-logo.png\",\"contentUrl\":\"https:\/\/longchangchemical.com\/wp-content\/uploads\/2020\/08\/cropped-longchang-logo.png\",\"width\":512,\"height\":512,\"caption\":\"Longchang Chemical\"},\"image\":{\"@id\":\"https:\/\/longchangchemical.com\/#\/schema\/logo\/image\/\"}}]}<\/script>\n<!-- \/ Yoast SEO plugin. -->","yoast_head_json":{"title":"Cina Cera di Candelilla Produttore \uff06 Fornitore - Longchang chemical Co., Ltd.","description":"Longchang Chemical \u00e8 un produttore e fornitore leader di cera Candelilla in Cina. Acquistare la cera di Candelilla in Cina. Possiamo fornire il miglior prezzo della cera Candelilla.","robots":{"index":"index","follow":"follow","max-snippet":"max-snippet:-1","max-image-preview":"max-image-preview:large","max-video-preview":"max-video-preview:-1"},"canonical":"https:\/\/longchangchemical.com\/it\/product\/candelilla-wax-cas-8006-44-8\/","og_locale":"it_IT","og_type":"article","og_title":"China Candelilla wax Manufacturer \uff06 Supplier - Longchang chemical Co., Ltd.","og_description":"Longchang Chemical is a leading manufacturer and supplier of Candelilla wax in China. Buy Candelilla wax in china. We can provide the best Candelilla wax price.","og_url":"https:\/\/longchangchemical.com\/it\/product\/candelilla-wax-cas-8006-44-8\/","og_site_name":"Longchang Chemical","article_modified_time":"2025-12-22T09:42:12+00:00","og_image":[{"width":600,"height":800,"url":"https:\/\/longchangchemical.com\/wp-content\/uploads\/2021\/01\/Appearance-16.jpg","type":"image\/jpeg"}],"twitter_card":"summary_large_image","schema":{"@context":"https:\/\/schema.org","@graph":[{"@type":"WebPage","@id":"https:\/\/longchangchemical.com\/product\/candelilla-wax-cas-8006-44-8\/","url":"https:\/\/longchangchemical.com\/product\/candelilla-wax-cas-8006-44-8\/","name":"Cina Cera di Candelilla Produttore \uff06 Fornitore - Longchang chemical Co., Ltd.","isPartOf":{"@id":"https:\/\/longchangchemical.com\/#website"},"primaryImageOfPage":{"@id":"https:\/\/longchangchemical.com\/product\/candelilla-wax-cas-8006-44-8\/#primaryimage"},"image":{"@id":"https:\/\/longchangchemical.com\/product\/candelilla-wax-cas-8006-44-8\/#primaryimage"},"thumbnailUrl":"https:\/\/longchangchemical.com\/wp-content\/uploads\/2021\/01\/Appearance-16.jpg","datePublished":"2021-04-12T13:15:05+00:00","dateModified":"2025-12-22T09:42:12+00:00","description":"Longchang Chemical \u00e8 un produttore e fornitore leader di cera Candelilla in Cina. Acquistare la cera di Candelilla in Cina. Possiamo fornire il miglior prezzo della cera Candelilla.","breadcrumb":{"@id":"https:\/\/longchangchemical.com\/product\/candelilla-wax-cas-8006-44-8\/#breadcrumb"},"inLanguage":"it-IT","potentialAction":[{"@type":"ReadAction","target":["https:\/\/longchangchemical.com\/product\/candelilla-wax-cas-8006-44-8\/"]}]},{"@type":"ImageObject","inLanguage":"it-IT","@id":"https:\/\/longchangchemical.com\/product\/candelilla-wax-cas-8006-44-8\/#primaryimage","url":"https:\/\/longchangchemical.com\/wp-content\/uploads\/2021\/01\/Appearance-16.jpg","contentUrl":"https:\/\/longchangchemical.com\/wp-content\/uploads\/2021\/01\/Appearance-16.jpg","width":600,"height":800,"caption":"Candelilla wax Appearance"},{"@type":"BreadcrumbList","@id":"https:\/\/longchangchemical.com\/product\/candelilla-wax-cas-8006-44-8\/#breadcrumb","itemListElement":[{"@type":"ListItem","position":1,"name":"Home","item":"https:\/\/longchangchemical.com\/"},{"@type":"ListItem","position":2,"name":"Products Longchang","item":"https:\/\/longchangchemical.com\/product\/"},{"@type":"ListItem","position":3,"name":"Candelilla wax CAS 8006-44-8"}]},{"@type":"WebSite","@id":"https:\/\/longchangchemical.com\/#website","url":"https:\/\/longchangchemical.com\/","name":"Longchang Chemical","description":"Cina produttore di prodotti chimici \uff06 fornitore","publisher":{"@id":"https:\/\/longchangchemical.com\/#organization"},"potentialAction":[{"@type":"SearchAction","target":{"@type":"EntryPoint","urlTemplate":"https:\/\/longchangchemical.com\/?s={search_term_string}"},"query-input":{"@type":"PropertyValueSpecification","valueRequired":true,"valueName":"search_term_string"}}],"inLanguage":"it-IT"},{"@type":"Organization","@id":"https:\/\/longchangchemical.com\/#organization","name":"Longchang Chemical","url":"https:\/\/longchangchemical.com\/","logo":{"@type":"ImageObject","inLanguage":"it-IT","@id":"https:\/\/longchangchemical.com\/#\/schema\/logo\/image\/","url":"https:\/\/longchangchemical.com\/wp-content\/uploads\/2020\/08\/cropped-longchang-logo.png","contentUrl":"https:\/\/longchangchemical.com\/wp-content\/uploads\/2020\/08\/cropped-longchang-logo.png","width":512,"height":512,"caption":"Longchang Chemical"},"image":{"@id":"https:\/\/longchangchemical.com\/#\/schema\/logo\/image\/"}}]}},"_links":{"self":[{"href":"https:\/\/longchangchemical.com\/it\/wp-json\/wp\/v2\/product\/3571","targetHints":{"allow":["GET"]}}],"collection":[{"href":"https:\/\/longchangchemical.com\/it\/wp-json\/wp\/v2\/product"}],"about":[{"href":"https:\/\/longchangchemical.com\/it\/wp-json\/wp\/v2\/types\/product"}],"replies":[{"embeddable":true,"href":"https:\/\/longchangchemical.com\/it\/wp-json\/wp\/v2\/comments?post=3571"}],"wp:featuredmedia":[{"embeddable":true,"href":"https:\/\/longchangchemical.com\/it\/wp-json\/wp\/v2\/media\/4491"}],"wp:attachment":[{"href":"https:\/\/longchangchemical.com\/it\/wp-json\/wp\/v2\/media?parent=3571"}],"wp:term":[{"taxonomy":"product_brand","embeddable":true,"href":"https:\/\/longchangchemical.com\/it\/wp-json\/wp\/v2\/product_brand?post=3571"},{"taxonomy":"product_cat","embeddable":true,"href":"https:\/\/longchangchemical.com\/it\/wp-json\/wp\/v2\/product_cat?post=3571"},{"taxonomy":"product_tag","embeddable":true,"href":"https:\/\/longchangchemical.com\/it\/wp-json\/wp\/v2\/product_tag?post=3571"}],"curies":[{"name":"wp","href":"https:\/\/api.w.org\/{rel}","templated":true}]}}