{"id":3538,"date":"2021-02-07T13:21:35","date_gmt":"2021-02-07T13:21:35","guid":{"rendered":"https:\/\/longchangchemical.com\/?post_type=product&#038;p=3538"},"modified":"2025-04-01T07:40:27","modified_gmt":"2025-04-01T07:40:27","slug":"4-hydroxy-tempo-cas-2226-96-2","status":"publish","type":"product","link":"https:\/\/longchangchemical.com\/it\/product\/4-hydroxy-tempo-cas-2226-96-2\/","title":{"rendered":"CHLUMINIT\u00ae 701 \/ Inibitore di polimerizzazione 701 \/ 4-idrossi-tempo CAS 2226-96-2"},"content":{"rendered":"<h2>Inibitore di polimerizzazione 701 \/ 4-idrossi-tempo CAS 2226-96-2<\/h2>\n<table class=\"table-1\" cellspacing=\"0\">\n<tbody>\n<tr>\n<td valign=\"center\" width=\"266\">\n<h4><strong>Articolo<\/strong><\/h4>\n<\/td>\n<td valign=\"center\" width=\"300\">\n<h4><strong>Specifiche tecniche<\/strong><\/h4>\n<\/td>\n<\/tr>\n<tr>\n<td valign=\"center\" width=\"266\">\n<h4>Aspetto<\/h4>\n<\/td>\n<td valign=\"center\" width=\"300\">\n<h4>Scaglie di arancia scura<\/h4>\n<\/td>\n<\/tr>\n<tr>\n<td valign=\"center\" width=\"266\">\n<h4>Cenere<\/h4>\n<\/td>\n<td valign=\"center\" width=\"300\">\n<h4>0,10%max<\/h4>\n<\/td>\n<\/tr>\n<tr>\n<td valign=\"center\" width=\"266\">\n<h4>Test (GC)<\/h4>\n<\/td>\n<td valign=\"center\" width=\"300\">\n<h4>99,0%min<\/h4>\n<\/td>\n<\/tr>\n<tr>\n<td valign=\"center\" width=\"266\">\n<h4>Punto di fusione<\/h4>\n<\/td>\n<td valign=\"center\" width=\"300\">\n<h4>70.0~72.0\u2103<\/h4>\n<\/td>\n<\/tr>\n<tr>\n<td valign=\"center\" width=\"266\">\n<h4>Contenuto d'acqua<\/h4>\n<\/td>\n<td valign=\"center\" width=\"300\">\n<h4>0,50%max<\/h4>\n<\/td>\n<\/tr>\n<tr>\n<td valign=\"center\" width=\"266\">\n<h4>Toluene insolubile<\/h4>\n<\/td>\n<td valign=\"center\" width=\"300\">\n<h4>0.5%<\/h4>\n<\/td>\n<\/tr>\n<\/tbody>\n<\/table>\n<p>&nbsp;<\/p>\n<p>&nbsp;<\/p>\n<h2><strong>Uso del 4-idrossi TEMPO<\/strong><\/h2>\n<h4>1. L'inibitore 701 ha un buon effetto inibitorio su acrilati, metacrilati, acido acrilico, acrilonitrile, stirene e butadiene.<\/h4>\n<h4>2. Le sue prestazioni di inibizione della polimerizzazione sono migliori rispetto a fenoli, ammine aromatiche, eteri, chinoni e composti nitro e altri inibitori della polimerizzazione; pu\u00f2 sostituire l'idrochinone e il suo effetto di inibizione della polimerizzazione \u00e8 circa 4 volte quello dell'idrochinone.<\/h4>\n<h4>3. L'inibitore 701 \u00e8 utilizzato per prevenire l'auto-polimerizzazione dei monomeri olefinici durante la produzione, la separazione, la raffinazione, lo stoccaggio o il trasporto e per controllare e regolare il grado di polimerizzazione delle olefine e dei loro derivati.<\/h4>\n<h4>4. L'inibitore di polimerizzazione 701 \u00e8 utilizzato come etichetta di spin per lo studio di composti biologici e polimeri; un reagente di etichettatura di spin \u00e8 utilizzato per identificare i siti di legame di antagonisti e agonisti del recettore NK1 e pu\u00f2 essere utilizzato anche per la spettroscopia di risonanza di spin elettronico Metodo per determinare la produzione di specie reattive dell'ossigeno nel miocardio;<\/h4>\n<h4>5. Il TEMPOL \u00e8 in grado di proteggere le cellule che sovraesprimono il CYP2E1 dai danni tossici dell'acido arachidonico; pu\u00f2 essere utilizzato per preparare derivati del TEMPO marcati con fluoro, partendo da un propiniletere di TEMPO derivatizzato e da una successiva reazione \"click\" con fluoroazide;<\/h4>\n<h4>6. L'inibitore 701 \u00e8 utilizzato come catalizzatore ad alta efficienza nella reazione di ossidazione dell'alcol con l'agente sbiancante<\/h4>\n<p>&nbsp;<\/p>\n<h2><strong>Pacchetto 4-idrossi TEMPO<\/strong><\/h2>\n<h4>Fusto in fibra con sacchetto in film di polietilene ad alta pressione all'interno di 25 kg\/fusto, pu\u00f2 anche essere confezionato in base all'accordo con il cliente.<\/h4>\n<p>&nbsp;<\/p>\n<h2><strong>Stoccaggio di 4-idrossi TEMPO<\/strong><\/h2>\n<h4>Assorbe facilmente l'umidit\u00e0. Deve essere conservato in condizioni ermetiche e asciutte. Deve essere mantenuto intatto e conservato in un magazzino ventilato e ordinato per evitare di essere conservato insieme ad altri prodotti chimici acidi.<\/h4>\n<p>&nbsp;<\/p>\n<h2><strong><b>Contattateci ora!<\/b><\/strong><\/h2>\n<h4><strong><b>Se avete bisogno di COA, MSDS o TDS, inserite i vostri dati di contatto nel modulo sottostante; di solito vi contatteremo entro 24 ore.<\/b><\/strong><strong><b>\u00a0Potete anche inviarmi un'e-mail <span style=\"color: #3366ff;\"><a style=\"color: #3366ff;\" href=\"mailto:info@longchangchemical.com\">info@longchangchemical.com<\/a><\/span> durante l'orario di lavoro (dalle 8:30 alle 18:00 UTC+8 lun.-sab.) o utilizzare la live chat del sito web per ottenere una risposta immediata.<\/b><\/strong><\/h4>","protected":false},"excerpt":{"rendered":"<h4>Nome del prodotto: 4-idrossi TEMPO<\/h4>\n<h4>N. CAS: 2226-96-2<\/h4>\n<h4>Fomula molecolare: C9H18NO2<\/h4>\n<h4>Peso molecolare: 172,24<\/h4>\n<h4>Struttura chimica:<img decoding=\"async\" title=\"Struttura del 4-idrossi TEMPO\" src=\"https:\/\/www.longchangchemical.com\/wp-content\/uploads\/product-details\/20200616326347.png\" alt=\"Struttura del 4-idrossi TEMPO\" width=\"108\" height=\"77\" border=\"0\" vspace=\"0\" \/><\/h4>\n<h4>Aspetto: Fiocchi arancione scuro<\/h4>\n<h4>Test: 99.8%<\/h4>\n<h4>Propriet\u00e0: Solubile in etanolo, benzene e altri solventi organici, solubile in acqua.<\/h4>","protected":false},"featured_media":4736,"comment_status":"open","ping_status":"closed","template":"","meta":[],"product_brand":[],"product_cat":[186],"product_tag":[],"class_list":{"0":"post-3538","1":"product","2":"type-product","3":"status-publish","4":"has-post-thumbnail","6":"product_cat-polymerization-inhibitor","8":"first","9":"instock","10":"shipping-taxable","11":"product-type-simple"},"yoast_head":"<!-- This site is optimized with the Yoast SEO plugin v25.3.1 - https:\/\/yoast.com\/wordpress\/plugins\/seo\/ -->\n<title>China Polymerization inhibitor 701 \/ 4-Hydroxy-TEMPO Manufacturer \uff06 Supplier - Longchang chemical Co., Ltd.<\/title>\n<meta name=\"description\" content=\"Longchang Chemical is a leading manufacturer and supplier of 4-Hydroxy-TEMPO in China. Buy 4-Hydroxy-2,2,6,6-tetramethyl-piperidinooxy in china. We can provide the best 4-Hydroxy-TEMPO price.\" \/>\n<meta name=\"robots\" content=\"index, follow, max-snippet:-1, max-image-preview:large, max-video-preview:-1\" \/>\n<link rel=\"canonical\" href=\"https:\/\/longchangchemical.com\/it\/product\/4-hydroxy-tempo-cas-2226-96-2\/\" \/>\n<meta property=\"og:locale\" content=\"it_IT\" \/>\n<meta property=\"og:type\" content=\"article\" \/>\n<meta property=\"og:title\" content=\"China Polymerization inhibitor 701 \/ 4-Hydroxy-TEMPO Manufacturer \uff06 Supplier - Longchang chemical Co., Ltd.\" \/>\n<meta property=\"og:description\" content=\"Longchang Chemical is a leading manufacturer and supplier of 4-Hydroxy-TEMPO in China. Buy 4-Hydroxy-2,2,6,6-tetramethyl-piperidinooxy in china. We can provide the best 4-Hydroxy-TEMPO price.\" \/>\n<meta property=\"og:url\" content=\"https:\/\/longchangchemical.com\/it\/product\/4-hydroxy-tempo-cas-2226-96-2\/\" \/>\n<meta property=\"og:site_name\" content=\"Longchang Chemical\" \/>\n<meta property=\"article:modified_time\" content=\"2025-04-01T07:40:27+00:00\" \/>\n<meta property=\"og:image\" content=\"https:\/\/longchangchemical.com\/wp-content\/uploads\/2021\/02\/4-Hydroxy-tempo-Appearance.jpg\" \/>\n\t<meta property=\"og:image:width\" content=\"600\" \/>\n\t<meta property=\"og:image:height\" content=\"800\" \/>\n\t<meta property=\"og:image:type\" content=\"image\/jpeg\" \/>\n<meta name=\"twitter:card\" content=\"summary_large_image\" \/>\n<script type=\"application\/ld+json\" class=\"yoast-schema-graph\">{\"@context\":\"https:\/\/schema.org\",\"@graph\":[{\"@type\":\"WebPage\",\"@id\":\"https:\/\/longchangchemical.com\/product\/4-hydroxy-tempo-cas-2226-96-2\/\",\"url\":\"https:\/\/longchangchemical.com\/product\/4-hydroxy-tempo-cas-2226-96-2\/\",\"name\":\"China Polymerization inhibitor 701 \/ 4-Hydroxy-TEMPO Manufacturer \uff06 Supplier - Longchang chemical Co., Ltd.\",\"isPartOf\":{\"@id\":\"https:\/\/longchangchemical.com\/#website\"},\"primaryImageOfPage\":{\"@id\":\"https:\/\/longchangchemical.com\/product\/4-hydroxy-tempo-cas-2226-96-2\/#primaryimage\"},\"image\":{\"@id\":\"https:\/\/longchangchemical.com\/product\/4-hydroxy-tempo-cas-2226-96-2\/#primaryimage\"},\"thumbnailUrl\":\"https:\/\/longchangchemical.com\/wp-content\/uploads\/2021\/02\/4-Hydroxy-tempo-Appearance.jpg\",\"datePublished\":\"2021-02-07T13:21:35+00:00\",\"dateModified\":\"2025-04-01T07:40:27+00:00\",\"description\":\"Longchang Chemical is a leading manufacturer and supplier of 4-Hydroxy-TEMPO in China. Buy 4-Hydroxy-2,2,6,6-tetramethyl-piperidinooxy in china. We can provide the best 4-Hydroxy-TEMPO price.\",\"breadcrumb\":{\"@id\":\"https:\/\/longchangchemical.com\/product\/4-hydroxy-tempo-cas-2226-96-2\/#breadcrumb\"},\"inLanguage\":\"it-IT\",\"potentialAction\":[{\"@type\":\"ReadAction\",\"target\":[\"https:\/\/longchangchemical.com\/product\/4-hydroxy-tempo-cas-2226-96-2\/\"]}]},{\"@type\":\"ImageObject\",\"inLanguage\":\"it-IT\",\"@id\":\"https:\/\/longchangchemical.com\/product\/4-hydroxy-tempo-cas-2226-96-2\/#primaryimage\",\"url\":\"https:\/\/longchangchemical.com\/wp-content\/uploads\/2021\/02\/4-Hydroxy-tempo-Appearance.jpg\",\"contentUrl\":\"https:\/\/longchangchemical.com\/wp-content\/uploads\/2021\/02\/4-Hydroxy-tempo-Appearance.jpg\",\"width\":600,\"height\":800},{\"@type\":\"BreadcrumbList\",\"@id\":\"https:\/\/longchangchemical.com\/product\/4-hydroxy-tempo-cas-2226-96-2\/#breadcrumb\",\"itemListElement\":[{\"@type\":\"ListItem\",\"position\":1,\"name\":\"Home\",\"item\":\"https:\/\/longchangchemical.com\/\"},{\"@type\":\"ListItem\",\"position\":2,\"name\":\"Products Longchang\",\"item\":\"https:\/\/longchangchemical.com\/product\/\"},{\"@type\":\"ListItem\",\"position\":3,\"name\":\"CHLUMINIT\u00ae 701 \/ Polymerization inhibitor 701 \/ 4-Hydroxy-tempo CAS 2226-96-2\"}]},{\"@type\":\"WebSite\",\"@id\":\"https:\/\/longchangchemical.com\/#website\",\"url\":\"https:\/\/longchangchemical.com\/\",\"name\":\"Longchang Chemical\",\"description\":\"China chemical manufacturer \uff06 supplier\",\"publisher\":{\"@id\":\"https:\/\/longchangchemical.com\/#organization\"},\"potentialAction\":[{\"@type\":\"SearchAction\",\"target\":{\"@type\":\"EntryPoint\",\"urlTemplate\":\"https:\/\/longchangchemical.com\/?s={search_term_string}\"},\"query-input\":{\"@type\":\"PropertyValueSpecification\",\"valueRequired\":true,\"valueName\":\"search_term_string\"}}],\"inLanguage\":\"it-IT\"},{\"@type\":\"Organization\",\"@id\":\"https:\/\/longchangchemical.com\/#organization\",\"name\":\"Longchang Chemical\",\"url\":\"https:\/\/longchangchemical.com\/\",\"logo\":{\"@type\":\"ImageObject\",\"inLanguage\":\"it-IT\",\"@id\":\"https:\/\/longchangchemical.com\/#\/schema\/logo\/image\/\",\"url\":\"https:\/\/longchangchemical.com\/wp-content\/uploads\/2020\/08\/cropped-longchang-logo.png\",\"contentUrl\":\"https:\/\/longchangchemical.com\/wp-content\/uploads\/2020\/08\/cropped-longchang-logo.png\",\"width\":512,\"height\":512,\"caption\":\"Longchang Chemical\"},\"image\":{\"@id\":\"https:\/\/longchangchemical.com\/#\/schema\/logo\/image\/\"}}]}<\/script>\n<!-- \/ Yoast SEO plugin. -->","yoast_head_json":{"title":"Cina Inibitore di polimerizzazione 701 \/ 4-Hydroxy-TEMPO Produttore \uff06 Fornitore - Longchang chemical Co., Ltd.","description":"Longchang Chemical \u00e8 un produttore e fornitore leader di 4-idrossi-TEMPO in Cina. Acquistare 4-Hydroxy-2,2,6,6-tetramethyl-piperidinooxy in Cina. Possiamo fornire il miglior prezzo di 4-Hydroxy-TEMPO.","robots":{"index":"index","follow":"follow","max-snippet":"max-snippet:-1","max-image-preview":"max-image-preview:large","max-video-preview":"max-video-preview:-1"},"canonical":"https:\/\/longchangchemical.com\/it\/product\/4-hydroxy-tempo-cas-2226-96-2\/","og_locale":"it_IT","og_type":"article","og_title":"China Polymerization inhibitor 701 \/ 4-Hydroxy-TEMPO Manufacturer \uff06 Supplier - Longchang chemical Co., Ltd.","og_description":"Longchang Chemical is a leading manufacturer and supplier of 4-Hydroxy-TEMPO in China. Buy 4-Hydroxy-2,2,6,6-tetramethyl-piperidinooxy in china. We can provide the best 4-Hydroxy-TEMPO price.","og_url":"https:\/\/longchangchemical.com\/it\/product\/4-hydroxy-tempo-cas-2226-96-2\/","og_site_name":"Longchang Chemical","article_modified_time":"2025-04-01T07:40:27+00:00","og_image":[{"width":600,"height":800,"url":"https:\/\/longchangchemical.com\/wp-content\/uploads\/2021\/02\/4-Hydroxy-tempo-Appearance.jpg","type":"image\/jpeg"}],"twitter_card":"summary_large_image","schema":{"@context":"https:\/\/schema.org","@graph":[{"@type":"WebPage","@id":"https:\/\/longchangchemical.com\/product\/4-hydroxy-tempo-cas-2226-96-2\/","url":"https:\/\/longchangchemical.com\/product\/4-hydroxy-tempo-cas-2226-96-2\/","name":"Cina Inibitore di polimerizzazione 701 \/ 4-Hydroxy-TEMPO Produttore \uff06 Fornitore - Longchang chemical Co., Ltd.","isPartOf":{"@id":"https:\/\/longchangchemical.com\/#website"},"primaryImageOfPage":{"@id":"https:\/\/longchangchemical.com\/product\/4-hydroxy-tempo-cas-2226-96-2\/#primaryimage"},"image":{"@id":"https:\/\/longchangchemical.com\/product\/4-hydroxy-tempo-cas-2226-96-2\/#primaryimage"},"thumbnailUrl":"https:\/\/longchangchemical.com\/wp-content\/uploads\/2021\/02\/4-Hydroxy-tempo-Appearance.jpg","datePublished":"2021-02-07T13:21:35+00:00","dateModified":"2025-04-01T07:40:27+00:00","description":"Longchang Chemical \u00e8 un produttore e fornitore leader di 4-idrossi-TEMPO in Cina. Acquistare 4-Hydroxy-2,2,6,6-tetramethyl-piperidinooxy in Cina. Possiamo fornire il miglior prezzo di 4-Hydroxy-TEMPO.","breadcrumb":{"@id":"https:\/\/longchangchemical.com\/product\/4-hydroxy-tempo-cas-2226-96-2\/#breadcrumb"},"inLanguage":"it-IT","potentialAction":[{"@type":"ReadAction","target":["https:\/\/longchangchemical.com\/product\/4-hydroxy-tempo-cas-2226-96-2\/"]}]},{"@type":"ImageObject","inLanguage":"it-IT","@id":"https:\/\/longchangchemical.com\/product\/4-hydroxy-tempo-cas-2226-96-2\/#primaryimage","url":"https:\/\/longchangchemical.com\/wp-content\/uploads\/2021\/02\/4-Hydroxy-tempo-Appearance.jpg","contentUrl":"https:\/\/longchangchemical.com\/wp-content\/uploads\/2021\/02\/4-Hydroxy-tempo-Appearance.jpg","width":600,"height":800},{"@type":"BreadcrumbList","@id":"https:\/\/longchangchemical.com\/product\/4-hydroxy-tempo-cas-2226-96-2\/#breadcrumb","itemListElement":[{"@type":"ListItem","position":1,"name":"Home","item":"https:\/\/longchangchemical.com\/"},{"@type":"ListItem","position":2,"name":"Products Longchang","item":"https:\/\/longchangchemical.com\/product\/"},{"@type":"ListItem","position":3,"name":"CHLUMINIT\u00ae 701 \/ Polymerization inhibitor 701 \/ 4-Hydroxy-tempo CAS 2226-96-2"}]},{"@type":"WebSite","@id":"https:\/\/longchangchemical.com\/#website","url":"https:\/\/longchangchemical.com\/","name":"Longchang Chemical","description":"Cina produttore di prodotti chimici \uff06 fornitore","publisher":{"@id":"https:\/\/longchangchemical.com\/#organization"},"potentialAction":[{"@type":"SearchAction","target":{"@type":"EntryPoint","urlTemplate":"https:\/\/longchangchemical.com\/?s={search_term_string}"},"query-input":{"@type":"PropertyValueSpecification","valueRequired":true,"valueName":"search_term_string"}}],"inLanguage":"it-IT"},{"@type":"Organization","@id":"https:\/\/longchangchemical.com\/#organization","name":"Longchang Chemical","url":"https:\/\/longchangchemical.com\/","logo":{"@type":"ImageObject","inLanguage":"it-IT","@id":"https:\/\/longchangchemical.com\/#\/schema\/logo\/image\/","url":"https:\/\/longchangchemical.com\/wp-content\/uploads\/2020\/08\/cropped-longchang-logo.png","contentUrl":"https:\/\/longchangchemical.com\/wp-content\/uploads\/2020\/08\/cropped-longchang-logo.png","width":512,"height":512,"caption":"Longchang Chemical"},"image":{"@id":"https:\/\/longchangchemical.com\/#\/schema\/logo\/image\/"}}]}},"_links":{"self":[{"href":"https:\/\/longchangchemical.com\/it\/wp-json\/wp\/v2\/product\/3538","targetHints":{"allow":["GET"]}}],"collection":[{"href":"https:\/\/longchangchemical.com\/it\/wp-json\/wp\/v2\/product"}],"about":[{"href":"https:\/\/longchangchemical.com\/it\/wp-json\/wp\/v2\/types\/product"}],"replies":[{"embeddable":true,"href":"https:\/\/longchangchemical.com\/it\/wp-json\/wp\/v2\/comments?post=3538"}],"wp:featuredmedia":[{"embeddable":true,"href":"https:\/\/longchangchemical.com\/it\/wp-json\/wp\/v2\/media\/4736"}],"wp:attachment":[{"href":"https:\/\/longchangchemical.com\/it\/wp-json\/wp\/v2\/media?parent=3538"}],"wp:term":[{"taxonomy":"product_brand","embeddable":true,"href":"https:\/\/longchangchemical.com\/it\/wp-json\/wp\/v2\/product_brand?post=3538"},{"taxonomy":"product_cat","embeddable":true,"href":"https:\/\/longchangchemical.com\/it\/wp-json\/wp\/v2\/product_cat?post=3538"},{"taxonomy":"product_tag","embeddable":true,"href":"https:\/\/longchangchemical.com\/it\/wp-json\/wp\/v2\/product_tag?post=3538"}],"curies":[{"name":"wp","href":"https:\/\/api.w.org\/{rel}","templated":true}]}}