{"id":3528,"date":"2021-02-05T13:18:22","date_gmt":"2021-02-05T13:18:22","guid":{"rendered":"https:\/\/longchangchemical.com\/?post_type=product&#038;p=3528"},"modified":"2025-12-23T07:01:51","modified_gmt":"2025-12-23T07:01:51","slug":"cyclopentanone-cas-120-92-3","status":"publish","type":"product","link":"https:\/\/longchangchemical.com\/it\/product\/cyclopentanone-cas-120-92-3\/","title":{"rendered":"Ciclopentanone CAS 120-92-3"},"content":{"rendered":"<h1><strong>Ciclopentanone CAS 120-92-3<\/strong><\/h1>\n<h4>Densit\u00e0: 0,951 g\/cm<\/h4>\n<h4>Punto di fusione: - 51 C<\/h4>\n<h4>Punto di ebollizione: 130-131 C<\/h4>\n<h4>Indice di rifrazione: 1.436-1.438<\/h4>\n<h4>Punto di infiammabilit\u00e0: 31 C<\/h4>\n<h4>Solubilit\u00e0 in acqua: insolubile in acqua.<\/h4>\n<p>&nbsp;<\/p>\n<h2><strong>COA di ciclopentanone<\/strong><\/h2>\n<table class=\"table-1\" cellspacing=\"0\">\n<tbody>\n<tr>\n<td>\n<h4>Articolo<\/h4>\n<\/td>\n<td>\n<h4>Standard<\/h4>\n<\/td>\n<\/tr>\n<tr>\n<td>\n<h4>Aspetto<\/h4>\n<\/td>\n<td>\n<h4>Liquido trasparente<\/h4>\n<\/td>\n<\/tr>\n<tr>\n<td>\n<h4>Colore (Hazen No)<\/h4>\n<\/td>\n<td>\n<h4>\u226610<\/h4>\n<\/td>\n<\/tr>\n<tr>\n<td>\n<h4>Purezza (GC )<\/h4>\n<\/td>\n<td>\n<h4>\u226799.5%<\/h4>\n<\/td>\n<\/tr>\n<tr>\n<td>\n<h4>Indice di acidit\u00e0 (mgKOH\/g)<\/h4>\n<\/td>\n<td>\n<h4>\u22660.5%<\/h4>\n<\/td>\n<\/tr>\n<tr>\n<td>\n<h4>Impurit\u00e0 totali<\/h4>\n<\/td>\n<td>\n<h4>\u22660.5%<\/h4>\n<\/td>\n<\/tr>\n<tr>\n<td>\n<h4>Contenuto d'acqua<\/h4>\n<\/td>\n<td>\n<h4>\u22660.5%<\/h4>\n<\/td>\n<\/tr>\n<\/tbody>\n<\/table>\n<h2><strong>Uso del ciclopentanone<\/strong><\/h2>\n<h4>1. Utilizzando ciclopentanone e n-valeraldeide come materie prime, subire prima la condensazione aldolica e poi la disidratazione per produrre pentilciclopentanone, seguita da idrogenazione catalitica selettiva per produrre pentilciclopentanone, che \u00e8 forte Ha un profumo floreale e fruttato, e ha un profumo di gelsomino. Pu\u00f2 essere utilizzato nelle formulazioni di fragranze chimiche quotidiane. Il dosaggio pu\u00f2 essere inferiore a 20%. L'IFRA non ha restrizioni.<\/h4>\n<h4>2. Utilizzando come materie prime l'n-esanale e il ciclopentanone, si procede prima alla condensazione e poi all'idrogenazione selettiva per ottenere l'esilciclopentanone. L'esilciclopentanone ha una forte fragranza di gelsomino e una fragranza fruttata, che pu\u00f2 essere utilizzata nelle fragranze dei profumi. E in varie altre formule di aromi chimici quotidiani, il dosaggio \u00e8 compreso tra 5%. L'IFRA non ha restrizioni.<\/h4>\n<h4>3. L'1-pentene o l'1-ettene ottenuti dalla pirolisi della paraffina o dalla disidratazione dell'alcol corrispondente vengono utilizzati come materia prima e, in presenza di perossido di di-terz-butile come iniziatore, subiscono una reazione di addizione radicale con il ciclopentanone per formare il 2-pentilciclopentanone (o 2-ettilciclopentanone), che diventa \u03b4-decanolattone (o \u03b4-laurolattone) dopo l'espansione dell'anello per ossidazione.<\/h4>\n<h4>4. La via sintetica con il ciclopentanone come materiale di partenza ha il maggior valore di produzione industriale. Il ciclopentanone subisce dapprima una condensazione aldolica con n-valeraldeide, il prodotto di condensazione diventa 2-pentilciclopentanone dopo disidratazione e idrogenazione selettiva, e infine diventa \u03b4-decanolattone dopo espansione ossidativa dell'anello.<\/h4>\n<h4>5. Il delta-decanolattone \u00e8 utilizzato principalmente nelle formulazioni di aromi commestibili. Si ritiene che abbia il sapore caratteristico della crema naturale. In precedenza, i profumieri si sono limitati a utilizzare fragranze monomeriche come il diacetile e la vanillina come materia prima principale per la formulazione di aromi di crema per molto tempo. Tuttavia, le persone ritengono che l'aroma di crema preparato sia di gran lunga inferiore ai prodotti naturali in termini di gusto e sapore. Solo quando si utilizza il \u03b4-decanolattone, si pu\u00f2 ottenere un sapore di crema vivido, e soprattutto quando il \u03b4-decanolattone e il \u03b4-laurolattone vengono utilizzati insieme come materie prime principali della fragranza, il sapore e l'effetto dell'aroma di crema formulato saranno migliori.<\/h4>\n<h4>6. Prendere ciclopentanone e valeraldeide come materie prime, condensare per produrre 2-(1-idrossi)pentilciclopentanone, reagire con dimetil malonato, quindi idrolizzare, decarbossilare ed esterificare a 160\uff5e180\u2103, ottenendo l'estere metilico del diidrojasmonato. Il diidrojasmonato di metile \u00e8 una spezia alimentare il cui uso \u00e8 temporaneamente consentito dal regolamento GB2760-1996 del mio Paese. Il suo aroma \u00e8 migliore di quello del metil jasmonato naturale e le sue propriet\u00e0 sono relativamente stabili.<\/h4>\n<h4><\/h4>\n<h2><strong>Imballaggio e spedizione del ciclopentanone<\/strong><\/h2>\n<h4>Imballaggio: 200 kg\/tamburo<\/h4>\n<h4>Consegna: consegna entro 3-5 giorni lavorativi<\/h4>\n<p>&nbsp;<\/p>\n<h2><strong>Ciclopentanone Stoccaggio<\/strong><\/h2>\n<h4>Evitare la luce e l'essiccazione.<\/h4>\n<p>&nbsp;<\/p>\n<h2><strong><b>Contattateci ora!<\/b><\/strong><\/h2>\n<h4><strong><b>Se avete bisogno di COA, MSDS o TDS, inserite i vostri dati di contatto nel modulo sottostante; di solito vi contatteremo entro 24 ore. Potete anche inviarmi un'e-mail <span style=\"color: #0000ff;\"><a style=\"color: #0000ff;\" href=\"mailto:info@longchangchemical.com\">info@longchangchemical.com<\/a><\/span> durante l'orario di lavoro (dalle 8:30 alle 18:00 UTC+8 lun.-sab.) o utilizzare la live chat del sito web per ottenere una risposta immediata.<\/b><\/strong><\/h4>","protected":false},"excerpt":{"rendered":"<h4>Nome chimico: Ciclopentanone<\/h4>\n<h4>N. CAS: 120-92-3<\/h4>\n<h4>Formula molecolare: C5H8O<\/h4>\n<h4>Peso molecolare: 84,12<\/h4>\n<h4>Aspetto: Liquido trasparente<\/h4>\n<h4>Test: 99.5%<\/h4>\n<h4>Struttura molecolare:<img decoding=\"async\" title=\"immagine.png\" src=\"https:\/\/www.longchangchemical.com\/wp-content\/uploads\/product-details\/20200611251570.png\" alt=\"immagine.png\" \/><\/h4>","protected":false},"featured_media":4330,"comment_status":"open","ping_status":"closed","template":"","meta":[],"product_brand":[],"product_cat":[69],"product_tag":[],"class_list":{"0":"post-3528","1":"product","2":"type-product","3":"status-publish","4":"has-post-thumbnail","6":"product_cat-catalysts-chemical-auxiliary-agents","8":"first","9":"instock","10":"shipping-taxable","11":"product-type-simple"},"yoast_head":"<!-- This site is optimized with the Yoast SEO plugin v25.3.1 - https:\/\/yoast.com\/wordpress\/plugins\/seo\/ -->\n<title>China Cyclopentanone Manufacturer \uff06 CAS 120-92-3 Supplier - Longchang chemical Co., Ltd.<\/title>\n<meta name=\"description\" content=\"Longchang Chemical is a leading manufacturer and supplier of Cyclopentanone in China. Buy Cyclopentanone in china. We can provide the best Cyclopentanone price.\" \/>\n<meta name=\"robots\" content=\"index, follow, max-snippet:-1, max-image-preview:large, max-video-preview:-1\" \/>\n<link rel=\"canonical\" href=\"https:\/\/longchangchemical.com\/it\/product\/cyclopentanone-cas-120-92-3\/\" \/>\n<meta property=\"og:locale\" content=\"it_IT\" \/>\n<meta property=\"og:type\" content=\"article\" \/>\n<meta property=\"og:title\" content=\"China Cyclopentanone Manufacturer \uff06 CAS 120-92-3 Supplier - Longchang chemical Co., Ltd.\" \/>\n<meta property=\"og:description\" content=\"Longchang Chemical is a leading manufacturer and supplier of Cyclopentanone in China. Buy Cyclopentanone in china. We can provide the best Cyclopentanone price.\" \/>\n<meta property=\"og:url\" content=\"https:\/\/longchangchemical.com\/it\/product\/cyclopentanone-cas-120-92-3\/\" \/>\n<meta property=\"og:site_name\" content=\"Longchang Chemical\" \/>\n<meta property=\"article:modified_time\" content=\"2025-12-23T07:01:51+00:00\" \/>\n<meta property=\"og:image\" content=\"https:\/\/longchangchemical.com\/wp-content\/uploads\/2021\/01\/Cyclopentanone-Appearance.jpg\" \/>\n\t<meta property=\"og:image:width\" content=\"600\" \/>\n\t<meta property=\"og:image:height\" content=\"800\" \/>\n\t<meta property=\"og:image:type\" content=\"image\/jpeg\" \/>\n<meta name=\"twitter:card\" content=\"summary_large_image\" \/>\n<script type=\"application\/ld+json\" class=\"yoast-schema-graph\">{\"@context\":\"https:\/\/schema.org\",\"@graph\":[{\"@type\":\"WebPage\",\"@id\":\"https:\/\/longchangchemical.com\/product\/cyclopentanone-cas-120-92-3\/\",\"url\":\"https:\/\/longchangchemical.com\/product\/cyclopentanone-cas-120-92-3\/\",\"name\":\"China Cyclopentanone Manufacturer \uff06 CAS 120-92-3 Supplier - Longchang chemical Co., Ltd.\",\"isPartOf\":{\"@id\":\"https:\/\/longchangchemical.com\/#website\"},\"primaryImageOfPage\":{\"@id\":\"https:\/\/longchangchemical.com\/product\/cyclopentanone-cas-120-92-3\/#primaryimage\"},\"image\":{\"@id\":\"https:\/\/longchangchemical.com\/product\/cyclopentanone-cas-120-92-3\/#primaryimage\"},\"thumbnailUrl\":\"https:\/\/longchangchemical.com\/wp-content\/uploads\/2021\/01\/Cyclopentanone-Appearance.jpg\",\"datePublished\":\"2021-02-05T13:18:22+00:00\",\"dateModified\":\"2025-12-23T07:01:51+00:00\",\"description\":\"Longchang Chemical is a leading manufacturer and supplier of Cyclopentanone in China. Buy Cyclopentanone in china. We can provide the best Cyclopentanone price.\",\"breadcrumb\":{\"@id\":\"https:\/\/longchangchemical.com\/product\/cyclopentanone-cas-120-92-3\/#breadcrumb\"},\"inLanguage\":\"it-IT\",\"potentialAction\":[{\"@type\":\"ReadAction\",\"target\":[\"https:\/\/longchangchemical.com\/product\/cyclopentanone-cas-120-92-3\/\"]}]},{\"@type\":\"ImageObject\",\"inLanguage\":\"it-IT\",\"@id\":\"https:\/\/longchangchemical.com\/product\/cyclopentanone-cas-120-92-3\/#primaryimage\",\"url\":\"https:\/\/longchangchemical.com\/wp-content\/uploads\/2021\/01\/Cyclopentanone-Appearance.jpg\",\"contentUrl\":\"https:\/\/longchangchemical.com\/wp-content\/uploads\/2021\/01\/Cyclopentanone-Appearance.jpg\",\"width\":600,\"height\":800,\"caption\":\"Cyclopentanone Appearance\"},{\"@type\":\"BreadcrumbList\",\"@id\":\"https:\/\/longchangchemical.com\/product\/cyclopentanone-cas-120-92-3\/#breadcrumb\",\"itemListElement\":[{\"@type\":\"ListItem\",\"position\":1,\"name\":\"Home\",\"item\":\"https:\/\/longchangchemical.com\/\"},{\"@type\":\"ListItem\",\"position\":2,\"name\":\"Products Longchang\",\"item\":\"https:\/\/longchangchemical.com\/product\/\"},{\"@type\":\"ListItem\",\"position\":3,\"name\":\"Cyclopentanone CAS 120-92-3\"}]},{\"@type\":\"WebSite\",\"@id\":\"https:\/\/longchangchemical.com\/#website\",\"url\":\"https:\/\/longchangchemical.com\/\",\"name\":\"Longchang Chemical\",\"description\":\"China chemical manufacturer \uff06 supplier\",\"publisher\":{\"@id\":\"https:\/\/longchangchemical.com\/#organization\"},\"potentialAction\":[{\"@type\":\"SearchAction\",\"target\":{\"@type\":\"EntryPoint\",\"urlTemplate\":\"https:\/\/longchangchemical.com\/?s={search_term_string}\"},\"query-input\":{\"@type\":\"PropertyValueSpecification\",\"valueRequired\":true,\"valueName\":\"search_term_string\"}}],\"inLanguage\":\"it-IT\"},{\"@type\":\"Organization\",\"@id\":\"https:\/\/longchangchemical.com\/#organization\",\"name\":\"Longchang Chemical\",\"url\":\"https:\/\/longchangchemical.com\/\",\"logo\":{\"@type\":\"ImageObject\",\"inLanguage\":\"it-IT\",\"@id\":\"https:\/\/longchangchemical.com\/#\/schema\/logo\/image\/\",\"url\":\"https:\/\/longchangchemical.com\/wp-content\/uploads\/2020\/08\/cropped-longchang-logo.png\",\"contentUrl\":\"https:\/\/longchangchemical.com\/wp-content\/uploads\/2020\/08\/cropped-longchang-logo.png\",\"width\":512,\"height\":512,\"caption\":\"Longchang Chemical\"},\"image\":{\"@id\":\"https:\/\/longchangchemical.com\/#\/schema\/logo\/image\/\"}}]}<\/script>\n<!-- \/ Yoast SEO plugin. -->","yoast_head_json":{"title":"Cina Ciclopentanone produttore \uff06 CAS 120-92-3 Fornitore - Longchang chemical Co., Ltd.","description":"Longchang Chemical \u00e8 un produttore e fornitore leader di ciclopentanone in Cina. Comprare Cyclopentanone in Cina. Possiamo fornire il miglior prezzo di Cyclopentanone.","robots":{"index":"index","follow":"follow","max-snippet":"max-snippet:-1","max-image-preview":"max-image-preview:large","max-video-preview":"max-video-preview:-1"},"canonical":"https:\/\/longchangchemical.com\/it\/product\/cyclopentanone-cas-120-92-3\/","og_locale":"it_IT","og_type":"article","og_title":"China Cyclopentanone Manufacturer \uff06 CAS 120-92-3 Supplier - Longchang chemical Co., Ltd.","og_description":"Longchang Chemical is a leading manufacturer and supplier of Cyclopentanone in China. Buy Cyclopentanone in china. We can provide the best Cyclopentanone price.","og_url":"https:\/\/longchangchemical.com\/it\/product\/cyclopentanone-cas-120-92-3\/","og_site_name":"Longchang Chemical","article_modified_time":"2025-12-23T07:01:51+00:00","og_image":[{"width":600,"height":800,"url":"https:\/\/longchangchemical.com\/wp-content\/uploads\/2021\/01\/Cyclopentanone-Appearance.jpg","type":"image\/jpeg"}],"twitter_card":"summary_large_image","schema":{"@context":"https:\/\/schema.org","@graph":[{"@type":"WebPage","@id":"https:\/\/longchangchemical.com\/product\/cyclopentanone-cas-120-92-3\/","url":"https:\/\/longchangchemical.com\/product\/cyclopentanone-cas-120-92-3\/","name":"Cina Ciclopentanone produttore \uff06 CAS 120-92-3 Fornitore - Longchang chemical Co., Ltd.","isPartOf":{"@id":"https:\/\/longchangchemical.com\/#website"},"primaryImageOfPage":{"@id":"https:\/\/longchangchemical.com\/product\/cyclopentanone-cas-120-92-3\/#primaryimage"},"image":{"@id":"https:\/\/longchangchemical.com\/product\/cyclopentanone-cas-120-92-3\/#primaryimage"},"thumbnailUrl":"https:\/\/longchangchemical.com\/wp-content\/uploads\/2021\/01\/Cyclopentanone-Appearance.jpg","datePublished":"2021-02-05T13:18:22+00:00","dateModified":"2025-12-23T07:01:51+00:00","description":"Longchang Chemical \u00e8 un produttore e fornitore leader di ciclopentanone in Cina. Comprare Cyclopentanone in Cina. Possiamo fornire il miglior prezzo di Cyclopentanone.","breadcrumb":{"@id":"https:\/\/longchangchemical.com\/product\/cyclopentanone-cas-120-92-3\/#breadcrumb"},"inLanguage":"it-IT","potentialAction":[{"@type":"ReadAction","target":["https:\/\/longchangchemical.com\/product\/cyclopentanone-cas-120-92-3\/"]}]},{"@type":"ImageObject","inLanguage":"it-IT","@id":"https:\/\/longchangchemical.com\/product\/cyclopentanone-cas-120-92-3\/#primaryimage","url":"https:\/\/longchangchemical.com\/wp-content\/uploads\/2021\/01\/Cyclopentanone-Appearance.jpg","contentUrl":"https:\/\/longchangchemical.com\/wp-content\/uploads\/2021\/01\/Cyclopentanone-Appearance.jpg","width":600,"height":800,"caption":"Cyclopentanone Appearance"},{"@type":"BreadcrumbList","@id":"https:\/\/longchangchemical.com\/product\/cyclopentanone-cas-120-92-3\/#breadcrumb","itemListElement":[{"@type":"ListItem","position":1,"name":"Home","item":"https:\/\/longchangchemical.com\/"},{"@type":"ListItem","position":2,"name":"Products Longchang","item":"https:\/\/longchangchemical.com\/product\/"},{"@type":"ListItem","position":3,"name":"Cyclopentanone CAS 120-92-3"}]},{"@type":"WebSite","@id":"https:\/\/longchangchemical.com\/#website","url":"https:\/\/longchangchemical.com\/","name":"Longchang Chemical","description":"Cina produttore di prodotti chimici \uff06 fornitore","publisher":{"@id":"https:\/\/longchangchemical.com\/#organization"},"potentialAction":[{"@type":"SearchAction","target":{"@type":"EntryPoint","urlTemplate":"https:\/\/longchangchemical.com\/?s={search_term_string}"},"query-input":{"@type":"PropertyValueSpecification","valueRequired":true,"valueName":"search_term_string"}}],"inLanguage":"it-IT"},{"@type":"Organization","@id":"https:\/\/longchangchemical.com\/#organization","name":"Longchang Chemical","url":"https:\/\/longchangchemical.com\/","logo":{"@type":"ImageObject","inLanguage":"it-IT","@id":"https:\/\/longchangchemical.com\/#\/schema\/logo\/image\/","url":"https:\/\/longchangchemical.com\/wp-content\/uploads\/2020\/08\/cropped-longchang-logo.png","contentUrl":"https:\/\/longchangchemical.com\/wp-content\/uploads\/2020\/08\/cropped-longchang-logo.png","width":512,"height":512,"caption":"Longchang Chemical"},"image":{"@id":"https:\/\/longchangchemical.com\/#\/schema\/logo\/image\/"}}]}},"_links":{"self":[{"href":"https:\/\/longchangchemical.com\/it\/wp-json\/wp\/v2\/product\/3528","targetHints":{"allow":["GET"]}}],"collection":[{"href":"https:\/\/longchangchemical.com\/it\/wp-json\/wp\/v2\/product"}],"about":[{"href":"https:\/\/longchangchemical.com\/it\/wp-json\/wp\/v2\/types\/product"}],"replies":[{"embeddable":true,"href":"https:\/\/longchangchemical.com\/it\/wp-json\/wp\/v2\/comments?post=3528"}],"wp:featuredmedia":[{"embeddable":true,"href":"https:\/\/longchangchemical.com\/it\/wp-json\/wp\/v2\/media\/4330"}],"wp:attachment":[{"href":"https:\/\/longchangchemical.com\/it\/wp-json\/wp\/v2\/media?parent=3528"}],"wp:term":[{"taxonomy":"product_brand","embeddable":true,"href":"https:\/\/longchangchemical.com\/it\/wp-json\/wp\/v2\/product_brand?post=3528"},{"taxonomy":"product_cat","embeddable":true,"href":"https:\/\/longchangchemical.com\/it\/wp-json\/wp\/v2\/product_cat?post=3528"},{"taxonomy":"product_tag","embeddable":true,"href":"https:\/\/longchangchemical.com\/it\/wp-json\/wp\/v2\/product_tag?post=3528"}],"curies":[{"name":"wp","href":"https:\/\/api.w.org\/{rel}","templated":true}]}}