{"id":3520,"date":"2021-01-29T14:06:10","date_gmt":"2021-01-29T14:06:10","guid":{"rendered":"https:\/\/longchangchemical.com\/?post_type=product&#038;p=3520"},"modified":"2025-12-23T06:37:36","modified_gmt":"2025-12-23T06:37:36","slug":"soda-lime-cas-8006-28-8","status":"publish","type":"product","link":"https:\/\/longchangchemical.com\/it\/product\/soda-lime-cas-8006-28-8\/","title":{"rendered":"Calce sodata CAS 8006-28-8"},"content":{"rendered":"<h1><strong>Calce sodata CAS 8006-28-8<\/strong><\/h1>\n<table class=\"table-1\">\n<tbody>\n<tr>\n<td>\n<h4>Articoli<\/h4>\n<\/td>\n<td>\n<h4>Specifiche tecniche<\/h4>\n<\/td>\n<\/tr>\n<tr>\n<td>\n<h4>Aspetto<\/h4>\n<\/td>\n<td>\n<h4>Granulo bianco<\/h4>\n<\/td>\n<\/tr>\n<tr>\n<td>\n<h4>Tasso di adsorbimento della CO2<\/h4>\n<\/td>\n<td>\n<h4>\uff1e25%<\/h4>\n<\/td>\n<\/tr>\n<tr>\n<td>\n<h4>Assorbimento dell'umidit\u00e0<\/h4>\n<\/td>\n<td>\n<h4>\uff1c7.5%<\/h4>\n<\/td>\n<\/tr>\n<tr>\n<td>\n<h4>Acqua<\/h4>\n<\/td>\n<td>\n<h4>\uff1e10%\uff1c15%<\/h4>\n<\/td>\n<\/tr>\n<tr>\n<td>\n<h4>Durezza delle particelle<\/h4>\n<\/td>\n<td>\n<h4>\uff1e80%<\/h4>\n<\/td>\n<\/tr>\n<tr>\n<td rowspan=\"2\">\n<h4>Dimensione delle particelle<\/h4>\n<\/td>\n<td>\n<h4>Materiale del setaccio a 4 maglie \uff1c1.0%<\/h4>\n<\/td>\n<\/tr>\n<tr>\n<td>\n<h4>Attraverso 40 maglie \uff1c2%<\/h4>\n<\/td>\n<\/tr>\n<\/tbody>\n<\/table>\n<h2><strong>Qual \u00e8 la funzione della calce sodata?<\/strong><\/h2>\n<h4>1. Questo prodotto \u00e8 un farmaco dermatologico utilizzato nei farmaci specialistici sfusi.<\/h4>\n<h4>2. La calce sodata viene utilizzata come reagente analitico, essiccante e assorbitore di anidride carbonica.<\/h4>\n<h4>3. La calce sodata di grado medico \u00e8 utilizzata nei sistemi circolatori per anestesia professionale e nelle apparecchiature per la terapia respiratoria. CO2 trasparente. Pu\u00f2 essere utilizzata anche in settori come le immersioni e l'industria.<\/h4>\n<h4>4. La calce sodata \u00e8 utilizzata principalmente come essiccante (in cui l'ossido di calcio agisce come agente essiccante), pu\u00f2 essere utilizzata per essiccare gas neutri come l'ossigeno e per essiccare il gas alcalino ammoniaca. Pu\u00f2 anche essere utilizzato per assorbire gas acidi come l'anidride carbonica e l'anidride solforosa. Se \u00e8 presente solo idrossido di sodio, l'essiccante non pu\u00f2 essere utilizzato a temperature pi\u00f9 elevate perch\u00e9 l'idrossido di sodio pu\u00f2 reagire con la vetreria pi\u00f9 comunemente usata in laboratorio (il componente principale \u00e8 la silice) e corrodere lo strumento. Una piccola quantit\u00e0 di metano proveniente dal laboratorio pu\u00f2 essere riscaldata insieme a calce sodata e acetato di sodio (acetato di sodio) per formare carbonato di sodio e metano.<\/h4>\n<h2><strong>Imballaggio e spedizione della calce sodata<\/strong><\/h2>\n<h4>Tamburo, 16 kg<\/h4>\n<p>&nbsp;<\/p>\n<h2><strong>Stoccaggio della calce sodata<\/strong><\/h2>\n<h4>Essiccazione a bassa temperatura per ventilazione; con acido, sale di ammoniaca conservati separatamente.<\/h4>\n<p>&nbsp;<\/p>\n<h2><strong><b>Contattateci ora!<\/b><\/strong><\/h2>\n<h4><strong><b>Forniamo servizi personalizzati, di solito vi contatteremo entro 24 ore. Potete anche inviarmi un'e-mail a info@longchangchemical.com durante l'orario di lavoro (dalle 8:30 alle 18:00 UTC+8 Lun.~Sab.) o utilizzare la chat dal vivo del sito web per ottenere una risposta immediata.<\/b><\/strong><\/h4>\n<p>&nbsp;<\/p>","protected":false},"excerpt":{"rendered":"<h4>Nome chimico: Calce sodata<\/h4>\n<h4>N. CAS: 8006-28-8<\/h4>\n<h4>Fomula molecolare: CaHNaO2<\/h4>\n<h4>Struttura chimica:<img decoding=\"async\" title=\"immagine.png\" src=\"https:\/\/www.longchangchemical.com\/wp-content\/uploads\/product-details\/20200617099606.png\" alt=\"immagine.png\" \/><\/h4>\n<h4>Peso molecolare: 96,07<\/h4>\n<h4>Aspetto: granulo bianco<\/h4>\n<h4>Test:\uff1e25%<\/h4>","protected":false},"featured_media":4324,"comment_status":"open","ping_status":"closed","template":"","meta":[],"product_brand":[],"product_cat":[69],"product_tag":[],"class_list":{"0":"post-3520","1":"product","2":"type-product","3":"status-publish","4":"has-post-thumbnail","6":"product_cat-catalysts-chemical-auxiliary-agents","8":"first","9":"instock","10":"shipping-taxable","11":"product-type-simple"},"yoast_head":"<!-- This site is optimized with the Yoast SEO plugin v25.3.1 - https:\/\/yoast.com\/wordpress\/plugins\/seo\/ -->\n<title>China Soda lime Manufacturer \uff06 CAS 8006-28-8 Supplier - Longchang chemical Co., Ltd.<\/title>\n<meta name=\"description\" content=\"Longchang Chemical is a leading manufacturer and supplier of Soda lime in China. Buy Soda lime in china. We can provide the best Soda lime price.\" \/>\n<meta name=\"robots\" content=\"index, follow, max-snippet:-1, max-image-preview:large, max-video-preview:-1\" \/>\n<link rel=\"canonical\" href=\"https:\/\/longchangchemical.com\/it\/product\/soda-lime-cas-8006-28-8\/\" \/>\n<meta property=\"og:locale\" content=\"it_IT\" \/>\n<meta property=\"og:type\" content=\"article\" \/>\n<meta property=\"og:title\" content=\"China Soda lime Manufacturer \uff06 CAS 8006-28-8 Supplier - Longchang chemical Co., Ltd.\" \/>\n<meta property=\"og:description\" content=\"Longchang Chemical is a leading manufacturer and supplier of Soda lime in China. Buy Soda lime in china. We can provide the best Soda lime price.\" \/>\n<meta property=\"og:url\" content=\"https:\/\/longchangchemical.com\/it\/product\/soda-lime-cas-8006-28-8\/\" \/>\n<meta property=\"og:site_name\" content=\"Longchang Chemical\" \/>\n<meta property=\"article:modified_time\" content=\"2025-12-23T06:37:36+00:00\" \/>\n<meta property=\"og:image\" content=\"https:\/\/longchangchemical.com\/wp-content\/uploads\/2021\/01\/soda-lime-Appearance.gif\" \/>\n\t<meta property=\"og:image:width\" content=\"600\" \/>\n\t<meta property=\"og:image:height\" content=\"800\" \/>\n\t<meta property=\"og:image:type\" content=\"image\/gif\" \/>\n<meta name=\"twitter:card\" content=\"summary_large_image\" \/>\n<script type=\"application\/ld+json\" class=\"yoast-schema-graph\">{\"@context\":\"https:\/\/schema.org\",\"@graph\":[{\"@type\":\"WebPage\",\"@id\":\"https:\/\/longchangchemical.com\/product\/soda-lime-cas-8006-28-8\/\",\"url\":\"https:\/\/longchangchemical.com\/product\/soda-lime-cas-8006-28-8\/\",\"name\":\"China Soda lime Manufacturer \uff06 CAS 8006-28-8 Supplier - Longchang chemical Co., Ltd.\",\"isPartOf\":{\"@id\":\"https:\/\/longchangchemical.com\/#website\"},\"primaryImageOfPage\":{\"@id\":\"https:\/\/longchangchemical.com\/product\/soda-lime-cas-8006-28-8\/#primaryimage\"},\"image\":{\"@id\":\"https:\/\/longchangchemical.com\/product\/soda-lime-cas-8006-28-8\/#primaryimage\"},\"thumbnailUrl\":\"https:\/\/longchangchemical.com\/wp-content\/uploads\/2021\/01\/soda-lime-Appearance.gif\",\"datePublished\":\"2021-01-29T14:06:10+00:00\",\"dateModified\":\"2025-12-23T06:37:36+00:00\",\"description\":\"Longchang Chemical is a leading manufacturer and supplier of Soda lime in China. Buy Soda lime in china. We can provide the best Soda lime price.\",\"breadcrumb\":{\"@id\":\"https:\/\/longchangchemical.com\/product\/soda-lime-cas-8006-28-8\/#breadcrumb\"},\"inLanguage\":\"it-IT\",\"potentialAction\":[{\"@type\":\"ReadAction\",\"target\":[\"https:\/\/longchangchemical.com\/product\/soda-lime-cas-8006-28-8\/\"]}]},{\"@type\":\"ImageObject\",\"inLanguage\":\"it-IT\",\"@id\":\"https:\/\/longchangchemical.com\/product\/soda-lime-cas-8006-28-8\/#primaryimage\",\"url\":\"https:\/\/longchangchemical.com\/wp-content\/uploads\/2021\/01\/soda-lime-Appearance.gif\",\"contentUrl\":\"https:\/\/longchangchemical.com\/wp-content\/uploads\/2021\/01\/soda-lime-Appearance.gif\",\"width\":600,\"height\":800,\"caption\":\"soda lime Appearance\"},{\"@type\":\"BreadcrumbList\",\"@id\":\"https:\/\/longchangchemical.com\/product\/soda-lime-cas-8006-28-8\/#breadcrumb\",\"itemListElement\":[{\"@type\":\"ListItem\",\"position\":1,\"name\":\"Home\",\"item\":\"https:\/\/longchangchemical.com\/\"},{\"@type\":\"ListItem\",\"position\":2,\"name\":\"Products Longchang\",\"item\":\"https:\/\/longchangchemical.com\/product\/\"},{\"@type\":\"ListItem\",\"position\":3,\"name\":\"Soda lime CAS 8006-28-8\"}]},{\"@type\":\"WebSite\",\"@id\":\"https:\/\/longchangchemical.com\/#website\",\"url\":\"https:\/\/longchangchemical.com\/\",\"name\":\"Longchang Chemical\",\"description\":\"China chemical manufacturer \uff06 supplier\",\"publisher\":{\"@id\":\"https:\/\/longchangchemical.com\/#organization\"},\"potentialAction\":[{\"@type\":\"SearchAction\",\"target\":{\"@type\":\"EntryPoint\",\"urlTemplate\":\"https:\/\/longchangchemical.com\/?s={search_term_string}\"},\"query-input\":{\"@type\":\"PropertyValueSpecification\",\"valueRequired\":true,\"valueName\":\"search_term_string\"}}],\"inLanguage\":\"it-IT\"},{\"@type\":\"Organization\",\"@id\":\"https:\/\/longchangchemical.com\/#organization\",\"name\":\"Longchang Chemical\",\"url\":\"https:\/\/longchangchemical.com\/\",\"logo\":{\"@type\":\"ImageObject\",\"inLanguage\":\"it-IT\",\"@id\":\"https:\/\/longchangchemical.com\/#\/schema\/logo\/image\/\",\"url\":\"https:\/\/longchangchemical.com\/wp-content\/uploads\/2020\/08\/cropped-longchang-logo.png\",\"contentUrl\":\"https:\/\/longchangchemical.com\/wp-content\/uploads\/2020\/08\/cropped-longchang-logo.png\",\"width\":512,\"height\":512,\"caption\":\"Longchang Chemical\"},\"image\":{\"@id\":\"https:\/\/longchangchemical.com\/#\/schema\/logo\/image\/\"}}]}<\/script>\n<!-- \/ Yoast SEO plugin. -->","yoast_head_json":{"title":"Cina Calce sodata Produttore \uff06 CAS 8006-28-8 Fornitore - Longchang chemical Co., Ltd.","description":"Longchang Chemical \u00e8 un produttore e fornitore leader di calce sodata in Cina. Acquistare la calce sodata in Cina. Possiamo fornire il miglior prezzo della calce sodata.","robots":{"index":"index","follow":"follow","max-snippet":"max-snippet:-1","max-image-preview":"max-image-preview:large","max-video-preview":"max-video-preview:-1"},"canonical":"https:\/\/longchangchemical.com\/it\/product\/soda-lime-cas-8006-28-8\/","og_locale":"it_IT","og_type":"article","og_title":"China Soda lime Manufacturer \uff06 CAS 8006-28-8 Supplier - Longchang chemical Co., Ltd.","og_description":"Longchang Chemical is a leading manufacturer and supplier of Soda lime in China. Buy Soda lime in china. We can provide the best Soda lime price.","og_url":"https:\/\/longchangchemical.com\/it\/product\/soda-lime-cas-8006-28-8\/","og_site_name":"Longchang Chemical","article_modified_time":"2025-12-23T06:37:36+00:00","og_image":[{"width":600,"height":800,"url":"https:\/\/longchangchemical.com\/wp-content\/uploads\/2021\/01\/soda-lime-Appearance.gif","type":"image\/gif"}],"twitter_card":"summary_large_image","schema":{"@context":"https:\/\/schema.org","@graph":[{"@type":"WebPage","@id":"https:\/\/longchangchemical.com\/product\/soda-lime-cas-8006-28-8\/","url":"https:\/\/longchangchemical.com\/product\/soda-lime-cas-8006-28-8\/","name":"Cina Calce sodata Produttore \uff06 CAS 8006-28-8 Fornitore - Longchang chemical Co., Ltd.","isPartOf":{"@id":"https:\/\/longchangchemical.com\/#website"},"primaryImageOfPage":{"@id":"https:\/\/longchangchemical.com\/product\/soda-lime-cas-8006-28-8\/#primaryimage"},"image":{"@id":"https:\/\/longchangchemical.com\/product\/soda-lime-cas-8006-28-8\/#primaryimage"},"thumbnailUrl":"https:\/\/longchangchemical.com\/wp-content\/uploads\/2021\/01\/soda-lime-Appearance.gif","datePublished":"2021-01-29T14:06:10+00:00","dateModified":"2025-12-23T06:37:36+00:00","description":"Longchang Chemical \u00e8 un produttore e fornitore leader di calce sodata in Cina. Acquistare la calce sodata in Cina. Possiamo fornire il miglior prezzo della calce sodata.","breadcrumb":{"@id":"https:\/\/longchangchemical.com\/product\/soda-lime-cas-8006-28-8\/#breadcrumb"},"inLanguage":"it-IT","potentialAction":[{"@type":"ReadAction","target":["https:\/\/longchangchemical.com\/product\/soda-lime-cas-8006-28-8\/"]}]},{"@type":"ImageObject","inLanguage":"it-IT","@id":"https:\/\/longchangchemical.com\/product\/soda-lime-cas-8006-28-8\/#primaryimage","url":"https:\/\/longchangchemical.com\/wp-content\/uploads\/2021\/01\/soda-lime-Appearance.gif","contentUrl":"https:\/\/longchangchemical.com\/wp-content\/uploads\/2021\/01\/soda-lime-Appearance.gif","width":600,"height":800,"caption":"soda lime Appearance"},{"@type":"BreadcrumbList","@id":"https:\/\/longchangchemical.com\/product\/soda-lime-cas-8006-28-8\/#breadcrumb","itemListElement":[{"@type":"ListItem","position":1,"name":"Home","item":"https:\/\/longchangchemical.com\/"},{"@type":"ListItem","position":2,"name":"Products Longchang","item":"https:\/\/longchangchemical.com\/product\/"},{"@type":"ListItem","position":3,"name":"Soda lime CAS 8006-28-8"}]},{"@type":"WebSite","@id":"https:\/\/longchangchemical.com\/#website","url":"https:\/\/longchangchemical.com\/","name":"Longchang Chemical","description":"Cina produttore di prodotti chimici \uff06 fornitore","publisher":{"@id":"https:\/\/longchangchemical.com\/#organization"},"potentialAction":[{"@type":"SearchAction","target":{"@type":"EntryPoint","urlTemplate":"https:\/\/longchangchemical.com\/?s={search_term_string}"},"query-input":{"@type":"PropertyValueSpecification","valueRequired":true,"valueName":"search_term_string"}}],"inLanguage":"it-IT"},{"@type":"Organization","@id":"https:\/\/longchangchemical.com\/#organization","name":"Longchang Chemical","url":"https:\/\/longchangchemical.com\/","logo":{"@type":"ImageObject","inLanguage":"it-IT","@id":"https:\/\/longchangchemical.com\/#\/schema\/logo\/image\/","url":"https:\/\/longchangchemical.com\/wp-content\/uploads\/2020\/08\/cropped-longchang-logo.png","contentUrl":"https:\/\/longchangchemical.com\/wp-content\/uploads\/2020\/08\/cropped-longchang-logo.png","width":512,"height":512,"caption":"Longchang Chemical"},"image":{"@id":"https:\/\/longchangchemical.com\/#\/schema\/logo\/image\/"}}]}},"_links":{"self":[{"href":"https:\/\/longchangchemical.com\/it\/wp-json\/wp\/v2\/product\/3520","targetHints":{"allow":["GET"]}}],"collection":[{"href":"https:\/\/longchangchemical.com\/it\/wp-json\/wp\/v2\/product"}],"about":[{"href":"https:\/\/longchangchemical.com\/it\/wp-json\/wp\/v2\/types\/product"}],"replies":[{"embeddable":true,"href":"https:\/\/longchangchemical.com\/it\/wp-json\/wp\/v2\/comments?post=3520"}],"wp:featuredmedia":[{"embeddable":true,"href":"https:\/\/longchangchemical.com\/it\/wp-json\/wp\/v2\/media\/4324"}],"wp:attachment":[{"href":"https:\/\/longchangchemical.com\/it\/wp-json\/wp\/v2\/media?parent=3520"}],"wp:term":[{"taxonomy":"product_brand","embeddable":true,"href":"https:\/\/longchangchemical.com\/it\/wp-json\/wp\/v2\/product_brand?post=3520"},{"taxonomy":"product_cat","embeddable":true,"href":"https:\/\/longchangchemical.com\/it\/wp-json\/wp\/v2\/product_cat?post=3520"},{"taxonomy":"product_tag","embeddable":true,"href":"https:\/\/longchangchemical.com\/it\/wp-json\/wp\/v2\/product_tag?post=3520"}],"curies":[{"name":"wp","href":"https:\/\/api.w.org\/{rel}","templated":true}]}}