{"id":3519,"date":"2021-02-01T14:19:08","date_gmt":"2021-02-01T14:19:08","guid":{"rendered":"https:\/\/longchangchemical.com\/?post_type=product&#038;p=3519"},"modified":"2025-12-23T06:32:23","modified_gmt":"2025-12-23T06:32:23","slug":"cas-54458-61-6","status":"publish","type":"product","link":"https:\/\/longchangchemical.com\/it\/product\/cas-54458-61-6\/","title":{"rendered":"2,3,4,5-tetrametilciclopent-2-enone \/ TMPCO CAS 54458-61-6"},"content":{"rendered":"<h1><strong>2,3,4,5-tetrametilciclopent-2-enone \/ TMPCO CAS 54458-61-6<\/strong><\/h1>\n<p>&nbsp;<\/p>\n<table>\n<tbody>\n<tr>\n<td width=\"180\">\n<h4>Articolo<\/h4>\n<\/td>\n<td width=\"265\">\n<h4>Specifiche tecniche<\/h4>\n<\/td>\n<td width=\"176\">\n<h4>Risultati<\/h4>\n<\/td>\n<\/tr>\n<tr>\n<td width=\"180\">\n<h4>Aspetto<\/h4>\n<\/td>\n<td width=\"265\">\n<h4>Liquido giallo<\/h4>\n<\/td>\n<td width=\"176\">\n<h4>Liquido giallo<\/h4>\n<\/td>\n<\/tr>\n<tr>\n<td width=\"180\">\n<h4>Acqua<\/h4>\n<\/td>\n<td width=\"265\">\n<h4>0.5%<\/h4>\n<\/td>\n<td width=\"176\">\n<h4>0.15%<\/h4>\n<\/td>\n<\/tr>\n<tr>\n<td width=\"180\">\n<h4>Conclusione<\/h4>\n<\/td>\n<td colspan=\"2\" width=\"441\">\n<h4>I risultati sono conformi agli standard aziendali<\/h4>\n<\/td>\n<\/tr>\n<\/tbody>\n<\/table>\n<p>&nbsp;<\/p>\n<h2><strong>Che cos'\u00e8 il TMPCO \/ 2,3,4,5-Tetrametilciclopent-2-enone?<\/strong><\/h2>\n<h4>Il TMPCO \u00e8 un importante intermedio farmaceutico e pu\u00f2 essere utilizzato come intermedio di materiali funzionali. Pu\u00f2 essere preparato facendo reagire un chetone con tricloropropossido di titanio e acetaldeide.<\/h4>\n<p>&nbsp;<\/p>\n<p>&nbsp;<\/p>\n<h2><strong>2,3,4,5-Tetrametilciclopent-2-enone<\/strong><strong> \/ TMPCO Imballaggio e spedizione<\/strong><\/h2>\n<h4>25 kg\/tamburo<\/h4>\n<p>&nbsp;<\/p>\n<h2><strong>2,3,4,5-Tetrametilciclopent-2-enone<\/strong><strong> \/ Stoccaggio TMPCO<\/strong><\/h2>\n<h4>Conservare in un contenitore fresco, asciutto e ben chiuso, al riparo dalla luce e dal calore.<\/h4>\n<p>&nbsp;<\/p>\n<h2><strong><b>Contattateci ora!<\/b><\/strong><\/h2>\n<h4><strong><b>Se avete bisogno di COA, MSDS o TDS, inserite i vostri dati di contatto nel modulo sottostante; di solito vi contatteremo entro 24 ore. Potete anche inviarmi un'e-mail <span style=\"color: #0000ff;\"><a style=\"color: #0000ff;\" href=\"mailto:info@longchangchemical.com\">info@longchangchemical.com<\/a><\/span> durante l'orario di lavoro (dalle 8:30 alle 18:00 UTC+8 lun.-sab.) o utilizzare la live chat del sito web per ottenere una risposta immediata.<\/b><\/strong><\/h4>","protected":false},"excerpt":{"rendered":"<h4>Nome chimico: 2,3,4,5-Tetrametilciclopent-2-enone<\/h4>\n<h4>N. CAS: 54458-61-6<\/h4>\n<h4>Fomula molecolare: C9H14O<\/h4>\n<h4>Struttura chimica:<img decoding=\"async\" title=\"immagine.png\" src=\"https:\/\/www.longchangchemical.com\/wp-content\/uploads\/product-details\/20200617060091.png\" alt=\"immagine.png\" \/><\/h4>\n<h4>Peso molecolare: 138,21<\/h4>\n<h4>Aspetto: Liquido giallo<\/h4>\n<h4>Test: 97%min<\/h4>","protected":false},"featured_media":4328,"comment_status":"open","ping_status":"closed","template":"","meta":[],"product_brand":[],"product_cat":[69],"product_tag":[],"class_list":{"0":"post-3519","1":"product","2":"type-product","3":"status-publish","4":"has-post-thumbnail","6":"product_cat-catalysts-chemical-auxiliary-agents","8":"first","9":"instock","10":"shipping-taxable","11":"product-type-simple"},"yoast_head":"<!-- This site is optimized with the Yoast SEO plugin v25.3.1 - https:\/\/yoast.com\/wordpress\/plugins\/seo\/ -->\n<title>China 2,3,4,5-TETRAMETHYL-2-CYCLOPENTENONE Manufacturer \uff06 CAS 54458-61-6 Supplier - Longchang chemical Co., Ltd.<\/title>\n<meta name=\"description\" content=\"Longchang Chemical is a leading manufacturer and supplier of TMPCO in China. Buy 2,3,4,5-TETRAMETHYL-2-CYCLOPENTENONE in china. We can provide the best 2,3,4,5-TETRAMETHYL-2-CYCLOPENTENONE price.\" \/>\n<meta name=\"robots\" content=\"index, follow, max-snippet:-1, max-image-preview:large, max-video-preview:-1\" \/>\n<link rel=\"canonical\" href=\"https:\/\/longchangchemical.com\/it\/product\/cas-54458-61-6\/\" \/>\n<meta property=\"og:locale\" content=\"it_IT\" \/>\n<meta property=\"og:type\" content=\"article\" \/>\n<meta property=\"og:title\" content=\"China 2,3,4,5-TETRAMETHYL-2-CYCLOPENTENONE Manufacturer \uff06 CAS 54458-61-6 Supplier - Longchang chemical Co., Ltd.\" \/>\n<meta property=\"og:description\" content=\"Longchang Chemical is a leading manufacturer and supplier of TMPCO in China. Buy 2,3,4,5-TETRAMETHYL-2-CYCLOPENTENONE in china. We can provide the best 2,3,4,5-TETRAMETHYL-2-CYCLOPENTENONE price.\" \/>\n<meta property=\"og:url\" content=\"https:\/\/longchangchemical.com\/it\/product\/cas-54458-61-6\/\" \/>\n<meta property=\"og:site_name\" content=\"Longchang Chemical\" \/>\n<meta property=\"article:modified_time\" content=\"2025-12-23T06:32:23+00:00\" \/>\n<meta property=\"og:image\" content=\"https:\/\/longchangchemical.com\/wp-content\/uploads\/2021\/01\/TMPCO-Appearance.jpg\" \/>\n\t<meta property=\"og:image:width\" content=\"600\" \/>\n\t<meta property=\"og:image:height\" content=\"800\" \/>\n\t<meta property=\"og:image:type\" content=\"image\/jpeg\" \/>\n<meta name=\"twitter:card\" content=\"summary_large_image\" \/>\n<script type=\"application\/ld+json\" class=\"yoast-schema-graph\">{\"@context\":\"https:\/\/schema.org\",\"@graph\":[{\"@type\":\"WebPage\",\"@id\":\"https:\/\/longchangchemical.com\/product\/cas-54458-61-6\/\",\"url\":\"https:\/\/longchangchemical.com\/product\/cas-54458-61-6\/\",\"name\":\"China 2,3,4,5-TETRAMETHYL-2-CYCLOPENTENONE Manufacturer \uff06 CAS 54458-61-6 Supplier - Longchang chemical Co., Ltd.\",\"isPartOf\":{\"@id\":\"https:\/\/longchangchemical.com\/#website\"},\"primaryImageOfPage\":{\"@id\":\"https:\/\/longchangchemical.com\/product\/cas-54458-61-6\/#primaryimage\"},\"image\":{\"@id\":\"https:\/\/longchangchemical.com\/product\/cas-54458-61-6\/#primaryimage\"},\"thumbnailUrl\":\"https:\/\/longchangchemical.com\/wp-content\/uploads\/2021\/01\/TMPCO-Appearance.jpg\",\"datePublished\":\"2021-02-01T14:19:08+00:00\",\"dateModified\":\"2025-12-23T06:32:23+00:00\",\"description\":\"Longchang Chemical is a leading manufacturer and supplier of TMPCO in China. Buy 2,3,4,5-TETRAMETHYL-2-CYCLOPENTENONE in china. We can provide the best 2,3,4,5-TETRAMETHYL-2-CYCLOPENTENONE price.\",\"breadcrumb\":{\"@id\":\"https:\/\/longchangchemical.com\/product\/cas-54458-61-6\/#breadcrumb\"},\"inLanguage\":\"it-IT\",\"potentialAction\":[{\"@type\":\"ReadAction\",\"target\":[\"https:\/\/longchangchemical.com\/product\/cas-54458-61-6\/\"]}]},{\"@type\":\"ImageObject\",\"inLanguage\":\"it-IT\",\"@id\":\"https:\/\/longchangchemical.com\/product\/cas-54458-61-6\/#primaryimage\",\"url\":\"https:\/\/longchangchemical.com\/wp-content\/uploads\/2021\/01\/TMPCO-Appearance.jpg\",\"contentUrl\":\"https:\/\/longchangchemical.com\/wp-content\/uploads\/2021\/01\/TMPCO-Appearance.jpg\",\"width\":600,\"height\":800,\"caption\":\"TMPCO Appearance\"},{\"@type\":\"BreadcrumbList\",\"@id\":\"https:\/\/longchangchemical.com\/product\/cas-54458-61-6\/#breadcrumb\",\"itemListElement\":[{\"@type\":\"ListItem\",\"position\":1,\"name\":\"Home\",\"item\":\"https:\/\/longchangchemical.com\/\"},{\"@type\":\"ListItem\",\"position\":2,\"name\":\"Products Longchang\",\"item\":\"https:\/\/longchangchemical.com\/product\/\"},{\"@type\":\"ListItem\",\"position\":3,\"name\":\"2,3,4,5-tetramethylcyclopent-2-enone \/ TMPCO CAS 54458-61-6\"}]},{\"@type\":\"WebSite\",\"@id\":\"https:\/\/longchangchemical.com\/#website\",\"url\":\"https:\/\/longchangchemical.com\/\",\"name\":\"Longchang Chemical\",\"description\":\"China chemical manufacturer \uff06 supplier\",\"publisher\":{\"@id\":\"https:\/\/longchangchemical.com\/#organization\"},\"potentialAction\":[{\"@type\":\"SearchAction\",\"target\":{\"@type\":\"EntryPoint\",\"urlTemplate\":\"https:\/\/longchangchemical.com\/?s={search_term_string}\"},\"query-input\":{\"@type\":\"PropertyValueSpecification\",\"valueRequired\":true,\"valueName\":\"search_term_string\"}}],\"inLanguage\":\"it-IT\"},{\"@type\":\"Organization\",\"@id\":\"https:\/\/longchangchemical.com\/#organization\",\"name\":\"Longchang Chemical\",\"url\":\"https:\/\/longchangchemical.com\/\",\"logo\":{\"@type\":\"ImageObject\",\"inLanguage\":\"it-IT\",\"@id\":\"https:\/\/longchangchemical.com\/#\/schema\/logo\/image\/\",\"url\":\"https:\/\/longchangchemical.com\/wp-content\/uploads\/2020\/08\/cropped-longchang-logo.png\",\"contentUrl\":\"https:\/\/longchangchemical.com\/wp-content\/uploads\/2020\/08\/cropped-longchang-logo.png\",\"width\":512,\"height\":512,\"caption\":\"Longchang Chemical\"},\"image\":{\"@id\":\"https:\/\/longchangchemical.com\/#\/schema\/logo\/image\/\"}}]}<\/script>\n<!-- \/ Yoast SEO plugin. -->","yoast_head_json":{"title":"Cina 2,3,4,5-TETRAMETHYL-2-CYCLOPENTENONE Produttore \uff06 CAS 54458-61-6 Fornitore - Longchang chemical Co., Ltd.","description":"Longchang Chemical \u00e8 un produttore e fornitore leader di TMPCO in Cina. Comprare 2,3,4,5-TETRAMETHYL-2-CYCLOPENTENONE in Cina. Possiamo fornire il miglior prezzo di 2,3,4,5-TETRAMETHYL-2-CYCLOPENTENONE.","robots":{"index":"index","follow":"follow","max-snippet":"max-snippet:-1","max-image-preview":"max-image-preview:large","max-video-preview":"max-video-preview:-1"},"canonical":"https:\/\/longchangchemical.com\/it\/product\/cas-54458-61-6\/","og_locale":"it_IT","og_type":"article","og_title":"China 2,3,4,5-TETRAMETHYL-2-CYCLOPENTENONE Manufacturer \uff06 CAS 54458-61-6 Supplier - Longchang chemical Co., Ltd.","og_description":"Longchang Chemical is a leading manufacturer and supplier of TMPCO in China. Buy 2,3,4,5-TETRAMETHYL-2-CYCLOPENTENONE in china. We can provide the best 2,3,4,5-TETRAMETHYL-2-CYCLOPENTENONE price.","og_url":"https:\/\/longchangchemical.com\/it\/product\/cas-54458-61-6\/","og_site_name":"Longchang Chemical","article_modified_time":"2025-12-23T06:32:23+00:00","og_image":[{"width":600,"height":800,"url":"https:\/\/longchangchemical.com\/wp-content\/uploads\/2021\/01\/TMPCO-Appearance.jpg","type":"image\/jpeg"}],"twitter_card":"summary_large_image","schema":{"@context":"https:\/\/schema.org","@graph":[{"@type":"WebPage","@id":"https:\/\/longchangchemical.com\/product\/cas-54458-61-6\/","url":"https:\/\/longchangchemical.com\/product\/cas-54458-61-6\/","name":"Cina 2,3,4,5-TETRAMETHYL-2-CYCLOPENTENONE Produttore \uff06 CAS 54458-61-6 Fornitore - Longchang chemical Co., Ltd.","isPartOf":{"@id":"https:\/\/longchangchemical.com\/#website"},"primaryImageOfPage":{"@id":"https:\/\/longchangchemical.com\/product\/cas-54458-61-6\/#primaryimage"},"image":{"@id":"https:\/\/longchangchemical.com\/product\/cas-54458-61-6\/#primaryimage"},"thumbnailUrl":"https:\/\/longchangchemical.com\/wp-content\/uploads\/2021\/01\/TMPCO-Appearance.jpg","datePublished":"2021-02-01T14:19:08+00:00","dateModified":"2025-12-23T06:32:23+00:00","description":"Longchang Chemical \u00e8 un produttore e fornitore leader di TMPCO in Cina. Comprare 2,3,4,5-TETRAMETHYL-2-CYCLOPENTENONE in Cina. Possiamo fornire il miglior prezzo di 2,3,4,5-TETRAMETHYL-2-CYCLOPENTENONE.","breadcrumb":{"@id":"https:\/\/longchangchemical.com\/product\/cas-54458-61-6\/#breadcrumb"},"inLanguage":"it-IT","potentialAction":[{"@type":"ReadAction","target":["https:\/\/longchangchemical.com\/product\/cas-54458-61-6\/"]}]},{"@type":"ImageObject","inLanguage":"it-IT","@id":"https:\/\/longchangchemical.com\/product\/cas-54458-61-6\/#primaryimage","url":"https:\/\/longchangchemical.com\/wp-content\/uploads\/2021\/01\/TMPCO-Appearance.jpg","contentUrl":"https:\/\/longchangchemical.com\/wp-content\/uploads\/2021\/01\/TMPCO-Appearance.jpg","width":600,"height":800,"caption":"TMPCO Appearance"},{"@type":"BreadcrumbList","@id":"https:\/\/longchangchemical.com\/product\/cas-54458-61-6\/#breadcrumb","itemListElement":[{"@type":"ListItem","position":1,"name":"Home","item":"https:\/\/longchangchemical.com\/"},{"@type":"ListItem","position":2,"name":"Products Longchang","item":"https:\/\/longchangchemical.com\/product\/"},{"@type":"ListItem","position":3,"name":"2,3,4,5-tetramethylcyclopent-2-enone \/ TMPCO CAS 54458-61-6"}]},{"@type":"WebSite","@id":"https:\/\/longchangchemical.com\/#website","url":"https:\/\/longchangchemical.com\/","name":"Longchang Chemical","description":"Cina produttore di prodotti chimici \uff06 fornitore","publisher":{"@id":"https:\/\/longchangchemical.com\/#organization"},"potentialAction":[{"@type":"SearchAction","target":{"@type":"EntryPoint","urlTemplate":"https:\/\/longchangchemical.com\/?s={search_term_string}"},"query-input":{"@type":"PropertyValueSpecification","valueRequired":true,"valueName":"search_term_string"}}],"inLanguage":"it-IT"},{"@type":"Organization","@id":"https:\/\/longchangchemical.com\/#organization","name":"Longchang Chemical","url":"https:\/\/longchangchemical.com\/","logo":{"@type":"ImageObject","inLanguage":"it-IT","@id":"https:\/\/longchangchemical.com\/#\/schema\/logo\/image\/","url":"https:\/\/longchangchemical.com\/wp-content\/uploads\/2020\/08\/cropped-longchang-logo.png","contentUrl":"https:\/\/longchangchemical.com\/wp-content\/uploads\/2020\/08\/cropped-longchang-logo.png","width":512,"height":512,"caption":"Longchang Chemical"},"image":{"@id":"https:\/\/longchangchemical.com\/#\/schema\/logo\/image\/"}}]}},"_links":{"self":[{"href":"https:\/\/longchangchemical.com\/it\/wp-json\/wp\/v2\/product\/3519","targetHints":{"allow":["GET"]}}],"collection":[{"href":"https:\/\/longchangchemical.com\/it\/wp-json\/wp\/v2\/product"}],"about":[{"href":"https:\/\/longchangchemical.com\/it\/wp-json\/wp\/v2\/types\/product"}],"replies":[{"embeddable":true,"href":"https:\/\/longchangchemical.com\/it\/wp-json\/wp\/v2\/comments?post=3519"}],"wp:featuredmedia":[{"embeddable":true,"href":"https:\/\/longchangchemical.com\/it\/wp-json\/wp\/v2\/media\/4328"}],"wp:attachment":[{"href":"https:\/\/longchangchemical.com\/it\/wp-json\/wp\/v2\/media?parent=3519"}],"wp:term":[{"taxonomy":"product_brand","embeddable":true,"href":"https:\/\/longchangchemical.com\/it\/wp-json\/wp\/v2\/product_brand?post=3519"},{"taxonomy":"product_cat","embeddable":true,"href":"https:\/\/longchangchemical.com\/it\/wp-json\/wp\/v2\/product_cat?post=3519"},{"taxonomy":"product_tag","embeddable":true,"href":"https:\/\/longchangchemical.com\/it\/wp-json\/wp\/v2\/product_tag?post=3519"}],"curies":[{"name":"wp","href":"https:\/\/api.w.org\/{rel}","templated":true}]}}