{"id":3505,"date":"2021-01-21T11:23:34","date_gmt":"2021-01-21T11:23:34","guid":{"rendered":"https:\/\/longchangchemical.com\/?post_type=product&#038;p=3505"},"modified":"2025-12-23T05:58:21","modified_gmt":"2025-12-23T05:58:21","slug":"stearoyl-benzoyl-methane-cas-58446-52-9","status":"publish","type":"product","link":"https:\/\/longchangchemical.com\/it\/product\/stearoyl-benzoyl-methane-cas-58446-52-9\/","title":{"rendered":"Stearoil benzoil metano CAS 58446-52-9"},"content":{"rendered":"<h1><strong>Stearoil benzoil metano CAS 58446-52-9<\/strong><\/h1>\n<p>&nbsp;<\/p>\n<table class=\"table-1\" cellspacing=\"0\">\n<tbody>\n<tr>\n<td>\n<h4><strong>SBM-50 Articolo<\/strong><\/h4>\n<\/td>\n<td>\n<h4><strong>Standard<\/strong><\/h4>\n<\/td>\n<td>\n<h4><strong>Risultato<\/strong><strong>(%)<\/strong><\/h4>\n<\/td>\n<\/tr>\n<tr>\n<td>\n<h4>SBM-50 Aspetto<\/h4>\n<\/td>\n<td>\n<h4>Polvere bianca<\/h4>\n<\/td>\n<td>\n<h4>confermato<\/h4>\n<\/td>\n<\/tr>\n<tr>\n<td>\n<h4>SBM-50 Purezza<\/h4>\n<\/td>\n<td>\n<h4>\u226597%<\/h4>\n<\/td>\n<td>\n<h4>98.1%<\/h4>\n<\/td>\n<\/tr>\n<tr>\n<td>\n<h4>SBM-50 Punto di fusione:<\/h4>\n<\/td>\n<td>\n<h4>\u226556\u2103<\/h4>\n<\/td>\n<td>\n<h4>56.3-59.3<\/h4>\n<\/td>\n<\/tr>\n<tr>\n<td>\n<h4>SBM-50 Contenuto di ceneri:<\/h4>\n<\/td>\n<td>\n<h4>0,2% max<\/h4>\n<\/td>\n<td>\n<h4>0.07<\/h4>\n<\/td>\n<\/tr>\n<tr>\n<td>\n<h4>SBM-50 Perdita di calore: (120\u2103, 1h)<\/h4>\n<\/td>\n<td>\n<h4>0,2max<\/h4>\n<\/td>\n<td>\n<h4>0.09<\/h4>\n<\/td>\n<\/tr>\n<\/tbody>\n<\/table>\n<h2><\/h2>\n<table style=\"border-collapse: collapse; width: 513.02pt;\" border=\"0\" width=\"684\" cellspacing=\"0\" cellpadding=\"0\">\n<tbody>\n<tr style=\"height: 14.25pt;\">\n<td class=\"et2\" style=\"height: 14.25pt; width: 183.75pt;\" width=\"245\" height=\"19\">\n<h4>SBM-55 Articolo<\/h4>\n<\/td>\n<td class=\"et2\" style=\"width: 243.75pt;\" width=\"325\">\n<h4>Standard<\/h4>\n<\/td>\n<td class=\"et3\" style=\"width: 85.50pt;\" width=\"114\">\n<h4>Risultato(%)<\/h4>\n<\/td>\n<\/tr>\n<tr style=\"height: 14.25pt;\">\n<td class=\"et2\" style=\"height: 14.25pt;\" height=\"19\">\n<h4>SBM-55 Aspetto<\/h4>\n<\/td>\n<td class=\"et2\">\n<h4>Polvere bianca o bianca leggera<\/h4>\n<\/td>\n<td class=\"et3\">\n<h4>confermato<\/h4>\n<\/td>\n<\/tr>\n<tr style=\"height: 14.25pt;\">\n<td class=\"et2\" style=\"height: 14.25pt;\" height=\"19\">\n<h4>SBM-55 Purezza<\/h4>\n<\/td>\n<td class=\"et2\">\n<h4>\u226570%<\/h4>\n<\/td>\n<td class=\"et4\">\n<h4>70.10%<\/h4>\n<\/td>\n<\/tr>\n<tr style=\"height: 14.25pt;\">\n<td class=\"et2\" style=\"height: 14.25pt;\" height=\"19\">\n<h4>SBM-55 Punto di fusione:<\/h4>\n<\/td>\n<td class=\"et2\">\n<h4>\u226553\u2103<\/h4>\n<\/td>\n<td class=\"et3\">\n<h4>53.3-56.3<\/h4>\n<\/td>\n<\/tr>\n<tr style=\"height: 14.25pt;\">\n<td class=\"et2\" style=\"height: 14.25pt;\" height=\"19\">\n<h4>SBM-55 Contenuto di ceneri:<\/h4>\n<\/td>\n<td class=\"et2\">\n<h4>0,2% max<\/h4>\n<\/td>\n<td class=\"et3\">\n<h4>0.07<\/h4>\n<\/td>\n<\/tr>\n<tr style=\"height: 14.25pt;\">\n<td class=\"et2\" style=\"height: 14.25pt;\" height=\"19\">\n<h4>SBM-55 Perdita di calore: (120\u2103, 1h)<\/h4>\n<\/td>\n<td class=\"et2\">\n<h4>0,2max<\/h4>\n<\/td>\n<td class=\"et3\">\n<h4>0.09<\/h4>\n<\/td>\n<\/tr>\n<\/tbody>\n<\/table>\n<h2><\/h2>\n<h2>Qual \u00e8 la differenza tra SBM-50 e SBM-55?<\/h2>\n<h4>Aspetto diverso, purezza diversa.<\/h4>\n<p>&nbsp;<\/p>\n<h2><strong>Che cos'\u00e8 lo Stearoyl benzoyl methane?<\/strong><\/h2>\n<h4><span class=\"JLqJ4b ChMk0b\" data-language-for-alternatives=\"en\" data-language-to-translate-into=\"auto\" data-phrase-index=\"0\">Lo stearoil benzoil metano (SBM) \u00e8 un importante stabilizzatore termico ausiliario per le plastiche con struttura \u03b2-diketone. Pu\u00f2 essere composto con diversi stabilizzatori. Grazie alla sinergia tra i componenti, \u00e8 in grado di migliorare in modo efficace la<\/span> <span class=\"JLqJ4b ChMk0b\" data-language-for-alternatives=\"en\" data-language-to-translate-into=\"auto\" data-phrase-index=\"1\">La trasparenza e la resistenza agli agenti atmosferici dei prodotti in cloruro di vinile evitano le precipitazioni e le \"bruciature di zinco\" durante la lavorazione.<\/span><\/h4>\n<p>&nbsp;<\/p>\n<h2><strong>Stearoil benzoil metano Uso<\/strong><\/h2>\n<h4><span class=\"JLqJ4b ChMk0b\" data-language-for-alternatives=\"en\" data-language-to-translate-into=\"auto\" data-phrase-index=\"0\">1. Rispetto ai comuni stabilizzatori, lo stearoil benzoil metano ha una buona stabilit\u00e0 termica, chimica e alla luce, \u00e8 atossico, insapore e non inquina i prodotti, per cui \u00e8 ampiamente utilizzato negli imballaggi alimentari e medici, come le sorgenti minerali.<\/span> <span class=\"JLqJ4b ChMk0b\" data-language-for-alternatives=\"en\" data-language-to-translate-into=\"auto\" data-phrase-index=\"1\">Bottiglie d'acqua, bottiglie d'olio, fogli e pellicole trasparenti, ecc.<\/span><\/h4>\n<h4><span class=\"JLqJ4b ChMk0b\" data-language-for-alternatives=\"en\" data-language-to-translate-into=\"auto\" data-phrase-index=\"3\">2. Lo stabilizzatore termico ausiliario del PVC organico, utilizzato principalmente con lo stabilizzatore termico composito zinco-calcio\/composito di terre rare, pu\u00f2 inibire la colorazione iniziale, prevenire la \"combustione dello zinco\" e migliorare la stabilit\u00e0 termica dei prodotti in PVC.<\/span><\/h4>\n<p>&nbsp;<\/p>\n<h2><strong>Stearoil benzoil metano Imballaggio<\/strong><\/h2>\n<h4>20KG\/cartone<\/h4>\n<p>&nbsp;<\/p>\n<h2><strong>Stearoil benzoil metano Stoccaggio<\/strong><\/h2>\n<h4>Conservare in un luogo fresco e asciutto, per evitare umidit\u00e0 e calore. Non danneggiare l'imballaggio durante la manipolazione.<\/h4>\n<p>&nbsp;<\/p>\n<h2><strong><b>Contattateci ora!<\/b><\/strong><\/h2>\n<h4><strong><b>Se avete bisogno di COA, MSDS o TDS, inserite i vostri dati di contatto nel modulo sottostante; di solito vi contatteremo entro 24 ore. Potete anche inviarmi un'e-mail <span style=\"color: #0000ff;\"><a style=\"color: #0000ff;\" href=\"mailto:info@longchangchemical.com\">info@longchangchemical.com<\/a><\/span> durante l'orario di lavoro (dalle 8:30 alle 18:00 UTC+8 lun.-sab.) o utilizzare la live chat del sito web per ottenere una risposta immediata.<\/b><\/strong><\/h4>","protected":false},"excerpt":{"rendered":"<h4>Denominazione dei prodotti: Stearoil benzoil metano<\/h4>\n<h4>CAS:58446-52-9<\/h4>\n<h4>Formula molecolare: C26H42O2<\/h4>\n<h4>Peso molecolare: 386,61<\/h4>\n<h4>Stearoil benzoil metano Struttura:<img decoding=\"async\" title=\"Stearoil benzoil metano Struttura\" src=\"https:\/\/www.longchangchemical.com\/wp-content\/uploads\/product-details\/20200615152826.png\" alt=\"Stearoil benzoil metano Struttura\" width=\"207\" height=\"69\" border=\"0\" vspace=\"0\" \/><\/h4>\n<h4>Aspetto: Polvere di cristallo bianca o bianca chiara<\/h4>\n<h4>Purezza: SBM-50: \u226597% SBM-55: \u226570%<\/h4>","protected":false},"featured_media":4284,"comment_status":"open","ping_status":"closed","template":"","meta":[],"product_brand":[],"product_cat":[69],"product_tag":[],"class_list":{"0":"post-3505","1":"product","2":"type-product","3":"status-publish","4":"has-post-thumbnail","6":"product_cat-catalysts-chemical-auxiliary-agents","8":"first","9":"instock","10":"shipping-taxable","11":"product-type-simple"},"yoast_head":"<!-- This site is optimized with the Yoast SEO plugin v25.3.1 - https:\/\/yoast.com\/wordpress\/plugins\/seo\/ -->\n<title>China Stearoyl benzoyl methane Manufacturer \uff06 CAS 58446-52-9 Supplier - Longchang chemical Co., Ltd.<\/title>\n<meta name=\"description\" content=\"Longchang Chemical is a leading manufacturer and supplier of Stearoyl benzoyl methane cas 58446-52-9 in China. Buy Stearoyl benzoyl methane in china. We can provide the best Stearoyl benzoyl methane price.\" \/>\n<meta name=\"robots\" content=\"index, follow, max-snippet:-1, max-image-preview:large, max-video-preview:-1\" \/>\n<link rel=\"canonical\" href=\"https:\/\/longchangchemical.com\/it\/product\/stearoyl-benzoyl-methane-cas-58446-52-9\/\" \/>\n<meta property=\"og:locale\" content=\"it_IT\" \/>\n<meta property=\"og:type\" content=\"article\" \/>\n<meta property=\"og:title\" content=\"China Stearoyl benzoyl methane Manufacturer \uff06 CAS 58446-52-9 Supplier - Longchang chemical Co., Ltd.\" \/>\n<meta property=\"og:description\" content=\"Longchang Chemical is a leading manufacturer and supplier of Stearoyl benzoyl methane cas 58446-52-9 in China. Buy Stearoyl benzoyl methane in china. We can provide the best Stearoyl benzoyl methane price.\" \/>\n<meta property=\"og:url\" content=\"https:\/\/longchangchemical.com\/it\/product\/stearoyl-benzoyl-methane-cas-58446-52-9\/\" \/>\n<meta property=\"og:site_name\" content=\"Longchang Chemical\" \/>\n<meta property=\"article:modified_time\" content=\"2025-12-23T05:58:21+00:00\" \/>\n<meta property=\"og:image\" content=\"https:\/\/longchangchemical.com\/wp-content\/uploads\/2021\/01\/Stearoyl-benzoyl-methane-Appearance.jpg\" \/>\n\t<meta property=\"og:image:width\" content=\"600\" \/>\n\t<meta property=\"og:image:height\" content=\"800\" \/>\n\t<meta property=\"og:image:type\" content=\"image\/jpeg\" \/>\n<meta name=\"twitter:card\" content=\"summary_large_image\" \/>\n<script type=\"application\/ld+json\" class=\"yoast-schema-graph\">{\"@context\":\"https:\/\/schema.org\",\"@graph\":[{\"@type\":\"WebPage\",\"@id\":\"https:\/\/longchangchemical.com\/product\/stearoyl-benzoyl-methane-cas-58446-52-9\/\",\"url\":\"https:\/\/longchangchemical.com\/product\/stearoyl-benzoyl-methane-cas-58446-52-9\/\",\"name\":\"China Stearoyl benzoyl methane Manufacturer \uff06 CAS 58446-52-9 Supplier - Longchang chemical Co., Ltd.\",\"isPartOf\":{\"@id\":\"https:\/\/longchangchemical.com\/#website\"},\"primaryImageOfPage\":{\"@id\":\"https:\/\/longchangchemical.com\/product\/stearoyl-benzoyl-methane-cas-58446-52-9\/#primaryimage\"},\"image\":{\"@id\":\"https:\/\/longchangchemical.com\/product\/stearoyl-benzoyl-methane-cas-58446-52-9\/#primaryimage\"},\"thumbnailUrl\":\"https:\/\/longchangchemical.com\/wp-content\/uploads\/2021\/01\/Stearoyl-benzoyl-methane-Appearance.jpg\",\"datePublished\":\"2021-01-21T11:23:34+00:00\",\"dateModified\":\"2025-12-23T05:58:21+00:00\",\"description\":\"Longchang Chemical is a leading manufacturer and supplier of Stearoyl benzoyl methane cas 58446-52-9 in China. Buy Stearoyl benzoyl methane in china. We can provide the best Stearoyl benzoyl methane price.\",\"breadcrumb\":{\"@id\":\"https:\/\/longchangchemical.com\/product\/stearoyl-benzoyl-methane-cas-58446-52-9\/#breadcrumb\"},\"inLanguage\":\"it-IT\",\"potentialAction\":[{\"@type\":\"ReadAction\",\"target\":[\"https:\/\/longchangchemical.com\/product\/stearoyl-benzoyl-methane-cas-58446-52-9\/\"]}]},{\"@type\":\"ImageObject\",\"inLanguage\":\"it-IT\",\"@id\":\"https:\/\/longchangchemical.com\/product\/stearoyl-benzoyl-methane-cas-58446-52-9\/#primaryimage\",\"url\":\"https:\/\/longchangchemical.com\/wp-content\/uploads\/2021\/01\/Stearoyl-benzoyl-methane-Appearance.jpg\",\"contentUrl\":\"https:\/\/longchangchemical.com\/wp-content\/uploads\/2021\/01\/Stearoyl-benzoyl-methane-Appearance.jpg\",\"width\":600,\"height\":800,\"caption\":\"Stearoyl-benzoyl-methane-Appearance\"},{\"@type\":\"BreadcrumbList\",\"@id\":\"https:\/\/longchangchemical.com\/product\/stearoyl-benzoyl-methane-cas-58446-52-9\/#breadcrumb\",\"itemListElement\":[{\"@type\":\"ListItem\",\"position\":1,\"name\":\"Home\",\"item\":\"https:\/\/longchangchemical.com\/\"},{\"@type\":\"ListItem\",\"position\":2,\"name\":\"Products Longchang\",\"item\":\"https:\/\/longchangchemical.com\/product\/\"},{\"@type\":\"ListItem\",\"position\":3,\"name\":\"Stearoyl benzoyl methane CAS 58446-52-9\"}]},{\"@type\":\"WebSite\",\"@id\":\"https:\/\/longchangchemical.com\/#website\",\"url\":\"https:\/\/longchangchemical.com\/\",\"name\":\"Longchang Chemical\",\"description\":\"China chemical manufacturer \uff06 supplier\",\"publisher\":{\"@id\":\"https:\/\/longchangchemical.com\/#organization\"},\"potentialAction\":[{\"@type\":\"SearchAction\",\"target\":{\"@type\":\"EntryPoint\",\"urlTemplate\":\"https:\/\/longchangchemical.com\/?s={search_term_string}\"},\"query-input\":{\"@type\":\"PropertyValueSpecification\",\"valueRequired\":true,\"valueName\":\"search_term_string\"}}],\"inLanguage\":\"it-IT\"},{\"@type\":\"Organization\",\"@id\":\"https:\/\/longchangchemical.com\/#organization\",\"name\":\"Longchang Chemical\",\"url\":\"https:\/\/longchangchemical.com\/\",\"logo\":{\"@type\":\"ImageObject\",\"inLanguage\":\"it-IT\",\"@id\":\"https:\/\/longchangchemical.com\/#\/schema\/logo\/image\/\",\"url\":\"https:\/\/longchangchemical.com\/wp-content\/uploads\/2020\/08\/cropped-longchang-logo.png\",\"contentUrl\":\"https:\/\/longchangchemical.com\/wp-content\/uploads\/2020\/08\/cropped-longchang-logo.png\",\"width\":512,\"height\":512,\"caption\":\"Longchang Chemical\"},\"image\":{\"@id\":\"https:\/\/longchangchemical.com\/#\/schema\/logo\/image\/\"}}]}<\/script>\n<!-- \/ Yoast SEO plugin. -->","yoast_head_json":{"title":"Cina Stearoil benzoil metano Produttore \uff06 CAS 58446-52-9 Fornitore - Longchang chemical Co., Ltd.","description":"Longchang Chemical \u00e8 un produttore e fornitore leader di Stearoyl benzoyl methane cas 58446-52-9 in Cina. Acquistare Stearoyl benzoyl methane in Cina. Possiamo fornire il miglior prezzo di Stearoyl benzoyl methane.","robots":{"index":"index","follow":"follow","max-snippet":"max-snippet:-1","max-image-preview":"max-image-preview:large","max-video-preview":"max-video-preview:-1"},"canonical":"https:\/\/longchangchemical.com\/it\/product\/stearoyl-benzoyl-methane-cas-58446-52-9\/","og_locale":"it_IT","og_type":"article","og_title":"China Stearoyl benzoyl methane Manufacturer \uff06 CAS 58446-52-9 Supplier - Longchang chemical Co., Ltd.","og_description":"Longchang Chemical is a leading manufacturer and supplier of Stearoyl benzoyl methane cas 58446-52-9 in China. Buy Stearoyl benzoyl methane in china. We can provide the best Stearoyl benzoyl methane price.","og_url":"https:\/\/longchangchemical.com\/it\/product\/stearoyl-benzoyl-methane-cas-58446-52-9\/","og_site_name":"Longchang Chemical","article_modified_time":"2025-12-23T05:58:21+00:00","og_image":[{"width":600,"height":800,"url":"https:\/\/longchangchemical.com\/wp-content\/uploads\/2021\/01\/Stearoyl-benzoyl-methane-Appearance.jpg","type":"image\/jpeg"}],"twitter_card":"summary_large_image","schema":{"@context":"https:\/\/schema.org","@graph":[{"@type":"WebPage","@id":"https:\/\/longchangchemical.com\/product\/stearoyl-benzoyl-methane-cas-58446-52-9\/","url":"https:\/\/longchangchemical.com\/product\/stearoyl-benzoyl-methane-cas-58446-52-9\/","name":"Cina Stearoil benzoil metano Produttore \uff06 CAS 58446-52-9 Fornitore - Longchang chemical Co., Ltd.","isPartOf":{"@id":"https:\/\/longchangchemical.com\/#website"},"primaryImageOfPage":{"@id":"https:\/\/longchangchemical.com\/product\/stearoyl-benzoyl-methane-cas-58446-52-9\/#primaryimage"},"image":{"@id":"https:\/\/longchangchemical.com\/product\/stearoyl-benzoyl-methane-cas-58446-52-9\/#primaryimage"},"thumbnailUrl":"https:\/\/longchangchemical.com\/wp-content\/uploads\/2021\/01\/Stearoyl-benzoyl-methane-Appearance.jpg","datePublished":"2021-01-21T11:23:34+00:00","dateModified":"2025-12-23T05:58:21+00:00","description":"Longchang Chemical \u00e8 un produttore e fornitore leader di Stearoyl benzoyl methane cas 58446-52-9 in Cina. Acquistare Stearoyl benzoyl methane in Cina. Possiamo fornire il miglior prezzo di Stearoyl benzoyl methane.","breadcrumb":{"@id":"https:\/\/longchangchemical.com\/product\/stearoyl-benzoyl-methane-cas-58446-52-9\/#breadcrumb"},"inLanguage":"it-IT","potentialAction":[{"@type":"ReadAction","target":["https:\/\/longchangchemical.com\/product\/stearoyl-benzoyl-methane-cas-58446-52-9\/"]}]},{"@type":"ImageObject","inLanguage":"it-IT","@id":"https:\/\/longchangchemical.com\/product\/stearoyl-benzoyl-methane-cas-58446-52-9\/#primaryimage","url":"https:\/\/longchangchemical.com\/wp-content\/uploads\/2021\/01\/Stearoyl-benzoyl-methane-Appearance.jpg","contentUrl":"https:\/\/longchangchemical.com\/wp-content\/uploads\/2021\/01\/Stearoyl-benzoyl-methane-Appearance.jpg","width":600,"height":800,"caption":"Stearoyl-benzoyl-methane-Appearance"},{"@type":"BreadcrumbList","@id":"https:\/\/longchangchemical.com\/product\/stearoyl-benzoyl-methane-cas-58446-52-9\/#breadcrumb","itemListElement":[{"@type":"ListItem","position":1,"name":"Home","item":"https:\/\/longchangchemical.com\/"},{"@type":"ListItem","position":2,"name":"Products Longchang","item":"https:\/\/longchangchemical.com\/product\/"},{"@type":"ListItem","position":3,"name":"Stearoyl benzoyl methane CAS 58446-52-9"}]},{"@type":"WebSite","@id":"https:\/\/longchangchemical.com\/#website","url":"https:\/\/longchangchemical.com\/","name":"Longchang Chemical","description":"Cina produttore di prodotti chimici \uff06 fornitore","publisher":{"@id":"https:\/\/longchangchemical.com\/#organization"},"potentialAction":[{"@type":"SearchAction","target":{"@type":"EntryPoint","urlTemplate":"https:\/\/longchangchemical.com\/?s={search_term_string}"},"query-input":{"@type":"PropertyValueSpecification","valueRequired":true,"valueName":"search_term_string"}}],"inLanguage":"it-IT"},{"@type":"Organization","@id":"https:\/\/longchangchemical.com\/#organization","name":"Longchang Chemical","url":"https:\/\/longchangchemical.com\/","logo":{"@type":"ImageObject","inLanguage":"it-IT","@id":"https:\/\/longchangchemical.com\/#\/schema\/logo\/image\/","url":"https:\/\/longchangchemical.com\/wp-content\/uploads\/2020\/08\/cropped-longchang-logo.png","contentUrl":"https:\/\/longchangchemical.com\/wp-content\/uploads\/2020\/08\/cropped-longchang-logo.png","width":512,"height":512,"caption":"Longchang Chemical"},"image":{"@id":"https:\/\/longchangchemical.com\/#\/schema\/logo\/image\/"}}]}},"_links":{"self":[{"href":"https:\/\/longchangchemical.com\/it\/wp-json\/wp\/v2\/product\/3505","targetHints":{"allow":["GET"]}}],"collection":[{"href":"https:\/\/longchangchemical.com\/it\/wp-json\/wp\/v2\/product"}],"about":[{"href":"https:\/\/longchangchemical.com\/it\/wp-json\/wp\/v2\/types\/product"}],"replies":[{"embeddable":true,"href":"https:\/\/longchangchemical.com\/it\/wp-json\/wp\/v2\/comments?post=3505"}],"wp:featuredmedia":[{"embeddable":true,"href":"https:\/\/longchangchemical.com\/it\/wp-json\/wp\/v2\/media\/4284"}],"wp:attachment":[{"href":"https:\/\/longchangchemical.com\/it\/wp-json\/wp\/v2\/media?parent=3505"}],"wp:term":[{"taxonomy":"product_brand","embeddable":true,"href":"https:\/\/longchangchemical.com\/it\/wp-json\/wp\/v2\/product_brand?post=3505"},{"taxonomy":"product_cat","embeddable":true,"href":"https:\/\/longchangchemical.com\/it\/wp-json\/wp\/v2\/product_cat?post=3505"},{"taxonomy":"product_tag","embeddable":true,"href":"https:\/\/longchangchemical.com\/it\/wp-json\/wp\/v2\/product_tag?post=3505"}],"curies":[{"name":"wp","href":"https:\/\/api.w.org\/{rel}","templated":true}]}}