{"id":3503,"date":"2021-01-20T11:23:17","date_gmt":"2021-01-20T11:23:17","guid":{"rendered":"https:\/\/longchangchemical.com\/?post_type=product&#038;p=3503"},"modified":"2025-12-23T05:55:22","modified_gmt":"2025-12-23T05:55:22","slug":"benzotrifluoride-cas-98-08-8","status":"publish","type":"product","link":"https:\/\/longchangchemical.com\/it\/product\/benzotrifluoride-cas-98-08-8\/","title":{"rendered":"Benzotrifluoruro CAS 98-08-8"},"content":{"rendered":"<h1>Benzotrifluoruro CAS 98-08-8<\/h1>\n<table class=\"table-1\" cellspacing=\"0\" cellpadding=\"0\">\n<tbody>\n<tr align=\"left\">\n<td>\n<h4>Ispezionare l'articolo<\/h4>\n<\/td>\n<td>\n<h4>Specifiche<\/h4>\n<\/td>\n<td>\n<h4>Risultati<\/h4>\n<\/td>\n<\/tr>\n<tr align=\"left\">\n<td>\n<h4>Aspetto<\/h4>\n<\/td>\n<td>\n<h4>Liquido trasparente incolore<\/h4>\n<\/td>\n<td>\n<h4>Liquido trasparente incolore<\/h4>\n<\/td>\n<\/tr>\n<tr align=\"left\">\n<td>\n<h4>Test<\/h4>\n<\/td>\n<td>\n<h4>99,50%Min<\/h4>\n<\/td>\n<td>\n<h4>99.80%<\/h4>\n<\/td>\n<\/tr>\n<tr align=\"left\">\n<td>\n<h4>Acqua(By karl fischer)<\/h4>\n<\/td>\n<td>\n<h4>0,05%Max<\/h4>\n<\/td>\n<td>\n<h4>0.02%<\/h4>\n<\/td>\n<\/tr>\n<tr align=\"left\">\n<td>\n<h4>Conclusione<\/h4>\n<\/td>\n<td colspan=\"2\">\n<h4>Qualificato.<\/h4>\n<\/td>\n<\/tr>\n<\/tbody>\n<\/table>\n<p>&nbsp;<\/p>\n<h2><strong>Uso del benzotrifluoruro<\/strong><\/h2>\n<h4><span class=\"JLqJ4b ChMk0b\" data-language-for-alternatives=\"en\" data-language-to-translate-into=\"auto\" data-phrase-index=\"0\">1. Il benzotrifluoruro \u00e8 un importante intermedio nella chimica del fluoro. Pu\u00f2 essere utilizzato per preparare erbicidi come il flurossipir, il flurocloridone e il diflufenican.<\/span><\/h4>\n<h4><span class=\"JLqJ4b ChMk0b\" data-language-for-alternatives=\"en\" data-language-to-translate-into=\"auto\" data-phrase-index=\"2\">2. Il benzotrifluoruro pu\u00f2 essere utilizzato nella produzione di farmaci, coloranti, agenti vulcanizzanti, pesticidi, ecc.<\/span><\/h4>\n<h4><span class=\"JLqJ4b ChMk0b\" data-language-for-alternatives=\"en\" data-language-to-translate-into=\"auto\" data-phrase-index=\"4\">3. Il benzotrifluoruro pu\u00f2 essere utilizzato per determinare il potere calorifico del carburante, pu\u00f2 essere formulato come agente estinguente in polvere e pu\u00f2 essere utilizzato come additivo per plastica fotodegradabile.<\/span><\/h4>\n<p>&nbsp;<\/p>\n<h2><strong>Dettagli sull'imballaggio del benzotrifluoruro<\/strong><\/h2>\n<h4>250 kg\/tamburo<\/h4>\n<p>&nbsp;<\/p>\n<h2><strong><b>Contattateci ora!<\/b><\/strong><\/h2>\n<h4><strong><b>Forniamo servizi personalizzati, di solito vi contatteremo entro 24 ore. Potete anche inviarmi un'e-mail a info@longchangchemical.com durante l'orario di lavoro (dalle 8:30 alle 18:00 UTC+8 Lun.~Sab.) o utilizzare la chat dal vivo del sito web per ottenere una risposta immediata.<\/b><\/strong><\/h4>","protected":false},"excerpt":{"rendered":"<h4>Nome chimico: Benzotrifluoruro<\/h4>\n<h4>CAS: 98-08-8<\/h4>\n<h4>Fomula molecolare: C7H5F3<\/h4>\n<h4>Peso molecolare: 146,11<\/h4>\n<h4>Aspetto: Liquido trasparente incolore<\/h4>\n<h4>Purezza: 99,5%<\/h4>","protected":false},"featured_media":4184,"comment_status":"open","ping_status":"closed","template":"","meta":[],"product_brand":[],"product_cat":[69],"product_tag":[],"class_list":{"0":"post-3503","1":"product","2":"type-product","3":"status-publish","4":"has-post-thumbnail","6":"product_cat-catalysts-chemical-auxiliary-agents","8":"first","9":"instock","10":"shipping-taxable","11":"product-type-simple"},"yoast_head":"<!-- This site is optimized with the Yoast SEO plugin v25.3.1 - https:\/\/yoast.com\/wordpress\/plugins\/seo\/ -->\n<title>China Benzotrifluoride CAS 98-08-8 Manufacturer \uff06 Supplier - Longchang chemical Co., Ltd.<\/title>\n<meta name=\"description\" content=\"Longchang Chemical is a leading manufacturer and supplier of Benzotrifluoride CAS 98-08-8 in China. Buy Benzotrifluoride in china. We can provide the best Benzotrifluoride price.\" \/>\n<meta name=\"robots\" content=\"index, follow, max-snippet:-1, max-image-preview:large, max-video-preview:-1\" \/>\n<link rel=\"canonical\" href=\"https:\/\/longchangchemical.com\/it\/product\/benzotrifluoride-cas-98-08-8\/\" \/>\n<meta property=\"og:locale\" content=\"it_IT\" \/>\n<meta property=\"og:type\" content=\"article\" \/>\n<meta property=\"og:title\" content=\"China Benzotrifluoride CAS 98-08-8 Manufacturer \uff06 Supplier - Longchang chemical Co., Ltd.\" \/>\n<meta property=\"og:description\" content=\"Longchang Chemical is a leading manufacturer and supplier of Benzotrifluoride CAS 98-08-8 in China. Buy Benzotrifluoride in china. We can provide the best Benzotrifluoride price.\" \/>\n<meta property=\"og:url\" content=\"https:\/\/longchangchemical.com\/it\/product\/benzotrifluoride-cas-98-08-8\/\" \/>\n<meta property=\"og:site_name\" content=\"Longchang Chemical\" \/>\n<meta property=\"article:modified_time\" content=\"2025-12-23T05:55:22+00:00\" \/>\n<meta property=\"og:image\" content=\"https:\/\/longchangchemical.com\/wp-content\/uploads\/2021\/01\/Benzotrifluoride-Packaging.jpg\" \/>\n\t<meta property=\"og:image:width\" content=\"600\" \/>\n\t<meta property=\"og:image:height\" content=\"800\" \/>\n\t<meta property=\"og:image:type\" content=\"image\/jpeg\" \/>\n<meta name=\"twitter:card\" content=\"summary_large_image\" \/>\n<script type=\"application\/ld+json\" class=\"yoast-schema-graph\">{\"@context\":\"https:\/\/schema.org\",\"@graph\":[{\"@type\":\"WebPage\",\"@id\":\"https:\/\/longchangchemical.com\/product\/benzotrifluoride-cas-98-08-8\/\",\"url\":\"https:\/\/longchangchemical.com\/product\/benzotrifluoride-cas-98-08-8\/\",\"name\":\"China Benzotrifluoride CAS 98-08-8 Manufacturer \uff06 Supplier - Longchang chemical Co., Ltd.\",\"isPartOf\":{\"@id\":\"https:\/\/longchangchemical.com\/#website\"},\"primaryImageOfPage\":{\"@id\":\"https:\/\/longchangchemical.com\/product\/benzotrifluoride-cas-98-08-8\/#primaryimage\"},\"image\":{\"@id\":\"https:\/\/longchangchemical.com\/product\/benzotrifluoride-cas-98-08-8\/#primaryimage\"},\"thumbnailUrl\":\"https:\/\/longchangchemical.com\/wp-content\/uploads\/2021\/01\/Benzotrifluoride-Packaging.jpg\",\"datePublished\":\"2021-01-20T11:23:17+00:00\",\"dateModified\":\"2025-12-23T05:55:22+00:00\",\"description\":\"Longchang Chemical is a leading manufacturer and supplier of Benzotrifluoride CAS 98-08-8 in China. Buy Benzotrifluoride in china. We can provide the best Benzotrifluoride price.\",\"breadcrumb\":{\"@id\":\"https:\/\/longchangchemical.com\/product\/benzotrifluoride-cas-98-08-8\/#breadcrumb\"},\"inLanguage\":\"it-IT\",\"potentialAction\":[{\"@type\":\"ReadAction\",\"target\":[\"https:\/\/longchangchemical.com\/product\/benzotrifluoride-cas-98-08-8\/\"]}]},{\"@type\":\"ImageObject\",\"inLanguage\":\"it-IT\",\"@id\":\"https:\/\/longchangchemical.com\/product\/benzotrifluoride-cas-98-08-8\/#primaryimage\",\"url\":\"https:\/\/longchangchemical.com\/wp-content\/uploads\/2021\/01\/Benzotrifluoride-Packaging.jpg\",\"contentUrl\":\"https:\/\/longchangchemical.com\/wp-content\/uploads\/2021\/01\/Benzotrifluoride-Packaging.jpg\",\"width\":600,\"height\":800,\"caption\":\"Benzotrifluoride Packaging\"},{\"@type\":\"BreadcrumbList\",\"@id\":\"https:\/\/longchangchemical.com\/product\/benzotrifluoride-cas-98-08-8\/#breadcrumb\",\"itemListElement\":[{\"@type\":\"ListItem\",\"position\":1,\"name\":\"Home\",\"item\":\"https:\/\/longchangchemical.com\/\"},{\"@type\":\"ListItem\",\"position\":2,\"name\":\"Products Longchang\",\"item\":\"https:\/\/longchangchemical.com\/product\/\"},{\"@type\":\"ListItem\",\"position\":3,\"name\":\"Benzotrifluoride CAS 98-08-8\"}]},{\"@type\":\"WebSite\",\"@id\":\"https:\/\/longchangchemical.com\/#website\",\"url\":\"https:\/\/longchangchemical.com\/\",\"name\":\"Longchang Chemical\",\"description\":\"China chemical manufacturer \uff06 supplier\",\"publisher\":{\"@id\":\"https:\/\/longchangchemical.com\/#organization\"},\"potentialAction\":[{\"@type\":\"SearchAction\",\"target\":{\"@type\":\"EntryPoint\",\"urlTemplate\":\"https:\/\/longchangchemical.com\/?s={search_term_string}\"},\"query-input\":{\"@type\":\"PropertyValueSpecification\",\"valueRequired\":true,\"valueName\":\"search_term_string\"}}],\"inLanguage\":\"it-IT\"},{\"@type\":\"Organization\",\"@id\":\"https:\/\/longchangchemical.com\/#organization\",\"name\":\"Longchang Chemical\",\"url\":\"https:\/\/longchangchemical.com\/\",\"logo\":{\"@type\":\"ImageObject\",\"inLanguage\":\"it-IT\",\"@id\":\"https:\/\/longchangchemical.com\/#\/schema\/logo\/image\/\",\"url\":\"https:\/\/longchangchemical.com\/wp-content\/uploads\/2020\/08\/cropped-longchang-logo.png\",\"contentUrl\":\"https:\/\/longchangchemical.com\/wp-content\/uploads\/2020\/08\/cropped-longchang-logo.png\",\"width\":512,\"height\":512,\"caption\":\"Longchang Chemical\"},\"image\":{\"@id\":\"https:\/\/longchangchemical.com\/#\/schema\/logo\/image\/\"}}]}<\/script>\n<!-- \/ Yoast SEO plugin. -->","yoast_head_json":{"title":"Cina Benzotrifluoride CAS 98-08-8 Produttore \uff06 Fornitore - Longchang chemical Co., Ltd.","description":"Longchang Chemical \u00e8 un produttore e fornitore leader di benzotrifluoruro CAS 98-08-8 in Cina. Comprare Benzotrifluoride in Cina. Possiamo fornire il miglior prezzo di Benzotrifluoride.","robots":{"index":"index","follow":"follow","max-snippet":"max-snippet:-1","max-image-preview":"max-image-preview:large","max-video-preview":"max-video-preview:-1"},"canonical":"https:\/\/longchangchemical.com\/it\/product\/benzotrifluoride-cas-98-08-8\/","og_locale":"it_IT","og_type":"article","og_title":"China Benzotrifluoride CAS 98-08-8 Manufacturer \uff06 Supplier - Longchang chemical Co., Ltd.","og_description":"Longchang Chemical is a leading manufacturer and supplier of Benzotrifluoride CAS 98-08-8 in China. Buy Benzotrifluoride in china. We can provide the best Benzotrifluoride price.","og_url":"https:\/\/longchangchemical.com\/it\/product\/benzotrifluoride-cas-98-08-8\/","og_site_name":"Longchang Chemical","article_modified_time":"2025-12-23T05:55:22+00:00","og_image":[{"width":600,"height":800,"url":"https:\/\/longchangchemical.com\/wp-content\/uploads\/2021\/01\/Benzotrifluoride-Packaging.jpg","type":"image\/jpeg"}],"twitter_card":"summary_large_image","schema":{"@context":"https:\/\/schema.org","@graph":[{"@type":"WebPage","@id":"https:\/\/longchangchemical.com\/product\/benzotrifluoride-cas-98-08-8\/","url":"https:\/\/longchangchemical.com\/product\/benzotrifluoride-cas-98-08-8\/","name":"Cina Benzotrifluoride CAS 98-08-8 Produttore \uff06 Fornitore - Longchang chemical Co., Ltd.","isPartOf":{"@id":"https:\/\/longchangchemical.com\/#website"},"primaryImageOfPage":{"@id":"https:\/\/longchangchemical.com\/product\/benzotrifluoride-cas-98-08-8\/#primaryimage"},"image":{"@id":"https:\/\/longchangchemical.com\/product\/benzotrifluoride-cas-98-08-8\/#primaryimage"},"thumbnailUrl":"https:\/\/longchangchemical.com\/wp-content\/uploads\/2021\/01\/Benzotrifluoride-Packaging.jpg","datePublished":"2021-01-20T11:23:17+00:00","dateModified":"2025-12-23T05:55:22+00:00","description":"Longchang Chemical \u00e8 un produttore e fornitore leader di benzotrifluoruro CAS 98-08-8 in Cina. Comprare Benzotrifluoride in Cina. Possiamo fornire il miglior prezzo di Benzotrifluoride.","breadcrumb":{"@id":"https:\/\/longchangchemical.com\/product\/benzotrifluoride-cas-98-08-8\/#breadcrumb"},"inLanguage":"it-IT","potentialAction":[{"@type":"ReadAction","target":["https:\/\/longchangchemical.com\/product\/benzotrifluoride-cas-98-08-8\/"]}]},{"@type":"ImageObject","inLanguage":"it-IT","@id":"https:\/\/longchangchemical.com\/product\/benzotrifluoride-cas-98-08-8\/#primaryimage","url":"https:\/\/longchangchemical.com\/wp-content\/uploads\/2021\/01\/Benzotrifluoride-Packaging.jpg","contentUrl":"https:\/\/longchangchemical.com\/wp-content\/uploads\/2021\/01\/Benzotrifluoride-Packaging.jpg","width":600,"height":800,"caption":"Benzotrifluoride Packaging"},{"@type":"BreadcrumbList","@id":"https:\/\/longchangchemical.com\/product\/benzotrifluoride-cas-98-08-8\/#breadcrumb","itemListElement":[{"@type":"ListItem","position":1,"name":"Home","item":"https:\/\/longchangchemical.com\/"},{"@type":"ListItem","position":2,"name":"Products Longchang","item":"https:\/\/longchangchemical.com\/product\/"},{"@type":"ListItem","position":3,"name":"Benzotrifluoride CAS 98-08-8"}]},{"@type":"WebSite","@id":"https:\/\/longchangchemical.com\/#website","url":"https:\/\/longchangchemical.com\/","name":"Longchang Chemical","description":"Cina produttore di prodotti chimici \uff06 fornitore","publisher":{"@id":"https:\/\/longchangchemical.com\/#organization"},"potentialAction":[{"@type":"SearchAction","target":{"@type":"EntryPoint","urlTemplate":"https:\/\/longchangchemical.com\/?s={search_term_string}"},"query-input":{"@type":"PropertyValueSpecification","valueRequired":true,"valueName":"search_term_string"}}],"inLanguage":"it-IT"},{"@type":"Organization","@id":"https:\/\/longchangchemical.com\/#organization","name":"Longchang Chemical","url":"https:\/\/longchangchemical.com\/","logo":{"@type":"ImageObject","inLanguage":"it-IT","@id":"https:\/\/longchangchemical.com\/#\/schema\/logo\/image\/","url":"https:\/\/longchangchemical.com\/wp-content\/uploads\/2020\/08\/cropped-longchang-logo.png","contentUrl":"https:\/\/longchangchemical.com\/wp-content\/uploads\/2020\/08\/cropped-longchang-logo.png","width":512,"height":512,"caption":"Longchang Chemical"},"image":{"@id":"https:\/\/longchangchemical.com\/#\/schema\/logo\/image\/"}}]}},"_links":{"self":[{"href":"https:\/\/longchangchemical.com\/it\/wp-json\/wp\/v2\/product\/3503","targetHints":{"allow":["GET"]}}],"collection":[{"href":"https:\/\/longchangchemical.com\/it\/wp-json\/wp\/v2\/product"}],"about":[{"href":"https:\/\/longchangchemical.com\/it\/wp-json\/wp\/v2\/types\/product"}],"replies":[{"embeddable":true,"href":"https:\/\/longchangchemical.com\/it\/wp-json\/wp\/v2\/comments?post=3503"}],"wp:featuredmedia":[{"embeddable":true,"href":"https:\/\/longchangchemical.com\/it\/wp-json\/wp\/v2\/media\/4184"}],"wp:attachment":[{"href":"https:\/\/longchangchemical.com\/it\/wp-json\/wp\/v2\/media?parent=3503"}],"wp:term":[{"taxonomy":"product_brand","embeddable":true,"href":"https:\/\/longchangchemical.com\/it\/wp-json\/wp\/v2\/product_brand?post=3503"},{"taxonomy":"product_cat","embeddable":true,"href":"https:\/\/longchangchemical.com\/it\/wp-json\/wp\/v2\/product_cat?post=3503"},{"taxonomy":"product_tag","embeddable":true,"href":"https:\/\/longchangchemical.com\/it\/wp-json\/wp\/v2\/product_tag?post=3503"}],"curies":[{"name":"wp","href":"https:\/\/api.w.org\/{rel}","templated":true}]}}