{"id":3456,"date":"2020-12-08T05:48:04","date_gmt":"2020-12-08T05:48:04","guid":{"rendered":"https:\/\/longchangchemical.com\/?post_type=product&#038;p=3456"},"modified":"2025-12-23T04:11:59","modified_gmt":"2025-12-23T04:11:59","slug":"sodium-thioglycolate-cas-367-51-1","status":"publish","type":"product","link":"https:\/\/longchangchemical.com\/it\/product\/sodium-thioglycolate-cas-367-51-1\/","title":{"rendered":"Tioglicolato di sodio CAS 367-51-1"},"content":{"rendered":"<h1><strong>Tioglicolato di sodio CAS 367-51-1<\/strong><\/h1>\n<table class=\"table-1\" cellspacing=\"0\">\n<tbody>\n<tr>\n<td>\n<h4>Punto di fusione<\/h4>\n<\/td>\n<td>\n<h4>&gt;300 \u00b0C(lit.)<\/h4>\n<\/td>\n<\/tr>\n<tr>\n<td>\n<h4>Solubilit\u00e0 in acqua<\/h4>\n<\/td>\n<td>\n<h4>609,1 g\/l<\/h4>\n<\/td>\n<\/tr>\n<tr>\n<td>\n<h4>Aspetto<\/h4>\n<\/td>\n<td>\n<h4>Liquido da giallo chiaro a rosso scuro<\/h4>\n<\/td>\n<\/tr>\n<tr>\n<td>\n<h4>La purezza<\/h4>\n<\/td>\n<td>\n<h4>40%min<\/h4>\n<\/td>\n<\/tr>\n<tr>\n<td>\n<h4>Stabilit\u00e0<\/h4>\n<\/td>\n<td>\n<h4>stabile<\/h4>\n<\/td>\n<\/tr>\n<\/tbody>\n<\/table>\n<p>&nbsp;<\/p>\n<h2>Che cos'\u00e8 il tioglicolato di sodio?<\/h2>\n<h4>Il tioglicolato di sodio (TGA) \u00e8 un importante inibitore di flottazione. Viene utilizzato come inibitore dei minerali di rame e della pirite nella flottazione del minerale di rame-molibdeno. Ha un evidente effetto inibitorio su rame, zolfo e altri minerali e pu\u00f2 migliorare efficacemente il grado del concentrato di molibdeno. Il tioglicolato di sodio come efficace inibitore di un nuovo tipo di minerale solforato \u00e8 stato utilizzato con successo nella produzione di molibdeno per molti anni e ha completamente sostituito l'inibitore altamente tossico cianuro di sodio.<\/h4>\n<h2><strong>Uso del tioglicolato di sodio<\/strong><\/h2>\n<h4>1. Nell'applicazione della separazione rame-piombo, il tioglicolato di sodio, in quanto inibitore atossico a piccole molecole, ha un buon effetto inibitorio sulla calcopirite e pu\u00f2 essere utilizzato nel processo di separazione del concentrato misto rame-piombo per ottenere rame e piombo separati. L'effetto di disincrostazione del concentrato misto rame-piombo, il tipo e il dosaggio del collettore durante la separazione, il valore del pH della pasta, il dosaggio del tioglicolato di sodio e altri fattori hanno un'influenza importante sull'effetto di separazione del rame-piombo, ma il dosaggio del tioglicolato di sodio \u00e8 il fattore di influenza pi\u00f9 importante: quando il dosaggio \u00e8 appropriato, la separazione di rame e piombo pu\u00f2 essere ottenuta meglio. Quando il dosaggio \u00e8 troppo elevato, il tioglicolato di sodio ha un effetto inibitorio su entrambi. Meccanismo di inibizione: La curva dello spettro infrarosso dopo l'azione del tioglicolato di sodio con la calcopirite e la galena \u00e8 biforcata e spostata, e ci sono valli di assorbimento delle vibrazioni di stiramento simmetriche e asimmetriche di-CH2-e asimmetriche di stiramento di-COO- Assorbire la valle e cos\u00ec via. Nella curva dello spettro infrarosso dopo il lavaggio, la valle di assorbimento di questi gruppi caratteristici \u00e8 diventata debole ma non \u00e8 scomparsa del tutto, il che dimostra la coesistenza dell'adsorbimento fisico e dell'adsorbimento chimico del tioglicolato di sodio sulla superficie della calcopirite e della galena.<\/h4>\n<h4>2. Attivare la sfalerite con solfato di rame in fanghi ad alto pH, utilizzare la calce come inibitore della pirrotite e della pirite, integrata da tioglicolato di sodio, in grado di ottenere efficacemente la separazione zinco-zolfo. Le prove di produzione industriale hanno raggiunto un grado di 45,10 % di concentrato di zinco, il tasso di recupero operativo \u00e8 di 94,39%. Il tioglicolato di sodio \u00e8 un agente moderatamente tossico, che ha un buon effetto inibitorio su pirite e pirrotite. Pu\u00f2 sostituire completamente il cianuro altamente tossico e realizzare il processo di separazione zinco-zolfo non cianuro, che non solo garantisce il concentrato di zinco, ma gli indicatori di produzione del grado e del tasso di recupero possono soddisfare i requisiti nazionali di protezione ambientale. Il tioglicolato di sodio ha uno scarso effetto inibitorio sulla sfalerite. Da quando viene utilizzato il tioglicolato di sodio, ha mantenuto un buon indice di produzione.<\/h4>\n<p>&nbsp;<\/p>\n<h2><strong>Confezionamento e spedizione del tioglicolato di sodio<\/strong><\/h2>\n<h4>Imballaggio: 200 kg\/tamburo<\/h4>\n<p>&nbsp;<\/p>\n<h2><strong>Sodio tioglicolato Conservazione<\/strong><\/h2>\n<h4>Conservare in un contenitore sigillato in un luogo buio.<\/h4>\n<p>&nbsp;<\/p>\n<h2><strong><b>Contattateci ora!<\/b><\/strong><\/h2>\n<h4><strong><b>Forniamo servizi personalizzati, di solito vi contatteremo entro 24 ore. Potete anche inviarmi un'e-mail a info@longchangchemical.com durante l'orario di lavoro (dalle 8:30 alle 18:00 UTC+8 Lun.~Sab.) o utilizzare la chat dal vivo del sito web per ottenere una risposta immediata.<\/b><\/strong><\/h4>","protected":false},"excerpt":{"rendered":"<h4>Nome chimico: Sodio tioglicolato<\/h4>\n<h4>N. CAS: 367-51-1<\/h4>\n<h4>Formula molecolare: C2H3NaO2S<\/h4>\n<h4>Peso molecolare: 114,1<\/h4>\n<h4>Struttura molecolare:<img decoding=\"async\" title=\"Sodio tioglicolato Struttura\" src=\"https:\/\/www.longchangchemical.com\/wp-content\/uploads\/product-details\/20200610177202.png\" alt=\"Sodio tioglicolato Struttura\" width=\"112\" height=\"45\" border=\"0\" vspace=\"0\" \/><\/h4>\n<h4>Aspetto: Liquido giallo chiaro<\/h4>","protected":false},"featured_media":3457,"comment_status":"open","ping_status":"closed","template":"","meta":[],"product_brand":[],"product_cat":[69],"product_tag":[],"class_list":{"0":"post-3456","1":"product","2":"type-product","3":"status-publish","4":"has-post-thumbnail","6":"product_cat-catalysts-chemical-auxiliary-agents","8":"first","9":"instock","10":"shipping-taxable","11":"product-type-simple"},"yoast_head":"<!-- This site is optimized with the Yoast SEO plugin v25.3.1 - https:\/\/yoast.com\/wordpress\/plugins\/seo\/ -->\n<title>China Sodium thioglycolate CAS 367-51-1 manufacturer and supplier - Longchang Chemical<\/title>\n<meta name=\"description\" content=\"Longchang Chemical is a leading manufacturer and supplier of Sodium thioglycolate in China. Buy Sodium thioglycolate in china. We can provide the best Sodium thioglycolate price.\" \/>\n<meta name=\"robots\" content=\"index, follow, max-snippet:-1, max-image-preview:large, max-video-preview:-1\" \/>\n<link rel=\"canonical\" href=\"https:\/\/longchangchemical.com\/it\/product\/sodium-thioglycolate-cas-367-51-1\/\" \/>\n<meta property=\"og:locale\" content=\"it_IT\" \/>\n<meta property=\"og:type\" content=\"article\" \/>\n<meta property=\"og:title\" content=\"China Sodium thioglycolate CAS 367-51-1 manufacturer and supplier - Longchang Chemical\" \/>\n<meta property=\"og:description\" content=\"Longchang Chemical is a leading manufacturer and supplier of Sodium thioglycolate in China. Buy Sodium thioglycolate in china. We can provide the best Sodium thioglycolate price.\" \/>\n<meta property=\"og:url\" content=\"https:\/\/longchangchemical.com\/it\/product\/sodium-thioglycolate-cas-367-51-1\/\" \/>\n<meta property=\"og:site_name\" content=\"Longchang Chemical\" \/>\n<meta property=\"article:modified_time\" content=\"2025-12-23T04:11:59+00:00\" \/>\n<meta property=\"og:image\" content=\"https:\/\/longchangchemical.com\/wp-content\/uploads\/2020\/12\/Sodium-thioglycolate-Appearance.jpg\" \/>\n\t<meta property=\"og:image:width\" content=\"600\" \/>\n\t<meta property=\"og:image:height\" content=\"800\" \/>\n\t<meta property=\"og:image:type\" content=\"image\/jpeg\" \/>\n<meta name=\"twitter:card\" content=\"summary_large_image\" \/>\n<script type=\"application\/ld+json\" class=\"yoast-schema-graph\">{\"@context\":\"https:\/\/schema.org\",\"@graph\":[{\"@type\":\"WebPage\",\"@id\":\"https:\/\/longchangchemical.com\/product\/sodium-thioglycolate-cas-367-51-1\/\",\"url\":\"https:\/\/longchangchemical.com\/product\/sodium-thioglycolate-cas-367-51-1\/\",\"name\":\"China Sodium thioglycolate CAS 367-51-1 manufacturer and supplier - Longchang Chemical\",\"isPartOf\":{\"@id\":\"https:\/\/longchangchemical.com\/#website\"},\"primaryImageOfPage\":{\"@id\":\"https:\/\/longchangchemical.com\/product\/sodium-thioglycolate-cas-367-51-1\/#primaryimage\"},\"image\":{\"@id\":\"https:\/\/longchangchemical.com\/product\/sodium-thioglycolate-cas-367-51-1\/#primaryimage\"},\"thumbnailUrl\":\"https:\/\/longchangchemical.com\/wp-content\/uploads\/2020\/12\/Sodium-thioglycolate-Appearance.jpg\",\"datePublished\":\"2020-12-08T05:48:04+00:00\",\"dateModified\":\"2025-12-23T04:11:59+00:00\",\"description\":\"Longchang Chemical is a leading manufacturer and supplier of Sodium thioglycolate in China. Buy Sodium thioglycolate in china. We can provide the best Sodium thioglycolate price.\",\"breadcrumb\":{\"@id\":\"https:\/\/longchangchemical.com\/product\/sodium-thioglycolate-cas-367-51-1\/#breadcrumb\"},\"inLanguage\":\"it-IT\",\"potentialAction\":[{\"@type\":\"ReadAction\",\"target\":[\"https:\/\/longchangchemical.com\/product\/sodium-thioglycolate-cas-367-51-1\/\"]}]},{\"@type\":\"ImageObject\",\"inLanguage\":\"it-IT\",\"@id\":\"https:\/\/longchangchemical.com\/product\/sodium-thioglycolate-cas-367-51-1\/#primaryimage\",\"url\":\"https:\/\/longchangchemical.com\/wp-content\/uploads\/2020\/12\/Sodium-thioglycolate-Appearance.jpg\",\"contentUrl\":\"https:\/\/longchangchemical.com\/wp-content\/uploads\/2020\/12\/Sodium-thioglycolate-Appearance.jpg\",\"width\":600,\"height\":800,\"caption\":\"Sodium thioglycolate Appearance\"},{\"@type\":\"BreadcrumbList\",\"@id\":\"https:\/\/longchangchemical.com\/product\/sodium-thioglycolate-cas-367-51-1\/#breadcrumb\",\"itemListElement\":[{\"@type\":\"ListItem\",\"position\":1,\"name\":\"Home\",\"item\":\"https:\/\/longchangchemical.com\/\"},{\"@type\":\"ListItem\",\"position\":2,\"name\":\"Products Longchang\",\"item\":\"https:\/\/longchangchemical.com\/product\/\"},{\"@type\":\"ListItem\",\"position\":3,\"name\":\"Sodium thioglycolate CAS 367-51-1\"}]},{\"@type\":\"WebSite\",\"@id\":\"https:\/\/longchangchemical.com\/#website\",\"url\":\"https:\/\/longchangchemical.com\/\",\"name\":\"Longchang Chemical\",\"description\":\"China chemical manufacturer \uff06 supplier\",\"publisher\":{\"@id\":\"https:\/\/longchangchemical.com\/#organization\"},\"potentialAction\":[{\"@type\":\"SearchAction\",\"target\":{\"@type\":\"EntryPoint\",\"urlTemplate\":\"https:\/\/longchangchemical.com\/?s={search_term_string}\"},\"query-input\":{\"@type\":\"PropertyValueSpecification\",\"valueRequired\":true,\"valueName\":\"search_term_string\"}}],\"inLanguage\":\"it-IT\"},{\"@type\":\"Organization\",\"@id\":\"https:\/\/longchangchemical.com\/#organization\",\"name\":\"Longchang Chemical\",\"url\":\"https:\/\/longchangchemical.com\/\",\"logo\":{\"@type\":\"ImageObject\",\"inLanguage\":\"it-IT\",\"@id\":\"https:\/\/longchangchemical.com\/#\/schema\/logo\/image\/\",\"url\":\"https:\/\/longchangchemical.com\/wp-content\/uploads\/2020\/08\/cropped-longchang-logo.png\",\"contentUrl\":\"https:\/\/longchangchemical.com\/wp-content\/uploads\/2020\/08\/cropped-longchang-logo.png\",\"width\":512,\"height\":512,\"caption\":\"Longchang Chemical\"},\"image\":{\"@id\":\"https:\/\/longchangchemical.com\/#\/schema\/logo\/image\/\"}}]}<\/script>\n<!-- \/ Yoast SEO plugin. -->","yoast_head_json":{"title":"Cina Tioglicolato di sodio CAS 367-51-1 produttore e fornitore - Longchang Chemical","description":"Longchang Chemical \u00e8 un produttore e fornitore leader di tioglicolato di sodio in Cina. Acquistare Sodium thioglycolate in Cina. Possiamo fornire il miglior prezzo del tioglicolato di sodio.","robots":{"index":"index","follow":"follow","max-snippet":"max-snippet:-1","max-image-preview":"max-image-preview:large","max-video-preview":"max-video-preview:-1"},"canonical":"https:\/\/longchangchemical.com\/it\/product\/sodium-thioglycolate-cas-367-51-1\/","og_locale":"it_IT","og_type":"article","og_title":"China Sodium thioglycolate CAS 367-51-1 manufacturer and supplier - Longchang Chemical","og_description":"Longchang Chemical is a leading manufacturer and supplier of Sodium thioglycolate in China. Buy Sodium thioglycolate in china. We can provide the best Sodium thioglycolate price.","og_url":"https:\/\/longchangchemical.com\/it\/product\/sodium-thioglycolate-cas-367-51-1\/","og_site_name":"Longchang Chemical","article_modified_time":"2025-12-23T04:11:59+00:00","og_image":[{"width":600,"height":800,"url":"https:\/\/longchangchemical.com\/wp-content\/uploads\/2020\/12\/Sodium-thioglycolate-Appearance.jpg","type":"image\/jpeg"}],"twitter_card":"summary_large_image","schema":{"@context":"https:\/\/schema.org","@graph":[{"@type":"WebPage","@id":"https:\/\/longchangchemical.com\/product\/sodium-thioglycolate-cas-367-51-1\/","url":"https:\/\/longchangchemical.com\/product\/sodium-thioglycolate-cas-367-51-1\/","name":"Cina Tioglicolato di sodio CAS 367-51-1 produttore e fornitore - Longchang Chemical","isPartOf":{"@id":"https:\/\/longchangchemical.com\/#website"},"primaryImageOfPage":{"@id":"https:\/\/longchangchemical.com\/product\/sodium-thioglycolate-cas-367-51-1\/#primaryimage"},"image":{"@id":"https:\/\/longchangchemical.com\/product\/sodium-thioglycolate-cas-367-51-1\/#primaryimage"},"thumbnailUrl":"https:\/\/longchangchemical.com\/wp-content\/uploads\/2020\/12\/Sodium-thioglycolate-Appearance.jpg","datePublished":"2020-12-08T05:48:04+00:00","dateModified":"2025-12-23T04:11:59+00:00","description":"Longchang Chemical \u00e8 un produttore e fornitore leader di tioglicolato di sodio in Cina. Acquistare Sodium thioglycolate in Cina. Possiamo fornire il miglior prezzo del tioglicolato di sodio.","breadcrumb":{"@id":"https:\/\/longchangchemical.com\/product\/sodium-thioglycolate-cas-367-51-1\/#breadcrumb"},"inLanguage":"it-IT","potentialAction":[{"@type":"ReadAction","target":["https:\/\/longchangchemical.com\/product\/sodium-thioglycolate-cas-367-51-1\/"]}]},{"@type":"ImageObject","inLanguage":"it-IT","@id":"https:\/\/longchangchemical.com\/product\/sodium-thioglycolate-cas-367-51-1\/#primaryimage","url":"https:\/\/longchangchemical.com\/wp-content\/uploads\/2020\/12\/Sodium-thioglycolate-Appearance.jpg","contentUrl":"https:\/\/longchangchemical.com\/wp-content\/uploads\/2020\/12\/Sodium-thioglycolate-Appearance.jpg","width":600,"height":800,"caption":"Sodium thioglycolate Appearance"},{"@type":"BreadcrumbList","@id":"https:\/\/longchangchemical.com\/product\/sodium-thioglycolate-cas-367-51-1\/#breadcrumb","itemListElement":[{"@type":"ListItem","position":1,"name":"Home","item":"https:\/\/longchangchemical.com\/"},{"@type":"ListItem","position":2,"name":"Products Longchang","item":"https:\/\/longchangchemical.com\/product\/"},{"@type":"ListItem","position":3,"name":"Sodium thioglycolate CAS 367-51-1"}]},{"@type":"WebSite","@id":"https:\/\/longchangchemical.com\/#website","url":"https:\/\/longchangchemical.com\/","name":"Longchang Chemical","description":"Cina produttore di prodotti chimici \uff06 fornitore","publisher":{"@id":"https:\/\/longchangchemical.com\/#organization"},"potentialAction":[{"@type":"SearchAction","target":{"@type":"EntryPoint","urlTemplate":"https:\/\/longchangchemical.com\/?s={search_term_string}"},"query-input":{"@type":"PropertyValueSpecification","valueRequired":true,"valueName":"search_term_string"}}],"inLanguage":"it-IT"},{"@type":"Organization","@id":"https:\/\/longchangchemical.com\/#organization","name":"Longchang Chemical","url":"https:\/\/longchangchemical.com\/","logo":{"@type":"ImageObject","inLanguage":"it-IT","@id":"https:\/\/longchangchemical.com\/#\/schema\/logo\/image\/","url":"https:\/\/longchangchemical.com\/wp-content\/uploads\/2020\/08\/cropped-longchang-logo.png","contentUrl":"https:\/\/longchangchemical.com\/wp-content\/uploads\/2020\/08\/cropped-longchang-logo.png","width":512,"height":512,"caption":"Longchang Chemical"},"image":{"@id":"https:\/\/longchangchemical.com\/#\/schema\/logo\/image\/"}}]}},"_links":{"self":[{"href":"https:\/\/longchangchemical.com\/it\/wp-json\/wp\/v2\/product\/3456","targetHints":{"allow":["GET"]}}],"collection":[{"href":"https:\/\/longchangchemical.com\/it\/wp-json\/wp\/v2\/product"}],"about":[{"href":"https:\/\/longchangchemical.com\/it\/wp-json\/wp\/v2\/types\/product"}],"replies":[{"embeddable":true,"href":"https:\/\/longchangchemical.com\/it\/wp-json\/wp\/v2\/comments?post=3456"}],"wp:featuredmedia":[{"embeddable":true,"href":"https:\/\/longchangchemical.com\/it\/wp-json\/wp\/v2\/media\/3457"}],"wp:attachment":[{"href":"https:\/\/longchangchemical.com\/it\/wp-json\/wp\/v2\/media?parent=3456"}],"wp:term":[{"taxonomy":"product_brand","embeddable":true,"href":"https:\/\/longchangchemical.com\/it\/wp-json\/wp\/v2\/product_brand?post=3456"},{"taxonomy":"product_cat","embeddable":true,"href":"https:\/\/longchangchemical.com\/it\/wp-json\/wp\/v2\/product_cat?post=3456"},{"taxonomy":"product_tag","embeddable":true,"href":"https:\/\/longchangchemical.com\/it\/wp-json\/wp\/v2\/product_tag?post=3456"}],"curies":[{"name":"wp","href":"https:\/\/api.w.org\/{rel}","templated":true}]}}