{"id":3447,"date":"2020-12-07T13:00:32","date_gmt":"2020-12-07T13:00:32","guid":{"rendered":"https:\/\/longchangchemical.com\/?post_type=product&#038;p=3447"},"modified":"2025-12-23T04:02:30","modified_gmt":"2025-12-23T04:02:30","slug":"probenecid-cas-57-66-9","status":"publish","type":"product","link":"https:\/\/longchangchemical.com\/it\/product\/probenecid-cas-57-66-9\/","title":{"rendered":"Probenecid CAS 57-66-9"},"content":{"rendered":"<h2><strong>Che cos'\u00e8 il Probenecid?<\/strong><\/h2>\n<p>&nbsp;<\/p>\n<div>\n<h4>1. Il probenecid \u00e8 un nuovo tipo di antibiotico altamente efficace per penicilline e cefalosporine. Utilizzato in particolare per le penicilline e gli antibiotici cefalosporinici, pu\u00f2 migliorare l'efficacia delle cefalosporine e delle penicilline di 8-10 volte.<\/h4>\n<h4>2. Inoltre, questo prodotto pu\u00f2 anche inibire competitivamente la secrezione di acidi organici deboli (come penicillina, cefalosporina) nei tubuli renali, aumentando cos\u00ec la concentrazione ematica di questi antibiotici e prolungandone il tempo d'azione.<\/h4>\n<h4>3. Il prodotto \u00e8 facilmente assorbito per via orale e il tasso di legame con le proteine plasmatiche \u00e8 pari a 85% - 90%. Gli adulti assumono 1 g ogni volta, la concentrazione plasmatica raggiunge il picco entro 2-4 ore e l'emivita \u00e8 di 6-12 ore. Il probenecid viene rapidamente metabolizzato nel fegato e il principale metabolita \u00e8 l'acido acetoglucuronico. I metaboliti sono escreti principalmente nelle urine. Questo prodotto non ha effetti antinfiammatori e analgesici, quindi \u00e8 inefficace contro la gotta acuta.<\/h4>\n<h2><strong>Uso del Probenecid<\/strong><\/h2>\n<div><\/div>\n<h4>1. Trattamento della gotta, iperuricemia, 1,25-2,5 g per cavallo, mucca, pecora, maiale 0,5 g, pollo 40 mg, gatto, cane 60 mg, due volte al giorno.<\/h4>\n<h4>2. Per migliorare l'efficacia e la durata d'azione di penicillina e cefalosporine, secondo 1 parte di probenecid (calcolato come prodotto puro): 3,5 parti di penicillina, rapporto di compatibilit\u00e0 con le cefalosporine.<\/h4>\n<div><\/div>\n<div><\/div>\n<h2><strong>Istruzioni per il Probenecid<\/strong><\/h2>\n<div><\/div>\n<h4>Dopo aver sciolto il prodotto con l'aggiunta di acqua (il rapporto di dissoluzione pu\u00f2 essere determinato in base alla situazione reale), \u00e8 solubile in una soluzione diluita di idrossido di sodio e quasi insolubile in un acido diluito.<\/h4>\n<div><\/div>\n<h2><strong>Probenecid Confezionamento, conservazione, trasporto e data di scadenza<\/strong><\/h2>\n<div><\/div>\n<h4>Il prodotto pu\u00f2 essere confezionato in confezioni da 1 kg, 5 kg, 10 kg, 20 kg in base alle esigenze del cliente, oppure confezionato in base alle esigenze dell'utente; pu\u00f2 essere conservato in luogo buio, asciutto e sigillato e il periodo di validit\u00e0 \u00e8 di 24 mesi.<\/h4>\n<p>&nbsp;<\/p>\n<\/div>\n<h2><strong><b>Contattateci ora!<\/b><\/strong><\/h2>\n<h4><strong><b>Se avete bisogno di COA, MSDS o TDS, inserite i vostri dati di contatto nel modulo sottostante; di solito vi contatteremo entro 24 ore. Potete anche inviarmi un'e-mail <span style=\"color: #0000ff;\"><a style=\"color: #0000ff;\" href=\"mailto:info@longchangchemical.com\">info@longchangchemical.com<\/a><\/span> durante l'orario di lavoro (dalle 8:30 alle 18:00 UTC+8 lun.-sab.) o utilizzare la live chat del sito web per ottenere una risposta immediata.<\/b><\/strong><\/h4>","protected":false},"excerpt":{"rendered":"<h1><strong>Probenecid CAS 57-66-9<\/strong><\/h1>\n<h4>Nome chimico: Probenecid<\/h4>\n<h4>Numero CAS: 57-66-9<\/h4>\n<h4>Formula molecolare: C13H19NO4S<\/h4>\n<h4>Peso molecolare: 285,36<\/h4>\n<h4>Aspetto: polvere cristallina bianca<\/h4>\n<h4>Contenuto effettivo (%): \u226595-99<\/h4>\n<h4><\/h4>","protected":false},"featured_media":3448,"comment_status":"open","ping_status":"closed","template":"","meta":[],"product_brand":[],"product_cat":[69],"product_tag":[],"class_list":{"0":"post-3447","1":"product","2":"type-product","3":"status-publish","4":"has-post-thumbnail","6":"product_cat-catalysts-chemical-auxiliary-agents","8":"first","9":"instock","10":"shipping-taxable","11":"product-type-simple"},"yoast_head":"<!-- This site is optimized with the Yoast SEO plugin v25.3.1 - https:\/\/yoast.com\/wordpress\/plugins\/seo\/ -->\n<title>China Probenecid CAS 57-66-9 manufacturer and supplier - Longchang chemical<\/title>\n<meta name=\"description\" content=\"Longchang Chemical is a leading manufacturer and supplier of Probenecid CAS 57-66-9 in China. Buy Probenecid in china. We can provide the best Probenecid CAS 57-66-9 price.\" \/>\n<meta name=\"robots\" content=\"index, follow, max-snippet:-1, max-image-preview:large, max-video-preview:-1\" \/>\n<link rel=\"canonical\" href=\"https:\/\/longchangchemical.com\/it\/product\/probenecid-cas-57-66-9\/\" \/>\n<meta property=\"og:locale\" content=\"it_IT\" \/>\n<meta property=\"og:type\" content=\"article\" \/>\n<meta property=\"og:title\" content=\"China Probenecid CAS 57-66-9 manufacturer and supplier - Longchang chemical\" \/>\n<meta property=\"og:description\" content=\"Longchang Chemical is a leading manufacturer and supplier of Probenecid CAS 57-66-9 in China. Buy Probenecid in china. We can provide the best Probenecid CAS 57-66-9 price.\" \/>\n<meta property=\"og:url\" content=\"https:\/\/longchangchemical.com\/it\/product\/probenecid-cas-57-66-9\/\" \/>\n<meta property=\"og:site_name\" content=\"Longchang Chemical\" \/>\n<meta property=\"article:modified_time\" content=\"2025-12-23T04:02:30+00:00\" \/>\n<meta property=\"og:image\" content=\"https:\/\/longchangchemical.com\/wp-content\/uploads\/2020\/12\/Probenecid-Appearance.png\" \/>\n\t<meta property=\"og:image:width\" content=\"600\" \/>\n\t<meta property=\"og:image:height\" content=\"800\" \/>\n\t<meta property=\"og:image:type\" content=\"image\/png\" \/>\n<meta name=\"twitter:card\" content=\"summary_large_image\" \/>\n<script type=\"application\/ld+json\" class=\"yoast-schema-graph\">{\"@context\":\"https:\/\/schema.org\",\"@graph\":[{\"@type\":\"WebPage\",\"@id\":\"https:\/\/longchangchemical.com\/product\/probenecid-cas-57-66-9\/\",\"url\":\"https:\/\/longchangchemical.com\/product\/probenecid-cas-57-66-9\/\",\"name\":\"China Probenecid CAS 57-66-9 manufacturer and supplier - Longchang chemical\",\"isPartOf\":{\"@id\":\"https:\/\/longchangchemical.com\/#website\"},\"primaryImageOfPage\":{\"@id\":\"https:\/\/longchangchemical.com\/product\/probenecid-cas-57-66-9\/#primaryimage\"},\"image\":{\"@id\":\"https:\/\/longchangchemical.com\/product\/probenecid-cas-57-66-9\/#primaryimage\"},\"thumbnailUrl\":\"https:\/\/longchangchemical.com\/wp-content\/uploads\/2020\/12\/Probenecid-Appearance.png\",\"datePublished\":\"2020-12-07T13:00:32+00:00\",\"dateModified\":\"2025-12-23T04:02:30+00:00\",\"description\":\"Longchang Chemical is a leading manufacturer and supplier of Probenecid CAS 57-66-9 in China. Buy Probenecid in china. We can provide the best Probenecid CAS 57-66-9 price.\",\"breadcrumb\":{\"@id\":\"https:\/\/longchangchemical.com\/product\/probenecid-cas-57-66-9\/#breadcrumb\"},\"inLanguage\":\"it-IT\",\"potentialAction\":[{\"@type\":\"ReadAction\",\"target\":[\"https:\/\/longchangchemical.com\/product\/probenecid-cas-57-66-9\/\"]}]},{\"@type\":\"ImageObject\",\"inLanguage\":\"it-IT\",\"@id\":\"https:\/\/longchangchemical.com\/product\/probenecid-cas-57-66-9\/#primaryimage\",\"url\":\"https:\/\/longchangchemical.com\/wp-content\/uploads\/2020\/12\/Probenecid-Appearance.png\",\"contentUrl\":\"https:\/\/longchangchemical.com\/wp-content\/uploads\/2020\/12\/Probenecid-Appearance.png\",\"width\":600,\"height\":800,\"caption\":\"Probenecid Appearance\"},{\"@type\":\"BreadcrumbList\",\"@id\":\"https:\/\/longchangchemical.com\/product\/probenecid-cas-57-66-9\/#breadcrumb\",\"itemListElement\":[{\"@type\":\"ListItem\",\"position\":1,\"name\":\"Home\",\"item\":\"https:\/\/longchangchemical.com\/\"},{\"@type\":\"ListItem\",\"position\":2,\"name\":\"Products Longchang\",\"item\":\"https:\/\/longchangchemical.com\/product\/\"},{\"@type\":\"ListItem\",\"position\":3,\"name\":\"Probenecid CAS 57-66-9\"}]},{\"@type\":\"WebSite\",\"@id\":\"https:\/\/longchangchemical.com\/#website\",\"url\":\"https:\/\/longchangchemical.com\/\",\"name\":\"Longchang Chemical\",\"description\":\"China chemical manufacturer \uff06 supplier\",\"publisher\":{\"@id\":\"https:\/\/longchangchemical.com\/#organization\"},\"potentialAction\":[{\"@type\":\"SearchAction\",\"target\":{\"@type\":\"EntryPoint\",\"urlTemplate\":\"https:\/\/longchangchemical.com\/?s={search_term_string}\"},\"query-input\":{\"@type\":\"PropertyValueSpecification\",\"valueRequired\":true,\"valueName\":\"search_term_string\"}}],\"inLanguage\":\"it-IT\"},{\"@type\":\"Organization\",\"@id\":\"https:\/\/longchangchemical.com\/#organization\",\"name\":\"Longchang Chemical\",\"url\":\"https:\/\/longchangchemical.com\/\",\"logo\":{\"@type\":\"ImageObject\",\"inLanguage\":\"it-IT\",\"@id\":\"https:\/\/longchangchemical.com\/#\/schema\/logo\/image\/\",\"url\":\"https:\/\/longchangchemical.com\/wp-content\/uploads\/2020\/08\/cropped-longchang-logo.png\",\"contentUrl\":\"https:\/\/longchangchemical.com\/wp-content\/uploads\/2020\/08\/cropped-longchang-logo.png\",\"width\":512,\"height\":512,\"caption\":\"Longchang Chemical\"},\"image\":{\"@id\":\"https:\/\/longchangchemical.com\/#\/schema\/logo\/image\/\"}}]}<\/script>\n<!-- \/ Yoast SEO plugin. -->","yoast_head_json":{"title":"Cina Probenecid CAS 57-66-9 produttore e fornitore - Longchang chemical","description":"Longchang Chemical \u00e8 un produttore e fornitore leader di Probenecid CAS 57-66-9 in Cina. Comprare Probenecid in Cina. Possiamo fornire il miglior prezzo di Probenecid CAS 57-66-9.","robots":{"index":"index","follow":"follow","max-snippet":"max-snippet:-1","max-image-preview":"max-image-preview:large","max-video-preview":"max-video-preview:-1"},"canonical":"https:\/\/longchangchemical.com\/it\/product\/probenecid-cas-57-66-9\/","og_locale":"it_IT","og_type":"article","og_title":"China Probenecid CAS 57-66-9 manufacturer and supplier - Longchang chemical","og_description":"Longchang Chemical is a leading manufacturer and supplier of Probenecid CAS 57-66-9 in China. Buy Probenecid in china. We can provide the best Probenecid CAS 57-66-9 price.","og_url":"https:\/\/longchangchemical.com\/it\/product\/probenecid-cas-57-66-9\/","og_site_name":"Longchang Chemical","article_modified_time":"2025-12-23T04:02:30+00:00","og_image":[{"width":600,"height":800,"url":"https:\/\/longchangchemical.com\/wp-content\/uploads\/2020\/12\/Probenecid-Appearance.png","type":"image\/png"}],"twitter_card":"summary_large_image","schema":{"@context":"https:\/\/schema.org","@graph":[{"@type":"WebPage","@id":"https:\/\/longchangchemical.com\/product\/probenecid-cas-57-66-9\/","url":"https:\/\/longchangchemical.com\/product\/probenecid-cas-57-66-9\/","name":"Cina Probenecid CAS 57-66-9 produttore e fornitore - Longchang chemical","isPartOf":{"@id":"https:\/\/longchangchemical.com\/#website"},"primaryImageOfPage":{"@id":"https:\/\/longchangchemical.com\/product\/probenecid-cas-57-66-9\/#primaryimage"},"image":{"@id":"https:\/\/longchangchemical.com\/product\/probenecid-cas-57-66-9\/#primaryimage"},"thumbnailUrl":"https:\/\/longchangchemical.com\/wp-content\/uploads\/2020\/12\/Probenecid-Appearance.png","datePublished":"2020-12-07T13:00:32+00:00","dateModified":"2025-12-23T04:02:30+00:00","description":"Longchang Chemical \u00e8 un produttore e fornitore leader di Probenecid CAS 57-66-9 in Cina. Comprare Probenecid in Cina. Possiamo fornire il miglior prezzo di Probenecid CAS 57-66-9.","breadcrumb":{"@id":"https:\/\/longchangchemical.com\/product\/probenecid-cas-57-66-9\/#breadcrumb"},"inLanguage":"it-IT","potentialAction":[{"@type":"ReadAction","target":["https:\/\/longchangchemical.com\/product\/probenecid-cas-57-66-9\/"]}]},{"@type":"ImageObject","inLanguage":"it-IT","@id":"https:\/\/longchangchemical.com\/product\/probenecid-cas-57-66-9\/#primaryimage","url":"https:\/\/longchangchemical.com\/wp-content\/uploads\/2020\/12\/Probenecid-Appearance.png","contentUrl":"https:\/\/longchangchemical.com\/wp-content\/uploads\/2020\/12\/Probenecid-Appearance.png","width":600,"height":800,"caption":"Probenecid Appearance"},{"@type":"BreadcrumbList","@id":"https:\/\/longchangchemical.com\/product\/probenecid-cas-57-66-9\/#breadcrumb","itemListElement":[{"@type":"ListItem","position":1,"name":"Home","item":"https:\/\/longchangchemical.com\/"},{"@type":"ListItem","position":2,"name":"Products Longchang","item":"https:\/\/longchangchemical.com\/product\/"},{"@type":"ListItem","position":3,"name":"Probenecid CAS 57-66-9"}]},{"@type":"WebSite","@id":"https:\/\/longchangchemical.com\/#website","url":"https:\/\/longchangchemical.com\/","name":"Longchang Chemical","description":"Cina produttore di prodotti chimici \uff06 fornitore","publisher":{"@id":"https:\/\/longchangchemical.com\/#organization"},"potentialAction":[{"@type":"SearchAction","target":{"@type":"EntryPoint","urlTemplate":"https:\/\/longchangchemical.com\/?s={search_term_string}"},"query-input":{"@type":"PropertyValueSpecification","valueRequired":true,"valueName":"search_term_string"}}],"inLanguage":"it-IT"},{"@type":"Organization","@id":"https:\/\/longchangchemical.com\/#organization","name":"Longchang Chemical","url":"https:\/\/longchangchemical.com\/","logo":{"@type":"ImageObject","inLanguage":"it-IT","@id":"https:\/\/longchangchemical.com\/#\/schema\/logo\/image\/","url":"https:\/\/longchangchemical.com\/wp-content\/uploads\/2020\/08\/cropped-longchang-logo.png","contentUrl":"https:\/\/longchangchemical.com\/wp-content\/uploads\/2020\/08\/cropped-longchang-logo.png","width":512,"height":512,"caption":"Longchang Chemical"},"image":{"@id":"https:\/\/longchangchemical.com\/#\/schema\/logo\/image\/"}}]}},"_links":{"self":[{"href":"https:\/\/longchangchemical.com\/it\/wp-json\/wp\/v2\/product\/3447","targetHints":{"allow":["GET"]}}],"collection":[{"href":"https:\/\/longchangchemical.com\/it\/wp-json\/wp\/v2\/product"}],"about":[{"href":"https:\/\/longchangchemical.com\/it\/wp-json\/wp\/v2\/types\/product"}],"replies":[{"embeddable":true,"href":"https:\/\/longchangchemical.com\/it\/wp-json\/wp\/v2\/comments?post=3447"}],"wp:featuredmedia":[{"embeddable":true,"href":"https:\/\/longchangchemical.com\/it\/wp-json\/wp\/v2\/media\/3448"}],"wp:attachment":[{"href":"https:\/\/longchangchemical.com\/it\/wp-json\/wp\/v2\/media?parent=3447"}],"wp:term":[{"taxonomy":"product_brand","embeddable":true,"href":"https:\/\/longchangchemical.com\/it\/wp-json\/wp\/v2\/product_brand?post=3447"},{"taxonomy":"product_cat","embeddable":true,"href":"https:\/\/longchangchemical.com\/it\/wp-json\/wp\/v2\/product_cat?post=3447"},{"taxonomy":"product_tag","embeddable":true,"href":"https:\/\/longchangchemical.com\/it\/wp-json\/wp\/v2\/product_tag?post=3447"}],"curies":[{"name":"wp","href":"https:\/\/api.w.org\/{rel}","templated":true}]}}