{"id":3394,"date":"2020-11-04T01:59:19","date_gmt":"2020-11-04T01:59:19","guid":{"rendered":"https:\/\/longchangchemical.com\/?post_type=product&#038;p=3394"},"modified":"2025-12-23T03:46:32","modified_gmt":"2025-12-23T03:46:32","slug":"isopropyl-palmitate-cas-142-91-6","status":"publish","type":"product","link":"https:\/\/longchangchemical.com\/it\/product\/isopropyl-palmitate-cas-142-91-6\/","title":{"rendered":"IPP \/ Palmitato di isopropile CAS 142-91-6"},"content":{"rendered":"<h2><strong><b>COA di <\/b><\/strong><strong><b>Palmitato di isopropile <\/b><\/strong><\/h2>\n<table>\n<tbody>\n<tr>\n<td>\n<h4>Articolo<\/h4>\n<\/td>\n<td>\n<h4>Specifiche tecniche<\/h4>\n<\/td>\n<\/tr>\n<tr>\n<td>\n<h4>Aspetto<\/h4>\n<\/td>\n<td>\n<h4>Liquido oleoso incolore o giallastro.<\/h4>\n<\/td>\n<\/tr>\n<tr>\n<td>\n<h4>Contenuto di esteri<\/h4>\n<\/td>\n<td>\n<h4>98%Min<\/h4>\n<\/td>\n<\/tr>\n<tr>\n<td>\n<h4>Valore acido<\/h4>\n<\/td>\n<td>\n<h4>0,5%Max<\/h4>\n<\/td>\n<\/tr>\n<tr>\n<td>\n<h4>Punto di fusione<\/h4>\n<\/td>\n<td>\n<h4>16\u2103Max<\/h4>\n<\/td>\n<\/tr>\n<\/tbody>\n<\/table>\n<p>&nbsp;<\/p>\n<h2><strong><b>Che cos'\u00e8 l'isopropil palmitato?<\/b><\/strong><\/h2>\n<h4>L'isopropil palmitato \u00e8 un composto composto da alcol isopropilico e acido palmitico, ampiamente utilizzato negli umettanti artificiali. La parte di palma di questa formula contiene i principali acidi grassi. Si tratta di una sostanza composta da vitamina A e antiossidanti. Questa formula penetra facilmente nella pelle.<\/h4>\n<p>&nbsp;<\/p>\n<h2><strong><b>Isopropil palmitato Uso<\/b><\/strong><\/h2>\n<h4>1. L'isopropil palmitato \u00e8 ampiamente utilizzato nell'industria farmaceutica e cosmetica come additivo.<\/h4>\n<h4>2. L'isopropil palmitato ha prestazioni stabili e non \u00e8 adatto all'ossidazione per produrre un odore particolare. \u00c8 un eccellente idratante per la pelle nella cura della pelle e nei cosmetici, in grado di rendere la pelle morbida e liscia senza sensazione di unto. Ha una buona permeabilit\u00e0 cutanea e pu\u00f2 essere utilizzato come buon solvente per il pigmento del mascara. Viene spesso utilizzato in creme per la pelle, oli per capelli, ombretti, rossetti, mascara e altre formulazioni.<\/h4>\n<p>&nbsp;<\/p>\n<h2><strong><b>Isopropil palmitato nei cosmetici<\/b><\/strong><\/h2>\n<h4>1. Viene utilizzato come ingrediente antistatico e solvente. Prodotti come creme idratanti, balsami per labbra, creme solari, antitraspiranti, deodoranti e fondotinta contengono tutti isopropil palmitato.<\/h4>\n<h4>2. Quando si applica il trucco, applicare i prodotti contenenti palmitato di isopropile sulla pelle per distribuirli uniformemente e farli rimanere in superficie per un po' prima di essere assorbiti. Pertanto, pu\u00f2 aiutare a eliminare la secchezza e a rendere la pelle morbida ed elastica.<\/h4>\n<h4>3. Un altro beneficio di questo ingrediente \u00e8 quello di contribuire a restringere i pori e a ridurre le rughe. Inoltre, pu\u00f2 prevenire eczemi e dermatiti.<\/h4>\n<h4>4. Il palmitato di isopropile pu\u00f2 eliminare i funghi delle unghie idratando e favorendo il recupero della pelle malata.<\/h4>\n<p>&nbsp;<\/p>\n<h2><strong><b>Isopropil palmitato nella cura dei capelli<\/b><\/strong><\/h2>\n<h4>Gli oli per capelli contenenti palmitato di isopropile sono spesso utilizzati per eliminare forfora e pidocchi e per ridurre la calvizie. L'aggiunta di questo ingrediente allo shampoo pu\u00f2 rendere i capelli pi\u00f9 morbidi e brillanti. Pertanto, \u00e8 ottimo per i capelli crespi e secchi.<\/h4>\n<p>&nbsp;<\/p>\n<h2><strong><b>Isopropil palmitato Confezione<\/b><\/strong><\/h2>\n<h4>175 kg\/fusto di plastica<\/h4>\n<p>&nbsp;<\/p>\n<h2><strong><b>Isopropil palmitato Conservazione<\/b><\/strong><\/h2>\n<h4>Conservato in un luogo fresco, asciutto e ben ventilato.<\/h4>\n<h4>Tenere i contenitori ben chiusi<\/h4>\n<p>&nbsp;<\/p>\n<h2>Prodotti della stessa serie<\/h2>\n<table style=\"border-collapse: collapse; width: 318.02pt;\" border=\"0\" width=\"424\" cellspacing=\"0\" cellpadding=\"0\">\n<tbody>\n<tr style=\"height: 13.50pt;\">\n<td class=\"et2\" style=\"height: 13.50pt; width: 87.00pt;\" width=\"116\" height=\"18\">Nome del prodotto<\/td>\n<td class=\"et2\" style=\"width: 129.75pt;\" width=\"173\">Nome chimico<\/td>\n<td class=\"et2\" style=\"width: 101.25pt;\" width=\"135\">Numero CAS<\/td>\n<\/tr>\n<tr style=\"height: 13.50pt;\">\n<td class=\"et2\" style=\"height: 13.50pt;\" height=\"18\">IPP<\/td>\n<td class=\"et2\"><a href=\"https:\/\/longchangchemical.com\/it\/product\/isopropyl-palmitate-cas-142-91-6\/\"><span style=\"color: #00ccff;\">Palmitato di isopropile<\/span><\/a><\/td>\n<td class=\"et2\">CAS 142-91-6<\/td>\n<\/tr>\n<tr style=\"height: 13.50pt;\">\n<td class=\"et2\" style=\"height: 13.50pt;\" height=\"18\">IPL<\/td>\n<td class=\"et2\"><a href=\"https:\/\/longchangchemical.com\/it\/product\/isopropyl-laurate-cas-10233-13-3\/\"><span style=\"color: #00ccff;\">Isopropile laurato<\/span><\/a><\/td>\n<td class=\"et2\">CAS 10233-13-3<\/td>\n<\/tr>\n<tr style=\"height: 13.50pt;\">\n<td class=\"et2\" style=\"height: 13.50pt;\" height=\"18\">2-EHP<\/td>\n<td class=\"et2\"><a href=\"https:\/\/longchangchemical.com\/it\/product\/isooctyl-palmitate-cas-1341-38-4\/\"><span style=\"color: #00ccff;\">Isoottile palmitato<\/span><\/a><\/td>\n<td class=\"et2\">CAS 1341-38-4<\/td>\n<\/tr>\n<tr style=\"height: 13.50pt;\">\n<td class=\"et2\" style=\"height: 13.50pt;\" height=\"18\">IPM<\/td>\n<td class=\"et2\"><a href=\"https:\/\/longchangchemical.com\/it\/product\/isopropyl-myristate-cas-110-27-0\/\"><span style=\"color: #00ccff;\">Isopropile miristato<\/span><\/a><\/td>\n<td class=\"et2\">CAS 110-27-0<\/td>\n<\/tr>\n<\/tbody>\n<\/table>\n<h2><\/h2>\n<h2><strong><b>Contattateci ora!<\/b><\/strong><\/h2>\n<h4><strong><b>Se avete bisogno di COA, MSDS o TDS, inserite i vostri dati di contatto nel modulo sottostante; di solito vi contatteremo entro 24 ore. Potete anche inviarmi un'e-mail <span style=\"color: #0000ff;\"><a style=\"color: #0000ff;\" href=\"mailto:info@longchangchemical.com\">info@longchangchemical.com<\/a><\/span> durante l'orario di lavoro (dalle 8:30 alle 18:00 UTC+8 lun.-sab.) o utilizzare la live chat del sito web per ottenere una risposta immediata.<\/b><\/strong><\/h4>\n<p>&nbsp;<\/p>","protected":false},"excerpt":{"rendered":"<h1>Palmitato di isopropile CAS 142-91-6<\/h1>\n<h4>Nome chimico: Isopropyl Palmitate;<\/h4>\n<h4>Altro nome: estere isopropilico dell'acido palmitico; esadecanoato di isopropile<\/h4>\n<h4>N. CAS: 142-91-6<\/h4>\n<h4>Formula molecolare: C19H38O2<\/h4>\n<h4>Isopropil palmitato Struttura:<\/h4>\n<p><img decoding=\"async\" class=\"size-medium wp-image-3395\" src=\"https:\/\/longchangchemical.com\/wp-content\/uploads\/2020\/11\/Isopropyl-Palmitate-Structure-300x45.png\" alt=\"Struttura del palmitato di isopropile\" width=\"300\" height=\"45\" srcset=\"https:\/\/longchangchemical.com\/wp-content\/uploads\/2020\/11\/Isopropyl-Palmitate-Structure-300x45.png 300w, https:\/\/longchangchemical.com\/wp-content\/uploads\/2020\/11\/Isopropyl-Palmitate-Structure.png 384w\" sizes=\"(max-width: 300px) 100vw, 300px\" \/><\/p>\n<h4>Peso molecolare: 298,5<\/h4>\n<h4>Aspetto: Liquido oleoso incolore o giallastro.<\/h4>\n<h4>Test: 98%<\/h4>","protected":false},"featured_media":3396,"comment_status":"open","ping_status":"closed","template":"","meta":[],"product_brand":[],"product_cat":[103],"product_tag":[],"class_list":{"0":"post-3394","1":"product","2":"type-product","3":"status-publish","4":"has-post-thumbnail","6":"product_cat-cosmetic-additives","8":"first","9":"instock","10":"shipping-taxable","11":"product-type-simple"},"yoast_head":"<!-- This site is optimized with the Yoast SEO plugin v25.3.1 - https:\/\/yoast.com\/wordpress\/plugins\/seo\/ -->\n<title>China Isopropyl palmitate CAS 142-91-6 manufacturer and supplier - Longchang Chemical<\/title>\n<meta name=\"description\" content=\"Longchang Chemical is a leading manufacturer and supplier of Isopropyl palmitate CAS 142-91-6 in China. Buy Isopropyl palmitate CAS 142-91-6 in china. We can provide the best Isopropyl palmitate price. Other Names: palmitic acid isopropyl ester; Isopropyl hexadecanoate\" \/>\n<meta name=\"robots\" content=\"index, follow, max-snippet:-1, max-image-preview:large, max-video-preview:-1\" \/>\n<link rel=\"canonical\" href=\"https:\/\/longchangchemical.com\/it\/product\/isopropyl-palmitate-cas-142-91-6\/\" \/>\n<meta property=\"og:locale\" content=\"it_IT\" \/>\n<meta property=\"og:type\" content=\"article\" \/>\n<meta property=\"og:title\" content=\"China Isopropyl palmitate CAS 142-91-6 manufacturer and supplier - Longchang Chemical\" \/>\n<meta property=\"og:description\" content=\"Longchang Chemical is a leading manufacturer and supplier of Isopropyl palmitate CAS 142-91-6 in China. Buy Isopropyl palmitate CAS 142-91-6 in china. We can provide the best Isopropyl palmitate price. Other Names: palmitic acid isopropyl ester; Isopropyl hexadecanoate\" \/>\n<meta property=\"og:url\" content=\"https:\/\/longchangchemical.com\/it\/product\/isopropyl-palmitate-cas-142-91-6\/\" \/>\n<meta property=\"og:site_name\" content=\"Longchang Chemical\" \/>\n<meta property=\"article:modified_time\" content=\"2025-12-23T03:46:32+00:00\" \/>\n<meta property=\"og:image\" content=\"https:\/\/longchangchemical.com\/wp-content\/uploads\/2020\/11\/Isopropyl-Palmitate-Appearance.jpg\" \/>\n\t<meta property=\"og:image:width\" content=\"600\" \/>\n\t<meta property=\"og:image:height\" content=\"800\" \/>\n\t<meta property=\"og:image:type\" content=\"image\/jpeg\" \/>\n<meta name=\"twitter:card\" content=\"summary_large_image\" \/>\n<script type=\"application\/ld+json\" class=\"yoast-schema-graph\">{\"@context\":\"https:\/\/schema.org\",\"@graph\":[{\"@type\":\"WebPage\",\"@id\":\"https:\/\/longchangchemical.com\/product\/isopropyl-palmitate-cas-142-91-6\/\",\"url\":\"https:\/\/longchangchemical.com\/product\/isopropyl-palmitate-cas-142-91-6\/\",\"name\":\"China Isopropyl palmitate CAS 142-91-6 manufacturer and supplier - Longchang Chemical\",\"isPartOf\":{\"@id\":\"https:\/\/longchangchemical.com\/#website\"},\"primaryImageOfPage\":{\"@id\":\"https:\/\/longchangchemical.com\/product\/isopropyl-palmitate-cas-142-91-6\/#primaryimage\"},\"image\":{\"@id\":\"https:\/\/longchangchemical.com\/product\/isopropyl-palmitate-cas-142-91-6\/#primaryimage\"},\"thumbnailUrl\":\"https:\/\/longchangchemical.com\/wp-content\/uploads\/2020\/11\/Isopropyl-Palmitate-Appearance.jpg\",\"datePublished\":\"2020-11-04T01:59:19+00:00\",\"dateModified\":\"2025-12-23T03:46:32+00:00\",\"description\":\"Longchang Chemical is a leading manufacturer and supplier of Isopropyl palmitate CAS 142-91-6 in China. Buy Isopropyl palmitate CAS 142-91-6 in china. We can provide the best Isopropyl palmitate price. Other Names: palmitic acid isopropyl ester; Isopropyl hexadecanoate\",\"breadcrumb\":{\"@id\":\"https:\/\/longchangchemical.com\/product\/isopropyl-palmitate-cas-142-91-6\/#breadcrumb\"},\"inLanguage\":\"it-IT\",\"potentialAction\":[{\"@type\":\"ReadAction\",\"target\":[\"https:\/\/longchangchemical.com\/product\/isopropyl-palmitate-cas-142-91-6\/\"]}]},{\"@type\":\"ImageObject\",\"inLanguage\":\"it-IT\",\"@id\":\"https:\/\/longchangchemical.com\/product\/isopropyl-palmitate-cas-142-91-6\/#primaryimage\",\"url\":\"https:\/\/longchangchemical.com\/wp-content\/uploads\/2020\/11\/Isopropyl-Palmitate-Appearance.jpg\",\"contentUrl\":\"https:\/\/longchangchemical.com\/wp-content\/uploads\/2020\/11\/Isopropyl-Palmitate-Appearance.jpg\",\"width\":600,\"height\":800,\"caption\":\"Isopropyl Palmitate Appearance\"},{\"@type\":\"BreadcrumbList\",\"@id\":\"https:\/\/longchangchemical.com\/product\/isopropyl-palmitate-cas-142-91-6\/#breadcrumb\",\"itemListElement\":[{\"@type\":\"ListItem\",\"position\":1,\"name\":\"Home\",\"item\":\"https:\/\/longchangchemical.com\/\"},{\"@type\":\"ListItem\",\"position\":2,\"name\":\"Products Longchang\",\"item\":\"https:\/\/longchangchemical.com\/product\/\"},{\"@type\":\"ListItem\",\"position\":3,\"name\":\"IPP \/ Isopropyl palmitate CAS 142-91-6\"}]},{\"@type\":\"WebSite\",\"@id\":\"https:\/\/longchangchemical.com\/#website\",\"url\":\"https:\/\/longchangchemical.com\/\",\"name\":\"Longchang Chemical\",\"description\":\"China chemical manufacturer \uff06 supplier\",\"publisher\":{\"@id\":\"https:\/\/longchangchemical.com\/#organization\"},\"potentialAction\":[{\"@type\":\"SearchAction\",\"target\":{\"@type\":\"EntryPoint\",\"urlTemplate\":\"https:\/\/longchangchemical.com\/?s={search_term_string}\"},\"query-input\":{\"@type\":\"PropertyValueSpecification\",\"valueRequired\":true,\"valueName\":\"search_term_string\"}}],\"inLanguage\":\"it-IT\"},{\"@type\":\"Organization\",\"@id\":\"https:\/\/longchangchemical.com\/#organization\",\"name\":\"Longchang Chemical\",\"url\":\"https:\/\/longchangchemical.com\/\",\"logo\":{\"@type\":\"ImageObject\",\"inLanguage\":\"it-IT\",\"@id\":\"https:\/\/longchangchemical.com\/#\/schema\/logo\/image\/\",\"url\":\"https:\/\/longchangchemical.com\/wp-content\/uploads\/2020\/08\/cropped-longchang-logo.png\",\"contentUrl\":\"https:\/\/longchangchemical.com\/wp-content\/uploads\/2020\/08\/cropped-longchang-logo.png\",\"width\":512,\"height\":512,\"caption\":\"Longchang Chemical\"},\"image\":{\"@id\":\"https:\/\/longchangchemical.com\/#\/schema\/logo\/image\/\"}}]}<\/script>\n<!-- \/ Yoast SEO plugin. -->","yoast_head_json":{"title":"Cina Isopropyl palmitate CAS 142-91-6 produttore e fornitore - Longchang Chemical","description":"Longchang Chemical \u00e8 un produttore e fornitore leader di Isopropyl palmitate CAS 142-91-6 in Cina. Comprare Isopropyl palmitate CAS 142-91-6 in Cina. Possiamo fornire il miglior prezzo di Isopropyl palmitate. Altri nomi: estere isopropilico dell'acido palmitico; esadecanoato di isopropile","robots":{"index":"index","follow":"follow","max-snippet":"max-snippet:-1","max-image-preview":"max-image-preview:large","max-video-preview":"max-video-preview:-1"},"canonical":"https:\/\/longchangchemical.com\/it\/product\/isopropyl-palmitate-cas-142-91-6\/","og_locale":"it_IT","og_type":"article","og_title":"China Isopropyl palmitate CAS 142-91-6 manufacturer and supplier - Longchang Chemical","og_description":"Longchang Chemical is a leading manufacturer and supplier of Isopropyl palmitate CAS 142-91-6 in China. Buy Isopropyl palmitate CAS 142-91-6 in china. We can provide the best Isopropyl palmitate price. Other Names: palmitic acid isopropyl ester; Isopropyl hexadecanoate","og_url":"https:\/\/longchangchemical.com\/it\/product\/isopropyl-palmitate-cas-142-91-6\/","og_site_name":"Longchang Chemical","article_modified_time":"2025-12-23T03:46:32+00:00","og_image":[{"width":600,"height":800,"url":"https:\/\/longchangchemical.com\/wp-content\/uploads\/2020\/11\/Isopropyl-Palmitate-Appearance.jpg","type":"image\/jpeg"}],"twitter_card":"summary_large_image","schema":{"@context":"https:\/\/schema.org","@graph":[{"@type":"WebPage","@id":"https:\/\/longchangchemical.com\/product\/isopropyl-palmitate-cas-142-91-6\/","url":"https:\/\/longchangchemical.com\/product\/isopropyl-palmitate-cas-142-91-6\/","name":"Cina Isopropyl palmitate CAS 142-91-6 produttore e fornitore - Longchang Chemical","isPartOf":{"@id":"https:\/\/longchangchemical.com\/#website"},"primaryImageOfPage":{"@id":"https:\/\/longchangchemical.com\/product\/isopropyl-palmitate-cas-142-91-6\/#primaryimage"},"image":{"@id":"https:\/\/longchangchemical.com\/product\/isopropyl-palmitate-cas-142-91-6\/#primaryimage"},"thumbnailUrl":"https:\/\/longchangchemical.com\/wp-content\/uploads\/2020\/11\/Isopropyl-Palmitate-Appearance.jpg","datePublished":"2020-11-04T01:59:19+00:00","dateModified":"2025-12-23T03:46:32+00:00","description":"Longchang Chemical \u00e8 un produttore e fornitore leader di Isopropyl palmitate CAS 142-91-6 in Cina. Comprare Isopropyl palmitate CAS 142-91-6 in Cina. Possiamo fornire il miglior prezzo di Isopropyl palmitate. Altri nomi: estere isopropilico dell'acido palmitico; esadecanoato di isopropile","breadcrumb":{"@id":"https:\/\/longchangchemical.com\/product\/isopropyl-palmitate-cas-142-91-6\/#breadcrumb"},"inLanguage":"it-IT","potentialAction":[{"@type":"ReadAction","target":["https:\/\/longchangchemical.com\/product\/isopropyl-palmitate-cas-142-91-6\/"]}]},{"@type":"ImageObject","inLanguage":"it-IT","@id":"https:\/\/longchangchemical.com\/product\/isopropyl-palmitate-cas-142-91-6\/#primaryimage","url":"https:\/\/longchangchemical.com\/wp-content\/uploads\/2020\/11\/Isopropyl-Palmitate-Appearance.jpg","contentUrl":"https:\/\/longchangchemical.com\/wp-content\/uploads\/2020\/11\/Isopropyl-Palmitate-Appearance.jpg","width":600,"height":800,"caption":"Isopropyl Palmitate Appearance"},{"@type":"BreadcrumbList","@id":"https:\/\/longchangchemical.com\/product\/isopropyl-palmitate-cas-142-91-6\/#breadcrumb","itemListElement":[{"@type":"ListItem","position":1,"name":"Home","item":"https:\/\/longchangchemical.com\/"},{"@type":"ListItem","position":2,"name":"Products Longchang","item":"https:\/\/longchangchemical.com\/product\/"},{"@type":"ListItem","position":3,"name":"IPP \/ Isopropyl palmitate CAS 142-91-6"}]},{"@type":"WebSite","@id":"https:\/\/longchangchemical.com\/#website","url":"https:\/\/longchangchemical.com\/","name":"Longchang Chemical","description":"Cina produttore di prodotti chimici \uff06 fornitore","publisher":{"@id":"https:\/\/longchangchemical.com\/#organization"},"potentialAction":[{"@type":"SearchAction","target":{"@type":"EntryPoint","urlTemplate":"https:\/\/longchangchemical.com\/?s={search_term_string}"},"query-input":{"@type":"PropertyValueSpecification","valueRequired":true,"valueName":"search_term_string"}}],"inLanguage":"it-IT"},{"@type":"Organization","@id":"https:\/\/longchangchemical.com\/#organization","name":"Longchang Chemical","url":"https:\/\/longchangchemical.com\/","logo":{"@type":"ImageObject","inLanguage":"it-IT","@id":"https:\/\/longchangchemical.com\/#\/schema\/logo\/image\/","url":"https:\/\/longchangchemical.com\/wp-content\/uploads\/2020\/08\/cropped-longchang-logo.png","contentUrl":"https:\/\/longchangchemical.com\/wp-content\/uploads\/2020\/08\/cropped-longchang-logo.png","width":512,"height":512,"caption":"Longchang Chemical"},"image":{"@id":"https:\/\/longchangchemical.com\/#\/schema\/logo\/image\/"}}]}},"_links":{"self":[{"href":"https:\/\/longchangchemical.com\/it\/wp-json\/wp\/v2\/product\/3394","targetHints":{"allow":["GET"]}}],"collection":[{"href":"https:\/\/longchangchemical.com\/it\/wp-json\/wp\/v2\/product"}],"about":[{"href":"https:\/\/longchangchemical.com\/it\/wp-json\/wp\/v2\/types\/product"}],"replies":[{"embeddable":true,"href":"https:\/\/longchangchemical.com\/it\/wp-json\/wp\/v2\/comments?post=3394"}],"wp:featuredmedia":[{"embeddable":true,"href":"https:\/\/longchangchemical.com\/it\/wp-json\/wp\/v2\/media\/3396"}],"wp:attachment":[{"href":"https:\/\/longchangchemical.com\/it\/wp-json\/wp\/v2\/media?parent=3394"}],"wp:term":[{"taxonomy":"product_brand","embeddable":true,"href":"https:\/\/longchangchemical.com\/it\/wp-json\/wp\/v2\/product_brand?post=3394"},{"taxonomy":"product_cat","embeddable":true,"href":"https:\/\/longchangchemical.com\/it\/wp-json\/wp\/v2\/product_cat?post=3394"},{"taxonomy":"product_tag","embeddable":true,"href":"https:\/\/longchangchemical.com\/it\/wp-json\/wp\/v2\/product_tag?post=3394"}],"curies":[{"name":"wp","href":"https:\/\/api.w.org\/{rel}","templated":true}]}}