{"id":3384,"date":"2020-10-24T06:34:00","date_gmt":"2020-10-24T06:34:00","guid":{"rendered":"https:\/\/longchangchemical.com\/?post_type=product&#038;p=3384"},"modified":"2025-12-23T03:34:58","modified_gmt":"2025-12-23T03:34:58","slug":"allantoin-cas-97-59-6","status":"publish","type":"product","link":"https:\/\/longchangchemical.com\/it\/product\/allantoin-cas-97-59-6\/","title":{"rendered":"Allantoina cas 97-59-6"},"content":{"rendered":"<h2><strong>Allantoina Propriet\u00e0 tipiche<\/strong><\/h2>\n<table class=\"table-1\">\n<tbody>\n<tr>\n<td>\n<h4>Articoli<\/h4>\n<\/td>\n<td>\n<h4>Specifiche tecniche<\/h4>\n<\/td>\n<\/tr>\n<tr>\n<td>\n<h4>Aspetto<\/h4>\n<\/td>\n<td>\n<h4>Polvere cristallina bianca<\/h4>\n<\/td>\n<\/tr>\n<tr>\n<td>\n<h4>La purezza<\/h4>\n<\/td>\n<td>\n<h4>98.5%-101%<\/h4>\n<\/td>\n<\/tr>\n<tr>\n<td>\n<h4>Punto di fusione<\/h4>\n<\/td>\n<td>\n<h4>225,0\u2103min<\/h4>\n<\/td>\n<\/tr>\n<tr>\n<td>\n<h4>DH (soluzione acquosa 0,5%)<\/h4>\n<\/td>\n<td>\n<h4>4.0-6.5<\/h4>\n<\/td>\n<\/tr>\n<tr>\n<td>\n<h4>Essiccazione su perdita<\/h4>\n<\/td>\n<td>\n<h4>0,5max<\/h4>\n<\/td>\n<\/tr>\n<\/tbody>\n<\/table>\n<h2><strong>Applicazione dell'allantoina<\/strong><\/h2>\n<h3><strong>1. Applicazione in campo medico<\/strong><\/h3>\n<h4>L'allantoina \u00e8 un'idantoina dell'urea e l'osservazione patologica dell'effetto dell'urea sulla pelle mostra che i principali cambiamenti sono la degenerazione dello strato corneo, il rigonfiamento e l'ispessimento cheratinico regionale, l'edema e le fessure nelle cellule spinose epidermiche e le fibre collagene dermiche leggere. Il grado di degenerazione indica che ha l'effetto di sciogliere e denaturare lo strato corneo e di aumentare l'umidit\u00e0 della pelle. La capacit\u00e0 di assorbimento dell'acqua dello strato corneo epidermico si basa principalmente sulla matrice di cemento elettrondensa non cheratinica che collega i cheratinociti e la cheratina stessa ha uno scarso effetto sull'intera umidit\u00e0 della pelle.<\/h4>\n<h4>L'allantoina idrata la pelle perch\u00e9 \u00e8 in grado di aumentare e promuovere la capacit\u00e0 di idratazione della matrice di legame. Pu\u00f2 anche agire sulla cheratina per aumentare la sua capacit\u00e0 di legare l'acqua, rendendo la pelle liscia, idratata e flessibile. Nel metodo di analisi dello strato di carta per studiare l'allantoina e l'acido cloruro idrossiallantoico di alluminio in esperimenti in vitro si \u00e8 scoperto che possono rilassare lo strato corneo normale e patologico, rilasciare acqua non cheratinica facilmente solubile e pi\u00f9 aminoacidi liberi. La parte ureica dell'allantoina ha anche effetti antifungini e antibatterici. In letteratura \u00e8 riportato che 2%, 5% e 10% di urea possono inibire la tigna gessosa e l'epidermophyton flocculent in provetta; l'osservazione sperimentale del metodo del disco piatto mostra che 10%-60% di urea possono inibire la crescita di Staphylococcus aureus, E. coli, Pseudomonas aeruginosa. La parte idantoina dell'allantoina \u00e8 simile al barbiturico (acido barbiturico) e ha effetti analgesici, anestetici e anti-irritanti. Poich\u00e9 \u00e8 in grado di lenire la pelle neutralizzando e disintossicando le sostanze irritanti, si ritiene che abbia effetti anti-irritanti e narcotici. L'allantoina \u00e8 anche un derivato dell'acido urico. Esperimenti e studi clinici hanno dimostrato che ha effetti di cheratolisi, idratazione, anestesia, analgesia, anti-irritazione, promozione della crescita epiteliale, effetti antinfiammatori e antibatterici. Nel 1937, Kaplan utilizz\u00f2 l'allantoina per il trattamento delle ulcere chirurgiche croniche e scopr\u00ec che aveva effetti significativi sul tessuto necrotico, promuovendo la crescita del tessuto di granulazione e la guarigione della ferita. Nel 1962, Cahen e i suoi colleghi utilizzarono per la prima volta l'allantoina sale idrossialluminio per trattare le ulcere gastriche negli animali da esperimento, ottenendo effetti significativi. In seguito, in Europa e in America, e soprattutto in Giappone, sono stati riportati numerosi casi di effetti clinici soddisfacenti. Nel 1976, le compresse di allantoina composta sviluppate di recente nel mio Paese hanno avuto buoni effetti curativi per le ulcere gastriche e duodenali.<\/h4>\n<h4>Attualmente, l'allantoina \u00e8 ampiamente utilizzata in dermatologia clinica come preparazione topica, fornendo nuovi trattamenti per le screpolature di mani e piedi, l'ittiosi, la psoriasi, varie malattie cheratotiche della pelle, l'espansione e la pulizia delle ferite e le ulcere peptiche. Modi efficaci. Se si usa l'allantoina 2% per trattare la cheratosi follicolare, la cheratoderma palmoplantare e la cheratolisi esfoliativa, il suo effetto curativo \u00e8 migliore dell'urea 30%. Utilizzando la crema all'allantoina 1% e la crema 6101 (crema semplice) come controllo, sono stati trattati 46 casi di ittiosi e di malattie cheratotiche della pelle ed \u00e8 emerso che la crema all'allantoina 1% era significativamente migliore della crema 6101, mentre la crema o l'unguento all'acido formico vitaminico 0,1% non \u00e8 efficace per l'ittiosi. Secondo un rapporto di brevetto giapponese, l'allantoina \u00e8 utilizzata come ingrediente importante nel trattamento del diabete, della cirrosi epatica e del cancro, e pu\u00f2 anche essere usata per trattare l'osteomielite.<\/h4>\n<h3><strong>2. Applicazione nell'industria chimica leggera<\/strong><\/h3>\n<h4>L'allantoina \u00e8 un cristallo bianco non tossico, inodore e non irritante. \u00c8 una materia prima cosmetica di alta qualit\u00e0. Pu\u00f2 essere utilizzata direttamente come additivo per cosmetici di alta gamma e altri additivi chimici quotidiani (come dentifricio, shampoo, sapone, ecc.). Idratante, protegge i tessuti, \u00e8 idrofilo, assorbe l'acqua e ne previene la perdita. Inoltre, ha un effetto protettivo sui capelli, in modo che questi non si spezzino e continuino a crescere. \u00c8 in grado di rendere la pelle e le labbra morbide, elastiche e lucenti ed \u00e8 stata ampiamente utilizzata all'estero. Poich\u00e9 l'allantoina \u00e8 di per s\u00e9 un composto anfotero, pu\u00f2 combinarsi con una variet\u00e0 di sostanze per formare sali metallici e composti di addizione, e i prodotti di addizione della combinazione chimica da essa formata non distruggono le funzioni originali di ciascun componente. Ad esempio, l'allantoina si combina con l'acido para-aminobenzoico (PABA) 5%. Poich\u00e9 il PABA stesso pu\u00f2 essere sintetizzato nello strato corneo, il suo effetto non viene indebolito da bagni e sudorazione. Se viene miscelato con il metilchetone, pu\u00f2 anche ridurre il PABA. Ha la funzione di assorbire e filtrare i raggi ultravioletti eritematici con una lunghezza d'onda di 2800\uff5e3200 alla luce del sole. \u00c8 uno dei filtri solari pi\u00f9 protettivi e pi\u00f9 utilizzati per le scottature nella gamma ultravioletta. Ha un buon effetto preventivo. L'effetto del cancro della pelle causato dai raggi ultravioletti.<\/h4>\n<h4>I derivati dell'allantoina possono essere formulati in varie lozioni, polveri, soluzioni acquose e tinture, che sono molto popolari. Come ad esempio la polvere di allopoligal, che ha effetti disintossicanti, pelle liscia, antinfiammatori e antibatterici. Lo shampoo pu\u00f2 resistere alle irritazioni, ridurre il cuoio capelluto squamoso e rendere i capelli morbidi. Un altro esempio \u00e8 l'alcloxa, acido idrossiallantoico clorurato con alluminio, che pu\u00f2 essere trasformato in tintura da 0,2% a 0,5%, che pu\u00f2 essere formulata in profumo astringente, lozione da barba, deodorante, lozione detergente, ecc. Non sono stati segnalati casi di irritazione cutanea, fotosensibilit\u00e0, reazioni allergiche e altri effetti collaterali dell'allantoina e dei suoi derivati nelle applicazioni nazionali ed estere, ed \u00e8 sicura per l'uso esterno. Come ingrediente importante dei cosmetici di bellezza, ha ricevuto sempre pi\u00f9 attenzione e ha ampie prospettive.<\/h4>\n<h3><strong>3. Applicazione in agricoltura<\/strong><\/h3>\n<h4>L'allantoina \u00e8 un regolatore della crescita delle piante in grado di aumentare la produzione di grano, arance, riso, verdure e soia, con effetti di rassodamento e maturazione. Allo stesso tempo, costituisce lo sviluppo di vari fertilizzanti composti, microfertilizzanti, fertilizzanti a lento rilascio e una materia prima essenziale per i fertilizzanti a base di terre rare. Ad esempio, secondo le informazioni disponibili, durante il processo di crescita la soia si divide in crescita vegetativa e crescita riproduttiva. La cosiddetta crescita vegetativa consiste nell'assorbire l'azoto dai fertilizzanti azotati ordinari per promuovere la crescita di steli e foglie; la cosiddetta crescita riproduttiva consiste nel ridurre l'azoto presente nell'aria grazie al sistema di fissazione dell'azoto dei noduli e nel rifornire le colture sotto forma di azoto ordinario per promuovere il fiore e il baccello e ottenere una resa elevata. Tuttavia, quando l'azoto ridotto \u00e8 eccessivo, la soia produce un composto organico dell'azoto chiamato allantoina per immagazzinare efficacemente l'azoto ridotto.<\/h4>\n<h4>L'allantoina viene utilizzata raramente durante il periodo di rigoglio di steli e foglie, ma viene trasferita ai baccelli di soia che hanno urgente bisogno di molto azoto, e qui viene decomposta e utilizzata per formare efficacemente le proteine nei semi di soia. Sebbene l'allantoina svolga un ruolo decisivo nell'aumento della produzione di soia, il suo contenuto nelle colture \u00e8 molto ridotto. \u00c8 impossibile controllare artificialmente la concentrazione di allantoina prodotta dalla coltura stessa. Pertanto, sar\u00e0 raggiunta durante il periodo di fioritura della soia. Spruzzare allantoina durante la maturit\u00e0 per soddisfare le esigenze della crescita riproduttiva della soia e svolgere il ruolo di auxina riproduttiva, in modo da raggiungere lo scopo di aumentare la produzione di soia. il mio Paese \u00e8 un grande Paese agricolo con una produzione totale di colture di diverse decine di miliardi di gatti. Se si riuscir\u00e0 a incrementare la produzione, sar\u00e0 un numero discreto, di grande importanza per la produzione industriale e agricola, per la vita delle persone e per il commercio estero.<\/h4>\n<h2><strong>AllantoinaConfezionamento e spedizione<\/strong><\/h2>\n<h4>25 kg\/tamburo<\/h4>\n<h2><strong>Conservazione dell'allantoina<\/strong><\/h2>\n<h4>A bassa temperatura, asciutto, evitare la luce diretta del sole.<\/h4>\n<h2><strong>Contattateci ora!<\/strong><\/h2>\n<h4>Accettiamo servizi personalizzati, di solito vi contatteremo entro 24 ore. Potete anche inviarmi un'e-mail a info@longchangchemical.com durante l'orario di lavoro (dalle 8:30 alle 18:00 UTC+8 Lun.~Sab.) o utilizzare la chat dal vivo del sito web per ottenere una risposta immediata.<\/h4>","protected":false},"excerpt":{"rendered":"<h1><strong>Allantoina CAS 97-59-6<\/strong><\/h1>\n<h4>Nome chimico: Allantoina<\/h4>\n<h4>N. CAS: 97-59-6<\/h4>\n<h4>Formula molecolare: C4H6N4O3<\/h4>\n<h4>Struttura chimica:<img decoding=\"async\" title=\"immagine.png\" src=\"https:\/\/www.longchangchemical.com\/wp-content\/uploads\/product-details\/20200617233976.png\" alt=\"immagine.png\" \/><\/h4>\n<h4>Peso molecolare: 158,12<\/h4>\n<h4>Aspetto: Polvere cristallina bianca<\/h4>\n<h4>Assay\uff1a98.5%-101%<\/h4>","protected":false},"featured_media":3385,"comment_status":"open","ping_status":"closed","template":"","meta":[],"product_brand":[],"product_cat":[103],"product_tag":[],"class_list":{"0":"post-3384","1":"product","2":"type-product","3":"status-publish","4":"has-post-thumbnail","6":"product_cat-cosmetic-additives","8":"first","9":"instock","10":"shipping-taxable","11":"product-type-simple"},"yoast_head":"<!-- This site is optimized with the Yoast SEO plugin v25.3.1 - https:\/\/yoast.com\/wordpress\/plugins\/seo\/ -->\n<title>China Allantoin cas 97-59-6 manufacturer and supplier - Longchang Chemical<\/title>\n<meta name=\"description\" content=\"Longchang Chemical is a leading manufacturer and supplier of Allantoin cas 97-59-6 in China. Buy Allantoin cas 97-59-6 in china. We can provide the best Allantoin price.\" \/>\n<meta name=\"robots\" content=\"index, follow, max-snippet:-1, max-image-preview:large, max-video-preview:-1\" \/>\n<link rel=\"canonical\" href=\"https:\/\/longchangchemical.com\/it\/product\/allantoin-cas-97-59-6\/\" \/>\n<meta property=\"og:locale\" content=\"it_IT\" \/>\n<meta property=\"og:type\" content=\"article\" \/>\n<meta property=\"og:title\" content=\"China Allantoin cas 97-59-6 manufacturer and supplier - Longchang Chemical\" \/>\n<meta property=\"og:description\" content=\"Longchang Chemical is a leading manufacturer and supplier of Allantoin cas 97-59-6 in China. Buy Allantoin cas 97-59-6 in china. We can provide the best Allantoin price.\" \/>\n<meta property=\"og:url\" content=\"https:\/\/longchangchemical.com\/it\/product\/allantoin-cas-97-59-6\/\" \/>\n<meta property=\"og:site_name\" content=\"Longchang Chemical\" \/>\n<meta property=\"article:modified_time\" content=\"2025-12-23T03:34:58+00:00\" \/>\n<meta property=\"og:image\" content=\"https:\/\/longchangchemical.com\/wp-content\/uploads\/2020\/10\/Appearnce.jpg\" \/>\n\t<meta property=\"og:image:width\" content=\"600\" \/>\n\t<meta property=\"og:image:height\" content=\"800\" \/>\n\t<meta property=\"og:image:type\" content=\"image\/jpeg\" \/>\n<meta name=\"twitter:card\" content=\"summary_large_image\" \/>\n<script type=\"application\/ld+json\" class=\"yoast-schema-graph\">{\"@context\":\"https:\/\/schema.org\",\"@graph\":[{\"@type\":\"WebPage\",\"@id\":\"https:\/\/longchangchemical.com\/product\/allantoin-cas-97-59-6\/\",\"url\":\"https:\/\/longchangchemical.com\/product\/allantoin-cas-97-59-6\/\",\"name\":\"China Allantoin cas 97-59-6 manufacturer and supplier - Longchang Chemical\",\"isPartOf\":{\"@id\":\"https:\/\/longchangchemical.com\/#website\"},\"primaryImageOfPage\":{\"@id\":\"https:\/\/longchangchemical.com\/product\/allantoin-cas-97-59-6\/#primaryimage\"},\"image\":{\"@id\":\"https:\/\/longchangchemical.com\/product\/allantoin-cas-97-59-6\/#primaryimage\"},\"thumbnailUrl\":\"https:\/\/longchangchemical.com\/wp-content\/uploads\/2020\/10\/Appearnce.jpg\",\"datePublished\":\"2020-10-24T06:34:00+00:00\",\"dateModified\":\"2025-12-23T03:34:58+00:00\",\"description\":\"Longchang Chemical is a leading manufacturer and supplier of Allantoin cas 97-59-6 in China. Buy Allantoin cas 97-59-6 in china. We can provide the best Allantoin price.\",\"breadcrumb\":{\"@id\":\"https:\/\/longchangchemical.com\/product\/allantoin-cas-97-59-6\/#breadcrumb\"},\"inLanguage\":\"it-IT\",\"potentialAction\":[{\"@type\":\"ReadAction\",\"target\":[\"https:\/\/longchangchemical.com\/product\/allantoin-cas-97-59-6\/\"]}]},{\"@type\":\"ImageObject\",\"inLanguage\":\"it-IT\",\"@id\":\"https:\/\/longchangchemical.com\/product\/allantoin-cas-97-59-6\/#primaryimage\",\"url\":\"https:\/\/longchangchemical.com\/wp-content\/uploads\/2020\/10\/Appearnce.jpg\",\"contentUrl\":\"https:\/\/longchangchemical.com\/wp-content\/uploads\/2020\/10\/Appearnce.jpg\",\"width\":600,\"height\":800,\"caption\":\"Allantoin Appearance\"},{\"@type\":\"BreadcrumbList\",\"@id\":\"https:\/\/longchangchemical.com\/product\/allantoin-cas-97-59-6\/#breadcrumb\",\"itemListElement\":[{\"@type\":\"ListItem\",\"position\":1,\"name\":\"Home\",\"item\":\"https:\/\/longchangchemical.com\/\"},{\"@type\":\"ListItem\",\"position\":2,\"name\":\"Products Longchang\",\"item\":\"https:\/\/longchangchemical.com\/product\/\"},{\"@type\":\"ListItem\",\"position\":3,\"name\":\"Allantoin cas 97-59-6\"}]},{\"@type\":\"WebSite\",\"@id\":\"https:\/\/longchangchemical.com\/#website\",\"url\":\"https:\/\/longchangchemical.com\/\",\"name\":\"Longchang Chemical\",\"description\":\"China chemical manufacturer \uff06 supplier\",\"publisher\":{\"@id\":\"https:\/\/longchangchemical.com\/#organization\"},\"potentialAction\":[{\"@type\":\"SearchAction\",\"target\":{\"@type\":\"EntryPoint\",\"urlTemplate\":\"https:\/\/longchangchemical.com\/?s={search_term_string}\"},\"query-input\":{\"@type\":\"PropertyValueSpecification\",\"valueRequired\":true,\"valueName\":\"search_term_string\"}}],\"inLanguage\":\"it-IT\"},{\"@type\":\"Organization\",\"@id\":\"https:\/\/longchangchemical.com\/#organization\",\"name\":\"Longchang Chemical\",\"url\":\"https:\/\/longchangchemical.com\/\",\"logo\":{\"@type\":\"ImageObject\",\"inLanguage\":\"it-IT\",\"@id\":\"https:\/\/longchangchemical.com\/#\/schema\/logo\/image\/\",\"url\":\"https:\/\/longchangchemical.com\/wp-content\/uploads\/2020\/08\/cropped-longchang-logo.png\",\"contentUrl\":\"https:\/\/longchangchemical.com\/wp-content\/uploads\/2020\/08\/cropped-longchang-logo.png\",\"width\":512,\"height\":512,\"caption\":\"Longchang Chemical\"},\"image\":{\"@id\":\"https:\/\/longchangchemical.com\/#\/schema\/logo\/image\/\"}}]}<\/script>\n<!-- \/ Yoast SEO plugin. -->","yoast_head_json":{"title":"Cina Allantoina cas 97-59-6 produttore e fornitore - Longchang Chemical","description":"Longchang Chemical \u00e8 un produttore e fornitore leader di Allantoina cas 97-59-6 in Cina. Acquistare Allantoin cas 97-59-6 in Cina. Possiamo fornire il miglior prezzo di Allantoin.","robots":{"index":"index","follow":"follow","max-snippet":"max-snippet:-1","max-image-preview":"max-image-preview:large","max-video-preview":"max-video-preview:-1"},"canonical":"https:\/\/longchangchemical.com\/it\/product\/allantoin-cas-97-59-6\/","og_locale":"it_IT","og_type":"article","og_title":"China Allantoin cas 97-59-6 manufacturer and supplier - Longchang Chemical","og_description":"Longchang Chemical is a leading manufacturer and supplier of Allantoin cas 97-59-6 in China. Buy Allantoin cas 97-59-6 in china. We can provide the best Allantoin price.","og_url":"https:\/\/longchangchemical.com\/it\/product\/allantoin-cas-97-59-6\/","og_site_name":"Longchang Chemical","article_modified_time":"2025-12-23T03:34:58+00:00","og_image":[{"width":600,"height":800,"url":"https:\/\/longchangchemical.com\/wp-content\/uploads\/2020\/10\/Appearnce.jpg","type":"image\/jpeg"}],"twitter_card":"summary_large_image","schema":{"@context":"https:\/\/schema.org","@graph":[{"@type":"WebPage","@id":"https:\/\/longchangchemical.com\/product\/allantoin-cas-97-59-6\/","url":"https:\/\/longchangchemical.com\/product\/allantoin-cas-97-59-6\/","name":"Cina Allantoina cas 97-59-6 produttore e fornitore - Longchang Chemical","isPartOf":{"@id":"https:\/\/longchangchemical.com\/#website"},"primaryImageOfPage":{"@id":"https:\/\/longchangchemical.com\/product\/allantoin-cas-97-59-6\/#primaryimage"},"image":{"@id":"https:\/\/longchangchemical.com\/product\/allantoin-cas-97-59-6\/#primaryimage"},"thumbnailUrl":"https:\/\/longchangchemical.com\/wp-content\/uploads\/2020\/10\/Appearnce.jpg","datePublished":"2020-10-24T06:34:00+00:00","dateModified":"2025-12-23T03:34:58+00:00","description":"Longchang Chemical \u00e8 un produttore e fornitore leader di Allantoina cas 97-59-6 in Cina. Acquistare Allantoin cas 97-59-6 in Cina. Possiamo fornire il miglior prezzo di Allantoin.","breadcrumb":{"@id":"https:\/\/longchangchemical.com\/product\/allantoin-cas-97-59-6\/#breadcrumb"},"inLanguage":"it-IT","potentialAction":[{"@type":"ReadAction","target":["https:\/\/longchangchemical.com\/product\/allantoin-cas-97-59-6\/"]}]},{"@type":"ImageObject","inLanguage":"it-IT","@id":"https:\/\/longchangchemical.com\/product\/allantoin-cas-97-59-6\/#primaryimage","url":"https:\/\/longchangchemical.com\/wp-content\/uploads\/2020\/10\/Appearnce.jpg","contentUrl":"https:\/\/longchangchemical.com\/wp-content\/uploads\/2020\/10\/Appearnce.jpg","width":600,"height":800,"caption":"Allantoin Appearance"},{"@type":"BreadcrumbList","@id":"https:\/\/longchangchemical.com\/product\/allantoin-cas-97-59-6\/#breadcrumb","itemListElement":[{"@type":"ListItem","position":1,"name":"Home","item":"https:\/\/longchangchemical.com\/"},{"@type":"ListItem","position":2,"name":"Products Longchang","item":"https:\/\/longchangchemical.com\/product\/"},{"@type":"ListItem","position":3,"name":"Allantoin cas 97-59-6"}]},{"@type":"WebSite","@id":"https:\/\/longchangchemical.com\/#website","url":"https:\/\/longchangchemical.com\/","name":"Longchang Chemical","description":"Cina produttore di prodotti chimici \uff06 fornitore","publisher":{"@id":"https:\/\/longchangchemical.com\/#organization"},"potentialAction":[{"@type":"SearchAction","target":{"@type":"EntryPoint","urlTemplate":"https:\/\/longchangchemical.com\/?s={search_term_string}"},"query-input":{"@type":"PropertyValueSpecification","valueRequired":true,"valueName":"search_term_string"}}],"inLanguage":"it-IT"},{"@type":"Organization","@id":"https:\/\/longchangchemical.com\/#organization","name":"Longchang Chemical","url":"https:\/\/longchangchemical.com\/","logo":{"@type":"ImageObject","inLanguage":"it-IT","@id":"https:\/\/longchangchemical.com\/#\/schema\/logo\/image\/","url":"https:\/\/longchangchemical.com\/wp-content\/uploads\/2020\/08\/cropped-longchang-logo.png","contentUrl":"https:\/\/longchangchemical.com\/wp-content\/uploads\/2020\/08\/cropped-longchang-logo.png","width":512,"height":512,"caption":"Longchang Chemical"},"image":{"@id":"https:\/\/longchangchemical.com\/#\/schema\/logo\/image\/"}}]}},"_links":{"self":[{"href":"https:\/\/longchangchemical.com\/it\/wp-json\/wp\/v2\/product\/3384","targetHints":{"allow":["GET"]}}],"collection":[{"href":"https:\/\/longchangchemical.com\/it\/wp-json\/wp\/v2\/product"}],"about":[{"href":"https:\/\/longchangchemical.com\/it\/wp-json\/wp\/v2\/types\/product"}],"replies":[{"embeddable":true,"href":"https:\/\/longchangchemical.com\/it\/wp-json\/wp\/v2\/comments?post=3384"}],"wp:featuredmedia":[{"embeddable":true,"href":"https:\/\/longchangchemical.com\/it\/wp-json\/wp\/v2\/media\/3385"}],"wp:attachment":[{"href":"https:\/\/longchangchemical.com\/it\/wp-json\/wp\/v2\/media?parent=3384"}],"wp:term":[{"taxonomy":"product_brand","embeddable":true,"href":"https:\/\/longchangchemical.com\/it\/wp-json\/wp\/v2\/product_brand?post=3384"},{"taxonomy":"product_cat","embeddable":true,"href":"https:\/\/longchangchemical.com\/it\/wp-json\/wp\/v2\/product_cat?post=3384"},{"taxonomy":"product_tag","embeddable":true,"href":"https:\/\/longchangchemical.com\/it\/wp-json\/wp\/v2\/product_tag?post=3384"}],"curies":[{"name":"wp","href":"https:\/\/api.w.org\/{rel}","templated":true}]}}