{"id":3115,"date":"2020-09-09T03:23:30","date_gmt":"2020-09-09T03:23:30","guid":{"rendered":"https:\/\/longchangchemical.com\/?post_type=product&#038;p=3115"},"modified":"2025-04-01T07:42:00","modified_gmt":"2025-04-01T07:42:00","slug":"optical-brightener-er-%e2%85%b1-cas-13001-38-2","status":"publish","type":"product","link":"https:\/\/longchangchemical.com\/it\/product\/optical-brightener-er-%e2%85%b1-cas-13001-38-2\/","title":{"rendered":"CHLUMIPHOR\u00ae ER-\u2161 \/ Brillantante ottico ER-\u2161 CAS 13001-38-2"},"content":{"rendered":"<p>&nbsp;<\/p>\n<h2><strong><b>Propriet\u00e0 del brillantante ottico ER-\u2161<\/b><\/strong><\/h2>\n<p>Il brillantante ottico ER-\u2161 ha una forte fluorescenza, un elevato grado di bianco e una buona stabilit\u00e0 termica. Non si decompone ad alta temperatura. Il Brillantante ER-\u2161 ha anche altre propriet\u00e0, come la velocit\u00e0 di adsorbimento, la bassa temperatura di colore, il buon livello, la buona capacit\u00e0 di colorazione a bassa temperatura, ecc. Il brillantante ottico ER-\u2161 \u00e8 in grado di soddisfare diversi requisiti di colore e luce, ed \u00e8 relativamente stabile per agenti riducenti, ossidanti e composti di ipoclorito.<\/p>\n<h2>Rispetto al Brightener ER-\u2160 , presenta i seguenti punti di forza:<\/h2>\n<ul>\n<li>Tasso di adsorbimento pi\u00f9 rapido<\/li>\n<li>Temperatura di luminescenza pi\u00f9 bassa<\/li>\n<li>Migliore capacit\u00e0 di imbiancare<\/li>\n<\/ul>\n<h2><strong><b>Applicazioni del brillantante ottico ER-\u2161<\/b><\/strong><\/h2>\n<p>Lo sbiancante ottico ER-\u2161 \u00e8 applicabile al trattamento sbiancante del poliestere e dei suoi tessuti misti e delle fibre acetate. \u00c8 adatto non solo per la tintura ad esaurimento, ma anche per il processo di tintura a tampone. Il brillantante ER-\u2161 \u00e8 adatto anche per lo sbiancamento delle plastiche in fibra chimica.<\/p>\n<h2><strong><b>Imballaggio e stoccaggio<\/b><\/strong><\/h2>\n<p>Il brillantante ottico ER-\u2161 \u00e8 confezionato in 25 kg per fusto di fibra rivestito con sacchetto di plastica, conservato in luogo fresco e asciutto senza luce solare diretta. La durata di conservazione \u00e8 di 2 anni.<\/p>\n<p>&nbsp;<\/p>\n<h2><strong><b>Contattateci ora!<\/b><\/strong><\/h2>\n<h4><strong><b>Se avete bisogno di COA, MSDS o TDS, inserite i vostri dati di contatto nel modulo sottostante; di solito vi contatteremo entro 24 ore. Potete anche inviarmi un'e-mail <span style=\"color: #0000ff;\"><a style=\"color: #0000ff;\" href=\"mailto:info@longchangchemical.com\">info@longchangchemical.com<\/a><\/span> durante l'orario di lavoro (dalle 8:30 alle 18:00 UTC+8 lun.-sab.) o utilizzare la live chat del sito web per ottenere una risposta immediata.<\/b><\/strong><\/h4>","protected":false},"excerpt":{"rendered":"<h2><strong><b>Caratteristiche tecniche del Brillantante ottico ER-\u2161<\/b><\/strong><\/h2>\n<p>Aspetto: Polvere giallastra<\/p>\n<p>Tonalit\u00e0: Bianco fluorescente e blu<\/p>\n<p>Purezza: \u226599%<\/p>\n<p>Umidit\u00e0: \u22640,5 %<\/p>\n<p>Punto di fusione: 184-186\u2103<\/p>\n<p>Tipo ionico: non ionico<\/p>\n<p>Brillantante ottico ER-\u2161 Struttura:<img decoding=\"async\" class=\"alignnone size-medium wp-image-3116\" src=\"https:\/\/longchangchemical.com\/wp-content\/uploads\/2020\/09\/Optical-Brightener-ER-\u2161-Structure-300x124.gif\" alt=\"\" width=\"300\" height=\"124\" \/><\/p>","protected":false},"featured_media":3117,"comment_status":"open","ping_status":"closed","template":"","meta":[],"product_brand":[],"product_cat":[140],"product_tag":[],"class_list":{"0":"post-3115","1":"product","2":"type-product","3":"status-publish","4":"has-post-thumbnail","6":"product_cat-chlumiphor-fluorescent-brightener","8":"first","9":"instock","10":"shipping-taxable","11":"product-type-simple"},"yoast_head":"<!-- This site is optimized with the Yoast SEO plugin v25.3.1 - https:\/\/yoast.com\/wordpress\/plugins\/seo\/ -->\n<title>China Optical Brightener ER-\u2161 manufacturer and supplier - Longchang chemical<\/title>\n<meta name=\"description\" content=\"Longchang chemical produce and supply Brightener ER-\u2161 cas 13001-38-2, with the best Brightener ER-\u2161 price,\" \/>\n<meta name=\"robots\" content=\"index, follow, max-snippet:-1, max-image-preview:large, max-video-preview:-1\" \/>\n<link rel=\"canonical\" href=\"https:\/\/longchangchemical.com\/it\/product\/optical-brightener-er-\u2171-cas-13001-38-2\/\" \/>\n<meta property=\"og:locale\" content=\"it_IT\" \/>\n<meta property=\"og:type\" content=\"article\" \/>\n<meta property=\"og:title\" content=\"China Optical Brightener ER-\u2161 manufacturer and supplier - Longchang chemical\" \/>\n<meta property=\"og:description\" content=\"Longchang chemical produce and supply Brightener ER-\u2161 cas 13001-38-2, with the best Brightener ER-\u2161 price,\" \/>\n<meta property=\"og:url\" content=\"https:\/\/longchangchemical.com\/it\/product\/optical-brightener-er-\u2171-cas-13001-38-2\/\" \/>\n<meta property=\"og:site_name\" content=\"Longchang Chemical\" \/>\n<meta property=\"article:modified_time\" content=\"2025-04-01T07:42:00+00:00\" \/>\n<meta property=\"og:image\" content=\"https:\/\/longchangchemical.com\/wp-content\/uploads\/2020\/09\/Optical-Brightener-ER-\u2161-appearance.jpg\" \/>\n\t<meta property=\"og:image:width\" content=\"900\" \/>\n\t<meta property=\"og:image:height\" content=\"1200\" \/>\n\t<meta property=\"og:image:type\" content=\"image\/jpeg\" \/>\n<meta name=\"twitter:card\" content=\"summary_large_image\" \/>\n<script type=\"application\/ld+json\" class=\"yoast-schema-graph\">{\"@context\":\"https:\/\/schema.org\",\"@graph\":[{\"@type\":\"WebPage\",\"@id\":\"https:\/\/longchangchemical.com\/product\/optical-brightener-er-%e2%85%b1-cas-13001-38-2\/\",\"url\":\"https:\/\/longchangchemical.com\/product\/optical-brightener-er-%e2%85%b1-cas-13001-38-2\/\",\"name\":\"China Optical Brightener ER-\u2161 manufacturer and supplier - Longchang chemical\",\"isPartOf\":{\"@id\":\"https:\/\/longchangchemical.com\/#website\"},\"primaryImageOfPage\":{\"@id\":\"https:\/\/longchangchemical.com\/product\/optical-brightener-er-%e2%85%b1-cas-13001-38-2\/#primaryimage\"},\"image\":{\"@id\":\"https:\/\/longchangchemical.com\/product\/optical-brightener-er-%e2%85%b1-cas-13001-38-2\/#primaryimage\"},\"thumbnailUrl\":\"https:\/\/longchangchemical.com\/wp-content\/uploads\/2020\/09\/Optical-Brightener-ER-\u2161-appearance.jpg\",\"datePublished\":\"2020-09-09T03:23:30+00:00\",\"dateModified\":\"2025-04-01T07:42:00+00:00\",\"description\":\"Longchang chemical produce and supply Brightener ER-\u2161 cas 13001-38-2, with the best Brightener ER-\u2161 price,\",\"breadcrumb\":{\"@id\":\"https:\/\/longchangchemical.com\/product\/optical-brightener-er-%e2%85%b1-cas-13001-38-2\/#breadcrumb\"},\"inLanguage\":\"it-IT\",\"potentialAction\":[{\"@type\":\"ReadAction\",\"target\":[\"https:\/\/longchangchemical.com\/product\/optical-brightener-er-%e2%85%b1-cas-13001-38-2\/\"]}]},{\"@type\":\"ImageObject\",\"inLanguage\":\"it-IT\",\"@id\":\"https:\/\/longchangchemical.com\/product\/optical-brightener-er-%e2%85%b1-cas-13001-38-2\/#primaryimage\",\"url\":\"https:\/\/longchangchemical.com\/wp-content\/uploads\/2020\/09\/Optical-Brightener-ER-\u2161-appearance.jpg\",\"contentUrl\":\"https:\/\/longchangchemical.com\/wp-content\/uploads\/2020\/09\/Optical-Brightener-ER-\u2161-appearance.jpg\",\"width\":900,\"height\":1200,\"caption\":\"Optical Brightener ER-\u2161 appearance\"},{\"@type\":\"BreadcrumbList\",\"@id\":\"https:\/\/longchangchemical.com\/product\/optical-brightener-er-%e2%85%b1-cas-13001-38-2\/#breadcrumb\",\"itemListElement\":[{\"@type\":\"ListItem\",\"position\":1,\"name\":\"Home\",\"item\":\"https:\/\/longchangchemical.com\/\"},{\"@type\":\"ListItem\",\"position\":2,\"name\":\"Products Longchang\",\"item\":\"https:\/\/longchangchemical.com\/product\/\"},{\"@type\":\"ListItem\",\"position\":3,\"name\":\"CHLUMIPHOR\u00ae ER-\u2161 \/ Optical Brightener ER-\u2161 CAS 13001-38-2\"}]},{\"@type\":\"WebSite\",\"@id\":\"https:\/\/longchangchemical.com\/#website\",\"url\":\"https:\/\/longchangchemical.com\/\",\"name\":\"Longchang Chemical\",\"description\":\"China chemical manufacturer \uff06 supplier\",\"publisher\":{\"@id\":\"https:\/\/longchangchemical.com\/#organization\"},\"potentialAction\":[{\"@type\":\"SearchAction\",\"target\":{\"@type\":\"EntryPoint\",\"urlTemplate\":\"https:\/\/longchangchemical.com\/?s={search_term_string}\"},\"query-input\":{\"@type\":\"PropertyValueSpecification\",\"valueRequired\":true,\"valueName\":\"search_term_string\"}}],\"inLanguage\":\"it-IT\"},{\"@type\":\"Organization\",\"@id\":\"https:\/\/longchangchemical.com\/#organization\",\"name\":\"Longchang Chemical\",\"url\":\"https:\/\/longchangchemical.com\/\",\"logo\":{\"@type\":\"ImageObject\",\"inLanguage\":\"it-IT\",\"@id\":\"https:\/\/longchangchemical.com\/#\/schema\/logo\/image\/\",\"url\":\"https:\/\/longchangchemical.com\/wp-content\/uploads\/2020\/08\/cropped-longchang-logo.png\",\"contentUrl\":\"https:\/\/longchangchemical.com\/wp-content\/uploads\/2020\/08\/cropped-longchang-logo.png\",\"width\":512,\"height\":512,\"caption\":\"Longchang Chemical\"},\"image\":{\"@id\":\"https:\/\/longchangchemical.com\/#\/schema\/logo\/image\/\"}}]}<\/script>\n<!-- \/ Yoast SEO plugin. -->","yoast_head_json":{"title":"Cina Brillantante ottico ER-\u2161 produttore e fornitore - Longchang chemical","description":"Longchang chemical produce e fornisce Brightener ER-\u2161 cas 13001-38-2, con il miglior prezzo Brightener ER-\u2161,","robots":{"index":"index","follow":"follow","max-snippet":"max-snippet:-1","max-image-preview":"max-image-preview:large","max-video-preview":"max-video-preview:-1"},"canonical":"https:\/\/longchangchemical.com\/it\/product\/optical-brightener-er-\u2171-cas-13001-38-2\/","og_locale":"it_IT","og_type":"article","og_title":"China Optical Brightener ER-\u2161 manufacturer and supplier - Longchang chemical","og_description":"Longchang chemical produce and supply Brightener ER-\u2161 cas 13001-38-2, with the best Brightener ER-\u2161 price,","og_url":"https:\/\/longchangchemical.com\/it\/product\/optical-brightener-er-\u2171-cas-13001-38-2\/","og_site_name":"Longchang Chemical","article_modified_time":"2025-04-01T07:42:00+00:00","og_image":[{"width":900,"height":1200,"url":"https:\/\/longchangchemical.com\/wp-content\/uploads\/2020\/09\/Optical-Brightener-ER-\u2161-appearance.jpg","type":"image\/jpeg"}],"twitter_card":"summary_large_image","schema":{"@context":"https:\/\/schema.org","@graph":[{"@type":"WebPage","@id":"https:\/\/longchangchemical.com\/product\/optical-brightener-er-%e2%85%b1-cas-13001-38-2\/","url":"https:\/\/longchangchemical.com\/product\/optical-brightener-er-%e2%85%b1-cas-13001-38-2\/","name":"Cina Brillantante ottico ER-\u2161 produttore e fornitore - Longchang chemical","isPartOf":{"@id":"https:\/\/longchangchemical.com\/#website"},"primaryImageOfPage":{"@id":"https:\/\/longchangchemical.com\/product\/optical-brightener-er-%e2%85%b1-cas-13001-38-2\/#primaryimage"},"image":{"@id":"https:\/\/longchangchemical.com\/product\/optical-brightener-er-%e2%85%b1-cas-13001-38-2\/#primaryimage"},"thumbnailUrl":"https:\/\/longchangchemical.com\/wp-content\/uploads\/2020\/09\/Optical-Brightener-ER-\u2161-appearance.jpg","datePublished":"2020-09-09T03:23:30+00:00","dateModified":"2025-04-01T07:42:00+00:00","description":"Longchang chemical produce e fornisce Brightener ER-\u2161 cas 13001-38-2, con il miglior prezzo Brightener ER-\u2161,","breadcrumb":{"@id":"https:\/\/longchangchemical.com\/product\/optical-brightener-er-%e2%85%b1-cas-13001-38-2\/#breadcrumb"},"inLanguage":"it-IT","potentialAction":[{"@type":"ReadAction","target":["https:\/\/longchangchemical.com\/product\/optical-brightener-er-%e2%85%b1-cas-13001-38-2\/"]}]},{"@type":"ImageObject","inLanguage":"it-IT","@id":"https:\/\/longchangchemical.com\/product\/optical-brightener-er-%e2%85%b1-cas-13001-38-2\/#primaryimage","url":"https:\/\/longchangchemical.com\/wp-content\/uploads\/2020\/09\/Optical-Brightener-ER-\u2161-appearance.jpg","contentUrl":"https:\/\/longchangchemical.com\/wp-content\/uploads\/2020\/09\/Optical-Brightener-ER-\u2161-appearance.jpg","width":900,"height":1200,"caption":"Optical Brightener ER-\u2161 appearance"},{"@type":"BreadcrumbList","@id":"https:\/\/longchangchemical.com\/product\/optical-brightener-er-%e2%85%b1-cas-13001-38-2\/#breadcrumb","itemListElement":[{"@type":"ListItem","position":1,"name":"Home","item":"https:\/\/longchangchemical.com\/"},{"@type":"ListItem","position":2,"name":"Products Longchang","item":"https:\/\/longchangchemical.com\/product\/"},{"@type":"ListItem","position":3,"name":"CHLUMIPHOR\u00ae ER-\u2161 \/ Optical Brightener ER-\u2161 CAS 13001-38-2"}]},{"@type":"WebSite","@id":"https:\/\/longchangchemical.com\/#website","url":"https:\/\/longchangchemical.com\/","name":"Longchang Chemical","description":"Cina produttore di prodotti chimici \uff06 fornitore","publisher":{"@id":"https:\/\/longchangchemical.com\/#organization"},"potentialAction":[{"@type":"SearchAction","target":{"@type":"EntryPoint","urlTemplate":"https:\/\/longchangchemical.com\/?s={search_term_string}"},"query-input":{"@type":"PropertyValueSpecification","valueRequired":true,"valueName":"search_term_string"}}],"inLanguage":"it-IT"},{"@type":"Organization","@id":"https:\/\/longchangchemical.com\/#organization","name":"Longchang Chemical","url":"https:\/\/longchangchemical.com\/","logo":{"@type":"ImageObject","inLanguage":"it-IT","@id":"https:\/\/longchangchemical.com\/#\/schema\/logo\/image\/","url":"https:\/\/longchangchemical.com\/wp-content\/uploads\/2020\/08\/cropped-longchang-logo.png","contentUrl":"https:\/\/longchangchemical.com\/wp-content\/uploads\/2020\/08\/cropped-longchang-logo.png","width":512,"height":512,"caption":"Longchang Chemical"},"image":{"@id":"https:\/\/longchangchemical.com\/#\/schema\/logo\/image\/"}}]}},"_links":{"self":[{"href":"https:\/\/longchangchemical.com\/it\/wp-json\/wp\/v2\/product\/3115","targetHints":{"allow":["GET"]}}],"collection":[{"href":"https:\/\/longchangchemical.com\/it\/wp-json\/wp\/v2\/product"}],"about":[{"href":"https:\/\/longchangchemical.com\/it\/wp-json\/wp\/v2\/types\/product"}],"replies":[{"embeddable":true,"href":"https:\/\/longchangchemical.com\/it\/wp-json\/wp\/v2\/comments?post=3115"}],"wp:featuredmedia":[{"embeddable":true,"href":"https:\/\/longchangchemical.com\/it\/wp-json\/wp\/v2\/media\/3117"}],"wp:attachment":[{"href":"https:\/\/longchangchemical.com\/it\/wp-json\/wp\/v2\/media?parent=3115"}],"wp:term":[{"taxonomy":"product_brand","embeddable":true,"href":"https:\/\/longchangchemical.com\/it\/wp-json\/wp\/v2\/product_brand?post=3115"},{"taxonomy":"product_cat","embeddable":true,"href":"https:\/\/longchangchemical.com\/it\/wp-json\/wp\/v2\/product_cat?post=3115"},{"taxonomy":"product_tag","embeddable":true,"href":"https:\/\/longchangchemical.com\/it\/wp-json\/wp\/v2\/product_tag?post=3115"}],"curies":[{"name":"wp","href":"https:\/\/api.w.org\/{rel}","templated":true}]}}