{"id":3054,"date":"2020-08-26T03:21:16","date_gmt":"2020-08-26T03:21:16","guid":{"rendered":"https:\/\/longchangchemical.com\/?post_type=product&#038;p=3054"},"modified":"2026-05-08T02:59:24","modified_gmt":"2026-05-08T02:59:24","slug":"chlorine-dioxide-tablets-cas-10049-04-4","status":"publish","type":"product","link":"https:\/\/longchangchemical.com\/it\/product\/chlorine-dioxide-tablets-cas-10049-04-4\/","title":{"rendered":"Compresse di biossido di cloro cas 10049-04-4"},"content":{"rendered":"<h2><strong><b>Compresse di biossido di cloro<\/b><\/strong><strong><b>\u00a0<\/b><\/strong><\/h2>\n<p><strong><b>\u00a0<\/b><\/strong><\/p>\n<table>\n<tbody>\n<tr>\n<td width=\"249\">Articoli<\/td>\n<td width=\"232\">Standard<\/td>\n<td width=\"232\">Risultato<\/td>\n<\/tr>\n<tr>\n<td width=\"249\">Aspetto della soluzione acquosa<\/td>\n<td width=\"232\">Giallo verde<\/td>\n<td width=\"232\">Qualificato<\/td>\n<\/tr>\n<tr>\n<td width=\"249\">ClO2, % \u2265<\/td>\n<td width=\"232\">8.0<\/td>\n<td width=\"232\">10.2<\/td>\n<\/tr>\n<tr>\n<td colspan=\"3\" width=\"714\">Conclusione: Qualificato<\/td>\n<\/tr>\n<\/tbody>\n<\/table>\n<p><strong><b>\u00a0<\/b><\/strong><\/p>\n<h2><strong><b>Che cosa sono le compresse di biossido di cloro?<\/b><\/strong><\/h2>\n<p>Il biossido di cloro in compresse \u00e8 ora approvato e riconosciuto come il disinfettante pi\u00f9 sicuro, efficace ed ecologico oggi disponibile. \u00c8 raccomandato dall'EPA statunitense come additivo per l'acqua potabile in sostituzione del cloro per la disinfezione dell'acqua potabile. Il biossido di cloro in compresse \u00e8 un disinfettante ideale che soddisfa i requisiti e le esigenze dell'industria delle piscine e dei nuotatori! Non provoca reazioni allergiche (nessuna irritazione o rottura della pelle, nessuna attivazione delle ghiandole mucose, nessuna irritazione degli occhi) e non genera il tipico odore di piscina. Il prodotto consente di garantire il comfort del nuoto senza l'uso di cloro e non genera clorito, clorato o cloro libero.<\/p>\n<h2><strong><b>Compresse di biossido di cloro Introduzione<\/b><\/strong><\/h2>\n<p>Il biossido di cloro stabile CLO2 \u00e8 un nuovo tipo di sterilizzante e disinfettante ad ampio spettro, ad alta efficienza e non tossico, che \u00e8 stato ampiamente utilizzato in molti campi.<\/p>\n<p>Rispetto al cloro, la sua capacit\u00e0 biocida \u00e8 da 3 a 5 volte superiore, il suo effetto biocida non \u00e8 sostanzialmente influenzato dal valore del pH e ha un effetto antibatterico continuo. \u00c8 sicuro, non tossico, non ha effetti collaterali sul corpo umano, l'acqua trattata non ha un odore particolare e non contiene sostanze cancerogene. \u00c8 un disinfettante a base di cloro riconosciuto a livello internazionale come il prodotto sostitutivo pi\u00f9 ideale.<\/p>\n<h2><strong><b>Compresse di biossido di cloro Campo d'impiego<\/b><\/strong><\/h2>\n<p>Campo di applicazione del biossido di cloro: sbiancamento e mantenimento della freschezza di funghi commestibili, anelli macinati, barre d'argento, germogli di bamb\u00f9, semi di loto, semi di melone, yuba, konjac, ravanello, filetti di pesce, carne, prodotti acquatici, verdure, frutta, prodotti caseari, bevande e sbiancamento della farina.<\/p>\n<h2><strong><b>Compresse di biossido di cloro\u00a0<\/b><\/strong><strong><b>tossicit\u00e0<\/b><\/strong><\/h2>\n<p>Il biossido di cloro \u00e8 dannoso per il corpo umano, la sua tossicit\u00e0 \u00e8 simile a quella del cloro e pu\u00f2 erodere gli occhi e gli organi respiratori. In caso di concentrazioni elevate, pu\u00f2 causare la morte invadendo il sistema nervoso centrale.<br \/>\nLa concentrazione consentita nell'aria \u00e8 di 0,3 mg\/m3. Se \u00e8 stato inalato, spostarsi immediatamente all'aria pulita.<br \/>\nIn caso di schizzi accidentali negli occhi delle persone, sciacquare abbondantemente con acqua. Prima di lavorare \u00e8 necessario indossare abiti da lavoro, grembiuli di gomma, guanti di lattice e maschere di protezione personale. Quando si lavora, le attrezzature di produzione devono essere chiuse e ben ventilate. Dopo aver terminato il lavoro, assicurarsi di fare una doccia.<\/p>\n<h2><strong><b>Compresse di biossido di cloro\u00a0<\/b><\/strong><strong><b>Istruzioni<\/b><\/strong><\/h2>\n<p>1. Pretrattamento: immergere gli alimenti sbiancati desiderati in acqua, desalinizzare per 24 ore o schiuma, l'acqua corrente \u00e8 la migliore (gli alimenti salati possono omettere questo processo).<\/p>\n<p>2. Preparazione della soluzione concentrata: aggiungere 1000 grammi di polvere di questo prodotto in 25 kg di acqua e mescolare fino a completa dissoluzione, quindi mettere in un secchio di plastica sigillato e riporre in un luogo fresco per un uso successivo (la durata di conservazione \u00e8 di 12 mesi).<\/p>\n<p>3. Configurazione della soluzione sbiancante: pesare una certa quantit\u00e0 di soluzione concentrata e il peso corrispondente di attivatore (fornito dall'acido citrico) secondo i requisiti della tabella, mescolare e agitare per 10-20 minuti, quindi aggiungere acqua secondo la quantit\u00e0 della tabella e diluire con acqua.<\/p>\n<p>4. Sbiancamento: pesare il peso corrispondente dell'alimento nella soluzione sbiancante, quindi rimuoverla dopo averla sbiancata fino al grado di bianco desiderato. La temperatura della soluzione sbiancante \u00e8 controllata a 40-50\u2103 per ottenere il miglior effetto sbiancante e la massima velocit\u00e0.<\/p>\n<p>&nbsp;<\/p>\n<h2><strong><b>Compresse di biossido di cloro<\/b><\/strong><strong><b>\u00a0Utilizzo<\/b><\/strong><\/h2>\n<p>1. Disinfezione dell'acqua sanitaria, potabile e di rubinetto in diverse occasioni.<\/p>\n<p>2. Sterilizzazione e disinfezione delle stoviglie di alberghi, famiglie e bancarelle, delle strutture sanitarie e dell'aria.<\/p>\n<p>3. Sterilizzazione e disinfezione finale di attrezzature, tubi e contenitori negli impianti di produzione di alimenti e bevande e nell'industria della fermentazione.<\/p>\n<p>4. Trattamento di sterilizzazione di tubature, strutture e ambienti di caseifici e macelli.<\/p>\n<p>5. Trattamento di sterilizzazione delle acque reflue ospedaliere.<\/p>\n<p>6. Sterilizzazione e disinfezione dell'acqua di circolazione e dell'acqua del bagno in piscina.<\/p>\n<p>7. Disinfezione, sterilizzazione, deodorazione e trattamento antimuffa di strumenti medici, sanitari e clinici.<\/p>\n<p>8. Sterilizzazione e conservazione del fresco di alimenti per famiglie, alberghi, ristoranti, frutta e verdura, pesce e carne, lavaggio finale e disinfezione degli apparecchi sanitari.<\/p>\n<p>9. Sterilizzazione e deodorazione nel riutilizzo delle acque di recupero.<\/p>\n<p>10. Agenti sbiancanti per farina e alimenti vari.<\/p>\n<p>11. Agenti sbiancanti nell'industria cartaria, della stampa e della tintura.<\/p>\n<p>12. Rimozione delle alghe e sterilizzazione dell'acqua di raffreddamento industriale.<\/p>\n<p>&nbsp;<\/p>\n<h2><strong>Compresse di biossido di cloro Confezione<\/strong><\/h2>\n<p>100g\/bottiglia o come confezione personalizzata.<\/p>\n<h2><strong><b>Compresse di biossido di cloro<\/b><\/strong><strong><b>\u00a0Immagazzinamento<\/b><\/strong><\/h2>\n<p>Luogo di conservazione riparato, asciutto e buio.<\/p>\n<p>&nbsp;<\/p>\n<h2><strong><b>Contattateci ora!<\/b><\/strong><\/h2>\n<h4><strong><b>Se avete bisogno di COA, MSDS o TDS, inserite i vostri dati di contatto nel modulo sottostante; di solito vi contatteremo entro 24 ore. Potete anche inviarmi un'e-mail <span style=\"color: #0000ff;\"><a style=\"color: #0000ff;\" href=\"mailto:info@longchangchemical.com\">info@longchangchemical.com<\/a><\/span> durante l'orario di lavoro (dalle 8:30 alle 18:00 UTC+8 lun.-sab.) o utilizzare la live chat del sito web per ottenere una risposta immediata.<\/b><\/strong><\/h4>","protected":false},"excerpt":{"rendered":"<p>Nome del prodotto: Compresse di biossido di cloro<\/p>\n<p>N. CAS: 10049-04-4<\/p>\n<p>Formula molecolare: ClO2<\/p>\n<p>Peso molecolare: 67,45<\/p>\n<p>Aspetto: polvere bianca o solido bianco<\/p>","protected":false},"featured_media":3138,"comment_status":"open","ping_status":"closed","template":"","meta":[],"product_brand":[],"product_cat":[69,109],"product_tag":[],"class_list":{"0":"post-3054","1":"product","2":"type-product","3":"status-publish","4":"has-post-thumbnail","6":"product_cat-catalysts-chemical-auxiliary-agents","7":"product_cat-water-treatment","9":"first","10":"instock","11":"shipping-taxable","12":"product-type-simple"},"yoast_head":"<!-- This site is optimized with the Yoast SEO plugin v25.3.1 - https:\/\/yoast.com\/wordpress\/plugins\/seo\/ -->\n<title>China Chlorine dioxide tablets manufacturer \uff06 supplier - Longchang chemical<\/title>\n<meta name=\"description\" content=\"Longchang chemical produce and supply Chlorine dioxide tablets, with the best price, and we can provide REACH and FDA.\" \/>\n<meta name=\"robots\" content=\"index, follow, max-snippet:-1, max-image-preview:large, max-video-preview:-1\" \/>\n<link rel=\"canonical\" href=\"https:\/\/longchangchemical.com\/it\/product\/chlorine-dioxide-tablets-cas-10049-04-4\/\" \/>\n<meta property=\"og:locale\" content=\"it_IT\" \/>\n<meta property=\"og:type\" content=\"article\" \/>\n<meta property=\"og:title\" content=\"China Chlorine dioxide tablets manufacturer \uff06 supplier - Longchang chemical\" \/>\n<meta property=\"og:description\" content=\"Longchang chemical produce and supply Chlorine dioxide tablets, with the best price, and we can provide REACH and FDA.\" \/>\n<meta property=\"og:url\" content=\"https:\/\/longchangchemical.com\/it\/product\/chlorine-dioxide-tablets-cas-10049-04-4\/\" \/>\n<meta property=\"og:site_name\" content=\"Longchang Chemical\" \/>\n<meta property=\"article:modified_time\" content=\"2026-05-08T02:59:24+00:00\" \/>\n<meta property=\"og:image\" content=\"https:\/\/longchangchemical.com\/wp-content\/uploads\/2020\/08\/Chlorine-dioxide-tablets-appearance-1-2.jpg\" \/>\n\t<meta property=\"og:image:width\" content=\"600\" \/>\n\t<meta property=\"og:image:height\" content=\"800\" \/>\n\t<meta property=\"og:image:type\" content=\"image\/jpeg\" \/>\n<meta name=\"twitter:card\" content=\"summary_large_image\" \/>\n<script type=\"application\/ld+json\" class=\"yoast-schema-graph\">{\"@context\":\"https:\/\/schema.org\",\"@graph\":[{\"@type\":\"WebPage\",\"@id\":\"https:\/\/longchangchemical.com\/product\/chlorine-dioxide-tablets-cas-10049-04-4\/\",\"url\":\"https:\/\/longchangchemical.com\/product\/chlorine-dioxide-tablets-cas-10049-04-4\/\",\"name\":\"China Chlorine dioxide tablets manufacturer \uff06 supplier - Longchang chemical\",\"isPartOf\":{\"@id\":\"https:\/\/longchangchemical.com\/#website\"},\"primaryImageOfPage\":{\"@id\":\"https:\/\/longchangchemical.com\/product\/chlorine-dioxide-tablets-cas-10049-04-4\/#primaryimage\"},\"image\":{\"@id\":\"https:\/\/longchangchemical.com\/product\/chlorine-dioxide-tablets-cas-10049-04-4\/#primaryimage\"},\"thumbnailUrl\":\"https:\/\/longchangchemical.com\/wp-content\/uploads\/2020\/08\/Chlorine-dioxide-tablets-appearance-1-2.jpg\",\"datePublished\":\"2020-08-26T03:21:16+00:00\",\"dateModified\":\"2026-05-08T02:59:24+00:00\",\"description\":\"Longchang chemical produce and supply Chlorine dioxide tablets, with the best price, and we can provide REACH and FDA.\",\"breadcrumb\":{\"@id\":\"https:\/\/longchangchemical.com\/product\/chlorine-dioxide-tablets-cas-10049-04-4\/#breadcrumb\"},\"inLanguage\":\"it-IT\",\"potentialAction\":[{\"@type\":\"ReadAction\",\"target\":[\"https:\/\/longchangchemical.com\/product\/chlorine-dioxide-tablets-cas-10049-04-4\/\"]}]},{\"@type\":\"ImageObject\",\"inLanguage\":\"it-IT\",\"@id\":\"https:\/\/longchangchemical.com\/product\/chlorine-dioxide-tablets-cas-10049-04-4\/#primaryimage\",\"url\":\"https:\/\/longchangchemical.com\/wp-content\/uploads\/2020\/08\/Chlorine-dioxide-tablets-appearance-1-2.jpg\",\"contentUrl\":\"https:\/\/longchangchemical.com\/wp-content\/uploads\/2020\/08\/Chlorine-dioxide-tablets-appearance-1-2.jpg\",\"width\":600,\"height\":800,\"caption\":\"Chlorine-dioxide-tablets-appearance-(1)\"},{\"@type\":\"BreadcrumbList\",\"@id\":\"https:\/\/longchangchemical.com\/product\/chlorine-dioxide-tablets-cas-10049-04-4\/#breadcrumb\",\"itemListElement\":[{\"@type\":\"ListItem\",\"position\":1,\"name\":\"Home\",\"item\":\"https:\/\/longchangchemical.com\/\"},{\"@type\":\"ListItem\",\"position\":2,\"name\":\"Products Longchang\",\"item\":\"https:\/\/longchangchemical.com\/product\/\"},{\"@type\":\"ListItem\",\"position\":3,\"name\":\"Chlorine dioxide tablets cas 10049-04-4\"}]},{\"@type\":\"WebSite\",\"@id\":\"https:\/\/longchangchemical.com\/#website\",\"url\":\"https:\/\/longchangchemical.com\/\",\"name\":\"Longchang Chemical\",\"description\":\"China chemical manufacturer \uff06 supplier\",\"publisher\":{\"@id\":\"https:\/\/longchangchemical.com\/#organization\"},\"potentialAction\":[{\"@type\":\"SearchAction\",\"target\":{\"@type\":\"EntryPoint\",\"urlTemplate\":\"https:\/\/longchangchemical.com\/?s={search_term_string}\"},\"query-input\":{\"@type\":\"PropertyValueSpecification\",\"valueRequired\":true,\"valueName\":\"search_term_string\"}}],\"inLanguage\":\"it-IT\"},{\"@type\":\"Organization\",\"@id\":\"https:\/\/longchangchemical.com\/#organization\",\"name\":\"Longchang Chemical\",\"url\":\"https:\/\/longchangchemical.com\/\",\"logo\":{\"@type\":\"ImageObject\",\"inLanguage\":\"it-IT\",\"@id\":\"https:\/\/longchangchemical.com\/#\/schema\/logo\/image\/\",\"url\":\"https:\/\/longchangchemical.com\/wp-content\/uploads\/2020\/08\/cropped-longchang-logo.png\",\"contentUrl\":\"https:\/\/longchangchemical.com\/wp-content\/uploads\/2020\/08\/cropped-longchang-logo.png\",\"width\":512,\"height\":512,\"caption\":\"Longchang Chemical\"},\"image\":{\"@id\":\"https:\/\/longchangchemical.com\/#\/schema\/logo\/image\/\"}}]}<\/script>\n<!-- \/ Yoast SEO plugin. -->","yoast_head_json":{"title":"Cina Compresse di biossido di cloro produttore \uff06 fornitore - Longchang chemical","description":"Longchang chemical produce e fornisce compresse di biossido di cloro, con il miglior prezzo, ed \u00e8 in grado di fornire REACH e FDA.","robots":{"index":"index","follow":"follow","max-snippet":"max-snippet:-1","max-image-preview":"max-image-preview:large","max-video-preview":"max-video-preview:-1"},"canonical":"https:\/\/longchangchemical.com\/it\/product\/chlorine-dioxide-tablets-cas-10049-04-4\/","og_locale":"it_IT","og_type":"article","og_title":"China Chlorine dioxide tablets manufacturer \uff06 supplier - Longchang chemical","og_description":"Longchang chemical produce and supply Chlorine dioxide tablets, with the best price, and we can provide REACH and FDA.","og_url":"https:\/\/longchangchemical.com\/it\/product\/chlorine-dioxide-tablets-cas-10049-04-4\/","og_site_name":"Longchang Chemical","article_modified_time":"2026-05-08T02:59:24+00:00","og_image":[{"width":600,"height":800,"url":"https:\/\/longchangchemical.com\/wp-content\/uploads\/2020\/08\/Chlorine-dioxide-tablets-appearance-1-2.jpg","type":"image\/jpeg"}],"twitter_card":"summary_large_image","schema":{"@context":"https:\/\/schema.org","@graph":[{"@type":"WebPage","@id":"https:\/\/longchangchemical.com\/product\/chlorine-dioxide-tablets-cas-10049-04-4\/","url":"https:\/\/longchangchemical.com\/product\/chlorine-dioxide-tablets-cas-10049-04-4\/","name":"Cina Compresse di biossido di cloro produttore \uff06 fornitore - Longchang chemical","isPartOf":{"@id":"https:\/\/longchangchemical.com\/#website"},"primaryImageOfPage":{"@id":"https:\/\/longchangchemical.com\/product\/chlorine-dioxide-tablets-cas-10049-04-4\/#primaryimage"},"image":{"@id":"https:\/\/longchangchemical.com\/product\/chlorine-dioxide-tablets-cas-10049-04-4\/#primaryimage"},"thumbnailUrl":"https:\/\/longchangchemical.com\/wp-content\/uploads\/2020\/08\/Chlorine-dioxide-tablets-appearance-1-2.jpg","datePublished":"2020-08-26T03:21:16+00:00","dateModified":"2026-05-08T02:59:24+00:00","description":"Longchang chemical produce e fornisce compresse di biossido di cloro, con il miglior prezzo, ed \u00e8 in grado di fornire REACH e FDA.","breadcrumb":{"@id":"https:\/\/longchangchemical.com\/product\/chlorine-dioxide-tablets-cas-10049-04-4\/#breadcrumb"},"inLanguage":"it-IT","potentialAction":[{"@type":"ReadAction","target":["https:\/\/longchangchemical.com\/product\/chlorine-dioxide-tablets-cas-10049-04-4\/"]}]},{"@type":"ImageObject","inLanguage":"it-IT","@id":"https:\/\/longchangchemical.com\/product\/chlorine-dioxide-tablets-cas-10049-04-4\/#primaryimage","url":"https:\/\/longchangchemical.com\/wp-content\/uploads\/2020\/08\/Chlorine-dioxide-tablets-appearance-1-2.jpg","contentUrl":"https:\/\/longchangchemical.com\/wp-content\/uploads\/2020\/08\/Chlorine-dioxide-tablets-appearance-1-2.jpg","width":600,"height":800,"caption":"Chlorine-dioxide-tablets-appearance-(1)"},{"@type":"BreadcrumbList","@id":"https:\/\/longchangchemical.com\/product\/chlorine-dioxide-tablets-cas-10049-04-4\/#breadcrumb","itemListElement":[{"@type":"ListItem","position":1,"name":"Home","item":"https:\/\/longchangchemical.com\/"},{"@type":"ListItem","position":2,"name":"Products Longchang","item":"https:\/\/longchangchemical.com\/product\/"},{"@type":"ListItem","position":3,"name":"Chlorine dioxide tablets cas 10049-04-4"}]},{"@type":"WebSite","@id":"https:\/\/longchangchemical.com\/#website","url":"https:\/\/longchangchemical.com\/","name":"Longchang Chemical","description":"Cina produttore di prodotti chimici \uff06 fornitore","publisher":{"@id":"https:\/\/longchangchemical.com\/#organization"},"potentialAction":[{"@type":"SearchAction","target":{"@type":"EntryPoint","urlTemplate":"https:\/\/longchangchemical.com\/?s={search_term_string}"},"query-input":{"@type":"PropertyValueSpecification","valueRequired":true,"valueName":"search_term_string"}}],"inLanguage":"it-IT"},{"@type":"Organization","@id":"https:\/\/longchangchemical.com\/#organization","name":"Longchang Chemical","url":"https:\/\/longchangchemical.com\/","logo":{"@type":"ImageObject","inLanguage":"it-IT","@id":"https:\/\/longchangchemical.com\/#\/schema\/logo\/image\/","url":"https:\/\/longchangchemical.com\/wp-content\/uploads\/2020\/08\/cropped-longchang-logo.png","contentUrl":"https:\/\/longchangchemical.com\/wp-content\/uploads\/2020\/08\/cropped-longchang-logo.png","width":512,"height":512,"caption":"Longchang Chemical"},"image":{"@id":"https:\/\/longchangchemical.com\/#\/schema\/logo\/image\/"}}]}},"_links":{"self":[{"href":"https:\/\/longchangchemical.com\/it\/wp-json\/wp\/v2\/product\/3054","targetHints":{"allow":["GET"]}}],"collection":[{"href":"https:\/\/longchangchemical.com\/it\/wp-json\/wp\/v2\/product"}],"about":[{"href":"https:\/\/longchangchemical.com\/it\/wp-json\/wp\/v2\/types\/product"}],"replies":[{"embeddable":true,"href":"https:\/\/longchangchemical.com\/it\/wp-json\/wp\/v2\/comments?post=3054"}],"wp:featuredmedia":[{"embeddable":true,"href":"https:\/\/longchangchemical.com\/it\/wp-json\/wp\/v2\/media\/3138"}],"wp:attachment":[{"href":"https:\/\/longchangchemical.com\/it\/wp-json\/wp\/v2\/media?parent=3054"}],"wp:term":[{"taxonomy":"product_brand","embeddable":true,"href":"https:\/\/longchangchemical.com\/it\/wp-json\/wp\/v2\/product_brand?post=3054"},{"taxonomy":"product_cat","embeddable":true,"href":"https:\/\/longchangchemical.com\/it\/wp-json\/wp\/v2\/product_cat?post=3054"},{"taxonomy":"product_tag","embeddable":true,"href":"https:\/\/longchangchemical.com\/it\/wp-json\/wp\/v2\/product_tag?post=3054"}],"curies":[{"name":"wp","href":"https:\/\/api.w.org\/{rel}","templated":true}]}}