{"id":8236,"date":"2025-07-11T02:42:10","date_gmt":"2025-07-11T02:42:10","guid":{"rendered":"https:\/\/longchangchemical.com\/?post_type=product&#038;p=8236"},"modified":"2025-12-15T09:30:12","modified_gmt":"2025-12-15T09:30:12","slug":"chluminit-m-cdea-cas-106246-33-7","status":"publish","type":"product","link":"https:\/\/longchangchemical.com\/hu\/product\/chluminit-m-cdea-cas-106246-33-7\/","title":{"rendered":"CHLUMINIT\u00ae M-CDEA CAS 106246-33-7"},"content":{"rendered":"<h1><strong>CHLUMINIT\u00ae M-CDEA CAS 106246-33-7<\/strong><\/h1>\n<table width=\"551\">\n<tbody>\n<tr>\n<td width=\"213\">Tesztelem<\/td>\n<td width=\"196\">Specifik\u00e1ci\u00f3<\/td>\n<td width=\"142\">Teszt eredm\u00e9nye<\/td>\n<\/tr>\n<tr>\n<td width=\"213\">1.Megjelen\u00e9s<\/td>\n<td width=\"196\">Off-white r\u00e9szecsk\u00e9k<\/td>\n<td width=\"142\">Pass<\/td>\n<\/tr>\n<tr>\n<td width=\"213\">2.Assay<\/td>\n<td width=\"196\">\u226598%<\/td>\n<td width=\"142\">98.50%<\/td>\n<\/tr>\n<tr>\n<td width=\"213\">3.Olvad\u00e1spont<\/td>\n<td width=\"196\">87-90\u2103<\/td>\n<td width=\"142\">87.4-88.6\u2103<\/td>\n<\/tr>\n<tr>\n<td width=\"213\">4.Water(KF)<\/td>\n<td width=\"196\">\u22640,1%<\/td>\n<td width=\"142\">0.028%<\/td>\n<\/tr>\n<tr>\n<td width=\"213\">5.Chroma(Gardner)<\/td>\n<td width=\"196\">\u22644.0<\/td>\n<td width=\"142\">4<\/td>\n<\/tr>\n<\/tbody>\n<\/table>\n<h2><strong><b>L\u00e9pjen kapcsolatba vel\u00fcnk most!<\/b><\/strong><\/h2>\n<h4><strong><b>Ha \u00e1r- \u00e9s mintatesztre van sz\u00fcks\u00e9ge, k\u00e9rj\u00fck, t\u00f6ltse ki el\u00e9rhet\u0151s\u00e9g\u00e9t az al\u00e1bbi \u0171rlapon, \u00e1ltal\u00e1ban 24 \u00f3r\u00e1n bel\u00fcl felvessz\u00fck \u00d6nnel a kapcsolatot. \u00d6n is k\u00fcldhet nekem e-mailt <span style=\"color: #00ccff;\"><a style=\"color: #00ccff;\" href=\"mailto:info@longchangchemical.com\">info@longchangchemical.com<\/a><\/span> munkaid\u0151ben ( 8:30-18:00 UTC+8 H.-Szombat ) vagy haszn\u00e1lja a weboldal \u00e9l\u0151 chatj\u00e9t, hogy azonnali v\u00e1laszt kapjon.<\/b><\/strong><\/h4>","protected":false},"excerpt":{"rendered":"<p>CHLUMINIT\u00ae M-CDEA CAS 106246-33-7 Vizsg\u00e1lati t\u00e9tel Specifik\u00e1ci\u00f3 Vizsg\u00e1lati eredm\u00e9ny 1.Megjelen\u00e9s Off-white r\u00e9szecsk\u00e9k Pass 2.Assay \u226598% 98.50% 3.Olvad\u00e1spont 87-90 \u2103 87.4-88.6 \u2103 4.Water (KF) \u22640.1% 0.028% 5.Chroma (Gardner) \u22644.0 4 L\u00e9pjen kapcsolatba vel\u00fcnk most! Ha \u00e1r- \u00e9s mintatesztre van sz\u00fcks\u00e9ge, k\u00e9rj\u00fck, t\u00f6ltse ki el\u00e9rhet\u0151s\u00e9g\u00e9t az al\u00e1bbi \u0171rlapon, \u00e1ltal\u00e1ban 24 \u00f3r\u00e1n bel\u00fcl felvessz\u00fck \u00d6nnel a kapcsolatot. \u00d6n [...]<\/p>","protected":false},"featured_media":8237,"comment_status":"closed","ping_status":"closed","template":"","meta":[],"product_brand":[],"product_cat":[174],"product_tag":[],"class_list":{"0":"post-8236","1":"product","2":"type-product","3":"status-publish","4":"has-post-thumbnail","6":"product_cat-photoinitiator","8":"first","9":"instock","10":"shipping-taxable","11":"product-type-simple"},"yoast_head":"<!-- This site is optimized with the Yoast SEO plugin v25.3.1 - https:\/\/yoast.com\/wordpress\/plugins\/seo\/ -->\n<title>China CHLUMINIT\u00ae M-CDEA CAS 106246-33-7 Manufacturer - Longchang Chemical<\/title>\n<meta name=\"description\" content=\"CHLUMINIT\u00ae M-CDEA CAS 106246-33-7 is a key product of Longchang Chemical. We provide the best price. We are the leading manufacturer in China with the best quality and competitive price.\" \/>\n<meta name=\"robots\" content=\"index, follow, max-snippet:-1, max-image-preview:large, max-video-preview:-1\" \/>\n<link rel=\"canonical\" href=\"https:\/\/longchangchemical.com\/hu\/product\/chluminit-m-cdea-cas-106246-33-7\/\" \/>\n<meta property=\"og:locale\" content=\"hu_HU\" \/>\n<meta property=\"og:type\" content=\"article\" \/>\n<meta property=\"og:title\" content=\"China CHLUMINIT\u00ae M-CDEA CAS 106246-33-7 Manufacturer - Longchang Chemical\" \/>\n<meta property=\"og:description\" content=\"CHLUMINIT\u00ae M-CDEA CAS 106246-33-7 is a key product of Longchang Chemical. We provide the best price. We are the leading manufacturer in China with the best quality and competitive price.\" \/>\n<meta property=\"og:url\" content=\"https:\/\/longchangchemical.com\/hu\/product\/chluminit-m-cdea-cas-106246-33-7\/\" \/>\n<meta property=\"og:site_name\" content=\"Longchang Chemical\" \/>\n<meta property=\"article:modified_time\" content=\"2025-12-15T09:30:12+00:00\" \/>\n<meta property=\"og:image\" content=\"https:\/\/longchangchemical.com\/wp-content\/uploads\/2025\/07\/CHLUMINIT\u00ae-M-CDEA-CAS-106246-33-7.png\" \/>\n\t<meta property=\"og:image:width\" content=\"600\" \/>\n\t<meta property=\"og:image:height\" content=\"600\" \/>\n\t<meta property=\"og:image:type\" content=\"image\/png\" \/>\n<meta name=\"twitter:card\" content=\"summary_large_image\" \/>\n<script type=\"application\/ld+json\" class=\"yoast-schema-graph\">{\"@context\":\"https:\/\/schema.org\",\"@graph\":[{\"@type\":\"WebPage\",\"@id\":\"https:\/\/longchangchemical.com\/product\/chluminit-m-cdea-cas-106246-33-7\/\",\"url\":\"https:\/\/longchangchemical.com\/product\/chluminit-m-cdea-cas-106246-33-7\/\",\"name\":\"China CHLUMINIT\u00ae M-CDEA CAS 106246-33-7 Manufacturer - Longchang Chemical\",\"isPartOf\":{\"@id\":\"https:\/\/longchangchemical.com\/#website\"},\"primaryImageOfPage\":{\"@id\":\"https:\/\/longchangchemical.com\/product\/chluminit-m-cdea-cas-106246-33-7\/#primaryimage\"},\"image\":{\"@id\":\"https:\/\/longchangchemical.com\/product\/chluminit-m-cdea-cas-106246-33-7\/#primaryimage\"},\"thumbnailUrl\":\"https:\/\/longchangchemical.com\/wp-content\/uploads\/2025\/07\/CHLUMINIT\u00ae-M-CDEA-CAS-106246-33-7.png\",\"datePublished\":\"2025-07-11T02:42:10+00:00\",\"dateModified\":\"2025-12-15T09:30:12+00:00\",\"description\":\"CHLUMINIT\u00ae M-CDEA CAS 106246-33-7 is a key product of Longchang Chemical. We provide the best price. We are the leading manufacturer in China with the best quality and competitive price.\",\"breadcrumb\":{\"@id\":\"https:\/\/longchangchemical.com\/product\/chluminit-m-cdea-cas-106246-33-7\/#breadcrumb\"},\"inLanguage\":\"hu\",\"potentialAction\":[{\"@type\":\"ReadAction\",\"target\":[\"https:\/\/longchangchemical.com\/product\/chluminit-m-cdea-cas-106246-33-7\/\"]}]},{\"@type\":\"ImageObject\",\"inLanguage\":\"hu\",\"@id\":\"https:\/\/longchangchemical.com\/product\/chluminit-m-cdea-cas-106246-33-7\/#primaryimage\",\"url\":\"https:\/\/longchangchemical.com\/wp-content\/uploads\/2025\/07\/CHLUMINIT\u00ae-M-CDEA-CAS-106246-33-7.png\",\"contentUrl\":\"https:\/\/longchangchemical.com\/wp-content\/uploads\/2025\/07\/CHLUMINIT\u00ae-M-CDEA-CAS-106246-33-7.png\",\"width\":600,\"height\":600,\"caption\":\"CHLUMINIT\u00ae M-CDEA CAS 106246-33-7\"},{\"@type\":\"BreadcrumbList\",\"@id\":\"https:\/\/longchangchemical.com\/product\/chluminit-m-cdea-cas-106246-33-7\/#breadcrumb\",\"itemListElement\":[{\"@type\":\"ListItem\",\"position\":1,\"name\":\"Home\",\"item\":\"https:\/\/longchangchemical.com\/\"},{\"@type\":\"ListItem\",\"position\":2,\"name\":\"Products Longchang\",\"item\":\"https:\/\/longchangchemical.com\/product\/\"},{\"@type\":\"ListItem\",\"position\":3,\"name\":\"CHLUMINIT\u00ae M-CDEA CAS 106246-33-7\"}]},{\"@type\":\"WebSite\",\"@id\":\"https:\/\/longchangchemical.com\/#website\",\"url\":\"https:\/\/longchangchemical.com\/\",\"name\":\"Longchang Chemical\",\"description\":\"China chemical manufacturer \uff06 supplier\",\"publisher\":{\"@id\":\"https:\/\/longchangchemical.com\/#organization\"},\"potentialAction\":[{\"@type\":\"SearchAction\",\"target\":{\"@type\":\"EntryPoint\",\"urlTemplate\":\"https:\/\/longchangchemical.com\/?s={search_term_string}\"},\"query-input\":{\"@type\":\"PropertyValueSpecification\",\"valueRequired\":true,\"valueName\":\"search_term_string\"}}],\"inLanguage\":\"hu\"},{\"@type\":\"Organization\",\"@id\":\"https:\/\/longchangchemical.com\/#organization\",\"name\":\"Longchang Chemical\",\"url\":\"https:\/\/longchangchemical.com\/\",\"logo\":{\"@type\":\"ImageObject\",\"inLanguage\":\"hu\",\"@id\":\"https:\/\/longchangchemical.com\/#\/schema\/logo\/image\/\",\"url\":\"https:\/\/longchangchemical.com\/wp-content\/uploads\/2020\/08\/cropped-longchang-logo.png\",\"contentUrl\":\"https:\/\/longchangchemical.com\/wp-content\/uploads\/2020\/08\/cropped-longchang-logo.png\",\"width\":512,\"height\":512,\"caption\":\"Longchang Chemical\"},\"image\":{\"@id\":\"https:\/\/longchangchemical.com\/#\/schema\/logo\/image\/\"}}]}<\/script>\n<!-- \/ Yoast SEO plugin. -->","yoast_head_json":{"title":"K\u00edna CHLUMINIT\u00ae M-CDEA CAS 106246-33-7 gy\u00e1rt\u00f3 - Longchang Chemical","description":"A CHLUMINIT\u00ae M-CDEA CAS 106246-33-7 a Longchang Chemical egyik legfontosabb term\u00e9ke. A legjobb \u00e1rat biztos\u00edtjuk. Mi vagyunk a vezet\u0151 gy\u00e1rt\u00f3 K\u00edn\u00e1ban a legjobb min\u0151s\u00e9ggel \u00e9s versenyk\u00e9pes \u00e1rral.","robots":{"index":"index","follow":"follow","max-snippet":"max-snippet:-1","max-image-preview":"max-image-preview:large","max-video-preview":"max-video-preview:-1"},"canonical":"https:\/\/longchangchemical.com\/hu\/product\/chluminit-m-cdea-cas-106246-33-7\/","og_locale":"hu_HU","og_type":"article","og_title":"China CHLUMINIT\u00ae M-CDEA CAS 106246-33-7 Manufacturer - Longchang Chemical","og_description":"CHLUMINIT\u00ae M-CDEA CAS 106246-33-7 is a key product of Longchang Chemical. We provide the best price. We are the leading manufacturer in China with the best quality and competitive price.","og_url":"https:\/\/longchangchemical.com\/hu\/product\/chluminit-m-cdea-cas-106246-33-7\/","og_site_name":"Longchang Chemical","article_modified_time":"2025-12-15T09:30:12+00:00","og_image":[{"width":600,"height":600,"url":"https:\/\/longchangchemical.com\/wp-content\/uploads\/2025\/07\/CHLUMINIT\u00ae-M-CDEA-CAS-106246-33-7.png","type":"image\/png"}],"twitter_card":"summary_large_image","schema":{"@context":"https:\/\/schema.org","@graph":[{"@type":"WebPage","@id":"https:\/\/longchangchemical.com\/product\/chluminit-m-cdea-cas-106246-33-7\/","url":"https:\/\/longchangchemical.com\/product\/chluminit-m-cdea-cas-106246-33-7\/","name":"K\u00edna CHLUMINIT\u00ae M-CDEA CAS 106246-33-7 gy\u00e1rt\u00f3 - Longchang Chemical","isPartOf":{"@id":"https:\/\/longchangchemical.com\/#website"},"primaryImageOfPage":{"@id":"https:\/\/longchangchemical.com\/product\/chluminit-m-cdea-cas-106246-33-7\/#primaryimage"},"image":{"@id":"https:\/\/longchangchemical.com\/product\/chluminit-m-cdea-cas-106246-33-7\/#primaryimage"},"thumbnailUrl":"https:\/\/longchangchemical.com\/wp-content\/uploads\/2025\/07\/CHLUMINIT\u00ae-M-CDEA-CAS-106246-33-7.png","datePublished":"2025-07-11T02:42:10+00:00","dateModified":"2025-12-15T09:30:12+00:00","description":"A CHLUMINIT\u00ae M-CDEA CAS 106246-33-7 a Longchang Chemical egyik legfontosabb term\u00e9ke. A legjobb \u00e1rat biztos\u00edtjuk. Mi vagyunk a vezet\u0151 gy\u00e1rt\u00f3 K\u00edn\u00e1ban a legjobb min\u0151s\u00e9ggel \u00e9s versenyk\u00e9pes \u00e1rral.","breadcrumb":{"@id":"https:\/\/longchangchemical.com\/product\/chluminit-m-cdea-cas-106246-33-7\/#breadcrumb"},"inLanguage":"hu","potentialAction":[{"@type":"ReadAction","target":["https:\/\/longchangchemical.com\/product\/chluminit-m-cdea-cas-106246-33-7\/"]}]},{"@type":"ImageObject","inLanguage":"hu","@id":"https:\/\/longchangchemical.com\/product\/chluminit-m-cdea-cas-106246-33-7\/#primaryimage","url":"https:\/\/longchangchemical.com\/wp-content\/uploads\/2025\/07\/CHLUMINIT\u00ae-M-CDEA-CAS-106246-33-7.png","contentUrl":"https:\/\/longchangchemical.com\/wp-content\/uploads\/2025\/07\/CHLUMINIT\u00ae-M-CDEA-CAS-106246-33-7.png","width":600,"height":600,"caption":"CHLUMINIT\u00ae M-CDEA CAS 106246-33-7"},{"@type":"BreadcrumbList","@id":"https:\/\/longchangchemical.com\/product\/chluminit-m-cdea-cas-106246-33-7\/#breadcrumb","itemListElement":[{"@type":"ListItem","position":1,"name":"Home","item":"https:\/\/longchangchemical.com\/"},{"@type":"ListItem","position":2,"name":"Products Longchang","item":"https:\/\/longchangchemical.com\/product\/"},{"@type":"ListItem","position":3,"name":"CHLUMINIT\u00ae M-CDEA CAS 106246-33-7"}]},{"@type":"WebSite","@id":"https:\/\/longchangchemical.com\/#website","url":"https:\/\/longchangchemical.com\/","name":"Longchang Chemical","description":"K\u00edna k\u00e9miai gy\u00e1rt\u00f3 \uff06 sz\u00e1ll\u00edt\u00f3","publisher":{"@id":"https:\/\/longchangchemical.com\/#organization"},"potentialAction":[{"@type":"SearchAction","target":{"@type":"EntryPoint","urlTemplate":"https:\/\/longchangchemical.com\/?s={search_term_string}"},"query-input":{"@type":"PropertyValueSpecification","valueRequired":true,"valueName":"search_term_string"}}],"inLanguage":"hu"},{"@type":"Organization","@id":"https:\/\/longchangchemical.com\/#organization","name":"Longchang Chemical","url":"https:\/\/longchangchemical.com\/","logo":{"@type":"ImageObject","inLanguage":"hu","@id":"https:\/\/longchangchemical.com\/#\/schema\/logo\/image\/","url":"https:\/\/longchangchemical.com\/wp-content\/uploads\/2020\/08\/cropped-longchang-logo.png","contentUrl":"https:\/\/longchangchemical.com\/wp-content\/uploads\/2020\/08\/cropped-longchang-logo.png","width":512,"height":512,"caption":"Longchang Chemical"},"image":{"@id":"https:\/\/longchangchemical.com\/#\/schema\/logo\/image\/"}}]}},"_links":{"self":[{"href":"https:\/\/longchangchemical.com\/hu\/wp-json\/wp\/v2\/product\/8236","targetHints":{"allow":["GET"]}}],"collection":[{"href":"https:\/\/longchangchemical.com\/hu\/wp-json\/wp\/v2\/product"}],"about":[{"href":"https:\/\/longchangchemical.com\/hu\/wp-json\/wp\/v2\/types\/product"}],"replies":[{"embeddable":true,"href":"https:\/\/longchangchemical.com\/hu\/wp-json\/wp\/v2\/comments?post=8236"}],"wp:featuredmedia":[{"embeddable":true,"href":"https:\/\/longchangchemical.com\/hu\/wp-json\/wp\/v2\/media\/8237"}],"wp:attachment":[{"href":"https:\/\/longchangchemical.com\/hu\/wp-json\/wp\/v2\/media?parent=8236"}],"wp:term":[{"taxonomy":"product_brand","embeddable":true,"href":"https:\/\/longchangchemical.com\/hu\/wp-json\/wp\/v2\/product_brand?post=8236"},{"taxonomy":"product_cat","embeddable":true,"href":"https:\/\/longchangchemical.com\/hu\/wp-json\/wp\/v2\/product_cat?post=8236"},{"taxonomy":"product_tag","embeddable":true,"href":"https:\/\/longchangchemical.com\/hu\/wp-json\/wp\/v2\/product_tag?post=8236"}],"curies":[{"name":"wp","href":"https:\/\/api.w.org\/{rel}","templated":true}]}}