{"id":8221,"date":"2025-06-30T08:54:59","date_gmt":"2025-06-30T08:54:59","guid":{"rendered":"https:\/\/longchangchemical.com\/?post_type=product&#038;p=8221"},"modified":"2025-08-22T11:20:13","modified_gmt":"2025-08-22T11:20:13","slug":"chromeclair-hema-free-gel-polish","status":"publish","type":"product","link":"https:\/\/longchangchemical.com\/hu\/product\/chromeclair-hema-free-gel-polish\/","title":{"rendered":"CHROM\u00c9CLAIR\u00ae HEMA-mentes \uff06 TPO-mentes \uff06 Di-HEMA-mentes \uff06 TMHDC-mentes g\u00e9l lakkok"},"content":{"rendered":"<h1><strong>CHROM\u00c9CLAIR\u00ae HEMA-mentes \uff06 TPO-mentes \uff06 Di-HEMA-mentes \uff06 TMHDC-mentes g\u00e9l lakkok<\/strong><\/h1>\n<p>Friss\u00edtett \u00f6sszetev\u0151k: HEMA-mentes \uff06 TPO-mentes \uff06 Di-HEMA-mentes \uff06 TMHDC-mentes, amely megfelel az EU szabv\u00e1nynak.<\/p>\n<p>J\u00e1t\u00e9kv\u00e1lt\u00f3 palacktervez\u00e9s: A palack alj\u00e1n \u00e9s oldal\u00e1n megjelen\u0151 sz\u00ednek \u00f6sszhangban vannak a palackban l\u00e9v\u0151 k\u00f6r\u00f6mlakk sz\u00edn\u00e9vel.<\/p>\n<p>Friss\u00edtett kapacit\u00e1s: 17ML nagy kapacit\u00e1s, alkalmas k\u00fcl\u00f6nb\u00f6z\u0151 alkalmakkor \u00e9s eg\u00e9sz \u00e9vben t\u00f6rt\u00e9n\u0151 haszn\u00e1latra.<\/p>\n<p>Hossz\u00fa \u00e9lettartam\u00fa: CHROM\u00c9CLAIR g\u00e9l lakk t\u00f6bb mint 20 napig tart.<\/p>\n<p>Gyors sz\u00e1rad\u00e1s: 30-60 m\u00e1sodperc alatt UV vagy LED k\u00f6r\u00f6ml\u00e1mpa alatt gy\u00f3gyul.<\/p>\n<p>&nbsp;<\/p>\n<p>&nbsp;<\/p>\n<p>P\u00e1ly\u00e1zati \u00fatmutat\u00f3:<\/p>\n<p>1. l\u00e9p\u00e9s. Tiszt\u00edtsa meg a k\u00f6rm\u00f6ket, majd v\u00e1gja le a k\u00f6r\u00f6mfel\u00fcletet, mint a norm\u00e1l manik\u0171r folyamat.<\/p>\n<p>2. l\u00e9p\u00e9s. Teljesen r\u00e1zza fel a g\u00e9l lakkot, ez kiegyens\u00falyozott\u00e1 teheti a g\u00e9l lakk sz\u00edn\u00e9t. (Fontos)<\/p>\n<p>3. l\u00e9p\u00e9s. El\u0151sz\u00f6r alkalmazza az alaplakkot, amely hosszabb \u00e9lettartam\u00fav\u00e1 teheti a lakkot, \u00e9s UV-l\u00e1mp\u00e1val vagy LED-l\u00e1mp\u00e1val kb. 60 m\u00e1sodpercig kem\u00e9ny\u00edtse. (Sz\u00fcks\u00e9ges)<\/p>\n<p>4. l\u00e9p\u00e9s. Vigye fel k\u00f6zvetlen\u00fcl az els\u0151 v\u00e9kony r\u00e9teg sz\u00ednes g\u00e9lt, \u00e9s 60 m\u00e1sodpercig gy\u00f3gy\u00edtsa LED-l\u00e1mp\u00e1val vagy UV-l\u00e1mp\u00e1val.<\/p>\n<p>5. l\u00e9p\u00e9s. Vigyen fel egy m\u00e1sodik v\u00e9kony r\u00e9teg sz\u00ednes zsel\u00e9t, majd UV-l\u00e1mp\u00e1val vagy LED-l\u00e1mp\u00e1val azonnal, kb. 60 m\u00e1sodpercen kereszt\u00fcl gy\u00f3gy\u00edtsa.<\/p>\n<p>6. l\u00e9p\u00e9s. Vigyen fel UV-l\u00e1mp\u00e1val vagy LED-l\u00e1mp\u00e1val kikem\u00e9ny\u00edtett fed\u0151lakkot.<\/p>\n<h1><strong><b>L\u00e9pjen kapcsolatba vel\u00fcnk most!<\/b><\/strong><\/h1>\n<h4><strong><b>Ha sz\u00fcks\u00e9ge van Price-ra, k\u00e9rj\u00fck, t\u00f6ltse ki el\u00e9rhet\u0151s\u00e9g\u00e9t az al\u00e1bbi \u0171rlapon, \u00e1ltal\u00e1ban 24 \u00f3r\u00e1n bel\u00fcl felvessz\u00fck \u00d6nnel a kapcsolatot. \u00d6n is k\u00fcldhet nekem e-mailt <a href=\"mailto:sales@chromeclair.com\"><span style=\"color: #00ccff;\">sales@chromeclair.com<\/span><\/a>\u00a0munkaid\u0151ben ( 8:30-18:00 UTC+8 H.-Szombat ) vagy haszn\u00e1lja a weboldal \u00e9l\u0151 chatj\u00e9t, hogy azonnali v\u00e1laszt kapjon.<\/b><\/strong><\/h4>","protected":false},"excerpt":{"rendered":"<p>HEMA-mentes \uff06 TPO-mentes \uff06 Di-HEMA-mentes \uff06 TMHDC-mentes g\u00e9llakk \u00e1ra. MEHQ\uff1c10PPM \uff01<\/p>\n<p><a href=\"https:\/\/longchangchemical.com\/hu\/product-category\/photoinitiator\/\"><span style=\"color: #00ccff;\">CHLUMINIT\u00ae UV fotoinici\u00e1tor<\/span><\/a> + <a href=\"https:\/\/longchangchemical.com\/hu\/product-category\/functional-monomers\/\"><span style=\"color: #00ccff;\">CHLUMICRYL\u00ae UV monomerek<\/span><\/a> + <a href=\"https:\/\/longchangchemical.com\/hu\/product-category\/uv-oligomer\/\"><span style=\"color: #00ccff;\">CHLUMICRYL\u00ae UV oligomer<\/span><\/a> + Sz\u00edn = UV g\u00e9l lakk<\/p>\n<p>Csomagol\u00e1s: 17ml \/ \u00fcveg; 1KG \/ \u00fcveg<\/p>\n<p>\u00c1raj\u00e1nlatk\u00e9r\u00e9s: <strong><b><a href=\"mailto:sales@chromeclair.com\"><span style=\"color: #00ccff;\">sales@chromeclair.com<\/span><\/a><\/b><\/strong><\/p>\n<p>MOQ: 1 KG palack \/ 7 \u00fcveg 17ml<\/p>","protected":false},"featured_media":8246,"comment_status":"closed","ping_status":"closed","template":"","meta":[],"product_brand":[],"product_cat":[187],"product_tag":[],"class_list":{"0":"post-8221","1":"product","2":"type-product","3":"status-publish","4":"has-post-thumbnail","6":"product_cat-chromeclair-gel-polish","8":"first","9":"instock","10":"shipping-taxable","11":"product-type-simple"},"yoast_head":"<!-- This site is optimized with the Yoast SEO plugin v25.3.1 - https:\/\/yoast.com\/wordpress\/plugins\/seo\/ -->\n<title>Wholesale CHROM\u00c9CLAIR\u00ae HEMA free \uff06 TPO free \uff06 Di-HEMA-Free \uff06 TMHDC-Free Gel Polish price Manufacturer - Longchang Chemical<\/title>\n<meta name=\"description\" content=\"CHROM\u00c9CLAIR\u00ae HEMA free \uff06 TPO free \uff06 Di-HEMA-Free \uff06 TMHDC-Free Gel Polish is a key product of Longchang Chemical. We provide the best price. We are the leading manufacturer in China with the best quality and competitive price.\" \/>\n<meta name=\"robots\" content=\"index, follow, max-snippet:-1, max-image-preview:large, max-video-preview:-1\" \/>\n<link rel=\"canonical\" href=\"https:\/\/longchangchemical.com\/hu\/product\/chromeclair-hema-free-gel-polish\/\" \/>\n<meta property=\"og:locale\" content=\"hu_HU\" \/>\n<meta property=\"og:type\" content=\"article\" \/>\n<meta property=\"og:title\" content=\"Wholesale CHROM\u00c9CLAIR\u00ae HEMA free \uff06 TPO free \uff06 Di-HEMA-Free \uff06 TMHDC-Free Gel Polish price Manufacturer - Longchang Chemical\" \/>\n<meta property=\"og:description\" content=\"CHROM\u00c9CLAIR\u00ae HEMA free \uff06 TPO free \uff06 Di-HEMA-Free \uff06 TMHDC-Free Gel Polish is a key product of Longchang Chemical. We provide the best price. We are the leading manufacturer in China with the best quality and competitive price.\" \/>\n<meta property=\"og:url\" content=\"https:\/\/longchangchemical.com\/hu\/product\/chromeclair-hema-free-gel-polish\/\" \/>\n<meta property=\"og:site_name\" content=\"Longchang Chemical\" \/>\n<meta property=\"article:modified_time\" content=\"2025-08-22T11:20:13+00:00\" \/>\n<meta property=\"og:image\" content=\"https:\/\/longchangchemical.com\/wp-content\/uploads\/2025\/06\/CHROMECLAIR-SR-CL-CE-Color.jpg\" \/>\n\t<meta property=\"og:image:width\" content=\"1670\" \/>\n\t<meta property=\"og:image:height\" content=\"1546\" \/>\n\t<meta property=\"og:image:type\" content=\"image\/jpeg\" \/>\n<meta name=\"twitter:card\" content=\"summary_large_image\" \/>\n<script type=\"application\/ld+json\" class=\"yoast-schema-graph\">{\"@context\":\"https:\/\/schema.org\",\"@graph\":[{\"@type\":\"WebPage\",\"@id\":\"https:\/\/longchangchemical.com\/product\/chromeclair-hema-free-gel-polish\/\",\"url\":\"https:\/\/longchangchemical.com\/product\/chromeclair-hema-free-gel-polish\/\",\"name\":\"Wholesale CHROM\u00c9CLAIR\u00ae HEMA free \uff06 TPO free \uff06 Di-HEMA-Free \uff06 TMHDC-Free Gel Polish price Manufacturer - Longchang Chemical\",\"isPartOf\":{\"@id\":\"https:\/\/longchangchemical.com\/#website\"},\"primaryImageOfPage\":{\"@id\":\"https:\/\/longchangchemical.com\/product\/chromeclair-hema-free-gel-polish\/#primaryimage\"},\"image\":{\"@id\":\"https:\/\/longchangchemical.com\/product\/chromeclair-hema-free-gel-polish\/#primaryimage\"},\"thumbnailUrl\":\"https:\/\/longchangchemical.com\/wp-content\/uploads\/2025\/06\/CHROMECLAIR-SR-CL-CE-Color.jpg\",\"datePublished\":\"2025-06-30T08:54:59+00:00\",\"dateModified\":\"2025-08-22T11:20:13+00:00\",\"description\":\"CHROM\u00c9CLAIR\u00ae HEMA free \uff06 TPO free \uff06 Di-HEMA-Free \uff06 TMHDC-Free Gel Polish is a key product of Longchang Chemical. We provide the best price. We are the leading manufacturer in China with the best quality and competitive price.\",\"breadcrumb\":{\"@id\":\"https:\/\/longchangchemical.com\/product\/chromeclair-hema-free-gel-polish\/#breadcrumb\"},\"inLanguage\":\"hu\",\"potentialAction\":[{\"@type\":\"ReadAction\",\"target\":[\"https:\/\/longchangchemical.com\/product\/chromeclair-hema-free-gel-polish\/\"]}]},{\"@type\":\"ImageObject\",\"inLanguage\":\"hu\",\"@id\":\"https:\/\/longchangchemical.com\/product\/chromeclair-hema-free-gel-polish\/#primaryimage\",\"url\":\"https:\/\/longchangchemical.com\/wp-content\/uploads\/2025\/06\/CHROMECLAIR-SR-CL-CE-Color.jpg\",\"contentUrl\":\"https:\/\/longchangchemical.com\/wp-content\/uploads\/2025\/06\/CHROMECLAIR-SR-CL-CE-Color.jpg\",\"width\":1670,\"height\":1546},{\"@type\":\"BreadcrumbList\",\"@id\":\"https:\/\/longchangchemical.com\/product\/chromeclair-hema-free-gel-polish\/#breadcrumb\",\"itemListElement\":[{\"@type\":\"ListItem\",\"position\":1,\"name\":\"Home\",\"item\":\"https:\/\/longchangchemical.com\/\"},{\"@type\":\"ListItem\",\"position\":2,\"name\":\"Products Longchang\",\"item\":\"https:\/\/longchangchemical.com\/product\/\"},{\"@type\":\"ListItem\",\"position\":3,\"name\":\"CHROM\u00c9CLAIR\u00ae HEMA free \uff06 TPO free \uff06 Di-HEMA-Free \uff06 TMHDC-Free Gel Polish\"}]},{\"@type\":\"WebSite\",\"@id\":\"https:\/\/longchangchemical.com\/#website\",\"url\":\"https:\/\/longchangchemical.com\/\",\"name\":\"Longchang Chemical\",\"description\":\"China chemical manufacturer \uff06 supplier\",\"publisher\":{\"@id\":\"https:\/\/longchangchemical.com\/#organization\"},\"potentialAction\":[{\"@type\":\"SearchAction\",\"target\":{\"@type\":\"EntryPoint\",\"urlTemplate\":\"https:\/\/longchangchemical.com\/?s={search_term_string}\"},\"query-input\":{\"@type\":\"PropertyValueSpecification\",\"valueRequired\":true,\"valueName\":\"search_term_string\"}}],\"inLanguage\":\"hu\"},{\"@type\":\"Organization\",\"@id\":\"https:\/\/longchangchemical.com\/#organization\",\"name\":\"Longchang Chemical\",\"url\":\"https:\/\/longchangchemical.com\/\",\"logo\":{\"@type\":\"ImageObject\",\"inLanguage\":\"hu\",\"@id\":\"https:\/\/longchangchemical.com\/#\/schema\/logo\/image\/\",\"url\":\"https:\/\/longchangchemical.com\/wp-content\/uploads\/2020\/08\/cropped-longchang-logo.png\",\"contentUrl\":\"https:\/\/longchangchemical.com\/wp-content\/uploads\/2020\/08\/cropped-longchang-logo.png\",\"width\":512,\"height\":512,\"caption\":\"Longchang Chemical\"},\"image\":{\"@id\":\"https:\/\/longchangchemical.com\/#\/schema\/logo\/image\/\"}}]}<\/script>\n<!-- \/ Yoast SEO plugin. -->","yoast_head_json":{"title":"Nagykereskedelmi CHROM\u00c9CLAIR\u00ae HEMA-mentes \uff06 TPO-mentes \uff06 Di-HEMA-mentes \uff06 TMHDC-mentes g\u00e9l lengyel \u00e1r Gy\u00e1rt\u00f3 - Longchang Chemical","description":"A CHROM\u00c9CLAIR\u00ae HEMA-mentes \uff06 TPO-mentes \uff06 Di-HEMA-mentes \uff06 TMHDC-mentes g\u00e9llakk a Longchang Chemical egyik legfontosabb term\u00e9ke. Mi biztos\u00edtjuk a legjobb \u00e1rat. Mi vagyunk a vezet\u0151 gy\u00e1rt\u00f3 K\u00edn\u00e1ban a legjobb min\u0151s\u00e9ggel \u00e9s versenyk\u00e9pes \u00e1rral.","robots":{"index":"index","follow":"follow","max-snippet":"max-snippet:-1","max-image-preview":"max-image-preview:large","max-video-preview":"max-video-preview:-1"},"canonical":"https:\/\/longchangchemical.com\/hu\/product\/chromeclair-hema-free-gel-polish\/","og_locale":"hu_HU","og_type":"article","og_title":"Wholesale CHROM\u00c9CLAIR\u00ae HEMA free \uff06 TPO free \uff06 Di-HEMA-Free \uff06 TMHDC-Free Gel Polish price Manufacturer - Longchang Chemical","og_description":"CHROM\u00c9CLAIR\u00ae HEMA free \uff06 TPO free \uff06 Di-HEMA-Free \uff06 TMHDC-Free Gel Polish is a key product of Longchang Chemical. We provide the best price. We are the leading manufacturer in China with the best quality and competitive price.","og_url":"https:\/\/longchangchemical.com\/hu\/product\/chromeclair-hema-free-gel-polish\/","og_site_name":"Longchang Chemical","article_modified_time":"2025-08-22T11:20:13+00:00","og_image":[{"width":1670,"height":1546,"url":"https:\/\/longchangchemical.com\/wp-content\/uploads\/2025\/06\/CHROMECLAIR-SR-CL-CE-Color.jpg","type":"image\/jpeg"}],"twitter_card":"summary_large_image","schema":{"@context":"https:\/\/schema.org","@graph":[{"@type":"WebPage","@id":"https:\/\/longchangchemical.com\/product\/chromeclair-hema-free-gel-polish\/","url":"https:\/\/longchangchemical.com\/product\/chromeclair-hema-free-gel-polish\/","name":"Nagykereskedelmi CHROM\u00c9CLAIR\u00ae HEMA-mentes \uff06 TPO-mentes \uff06 Di-HEMA-mentes \uff06 TMHDC-mentes g\u00e9l lengyel \u00e1r Gy\u00e1rt\u00f3 - Longchang Chemical","isPartOf":{"@id":"https:\/\/longchangchemical.com\/#website"},"primaryImageOfPage":{"@id":"https:\/\/longchangchemical.com\/product\/chromeclair-hema-free-gel-polish\/#primaryimage"},"image":{"@id":"https:\/\/longchangchemical.com\/product\/chromeclair-hema-free-gel-polish\/#primaryimage"},"thumbnailUrl":"https:\/\/longchangchemical.com\/wp-content\/uploads\/2025\/06\/CHROMECLAIR-SR-CL-CE-Color.jpg","datePublished":"2025-06-30T08:54:59+00:00","dateModified":"2025-08-22T11:20:13+00:00","description":"A CHROM\u00c9CLAIR\u00ae HEMA-mentes \uff06 TPO-mentes \uff06 Di-HEMA-mentes \uff06 TMHDC-mentes g\u00e9llakk a Longchang Chemical egyik legfontosabb term\u00e9ke. Mi biztos\u00edtjuk a legjobb \u00e1rat. Mi vagyunk a vezet\u0151 gy\u00e1rt\u00f3 K\u00edn\u00e1ban a legjobb min\u0151s\u00e9ggel \u00e9s versenyk\u00e9pes \u00e1rral.","breadcrumb":{"@id":"https:\/\/longchangchemical.com\/product\/chromeclair-hema-free-gel-polish\/#breadcrumb"},"inLanguage":"hu","potentialAction":[{"@type":"ReadAction","target":["https:\/\/longchangchemical.com\/product\/chromeclair-hema-free-gel-polish\/"]}]},{"@type":"ImageObject","inLanguage":"hu","@id":"https:\/\/longchangchemical.com\/product\/chromeclair-hema-free-gel-polish\/#primaryimage","url":"https:\/\/longchangchemical.com\/wp-content\/uploads\/2025\/06\/CHROMECLAIR-SR-CL-CE-Color.jpg","contentUrl":"https:\/\/longchangchemical.com\/wp-content\/uploads\/2025\/06\/CHROMECLAIR-SR-CL-CE-Color.jpg","width":1670,"height":1546},{"@type":"BreadcrumbList","@id":"https:\/\/longchangchemical.com\/product\/chromeclair-hema-free-gel-polish\/#breadcrumb","itemListElement":[{"@type":"ListItem","position":1,"name":"Home","item":"https:\/\/longchangchemical.com\/"},{"@type":"ListItem","position":2,"name":"Products Longchang","item":"https:\/\/longchangchemical.com\/product\/"},{"@type":"ListItem","position":3,"name":"CHROM\u00c9CLAIR\u00ae HEMA free \uff06 TPO free \uff06 Di-HEMA-Free \uff06 TMHDC-Free Gel Polish"}]},{"@type":"WebSite","@id":"https:\/\/longchangchemical.com\/#website","url":"https:\/\/longchangchemical.com\/","name":"Longchang Chemical","description":"K\u00edna k\u00e9miai gy\u00e1rt\u00f3 \uff06 sz\u00e1ll\u00edt\u00f3","publisher":{"@id":"https:\/\/longchangchemical.com\/#organization"},"potentialAction":[{"@type":"SearchAction","target":{"@type":"EntryPoint","urlTemplate":"https:\/\/longchangchemical.com\/?s={search_term_string}"},"query-input":{"@type":"PropertyValueSpecification","valueRequired":true,"valueName":"search_term_string"}}],"inLanguage":"hu"},{"@type":"Organization","@id":"https:\/\/longchangchemical.com\/#organization","name":"Longchang Chemical","url":"https:\/\/longchangchemical.com\/","logo":{"@type":"ImageObject","inLanguage":"hu","@id":"https:\/\/longchangchemical.com\/#\/schema\/logo\/image\/","url":"https:\/\/longchangchemical.com\/wp-content\/uploads\/2020\/08\/cropped-longchang-logo.png","contentUrl":"https:\/\/longchangchemical.com\/wp-content\/uploads\/2020\/08\/cropped-longchang-logo.png","width":512,"height":512,"caption":"Longchang Chemical"},"image":{"@id":"https:\/\/longchangchemical.com\/#\/schema\/logo\/image\/"}}]}},"_links":{"self":[{"href":"https:\/\/longchangchemical.com\/hu\/wp-json\/wp\/v2\/product\/8221","targetHints":{"allow":["GET"]}}],"collection":[{"href":"https:\/\/longchangchemical.com\/hu\/wp-json\/wp\/v2\/product"}],"about":[{"href":"https:\/\/longchangchemical.com\/hu\/wp-json\/wp\/v2\/types\/product"}],"replies":[{"embeddable":true,"href":"https:\/\/longchangchemical.com\/hu\/wp-json\/wp\/v2\/comments?post=8221"}],"wp:featuredmedia":[{"embeddable":true,"href":"https:\/\/longchangchemical.com\/hu\/wp-json\/wp\/v2\/media\/8246"}],"wp:attachment":[{"href":"https:\/\/longchangchemical.com\/hu\/wp-json\/wp\/v2\/media?parent=8221"}],"wp:term":[{"taxonomy":"product_brand","embeddable":true,"href":"https:\/\/longchangchemical.com\/hu\/wp-json\/wp\/v2\/product_brand?post=8221"},{"taxonomy":"product_cat","embeddable":true,"href":"https:\/\/longchangchemical.com\/hu\/wp-json\/wp\/v2\/product_cat?post=8221"},{"taxonomy":"product_tag","embeddable":true,"href":"https:\/\/longchangchemical.com\/hu\/wp-json\/wp\/v2\/product_tag?post=8221"}],"curies":[{"name":"wp","href":"https:\/\/api.w.org\/{rel}","templated":true}]}}