{"id":8145,"date":"2025-03-17T08:53:47","date_gmt":"2025-03-17T08:53:47","guid":{"rendered":"https:\/\/longchangchemical.com\/?post_type=product&#038;p=8145"},"modified":"2025-04-01T07:40:00","modified_gmt":"2025-04-01T07:40:00","slug":"depolymerization-agent-706","status":"publish","type":"product","link":"https:\/\/longchangchemical.com\/hu\/product\/depolymerization-agent-706\/","title":{"rendered":"CHLUMINIT\u00ae 706 \/ Polimeriz\u00e1ci\u00f3g\u00e1tl\u00f3 706 CAS 2516-92-9"},"content":{"rendered":"<p>Polimeriz\u00e1ci\u00f3s inhibitor 706<br \/>\nK\u00e9miai n\u00e9v:<br \/>\nBis(2,2,6,6,6-tetrametil-4-piperidinil)szebak\u00e1t<br \/>\nCAS-sz\u00e1m: 2516-92-9<br \/>\nMegjelen\u00e9s: t\u00e9glav\u00f6r\u00f6s por<br \/>\nOlvad\u00e1spont: 99-102\u00b0C<br \/>\nTerm\u00e9kjellemz\u0151k \u00e9s alkalmaz\u00e1sok<br \/>\nJellemz\u0151k: magas blokkol\u00e1si hat\u00e9konys\u00e1ggal \u00e9s j\u00f3 blokkol\u00f3 hat\u00e1ssal mind aerob, mind anaerob k\u00f6rnyezetben. Magas forr\u00e1sponttal \u00e9s molekulat\u00f6meggel rendelkezik, \u00e9s negat\u00edv nyom\u00e1son j\u00f3l ellen\u00e1ll a p\u00e1rolg\u00e1snak.<br \/>\nFelhaszn\u00e1l\u00e1s: A term\u00e9ket a poliolefin monomerek \u00f6npolimeriz\u00e1ci\u00f3j\u00e1nak megakad\u00e1lyoz\u00e1s\u00e1ra haszn\u00e1lj\u00e1k a gy\u00e1rt\u00e1s, elv\u00e1laszt\u00e1s, finom\u00edt\u00e1s, t\u00e1rol\u00e1s vagy sz\u00e1ll\u00edt\u00e1s sor\u00e1n, valamint az olefinek \u00e9s sz\u00e1rmaz\u00e9kaik polimeriz\u00e1ci\u00f3s fok\u00e1nak ellen\u0151rz\u00e9s\u00e9re \u00e9s szab\u00e1lyoz\u00e1s\u00e1ra szerves szint\u00e9zisreakci\u00f3kban. A term\u00e9k j\u00f3 polimeriz\u00e1ci\u00f3g\u00e1tl\u00f3 tulajdons\u00e1gokkal rendelkezik az akril\u00e1t, metakril\u00e1t, akrilsav, akrilnitril, sztirol, butadi\u00e9n stb. eset\u00e9ben.<\/p>\n<p>A depolimeriz\u00e1tor 706 r\u00e9szletes funkci\u00f3i \u00e9s alkalmaz\u00e1sai<\/p>\n<p>A 706-os depolimeriz\u00e1l\u00f3szer egyfajta nagy hat\u00e9konys\u00e1g\u00fa depolimeriz\u00e1l\u00f3szer, amelyet els\u0151sorban a polimer anyagok (p\u00e9ld\u00e1ul m\u0171anyagok, gumik, gyant\u00e1k stb.) alacsony molekulat\u00f6meg\u0171 vegy\u00fcletekk\u00e9 vagy monomerekk\u00e9 t\u00f6rt\u00e9n\u0151 depolimeriz\u00e1ci\u00f3j\u00e1nak el\u0151seg\u00edt\u00e9s\u00e9re haszn\u00e1lnak, \u00e9s r\u00e9szletes funkci\u00f3i \u00e9s alkalmaz\u00e1sai a k\u00f6vetkez\u0151k:<\/p>\n<p>F\u0151 funkci\u00f3k<br \/>\nEl\u0151seg\u00edti a depolimeriz\u00e1ci\u00f3t:<br \/>\nA depolimeriz\u00e1tor 706 hat\u00e9konyan cs\u00f6kkentheti a polimerek molekulat\u00f6meg\u00e9t, \u00e9s el\u0151seg\u00edtheti depolimeriz\u00e1ci\u00f3jukat alacsony molekulat\u00f6meg\u0171 vegy\u00fcletekk\u00e9 vagy monomerekk\u00e9.<br \/>\nAlkalmas olyan esetekben, amikor a polimer anyagok \u00fajrahasznos\u00edt\u00e1s\u00e1ra vagy \u00fajrafelhaszn\u00e1l\u00e1s\u00e1ra van sz\u00fcks\u00e9g.<br \/>\nH\u0151stabilit\u00e1s:<br \/>\nMagas h\u0151m\u00e9rs\u00e9kleti k\u00f6r\u00fclm\u00e9nyek k\u00f6z\u00f6tt is stabil teljes\u00edtm\u00e9nyt ny\u00fajt, \u00e9s alkalmas magas h\u0151m\u00e9rs\u00e9klet\u0171 depolimeriz\u00e1ci\u00f3s folyamatokhoz.<br \/>\nK\u00f6rnyezetbar\u00e1t:<br \/>\nT\u00e1mogatja a k\u00f6rforg\u00e1sos gazdas\u00e1got a polimeranyagok depolimeriz\u00e1ci\u00f3j\u00e1nak el\u0151seg\u00edt\u00e9s\u00e9vel, hogy cs\u00f6kkentse a hullad\u00e9k k\u00f6rnyezeti hat\u00e1s\u00e1t.<br \/>\nNagy hat\u00e9konys\u00e1g:<br \/>\nA rendk\u00edv\u00fcl hat\u00e9kony depolimeriz\u00e1ci\u00f3 alacsony d\u00f3zisok mellett cs\u00f6kkenti a feldolgoz\u00e1si k\u00f6lts\u00e9geket.<br \/>\nEl\u0151ny\u00f6k<br \/>\nHat\u00e9kony: Rendk\u00edv\u00fcl hat\u00e9kony depolimeriz\u00e1ci\u00f3 alacsony d\u00f3zisok mellett.<br \/>\nK\u00f6rnyezetbar\u00e1t: Cs\u00f6kkenti a hullad\u00e9k k\u00f6rnyezeti hat\u00e1s\u00e1t \u00e9s t\u00e1mogatja a k\u00f6rforg\u00e1sos gazdas\u00e1got.<br \/>\nH\u0151stabilit\u00e1s: Stabil teljes\u00edtm\u00e9ny magas h\u0151m\u00e9rs\u00e9kleten.<br \/>\nSz\u00e9lesk\u00f6r\u0171 alkalmazhat\u00f3s\u00e1g: alkalmas a polimeranyagok sz\u00e9les k\u00f6r\u00e9nek depolimeriz\u00e1ci\u00f3j\u00e1ra.<br \/>\nHaszn\u00e1lati aj\u00e1nl\u00e1sok<br \/>\nAdagol\u00e1s:<br \/>\nA tipikus adagol\u00e1s 0,1% \u00e9s 1% k\u00f6z\u00f6tt van a polimer t\u00f6meg\u00e9re vonatkoztatva, az alkalmaz\u00e1st\u00f3l \u00e9s az anyagt\u00edpust\u00f3l f\u00fcgg\u0151en.<br \/>\nFeldolgoz\u00e1si h\u0151m\u00e9rs\u00e9klet:<br \/>\nAlkalmas magas h\u0151m\u00e9rs\u00e9klet\u0171 depolimeriz\u00e1ci\u00f3s folyamatokhoz, de nem haladhatja meg a termikus boml\u00e1si h\u0151m\u00e9rs\u00e9klet\u00e9t (jellemz\u0151en 300\u00b0C felett).<br \/>\nKombin\u00e1ci\u00f3k m\u00e1s adal\u00e9kanyagokkal:<br \/>\nKataliz\u00e1torokkal, stabiliz\u00e1torokkal \u00e9s egy\u00e9b adal\u00e9kanyagokkal egy\u00fctt haszn\u00e1lhat\u00f3 a depolimeriz\u00e1ci\u00f3s hat\u00e9konys\u00e1g jav\u00edt\u00e1sa \u00e9rdek\u00e9ben.<br \/>\n\u00d3vint\u00e9zked\u00e9sek<br \/>\nT\u00e1rolja h\u0171v\u00f6s, sz\u00e1raz, h\u0151t\u0151l \u00e9s p\u00e1ratartalomt\u00f3l v\u00e9dett helyen.<br \/>\nHaszn\u00e1ljon v\u00e9d\u0151felszerel\u00e9st, hogy elker\u00fclje a b\u0151rrel \u00e9s a szemmel val\u00f3 k\u00f6zvetlen \u00e9rintkez\u00e9st.<\/p>\n<p>A 706-os depolimeriz\u00e1tor egy t\u00f6bbfunkci\u00f3s depolimeriz\u00e1tor, amely jelent\u0151sen jav\u00edtja a polimer anyagok depolimeriz\u00e1ci\u00f3s hat\u00e9konys\u00e1g\u00e1t, \u00e9s sz\u00e9les k\u00f6rben haszn\u00e1lj\u00e1k az \u00fajrahasznos\u00edt\u00e1st ig\u00e9nyl\u0151 ipar\u00e1gakban.<\/p>\n<h2><strong>L\u00e9pjen kapcsolatba vel\u00fcnk most!<\/strong><\/h2>\n<p><strong>Ha COA, MSDS vagy TDS-re van sz\u00fcks\u00e9ge, k\u00e9rj\u00fck, t\u00f6ltse ki el\u00e9rhet\u0151s\u00e9g\u00e9t az al\u00e1bbi \u0171rlapon, \u00e1ltal\u00e1ban 24 \u00f3r\u00e1n bel\u00fcl felvessz\u00fck \u00d6nnel a kapcsolatot. \u00d6n is k\u00fcldhet nekem e-mailt\u00a0<span style=\"color: #00ccff;\"><a style=\"color: #00ccff;\" href=\"mailto:info@longchangchemical.com\">info@longchangchemical.com<\/a><\/span>\u00a0munkaid\u0151ben ( 8:30-18:00 UTC+8 H.-Szombat ) vagy haszn\u00e1lja a weboldal \u00e9l\u0151 chatj\u00e9t, hogy azonnali v\u00e1laszt kapjon.<\/strong><\/p>","protected":false},"excerpt":{"rendered":"<h3><strong>Alkalmaz\u00e1si ter\u00fcletek<\/strong><\/h3>\n<ol start=\"1\">\n<li><strong>M\u0171anyag \u00fajrahasznos\u00edt\u00e1s<\/strong>:\n<ul>\n<li>Polietil\u00e9n-tereftal\u00e1t (PET), polipropil\u00e9n (PP), polietil\u00e9n (PE) \u00e9s m\u00e1s m\u0171anyagok depolimeriz\u00e1ci\u00f3j\u00e1ra haszn\u00e1lj\u00e1k monomerek vagy alacsony molekulat\u00f6meg\u0171 vegy\u00fcletek kinyer\u00e9s\u00e9re.<\/li>\n<li>Gyakori alkalmaz\u00e1sok: m\u0171anyag palackok, csomagol\u00f3anyagok, f\u00f3li\u00e1k stb.<\/li>\n<\/ul>\n<\/li>\n<li><strong>Gumi \u00fajrahasznos\u00edt\u00e1sa<\/strong>:\n<ul>\n<li>Hullad\u00e9k gumiabroncsok \u00e9s gumiterm\u00e9kek depolimeriz\u00e1ci\u00f3j\u00e1ra haszn\u00e1lj\u00e1k a gumimonomerek vagy alacsony molekulat\u00f6meg\u0171 vegy\u00fcletek visszanyer\u00e9s\u00e9re.<\/li>\n<\/ul>\n<\/li>\n<li><strong>Gyanta depolimeriz\u00e1ci\u00f3<\/strong>:\n<ul>\n<li>H\u0151re kem\u00e9nyed\u0151 gyant\u00e1k, p\u00e9ld\u00e1ul epoxigyant\u00e1k \u00e9s poliuret\u00e1ngyant\u00e1k depolimeriz\u00e1ci\u00f3j\u00e1ra haszn\u00e1lj\u00e1k a nyersanyagok visszanyer\u00e9s\u00e9re.<\/li>\n<\/ul>\n<\/li>\n<li><strong>Egy\u00e9b mez\u0151k<\/strong>:\n<ul>\n<li>Haszn\u00e1lhat\u00f3 ragaszt\u00f3k, t\u00f6m\u00edt\u0151anyagok \u00e9s egy\u00e9b polimer anyagok depolimeriz\u00e1ci\u00f3j\u00e1ra \u00e9s \u00fajrahasznos\u00edt\u00e1s\u00e1ra.<\/li>\n<\/ul>\n<\/li>\n<\/ol>","protected":false},"featured_media":8146,"comment_status":"closed","ping_status":"closed","template":"","meta":[],"product_brand":[],"product_cat":[186],"product_tag":[],"class_list":{"0":"post-8145","1":"product","2":"type-product","3":"status-publish","4":"has-post-thumbnail","6":"product_cat-polymerization-inhibitor","8":"first","9":"instock","10":"shipping-taxable","11":"product-type-simple"},"yoast_head":"<!-- This site is optimized with the Yoast SEO plugin v25.3.1 - https:\/\/yoast.com\/wordpress\/plugins\/seo\/ -->\n<title>China Polymerization inhibitor 706 CAS 2516-92-9 Manufacturer - Longchang Chemical<\/title>\n<meta name=\"description\" content=\"Depolymerization Agent 706 is a key product of Longchang Chemical. We provide the best price. We are the leading manufacturer in China with the best quality and competitive price.Polymerization inhibitor 706\" \/>\n<meta name=\"robots\" content=\"index, follow, max-snippet:-1, max-image-preview:large, max-video-preview:-1\" \/>\n<link rel=\"canonical\" href=\"https:\/\/longchangchemical.com\/hu\/product\/depolymerization-agent-706\/\" \/>\n<meta property=\"og:locale\" content=\"hu_HU\" \/>\n<meta property=\"og:type\" content=\"article\" \/>\n<meta property=\"og:title\" content=\"China Polymerization inhibitor 706 CAS 2516-92-9 Manufacturer - Longchang Chemical\" \/>\n<meta property=\"og:description\" content=\"Depolymerization Agent 706 is a key product of Longchang Chemical. We provide the best price. We are the leading manufacturer in China with the best quality and competitive price.Polymerization inhibitor 706\" \/>\n<meta property=\"og:url\" content=\"https:\/\/longchangchemical.com\/hu\/product\/depolymerization-agent-706\/\" \/>\n<meta property=\"og:site_name\" content=\"Longchang Chemical\" \/>\n<meta property=\"article:modified_time\" content=\"2025-04-01T07:40:00+00:00\" \/>\n<meta property=\"og:image\" content=\"https:\/\/longchangchemical.com\/wp-content\/uploads\/2025\/03\/2516-92-9.png\" \/>\n\t<meta property=\"og:image:width\" content=\"300\" \/>\n\t<meta property=\"og:image:height\" content=\"300\" \/>\n\t<meta property=\"og:image:type\" content=\"image\/png\" \/>\n<meta name=\"twitter:card\" content=\"summary_large_image\" \/>\n<script type=\"application\/ld+json\" class=\"yoast-schema-graph\">{\"@context\":\"https:\/\/schema.org\",\"@graph\":[{\"@type\":\"WebPage\",\"@id\":\"https:\/\/longchangchemical.com\/product\/depolymerization-agent-706\/\",\"url\":\"https:\/\/longchangchemical.com\/product\/depolymerization-agent-706\/\",\"name\":\"China Polymerization inhibitor 706 CAS 2516-92-9 Manufacturer - Longchang Chemical\",\"isPartOf\":{\"@id\":\"https:\/\/longchangchemical.com\/#website\"},\"primaryImageOfPage\":{\"@id\":\"https:\/\/longchangchemical.com\/product\/depolymerization-agent-706\/#primaryimage\"},\"image\":{\"@id\":\"https:\/\/longchangchemical.com\/product\/depolymerization-agent-706\/#primaryimage\"},\"thumbnailUrl\":\"https:\/\/longchangchemical.com\/wp-content\/uploads\/2025\/03\/2516-92-9.png\",\"datePublished\":\"2025-03-17T08:53:47+00:00\",\"dateModified\":\"2025-04-01T07:40:00+00:00\",\"description\":\"Depolymerization Agent 706 is a key product of Longchang Chemical. We provide the best price. We are the leading manufacturer in China with the best quality and competitive price.Polymerization inhibitor 706\",\"breadcrumb\":{\"@id\":\"https:\/\/longchangchemical.com\/product\/depolymerization-agent-706\/#breadcrumb\"},\"inLanguage\":\"hu\",\"potentialAction\":[{\"@type\":\"ReadAction\",\"target\":[\"https:\/\/longchangchemical.com\/product\/depolymerization-agent-706\/\"]}]},{\"@type\":\"ImageObject\",\"inLanguage\":\"hu\",\"@id\":\"https:\/\/longchangchemical.com\/product\/depolymerization-agent-706\/#primaryimage\",\"url\":\"https:\/\/longchangchemical.com\/wp-content\/uploads\/2025\/03\/2516-92-9.png\",\"contentUrl\":\"https:\/\/longchangchemical.com\/wp-content\/uploads\/2025\/03\/2516-92-9.png\",\"width\":300,\"height\":300},{\"@type\":\"BreadcrumbList\",\"@id\":\"https:\/\/longchangchemical.com\/product\/depolymerization-agent-706\/#breadcrumb\",\"itemListElement\":[{\"@type\":\"ListItem\",\"position\":1,\"name\":\"Home\",\"item\":\"https:\/\/longchangchemical.com\/\"},{\"@type\":\"ListItem\",\"position\":2,\"name\":\"Products Longchang\",\"item\":\"https:\/\/longchangchemical.com\/product\/\"},{\"@type\":\"ListItem\",\"position\":3,\"name\":\"CHLUMINIT\u00ae 706 \/ Polymerization inhibitor 706 CAS 2516-92-9\"}]},{\"@type\":\"WebSite\",\"@id\":\"https:\/\/longchangchemical.com\/#website\",\"url\":\"https:\/\/longchangchemical.com\/\",\"name\":\"Longchang Chemical\",\"description\":\"China chemical manufacturer \uff06 supplier\",\"publisher\":{\"@id\":\"https:\/\/longchangchemical.com\/#organization\"},\"potentialAction\":[{\"@type\":\"SearchAction\",\"target\":{\"@type\":\"EntryPoint\",\"urlTemplate\":\"https:\/\/longchangchemical.com\/?s={search_term_string}\"},\"query-input\":{\"@type\":\"PropertyValueSpecification\",\"valueRequired\":true,\"valueName\":\"search_term_string\"}}],\"inLanguage\":\"hu\"},{\"@type\":\"Organization\",\"@id\":\"https:\/\/longchangchemical.com\/#organization\",\"name\":\"Longchang Chemical\",\"url\":\"https:\/\/longchangchemical.com\/\",\"logo\":{\"@type\":\"ImageObject\",\"inLanguage\":\"hu\",\"@id\":\"https:\/\/longchangchemical.com\/#\/schema\/logo\/image\/\",\"url\":\"https:\/\/longchangchemical.com\/wp-content\/uploads\/2020\/08\/cropped-longchang-logo.png\",\"contentUrl\":\"https:\/\/longchangchemical.com\/wp-content\/uploads\/2020\/08\/cropped-longchang-logo.png\",\"width\":512,\"height\":512,\"caption\":\"Longchang Chemical\"},\"image\":{\"@id\":\"https:\/\/longchangchemical.com\/#\/schema\/logo\/image\/\"}}]}<\/script>\n<!-- \/ Yoast SEO plugin. -->","yoast_head_json":{"title":"K\u00edna polimeriz\u00e1ci\u00f3s inhibitor 706 CAS 2516-92-9 gy\u00e1rt\u00f3 - Longchang Chemical","description":"A 706-os depolimeriz\u00e1ci\u00f3s szer a Longchang Chemical egyik legfontosabb term\u00e9ke. A legjobb \u00e1rat biztos\u00edtjuk. Mi vagyunk a vezet\u0151 gy\u00e1rt\u00f3 K\u00edn\u00e1ban a legjobb min\u0151s\u00e9ggel \u00e9s versenyk\u00e9pes \u00e1rral.Polimeriz\u00e1ci\u00f3s inhibitor 706","robots":{"index":"index","follow":"follow","max-snippet":"max-snippet:-1","max-image-preview":"max-image-preview:large","max-video-preview":"max-video-preview:-1"},"canonical":"https:\/\/longchangchemical.com\/hu\/product\/depolymerization-agent-706\/","og_locale":"hu_HU","og_type":"article","og_title":"China Polymerization inhibitor 706 CAS 2516-92-9 Manufacturer - Longchang Chemical","og_description":"Depolymerization Agent 706 is a key product of Longchang Chemical. We provide the best price. We are the leading manufacturer in China with the best quality and competitive price.Polymerization inhibitor 706","og_url":"https:\/\/longchangchemical.com\/hu\/product\/depolymerization-agent-706\/","og_site_name":"Longchang Chemical","article_modified_time":"2025-04-01T07:40:00+00:00","og_image":[{"width":300,"height":300,"url":"https:\/\/longchangchemical.com\/wp-content\/uploads\/2025\/03\/2516-92-9.png","type":"image\/png"}],"twitter_card":"summary_large_image","schema":{"@context":"https:\/\/schema.org","@graph":[{"@type":"WebPage","@id":"https:\/\/longchangchemical.com\/product\/depolymerization-agent-706\/","url":"https:\/\/longchangchemical.com\/product\/depolymerization-agent-706\/","name":"K\u00edna polimeriz\u00e1ci\u00f3s inhibitor 706 CAS 2516-92-9 gy\u00e1rt\u00f3 - Longchang Chemical","isPartOf":{"@id":"https:\/\/longchangchemical.com\/#website"},"primaryImageOfPage":{"@id":"https:\/\/longchangchemical.com\/product\/depolymerization-agent-706\/#primaryimage"},"image":{"@id":"https:\/\/longchangchemical.com\/product\/depolymerization-agent-706\/#primaryimage"},"thumbnailUrl":"https:\/\/longchangchemical.com\/wp-content\/uploads\/2025\/03\/2516-92-9.png","datePublished":"2025-03-17T08:53:47+00:00","dateModified":"2025-04-01T07:40:00+00:00","description":"A 706-os depolimeriz\u00e1ci\u00f3s szer a Longchang Chemical egyik legfontosabb term\u00e9ke. A legjobb \u00e1rat biztos\u00edtjuk. Mi vagyunk a vezet\u0151 gy\u00e1rt\u00f3 K\u00edn\u00e1ban a legjobb min\u0151s\u00e9ggel \u00e9s versenyk\u00e9pes \u00e1rral.Polimeriz\u00e1ci\u00f3s inhibitor 706","breadcrumb":{"@id":"https:\/\/longchangchemical.com\/product\/depolymerization-agent-706\/#breadcrumb"},"inLanguage":"hu","potentialAction":[{"@type":"ReadAction","target":["https:\/\/longchangchemical.com\/product\/depolymerization-agent-706\/"]}]},{"@type":"ImageObject","inLanguage":"hu","@id":"https:\/\/longchangchemical.com\/product\/depolymerization-agent-706\/#primaryimage","url":"https:\/\/longchangchemical.com\/wp-content\/uploads\/2025\/03\/2516-92-9.png","contentUrl":"https:\/\/longchangchemical.com\/wp-content\/uploads\/2025\/03\/2516-92-9.png","width":300,"height":300},{"@type":"BreadcrumbList","@id":"https:\/\/longchangchemical.com\/product\/depolymerization-agent-706\/#breadcrumb","itemListElement":[{"@type":"ListItem","position":1,"name":"Home","item":"https:\/\/longchangchemical.com\/"},{"@type":"ListItem","position":2,"name":"Products Longchang","item":"https:\/\/longchangchemical.com\/product\/"},{"@type":"ListItem","position":3,"name":"CHLUMINIT\u00ae 706 \/ Polymerization inhibitor 706 CAS 2516-92-9"}]},{"@type":"WebSite","@id":"https:\/\/longchangchemical.com\/#website","url":"https:\/\/longchangchemical.com\/","name":"Longchang Chemical","description":"K\u00edna k\u00e9miai gy\u00e1rt\u00f3 \uff06 sz\u00e1ll\u00edt\u00f3","publisher":{"@id":"https:\/\/longchangchemical.com\/#organization"},"potentialAction":[{"@type":"SearchAction","target":{"@type":"EntryPoint","urlTemplate":"https:\/\/longchangchemical.com\/?s={search_term_string}"},"query-input":{"@type":"PropertyValueSpecification","valueRequired":true,"valueName":"search_term_string"}}],"inLanguage":"hu"},{"@type":"Organization","@id":"https:\/\/longchangchemical.com\/#organization","name":"Longchang Chemical","url":"https:\/\/longchangchemical.com\/","logo":{"@type":"ImageObject","inLanguage":"hu","@id":"https:\/\/longchangchemical.com\/#\/schema\/logo\/image\/","url":"https:\/\/longchangchemical.com\/wp-content\/uploads\/2020\/08\/cropped-longchang-logo.png","contentUrl":"https:\/\/longchangchemical.com\/wp-content\/uploads\/2020\/08\/cropped-longchang-logo.png","width":512,"height":512,"caption":"Longchang Chemical"},"image":{"@id":"https:\/\/longchangchemical.com\/#\/schema\/logo\/image\/"}}]}},"_links":{"self":[{"href":"https:\/\/longchangchemical.com\/hu\/wp-json\/wp\/v2\/product\/8145","targetHints":{"allow":["GET"]}}],"collection":[{"href":"https:\/\/longchangchemical.com\/hu\/wp-json\/wp\/v2\/product"}],"about":[{"href":"https:\/\/longchangchemical.com\/hu\/wp-json\/wp\/v2\/types\/product"}],"replies":[{"embeddable":true,"href":"https:\/\/longchangchemical.com\/hu\/wp-json\/wp\/v2\/comments?post=8145"}],"wp:featuredmedia":[{"embeddable":true,"href":"https:\/\/longchangchemical.com\/hu\/wp-json\/wp\/v2\/media\/8146"}],"wp:attachment":[{"href":"https:\/\/longchangchemical.com\/hu\/wp-json\/wp\/v2\/media?parent=8145"}],"wp:term":[{"taxonomy":"product_brand","embeddable":true,"href":"https:\/\/longchangchemical.com\/hu\/wp-json\/wp\/v2\/product_brand?post=8145"},{"taxonomy":"product_cat","embeddable":true,"href":"https:\/\/longchangchemical.com\/hu\/wp-json\/wp\/v2\/product_cat?post=8145"},{"taxonomy":"product_tag","embeddable":true,"href":"https:\/\/longchangchemical.com\/hu\/wp-json\/wp\/v2\/product_tag?post=8145"}],"curies":[{"name":"wp","href":"https:\/\/api.w.org\/{rel}","templated":true}]}}