{"id":8128,"date":"2025-03-17T06:32:49","date_gmt":"2025-03-17T06:32:49","guid":{"rendered":"https:\/\/longchangchemical.com\/?post_type=product&#038;p=8128"},"modified":"2025-04-01T05:53:14","modified_gmt":"2025-04-01T05:53:14","slug":"light-stabilizer-610","status":"publish","type":"product","link":"https:\/\/longchangchemical.com\/hu\/product\/light-stabilizer-610\/","title":{"rendered":"CHLUMILS\u00ae f\u00e9nystabiliz\u00e1tor 610"},"content":{"rendered":"<p>F\u00e9ny stabiliz\u00e1tor 610<br \/>\nK\u00e9miai n\u00e9v.<br \/>\nF\u00e9nystabiliz\u00e1tor 610(HALS)<br \/>\nMegjelen\u00e9s: A t\u00f6rtfeh\u00e9rt\u0151l a vil\u00e1goss\u00e1rg\u00e1ig terjed\u0151 sz\u00edn\u0171 szil\u00e1rd anyag<br \/>\nL\u00e1gyul\u00e1si pont: 70-150\u00b0C<br \/>\nJellemz\u0151k \u00e9s alkalmaz\u00e1s<br \/>\nJellemz\u0151k: A legt\u00f6bb polimerrel j\u00f3l kompatibilis.<br \/>\nAlkalmaz\u00e1s: A term\u00e9k alkalmas poliolefin anyagokhoz, savas k\u00f6rnyezetben is jobb \u00f6reged\u00e9sg\u00e1tl\u00f3 hat\u00e1st mutathat, a legt\u00f6bb savas rendszerben haszn\u00e1lhat\u00f3, k\u00fcl\u00f6n\u00f6sen a sav\u00e1ll\u00f3 anyagokkal rendelkez\u0151 mez\u0151gazdas\u00e1gi filmekben (savas peszticidek \u00e9s m\u00e1s savas anyagok).<\/p>\n<p><strong>F\u00e9nystabiliz\u00e1tor 610: Stabiliz\u00e1tor: R\u00e9szletes funkci\u00f3k \u00e9s alkalmaz\u00e1sok<\/strong><\/p>\n<p><strong>F\u00e9ny stabiliz\u00e1tor 610<\/strong>\u00a0egy rendk\u00edv\u00fcl hat\u00e9kony f\u00e9nystabiliz\u00e1tor, amely a\u00a0<strong>HALS (Hindered Amine Light Stabilizers)<\/strong>\u00a0vegy\u00fcletoszt\u00e1ly. Els\u0151sorban polimer anyagok (p\u00e9ld\u00e1ul m\u0171anyagok, bevonatok \u00e9s gumi) v\u00e9delm\u00e9re haszn\u00e1lj\u00e1k az ultraibolya (UV) sug\u00e1rz\u00e1s \u00e9s a termikus oxid\u00e1ci\u00f3 okozta k\u00e1rosod\u00e1st\u00f3l. Az al\u00e1bbiakban r\u00e9szletesen ismertetj\u00fck funkci\u00f3it \u00e9s alkalmaz\u00e1sait:<\/p>\n<hr \/>\n<h3><strong>Kulcsfunkci\u00f3k<\/strong><\/h3>\n<ol start=\"1\">\n<li><strong>UV leboml\u00e1si ellen\u00e1ll\u00e1s<\/strong>:\n<ul>\n<li>A 610-es f\u00e9nystabiliz\u00e1tor hat\u00e9konyan elnyeli \u00e9s eloszlatja az UV-energi\u00e1t, megakad\u00e1lyozza a polimeranyagok UV-sug\u00e1rz\u00e1s okozta fotodegrad\u00e1ci\u00f3j\u00e1t \u00e9s fotooxid\u00e1ci\u00f3j\u00e1t.<\/li>\n<li>Meghosszabb\u00edtja az anyagok \u00e9lettartam\u00e1t, megakad\u00e1lyozza az elsz\u00ednez\u0151d\u00e9st, a ridegs\u00e9get \u00e9s a mechanikai tulajdons\u00e1gok elveszt\u00e9s\u00e9t.<\/li>\n<\/ul>\n<\/li>\n<li><strong>Szabadgy\u00f6k-mentes\u00edt\u00e9s<\/strong>:\n<ul>\n<li>HALS f\u00e9nystabiliz\u00e1tork\u00e9nt az UV-sug\u00e1rz\u00e1s \u00e9s a termikus oxid\u00e1ci\u00f3 \u00e1ltal l\u00e9trehozott szabad gy\u00f6k\u00f6ket fogja meg, megszak\u00edtva a fotooxid\u00e1ci\u00f3s \u00e9s termikus oxid\u00e1ci\u00f3s l\u00e1ncreakci\u00f3kat, ez\u00e1ltal v\u00e9dve az anyagokat a tov\u00e1bbi k\u00e1rosod\u00e1st\u00f3l.<\/li>\n<\/ul>\n<\/li>\n<li><strong>H\u0151stabilit\u00e1s<\/strong>:\n<ul>\n<li>Magas h\u0151m\u00e9rs\u00e9kleti k\u00f6r\u00fclm\u00e9nyek k\u00f6z\u00f6tt is stabil teljes\u00edtm\u00e9nyt ny\u00fajt, \u00edgy alkalmas h\u0151\u00e1ll\u00f3s\u00e1got ig\u00e9nyl\u0151 alkalmaz\u00e1sokhoz.<\/li>\n<\/ul>\n<\/li>\n<li><strong>Alacsony volatilit\u00e1s<\/strong>:\n<ul>\n<li>Alacsony ill\u00e9konys\u00e1g\u00fa, \u00edgy alkalmas magas h\u0151m\u00e9rs\u00e9klet\u0171 feldolgoz\u00e1sra \u00e9s hossz\u00fa t\u00e1v\u00fa haszn\u00e1latra.<\/li>\n<\/ul>\n<\/li>\n<li><strong>Szinergikus hat\u00e1sok<\/strong>:\n<ul>\n<li>UV-abszorberekkel \u00e9s antioxid\u00e1nsokkal kombin\u00e1lva haszn\u00e1lhat\u00f3 \u00e1tfog\u00f3 f\u00e9ny- \u00e9s h\u0151stabiliz\u00e1l\u00e1s \u00e9rdek\u00e9ben.<\/li>\n<\/ul>\n<\/li>\n<\/ol>\n<hr \/>\n<h3><strong>El\u0151ny\u00f6k<\/strong><\/h3>\n<ul>\n<li><strong>Nagy hat\u00e9konys\u00e1g<\/strong>: Hossz\u00fa t\u00e1v\u00fa UV- \u00e9s h\u0151oxid\u00e1ci\u00f3s v\u00e9delmet biztos\u00edt.<\/li>\n<li><strong>Kompatibilit\u00e1s<\/strong>: Kompatibilis k\u00fcl\u00f6nb\u00f6z\u0151 polimerekkel \u00e9s adal\u00e9kanyagokkal.<\/li>\n<li><strong>K\u00f6rnyezetbar\u00e1ts\u00e1g<\/strong>: Alacsony toxicit\u00e1s, megfelel a k\u00f6rnyezetv\u00e9delmi k\u00f6vetelm\u00e9nyeknek.<\/li>\n<li><strong>H\u0151\u00e1ll\u00f3s\u00e1g<\/strong>: Stabil teljes\u00edtm\u00e9ny magas h\u0151m\u00e9rs\u00e9kleten.<\/li>\n<li><strong>Alacsony volatilit\u00e1s<\/strong>: Alkalmas magas h\u0151m\u00e9rs\u00e9klet\u0171 feldolgoz\u00e1sra \u00e9s hossz\u00fa t\u00e1v\u00fa haszn\u00e1latra.<\/li>\n<\/ul>\n<hr \/>\n<h3><strong>Felhaszn\u00e1l\u00e1si aj\u00e1nl\u00e1sok<\/strong><\/h3>\n<ol start=\"1\">\n<li><strong>Adagol\u00e1s<\/strong>:\n<ul>\n<li>Tipikus adagol\u00e1s\u00a0<strong>0,1% \u00e9s 0,5% k\u00f6z\u00f6tt<\/strong>\u00a0a polimer t\u00f6meg\u00e9nek az alkalmaz\u00e1st\u00f3l \u00e9s az anyagt\u00edpust\u00f3l f\u00fcgg\u0151en.<\/li>\n<\/ul>\n<\/li>\n<li><strong>Feldolgoz\u00e1si h\u0151m\u00e9rs\u00e9klet<\/strong>:\n<ul>\n<li>Alkalmas a hagyom\u00e1nyos feldolgoz\u00e1si h\u0151m\u00e9rs\u00e9kletekre, de nem haladhatja meg a termikus boml\u00e1si h\u0151m\u00e9rs\u00e9klet\u00e9t (\u00e1ltal\u00e1ban 250 \u00b0C felett).<\/li>\n<\/ul>\n<\/li>\n<li><strong>Kombin\u00e1ci\u00f3 m\u00e1s adal\u00e9kanyagokkal<\/strong>:\n<ul>\n<li>Antioxid\u00e1nsokkal, UV-abszorberekkel \u00e9s m\u00e1s adal\u00e9kanyagokkal egy\u00fctt haszn\u00e1lhat\u00f3 az \u00e1tfog\u00f3 v\u00e9delem \u00e9rdek\u00e9ben.<\/li>\n<\/ul>\n<\/li>\n<\/ol>\n<hr \/>\n<h3><strong>\u00d3vint\u00e9zked\u00e9sek<\/strong><\/h3>\n<ul>\n<li>H\u0171v\u00f6s, sz\u00e1raz, magas h\u0151m\u00e9rs\u00e9klett\u0151l \u00e9s nedvess\u00e9gt\u0151l v\u00e9dett helyen t\u00e1rolja.<\/li>\n<li>Haszn\u00e1ljon v\u00e9d\u0151felszerel\u00e9st, hogy elker\u00fclje a b\u0151rrel \u00e9s a szemmel val\u00f3 k\u00f6zvetlen \u00e9rintkez\u00e9st.<\/li>\n<\/ul>\n<hr \/>\n<p>A Light Stabilizer 610 egy sokoldal\u00fa f\u00e9nystabiliz\u00e1tor, amely jelent\u0151sen n\u00f6veli az anyagok id\u0151j\u00e1r\u00e1s\u00e1ll\u00f3s\u00e1g\u00e1t \u00e9s \u00e9lettartam\u00e1t, \u00edgy sz\u00e9les k\u00f6rben haszn\u00e1lj\u00e1k az UV- \u00e9s h\u0151oxid\u00e1ci\u00f3s v\u00e9delmet ig\u00e9nyl\u0151 ipar\u00e1gakban.<\/p>\n<h2><strong>L\u00e9pjen kapcsolatba vel\u00fcnk most!<\/strong><\/h2>\n<p><strong>Ha COA, MSDS vagy TDS-re van sz\u00fcks\u00e9ge, k\u00e9rj\u00fck, t\u00f6ltse ki el\u00e9rhet\u0151s\u00e9g\u00e9t az al\u00e1bbi \u0171rlapon, \u00e1ltal\u00e1ban 24 \u00f3r\u00e1n bel\u00fcl felvessz\u00fck \u00d6nnel a kapcsolatot. \u00d6n is k\u00fcldhet nekem e-mailt\u00a0<span style=\"color: #00ccff;\"><a style=\"color: #00ccff;\" href=\"mailto:info@longchangchemical.com\">info@longchangchemical.com<\/a><\/span>\u00a0munkaid\u0151ben ( 8:30-18:00 UTC+8 H.-Szombat ) vagy haszn\u00e1lja a weboldal \u00e9l\u0151 chatj\u00e9t, hogy azonnali v\u00e1laszt kapjon.<\/strong><\/p>","protected":false},"excerpt":{"rendered":"<h3><strong>Alkalmaz\u00e1si ter\u00fcletek<\/strong><\/h3>\n<ol start=\"1\">\n<li><strong>M\u0171anyagipar<\/strong>:\n<ul>\n<li>Polipropil\u00e9n (PP), polietil\u00e9n (PE), poliuret\u00e1n (PU), polikarbon\u00e1t (PC) \u00e9s m\u00e1s m\u0171anyag term\u00e9kekben haszn\u00e1lj\u00e1k az UV-sug\u00e1rz\u00e1s okozta fakul\u00e1s, ridegs\u00e9g \u00e9s teljes\u00edtm\u00e9nyveszt\u00e9s megel\u0151z\u00e9s\u00e9re.<\/li>\n<li>Gyakori alkalmaz\u00e1sok: k\u00fclt\u00e9ri b\u00fatorok, aut\u00f3alkatr\u00e9szek, m\u0171anyag f\u00f3li\u00e1k, cs\u00f6vek, sz\u00e1lak stb.<\/li>\n<\/ul>\n<\/li>\n<li><strong>Bevonatok \u00e9s tint\u00e1k<\/strong>:\n<ul>\n<li>V\u00e9di a bevonatokat \u00e9s a tint\u00e1kat az UV-k\u00e1rosod\u00e1st\u00f3l, megakad\u00e1lyozza a fakul\u00e1s \u00e9s a kr\u00e9t\u00e1sod\u00e1s kialakul\u00e1s\u00e1t.<\/li>\n<li>Gyakori alkalmaz\u00e1sok: aut\u00f3ipari bevonatok, \u00e9p\u00edt\u00e9szeti bevonatok, ipari bevonatok stb.<\/li>\n<\/ul>\n<\/li>\n<li><strong>Gumi term\u00e9kek<\/strong>:\n<ul>\n<li>V\u00e9di a gumi anyagokat (pl. gumiabroncsok, t\u00f6m\u00edt\u00e9sek) az UV-sug\u00e1rz\u00e1st\u00f3l \u00e9s az \u00f3zon k\u00e1rosod\u00e1s\u00e1t\u00f3l.<\/li>\n<\/ul>\n<\/li>\n<li><strong>Text\u00edli\u00e1k<\/strong>:\n<ul>\n<li>Fokozza a szintetikus sz\u00e1lak (pl. poli\u00e9szter, nejlon) f\u00e9ny\u00e1ll\u00f3s\u00e1g\u00e1t, megakad\u00e1lyozza a fakul\u00e1st \u00e9s az er\u0151veszt\u00e9st.<\/li>\n<\/ul>\n<\/li>\n<li><strong>Egy\u00e9b mez\u0151k<\/strong>:\n<ul>\n<li>Haszn\u00e1lhat\u00f3 ragaszt\u00f3kban, t\u00f6m\u00edt\u0151anyagokban \u00e9s m\u00e1s polimer anyagokban f\u00e9nystabiliz\u00e1l\u00e1s c\u00e9lj\u00e1b\u00f3l.<\/li>\n<\/ul>\n<\/li>\n<\/ol>","protected":false},"featured_media":8129,"comment_status":"closed","ping_status":"closed","template":"","meta":[],"product_brand":[],"product_cat":[104],"product_tag":[],"class_list":{"0":"post-8128","1":"product","2":"type-product","3":"status-publish","4":"has-post-thumbnail","6":"product_cat-light-stabilizer","8":"first","9":"instock","10":"shipping-taxable","11":"product-type-simple"},"yoast_head":"<!-- This site is optimized with the Yoast SEO plugin v25.3.1 - https:\/\/yoast.com\/wordpress\/plugins\/seo\/ -->\n<title>China Light Stabilizer 610 Manufacturer - Longchang Chemical<\/title>\n<meta name=\"description\" content=\"China Light Stabilizer 610 is a key product of Longchang Chemical. We provide the best price. We are the leading manufacturer in China with the best quality and competitive price.\" \/>\n<meta name=\"robots\" content=\"index, follow, max-snippet:-1, max-image-preview:large, max-video-preview:-1\" \/>\n<link rel=\"canonical\" href=\"https:\/\/longchangchemical.com\/hu\/product\/light-stabilizer-610\/\" \/>\n<meta property=\"og:locale\" content=\"hu_HU\" \/>\n<meta property=\"og:type\" content=\"article\" \/>\n<meta property=\"og:title\" content=\"China Light Stabilizer 610 Manufacturer - Longchang Chemical\" \/>\n<meta property=\"og:description\" content=\"China Light Stabilizer 610 is a key product of Longchang Chemical. We provide the best price. We are the leading manufacturer in China with the best quality and competitive price.\" \/>\n<meta property=\"og:url\" content=\"https:\/\/longchangchemical.com\/hu\/product\/light-stabilizer-610\/\" \/>\n<meta property=\"og:site_name\" content=\"Longchang Chemical\" \/>\n<meta property=\"article:modified_time\" content=\"2025-04-01T05:53:14+00:00\" \/>\n<meta property=\"og:image\" content=\"https:\/\/longchangchemical.com\/wp-content\/uploads\/2025\/03\/1-67.png\" \/>\n\t<meta property=\"og:image:width\" content=\"600\" \/>\n\t<meta property=\"og:image:height\" content=\"600\" \/>\n\t<meta property=\"og:image:type\" content=\"image\/png\" \/>\n<meta name=\"twitter:card\" content=\"summary_large_image\" \/>\n<script type=\"application\/ld+json\" class=\"yoast-schema-graph\">{\"@context\":\"https:\/\/schema.org\",\"@graph\":[{\"@type\":\"WebPage\",\"@id\":\"https:\/\/longchangchemical.com\/product\/light-stabilizer-610\/\",\"url\":\"https:\/\/longchangchemical.com\/product\/light-stabilizer-610\/\",\"name\":\"China Light Stabilizer 610 Manufacturer - Longchang Chemical\",\"isPartOf\":{\"@id\":\"https:\/\/longchangchemical.com\/#website\"},\"primaryImageOfPage\":{\"@id\":\"https:\/\/longchangchemical.com\/product\/light-stabilizer-610\/#primaryimage\"},\"image\":{\"@id\":\"https:\/\/longchangchemical.com\/product\/light-stabilizer-610\/#primaryimage\"},\"thumbnailUrl\":\"https:\/\/longchangchemical.com\/wp-content\/uploads\/2025\/03\/1-67.png\",\"datePublished\":\"2025-03-17T06:32:49+00:00\",\"dateModified\":\"2025-04-01T05:53:14+00:00\",\"description\":\"China Light Stabilizer 610 is a key product of Longchang Chemical. We provide the best price. We are the leading manufacturer in China with the best quality and competitive price.\",\"breadcrumb\":{\"@id\":\"https:\/\/longchangchemical.com\/product\/light-stabilizer-610\/#breadcrumb\"},\"inLanguage\":\"hu\",\"potentialAction\":[{\"@type\":\"ReadAction\",\"target\":[\"https:\/\/longchangchemical.com\/product\/light-stabilizer-610\/\"]}]},{\"@type\":\"ImageObject\",\"inLanguage\":\"hu\",\"@id\":\"https:\/\/longchangchemical.com\/product\/light-stabilizer-610\/#primaryimage\",\"url\":\"https:\/\/longchangchemical.com\/wp-content\/uploads\/2025\/03\/1-67.png\",\"contentUrl\":\"https:\/\/longchangchemical.com\/wp-content\/uploads\/2025\/03\/1-67.png\",\"width\":600,\"height\":600},{\"@type\":\"BreadcrumbList\",\"@id\":\"https:\/\/longchangchemical.com\/product\/light-stabilizer-610\/#breadcrumb\",\"itemListElement\":[{\"@type\":\"ListItem\",\"position\":1,\"name\":\"Home\",\"item\":\"https:\/\/longchangchemical.com\/\"},{\"@type\":\"ListItem\",\"position\":2,\"name\":\"Products Longchang\",\"item\":\"https:\/\/longchangchemical.com\/product\/\"},{\"@type\":\"ListItem\",\"position\":3,\"name\":\"CHLUMILS\u00ae Light Stabilizer 610\"}]},{\"@type\":\"WebSite\",\"@id\":\"https:\/\/longchangchemical.com\/#website\",\"url\":\"https:\/\/longchangchemical.com\/\",\"name\":\"Longchang Chemical\",\"description\":\"China chemical manufacturer \uff06 supplier\",\"publisher\":{\"@id\":\"https:\/\/longchangchemical.com\/#organization\"},\"potentialAction\":[{\"@type\":\"SearchAction\",\"target\":{\"@type\":\"EntryPoint\",\"urlTemplate\":\"https:\/\/longchangchemical.com\/?s={search_term_string}\"},\"query-input\":{\"@type\":\"PropertyValueSpecification\",\"valueRequired\":true,\"valueName\":\"search_term_string\"}}],\"inLanguage\":\"hu\"},{\"@type\":\"Organization\",\"@id\":\"https:\/\/longchangchemical.com\/#organization\",\"name\":\"Longchang Chemical\",\"url\":\"https:\/\/longchangchemical.com\/\",\"logo\":{\"@type\":\"ImageObject\",\"inLanguage\":\"hu\",\"@id\":\"https:\/\/longchangchemical.com\/#\/schema\/logo\/image\/\",\"url\":\"https:\/\/longchangchemical.com\/wp-content\/uploads\/2020\/08\/cropped-longchang-logo.png\",\"contentUrl\":\"https:\/\/longchangchemical.com\/wp-content\/uploads\/2020\/08\/cropped-longchang-logo.png\",\"width\":512,\"height\":512,\"caption\":\"Longchang Chemical\"},\"image\":{\"@id\":\"https:\/\/longchangchemical.com\/#\/schema\/logo\/image\/\"}}]}<\/script>\n<!-- \/ Yoast SEO plugin. -->","yoast_head_json":{"title":"K\u00edna k\u00f6nny\u0171 stabiliz\u00e1tor 610 gy\u00e1rt\u00f3 - Longchang Chemical","description":"A k\u00ednai k\u00f6nny\u0171 stabiliz\u00e1tor 610 a Longchang Chemical egyik legfontosabb term\u00e9ke. Mi biztos\u00edtjuk a legjobb \u00e1rat. Mi vagyunk a vezet\u0151 gy\u00e1rt\u00f3 K\u00edn\u00e1ban a legjobb min\u0151s\u00e9ggel \u00e9s versenyk\u00e9pes \u00e1rral.","robots":{"index":"index","follow":"follow","max-snippet":"max-snippet:-1","max-image-preview":"max-image-preview:large","max-video-preview":"max-video-preview:-1"},"canonical":"https:\/\/longchangchemical.com\/hu\/product\/light-stabilizer-610\/","og_locale":"hu_HU","og_type":"article","og_title":"China Light Stabilizer 610 Manufacturer - Longchang Chemical","og_description":"China Light Stabilizer 610 is a key product of Longchang Chemical. We provide the best price. We are the leading manufacturer in China with the best quality and competitive price.","og_url":"https:\/\/longchangchemical.com\/hu\/product\/light-stabilizer-610\/","og_site_name":"Longchang Chemical","article_modified_time":"2025-04-01T05:53:14+00:00","og_image":[{"width":600,"height":600,"url":"https:\/\/longchangchemical.com\/wp-content\/uploads\/2025\/03\/1-67.png","type":"image\/png"}],"twitter_card":"summary_large_image","schema":{"@context":"https:\/\/schema.org","@graph":[{"@type":"WebPage","@id":"https:\/\/longchangchemical.com\/product\/light-stabilizer-610\/","url":"https:\/\/longchangchemical.com\/product\/light-stabilizer-610\/","name":"K\u00edna k\u00f6nny\u0171 stabiliz\u00e1tor 610 gy\u00e1rt\u00f3 - Longchang Chemical","isPartOf":{"@id":"https:\/\/longchangchemical.com\/#website"},"primaryImageOfPage":{"@id":"https:\/\/longchangchemical.com\/product\/light-stabilizer-610\/#primaryimage"},"image":{"@id":"https:\/\/longchangchemical.com\/product\/light-stabilizer-610\/#primaryimage"},"thumbnailUrl":"https:\/\/longchangchemical.com\/wp-content\/uploads\/2025\/03\/1-67.png","datePublished":"2025-03-17T06:32:49+00:00","dateModified":"2025-04-01T05:53:14+00:00","description":"A k\u00ednai k\u00f6nny\u0171 stabiliz\u00e1tor 610 a Longchang Chemical egyik legfontosabb term\u00e9ke. Mi biztos\u00edtjuk a legjobb \u00e1rat. Mi vagyunk a vezet\u0151 gy\u00e1rt\u00f3 K\u00edn\u00e1ban a legjobb min\u0151s\u00e9ggel \u00e9s versenyk\u00e9pes \u00e1rral.","breadcrumb":{"@id":"https:\/\/longchangchemical.com\/product\/light-stabilizer-610\/#breadcrumb"},"inLanguage":"hu","potentialAction":[{"@type":"ReadAction","target":["https:\/\/longchangchemical.com\/product\/light-stabilizer-610\/"]}]},{"@type":"ImageObject","inLanguage":"hu","@id":"https:\/\/longchangchemical.com\/product\/light-stabilizer-610\/#primaryimage","url":"https:\/\/longchangchemical.com\/wp-content\/uploads\/2025\/03\/1-67.png","contentUrl":"https:\/\/longchangchemical.com\/wp-content\/uploads\/2025\/03\/1-67.png","width":600,"height":600},{"@type":"BreadcrumbList","@id":"https:\/\/longchangchemical.com\/product\/light-stabilizer-610\/#breadcrumb","itemListElement":[{"@type":"ListItem","position":1,"name":"Home","item":"https:\/\/longchangchemical.com\/"},{"@type":"ListItem","position":2,"name":"Products Longchang","item":"https:\/\/longchangchemical.com\/product\/"},{"@type":"ListItem","position":3,"name":"CHLUMILS\u00ae Light Stabilizer 610"}]},{"@type":"WebSite","@id":"https:\/\/longchangchemical.com\/#website","url":"https:\/\/longchangchemical.com\/","name":"Longchang Chemical","description":"K\u00edna k\u00e9miai gy\u00e1rt\u00f3 \uff06 sz\u00e1ll\u00edt\u00f3","publisher":{"@id":"https:\/\/longchangchemical.com\/#organization"},"potentialAction":[{"@type":"SearchAction","target":{"@type":"EntryPoint","urlTemplate":"https:\/\/longchangchemical.com\/?s={search_term_string}"},"query-input":{"@type":"PropertyValueSpecification","valueRequired":true,"valueName":"search_term_string"}}],"inLanguage":"hu"},{"@type":"Organization","@id":"https:\/\/longchangchemical.com\/#organization","name":"Longchang Chemical","url":"https:\/\/longchangchemical.com\/","logo":{"@type":"ImageObject","inLanguage":"hu","@id":"https:\/\/longchangchemical.com\/#\/schema\/logo\/image\/","url":"https:\/\/longchangchemical.com\/wp-content\/uploads\/2020\/08\/cropped-longchang-logo.png","contentUrl":"https:\/\/longchangchemical.com\/wp-content\/uploads\/2020\/08\/cropped-longchang-logo.png","width":512,"height":512,"caption":"Longchang Chemical"},"image":{"@id":"https:\/\/longchangchemical.com\/#\/schema\/logo\/image\/"}}]}},"_links":{"self":[{"href":"https:\/\/longchangchemical.com\/hu\/wp-json\/wp\/v2\/product\/8128","targetHints":{"allow":["GET"]}}],"collection":[{"href":"https:\/\/longchangchemical.com\/hu\/wp-json\/wp\/v2\/product"}],"about":[{"href":"https:\/\/longchangchemical.com\/hu\/wp-json\/wp\/v2\/types\/product"}],"replies":[{"embeddable":true,"href":"https:\/\/longchangchemical.com\/hu\/wp-json\/wp\/v2\/comments?post=8128"}],"wp:featuredmedia":[{"embeddable":true,"href":"https:\/\/longchangchemical.com\/hu\/wp-json\/wp\/v2\/media\/8129"}],"wp:attachment":[{"href":"https:\/\/longchangchemical.com\/hu\/wp-json\/wp\/v2\/media?parent=8128"}],"wp:term":[{"taxonomy":"product_brand","embeddable":true,"href":"https:\/\/longchangchemical.com\/hu\/wp-json\/wp\/v2\/product_brand?post=8128"},{"taxonomy":"product_cat","embeddable":true,"href":"https:\/\/longchangchemical.com\/hu\/wp-json\/wp\/v2\/product_cat?post=8128"},{"taxonomy":"product_tag","embeddable":true,"href":"https:\/\/longchangchemical.com\/hu\/wp-json\/wp\/v2\/product_tag?post=8128"}],"curies":[{"name":"wp","href":"https:\/\/api.w.org\/{rel}","templated":true}]}}