{"id":7896,"date":"2025-02-17T10:58:49","date_gmt":"2025-02-17T10:58:49","guid":{"rendered":"https:\/\/longchangchemical.com\/?post_type=product&#038;p=7896"},"modified":"2026-01-12T08:52:59","modified_gmt":"2026-01-12T08:52:59","slug":"light-soda-ash-cas-497-19-8","status":"publish","type":"product","link":"https:\/\/longchangchemical.com\/hu\/product\/light-soda-ash-cas-497-19-8\/","title":{"rendered":"Ipari min\u0151s\u00e9g\u0171 k\u00f6nny\u0171 sz\u00f3da hamu CAS 497-19-8"},"content":{"rendered":"<h1><strong>Ipari min\u0151s\u00e9g\u0171 k\u00f6nny\u0171 sz\u00f3da hamu CAS 497-19-8<\/strong><\/h1>\n<table style=\"border-collapse: collapse; width: 402.77pt;\" border=\"0\" width=\"537\" cellspacing=\"0\" cellpadding=\"0\">\n<tbody>\n<tr style=\"height: 30.00pt;\">\n<td class=\"et2\" style=\"height: 30.00pt; width: 229.50pt;\" width=\"306\" height=\"40\">Tulajdons\u00e1gok<\/td>\n<td class=\"et2\" style=\"width: 173.25pt;\" width=\"231\">Light Soda Ash term\u00e9kinform\u00e1ci\u00f3 Tulajdons\u00e1gok<\/td>\n<\/tr>\n<tr style=\"height: 15.00pt;\">\n<td class=\"et2\" style=\"height: 15.00pt; width: 229.50pt;\" width=\"306\" height=\"20\">CAS-sz\u00e1m.<\/td>\n<td class=\"et2\" style=\"width: 173.25pt;\" width=\"231\">497-19-8<\/td>\n<\/tr>\n<tr style=\"height: 15.00pt;\">\n<td class=\"et2\" style=\"height: 15.00pt; width: 229.50pt;\" width=\"306\" height=\"20\">Term\u00e9k neve<\/td>\n<td class=\"et2\" style=\"width: 173.25pt;\" width=\"231\">K\u00f6nny\u0171 sz\u00f3dabikarb\u00f3na<\/td>\n<\/tr>\n<tr style=\"height: 15.00pt;\">\n<td class=\"et2\" style=\"height: 15.00pt; width: 229.50pt;\" width=\"306\" height=\"20\">N\u00e9v (\u00e1ln\u00e9v)<\/td>\n<td class=\"et2\" style=\"width: 173.25pt;\" width=\"231\">N\u00e1trium-karbon\u00e1t<\/td>\n<\/tr>\n<tr style=\"height: 15.00pt;\">\n<td class=\"et2\" style=\"height: 15.00pt; width: 229.50pt;\" width=\"306\" height=\"20\">Term\u00e9kmin\u0151s\u00e9g<\/td>\n<td class=\"et2\" style=\"width: 173.25pt;\" width=\"231\">Ipari min\u0151s\u00e9g\u0171<\/td>\n<\/tr>\n<tr style=\"height: 15.00pt;\">\n<td class=\"et2\" style=\"height: 15.00pt; width: 229.50pt;\" width=\"306\" height=\"20\">Vesz\u00e9lyes oszt\u00e1ly<\/td>\n<td class=\"et2\" style=\"width: 173.25pt;\" width=\"231\">Nem vesz\u00e9lyes \u00e1ruk<\/td>\n<\/tr>\n<tr style=\"height: 15.00pt;\">\n<td class=\"et2\" style=\"height: 15.00pt; width: 229.50pt;\" width=\"306\" height=\"20\">Tartalom<\/td>\n<td class=\"et2\" style=\"width: 173.25pt;\" width=\"231\">\u226599.2%<\/td>\n<\/tr>\n<tr style=\"height: 15.00pt;\">\n<td class=\"et2\" style=\"height: 15.00pt; width: 229.50pt;\" width=\"306\" height=\"20\">Modell<\/td>\n<td class=\"et2\" style=\"width: 173.25pt;\" width=\"231\">Ipari min\u0151s\u00e9g\u0171 k\u00f6nny\u0171 sz\u00f3dabikarb\u00f3na<\/td>\n<\/tr>\n<tr style=\"height: 30.00pt;\">\n<td class=\"et2\" style=\"height: 30.00pt; width: 229.50pt;\" width=\"306\" height=\"40\">Gy\u00e1rt\u00f3 (sz\u00e1rmaz\u00e1si hely)<\/td>\n<td class=\"et2\" style=\"width: 173.25pt;\" width=\"231\">Shandong Weifang Binhai gazdas\u00e1gi fejleszt\u00e9si z\u00f3na<\/td>\n<\/tr>\n<tr style=\"height: 15.00pt;\">\n<td class=\"et2\" style=\"height: 15.00pt; width: 229.50pt;\" width=\"306\" height=\"20\">Szemcs\u00e9zetts\u00e9g<\/td>\n<td class=\"et2\" style=\"width: 173.25pt;\" width=\"231\">100 h\u00e1l\u00f3szem<\/td>\n<\/tr>\n<tr style=\"height: 15.00pt;\">\n<td class=\"et2\" style=\"height: 15.00pt; width: 229.50pt;\" width=\"306\" height=\"20\">Kivitelez\u00e9si min\u0151s\u00e9gi szabv\u00e1ny<\/td>\n<td class=\"et2\" style=\"width: 173.25pt;\" width=\"231\">GB210.1-2004 II. oszt\u00e1ly<\/td>\n<\/tr>\n<tr style=\"height: 15.00pt;\">\n<td class=\"et2\" style=\"height: 15.00pt; width: 229.50pt;\" width=\"306\" height=\"20\">F\u0151 \u00f6sszetev\u0151k<\/td>\n<td class=\"et2\" style=\"width: 173.25pt;\" width=\"231\">N\u00e1trium-karbon\u00e1t<\/td>\n<\/tr>\n<tr style=\"height: 15.00pt;\">\n<td class=\"et2\" style=\"height: 15.00pt; width: 229.50pt;\" width=\"306\" height=\"20\">Molekula k\u00e9plet<\/td>\n<td class=\"et2\" style=\"width: 173.25pt;\" width=\"231\">Na2CO3<\/td>\n<\/tr>\n<tr style=\"height: 15.00pt;\">\n<td class=\"et2\" style=\"height: 15.00pt; width: 229.50pt;\" width=\"306\" height=\"20\">Megjelen\u00e9s<\/td>\n<td class=\"et2\" style=\"width: 173.25pt;\" width=\"231\">Feh\u00e9r por<\/td>\n<\/tr>\n<tr style=\"height: 15.00pt;\">\n<td class=\"et2\" style=\"height: 15.00pt; width: 229.50pt;\" width=\"306\" height=\"20\">PH-\u00e9rt\u00e9k<\/td>\n<td class=\"et2\" style=\"width: 173.25pt;\" align=\"right\" width=\"231\">11.6<\/td>\n<\/tr>\n<tr style=\"height: 15.00pt;\">\n<td class=\"et2\" style=\"height: 15.00pt; width: 229.50pt;\" width=\"306\" height=\"20\">EINECS-sz\u00e1m<\/td>\n<td class=\"et2\" style=\"width: 173.25pt;\" width=\"231\">207-838-8<\/td>\n<\/tr>\n<tr style=\"height: 30.00pt;\">\n<td class=\"et2\" style=\"height: 30.00pt; width: 229.50pt;\" width=\"306\" height=\"40\">Gy\u00e1rt\u00e1si folyamat<\/td>\n<td class=\"et2\" style=\"width: 173.25pt;\" width=\"231\">Amm\u00f3nia-b\u00e1zis\u00fa m\u00f3dszer, Uni\u00f3-b\u00e1zis\u00fa m\u00f3dszer<\/td>\n<\/tr>\n<tr style=\"height: 15.00pt;\">\n<td class=\"et2\" style=\"height: 15.00pt; width: 229.50pt;\" width=\"306\" height=\"20\">Szavatoss\u00e1gi id\u0151<\/td>\n<td class=\"et2\" style=\"width: 173.25pt;\" width=\"231\">2 \u00e9v<\/td>\n<\/tr>\n<tr style=\"height: 15.00pt;\">\n<td class=\"et2\" style=\"height: 15.00pt; width: 229.50pt;\" width=\"306\" height=\"20\">Csomagol\u00e1s<\/td>\n<td class=\"et2\" style=\"width: 173.25pt;\" width=\"231\">40kg, 750kg tonn\u00e1s csomag<\/td>\n<\/tr>\n<tr style=\"height: 15.00pt;\">\n<td class=\"et2\" style=\"height: 15.00pt; width: 229.50pt;\" width=\"306\" height=\"20\">HS-k\u00f3d<\/td>\n<td class=\"et2\" style=\"width: 173.25pt;\" align=\"right\" width=\"231\">2836200000<\/td>\n<\/tr>\n<\/tbody>\n<\/table>\n<h2><strong>K\u00f6nny\u0171 sz\u00f3da hamu felhaszn\u00e1l\u00e1sa<\/strong><\/h2>\n<p>1, az \u00fcvegipar a sz\u00f3da fogyaszt\u00e1s\u00e1nak legnagyobb forr\u00e1sa, minden tonna \u00fcvegfogyaszt\u00e1s 0,2 t sz\u00f3da. F\u0151leg az \u00fasztatott \u00fcvegben, k\u00e9pcs\u0151 \u00fcvegh\u00e9jban, optikai \u00fcvegben stb. haszn\u00e1lt.<\/p>\n<p>2\u3001A vegyiparban, koh\u00e1szatban \u00e9s \u00edgy tov\u00e1bb. A neh\u00e9z sz\u00f3da haszn\u00e1lata cs\u00f6kkentheti a l\u00fagos port, cs\u00f6kkentheti a nyersanyag-fogyaszt\u00e1st, jav\u00edthatja a munkafelt\u00e9teleket, de jav\u00edthatja a term\u00e9kmin\u0151s\u00e9get is, mik\u00f6zben cs\u00f6kkenti a l\u00fagos por er\u00f3zi\u00f3j\u00e1t a t\u0171z\u00e1ll\u00f3 anyagokon, hogy meghosszabb\u00edtsa a kemence \u00e9lettartam\u00e1t.<\/p>\n<p>3\u3001A puffer, semleges\u00edt\u0151 \u00e9s t\u00e9sztajav\u00edt\u00f3, p\u00e9ks\u00fctem\u00e9nyekben \u00e9s t\u00e9sztaf\u00e9l\u00e9kben haszn\u00e1lhat\u00f3, a megfelel\u0151 mennyis\u00e9g\u0171 felhaszn\u00e1l\u00e1s termel\u00e9si ig\u00e9nyeinek megfelel\u0151en.<\/p>\n<p>4\u3001A gyapj\u00fa \u00f6bl\u00edt\u00e9s\u00e9re szolg\u00e1l\u00f3 mos\u00f3szerk\u00e9nt, f\u00fcrd\u0151s\u00f3k\u00e9nt \u00e9s gy\u00f3gyszerk\u00e9nt, a cserz\u00e9sben l\u00fagos\u00edt\u00f3 szerk\u00e9nt haszn\u00e1lj\u00e1k.<\/p>\n<p>5\u3001Az \u00e9lelmiszeriparban, semleges\u00edt\u0151k\u00e9nt, t\u00e9rfogatn\u00f6vel\u0151 anyagk\u00e9nt, p\u00e9ld\u00e1ul aminosavak, sz\u00f3jasz\u00f3sz \u00e9s t\u00e9szta\u00e9telek, p\u00e9ld\u00e1ul p\u00e1rolt keny\u00e9r, keny\u00e9r \u00e9s \u00edgy tov\u00e1bb, el\u0151\u00e1ll\u00edt\u00e1s\u00e1hoz haszn\u00e1lj\u00e1k. L\u00fagos v\u00edzben is megfogalmazhat\u00f3, amelyet a t\u00e9szt\u00e1hoz adnak a rugalmass\u00e1g \u00e9s a k\u00e9pl\u00e9kenys\u00e9g n\u00f6vel\u00e9se \u00e9rdek\u00e9ben. A n\u00e1trium-karbon\u00e1t monon\u00e1trium-glutam\u00e1t el\u0151\u00e1ll\u00edt\u00e1s\u00e1ra is felhaszn\u00e1lhat\u00f3.<\/p>\n<p>6\u3001Speci\u00e1lis reagens sz\u00ednes TV-hez<\/p>\n<p>7\u3001A gy\u00f3gyszeriparban savlek\u00f6t\u0151k\u00e9nt \u00e9s ozmotikus k\u00f6nny\u0171 hashajt\u00f3k\u00e9nt haszn\u00e1lj\u00e1k.<\/p>\n<p>8\u3001K\u00e9miai \u00e9s elektrok\u00e9miai zs\u00edrtalan\u00edt\u00e1s, k\u00e9miai r\u00e9zbevonat, alum\u00ednium marat\u00e1s, alum\u00ednium \u00e9s \u00f6tv\u00f6zetek elektrolitikus pol\u00edroz\u00e1sa, alum\u00ednium k\u00e9miai oxid\u00e1ci\u00f3ja, foszf\u00e1toz\u00e1s a lez\u00e1r\u00e1s ut\u00e1n, rozsdav\u00e9delem a folyamatok k\u00f6z\u00f6tt, kr\u00f3moz\u00e1s elektrolitikus elt\u00e1vol\u00edt\u00e1sa \u00e9s kr\u00f3m-oxidfilm elt\u00e1vol\u00edt\u00e1sa stb., valamint r\u00e9z el\u0151bevonatoz\u00e1s\u00e1ra, ac\u00e9lbevonatoz\u00e1sra, vas \u00e9s ac\u00e9l\u00f6tv\u00f6zetek elektrolitban t\u00f6rt\u00e9n\u0151 bevon\u00e1s\u00e1ra is haszn\u00e1lj\u00e1k.<\/p>\n<p>9\u3001A koh\u00e1szati iparban olvaszt\u00f3folyad\u00e9kk\u00e9nt, az \u00e9rcfeldolgoz\u00e1sban flot\u00e1ci\u00f3s szerk\u00e9nt, az ac\u00e9lgy\u00e1rt\u00e1sban \u00e9s az antimon-finom\u00edt\u00e1sban k\u00e9ntelen\u00edt\u0151k\u00e9nt haszn\u00e1lj\u00e1k.<\/p>\n<p>10\u3001V\u00edzl\u00e1gy\u00edt\u00f3k\u00e9nt haszn\u00e1lj\u00e1k a nyomdaiparban \u00e9s a fest\u0151iparban.<\/p>\n<p>11\u3001A cserz\u0151iparban a nyersanyag b\u0151r zs\u00edrtalan\u00edt\u00e1s\u00e1ra, a kr\u00f3mcserzett b\u0151r semleges\u00edt\u00e9s\u00e9re \u00e9s a kr\u00f3mcserz\u0151 oldat l\u00fagoss\u00e1g\u00e1nak jav\u00edt\u00e1s\u00e1ra haszn\u00e1lj\u00e1k.<\/p>\n<p>12\u3001A sav kalibr\u00e1l\u00e1s\u00e1ra szolg\u00e1l\u00f3 referencia\u00e9rt\u00e9k kvantitat\u00edv elemz\u00e9se. Alum\u00ednium, k\u00e9n, r\u00e9z, \u00f3lom \u00e9s cink meghat\u00e1roz\u00e1sa. Vizelet \u00e9s teljes v\u00e9rcukorszint vizsg\u00e1lata. A cementben l\u00e9v\u0151 szil\u00edcium-dioxid t\u00e1rsold\u00f3szer\u00e9nek elemz\u00e9se. F\u00e9mek metallogr\u00e1fiai elemz\u00e9se stb.<\/p>\n<p>&nbsp;<\/p>\n<h2><strong><b>L\u00e9pjen kapcsolatba vel\u00fcnk most!<\/b><\/strong><\/h2>\n<h4><strong><b>Ha \u00e1r- \u00e9s mintatesztre van sz\u00fcks\u00e9ge, k\u00e9rj\u00fck, t\u00f6ltse ki el\u00e9rhet\u0151s\u00e9g\u00e9t az al\u00e1bbi \u0171rlapon, \u00e1ltal\u00e1ban 24 \u00f3r\u00e1n bel\u00fcl felvessz\u00fck \u00d6nnel a kapcsolatot. \u00d6n is k\u00fcldhet nekem e-mailt <span style=\"color: #00ccff;\"><a style=\"color: #00ccff;\" href=\"mailto:info@longchangchemical.com\">info@longchangchemical.com<\/a><\/span> munkaid\u0151ben ( 8:30-18:00 UTC+8 H.-Szombat ) vagy haszn\u00e1lja a weboldal \u00e9l\u0151 chatj\u00e9t, hogy azonnali v\u00e1laszt kapjon.<\/b><\/strong><\/h4>","protected":false},"excerpt":{"rendered":"<p>Term\u00e9k neve: K\u00f6nny\u0171 sz\u00f3dabikarb\u00f3na<\/p>\n<p>CAS-sz\u00e1m: 497-19-8<\/p>\n<p>N\u00e9v (\u00e1ln\u00e9v): N\u00e1trium-karbon\u00e1t<\/p>\n<p>Term\u00e9kmin\u0151s\u00e9g: Ipari min\u0151s\u00e9g\u0171<\/p>","protected":false},"featured_media":7897,"comment_status":"closed","ping_status":"closed","template":"","meta":[],"product_brand":[],"product_cat":[109],"product_tag":[],"class_list":{"0":"post-7896","1":"product","2":"type-product","3":"status-publish","4":"has-post-thumbnail","6":"product_cat-water-treatment","8":"first","9":"instock","10":"shipping-taxable","11":"product-type-simple"},"yoast_head":"<!-- This site is optimized with the Yoast SEO plugin v25.3.1 - https:\/\/yoast.com\/wordpress\/plugins\/seo\/ -->\n<title>China Industrial grade Light Soda Ash CAS 497-19-8 Manufacturer - Longchang Chemical<\/title>\n<meta name=\"description\" content=\"Industrial grade Light Soda Ash CAS 497-19-8 is a key product of Longchang Chemical. We provide the best price. We are the leading manufacturer in China with the best quality and competitive price. Other Name: Sodium carbonate\" \/>\n<meta name=\"robots\" content=\"index, follow, max-snippet:-1, max-image-preview:large, max-video-preview:-1\" \/>\n<link rel=\"canonical\" href=\"https:\/\/longchangchemical.com\/hu\/product\/light-soda-ash-cas-497-19-8\/\" \/>\n<meta property=\"og:locale\" content=\"hu_HU\" \/>\n<meta property=\"og:type\" content=\"article\" \/>\n<meta property=\"og:title\" content=\"China Industrial grade Light Soda Ash CAS 497-19-8 Manufacturer - Longchang Chemical\" \/>\n<meta property=\"og:description\" content=\"Industrial grade Light Soda Ash CAS 497-19-8 is a key product of Longchang Chemical. We provide the best price. We are the leading manufacturer in China with the best quality and competitive price. Other Name: Sodium carbonate\" \/>\n<meta property=\"og:url\" content=\"https:\/\/longchangchemical.com\/hu\/product\/light-soda-ash-cas-497-19-8\/\" \/>\n<meta property=\"og:site_name\" content=\"Longchang Chemical\" \/>\n<meta property=\"article:modified_time\" content=\"2026-01-12T08:52:59+00:00\" \/>\n<meta property=\"og:image\" content=\"https:\/\/longchangchemical.com\/wp-content\/uploads\/2025\/02\/Soda-ash-light.jpg\" \/>\n\t<meta property=\"og:image:width\" content=\"225\" \/>\n\t<meta property=\"og:image:height\" content=\"225\" \/>\n\t<meta property=\"og:image:type\" content=\"image\/jpeg\" \/>\n<meta name=\"twitter:card\" content=\"summary_large_image\" \/>\n<script type=\"application\/ld+json\" class=\"yoast-schema-graph\">{\"@context\":\"https:\/\/schema.org\",\"@graph\":[{\"@type\":\"WebPage\",\"@id\":\"https:\/\/longchangchemical.com\/product\/light-soda-ash-cas-497-19-8\/\",\"url\":\"https:\/\/longchangchemical.com\/product\/light-soda-ash-cas-497-19-8\/\",\"name\":\"China Industrial grade Light Soda Ash CAS 497-19-8 Manufacturer - Longchang Chemical\",\"isPartOf\":{\"@id\":\"https:\/\/longchangchemical.com\/#website\"},\"primaryImageOfPage\":{\"@id\":\"https:\/\/longchangchemical.com\/product\/light-soda-ash-cas-497-19-8\/#primaryimage\"},\"image\":{\"@id\":\"https:\/\/longchangchemical.com\/product\/light-soda-ash-cas-497-19-8\/#primaryimage\"},\"thumbnailUrl\":\"https:\/\/longchangchemical.com\/wp-content\/uploads\/2025\/02\/Soda-ash-light.jpg\",\"datePublished\":\"2025-02-17T10:58:49+00:00\",\"dateModified\":\"2026-01-12T08:52:59+00:00\",\"description\":\"Industrial grade Light Soda Ash CAS 497-19-8 is a key product of Longchang Chemical. We provide the best price. We are the leading manufacturer in China with the best quality and competitive price. Other Name: Sodium carbonate\",\"breadcrumb\":{\"@id\":\"https:\/\/longchangchemical.com\/product\/light-soda-ash-cas-497-19-8\/#breadcrumb\"},\"inLanguage\":\"hu\",\"potentialAction\":[{\"@type\":\"ReadAction\",\"target\":[\"https:\/\/longchangchemical.com\/product\/light-soda-ash-cas-497-19-8\/\"]}]},{\"@type\":\"ImageObject\",\"inLanguage\":\"hu\",\"@id\":\"https:\/\/longchangchemical.com\/product\/light-soda-ash-cas-497-19-8\/#primaryimage\",\"url\":\"https:\/\/longchangchemical.com\/wp-content\/uploads\/2025\/02\/Soda-ash-light.jpg\",\"contentUrl\":\"https:\/\/longchangchemical.com\/wp-content\/uploads\/2025\/02\/Soda-ash-light.jpg\",\"width\":225,\"height\":225},{\"@type\":\"BreadcrumbList\",\"@id\":\"https:\/\/longchangchemical.com\/product\/light-soda-ash-cas-497-19-8\/#breadcrumb\",\"itemListElement\":[{\"@type\":\"ListItem\",\"position\":1,\"name\":\"Home\",\"item\":\"https:\/\/longchangchemical.com\/\"},{\"@type\":\"ListItem\",\"position\":2,\"name\":\"Products Longchang\",\"item\":\"https:\/\/longchangchemical.com\/product\/\"},{\"@type\":\"ListItem\",\"position\":3,\"name\":\"Industrial grade Light Soda Ash CAS 497-19-8\"}]},{\"@type\":\"WebSite\",\"@id\":\"https:\/\/longchangchemical.com\/#website\",\"url\":\"https:\/\/longchangchemical.com\/\",\"name\":\"Longchang Chemical\",\"description\":\"China chemical manufacturer \uff06 supplier\",\"publisher\":{\"@id\":\"https:\/\/longchangchemical.com\/#organization\"},\"potentialAction\":[{\"@type\":\"SearchAction\",\"target\":{\"@type\":\"EntryPoint\",\"urlTemplate\":\"https:\/\/longchangchemical.com\/?s={search_term_string}\"},\"query-input\":{\"@type\":\"PropertyValueSpecification\",\"valueRequired\":true,\"valueName\":\"search_term_string\"}}],\"inLanguage\":\"hu\"},{\"@type\":\"Organization\",\"@id\":\"https:\/\/longchangchemical.com\/#organization\",\"name\":\"Longchang Chemical\",\"url\":\"https:\/\/longchangchemical.com\/\",\"logo\":{\"@type\":\"ImageObject\",\"inLanguage\":\"hu\",\"@id\":\"https:\/\/longchangchemical.com\/#\/schema\/logo\/image\/\",\"url\":\"https:\/\/longchangchemical.com\/wp-content\/uploads\/2020\/08\/cropped-longchang-logo.png\",\"contentUrl\":\"https:\/\/longchangchemical.com\/wp-content\/uploads\/2020\/08\/cropped-longchang-logo.png\",\"width\":512,\"height\":512,\"caption\":\"Longchang Chemical\"},\"image\":{\"@id\":\"https:\/\/longchangchemical.com\/#\/schema\/logo\/image\/\"}}]}<\/script>\n<!-- \/ Yoast SEO plugin. -->","yoast_head_json":{"title":"K\u00edna ipari min\u0151s\u00e9g\u0171 k\u00f6nny\u0171 sz\u00f3da hamu CAS 497-19-8 gy\u00e1rt\u00f3 - Longchang Chemical","description":"Az ipari min\u0151s\u00e9g\u0171 k\u00f6nny\u0171 sz\u00f3dabikarb\u00f3na CAS 497-19-8 a Longchang Chemical egyik legfontosabb term\u00e9ke. A legjobb \u00e1rat biztos\u00edtjuk. Mi vagyunk a vezet\u0151 gy\u00e1rt\u00f3 K\u00edn\u00e1ban a legjobb min\u0151s\u00e9ggel \u00e9s versenyk\u00e9pes \u00e1rral. Egy\u00e9b n\u00e9v: N\u00e1trium-karbon\u00e1t","robots":{"index":"index","follow":"follow","max-snippet":"max-snippet:-1","max-image-preview":"max-image-preview:large","max-video-preview":"max-video-preview:-1"},"canonical":"https:\/\/longchangchemical.com\/hu\/product\/light-soda-ash-cas-497-19-8\/","og_locale":"hu_HU","og_type":"article","og_title":"China Industrial grade Light Soda Ash CAS 497-19-8 Manufacturer - Longchang Chemical","og_description":"Industrial grade Light Soda Ash CAS 497-19-8 is a key product of Longchang Chemical. We provide the best price. We are the leading manufacturer in China with the best quality and competitive price. Other Name: Sodium carbonate","og_url":"https:\/\/longchangchemical.com\/hu\/product\/light-soda-ash-cas-497-19-8\/","og_site_name":"Longchang Chemical","article_modified_time":"2026-01-12T08:52:59+00:00","og_image":[{"width":225,"height":225,"url":"https:\/\/longchangchemical.com\/wp-content\/uploads\/2025\/02\/Soda-ash-light.jpg","type":"image\/jpeg"}],"twitter_card":"summary_large_image","schema":{"@context":"https:\/\/schema.org","@graph":[{"@type":"WebPage","@id":"https:\/\/longchangchemical.com\/product\/light-soda-ash-cas-497-19-8\/","url":"https:\/\/longchangchemical.com\/product\/light-soda-ash-cas-497-19-8\/","name":"K\u00edna ipari min\u0151s\u00e9g\u0171 k\u00f6nny\u0171 sz\u00f3da hamu CAS 497-19-8 gy\u00e1rt\u00f3 - Longchang Chemical","isPartOf":{"@id":"https:\/\/longchangchemical.com\/#website"},"primaryImageOfPage":{"@id":"https:\/\/longchangchemical.com\/product\/light-soda-ash-cas-497-19-8\/#primaryimage"},"image":{"@id":"https:\/\/longchangchemical.com\/product\/light-soda-ash-cas-497-19-8\/#primaryimage"},"thumbnailUrl":"https:\/\/longchangchemical.com\/wp-content\/uploads\/2025\/02\/Soda-ash-light.jpg","datePublished":"2025-02-17T10:58:49+00:00","dateModified":"2026-01-12T08:52:59+00:00","description":"Az ipari min\u0151s\u00e9g\u0171 k\u00f6nny\u0171 sz\u00f3dabikarb\u00f3na CAS 497-19-8 a Longchang Chemical egyik legfontosabb term\u00e9ke. A legjobb \u00e1rat biztos\u00edtjuk. Mi vagyunk a vezet\u0151 gy\u00e1rt\u00f3 K\u00edn\u00e1ban a legjobb min\u0151s\u00e9ggel \u00e9s versenyk\u00e9pes \u00e1rral. Egy\u00e9b n\u00e9v: N\u00e1trium-karbon\u00e1t","breadcrumb":{"@id":"https:\/\/longchangchemical.com\/product\/light-soda-ash-cas-497-19-8\/#breadcrumb"},"inLanguage":"hu","potentialAction":[{"@type":"ReadAction","target":["https:\/\/longchangchemical.com\/product\/light-soda-ash-cas-497-19-8\/"]}]},{"@type":"ImageObject","inLanguage":"hu","@id":"https:\/\/longchangchemical.com\/product\/light-soda-ash-cas-497-19-8\/#primaryimage","url":"https:\/\/longchangchemical.com\/wp-content\/uploads\/2025\/02\/Soda-ash-light.jpg","contentUrl":"https:\/\/longchangchemical.com\/wp-content\/uploads\/2025\/02\/Soda-ash-light.jpg","width":225,"height":225},{"@type":"BreadcrumbList","@id":"https:\/\/longchangchemical.com\/product\/light-soda-ash-cas-497-19-8\/#breadcrumb","itemListElement":[{"@type":"ListItem","position":1,"name":"Home","item":"https:\/\/longchangchemical.com\/"},{"@type":"ListItem","position":2,"name":"Products Longchang","item":"https:\/\/longchangchemical.com\/product\/"},{"@type":"ListItem","position":3,"name":"Industrial grade Light Soda Ash CAS 497-19-8"}]},{"@type":"WebSite","@id":"https:\/\/longchangchemical.com\/#website","url":"https:\/\/longchangchemical.com\/","name":"Longchang Chemical","description":"K\u00edna k\u00e9miai gy\u00e1rt\u00f3 \uff06 sz\u00e1ll\u00edt\u00f3","publisher":{"@id":"https:\/\/longchangchemical.com\/#organization"},"potentialAction":[{"@type":"SearchAction","target":{"@type":"EntryPoint","urlTemplate":"https:\/\/longchangchemical.com\/?s={search_term_string}"},"query-input":{"@type":"PropertyValueSpecification","valueRequired":true,"valueName":"search_term_string"}}],"inLanguage":"hu"},{"@type":"Organization","@id":"https:\/\/longchangchemical.com\/#organization","name":"Longchang Chemical","url":"https:\/\/longchangchemical.com\/","logo":{"@type":"ImageObject","inLanguage":"hu","@id":"https:\/\/longchangchemical.com\/#\/schema\/logo\/image\/","url":"https:\/\/longchangchemical.com\/wp-content\/uploads\/2020\/08\/cropped-longchang-logo.png","contentUrl":"https:\/\/longchangchemical.com\/wp-content\/uploads\/2020\/08\/cropped-longchang-logo.png","width":512,"height":512,"caption":"Longchang Chemical"},"image":{"@id":"https:\/\/longchangchemical.com\/#\/schema\/logo\/image\/"}}]}},"_links":{"self":[{"href":"https:\/\/longchangchemical.com\/hu\/wp-json\/wp\/v2\/product\/7896","targetHints":{"allow":["GET"]}}],"collection":[{"href":"https:\/\/longchangchemical.com\/hu\/wp-json\/wp\/v2\/product"}],"about":[{"href":"https:\/\/longchangchemical.com\/hu\/wp-json\/wp\/v2\/types\/product"}],"replies":[{"embeddable":true,"href":"https:\/\/longchangchemical.com\/hu\/wp-json\/wp\/v2\/comments?post=7896"}],"wp:featuredmedia":[{"embeddable":true,"href":"https:\/\/longchangchemical.com\/hu\/wp-json\/wp\/v2\/media\/7897"}],"wp:attachment":[{"href":"https:\/\/longchangchemical.com\/hu\/wp-json\/wp\/v2\/media?parent=7896"}],"wp:term":[{"taxonomy":"product_brand","embeddable":true,"href":"https:\/\/longchangchemical.com\/hu\/wp-json\/wp\/v2\/product_brand?post=7896"},{"taxonomy":"product_cat","embeddable":true,"href":"https:\/\/longchangchemical.com\/hu\/wp-json\/wp\/v2\/product_cat?post=7896"},{"taxonomy":"product_tag","embeddable":true,"href":"https:\/\/longchangchemical.com\/hu\/wp-json\/wp\/v2\/product_tag?post=7896"}],"curies":[{"name":"wp","href":"https:\/\/api.w.org\/{rel}","templated":true}]}}