{"id":7591,"date":"2024-11-11T06:01:31","date_gmt":"2024-11-11T06:01:31","guid":{"rendered":"https:\/\/longchangchemical.com\/?post_type=product&#038;p=7591"},"modified":"2025-12-16T01:54:30","modified_gmt":"2025-12-16T01:54:30","slug":"photoinitiator-cat-440-cas-60565-88-0","status":"publish","type":"product","link":"https:\/\/longchangchemical.com\/hu\/product\/photoinitiator-cat-440-cas-60565-88-0\/","title":{"rendered":"CHLUMINIT\u00ae CAT-440 \/ CAT-440 fotoinici\u00e1tor CAS 60565-88-0"},"content":{"rendered":"<h1>CAT-440<\/h1>\n<p><strong><b>Szinonim\u00e1ja: <\/b><\/strong>\u00a0Bis(4-metilfenil)j\u00f3dium-hexafluorfoszf\u00e1t<\/p>\n<p><strong><b>CAS-sz\u00e1m<\/b><\/strong>:\u00a0\u00a060565-88-0<\/p>\n<p><strong><b>Molekul\u00e1ris k\u00e9plet:<\/b><\/strong><strong><b>\u00a0<\/b><\/strong>\u00a0C14H14F6IP<\/p>\n<p><strong><b>\u00c1ltal\u00e1nos inform\u00e1ci\u00f3k<\/b><\/strong><strong><b>:<\/b><\/strong><\/p>\n<p>A CAT-440 egy j\u00f3dium s\u00f3 kationos fotoinici\u00e1tor, amelynek jellemz\u0151i a magas inici\u00e1tor aktivit\u00e1s, a gyors kem\u00e9nyed\u00e9si sebess\u00e9g, a j\u00f3 fel\u00fcleti sz\u00e1rad\u00e1s, a s\u00e1rgul\u00e1s, a migr\u00e1ci\u00f3 \u00e9s a szagmentess\u00e9g stb. J\u00f3 abszorpci\u00f3val rendelkezik 365 nm-en \u00e9s 385 nm-en, ha \u00e9rz\u00e9keny\u00edt\u0151vel egy\u00fctt haszn\u00e1lj\u00e1k.<\/p>\n<p><strong><b>Specifik\u00e1ci\u00f3<\/b><\/strong><strong><b>:<\/b><\/strong><\/p>\n<table>\n<tbody>\n<tr>\n<td width=\"204\">Megjelen\u00e9s<\/td>\n<td width=\"214\">Feh\u00e9r krist\u00e1lypor<\/td>\n<\/tr>\n<tr>\n<td width=\"204\">Tisztas\u00e1g<\/td>\n<td width=\"214\">\u226599%<\/td>\n<\/tr>\n<tr>\n<td width=\"204\">Olvad\u00e1spont<\/td>\n<td width=\"214\">165-172\u2103<\/td>\n<\/tr>\n<tr>\n<td width=\"204\">Ill\u00e9kony tartalom<\/td>\n<td width=\"214\">\u22640,5%<\/td>\n<\/tr>\n<\/tbody>\n<\/table>\n<p><strong><b>Haszn\u00e1lat<\/b><\/strong><strong><b>:<\/b><\/strong><\/p>\n<p>Els\u0151sorban k\u00fcl\u00f6nb\u00f6z\u0151 kationos f\u00e9nykem\u00e9ny\u00edt\u0151 rendszerekben, f\u0151k\u00e9nt vil\u00e1gos sz\u00edn\u0171 rendszerekben haszn\u00e1lj\u00e1k.<\/p>\n<p><strong><b>Csomag<\/b><\/strong><strong><b>:<\/b><\/strong><\/p>\n<p>20 kg\/doboz<\/p>\n<p><strong><b>T\u00e1rol\u00e1s:<\/b><\/strong><\/p>\n<p>Sz\u00e1raz, tiszta, szell\u0151ztetett rakt\u00e1rban t\u00e1rolja.<br \/>\nKer\u00fclje a f\u00e9nynek \u00e9s a h\u0151nek val\u00f3 kitetts\u00e9get.<br \/>\nA sz\u00e1ll\u00edt\u00e1s sor\u00e1n \u00fcgyeljen a sziv\u00e1rg\u00e1s, az es\u0151 \u00e9s a naps\u00fct\u00e9s elker\u00fcl\u00e9s\u00e9re.<\/p>\n<h2><strong><b>L\u00e9pjen kapcsolatba vel\u00fcnk most!<\/b><\/strong><\/h2>\n<h4><strong><b>Ha sz\u00fcks\u00e9ge van Price-ra, k\u00e9rj\u00fck, t\u00f6ltse ki el\u00e9rhet\u0151s\u00e9g\u00e9t az al\u00e1bbi \u0171rlapon, \u00e1ltal\u00e1ban 24 \u00f3r\u00e1n bel\u00fcl felvessz\u00fck \u00d6nnel a kapcsolatot. \u00d6n is k\u00fcldhet nekem e-mailt <span style=\"color: #00ccff;\"><a style=\"color: #00ccff;\" href=\"mailto:info@longchangchemical.com\">info@longchangchemical.com<\/a><\/span>\u00a0munkaid\u0151ben ( 8:30-18:00 UTC+8 H.~Szombat ) vagy haszn\u00e1lja a weboldal \u00e9l\u0151 chatj\u00e9t, hogy azonnali v\u00e1laszt kapjon.<\/b><\/strong><\/h4>\n<p>&nbsp;<\/p>\n<table style=\"border-collapse: collapse; width: 435.77pt;\" border=\"0\" width=\"581\" cellspacing=\"0\" cellpadding=\"0\">\n<tbody>\n<tr style=\"height: 13.50pt;\">\n<td style=\"height: 13.50pt; width: 215.25pt;\" width=\"287\" height=\"18\"><a href=\"https:\/\/longchangchemical.com\/hu\/product\/photoinitiator-tpo-cas-75980-60-8\/\"><span style=\"color: #00ccff;\">Fotoinici\u00e1tor TPO<\/span><\/a><\/td>\n<td style=\"width: 220.50pt;\" width=\"294\">CAS 75980-60-8<\/td>\n<\/tr>\n<tr style=\"height: 13.50pt;\">\n<td style=\"height: 13.50pt;\" height=\"18\"><a href=\"https:\/\/longchangchemical.com\/hu\/product\/cas-270586-78-2\/\"><span style=\"color: #00ccff;\">Fotoinici\u00e1tor TMO<\/span><\/a><\/td>\n<td>CAS 270586-78-2<\/td>\n<\/tr>\n<tr style=\"height: 13.50pt;\">\n<td style=\"height: 13.50pt;\" height=\"18\"><a href=\"https:\/\/longchangchemical.com\/hu\/product\/photoinitiator-pd-01-cas-579-07-7\/\"><span style=\"color: #00ccff;\">PD-01 fotoinici\u00e1tor<\/span><\/a><\/td>\n<td>CAS 579-07-7<\/td>\n<\/tr>\n<tr style=\"height: 13.50pt;\">\n<td style=\"height: 13.50pt;\" height=\"18\"><a href=\"https:\/\/longchangchemical.com\/hu\/product\/photoinitiator-pbz-cas-2128-93-0\/\"><span style=\"color: #00ccff;\">Fotoinici\u00e1tor PBZ<\/span><\/a><\/td>\n<td>CAS 2128-93-0<\/td>\n<\/tr>\n<tr style=\"height: 13.50pt;\">\n<td style=\"height: 13.50pt;\" height=\"18\"><a href=\"https:\/\/longchangchemical.com\/hu\/product\/photoinitiator-oxe-02-cas-478556-66-0\/\"><span style=\"color: #00ccff;\">OXE-02 fotoinici\u00e1tor<\/span><\/a><\/td>\n<td>CAS 478556-66-0<\/td>\n<\/tr>\n<tr style=\"height: 13.50pt;\">\n<td style=\"height: 13.50pt;\" height=\"18\"><a href=\"https:\/\/longchangchemical.com\/hu\/product\/photoinitiator-ombb\/\"><span style=\"color: #00ccff;\">Fotoinici\u00e1tor OMBB<\/span><\/a><\/td>\n<td>CAS 606-28-0<\/td>\n<\/tr>\n<tr style=\"height: 13.50pt;\">\n<td style=\"height: 13.50pt;\" height=\"18\"><a href=\"https:\/\/longchangchemical.com\/hu\/product\/photoinitiator-mpbz-6012\/\"><span style=\"color: #00ccff;\">Fotoinici\u00e1tor MPBZ (6012)<\/span><\/a><\/td>\n<td>CAS 86428-83-3<\/td>\n<\/tr>\n<tr style=\"height: 13.50pt;\">\n<td style=\"height: 13.50pt;\" height=\"18\"><a href=\"https:\/\/longchangchemical.com\/hu\/product\/photoinitiator-mbp-cas-134-84-9\/\"><span style=\"color: #00ccff;\">Fotoinici\u00e1tor MBP<\/span><\/a><\/td>\n<td>CAS 134-84-9<\/td>\n<\/tr>\n<tr style=\"height: 13.50pt;\">\n<td style=\"height: 13.50pt;\" height=\"18\"><a href=\"https:\/\/longchangchemical.com\/hu\/product\/photoinitiator-mbf-cas-15206-55-0\/\"><span style=\"color: #00ccff;\">Fotoinici\u00e1tor MBF<\/span><\/a><\/td>\n<td>CAS 15206-55-0<\/td>\n<\/tr>\n<tr style=\"height: 13.50pt;\">\n<td style=\"height: 13.50pt;\" height=\"18\"><a href=\"https:\/\/longchangchemical.com\/hu\/product\/photoinitiator-lap-cas-85073-19-4\/\"><span style=\"color: #00ccff;\">Fotoinici\u00e1tor LAP<\/span><\/a><\/td>\n<td>CAS 85073-19-4<\/td>\n<\/tr>\n<tr style=\"height: 13.50pt;\">\n<td style=\"height: 13.50pt;\" height=\"18\"><a href=\"https:\/\/longchangchemical.com\/hu\/product\/photoinitiator-itx-cas-5495-84-1\/\"><span style=\"color: #00ccff;\">Fotoinici\u00e1tor ITX<\/span><\/a><\/td>\n<td>CAS 5495-84-1<\/td>\n<\/tr>\n<tr style=\"height: 13.50pt;\">\n<td style=\"height: 13.50pt;\" height=\"18\"><a href=\"https:\/\/longchangchemical.com\/hu\/product\/photoinitiator-emk\/\"><span style=\"color: #00ccff;\">EMK fotoinici\u00e1tor<\/span><\/a><\/td>\n<td>CAS 90-93-7<\/td>\n<\/tr>\n<tr style=\"height: 13.50pt;\">\n<td style=\"height: 13.50pt;\" height=\"18\"><a href=\"https:\/\/longchangchemical.com\/hu\/product\/photoinitiator-eha-cas-21245-02-3\/\"><span style=\"color: #00ccff;\">Fotoinici\u00e1tor EHA<\/span><\/a><\/td>\n<td>CAS 21245-02-3<\/td>\n<\/tr>\n<tr style=\"height: 13.50pt;\">\n<td style=\"height: 13.50pt;\" height=\"18\"><a href=\"https:\/\/longchangchemical.com\/hu\/product\/photoinitiator-edb-cas-10287-53-3\/\"><span style=\"color: #00ccff;\">Fotoinici\u00e1tor EDB<\/span><\/a><\/td>\n<td>CAS 10287-53-3<\/td>\n<\/tr>\n<tr style=\"height: 13.50pt;\">\n<td style=\"height: 13.50pt;\" height=\"18\"><a href=\"https:\/\/longchangchemical.com\/hu\/product\/photoinitiator-detx-cas-82799-44-8\/\"><span style=\"color: #00ccff;\">DETX fotoinici\u00e1tor<\/span><\/a><\/td>\n<td>CAS 82799-44-8<\/td>\n<\/tr>\n<tr style=\"height: 13.50pt;\">\n<td style=\"height: 13.50pt;\" height=\"18\"><a href=\"https:\/\/longchangchemical.com\/hu\/product\/photoinitiator-cq\/\"><span style=\"color: #00ccff;\">Fotoinici\u00e1tor CQ \/ k\u00e1mforkinon<\/span><\/a><\/td>\n<td>CAS 10373-78-1<\/td>\n<\/tr>\n<tr style=\"height: 13.50pt;\">\n<td style=\"height: 13.50pt;\" height=\"18\"><a href=\"https:\/\/longchangchemical.com\/hu\/product\/photoinitiator-cbp-cas-134-85-0\/\"><span style=\"color: #00ccff;\">Fotoinici\u00e1tor CBP<\/span><\/a><\/td>\n<td>CAS 134-85-0<\/td>\n<\/tr>\n<tr style=\"height: 13.50pt;\">\n<td style=\"height: 13.50pt;\" height=\"18\"><a href=\"https:\/\/longchangchemical.com\/hu\/product\/photoinitiator-bp-cas-119-61-9\/\"><span style=\"color: #00ccff;\">BP \/ benzofenon fotoinici\u00e1tor<\/span><\/a><\/td>\n<td>CAS 119-61-9<\/td>\n<\/tr>\n<tr style=\"height: 13.50pt;\">\n<td style=\"height: 13.50pt;\" height=\"18\"><a href=\"https:\/\/longchangchemical.com\/hu\/product\/photoinitiator-bms\/\"><span style=\"color: #00ccff;\">Fotoinici\u00e1tor BMS<\/span><\/a><\/td>\n<td>CAS 83846-85-9<\/td>\n<\/tr>\n<tr style=\"height: 13.50pt;\">\n<td style=\"height: 13.50pt;\" height=\"18\"><a href=\"https:\/\/longchangchemical.com\/hu\/product\/photoinitiator-938\/\"><span style=\"color: #00ccff;\">F\u00e9nykezdem\u00e9nyez\u0151 938<\/span><\/a><\/td>\n<td>CAS 61358-25-6<\/td>\n<\/tr>\n<tr style=\"height: 13.50pt;\">\n<td style=\"height: 13.50pt;\" height=\"18\"><a href=\"https:\/\/longchangchemical.com\/hu\/product\/photoinitiator-937-cas-71786-70-4\/\"><span style=\"color: #00ccff;\">Fotoinici\u00e1tor 937<\/span><\/a><\/td>\n<td>CAS 71786-70-4<\/td>\n<\/tr>\n<tr style=\"height: 13.50pt;\">\n<td style=\"height: 13.50pt;\" height=\"18\"><a href=\"https:\/\/longchangchemical.com\/hu\/product\/photoinitiator-819-dw\/\"><span style=\"color: #00ccff;\">Fotoinici\u00e1tor 819 DW<\/span><\/a><\/td>\n<td>CAS 162881-26-7<\/td>\n<\/tr>\n<tr style=\"height: 13.50pt;\">\n<td style=\"height: 13.50pt;\" height=\"18\"><a href=\"https:\/\/longchangchemical.com\/hu\/product\/photoinitiator-819-irgacure-819-cas-162881-26-7\/\"><span style=\"color: #00ccff;\">Fotoinici\u00e1tor 819<\/span><\/a><\/td>\n<td>CAS 162881-26-7<\/td>\n<\/tr>\n<tr style=\"height: 13.50pt;\">\n<td style=\"height: 13.50pt;\" height=\"18\"><a href=\"https:\/\/longchangchemical.com\/hu\/product\/photoinitiator-784-cas-125051-32-3\/\"><span style=\"color: #00ccff;\">Fotoinici\u00e1tor 784<\/span><\/a><\/td>\n<td>CAS 125051-32-3<\/td>\n<\/tr>\n<tr style=\"height: 13.50pt;\">\n<td style=\"height: 13.50pt;\" height=\"18\"><a href=\"https:\/\/longchangchemical.com\/hu\/product\/photoinitiator-754-cas-211510-16-6-442536-99-4\/\"><span style=\"color: #00ccff;\">754 fotoinici\u00e1tor<\/span><\/a><\/td>\n<td>CAS 211510-16-6 442536-99-4<\/td>\n<\/tr>\n<tr style=\"height: 13.50pt;\">\n<td style=\"height: 13.50pt;\" height=\"18\"><a href=\"https:\/\/longchangchemical.com\/hu\/product\/photoinitiator-6993-cas-71449-78-0\/\"><span style=\"color: #00ccff;\">Fotoinici\u00e1tor 6993<\/span><\/a><\/td>\n<td>CAS 71449-78-0<\/td>\n<\/tr>\n<tr style=\"height: 13.50pt;\">\n<td style=\"height: 13.50pt;\" height=\"18\"><a href=\"https:\/\/longchangchemical.com\/hu\/product\/photoinitiator-6976\/\"><span style=\"color: #00ccff;\">6976 fotoinici\u00e1tor<\/span><\/a><\/td>\n<td>CAS 71449-78-0 89452-37-9 108-32-7<\/td>\n<\/tr>\n<tr style=\"height: 13.50pt;\">\n<td style=\"height: 13.50pt;\" height=\"18\"><a href=\"https:\/\/longchangchemical.com\/hu\/product\/photoinitiator-379-cas-119344-86-4\/\"><span style=\"color: #00ccff;\">Fotoinici\u00e1tor 379<\/span><\/a><\/td>\n<td>CAS 119344-86-4<\/td>\n<\/tr>\n<tr style=\"height: 13.50pt;\">\n<td style=\"height: 13.50pt;\" height=\"18\"><a href=\"https:\/\/longchangchemical.com\/hu\/product\/photoinitiator-369-cas-119313-12-1\/\"><span style=\"color: #00ccff;\">Fotoinici\u00e1tor 369<\/span><\/a><\/td>\n<td>CAS 119313-12-1<\/td>\n<\/tr>\n<tr style=\"height: 13.50pt;\">\n<td style=\"height: 13.50pt;\" height=\"18\"><span style=\"color: #00ccff;\"><a style=\"color: #00ccff;\" href=\"https:\/\/longchangchemical.com\/hu\/product\/photoinitiator-160\/\">Fotoinici\u00e1tor 160<\/a><\/span><\/td>\n<td>CAS 71868-15-0<\/td>\n<\/tr>\n<tr style=\"height: 13.50pt;\">\n<td style=\"height: 13.50pt;\" height=\"18\"><a href=\"https:\/\/longchangchemical.com\/hu\/product\/photoinitiator-1206\/\"><span style=\"color: #00ccff;\">F\u00e9nyind\u00edt\u00f3 1206<\/span><\/a><\/td>\n<td><\/td>\n<\/tr>\n<tr style=\"height: 13.50pt;\">\n<td style=\"height: 13.50pt;\" height=\"18\"><a href=\"https:\/\/longchangchemical.com\/hu\/product\/irgacure-1173-cas-7473-98-5\/\"><span style=\"color: #00ccff;\">1173 fotoinici\u00e1tor<\/span><\/a><\/td>\n<td>CAS 7473-98-5<\/td>\n<\/tr>\n<\/tbody>\n<\/table>\n<p>&nbsp;<\/p>","protected":false},"excerpt":{"rendered":"<p><strong>CAT-440<\/strong> egy j\u00f3dium s\u00f3 kationos fotoinici\u00e1tor, amelynek jellemz\u0151i a magas inici\u00e1tor aktivit\u00e1s, gyors kem\u00e9nyed\u00e9si sebess\u00e9g, j\u00f3 fel\u00fcleti sz\u00e1rad\u00e1s, nem s\u00e1rgul, nem migr\u00e1l, nincs szag stb. J\u00f3 abszorpci\u00f3val rendelkezik 365 nm-en \u00e9s 385 nm-en, ha \u00e9rz\u00e9keny\u00edt\u0151vel egy\u00fctt haszn\u00e1lj\u00e1k.<\/p>","protected":false},"featured_media":8062,"comment_status":"open","ping_status":"closed","template":"","meta":[],"product_brand":[],"product_cat":[175,174,176],"product_tag":[],"class_list":{"0":"post-7591","1":"product","2":"type-product","3":"status-publish","4":"has-post-thumbnail","6":"product_cat-cationic-photoinitiator","7":"product_cat-photoinitiator","8":"product_cat-newly-developed-pis","10":"first","11":"instock","12":"shipping-taxable","13":"product-type-simple"},"yoast_head":"<!-- This site is optimized with the Yoast SEO plugin v25.3.1 - https:\/\/yoast.com\/wordpress\/plugins\/seo\/ -->\n<title>CAT-440 Cationic Photoinitiator Cas No 60565-88-0<\/title>\n<meta name=\"description\" content=\"CAT-440 is an iodonium salt cationic photoinitiator with the characteristics of high initiator activity, fast curing speed, good surface drying, no yellowing, no migration, no odor, etc. It has good absorption at 365nm and 385nm when used with a sensitizer, iodonium salt cationic photoinitiator Cas No 60565-88-0,Chemical Name Bis(4-methylphenyl)iodonium hexafluorophosphate,bis(p-tolyl)iodonium hexafluorophosphate,can replace Omnirad 440 ; 440 ;Longchang Chemical is a professional manufacturer and supplier of photoinitiator in China.\" \/>\n<meta name=\"robots\" content=\"index, follow, max-snippet:-1, max-image-preview:large, max-video-preview:-1\" \/>\n<link rel=\"canonical\" href=\"https:\/\/longchangchemical.com\/hu\/product\/photoinitiator-cat-440-cas-60565-88-0\/\" \/>\n<meta property=\"og:locale\" content=\"hu_HU\" \/>\n<meta property=\"og:type\" content=\"article\" \/>\n<meta property=\"og:title\" content=\"CAT-440 Cationic Photoinitiator Cas No 60565-88-0\" \/>\n<meta property=\"og:description\" content=\"CAT-440 is an iodonium salt cationic photoinitiator with the characteristics of high initiator activity, fast curing speed, good surface drying, no yellowing, no migration, no odor, etc. It has good absorption at 365nm and 385nm when used with a sensitizer, iodonium salt cationic photoinitiator Cas No 60565-88-0,Chemical Name Bis(4-methylphenyl)iodonium hexafluorophosphate,bis(p-tolyl)iodonium hexafluorophosphate,can replace Omnirad 440 ; 440 ;Longchang Chemical is a professional manufacturer and supplier of photoinitiator in China.\" \/>\n<meta property=\"og:url\" content=\"https:\/\/longchangchemical.com\/hu\/product\/photoinitiator-cat-440-cas-60565-88-0\/\" \/>\n<meta property=\"og:site_name\" content=\"Longchang Chemical\" \/>\n<meta property=\"article:modified_time\" content=\"2025-12-16T01:54:30+00:00\" \/>\n<meta property=\"og:image\" content=\"https:\/\/longchangchemical.com\/wp-content\/uploads\/2024\/11\/60565-88-0.jpg\" \/>\n\t<meta property=\"og:image:width\" content=\"600\" \/>\n\t<meta property=\"og:image:height\" content=\"600\" \/>\n\t<meta property=\"og:image:type\" content=\"image\/jpeg\" \/>\n<meta name=\"twitter:card\" content=\"summary_large_image\" \/>\n<script type=\"application\/ld+json\" class=\"yoast-schema-graph\">{\"@context\":\"https:\/\/schema.org\",\"@graph\":[{\"@type\":\"WebPage\",\"@id\":\"https:\/\/longchangchemical.com\/product\/photoinitiator-cat-440-cas-60565-88-0\/\",\"url\":\"https:\/\/longchangchemical.com\/product\/photoinitiator-cat-440-cas-60565-88-0\/\",\"name\":\"CAT-440 Cationic Photoinitiator Cas No 60565-88-0\",\"isPartOf\":{\"@id\":\"https:\/\/longchangchemical.com\/#website\"},\"primaryImageOfPage\":{\"@id\":\"https:\/\/longchangchemical.com\/product\/photoinitiator-cat-440-cas-60565-88-0\/#primaryimage\"},\"image\":{\"@id\":\"https:\/\/longchangchemical.com\/product\/photoinitiator-cat-440-cas-60565-88-0\/#primaryimage\"},\"thumbnailUrl\":\"https:\/\/longchangchemical.com\/wp-content\/uploads\/2024\/11\/60565-88-0.jpg\",\"datePublished\":\"2024-11-11T06:01:31+00:00\",\"dateModified\":\"2025-12-16T01:54:30+00:00\",\"description\":\"CAT-440 is an iodonium salt cationic photoinitiator with the characteristics of high initiator activity, fast curing speed, good surface drying, no yellowing, no migration, no odor, etc. It has good absorption at 365nm and 385nm when used with a sensitizer, iodonium salt cationic photoinitiator Cas No 60565-88-0,Chemical Name Bis(4-methylphenyl)iodonium hexafluorophosphate,bis(p-tolyl)iodonium hexafluorophosphate,can replace Omnirad 440 ; 440 ;Longchang Chemical is a professional manufacturer and supplier of photoinitiator in China.\",\"breadcrumb\":{\"@id\":\"https:\/\/longchangchemical.com\/product\/photoinitiator-cat-440-cas-60565-88-0\/#breadcrumb\"},\"inLanguage\":\"hu\",\"potentialAction\":[{\"@type\":\"ReadAction\",\"target\":[\"https:\/\/longchangchemical.com\/product\/photoinitiator-cat-440-cas-60565-88-0\/\"]}]},{\"@type\":\"ImageObject\",\"inLanguage\":\"hu\",\"@id\":\"https:\/\/longchangchemical.com\/product\/photoinitiator-cat-440-cas-60565-88-0\/#primaryimage\",\"url\":\"https:\/\/longchangchemical.com\/wp-content\/uploads\/2024\/11\/60565-88-0.jpg\",\"contentUrl\":\"https:\/\/longchangchemical.com\/wp-content\/uploads\/2024\/11\/60565-88-0.jpg\",\"width\":600,\"height\":600},{\"@type\":\"BreadcrumbList\",\"@id\":\"https:\/\/longchangchemical.com\/product\/photoinitiator-cat-440-cas-60565-88-0\/#breadcrumb\",\"itemListElement\":[{\"@type\":\"ListItem\",\"position\":1,\"name\":\"Home\",\"item\":\"https:\/\/longchangchemical.com\/\"},{\"@type\":\"ListItem\",\"position\":2,\"name\":\"Products Longchang\",\"item\":\"https:\/\/longchangchemical.com\/product\/\"},{\"@type\":\"ListItem\",\"position\":3,\"name\":\"CHLUMINIT\u00ae CAT-440 \/ Photoinitiator CAT-440 CAS\u00a060565-88-0\"}]},{\"@type\":\"WebSite\",\"@id\":\"https:\/\/longchangchemical.com\/#website\",\"url\":\"https:\/\/longchangchemical.com\/\",\"name\":\"Longchang Chemical\",\"description\":\"China chemical manufacturer \uff06 supplier\",\"publisher\":{\"@id\":\"https:\/\/longchangchemical.com\/#organization\"},\"potentialAction\":[{\"@type\":\"SearchAction\",\"target\":{\"@type\":\"EntryPoint\",\"urlTemplate\":\"https:\/\/longchangchemical.com\/?s={search_term_string}\"},\"query-input\":{\"@type\":\"PropertyValueSpecification\",\"valueRequired\":true,\"valueName\":\"search_term_string\"}}],\"inLanguage\":\"hu\"},{\"@type\":\"Organization\",\"@id\":\"https:\/\/longchangchemical.com\/#organization\",\"name\":\"Longchang Chemical\",\"url\":\"https:\/\/longchangchemical.com\/\",\"logo\":{\"@type\":\"ImageObject\",\"inLanguage\":\"hu\",\"@id\":\"https:\/\/longchangchemical.com\/#\/schema\/logo\/image\/\",\"url\":\"https:\/\/longchangchemical.com\/wp-content\/uploads\/2020\/08\/cropped-longchang-logo.png\",\"contentUrl\":\"https:\/\/longchangchemical.com\/wp-content\/uploads\/2020\/08\/cropped-longchang-logo.png\",\"width\":512,\"height\":512,\"caption\":\"Longchang Chemical\"},\"image\":{\"@id\":\"https:\/\/longchangchemical.com\/#\/schema\/logo\/image\/\"}}]}<\/script>\n<!-- \/ Yoast SEO plugin. -->","yoast_head_json":{"title":"CAT-440 kationos fotoinici\u00e1tor CAS-sz\u00e1m 60565-88-0","description":"A CAT-440 egy j\u00f3dium s\u00f3 kationos fotoinici\u00e1tor, amelynek jellemz\u0151i a magas inici\u00e1tor aktivit\u00e1s, a gyors kem\u00e9nyed\u00e9si sebess\u00e9g, a j\u00f3 fel\u00fcleti sz\u00e1rad\u00e1s, a s\u00e1rgul\u00e1s, a migr\u00e1ci\u00f3 \u00e9s a szagmentess\u00e9g stb. J\u00f3 abszorpci\u00f3val rendelkezik 365 nm-en \u00e9s 385 nm-en, ha \u00e9rz\u00e9keny\u00edt\u0151vel egy\u00fctt haszn\u00e1lj\u00e1k, j\u00f3ds\u00f3 kationos fotoinici\u00e1tor Cas No 60565-88-0, k\u00e9miai n\u00e9v Bis(4-metilfenil)j\u00f3dium-hexafluorofoszf\u00e1t, bisz(p-tolil)j\u00f3dium-hexafluorofoszf\u00e1t, helyettes\u00edtheti az Omnirad 440 ; 440 ;A Longchang Chemical professzion\u00e1lis gy\u00e1rt\u00f3ja \u00e9s sz\u00e1ll\u00edt\u00f3ja a fotoinici\u00e1tornak K\u00edn\u00e1ban.","robots":{"index":"index","follow":"follow","max-snippet":"max-snippet:-1","max-image-preview":"max-image-preview:large","max-video-preview":"max-video-preview:-1"},"canonical":"https:\/\/longchangchemical.com\/hu\/product\/photoinitiator-cat-440-cas-60565-88-0\/","og_locale":"hu_HU","og_type":"article","og_title":"CAT-440 Cationic Photoinitiator Cas No 60565-88-0","og_description":"CAT-440 is an iodonium salt cationic photoinitiator with the characteristics of high initiator activity, fast curing speed, good surface drying, no yellowing, no migration, no odor, etc. It has good absorption at 365nm and 385nm when used with a sensitizer, iodonium salt cationic photoinitiator Cas No 60565-88-0,Chemical Name Bis(4-methylphenyl)iodonium hexafluorophosphate,bis(p-tolyl)iodonium hexafluorophosphate,can replace Omnirad 440 ; 440 ;Longchang Chemical is a professional manufacturer and supplier of photoinitiator in China.","og_url":"https:\/\/longchangchemical.com\/hu\/product\/photoinitiator-cat-440-cas-60565-88-0\/","og_site_name":"Longchang Chemical","article_modified_time":"2025-12-16T01:54:30+00:00","og_image":[{"width":600,"height":600,"url":"https:\/\/longchangchemical.com\/wp-content\/uploads\/2024\/11\/60565-88-0.jpg","type":"image\/jpeg"}],"twitter_card":"summary_large_image","schema":{"@context":"https:\/\/schema.org","@graph":[{"@type":"WebPage","@id":"https:\/\/longchangchemical.com\/product\/photoinitiator-cat-440-cas-60565-88-0\/","url":"https:\/\/longchangchemical.com\/product\/photoinitiator-cat-440-cas-60565-88-0\/","name":"CAT-440 kationos fotoinici\u00e1tor CAS-sz\u00e1m 60565-88-0","isPartOf":{"@id":"https:\/\/longchangchemical.com\/#website"},"primaryImageOfPage":{"@id":"https:\/\/longchangchemical.com\/product\/photoinitiator-cat-440-cas-60565-88-0\/#primaryimage"},"image":{"@id":"https:\/\/longchangchemical.com\/product\/photoinitiator-cat-440-cas-60565-88-0\/#primaryimage"},"thumbnailUrl":"https:\/\/longchangchemical.com\/wp-content\/uploads\/2024\/11\/60565-88-0.jpg","datePublished":"2024-11-11T06:01:31+00:00","dateModified":"2025-12-16T01:54:30+00:00","description":"A CAT-440 egy j\u00f3dium s\u00f3 kationos fotoinici\u00e1tor, amelynek jellemz\u0151i a magas inici\u00e1tor aktivit\u00e1s, a gyors kem\u00e9nyed\u00e9si sebess\u00e9g, a j\u00f3 fel\u00fcleti sz\u00e1rad\u00e1s, a s\u00e1rgul\u00e1s, a migr\u00e1ci\u00f3 \u00e9s a szagmentess\u00e9g stb. J\u00f3 abszorpci\u00f3val rendelkezik 365 nm-en \u00e9s 385 nm-en, ha \u00e9rz\u00e9keny\u00edt\u0151vel egy\u00fctt haszn\u00e1lj\u00e1k, j\u00f3ds\u00f3 kationos fotoinici\u00e1tor Cas No 60565-88-0, k\u00e9miai n\u00e9v Bis(4-metilfenil)j\u00f3dium-hexafluorofoszf\u00e1t, bisz(p-tolil)j\u00f3dium-hexafluorofoszf\u00e1t, helyettes\u00edtheti az Omnirad 440 ; 440 ;A Longchang Chemical professzion\u00e1lis gy\u00e1rt\u00f3ja \u00e9s sz\u00e1ll\u00edt\u00f3ja a fotoinici\u00e1tornak K\u00edn\u00e1ban.","breadcrumb":{"@id":"https:\/\/longchangchemical.com\/product\/photoinitiator-cat-440-cas-60565-88-0\/#breadcrumb"},"inLanguage":"hu","potentialAction":[{"@type":"ReadAction","target":["https:\/\/longchangchemical.com\/product\/photoinitiator-cat-440-cas-60565-88-0\/"]}]},{"@type":"ImageObject","inLanguage":"hu","@id":"https:\/\/longchangchemical.com\/product\/photoinitiator-cat-440-cas-60565-88-0\/#primaryimage","url":"https:\/\/longchangchemical.com\/wp-content\/uploads\/2024\/11\/60565-88-0.jpg","contentUrl":"https:\/\/longchangchemical.com\/wp-content\/uploads\/2024\/11\/60565-88-0.jpg","width":600,"height":600},{"@type":"BreadcrumbList","@id":"https:\/\/longchangchemical.com\/product\/photoinitiator-cat-440-cas-60565-88-0\/#breadcrumb","itemListElement":[{"@type":"ListItem","position":1,"name":"Home","item":"https:\/\/longchangchemical.com\/"},{"@type":"ListItem","position":2,"name":"Products Longchang","item":"https:\/\/longchangchemical.com\/product\/"},{"@type":"ListItem","position":3,"name":"CHLUMINIT\u00ae CAT-440 \/ Photoinitiator CAT-440 CAS\u00a060565-88-0"}]},{"@type":"WebSite","@id":"https:\/\/longchangchemical.com\/#website","url":"https:\/\/longchangchemical.com\/","name":"Longchang Chemical","description":"K\u00edna k\u00e9miai gy\u00e1rt\u00f3 \uff06 sz\u00e1ll\u00edt\u00f3","publisher":{"@id":"https:\/\/longchangchemical.com\/#organization"},"potentialAction":[{"@type":"SearchAction","target":{"@type":"EntryPoint","urlTemplate":"https:\/\/longchangchemical.com\/?s={search_term_string}"},"query-input":{"@type":"PropertyValueSpecification","valueRequired":true,"valueName":"search_term_string"}}],"inLanguage":"hu"},{"@type":"Organization","@id":"https:\/\/longchangchemical.com\/#organization","name":"Longchang Chemical","url":"https:\/\/longchangchemical.com\/","logo":{"@type":"ImageObject","inLanguage":"hu","@id":"https:\/\/longchangchemical.com\/#\/schema\/logo\/image\/","url":"https:\/\/longchangchemical.com\/wp-content\/uploads\/2020\/08\/cropped-longchang-logo.png","contentUrl":"https:\/\/longchangchemical.com\/wp-content\/uploads\/2020\/08\/cropped-longchang-logo.png","width":512,"height":512,"caption":"Longchang Chemical"},"image":{"@id":"https:\/\/longchangchemical.com\/#\/schema\/logo\/image\/"}}]}},"_links":{"self":[{"href":"https:\/\/longchangchemical.com\/hu\/wp-json\/wp\/v2\/product\/7591","targetHints":{"allow":["GET"]}}],"collection":[{"href":"https:\/\/longchangchemical.com\/hu\/wp-json\/wp\/v2\/product"}],"about":[{"href":"https:\/\/longchangchemical.com\/hu\/wp-json\/wp\/v2\/types\/product"}],"replies":[{"embeddable":true,"href":"https:\/\/longchangchemical.com\/hu\/wp-json\/wp\/v2\/comments?post=7591"}],"wp:featuredmedia":[{"embeddable":true,"href":"https:\/\/longchangchemical.com\/hu\/wp-json\/wp\/v2\/media\/8062"}],"wp:attachment":[{"href":"https:\/\/longchangchemical.com\/hu\/wp-json\/wp\/v2\/media?parent=7591"}],"wp:term":[{"taxonomy":"product_brand","embeddable":true,"href":"https:\/\/longchangchemical.com\/hu\/wp-json\/wp\/v2\/product_brand?post=7591"},{"taxonomy":"product_cat","embeddable":true,"href":"https:\/\/longchangchemical.com\/hu\/wp-json\/wp\/v2\/product_cat?post=7591"},{"taxonomy":"product_tag","embeddable":true,"href":"https:\/\/longchangchemical.com\/hu\/wp-json\/wp\/v2\/product_tag?post=7591"}],"curies":[{"name":"wp","href":"https:\/\/api.w.org\/{rel}","templated":true}]}}