{"id":7565,"date":"2024-11-11T06:01:20","date_gmt":"2024-11-11T06:01:20","guid":{"rendered":"https:\/\/longchangchemical.com\/?post_type=product&#038;p=7565"},"modified":"2025-04-01T05:44:31","modified_gmt":"2025-04-01T05:44:31","slug":"photoinitiator-1206","status":"publish","type":"product","link":"https:\/\/longchangchemical.com\/hu\/product\/photoinitiator-1206\/","title":{"rendered":"CHLUMINIT\u00ae 1206 \/ Fotoinici\u00e1tor 1206"},"content":{"rendered":"<h1>F\u00e9nyind\u00edt\u00f3 1206<\/h1>\n<p><strong>Szinonim\u00e1ja<\/strong><strong>: <\/strong>APi-1206 fotoinici\u00e1tor; APi-1206<\/p>\n<p><strong>Oldhat\u00f3s\u00e1g:<\/strong><br \/>\nPGMEA-ban old\u00f3dik: az oldhat\u00f3s\u00e1g szobah\u0151m\u00e9rs\u00e9kleten 12,3% t\u00f6megsz\u00e1zal\u00e9k.<br \/>\nA legt\u00f6bb akril monomerben old\u00f3dik<br \/>\nV\u00edzben nem old\u00f3dik<\/p>\n<p><strong><b>Szabv\u00e1nyos.<\/b><\/strong><\/p>\n<table>\n<tbody>\n<tr>\n<td width=\"201\"><strong>T\u00e9telek<\/strong><\/td>\n<td width=\"326\"><strong>M\u0171szaki adatok<\/strong><\/td>\n<\/tr>\n<tr>\n<td width=\"201\">Megjelen\u00e9s<\/td>\n<td width=\"326\">Vil\u00e1goss\u00e1rga por<\/td>\n<\/tr>\n<tr>\n<td width=\"201\">Assay (HPLC)<\/td>\n<td width=\"326\">\u226599.0%<\/td>\n<\/tr>\n<tr>\n<td width=\"201\">Lobban\u00e1spont<\/td>\n<td width=\"326\">\u2265145\u2103<\/td>\n<\/tr>\n<tr>\n<td width=\"201\">Szag<\/td>\n<td width=\"326\">Enyhe szag<\/td>\n<\/tr>\n<\/tbody>\n<\/table>\n<p><strong>Ultraibolya spektrum:<\/strong><\/p>\n<p>(acetonitril mint old\u00f3szer <strong>-<\/strong>0.1%\u00a0 <strong><span style=\"color: #ff0000;\">-<\/span><\/strong>0.01%\u00a0 <strong><span style=\"color: #0000ff;\">-<\/span><\/strong>0.001%)<\/p>\n<p><strong>Alkalmaz\u00e1sok<\/strong><strong><b>:<\/b><\/strong><\/p>\n<p>Az 1206 alkalmas TFT-LCD s\u00edkk\u00e9perny\u0151s kijelz\u0151k sz\u00ednsz\u0171r\u0151inek, f\u00e9ny\u00e9rz\u00e9keny tint\u00e1k, elektronikus anyagtint\u00e1k \u00e9s egy\u00e9b rendszerek gy\u00e1rt\u00e1s\u00e1ra. Az aj\u00e1nlott adagol\u00e1s 0,1-2%wt, 0,8-2%wt megfelel\u0151, \u00e9s a legjobb adagol\u00e1s a t\u00e9nyleges kikem\u00e9nyed\u00e9si rendszer szerint halad \u00e1t. A k\u00eds\u00e9rlett\u0151l f\u00fcgg.<\/p>\n<p><strong><b>P<\/b><\/strong><strong><b>kisz\u00e1ll\u00edt\u00e1s \u00e9s sz\u00e1ll\u00edt\u00e1s<\/b><\/strong><strong><b>:<\/b><\/strong><\/p>\n<p>Csomagol\u00e1s: 20 kg\/dob.<\/p>\n<p>Sz\u00e1ll\u00edt\u00e1s: 5-7 munkanapon bel\u00fcl.<\/p>\n<p><strong><b>T\u00e1rol\u00e1s:<\/b><\/strong><\/p>\n<p>K\u00f6zvetlen napf\u00e9nyt\u0151l v\u00e9dett, h\u0171v\u00f6s, sz\u00e1raz helyen t\u00e1rolva.<\/p>\n<h2><strong><b>L\u00e9pjen kapcsolatba vel\u00fcnk most!<\/b><\/strong><\/h2>\n<h4><strong><b>Ha sz\u00fcks\u00e9ge van Price-ra, k\u00e9rj\u00fck, t\u00f6ltse ki el\u00e9rhet\u0151s\u00e9g\u00e9t az al\u00e1bbi \u0171rlapon, \u00e1ltal\u00e1ban 24 \u00f3r\u00e1n bel\u00fcl felvessz\u00fck \u00d6nnel a kapcsolatot. \u00d6n is k\u00fcldhet nekem e-mailt <span style=\"color: #00ccff;\"><a style=\"color: #00ccff;\" href=\"mailto:info@longchangchemical.com\">info@longchangchemical.com<\/a><\/span>\u00a0munkaid\u0151ben ( 8:30-18:00 UTC+8 H.-Szombat ) vagy haszn\u00e1lja a weboldal \u00e9l\u0151 chatj\u00e9t, hogy azonnali v\u00e1laszt kapjon.<\/b><\/strong><\/h4>\n<p>&nbsp;<\/p>\n<table style=\"border-collapse: collapse; width: 435.77pt;\" border=\"0\" width=\"581\" cellspacing=\"0\" cellpadding=\"0\">\n<tbody>\n<tr style=\"height: 13.50pt;\">\n<td style=\"height: 13.50pt; width: 215.25pt;\" width=\"287\" height=\"18\"><a href=\"https:\/\/longchangchemical.com\/hu\/product\/photoinitiator-tpo-cas-75980-60-8\/\"><span style=\"color: #00ccff;\">Fotoinici\u00e1tor TPO<\/span><\/a><\/td>\n<td style=\"width: 220.50pt;\" width=\"294\">CAS 75980-60-8<\/td>\n<\/tr>\n<tr style=\"height: 13.50pt;\">\n<td style=\"height: 13.50pt;\" height=\"18\"><a href=\"https:\/\/longchangchemical.com\/hu\/product\/cas-270586-78-2\/\"><span style=\"color: #00ccff;\">Fotoinici\u00e1tor TMO<\/span><\/a><\/td>\n<td>CAS 270586-78-2<\/td>\n<\/tr>\n<tr style=\"height: 13.50pt;\">\n<td style=\"height: 13.50pt;\" height=\"18\"><a href=\"https:\/\/longchangchemical.com\/hu\/product\/photoinitiator-pd-01-cas-579-07-7\/\"><span style=\"color: #00ccff;\">PD-01 fotoinici\u00e1tor<\/span><\/a><\/td>\n<td>CAS 579-07-7<\/td>\n<\/tr>\n<tr style=\"height: 13.50pt;\">\n<td style=\"height: 13.50pt;\" height=\"18\"><a href=\"https:\/\/longchangchemical.com\/hu\/product\/photoinitiator-pbz-cas-2128-93-0\/\"><span style=\"color: #00ccff;\">Fotoinici\u00e1tor PBZ<\/span><\/a><\/td>\n<td>CAS 2128-93-0<\/td>\n<\/tr>\n<tr style=\"height: 13.50pt;\">\n<td style=\"height: 13.50pt;\" height=\"18\"><a href=\"https:\/\/longchangchemical.com\/hu\/product\/photoinitiator-oxe-02-cas-478556-66-0\/\"><span style=\"color: #00ccff;\">OXE-02 fotoinici\u00e1tor<\/span><\/a><\/td>\n<td>CAS 478556-66-0<\/td>\n<\/tr>\n<tr style=\"height: 13.50pt;\">\n<td style=\"height: 13.50pt;\" height=\"18\"><a href=\"https:\/\/longchangchemical.com\/hu\/product\/photoinitiator-ombb\/\"><span style=\"color: #00ccff;\">Fotoinici\u00e1tor OMBB<\/span><\/a><\/td>\n<td>CAS 606-28-0<\/td>\n<\/tr>\n<tr style=\"height: 13.50pt;\">\n<td style=\"height: 13.50pt;\" height=\"18\"><a href=\"https:\/\/longchangchemical.com\/hu\/product\/photoinitiator-mpbz-6012\/\"><span style=\"color: #00ccff;\">Fotoinici\u00e1tor MPBZ (6012)<\/span><\/a><\/td>\n<td>CAS 86428-83-3<\/td>\n<\/tr>\n<tr style=\"height: 13.50pt;\">\n<td style=\"height: 13.50pt;\" height=\"18\"><a href=\"https:\/\/longchangchemical.com\/hu\/product\/photoinitiator-mbp-cas-134-84-9\/\"><span style=\"color: #00ccff;\">Fotoinici\u00e1tor MBP<\/span><\/a><\/td>\n<td>CAS 134-84-9<\/td>\n<\/tr>\n<tr style=\"height: 13.50pt;\">\n<td style=\"height: 13.50pt;\" height=\"18\"><a href=\"https:\/\/longchangchemical.com\/hu\/product\/photoinitiator-mbf-cas-15206-55-0\/\"><span style=\"color: #00ccff;\">Fotoinici\u00e1tor MBF<\/span><\/a><\/td>\n<td>CAS 15206-55-0<\/td>\n<\/tr>\n<tr style=\"height: 13.50pt;\">\n<td style=\"height: 13.50pt;\" height=\"18\"><a href=\"https:\/\/longchangchemical.com\/hu\/product\/photoinitiator-lap-cas-85073-19-4\/\"><span style=\"color: #00ccff;\">Fotoinici\u00e1tor LAP<\/span><\/a><\/td>\n<td>CAS 85073-19-4<\/td>\n<\/tr>\n<tr style=\"height: 13.50pt;\">\n<td style=\"height: 13.50pt;\" height=\"18\"><a href=\"https:\/\/longchangchemical.com\/hu\/product\/photoinitiator-itx-cas-5495-84-1\/\"><span style=\"color: #00ccff;\">Fotoinici\u00e1tor ITX<\/span><\/a><\/td>\n<td>CAS 5495-84-1<\/td>\n<\/tr>\n<tr style=\"height: 13.50pt;\">\n<td style=\"height: 13.50pt;\" height=\"18\"><a href=\"https:\/\/longchangchemical.com\/hu\/product\/photoinitiator-emk\/\"><span style=\"color: #00ccff;\">EMK fotoinici\u00e1tor<\/span><\/a><\/td>\n<td>CAS 90-93-7<\/td>\n<\/tr>\n<tr style=\"height: 13.50pt;\">\n<td style=\"height: 13.50pt;\" height=\"18\"><a href=\"https:\/\/longchangchemical.com\/hu\/product\/photoinitiator-eha-cas-21245-02-3\/\"><span style=\"color: #00ccff;\">Fotoinici\u00e1tor EHA<\/span><\/a><\/td>\n<td>CAS 21245-02-3<\/td>\n<\/tr>\n<tr style=\"height: 13.50pt;\">\n<td style=\"height: 13.50pt;\" height=\"18\"><a href=\"https:\/\/longchangchemical.com\/hu\/product\/photoinitiator-edb-cas-10287-53-3\/\"><span style=\"color: #00ccff;\">Fotoinici\u00e1tor EDB<\/span><\/a><\/td>\n<td>CAS 10287-53-3<\/td>\n<\/tr>\n<tr style=\"height: 13.50pt;\">\n<td style=\"height: 13.50pt;\" height=\"18\"><a href=\"https:\/\/longchangchemical.com\/hu\/product\/photoinitiator-detx-cas-82799-44-8\/\"><span style=\"color: #00ccff;\">DETX fotoinici\u00e1tor<\/span><\/a><\/td>\n<td>CAS 82799-44-8<\/td>\n<\/tr>\n<tr style=\"height: 13.50pt;\">\n<td style=\"height: 13.50pt;\" height=\"18\"><a href=\"https:\/\/longchangchemical.com\/hu\/product\/photoinitiator-cq\/\"><span style=\"color: #00ccff;\">Fotoinici\u00e1tor CQ \/ k\u00e1mforkinon<\/span><\/a><\/td>\n<td>CAS 10373-78-1<\/td>\n<\/tr>\n<tr style=\"height: 13.50pt;\">\n<td style=\"height: 13.50pt;\" height=\"18\"><a href=\"https:\/\/longchangchemical.com\/hu\/product\/photoinitiator-cbp-cas-134-85-0\/\"><span style=\"color: #00ccff;\">Fotoinici\u00e1tor CBP<\/span><\/a><\/td>\n<td>CAS 134-85-0<\/td>\n<\/tr>\n<tr style=\"height: 13.50pt;\">\n<td style=\"height: 13.50pt;\" height=\"18\"><a href=\"https:\/\/longchangchemical.com\/hu\/product\/photoinitiator-bp-cas-119-61-9\/\"><span style=\"color: #00ccff;\">BP \/ benzofenon fotoinici\u00e1tor<\/span><\/a><\/td>\n<td>CAS 119-61-9<\/td>\n<\/tr>\n<tr style=\"height: 13.50pt;\">\n<td style=\"height: 13.50pt;\" height=\"18\"><a href=\"https:\/\/longchangchemical.com\/hu\/product\/photoinitiator-bms\/\"><span style=\"color: #00ccff;\">Fotoinici\u00e1tor BMS<\/span><\/a><\/td>\n<td>CAS 83846-85-9<\/td>\n<\/tr>\n<tr style=\"height: 13.50pt;\">\n<td style=\"height: 13.50pt;\" height=\"18\"><a href=\"https:\/\/longchangchemical.com\/hu\/product\/photoinitiator-938\/\"><span style=\"color: #00ccff;\">F\u00e9nykezdem\u00e9nyez\u0151 938<\/span><\/a><\/td>\n<td>CAS 61358-25-6<\/td>\n<\/tr>\n<tr style=\"height: 13.50pt;\">\n<td style=\"height: 13.50pt;\" height=\"18\"><a href=\"https:\/\/longchangchemical.com\/hu\/product\/photoinitiator-937-cas-71786-70-4\/\"><span style=\"color: #00ccff;\">Fotoinici\u00e1tor 937<\/span><\/a><\/td>\n<td>CAS 71786-70-4<\/td>\n<\/tr>\n<tr style=\"height: 13.50pt;\">\n<td style=\"height: 13.50pt;\" height=\"18\"><a href=\"https:\/\/longchangchemical.com\/hu\/product\/photoinitiator-819-dw\/\"><span style=\"color: #00ccff;\">Fotoinici\u00e1tor 819 DW<\/span><\/a><\/td>\n<td>CAS 162881-26-7<\/td>\n<\/tr>\n<tr style=\"height: 13.50pt;\">\n<td style=\"height: 13.50pt;\" height=\"18\"><a href=\"https:\/\/longchangchemical.com\/hu\/product\/photoinitiator-819-irgacure-819-cas-162881-26-7\/\"><span style=\"color: #00ccff;\">Fotoinici\u00e1tor 819<\/span><\/a><\/td>\n<td>CAS 162881-26-7<\/td>\n<\/tr>\n<tr style=\"height: 13.50pt;\">\n<td style=\"height: 13.50pt;\" height=\"18\"><a href=\"https:\/\/longchangchemical.com\/hu\/product\/photoinitiator-784-cas-125051-32-3\/\"><span style=\"color: #00ccff;\">Fotoinici\u00e1tor 784<\/span><\/a><\/td>\n<td>CAS 125051-32-3<\/td>\n<\/tr>\n<tr style=\"height: 13.50pt;\">\n<td style=\"height: 13.50pt;\" height=\"18\"><a href=\"https:\/\/longchangchemical.com\/hu\/product\/photoinitiator-754-cas-211510-16-6-442536-99-4\/\"><span style=\"color: #00ccff;\">754 fotoinici\u00e1tor<\/span><\/a><\/td>\n<td>CAS 211510-16-6 442536-99-4<\/td>\n<\/tr>\n<tr style=\"height: 13.50pt;\">\n<td style=\"height: 13.50pt;\" height=\"18\"><a href=\"https:\/\/longchangchemical.com\/hu\/product\/photoinitiator-6993-cas-71449-78-0\/\"><span style=\"color: #00ccff;\">Fotoinici\u00e1tor 6993<\/span><\/a><\/td>\n<td>CAS 71449-78-0<\/td>\n<\/tr>\n<tr style=\"height: 13.50pt;\">\n<td style=\"height: 13.50pt;\" height=\"18\"><a href=\"https:\/\/longchangchemical.com\/hu\/product\/photoinitiator-6976\/\"><span style=\"color: #00ccff;\">6976 fotoinici\u00e1tor<\/span><\/a><\/td>\n<td>CAS 71449-78-0 89452-37-9 108-32-7<\/td>\n<\/tr>\n<tr style=\"height: 13.50pt;\">\n<td style=\"height: 13.50pt;\" height=\"18\"><a href=\"https:\/\/longchangchemical.com\/hu\/product\/photoinitiator-379-cas-119344-86-4\/\"><span style=\"color: #00ccff;\">Fotoinici\u00e1tor 379<\/span><\/a><\/td>\n<td>CAS 119344-86-4<\/td>\n<\/tr>\n<tr style=\"height: 13.50pt;\">\n<td style=\"height: 13.50pt;\" height=\"18\"><a href=\"https:\/\/longchangchemical.com\/hu\/product\/photoinitiator-369-cas-119313-12-1\/\"><span style=\"color: #00ccff;\">Fotoinici\u00e1tor 369<\/span><\/a><\/td>\n<td>CAS 119313-12-1<\/td>\n<\/tr>\n<tr style=\"height: 13.50pt;\">\n<td style=\"height: 13.50pt;\" height=\"18\"><span style=\"color: #00ccff;\"><a style=\"color: #00ccff;\" href=\"https:\/\/longchangchemical.com\/hu\/product\/photoinitiator-160\/\">Fotoinici\u00e1tor 160<\/a><\/span><\/td>\n<td>CAS 71868-15-0<\/td>\n<\/tr>\n<tr style=\"height: 13.50pt;\">\n<td style=\"height: 13.50pt;\" height=\"18\"><a href=\"https:\/\/longchangchemical.com\/hu\/product\/photoinitiator-1206\/\"><span style=\"color: #00ccff;\">F\u00e9nyind\u00edt\u00f3 1206<\/span><\/a><\/td>\n<td><\/td>\n<\/tr>\n<tr style=\"height: 13.50pt;\">\n<td style=\"height: 13.50pt;\" height=\"18\"><a href=\"https:\/\/longchangchemical.com\/hu\/product\/irgacure-1173-cas-7473-98-5\/\"><span style=\"color: #00ccff;\">1173 fotoinici\u00e1tor<\/span><\/a><\/td>\n<td>CAS 7473-98-5<\/td>\n<\/tr>\n<\/tbody>\n<\/table>\n<p>&nbsp;<\/p>","protected":false},"excerpt":{"rendered":"<p>Az 1206 egy rendk\u00edv\u00fcl akt\u00edv fotoinici\u00e1tor az UV-f\u00e9nyben t\u00f6rt\u00e9n\u0151 kem\u00e9ny\u00edt\u00e9shez. Nagy \u00e9rz\u00e9kenys\u00e9ggel rendelkezik a 365 nm-es hull\u00e1mhosszra, \u00e9s alkalmas sz\u00ednes rendszerek f\u00e9nykem\u00e9ny\u00edt\u00e9s\u00e9re, bele\u00e9rtve a fekete pigmentrendszereket is.<\/p>\n<p>Ez a term\u00e9k a k\u00f6vetkez\u0151 el\u0151ny\u00f6kkel rendelkezik:<br \/>\n\uf06c Ak\u00e1r 35%wt sz\u00e9nfekete pigmentet is elb\u00edr<br \/>\n\uf06c Ultrav\u00e9kony film (1-30\u03bcm) kem\u00e9ny\u00edt\u0151 rendszer\u0171 fotoinici\u00e1tor; ha a bevon\u00f3film vastag, kombin\u00e1lhat\u00f3 369\/ITX, 819<br \/>\nVagy TPO vegy\u00fclet haszn\u00e1lata<br \/>\n\uf06c A fotoinici\u00e1ci\u00f3s aktivit\u00e1s egyenl\u0151 vagy jobb, mint az OXE-02 \u00e9s az OXE-01 eset\u00e9ben.<br \/>\n\uf06c A f\u00e9nyind\u00edt\u00e1si hat\u00e9konys\u00e1g \u00e9s a f\u00e9ny\u00e9rz\u00e9kenys\u00e9g magasabb, mint 369 \u00e9s 379<br \/>\n\uf06c Nulla VOC kibocs\u00e1t\u00e1s<br \/>\n\uf06c Sz\u00ednes pigmentrendszerekhez \u00e9s nagy viszkozit\u00e1s\u00fa rendszerekhez alkalmas.<br \/>\n\uf06c Az aj\u00e1nlott adagol\u00e1s 0,1-2%wt<\/p>","protected":false},"featured_media":7576,"comment_status":"open","ping_status":"closed","template":"","meta":[],"product_brand":[],"product_cat":[174,176,177],"product_tag":[],"class_list":{"0":"post-7565","1":"product","2":"type-product","3":"status-publish","4":"has-post-thumbnail","6":"product_cat-photoinitiator","7":"product_cat-newly-developed-pis","8":"product_cat-type-i-free-radical-photoinitiator","10":"first","11":"instock","12":"shipping-taxable","13":"product-type-simple"},"yoast_head":"<!-- This site is optimized with the Yoast SEO plugin v25.3.1 - https:\/\/yoast.com\/wordpress\/plugins\/seo\/ -->\n<title>Photoinitiator Api-1206 manufacturer -Longchang Chemical<\/title>\n<meta name=\"description\" content=\"1206 is suitable for the production of TFT-LCD flat panel display color filters, photosensitive inks, electronic material inks and other systems. The recommended dosage is 0.1-2%wt, 0.8-2%wt is appropriate, and the best dosage is passed according to the actual curing system,Longchang Chemical is a professional manufacturer and supplier of photoinitiator in China.\" \/>\n<meta name=\"robots\" content=\"index, follow, max-snippet:-1, max-image-preview:large, max-video-preview:-1\" \/>\n<link rel=\"canonical\" href=\"https:\/\/longchangchemical.com\/hu\/product\/photoinitiator-1206\/\" \/>\n<meta property=\"og:locale\" content=\"hu_HU\" \/>\n<meta property=\"og:type\" content=\"article\" \/>\n<meta property=\"og:title\" content=\"Photoinitiator Api-1206 manufacturer -Longchang Chemical\" \/>\n<meta property=\"og:description\" content=\"1206 is suitable for the production of TFT-LCD flat panel display color filters, photosensitive inks, electronic material inks and other systems. The recommended dosage is 0.1-2%wt, 0.8-2%wt is appropriate, and the best dosage is passed according to the actual curing system,Longchang Chemical is a professional manufacturer and supplier of photoinitiator in China.\" \/>\n<meta property=\"og:url\" content=\"https:\/\/longchangchemical.com\/hu\/product\/photoinitiator-1206\/\" \/>\n<meta property=\"og:site_name\" content=\"Longchang Chemical\" \/>\n<meta property=\"article:modified_time\" content=\"2025-04-01T05:44:31+00:00\" \/>\n<meta property=\"og:image\" content=\"https:\/\/longchangchemical.com\/wp-content\/uploads\/2024\/11\/Amine-Synergist.jpg\" \/>\n\t<meta property=\"og:image:width\" content=\"600\" \/>\n\t<meta property=\"og:image:height\" content=\"600\" \/>\n\t<meta property=\"og:image:type\" content=\"image\/jpeg\" \/>\n<meta name=\"twitter:card\" content=\"summary_large_image\" \/>\n<script type=\"application\/ld+json\" class=\"yoast-schema-graph\">{\"@context\":\"https:\/\/schema.org\",\"@graph\":[{\"@type\":\"WebPage\",\"@id\":\"https:\/\/longchangchemical.com\/product\/photoinitiator-1206\/\",\"url\":\"https:\/\/longchangchemical.com\/product\/photoinitiator-1206\/\",\"name\":\"Photoinitiator Api-1206 manufacturer -Longchang Chemical\",\"isPartOf\":{\"@id\":\"https:\/\/longchangchemical.com\/#website\"},\"primaryImageOfPage\":{\"@id\":\"https:\/\/longchangchemical.com\/product\/photoinitiator-1206\/#primaryimage\"},\"image\":{\"@id\":\"https:\/\/longchangchemical.com\/product\/photoinitiator-1206\/#primaryimage\"},\"thumbnailUrl\":\"https:\/\/longchangchemical.com\/wp-content\/uploads\/2024\/11\/Amine-Synergist.jpg\",\"datePublished\":\"2024-11-11T06:01:20+00:00\",\"dateModified\":\"2025-04-01T05:44:31+00:00\",\"description\":\"1206 is suitable for the production of TFT-LCD flat panel display color filters, photosensitive inks, electronic material inks and other systems. The recommended dosage is 0.1-2%wt, 0.8-2%wt is appropriate, and the best dosage is passed according to the actual curing system,Longchang Chemical is a professional manufacturer and supplier of photoinitiator in China.\",\"breadcrumb\":{\"@id\":\"https:\/\/longchangchemical.com\/product\/photoinitiator-1206\/#breadcrumb\"},\"inLanguage\":\"hu\",\"potentialAction\":[{\"@type\":\"ReadAction\",\"target\":[\"https:\/\/longchangchemical.com\/product\/photoinitiator-1206\/\"]}]},{\"@type\":\"ImageObject\",\"inLanguage\":\"hu\",\"@id\":\"https:\/\/longchangchemical.com\/product\/photoinitiator-1206\/#primaryimage\",\"url\":\"https:\/\/longchangchemical.com\/wp-content\/uploads\/2024\/11\/Amine-Synergist.jpg\",\"contentUrl\":\"https:\/\/longchangchemical.com\/wp-content\/uploads\/2024\/11\/Amine-Synergist.jpg\",\"width\":600,\"height\":600},{\"@type\":\"BreadcrumbList\",\"@id\":\"https:\/\/longchangchemical.com\/product\/photoinitiator-1206\/#breadcrumb\",\"itemListElement\":[{\"@type\":\"ListItem\",\"position\":1,\"name\":\"Home\",\"item\":\"https:\/\/longchangchemical.com\/\"},{\"@type\":\"ListItem\",\"position\":2,\"name\":\"Products Longchang\",\"item\":\"https:\/\/longchangchemical.com\/product\/\"},{\"@type\":\"ListItem\",\"position\":3,\"name\":\"CHLUMINIT\u00ae 1206 \/ Photoinitiator 1206\"}]},{\"@type\":\"WebSite\",\"@id\":\"https:\/\/longchangchemical.com\/#website\",\"url\":\"https:\/\/longchangchemical.com\/\",\"name\":\"Longchang Chemical\",\"description\":\"China chemical manufacturer \uff06 supplier\",\"publisher\":{\"@id\":\"https:\/\/longchangchemical.com\/#organization\"},\"potentialAction\":[{\"@type\":\"SearchAction\",\"target\":{\"@type\":\"EntryPoint\",\"urlTemplate\":\"https:\/\/longchangchemical.com\/?s={search_term_string}\"},\"query-input\":{\"@type\":\"PropertyValueSpecification\",\"valueRequired\":true,\"valueName\":\"search_term_string\"}}],\"inLanguage\":\"hu\"},{\"@type\":\"Organization\",\"@id\":\"https:\/\/longchangchemical.com\/#organization\",\"name\":\"Longchang Chemical\",\"url\":\"https:\/\/longchangchemical.com\/\",\"logo\":{\"@type\":\"ImageObject\",\"inLanguage\":\"hu\",\"@id\":\"https:\/\/longchangchemical.com\/#\/schema\/logo\/image\/\",\"url\":\"https:\/\/longchangchemical.com\/wp-content\/uploads\/2020\/08\/cropped-longchang-logo.png\",\"contentUrl\":\"https:\/\/longchangchemical.com\/wp-content\/uploads\/2020\/08\/cropped-longchang-logo.png\",\"width\":512,\"height\":512,\"caption\":\"Longchang Chemical\"},\"image\":{\"@id\":\"https:\/\/longchangchemical.com\/#\/schema\/logo\/image\/\"}}]}<\/script>\n<!-- \/ Yoast SEO plugin. -->","yoast_head_json":{"title":"Fotoinici\u00e1tor Api-1206 gy\u00e1rt\u00f3 - Longchang Chemical","description":"Az 1206 alkalmas TFT-LCD s\u00edkk\u00e9perny\u0151s kijelz\u0151k sz\u00ednsz\u0171r\u0151inek, f\u00e9ny\u00e9rz\u00e9keny tint\u00e1k, elektronikus anyagtint\u00e1k \u00e9s egy\u00e9b rendszerek gy\u00e1rt\u00e1s\u00e1ra. Az aj\u00e1nlott adagol\u00e1s 0,1-2%wt, 0,8-2%wt megfelel\u0151, \u00e9s a legjobb adagol\u00e1s a t\u00e9nyleges gy\u00f3gy\u00edt\u00f3 rendszer szerint t\u00f6rt\u00e9nik, a Longchang Chemical professzion\u00e1lis gy\u00e1rt\u00f3ja \u00e9s sz\u00e1ll\u00edt\u00f3ja a fotoinici\u00e1tornak K\u00edn\u00e1ban.","robots":{"index":"index","follow":"follow","max-snippet":"max-snippet:-1","max-image-preview":"max-image-preview:large","max-video-preview":"max-video-preview:-1"},"canonical":"https:\/\/longchangchemical.com\/hu\/product\/photoinitiator-1206\/","og_locale":"hu_HU","og_type":"article","og_title":"Photoinitiator Api-1206 manufacturer -Longchang Chemical","og_description":"1206 is suitable for the production of TFT-LCD flat panel display color filters, photosensitive inks, electronic material inks and other systems. The recommended dosage is 0.1-2%wt, 0.8-2%wt is appropriate, and the best dosage is passed according to the actual curing system,Longchang Chemical is a professional manufacturer and supplier of photoinitiator in China.","og_url":"https:\/\/longchangchemical.com\/hu\/product\/photoinitiator-1206\/","og_site_name":"Longchang Chemical","article_modified_time":"2025-04-01T05:44:31+00:00","og_image":[{"width":600,"height":600,"url":"https:\/\/longchangchemical.com\/wp-content\/uploads\/2024\/11\/Amine-Synergist.jpg","type":"image\/jpeg"}],"twitter_card":"summary_large_image","schema":{"@context":"https:\/\/schema.org","@graph":[{"@type":"WebPage","@id":"https:\/\/longchangchemical.com\/product\/photoinitiator-1206\/","url":"https:\/\/longchangchemical.com\/product\/photoinitiator-1206\/","name":"Fotoinici\u00e1tor Api-1206 gy\u00e1rt\u00f3 - Longchang Chemical","isPartOf":{"@id":"https:\/\/longchangchemical.com\/#website"},"primaryImageOfPage":{"@id":"https:\/\/longchangchemical.com\/product\/photoinitiator-1206\/#primaryimage"},"image":{"@id":"https:\/\/longchangchemical.com\/product\/photoinitiator-1206\/#primaryimage"},"thumbnailUrl":"https:\/\/longchangchemical.com\/wp-content\/uploads\/2024\/11\/Amine-Synergist.jpg","datePublished":"2024-11-11T06:01:20+00:00","dateModified":"2025-04-01T05:44:31+00:00","description":"Az 1206 alkalmas TFT-LCD s\u00edkk\u00e9perny\u0151s kijelz\u0151k sz\u00ednsz\u0171r\u0151inek, f\u00e9ny\u00e9rz\u00e9keny tint\u00e1k, elektronikus anyagtint\u00e1k \u00e9s egy\u00e9b rendszerek gy\u00e1rt\u00e1s\u00e1ra. Az aj\u00e1nlott adagol\u00e1s 0,1-2%wt, 0,8-2%wt megfelel\u0151, \u00e9s a legjobb adagol\u00e1s a t\u00e9nyleges gy\u00f3gy\u00edt\u00f3 rendszer szerint t\u00f6rt\u00e9nik, a Longchang Chemical professzion\u00e1lis gy\u00e1rt\u00f3ja \u00e9s sz\u00e1ll\u00edt\u00f3ja a fotoinici\u00e1tornak K\u00edn\u00e1ban.","breadcrumb":{"@id":"https:\/\/longchangchemical.com\/product\/photoinitiator-1206\/#breadcrumb"},"inLanguage":"hu","potentialAction":[{"@type":"ReadAction","target":["https:\/\/longchangchemical.com\/product\/photoinitiator-1206\/"]}]},{"@type":"ImageObject","inLanguage":"hu","@id":"https:\/\/longchangchemical.com\/product\/photoinitiator-1206\/#primaryimage","url":"https:\/\/longchangchemical.com\/wp-content\/uploads\/2024\/11\/Amine-Synergist.jpg","contentUrl":"https:\/\/longchangchemical.com\/wp-content\/uploads\/2024\/11\/Amine-Synergist.jpg","width":600,"height":600},{"@type":"BreadcrumbList","@id":"https:\/\/longchangchemical.com\/product\/photoinitiator-1206\/#breadcrumb","itemListElement":[{"@type":"ListItem","position":1,"name":"Home","item":"https:\/\/longchangchemical.com\/"},{"@type":"ListItem","position":2,"name":"Products Longchang","item":"https:\/\/longchangchemical.com\/product\/"},{"@type":"ListItem","position":3,"name":"CHLUMINIT\u00ae 1206 \/ Photoinitiator 1206"}]},{"@type":"WebSite","@id":"https:\/\/longchangchemical.com\/#website","url":"https:\/\/longchangchemical.com\/","name":"Longchang Chemical","description":"K\u00edna k\u00e9miai gy\u00e1rt\u00f3 \uff06 sz\u00e1ll\u00edt\u00f3","publisher":{"@id":"https:\/\/longchangchemical.com\/#organization"},"potentialAction":[{"@type":"SearchAction","target":{"@type":"EntryPoint","urlTemplate":"https:\/\/longchangchemical.com\/?s={search_term_string}"},"query-input":{"@type":"PropertyValueSpecification","valueRequired":true,"valueName":"search_term_string"}}],"inLanguage":"hu"},{"@type":"Organization","@id":"https:\/\/longchangchemical.com\/#organization","name":"Longchang Chemical","url":"https:\/\/longchangchemical.com\/","logo":{"@type":"ImageObject","inLanguage":"hu","@id":"https:\/\/longchangchemical.com\/#\/schema\/logo\/image\/","url":"https:\/\/longchangchemical.com\/wp-content\/uploads\/2020\/08\/cropped-longchang-logo.png","contentUrl":"https:\/\/longchangchemical.com\/wp-content\/uploads\/2020\/08\/cropped-longchang-logo.png","width":512,"height":512,"caption":"Longchang Chemical"},"image":{"@id":"https:\/\/longchangchemical.com\/#\/schema\/logo\/image\/"}}]}},"_links":{"self":[{"href":"https:\/\/longchangchemical.com\/hu\/wp-json\/wp\/v2\/product\/7565","targetHints":{"allow":["GET"]}}],"collection":[{"href":"https:\/\/longchangchemical.com\/hu\/wp-json\/wp\/v2\/product"}],"about":[{"href":"https:\/\/longchangchemical.com\/hu\/wp-json\/wp\/v2\/types\/product"}],"replies":[{"embeddable":true,"href":"https:\/\/longchangchemical.com\/hu\/wp-json\/wp\/v2\/comments?post=7565"}],"wp:featuredmedia":[{"embeddable":true,"href":"https:\/\/longchangchemical.com\/hu\/wp-json\/wp\/v2\/media\/7576"}],"wp:attachment":[{"href":"https:\/\/longchangchemical.com\/hu\/wp-json\/wp\/v2\/media?parent=7565"}],"wp:term":[{"taxonomy":"product_brand","embeddable":true,"href":"https:\/\/longchangchemical.com\/hu\/wp-json\/wp\/v2\/product_brand?post=7565"},{"taxonomy":"product_cat","embeddable":true,"href":"https:\/\/longchangchemical.com\/hu\/wp-json\/wp\/v2\/product_cat?post=7565"},{"taxonomy":"product_tag","embeddable":true,"href":"https:\/\/longchangchemical.com\/hu\/wp-json\/wp\/v2\/product_tag?post=7565"}],"curies":[{"name":"wp","href":"https:\/\/api.w.org\/{rel}","templated":true}]}}