{"id":7562,"date":"2024-11-11T06:01:20","date_gmt":"2024-11-11T06:01:20","guid":{"rendered":"https:\/\/longchangchemical.com\/?post_type=product&#038;p=7562"},"modified":"2025-12-16T03:24:05","modified_gmt":"2025-12-16T03:24:05","slug":"photoinitiator-mpbz-6012","status":"publish","type":"product","link":"https:\/\/longchangchemical.com\/hu\/product\/photoinitiator-mpbz-6012\/","title":{"rendered":"CHLUMINIT\u00ae MPBZ(6021) \/ MPBZ (6012) fotoinici\u00e1tor CAS 86428-83-3"},"content":{"rendered":"<h1>Fotoinici\u00e1tor MPBZ (6012)<\/h1>\n<p><strong>Szinonima\uff1a<\/strong>MPBZ f\u00e9nyind\u00edt\u00f3 , 6012 f\u00e9nyind\u00edt\u00f3;3-metil-4-fenil-benzofenon\uff1bbifenil-4-il(3-metilfenil)metanon<\/p>\n<p><strong><b>Specifik\u00e1ci\u00f3<\/b><\/strong><\/p>\n<table>\n<tbody>\n<tr>\n<td width=\"133\">Megjelen\u00e9s<\/td>\n<td width=\"165\">feh\u00e9r por<\/td>\n<\/tr>\n<tr>\n<td width=\"133\">Assay<\/td>\n<td width=\"165\">99% min<\/td>\n<\/tr>\n<tr>\n<td width=\"133\">Olvad\u00e1si tartom\u00e1ny<\/td>\n<td width=\"165\">82-84 \u2103<\/td>\n<\/tr>\n<tr>\n<td width=\"133\">Sz\u00e1r\u00edt\u00e1si vesztes\u00e9g<\/td>\n<td width=\"165\">1% max<\/td>\n<\/tr>\n<tr>\n<td width=\"133\">Abszorpci\u00f3 \u03bb max<\/td>\n<td width=\"165\">209, 290 <span style=\"font-family: inherit; font-size: inherit;\">nm<\/span><\/td>\n<\/tr>\n<\/tbody>\n<\/table>\n<p>&nbsp;<\/p>\n<p><strong><b>Ingatlan<\/b><\/strong><\/p>\n<p>Az MPBZ fotoinici\u00e1tor vezet\u0151 szerepet t\u00f6lt be a radik\u00e1lis (II) t\u00edpus\u00fa szil\u00e1rd fotoinici\u00e1torok k\u00f6z\u00f6tt. Ez az inici\u00e1tor rendk\u00edv\u00fcl hat\u00e9kony \u00e9s kiv\u00e1l\u00f3 tulajdons\u00e1gokkal rendelkezik, k\u00fcl\u00f6n\u00f6sen a szag tekintet\u00e9ben. T\u00f6k\u00e9letes v\u00e1laszt\u00e1s olyan k\u00e9sz\u00edtm\u00e9nyekhez, amelyeknek szigor\u00fa szagk\u00f6vetelm\u00e9nyekkel kell rendelkezni\u00fck, p\u00e9ld\u00e1ul alacsony vagy szagtalan szag\u00faak.<\/p>\n<p>A gyakorlati alkalmaz\u00e1s szempontj\u00e1b\u00f3l a fejl\u0151d\u00e9st a cigarett\u00e1sdobozok tintalakkj\u00e1ig vezethetj\u00fck vissza. A m\u00faltban a cigarett\u00e1sdobozok tintalakkja a sz\u00e1r\u00edt\u00e1si folyamat sor\u00e1n kellemetlen szagokat produk\u00e1lt, ami nemcsak a felhaszn\u00e1l\u00f3i \u00e9lm\u00e9nyt befoly\u00e1solta, hanem a k\u00f6rnyezetet is szennyezte. Az MPBZ fotoinici\u00e1tor megjelen\u00e9se t\u00f6k\u00e9letesen megoldotta ezt a probl\u00e9m\u00e1t. Alkalmaz\u00e1sa a cigarett\u00e1sdobozok fest\u00e9klakkj\u00e1ban megsz\u00fcntette a sz\u00far\u00f3s szagot a cigarett\u00e1sdobozok gy\u00e1rt\u00e1sa sor\u00e1n.<\/p>\n<p>Ezenk\u00edv\u00fcl a m\u0171anyag bevonatok ter\u00fclet\u00e9n mindannyian tudjuk, hogy a m\u0171anyag term\u00e9keket sz\u00e9les k\u00f6rben haszn\u00e1lj\u00e1k a mindennapi \u00e9letben \u00e9s az ipari termel\u00e9sben. A hagyom\u00e1nyos bevonatok a k\u00fcl\u00f6nb\u00f6z\u0151 vegyi anyagok elp\u00e1rolg\u00e1sa miatt szagokat termelhetnek, ami komoly probl\u00e9m\u00e1t jelent a m\u0171anyag term\u00e9kek fel\u00fcletkezel\u00e9s\u00e9n\u00e9l a magas leveg\u0151min\u0151s\u00e9gi k\u00f6vetelm\u00e9nyeket t\u00e1maszt\u00f3 k\u00f6rnyezetben, p\u00e9ld\u00e1ul az \u00e9lelmiszercsomagol\u00e1sokn\u00e1l \u00e9s a gyermekj\u00e1t\u00e9kokn\u00e1l. Az MPBZ fotoinici\u00e1tor \u00faj \u00e9letet hozott a m\u0171anyag bevonatokba. Biztos\u00edtja, hogy a bevonatok a kikem\u00e9nyed\u00e9si folyamat sor\u00e1n alacsony szag\u00faak maradjanak, vagy egy\u00e1ltal\u00e1n ne legyenek szagosak.<\/p>\n<p>A ragaszt\u00f3iparban a lakberendez\u00e9shez vagy a prec\u00edzi\u00f3s m\u0171szerek \u00f6sszeszerel\u00e9s\u00e9hez haszn\u00e1lt egyes ragaszt\u00f3k k\u00e1ros hat\u00e1ssal lehetnek a lak\u00f3kra vagy a m\u0171szerek haszn\u00e1lat\u00e1ra, ha szagmaradv\u00e1nyt hagynak maguk ut\u00e1n. Az MPBZ fotoinici\u00e1tor a ragaszt\u00f3kat haszn\u00e1lat ut\u00e1n kellemetlen szagokt\u00f3l mentess\u00e9 teszi.<\/p>\n<p>A litogr\u00e1fiai \u00e9s szitanyom\u00f3 fest\u00e9kek szint\u00e9n fontos alkalmaz\u00e1si ter\u00fcletei az MPBZ fotoinici\u00e1tornak. A magas sz\u00ednvonal\u00fa m\u0171v\u00e9szeti nyomatok p\u00e9ld\u00e1ul \u00e9l\u00e9nk sz\u00edneket \u00e9s tiszta mint\u00e1kat ig\u00e9nyelnek, olyan szagok n\u00e9lk\u00fcl, amelyek nem rontj\u00e1k a munka min\u0151s\u00e9g\u00e9t. Az MPBZ haszn\u00e1lata t\u00f6k\u00e9letesen megfelel ennek az ig\u00e9nynek.<\/p>\n<p>\u00c9rdemes megeml\u00edteni, hogy az MPBZ fotoinici\u00e1tor haszn\u00e1lata amin-szinergist\u00e1val kombin\u00e1lva aj\u00e1nlott. K\u00e9miai szempontb\u00f3l a kett\u0151 szinergikus hat\u00e1sa tov\u00e1bb fokozhatja a fotoinici\u00e1tor hat\u00e9konys\u00e1g\u00e1t. Az amin-szinergist\u00e1k olyanok, mint az MPBZ jobbkeze. Egy\u00fctt az eg\u00e9sz fotoinici\u00e1ci\u00f3s folyamatot sim\u00e1bb\u00e1 \u00e9s hat\u00e9konyabb\u00e1 teszik, \u00edgy az MPBZ jobban bet\u00f6ltheti szerep\u00e9t a k\u00fcl\u00f6nb\u00f6z\u0151 k\u00e9sz\u00edtm\u00e9nyekben.<\/p>\n<p><strong><b>Csomag: <\/b><\/strong>20kg\/karton<\/p>\n<p><strong><b>T\u00e1rol\u00e1s:<\/b><\/strong><\/p>\n<p>K\u00f6zvetlen napf\u00e9nyt\u0151l v\u00e9dett, h\u0171v\u00f6s, sz\u00e1raz helyen t\u00e1rolva.<\/p>\n<h2><strong><b>L\u00e9pjen kapcsolatba vel\u00fcnk most!<\/b><\/strong><\/h2>\n<h4><strong><b>Ha sz\u00fcks\u00e9ge van Price-ra, k\u00e9rj\u00fck, t\u00f6ltse ki el\u00e9rhet\u0151s\u00e9g\u00e9t az al\u00e1bbi \u0171rlapon, \u00e1ltal\u00e1ban 24 \u00f3r\u00e1n bel\u00fcl felvessz\u00fck \u00d6nnel a kapcsolatot. \u00d6n is k\u00fcldhet nekem e-mailt <span style=\"color: #00ccff;\"><a style=\"color: #00ccff;\" href=\"mailto:info@longchangchemical.com\">info@longchangchemical.com<\/a><\/span>\u00a0munkaid\u0151ben ( 8:30-18:00 UTC+8 H.-Szombat ) vagy haszn\u00e1lja a weboldal \u00e9l\u0151 chatj\u00e9t, hogy azonnali v\u00e1laszt kapjon.<\/b><\/strong><\/h4>\n<p>&nbsp;<\/p>\n<table style=\"border-collapse: collapse; width: 435.77pt;\" border=\"0\" width=\"581\" cellspacing=\"0\" cellpadding=\"0\">\n<tbody>\n<tr style=\"height: 13.50pt;\">\n<td style=\"height: 13.50pt; width: 215.25pt;\" width=\"287\" height=\"18\"><a href=\"https:\/\/longchangchemical.com\/hu\/product\/photoinitiator-tpo-cas-75980-60-8\/\"><span style=\"color: #00ccff;\">Fotoinici\u00e1tor TPO<\/span><\/a><\/td>\n<td style=\"width: 220.50pt;\" width=\"294\">CAS 75980-60-8<\/td>\n<\/tr>\n<tr style=\"height: 13.50pt;\">\n<td style=\"height: 13.50pt;\" height=\"18\"><a href=\"https:\/\/longchangchemical.com\/hu\/product\/cas-270586-78-2\/\"><span style=\"color: #00ccff;\">Fotoinici\u00e1tor TMO<\/span><\/a><\/td>\n<td>CAS 270586-78-2<\/td>\n<\/tr>\n<tr style=\"height: 13.50pt;\">\n<td style=\"height: 13.50pt;\" height=\"18\"><a href=\"https:\/\/longchangchemical.com\/hu\/product\/photoinitiator-pd-01-cas-579-07-7\/\"><span style=\"color: #00ccff;\">PD-01 fotoinici\u00e1tor<\/span><\/a><\/td>\n<td>CAS 579-07-7<\/td>\n<\/tr>\n<tr style=\"height: 13.50pt;\">\n<td style=\"height: 13.50pt;\" height=\"18\"><a href=\"https:\/\/longchangchemical.com\/hu\/product\/photoinitiator-pbz-cas-2128-93-0\/\"><span style=\"color: #00ccff;\">Fotoinici\u00e1tor PBZ<\/span><\/a><\/td>\n<td>CAS 2128-93-0<\/td>\n<\/tr>\n<tr style=\"height: 13.50pt;\">\n<td style=\"height: 13.50pt;\" height=\"18\"><a href=\"https:\/\/longchangchemical.com\/hu\/product\/photoinitiator-oxe-02-cas-478556-66-0\/\"><span style=\"color: #00ccff;\">OXE-02 fotoinici\u00e1tor<\/span><\/a><\/td>\n<td>CAS 478556-66-0<\/td>\n<\/tr>\n<tr style=\"height: 13.50pt;\">\n<td style=\"height: 13.50pt;\" height=\"18\"><a href=\"https:\/\/longchangchemical.com\/hu\/product\/photoinitiator-ombb\/\"><span style=\"color: #00ccff;\">Fotoinici\u00e1tor OMBB<\/span><\/a><\/td>\n<td>CAS 606-28-0<\/td>\n<\/tr>\n<tr style=\"height: 13.50pt;\">\n<td style=\"height: 13.50pt;\" height=\"18\"><a href=\"https:\/\/longchangchemical.com\/hu\/product\/photoinitiator-mpbz-6012\/\"><span style=\"color: #00ccff;\">Fotoinici\u00e1tor MPBZ (6012)<\/span><\/a><\/td>\n<td>CAS 86428-83-3<\/td>\n<\/tr>\n<tr style=\"height: 13.50pt;\">\n<td style=\"height: 13.50pt;\" height=\"18\"><a href=\"https:\/\/longchangchemical.com\/hu\/product\/photoinitiator-mbp-cas-134-84-9\/\"><span style=\"color: #00ccff;\">Fotoinici\u00e1tor MBP<\/span><\/a><\/td>\n<td>CAS 134-84-9<\/td>\n<\/tr>\n<tr style=\"height: 13.50pt;\">\n<td style=\"height: 13.50pt;\" height=\"18\"><a href=\"https:\/\/longchangchemical.com\/hu\/product\/photoinitiator-mbf-cas-15206-55-0\/\"><span style=\"color: #00ccff;\">Fotoinici\u00e1tor MBF<\/span><\/a><\/td>\n<td>CAS 15206-55-0<\/td>\n<\/tr>\n<tr style=\"height: 13.50pt;\">\n<td style=\"height: 13.50pt;\" height=\"18\"><a href=\"https:\/\/longchangchemical.com\/hu\/product\/photoinitiator-lap-cas-85073-19-4\/\"><span style=\"color: #00ccff;\">Fotoinici\u00e1tor LAP<\/span><\/a><\/td>\n<td>CAS 85073-19-4<\/td>\n<\/tr>\n<tr style=\"height: 13.50pt;\">\n<td style=\"height: 13.50pt;\" height=\"18\"><a href=\"https:\/\/longchangchemical.com\/hu\/product\/photoinitiator-itx-cas-5495-84-1\/\"><span style=\"color: #00ccff;\">Fotoinici\u00e1tor ITX<\/span><\/a><\/td>\n<td>CAS 5495-84-1<\/td>\n<\/tr>\n<tr style=\"height: 13.50pt;\">\n<td style=\"height: 13.50pt;\" height=\"18\"><a href=\"https:\/\/longchangchemical.com\/hu\/product\/photoinitiator-emk\/\"><span style=\"color: #00ccff;\">EMK fotoinici\u00e1tor<\/span><\/a><\/td>\n<td>CAS 90-93-7<\/td>\n<\/tr>\n<tr style=\"height: 13.50pt;\">\n<td style=\"height: 13.50pt;\" height=\"18\"><a href=\"https:\/\/longchangchemical.com\/hu\/product\/photoinitiator-eha-cas-21245-02-3\/\"><span style=\"color: #00ccff;\">Fotoinici\u00e1tor EHA<\/span><\/a><\/td>\n<td>CAS 21245-02-3<\/td>\n<\/tr>\n<tr style=\"height: 13.50pt;\">\n<td style=\"height: 13.50pt;\" height=\"18\"><a href=\"https:\/\/longchangchemical.com\/hu\/product\/photoinitiator-edb-cas-10287-53-3\/\"><span style=\"color: #00ccff;\">Fotoinici\u00e1tor EDB<\/span><\/a><\/td>\n<td>CAS 10287-53-3<\/td>\n<\/tr>\n<tr style=\"height: 13.50pt;\">\n<td style=\"height: 13.50pt;\" height=\"18\"><a href=\"https:\/\/longchangchemical.com\/hu\/product\/photoinitiator-detx-cas-82799-44-8\/\"><span style=\"color: #00ccff;\">DETX fotoinici\u00e1tor<\/span><\/a><\/td>\n<td>CAS 82799-44-8<\/td>\n<\/tr>\n<tr style=\"height: 13.50pt;\">\n<td style=\"height: 13.50pt;\" height=\"18\"><a href=\"https:\/\/longchangchemical.com\/hu\/product\/photoinitiator-cq\/\"><span style=\"color: #00ccff;\">Fotoinici\u00e1tor CQ \/ k\u00e1mforkinon<\/span><\/a><\/td>\n<td>CAS 10373-78-1<\/td>\n<\/tr>\n<tr style=\"height: 13.50pt;\">\n<td style=\"height: 13.50pt;\" height=\"18\"><a href=\"https:\/\/longchangchemical.com\/hu\/product\/photoinitiator-cbp-cas-134-85-0\/\"><span style=\"color: #00ccff;\">Fotoinici\u00e1tor CBP<\/span><\/a><\/td>\n<td>CAS 134-85-0<\/td>\n<\/tr>\n<tr style=\"height: 13.50pt;\">\n<td style=\"height: 13.50pt;\" height=\"18\"><a href=\"https:\/\/longchangchemical.com\/hu\/product\/photoinitiator-bp-cas-119-61-9\/\"><span style=\"color: #00ccff;\">BP \/ benzofenon fotoinici\u00e1tor<\/span><\/a><\/td>\n<td>CAS 119-61-9<\/td>\n<\/tr>\n<tr style=\"height: 13.50pt;\">\n<td style=\"height: 13.50pt;\" height=\"18\"><a href=\"https:\/\/longchangchemical.com\/hu\/product\/photoinitiator-bms\/\"><span style=\"color: #00ccff;\">Fotoinici\u00e1tor BMS<\/span><\/a><\/td>\n<td>CAS 83846-85-9<\/td>\n<\/tr>\n<tr style=\"height: 13.50pt;\">\n<td style=\"height: 13.50pt;\" height=\"18\"><a href=\"https:\/\/longchangchemical.com\/hu\/product\/photoinitiator-938\/\"><span style=\"color: #00ccff;\">F\u00e9nykezdem\u00e9nyez\u0151 938<\/span><\/a><\/td>\n<td>CAS 61358-25-6<\/td>\n<\/tr>\n<tr style=\"height: 13.50pt;\">\n<td style=\"height: 13.50pt;\" height=\"18\"><a href=\"https:\/\/longchangchemical.com\/hu\/product\/photoinitiator-937-cas-71786-70-4\/\"><span style=\"color: #00ccff;\">Fotoinici\u00e1tor 937<\/span><\/a><\/td>\n<td>CAS 71786-70-4<\/td>\n<\/tr>\n<tr style=\"height: 13.50pt;\">\n<td style=\"height: 13.50pt;\" height=\"18\"><a href=\"https:\/\/longchangchemical.com\/hu\/product\/photoinitiator-819-dw\/\"><span style=\"color: #00ccff;\">Fotoinici\u00e1tor 819 DW<\/span><\/a><\/td>\n<td>CAS 162881-26-7<\/td>\n<\/tr>\n<tr style=\"height: 13.50pt;\">\n<td style=\"height: 13.50pt;\" height=\"18\"><a href=\"https:\/\/longchangchemical.com\/hu\/product\/photoinitiator-819-irgacure-819-cas-162881-26-7\/\"><span style=\"color: #00ccff;\">Fotoinici\u00e1tor 819<\/span><\/a><\/td>\n<td>CAS 162881-26-7<\/td>\n<\/tr>\n<tr style=\"height: 13.50pt;\">\n<td style=\"height: 13.50pt;\" height=\"18\"><a href=\"https:\/\/longchangchemical.com\/hu\/product\/photoinitiator-784-cas-125051-32-3\/\"><span style=\"color: #00ccff;\">Fotoinici\u00e1tor 784<\/span><\/a><\/td>\n<td>CAS 125051-32-3<\/td>\n<\/tr>\n<tr style=\"height: 13.50pt;\">\n<td style=\"height: 13.50pt;\" height=\"18\"><a href=\"https:\/\/longchangchemical.com\/hu\/product\/photoinitiator-754-cas-211510-16-6-442536-99-4\/\"><span style=\"color: #00ccff;\">754 fotoinici\u00e1tor<\/span><\/a><\/td>\n<td>CAS 211510-16-6 442536-99-4<\/td>\n<\/tr>\n<tr style=\"height: 13.50pt;\">\n<td style=\"height: 13.50pt;\" height=\"18\"><a href=\"https:\/\/longchangchemical.com\/hu\/product\/photoinitiator-6993-cas-71449-78-0\/\"><span style=\"color: #00ccff;\">Fotoinici\u00e1tor 6993<\/span><\/a><\/td>\n<td>CAS 71449-78-0<\/td>\n<\/tr>\n<tr style=\"height: 13.50pt;\">\n<td style=\"height: 13.50pt;\" height=\"18\"><a href=\"https:\/\/longchangchemical.com\/hu\/product\/photoinitiator-6976\/\"><span style=\"color: #00ccff;\">6976 fotoinici\u00e1tor<\/span><\/a><\/td>\n<td>CAS 71449-78-0 89452-37-9 108-32-7<\/td>\n<\/tr>\n<tr style=\"height: 13.50pt;\">\n<td style=\"height: 13.50pt;\" height=\"18\"><a href=\"https:\/\/longchangchemical.com\/hu\/product\/photoinitiator-379-cas-119344-86-4\/\"><span style=\"color: #00ccff;\">Fotoinici\u00e1tor 379<\/span><\/a><\/td>\n<td>CAS 119344-86-4<\/td>\n<\/tr>\n<tr style=\"height: 13.50pt;\">\n<td style=\"height: 13.50pt;\" height=\"18\"><a href=\"https:\/\/longchangchemical.com\/hu\/product\/photoinitiator-369-cas-119313-12-1\/\"><span style=\"color: #00ccff;\">Fotoinici\u00e1tor 369<\/span><\/a><\/td>\n<td>CAS 119313-12-1<\/td>\n<\/tr>\n<tr style=\"height: 13.50pt;\">\n<td style=\"height: 13.50pt;\" height=\"18\"><span style=\"color: #00ccff;\"><a style=\"color: #00ccff;\" href=\"https:\/\/longchangchemical.com\/hu\/product\/photoinitiator-160\/\">Fotoinici\u00e1tor 160<\/a><\/span><\/td>\n<td>CAS 71868-15-0<\/td>\n<\/tr>\n<tr style=\"height: 13.50pt;\">\n<td style=\"height: 13.50pt;\" height=\"18\"><a href=\"https:\/\/longchangchemical.com\/hu\/product\/photoinitiator-1206\/\"><span style=\"color: #00ccff;\">F\u00e9nyind\u00edt\u00f3 1206<\/span><\/a><\/td>\n<td><\/td>\n<\/tr>\n<tr style=\"height: 13.50pt;\">\n<td style=\"height: 13.50pt;\" height=\"18\"><a href=\"https:\/\/longchangchemical.com\/hu\/product\/irgacure-1173-cas-7473-98-5\/\"><span style=\"color: #00ccff;\">1173 fotoinici\u00e1tor<\/span><\/a><\/td>\n<td>CAS 7473-98-5<\/td>\n<\/tr>\n<\/tbody>\n<\/table>\n<p>&nbsp;<\/p>","protected":false},"excerpt":{"rendered":"<p>Az MPBZ egy II. t\u00edpus\u00fa, alacsony szag\u00fa fotoinici\u00e1tor, amelyet f\u0151k\u00e9nt az alacsony szag\u00fa \u00e9s biztons\u00e1gi k\u00f6vetelm\u00e9nyeket t\u00e1maszt\u00f3 formul\u00e1z\u00e1si rendszerekben haszn\u00e1lnak, p\u00e9ld\u00e1ul doh\u00e1ny-, alkohol- \u00e9s \u00e9lelmiszer-csomagol\u00f3 nyomdafest\u00e9kekn\u00e9l. Alkalmas amin szinergist\u00e1kkal val\u00f3 haszn\u00e1latra. Jobb.<br \/>\n\u00c1ltal\u00e1ban a hozz\u00e1ad\u00e1s mennyis\u00e9ge 2%~5%.<\/p>","protected":false},"featured_media":8089,"comment_status":"open","ping_status":"closed","template":"","meta":[],"product_brand":[],"product_cat":[174,176,178],"product_tag":[],"class_list":{"0":"post-7562","1":"product","2":"type-product","3":"status-publish","4":"has-post-thumbnail","6":"product_cat-photoinitiator","7":"product_cat-newly-developed-pis","8":"product_cat-type-ii-free-radical-photoinitiator","10":"first","11":"instock","12":"shipping-taxable","13":"product-type-simple"},"yoast_head":"<!-- This site is optimized with the Yoast SEO plugin v25.3.1 - https:\/\/yoast.com\/wordpress\/plugins\/seo\/ -->\n<title>Photoinitiator MPBZ Cas No 86428-83-3 manufacturer-Longchang Chemical<\/title>\n<meta name=\"description\" content=\"MPBZ ( biphenyl-4-yl-(3-methylphenyl)methanone ) is used as a cationic photoinitiator and is the key product of Longchang Chemical. We are the leading Photoinitaitor manufacturer and supplier in China with the best quanlity and competitive price.\" \/>\n<meta name=\"robots\" content=\"index, follow, max-snippet:-1, max-image-preview:large, max-video-preview:-1\" \/>\n<link rel=\"canonical\" href=\"https:\/\/longchangchemical.com\/hu\/product\/photoinitiator-mpbz-6012\/\" \/>\n<meta property=\"og:locale\" content=\"hu_HU\" \/>\n<meta property=\"og:type\" content=\"article\" \/>\n<meta property=\"og:title\" content=\"Photoinitiator MPBZ Cas No 86428-83-3 manufacturer-Longchang Chemical\" \/>\n<meta property=\"og:description\" content=\"MPBZ ( biphenyl-4-yl-(3-methylphenyl)methanone ) is used as a cationic photoinitiator and is the key product of Longchang Chemical. We are the leading Photoinitaitor manufacturer and supplier in China with the best quanlity and competitive price.\" \/>\n<meta property=\"og:url\" content=\"https:\/\/longchangchemical.com\/hu\/product\/photoinitiator-mpbz-6012\/\" \/>\n<meta property=\"og:site_name\" content=\"Longchang Chemical\" \/>\n<meta property=\"article:modified_time\" content=\"2025-12-16T03:24:05+00:00\" \/>\n<meta property=\"og:image\" content=\"https:\/\/longchangchemical.com\/wp-content\/uploads\/2024\/11\/86428-83-3-1.jpg\" \/>\n\t<meta property=\"og:image:width\" content=\"600\" \/>\n\t<meta property=\"og:image:height\" content=\"600\" \/>\n\t<meta property=\"og:image:type\" content=\"image\/jpeg\" \/>\n<meta name=\"twitter:card\" content=\"summary_large_image\" \/>\n<script type=\"application\/ld+json\" class=\"yoast-schema-graph\">{\"@context\":\"https:\/\/schema.org\",\"@graph\":[{\"@type\":\"WebPage\",\"@id\":\"https:\/\/longchangchemical.com\/product\/photoinitiator-mpbz-6012\/\",\"url\":\"https:\/\/longchangchemical.com\/product\/photoinitiator-mpbz-6012\/\",\"name\":\"Photoinitiator MPBZ Cas No 86428-83-3 manufacturer-Longchang Chemical\",\"isPartOf\":{\"@id\":\"https:\/\/longchangchemical.com\/#website\"},\"primaryImageOfPage\":{\"@id\":\"https:\/\/longchangchemical.com\/product\/photoinitiator-mpbz-6012\/#primaryimage\"},\"image\":{\"@id\":\"https:\/\/longchangchemical.com\/product\/photoinitiator-mpbz-6012\/#primaryimage\"},\"thumbnailUrl\":\"https:\/\/longchangchemical.com\/wp-content\/uploads\/2024\/11\/86428-83-3-1.jpg\",\"datePublished\":\"2024-11-11T06:01:20+00:00\",\"dateModified\":\"2025-12-16T03:24:05+00:00\",\"description\":\"MPBZ ( biphenyl-4-yl-(3-methylphenyl)methanone ) is used as a cationic photoinitiator and is the key product of Longchang Chemical. We are the leading Photoinitaitor manufacturer and supplier in China with the best quanlity and competitive price.\",\"breadcrumb\":{\"@id\":\"https:\/\/longchangchemical.com\/product\/photoinitiator-mpbz-6012\/#breadcrumb\"},\"inLanguage\":\"hu\",\"potentialAction\":[{\"@type\":\"ReadAction\",\"target\":[\"https:\/\/longchangchemical.com\/product\/photoinitiator-mpbz-6012\/\"]}]},{\"@type\":\"ImageObject\",\"inLanguage\":\"hu\",\"@id\":\"https:\/\/longchangchemical.com\/product\/photoinitiator-mpbz-6012\/#primaryimage\",\"url\":\"https:\/\/longchangchemical.com\/wp-content\/uploads\/2024\/11\/86428-83-3-1.jpg\",\"contentUrl\":\"https:\/\/longchangchemical.com\/wp-content\/uploads\/2024\/11\/86428-83-3-1.jpg\",\"width\":600,\"height\":600},{\"@type\":\"BreadcrumbList\",\"@id\":\"https:\/\/longchangchemical.com\/product\/photoinitiator-mpbz-6012\/#breadcrumb\",\"itemListElement\":[{\"@type\":\"ListItem\",\"position\":1,\"name\":\"Home\",\"item\":\"https:\/\/longchangchemical.com\/\"},{\"@type\":\"ListItem\",\"position\":2,\"name\":\"Products Longchang\",\"item\":\"https:\/\/longchangchemical.com\/product\/\"},{\"@type\":\"ListItem\",\"position\":3,\"name\":\"CHLUMINIT\u00ae MPBZ(6021) \/ Photoinitiator MPBZ (6012) CAS 86428-83-3\"}]},{\"@type\":\"WebSite\",\"@id\":\"https:\/\/longchangchemical.com\/#website\",\"url\":\"https:\/\/longchangchemical.com\/\",\"name\":\"Longchang Chemical\",\"description\":\"China chemical manufacturer \uff06 supplier\",\"publisher\":{\"@id\":\"https:\/\/longchangchemical.com\/#organization\"},\"potentialAction\":[{\"@type\":\"SearchAction\",\"target\":{\"@type\":\"EntryPoint\",\"urlTemplate\":\"https:\/\/longchangchemical.com\/?s={search_term_string}\"},\"query-input\":{\"@type\":\"PropertyValueSpecification\",\"valueRequired\":true,\"valueName\":\"search_term_string\"}}],\"inLanguage\":\"hu\"},{\"@type\":\"Organization\",\"@id\":\"https:\/\/longchangchemical.com\/#organization\",\"name\":\"Longchang Chemical\",\"url\":\"https:\/\/longchangchemical.com\/\",\"logo\":{\"@type\":\"ImageObject\",\"inLanguage\":\"hu\",\"@id\":\"https:\/\/longchangchemical.com\/#\/schema\/logo\/image\/\",\"url\":\"https:\/\/longchangchemical.com\/wp-content\/uploads\/2020\/08\/cropped-longchang-logo.png\",\"contentUrl\":\"https:\/\/longchangchemical.com\/wp-content\/uploads\/2020\/08\/cropped-longchang-logo.png\",\"width\":512,\"height\":512,\"caption\":\"Longchang Chemical\"},\"image\":{\"@id\":\"https:\/\/longchangchemical.com\/#\/schema\/logo\/image\/\"}}]}<\/script>\n<!-- \/ Yoast SEO plugin. -->","yoast_head_json":{"title":"Fotoinici\u00e1tor MPBZ CAS-sz\u00e1m 86428-83-3 gy\u00e1rt\u00f3-Longchang Chemical","description":"Az MPBZ-t ( bifenil-4-il(3-metilfenil)metanon ) kationos fotoinici\u00e1tork\u00e9nt haszn\u00e1lj\u00e1k, \u00e9s a Longchang Chemical kulcsfontoss\u00e1g\u00fa term\u00e9ke. Mi vagyunk a vezet\u0151 fotoiniti\u00e1tor gy\u00e1rt\u00f3ja \u00e9s sz\u00e1ll\u00edt\u00f3ja K\u00edn\u00e1ban a legjobb min\u0151s\u00e9ggel \u00e9s versenyk\u00e9pes \u00e1rral.","robots":{"index":"index","follow":"follow","max-snippet":"max-snippet:-1","max-image-preview":"max-image-preview:large","max-video-preview":"max-video-preview:-1"},"canonical":"https:\/\/longchangchemical.com\/hu\/product\/photoinitiator-mpbz-6012\/","og_locale":"hu_HU","og_type":"article","og_title":"Photoinitiator MPBZ Cas No 86428-83-3 manufacturer-Longchang Chemical","og_description":"MPBZ ( biphenyl-4-yl-(3-methylphenyl)methanone ) is used as a cationic photoinitiator and is the key product of Longchang Chemical. We are the leading Photoinitaitor manufacturer and supplier in China with the best quanlity and competitive price.","og_url":"https:\/\/longchangchemical.com\/hu\/product\/photoinitiator-mpbz-6012\/","og_site_name":"Longchang Chemical","article_modified_time":"2025-12-16T03:24:05+00:00","og_image":[{"width":600,"height":600,"url":"https:\/\/longchangchemical.com\/wp-content\/uploads\/2024\/11\/86428-83-3-1.jpg","type":"image\/jpeg"}],"twitter_card":"summary_large_image","schema":{"@context":"https:\/\/schema.org","@graph":[{"@type":"WebPage","@id":"https:\/\/longchangchemical.com\/product\/photoinitiator-mpbz-6012\/","url":"https:\/\/longchangchemical.com\/product\/photoinitiator-mpbz-6012\/","name":"Fotoinici\u00e1tor MPBZ CAS-sz\u00e1m 86428-83-3 gy\u00e1rt\u00f3-Longchang Chemical","isPartOf":{"@id":"https:\/\/longchangchemical.com\/#website"},"primaryImageOfPage":{"@id":"https:\/\/longchangchemical.com\/product\/photoinitiator-mpbz-6012\/#primaryimage"},"image":{"@id":"https:\/\/longchangchemical.com\/product\/photoinitiator-mpbz-6012\/#primaryimage"},"thumbnailUrl":"https:\/\/longchangchemical.com\/wp-content\/uploads\/2024\/11\/86428-83-3-1.jpg","datePublished":"2024-11-11T06:01:20+00:00","dateModified":"2025-12-16T03:24:05+00:00","description":"Az MPBZ-t ( bifenil-4-il(3-metilfenil)metanon ) kationos fotoinici\u00e1tork\u00e9nt haszn\u00e1lj\u00e1k, \u00e9s a Longchang Chemical kulcsfontoss\u00e1g\u00fa term\u00e9ke. Mi vagyunk a vezet\u0151 fotoiniti\u00e1tor gy\u00e1rt\u00f3ja \u00e9s sz\u00e1ll\u00edt\u00f3ja K\u00edn\u00e1ban a legjobb min\u0151s\u00e9ggel \u00e9s versenyk\u00e9pes \u00e1rral.","breadcrumb":{"@id":"https:\/\/longchangchemical.com\/product\/photoinitiator-mpbz-6012\/#breadcrumb"},"inLanguage":"hu","potentialAction":[{"@type":"ReadAction","target":["https:\/\/longchangchemical.com\/product\/photoinitiator-mpbz-6012\/"]}]},{"@type":"ImageObject","inLanguage":"hu","@id":"https:\/\/longchangchemical.com\/product\/photoinitiator-mpbz-6012\/#primaryimage","url":"https:\/\/longchangchemical.com\/wp-content\/uploads\/2024\/11\/86428-83-3-1.jpg","contentUrl":"https:\/\/longchangchemical.com\/wp-content\/uploads\/2024\/11\/86428-83-3-1.jpg","width":600,"height":600},{"@type":"BreadcrumbList","@id":"https:\/\/longchangchemical.com\/product\/photoinitiator-mpbz-6012\/#breadcrumb","itemListElement":[{"@type":"ListItem","position":1,"name":"Home","item":"https:\/\/longchangchemical.com\/"},{"@type":"ListItem","position":2,"name":"Products Longchang","item":"https:\/\/longchangchemical.com\/product\/"},{"@type":"ListItem","position":3,"name":"CHLUMINIT\u00ae MPBZ(6021) \/ Photoinitiator MPBZ (6012) CAS 86428-83-3"}]},{"@type":"WebSite","@id":"https:\/\/longchangchemical.com\/#website","url":"https:\/\/longchangchemical.com\/","name":"Longchang Chemical","description":"K\u00edna k\u00e9miai gy\u00e1rt\u00f3 \uff06 sz\u00e1ll\u00edt\u00f3","publisher":{"@id":"https:\/\/longchangchemical.com\/#organization"},"potentialAction":[{"@type":"SearchAction","target":{"@type":"EntryPoint","urlTemplate":"https:\/\/longchangchemical.com\/?s={search_term_string}"},"query-input":{"@type":"PropertyValueSpecification","valueRequired":true,"valueName":"search_term_string"}}],"inLanguage":"hu"},{"@type":"Organization","@id":"https:\/\/longchangchemical.com\/#organization","name":"Longchang Chemical","url":"https:\/\/longchangchemical.com\/","logo":{"@type":"ImageObject","inLanguage":"hu","@id":"https:\/\/longchangchemical.com\/#\/schema\/logo\/image\/","url":"https:\/\/longchangchemical.com\/wp-content\/uploads\/2020\/08\/cropped-longchang-logo.png","contentUrl":"https:\/\/longchangchemical.com\/wp-content\/uploads\/2020\/08\/cropped-longchang-logo.png","width":512,"height":512,"caption":"Longchang Chemical"},"image":{"@id":"https:\/\/longchangchemical.com\/#\/schema\/logo\/image\/"}}]}},"_links":{"self":[{"href":"https:\/\/longchangchemical.com\/hu\/wp-json\/wp\/v2\/product\/7562","targetHints":{"allow":["GET"]}}],"collection":[{"href":"https:\/\/longchangchemical.com\/hu\/wp-json\/wp\/v2\/product"}],"about":[{"href":"https:\/\/longchangchemical.com\/hu\/wp-json\/wp\/v2\/types\/product"}],"replies":[{"embeddable":true,"href":"https:\/\/longchangchemical.com\/hu\/wp-json\/wp\/v2\/comments?post=7562"}],"wp:featuredmedia":[{"embeddable":true,"href":"https:\/\/longchangchemical.com\/hu\/wp-json\/wp\/v2\/media\/8089"}],"wp:attachment":[{"href":"https:\/\/longchangchemical.com\/hu\/wp-json\/wp\/v2\/media?parent=7562"}],"wp:term":[{"taxonomy":"product_brand","embeddable":true,"href":"https:\/\/longchangchemical.com\/hu\/wp-json\/wp\/v2\/product_brand?post=7562"},{"taxonomy":"product_cat","embeddable":true,"href":"https:\/\/longchangchemical.com\/hu\/wp-json\/wp\/v2\/product_cat?post=7562"},{"taxonomy":"product_tag","embeddable":true,"href":"https:\/\/longchangchemical.com\/hu\/wp-json\/wp\/v2\/product_tag?post=7562"}],"curies":[{"name":"wp","href":"https:\/\/api.w.org\/{rel}","templated":true}]}}