{"id":7370,"date":"2024-09-26T15:24:48","date_gmt":"2024-09-26T15:24:48","guid":{"rendered":"https:\/\/longchangchemical.com\/?post_type=product&#038;p=7370"},"modified":"2025-12-16T07:42:07","modified_gmt":"2025-12-16T07:42:07","slug":"cholesterol-oxidase-cas-9028-76-6","status":"publish","type":"product","link":"https:\/\/longchangchemical.com\/hu\/product\/cholesterol-oxidase-cas-9028-76-6\/","title":{"rendered":"Longzyme\u00ae koleszterin-oxid\u00e1z CAS 9028-76-6"},"content":{"rendered":"<p>Megjelen\u00e9s: vil\u00e1goss\u00e1rga amorf por<br \/>\nFajlagos aktivit\u00e1s: \u226511U\/mg<br \/>\nStabilit\u00e1s: egy \u00e9vig stabil -20 \u2103-on<br \/>\nMolekulat\u00f6meg: kb. 60KD<br \/>\nIzoelektromos pont: 5,2<br \/>\nMolarit\u00e1s: 1 x 10-4 M (koleszterin)<br \/>\nInhibitor: n\u00e1trium-azid nem g\u00e1tolja.<br \/>\npH-stabilit\u00e1s: 6,0-10,0 (3-1. \u00e1bra)<br \/>\nOptim\u00e1lis pH: 6,5-7,5 (3-2. \u00e1bra)<br \/>\nOptim\u00e1lis h\u0151m\u00e9rs\u00e9klet: 52\u00b0C (3-3. \u00e1bra)<br \/>\nH\u0151stabilit\u00e1s: 60\u00b0C-ig stabil (3-4. \u00e1bra)<br \/>\nStabiliz\u00e1tor: a k\u00e1liumionok seg\u00edtenek stabiliz\u00e1lni az enzimaktivit\u00e1st<\/p>\n<p>&nbsp;<\/p>\n<p>A koleszterin-oxid\u00e1z (EC1.1.3.6.6 COD) szerep\u00e9t egyre ink\u00e1bb felismerik az \u00e9lelmiszer-feldolgoz\u00e1sban, az orvosi vizsg\u00e1latokban, a biol\u00f3giai k\u00e1rtev\u0151k elleni v\u00e9dekez\u00e9sben \u00e9s m\u00e1s ter\u00fcleteken, \u00e9s nagy alkalmaz\u00e1si lehet\u0151s\u00e9geket mutat.<br \/>\nA koleszterin metabolizmus folyamat\u00e1ban kulcsfontoss\u00e1g\u00fa enzim, amely a FAD koenzimt\u0151l f\u00fcgg, \u00e9s specifikusan kataliz\u00e1lja a koleszterin \u00e1talakul\u00e1s\u00e1t koleszterin-4-ene-3-onn\u00e1 (4-koleszterin-3-one). A kutat\u00e1s t\u00e1rgy\u00e1ul a COD-ot termel\u0151 rekombin\u00e1ns E. coli-t haszn\u00e1lt\u00e1k, amelynek c\u00e9lja a COD kifejleszt\u00e9se \u00e9s alkalmaz\u00e1sa. Kutat\u00e1sokat v\u00e9gezt\u00fcnk a COD elv\u00e1laszt\u00e1s\u00e1val \u00e9s extrakci\u00f3j\u00e1val, enzimatikus tulajdons\u00e1gaival \u00e9s az enzim alkalmaz\u00e1s\u00e1val kapcsolatban. A COD-ot olyan tiszt\u00edt\u00e1si elj\u00e1r\u00e1ssal izol\u00e1lt\u00e1k, amely mag\u00e1ban foglalta a rekombin\u00e1ns E. coli ultrahangos kezel\u00e9s\u00e9t, 70% (NH_4)_2SO_4 kis\u00f3z\u00e1s\u00e1t, CM Sepharose F.F. ioncser\u00e9l\u0151 kromatogr\u00e1fi\u00e1t \u00e9s Sephadex G-75 finom g\u00e9lsz\u0171r\u00e9st. A kivont \u00e9s tiszt\u00edtott KOI enzimaktivit\u00e1sa 47,3 U\/mg volt, a tiszt\u00edt\u00e1si t\u00f6bbsz\u00f6r\u00f6s 45-sz\u00f6r\u00f6s, \u00e9s az enzimaktivit\u00e1s visszanyer\u00e9si ar\u00e1nya 21% volt.<\/p>\n<h2><strong><b>L\u00e9pjen kapcsolatba vel\u00fcnk most!<\/b><\/strong><\/h2>\n<h4><strong><b>Ha sz\u00fcks\u00e9ge van Price-ra, k\u00e9rj\u00fck, t\u00f6ltse ki el\u00e9rhet\u0151s\u00e9g\u00e9t az al\u00e1bbi \u0171rlapon, \u00e1ltal\u00e1ban 24 \u00f3r\u00e1n bel\u00fcl felvessz\u00fck \u00d6nnel a kapcsolatot. \u00d6n is k\u00fcldhet nekem e-mailt\u00a0<span style=\"color: #00ccff;\"><a style=\"color: #00ccff;\" href=\"mailto:info@longchangchemical.com\">info@longchangchemical.com<\/a><\/span>\u00a0munkaid\u0151ben ( 8:30-18:00 UTC+8 H.-Szombat ) vagy haszn\u00e1lja a weboldal \u00e9l\u0151 chatj\u00e9t, hogy azonnali v\u00e1laszt kapjon.<\/b><\/strong><\/h4>\n<table style=\"border-collapse: collapse; width: 326.27pt;\" border=\"0\" width=\"435\" cellspacing=\"0\" cellpadding=\"0\">\n<tbody>\n<tr style=\"height: 13.50pt;\">\n<td class=\"et2\" style=\"height: 13.50pt; width: 164.25pt;\" width=\"219\" height=\"18\"><a href=\"https:\/\/longchangchemical.com\/hu\/product\/compound-glucoamylase-cas-9032-08-0\/\"><span style=\"color: #00ccff;\">\u00d6sszet\u00e9tel Gl\u00fckoamil\u00e1z<\/span><\/a><\/td>\n<td class=\"et2\" style=\"width: 162.00pt;\" width=\"216\">9032-08-0<\/td>\n<\/tr>\n<tr style=\"height: 13.50pt;\">\n<td class=\"et2\" style=\"height: 13.50pt;\" height=\"18\"><a href=\"https:\/\/longchangchemical.com\/hu\/product\/pullulanase-cas-9075-68-7\/\"><span style=\"color: #00ccff;\">Pullulanase<\/span><\/a><\/td>\n<td class=\"et2\">9075-68-7<\/td>\n<\/tr>\n<tr style=\"height: 13.50pt;\">\n<td class=\"et2\" style=\"height: 13.50pt;\" height=\"18\"><a href=\"https:\/\/longchangchemical.com\/hu\/product\/xylanase-cas-37278-89-0\/\"><span style=\"color: #00ccff;\">Xilan\u00e1z<\/span><\/a><\/td>\n<td class=\"et2\">37278-89-0<\/td>\n<\/tr>\n<tr style=\"height: 13.50pt;\">\n<td class=\"et2\" style=\"height: 13.50pt;\" height=\"18\"><a href=\"https:\/\/longchangchemical.com\/hu\/product\/cellulase-cas-9012-54-8\/\"><span style=\"color: #00ccff;\">Cellul\u00e1z<\/span><\/a><\/td>\n<td class=\"et2\">9012-54-8<\/td>\n<\/tr>\n<tr style=\"height: 13.50pt;\">\n<td class=\"et2\" style=\"height: 13.50pt;\" height=\"18\"><a href=\"https:\/\/longchangchemical.com\/hu\/product\/naringinase-cas-9068-31-9\/\"><span style=\"color: #00ccff;\">Naringin\u00e1z<\/span><\/a><\/td>\n<td class=\"et2\">9068-31-9<\/td>\n<\/tr>\n<tr style=\"height: 13.50pt;\">\n<td class=\"et2\" style=\"height: 13.50pt;\" height=\"18\"><a href=\"https:\/\/longchangchemical.com\/hu\/product\/beta-amylase-cas-9000-91-3\/\"><span style=\"color: #00ccff;\">\u03b2-Amil\u00e1z<\/span><\/a><\/td>\n<td class=\"et2\">9000-91-3<\/td>\n<\/tr>\n<tr style=\"height: 13.50pt;\">\n<td class=\"et2\" style=\"height: 13.50pt;\" height=\"18\"><a href=\"https:\/\/longchangchemical.com\/hu\/product\/glucose-oxidase-cas-9001-37-0\/\"><span style=\"color: #00ccff;\">Gl\u00fck\u00f3z-oxid\u00e1z<\/span><\/a><\/td>\n<td class=\"et2\">9001-37-0<\/td>\n<\/tr>\n<tr style=\"height: 13.50pt;\">\n<td class=\"et2\" style=\"height: 13.50pt;\" height=\"18\">alfa-amil\u00e1z<\/td>\n<td class=\"et2\">9000-90-2<\/td>\n<\/tr>\n<tr style=\"height: 13.50pt;\">\n<td class=\"et2\" style=\"height: 13.50pt;\" height=\"18\"><a href=\"https:\/\/longchangchemical.com\/hu\/product\/longzyme-acid-pectinase-cas-9032-75-1\/\"><span style=\"color: #00ccff;\">Pektin\u00e1z<\/span><\/a><\/td>\n<td class=\"et2\">9032-75-1<\/td>\n<\/tr>\n<tr style=\"height: 13.50pt;\">\n<td class=\"et2\" style=\"height: 13.50pt;\" height=\"18\">Peroxid\u00e1z<\/td>\n<td class=\"et2\">9003-99-0<\/td>\n<\/tr>\n<tr style=\"height: 13.50pt;\">\n<td class=\"et2\" style=\"height: 13.50pt;\" height=\"18\"><a href=\"https:\/\/longchangchemical.com\/hu\/product\/lipase-cas-9001-62-1\/\"><span style=\"color: #00ccff;\">Lip\u00e1z<\/span><\/a><\/td>\n<td class=\"et2\">9001-62-1<\/td>\n<\/tr>\n<tr style=\"height: 13.50pt;\">\n<td class=\"et2\" style=\"height: 13.50pt;\" height=\"18\"><a href=\"https:\/\/longchangchemical.com\/hu\/product\/catalase-cas-9001-05-2\/\"><span style=\"color: #00ccff;\">Katal\u00e1z<\/span><\/a><\/td>\n<td class=\"et4\">9001-05-2<\/td>\n<\/tr>\n<tr style=\"height: 13.50pt;\">\n<td class=\"et2\" style=\"height: 13.50pt;\" height=\"18\"><a href=\"https:\/\/longchangchemical.com\/hu\/product\/tannase-cas-9025-71-2\/\"><span style=\"color: #00ccff;\">TANNASE<\/span><\/a><\/td>\n<td class=\"et2\">9025-71-2<\/td>\n<\/tr>\n<tr style=\"height: 13.50pt;\">\n<td class=\"et2\" style=\"height: 13.50pt;\" height=\"18\"><a href=\"https:\/\/longchangchemical.com\/hu\/product\/elastase-cas-39445-21-1\/\"><span style=\"color: #00ccff;\">Elaszt\u00e1z<\/span><\/a><\/td>\n<td class=\"et2\">39445-21-1<\/td>\n<\/tr>\n<tr style=\"height: 13.50pt;\">\n<td class=\"et2\" style=\"height: 13.50pt;\" height=\"18\"><a href=\"https:\/\/longchangchemical.com\/hu\/product\/urease-cas-9002-13-5\/\"><span style=\"color: #00ccff;\">Ure\u00e1z<\/span><\/a><\/td>\n<td class=\"et2\">9002-13-5<\/td>\n<\/tr>\n<tr style=\"height: 13.50pt;\">\n<td class=\"et2\" style=\"height: 13.50pt;\" height=\"18\"><a href=\"https:\/\/longchangchemical.com\/hu\/product\/dextranase-cas-9025-70-1\/\"><span style=\"color: #00ccff;\">DEXTRANASE<\/span><\/a><\/td>\n<td class=\"et2\">9025-70-1<\/td>\n<\/tr>\n<tr style=\"height: 13.50pt;\">\n<td class=\"et2\" style=\"height: 13.5pt; text-align: left;\" height=\"18\"><a href=\"https:\/\/longchangchemical.com\/hu\/product\/l-lactic-dehydrogenase-cas-9001-60-9\/\"><span style=\"color: #00ccff;\">L-laktil-dehidrogen\u00e1z<\/span><\/a><\/td>\n<td class=\"et2\">9001-60-9<\/td>\n<\/tr>\n<tr style=\"height: 13.50pt;\">\n<td class=\"et2\" style=\"height: 13.50pt;\" height=\"18\"><a href=\"https:\/\/longchangchemical.com\/hu\/product\/dehydrogenase-malate-cas-9001-64-3\/\"><span style=\"color: #00ccff;\">Dehidrogen\u00e1z mal\u00e1t<\/span><\/a><\/td>\n<td class=\"et2\">9001-64-3<\/td>\n<\/tr>\n<tr style=\"height: 13.50pt;\">\n<td class=\"et2\" style=\"height: 13.50pt;\" height=\"18\"><a href=\"https:\/\/longchangchemical.com\/hu\/product\/cholesterol-oxidase-cas-9028-76-6\/\"><span style=\"color: #00ccff;\">Koleszterin-oxid\u00e1z<\/span><\/a><\/td>\n<td class=\"et2\">9028-76-6<\/td>\n<\/tr>\n<\/tbody>\n<\/table>","protected":false},"excerpt":{"rendered":"<p>Megjelen\u00e9s: vil\u00e1goss\u00e1rga amorf por Fajlagos aktivit\u00e1s: \u226511U\/mg Stabilit\u00e1s: egy \u00e9vig stabil -20\u2103-on Molekulat\u00f6meg: kb. 60KD Izoelektromos pont: 5,2 Molarit\u00e1s: 1 x 10-4 M (koleszterin) Inhibitor: nem g\u00e1tolja a n\u00e1trium-azid pH stabilit\u00e1s: 6,0-10,0 (3-1 \u00e1bra) Optim\u00e1lis pH: 6,5-7,5 (3-2 \u00e1bra) Optim\u00e1lis h\u0151m\u00e9rs\u00e9klet: 52\u00b0C (3-3. \u00e1bra) H\u0151stabilit\u00e1s: 60\u00b0C-ig stabil [...]<\/p>","protected":false},"featured_media":7374,"comment_status":"closed","ping_status":"closed","template":"","meta":[],"product_brand":[],"product_cat":[172],"product_tag":[],"class_list":{"0":"post-7370","1":"product","2":"type-product","3":"status-publish","4":"has-post-thumbnail","6":"product_cat-longzyme-enzyme","8":"first","9":"instock","10":"shipping-taxable","11":"product-type-simple"},"yoast_head":"<!-- This site is optimized with the Yoast SEO plugin v25.3.1 - https:\/\/yoast.com\/wordpress\/plugins\/seo\/ -->\n<title>China Longzyme\u00ae Cholesterol oxidase CAS 9028-76-6 Manufacturer - Longchang Chemical<\/title>\n<meta name=\"description\" content=\"Longzyme\u00ae Cholesterol oxidase CAS 9028-76-6 is a key product of Longchang Chemical. We provide the best price. We are the leading manufacturer in China with the best quality and competitive price.\" \/>\n<meta name=\"robots\" content=\"index, follow, max-snippet:-1, max-image-preview:large, max-video-preview:-1\" \/>\n<link rel=\"canonical\" href=\"https:\/\/longchangchemical.com\/hu\/product\/cholesterol-oxidase-cas-9028-76-6\/\" \/>\n<meta property=\"og:locale\" content=\"hu_HU\" \/>\n<meta property=\"og:type\" content=\"article\" \/>\n<meta property=\"og:title\" content=\"China Longzyme\u00ae Cholesterol oxidase CAS 9028-76-6 Manufacturer - Longchang Chemical\" \/>\n<meta property=\"og:description\" content=\"Longzyme\u00ae Cholesterol oxidase CAS 9028-76-6 is a key product of Longchang Chemical. We provide the best price. We are the leading manufacturer in China with the best quality and competitive price.\" \/>\n<meta property=\"og:url\" content=\"https:\/\/longchangchemical.com\/hu\/product\/cholesterol-oxidase-cas-9028-76-6\/\" \/>\n<meta property=\"og:site_name\" content=\"Longchang Chemical\" \/>\n<meta property=\"article:modified_time\" content=\"2025-12-16T07:42:07+00:00\" \/>\n<meta property=\"og:image\" content=\"https:\/\/longchangchemical.com\/wp-content\/uploads\/2024\/09\/Longzyme-Enzyme.jpg\" \/>\n\t<meta property=\"og:image:width\" content=\"800\" \/>\n\t<meta property=\"og:image:height\" content=\"800\" \/>\n\t<meta property=\"og:image:type\" content=\"image\/jpeg\" \/>\n<meta name=\"twitter:card\" content=\"summary_large_image\" \/>\n<script type=\"application\/ld+json\" class=\"yoast-schema-graph\">{\"@context\":\"https:\/\/schema.org\",\"@graph\":[{\"@type\":\"WebPage\",\"@id\":\"https:\/\/longchangchemical.com\/product\/cholesterol-oxidase-cas-9028-76-6\/\",\"url\":\"https:\/\/longchangchemical.com\/product\/cholesterol-oxidase-cas-9028-76-6\/\",\"name\":\"China Longzyme\u00ae Cholesterol oxidase CAS 9028-76-6 Manufacturer - Longchang Chemical\",\"isPartOf\":{\"@id\":\"https:\/\/longchangchemical.com\/#website\"},\"primaryImageOfPage\":{\"@id\":\"https:\/\/longchangchemical.com\/product\/cholesterol-oxidase-cas-9028-76-6\/#primaryimage\"},\"image\":{\"@id\":\"https:\/\/longchangchemical.com\/product\/cholesterol-oxidase-cas-9028-76-6\/#primaryimage\"},\"thumbnailUrl\":\"https:\/\/longchangchemical.com\/wp-content\/uploads\/2024\/09\/Longzyme-Enzyme.jpg\",\"datePublished\":\"2024-09-26T15:24:48+00:00\",\"dateModified\":\"2025-12-16T07:42:07+00:00\",\"description\":\"Longzyme\u00ae Cholesterol oxidase CAS 9028-76-6 is a key product of Longchang Chemical. We provide the best price. We are the leading manufacturer in China with the best quality and competitive price.\",\"breadcrumb\":{\"@id\":\"https:\/\/longchangchemical.com\/product\/cholesterol-oxidase-cas-9028-76-6\/#breadcrumb\"},\"inLanguage\":\"hu\",\"potentialAction\":[{\"@type\":\"ReadAction\",\"target\":[\"https:\/\/longchangchemical.com\/product\/cholesterol-oxidase-cas-9028-76-6\/\"]}]},{\"@type\":\"ImageObject\",\"inLanguage\":\"hu\",\"@id\":\"https:\/\/longchangchemical.com\/product\/cholesterol-oxidase-cas-9028-76-6\/#primaryimage\",\"url\":\"https:\/\/longchangchemical.com\/wp-content\/uploads\/2024\/09\/Longzyme-Enzyme.jpg\",\"contentUrl\":\"https:\/\/longchangchemical.com\/wp-content\/uploads\/2024\/09\/Longzyme-Enzyme.jpg\",\"width\":800,\"height\":800,\"caption\":\"Longzyme\u00ae Enzyme\"},{\"@type\":\"BreadcrumbList\",\"@id\":\"https:\/\/longchangchemical.com\/product\/cholesterol-oxidase-cas-9028-76-6\/#breadcrumb\",\"itemListElement\":[{\"@type\":\"ListItem\",\"position\":1,\"name\":\"Home\",\"item\":\"https:\/\/longchangchemical.com\/\"},{\"@type\":\"ListItem\",\"position\":2,\"name\":\"Products Longchang\",\"item\":\"https:\/\/longchangchemical.com\/product\/\"},{\"@type\":\"ListItem\",\"position\":3,\"name\":\"Longzyme\u00ae Cholesterol oxidase CAS 9028-76-6\"}]},{\"@type\":\"WebSite\",\"@id\":\"https:\/\/longchangchemical.com\/#website\",\"url\":\"https:\/\/longchangchemical.com\/\",\"name\":\"Longchang Chemical\",\"description\":\"China chemical manufacturer \uff06 supplier\",\"publisher\":{\"@id\":\"https:\/\/longchangchemical.com\/#organization\"},\"potentialAction\":[{\"@type\":\"SearchAction\",\"target\":{\"@type\":\"EntryPoint\",\"urlTemplate\":\"https:\/\/longchangchemical.com\/?s={search_term_string}\"},\"query-input\":{\"@type\":\"PropertyValueSpecification\",\"valueRequired\":true,\"valueName\":\"search_term_string\"}}],\"inLanguage\":\"hu\"},{\"@type\":\"Organization\",\"@id\":\"https:\/\/longchangchemical.com\/#organization\",\"name\":\"Longchang Chemical\",\"url\":\"https:\/\/longchangchemical.com\/\",\"logo\":{\"@type\":\"ImageObject\",\"inLanguage\":\"hu\",\"@id\":\"https:\/\/longchangchemical.com\/#\/schema\/logo\/image\/\",\"url\":\"https:\/\/longchangchemical.com\/wp-content\/uploads\/2020\/08\/cropped-longchang-logo.png\",\"contentUrl\":\"https:\/\/longchangchemical.com\/wp-content\/uploads\/2020\/08\/cropped-longchang-logo.png\",\"width\":512,\"height\":512,\"caption\":\"Longchang Chemical\"},\"image\":{\"@id\":\"https:\/\/longchangchemical.com\/#\/schema\/logo\/image\/\"}}]}<\/script>\n<!-- \/ Yoast SEO plugin. -->","yoast_head_json":{"title":"K\u00edna Longzyme\u00ae koleszterin-oxid\u00e1z CAS 9028-76-6 gy\u00e1rt\u00f3 - Longchang Chemical","description":"A Longzyme\u00ae koleszterin-oxid\u00e1z CAS 9028-76-6 a Longchang Chemical egyik legfontosabb term\u00e9ke. A legjobb \u00e1rat biztos\u00edtjuk. Mi vagyunk a vezet\u0151 gy\u00e1rt\u00f3 K\u00edn\u00e1ban a legjobb min\u0151s\u00e9ggel \u00e9s versenyk\u00e9pes \u00e1rral.","robots":{"index":"index","follow":"follow","max-snippet":"max-snippet:-1","max-image-preview":"max-image-preview:large","max-video-preview":"max-video-preview:-1"},"canonical":"https:\/\/longchangchemical.com\/hu\/product\/cholesterol-oxidase-cas-9028-76-6\/","og_locale":"hu_HU","og_type":"article","og_title":"China Longzyme\u00ae Cholesterol oxidase CAS 9028-76-6 Manufacturer - Longchang Chemical","og_description":"Longzyme\u00ae Cholesterol oxidase CAS 9028-76-6 is a key product of Longchang Chemical. We provide the best price. We are the leading manufacturer in China with the best quality and competitive price.","og_url":"https:\/\/longchangchemical.com\/hu\/product\/cholesterol-oxidase-cas-9028-76-6\/","og_site_name":"Longchang Chemical","article_modified_time":"2025-12-16T07:42:07+00:00","og_image":[{"width":800,"height":800,"url":"https:\/\/longchangchemical.com\/wp-content\/uploads\/2024\/09\/Longzyme-Enzyme.jpg","type":"image\/jpeg"}],"twitter_card":"summary_large_image","schema":{"@context":"https:\/\/schema.org","@graph":[{"@type":"WebPage","@id":"https:\/\/longchangchemical.com\/product\/cholesterol-oxidase-cas-9028-76-6\/","url":"https:\/\/longchangchemical.com\/product\/cholesterol-oxidase-cas-9028-76-6\/","name":"K\u00edna Longzyme\u00ae koleszterin-oxid\u00e1z CAS 9028-76-6 gy\u00e1rt\u00f3 - Longchang Chemical","isPartOf":{"@id":"https:\/\/longchangchemical.com\/#website"},"primaryImageOfPage":{"@id":"https:\/\/longchangchemical.com\/product\/cholesterol-oxidase-cas-9028-76-6\/#primaryimage"},"image":{"@id":"https:\/\/longchangchemical.com\/product\/cholesterol-oxidase-cas-9028-76-6\/#primaryimage"},"thumbnailUrl":"https:\/\/longchangchemical.com\/wp-content\/uploads\/2024\/09\/Longzyme-Enzyme.jpg","datePublished":"2024-09-26T15:24:48+00:00","dateModified":"2025-12-16T07:42:07+00:00","description":"A Longzyme\u00ae koleszterin-oxid\u00e1z CAS 9028-76-6 a Longchang Chemical egyik legfontosabb term\u00e9ke. A legjobb \u00e1rat biztos\u00edtjuk. Mi vagyunk a vezet\u0151 gy\u00e1rt\u00f3 K\u00edn\u00e1ban a legjobb min\u0151s\u00e9ggel \u00e9s versenyk\u00e9pes \u00e1rral.","breadcrumb":{"@id":"https:\/\/longchangchemical.com\/product\/cholesterol-oxidase-cas-9028-76-6\/#breadcrumb"},"inLanguage":"hu","potentialAction":[{"@type":"ReadAction","target":["https:\/\/longchangchemical.com\/product\/cholesterol-oxidase-cas-9028-76-6\/"]}]},{"@type":"ImageObject","inLanguage":"hu","@id":"https:\/\/longchangchemical.com\/product\/cholesterol-oxidase-cas-9028-76-6\/#primaryimage","url":"https:\/\/longchangchemical.com\/wp-content\/uploads\/2024\/09\/Longzyme-Enzyme.jpg","contentUrl":"https:\/\/longchangchemical.com\/wp-content\/uploads\/2024\/09\/Longzyme-Enzyme.jpg","width":800,"height":800,"caption":"Longzyme\u00ae Enzyme"},{"@type":"BreadcrumbList","@id":"https:\/\/longchangchemical.com\/product\/cholesterol-oxidase-cas-9028-76-6\/#breadcrumb","itemListElement":[{"@type":"ListItem","position":1,"name":"Home","item":"https:\/\/longchangchemical.com\/"},{"@type":"ListItem","position":2,"name":"Products Longchang","item":"https:\/\/longchangchemical.com\/product\/"},{"@type":"ListItem","position":3,"name":"Longzyme\u00ae Cholesterol oxidase CAS 9028-76-6"}]},{"@type":"WebSite","@id":"https:\/\/longchangchemical.com\/#website","url":"https:\/\/longchangchemical.com\/","name":"Longchang Chemical","description":"K\u00edna k\u00e9miai gy\u00e1rt\u00f3 \uff06 sz\u00e1ll\u00edt\u00f3","publisher":{"@id":"https:\/\/longchangchemical.com\/#organization"},"potentialAction":[{"@type":"SearchAction","target":{"@type":"EntryPoint","urlTemplate":"https:\/\/longchangchemical.com\/?s={search_term_string}"},"query-input":{"@type":"PropertyValueSpecification","valueRequired":true,"valueName":"search_term_string"}}],"inLanguage":"hu"},{"@type":"Organization","@id":"https:\/\/longchangchemical.com\/#organization","name":"Longchang Chemical","url":"https:\/\/longchangchemical.com\/","logo":{"@type":"ImageObject","inLanguage":"hu","@id":"https:\/\/longchangchemical.com\/#\/schema\/logo\/image\/","url":"https:\/\/longchangchemical.com\/wp-content\/uploads\/2020\/08\/cropped-longchang-logo.png","contentUrl":"https:\/\/longchangchemical.com\/wp-content\/uploads\/2020\/08\/cropped-longchang-logo.png","width":512,"height":512,"caption":"Longchang Chemical"},"image":{"@id":"https:\/\/longchangchemical.com\/#\/schema\/logo\/image\/"}}]}},"_links":{"self":[{"href":"https:\/\/longchangchemical.com\/hu\/wp-json\/wp\/v2\/product\/7370","targetHints":{"allow":["GET"]}}],"collection":[{"href":"https:\/\/longchangchemical.com\/hu\/wp-json\/wp\/v2\/product"}],"about":[{"href":"https:\/\/longchangchemical.com\/hu\/wp-json\/wp\/v2\/types\/product"}],"replies":[{"embeddable":true,"href":"https:\/\/longchangchemical.com\/hu\/wp-json\/wp\/v2\/comments?post=7370"}],"wp:featuredmedia":[{"embeddable":true,"href":"https:\/\/longchangchemical.com\/hu\/wp-json\/wp\/v2\/media\/7374"}],"wp:attachment":[{"href":"https:\/\/longchangchemical.com\/hu\/wp-json\/wp\/v2\/media?parent=7370"}],"wp:term":[{"taxonomy":"product_brand","embeddable":true,"href":"https:\/\/longchangchemical.com\/hu\/wp-json\/wp\/v2\/product_brand?post=7370"},{"taxonomy":"product_cat","embeddable":true,"href":"https:\/\/longchangchemical.com\/hu\/wp-json\/wp\/v2\/product_cat?post=7370"},{"taxonomy":"product_tag","embeddable":true,"href":"https:\/\/longchangchemical.com\/hu\/wp-json\/wp\/v2\/product_tag?post=7370"}],"curies":[{"name":"wp","href":"https:\/\/api.w.org\/{rel}","templated":true}]}}