{"id":7361,"date":"2024-09-26T13:24:08","date_gmt":"2024-09-26T13:24:08","guid":{"rendered":"https:\/\/longchangchemical.com\/?post_type=product&#038;p=7361"},"modified":"2025-12-16T08:18:23","modified_gmt":"2025-12-16T08:18:23","slug":"glucose-oxidase-cas-9001-37-0","status":"publish","type":"product","link":"https:\/\/longchangchemical.com\/hu\/product\/glucose-oxidase-cas-9001-37-0\/","title":{"rendered":"Longzyme\u00ae gl\u00fck\u00f3z-oxid\u00e1z CAS 9001-37-0"},"content":{"rendered":"<h1><strong>Gl\u00fck\u00f3z-oxid\u00e1z CAS 9001-37-0<\/strong><\/h1>\n<table style=\"border-collapse: collapse; width: 338.27pt;\" border=\"0\" width=\"451\" cellspacing=\"0\" cellpadding=\"0\">\n<tbody>\n<tr style=\"height: 13.50pt;\">\n<td class=\"et2\" style=\"height: 13.50pt; width: 219.75pt;\" width=\"293\" height=\"18\">T\u00e9tel<\/td>\n<td class=\"et2\" style=\"width: 118.50pt;\" width=\"158\">norm<\/td>\n<\/tr>\n<tr style=\"height: 13.50pt;\">\n<td class=\"et2\" style=\"height: 13.50pt;\" height=\"18\">T\u00e9rfogat g\/ml<\/td>\n<td class=\"et2\">1.10-1.25<\/td>\n<\/tr>\n<tr style=\"height: 13.50pt;\">\n<td class=\"et2\" style=\"height: 13.50pt;\" height=\"18\">pH(25\u00b0C)<\/td>\n<td class=\"et2\">3.5-5.5<\/td>\n<\/tr>\n<tr style=\"height: 13.50pt;\">\n<td class=\"et2\" style=\"height: 13.50pt;\" height=\"18\">\u00d3lom(Pb)\/(mg\/kg)<\/td>\n<td class=\"et2\">&lt;5.0<\/td>\n<\/tr>\n<tr style=\"height: 13.50pt;\">\n<td class=\"et2\" style=\"height: 13.50pt;\" height=\"18\">\u00d6sszes arz\u00e9n (As)\/(mg\/kg)<\/td>\n<td class=\"et2\">&lt;3.0<\/td>\n<\/tr>\n<tr style=\"height: 13.50pt;\">\n<td class=\"et2\" style=\"height: 13.50pt;\" height=\"18\">\u00d6sszes kol\u00f3nia\/(CFU\/mL)<\/td>\n<td class=\"et2\">&lt;50000<\/td>\n<\/tr>\n<tr style=\"height: 13.50pt;\">\n<td class=\"et2\" style=\"height: 13.50pt;\" height=\"18\">Coliform\/(CFU\/mL)<\/td>\n<td class=\"et2\">&lt;30<\/td>\n<\/tr>\n<tr style=\"height: 13.50pt;\">\n<td class=\"et2\" style=\"height: 13.50pt;\" height=\"18\">Escherichia coli (CFU\/mL)\/(MPN\/mL)<\/td>\n<td class=\"et2\">&lt;10\/&lt;3.0<\/td>\n<\/tr>\n<tr style=\"height: 13.50pt;\">\n<td class=\"et2\" style=\"height: 13.50pt;\" height=\"18\">Szalmonella (25ml)<\/td>\n<td class=\"et2\">nem kimutathat\u00f3<\/td>\n<\/tr>\n<\/tbody>\n<\/table>\n<h2><\/h2>\n<p>1. Gl\u00fck\u00f3z-oxid\u00e1z (a gl\u00fckon\u00e1t-termel\u00e9shez)<br \/>\n(12 000 enzimaktivit\u00e1s\/\u00e9lelmiszer min\u0151s\u00e9g\u0171)<br \/>\nEls\u0151sorban gl\u00fckon\u00e1tgy\u00e1rt\u00e1shoz haszn\u00e1lj\u00e1k<br \/>\nA gl\u00fck\u00f3z-oxid\u00e1zt (a gl\u00fckon\u00e1t el\u0151\u00e1ll\u00edt\u00e1s\u00e1hoz) m\u00e9lyfoly\u00f3s ferment\u00e1ci\u00f3val \u00e1ll\u00edtj\u00e1k el\u0151, Aspergillus niger t\u00f6rzs felhaszn\u00e1l\u00e1s\u00e1val. Az enzim egy oxidoredukt\u00e1z, amely molekul\u00e1ris oxig\u00e9n jelenl\u00e9t\u00e9ben kiz\u00e1r\u00f3lag gl\u00fck\u00f3zt oxid\u00e1l gl\u00fckonolakton el\u0151\u00e1ll\u00edt\u00e1s\u00e1ra, \u00e9s ezzel egyidej\u0171leg oxig\u00e9nt fogyaszt hidrog\u00e9n-peroxid el\u0151\u00e1ll\u00edt\u00e1s\u00e1ra, a gl\u00fckonolaktonb\u00f3l pedig gl\u00fckonsav keletkezik.<\/p>\n<p>2. \u00daj, magas h\u0151m\u00e9rs\u00e9kletnek ellen\u00e1ll\u00f3 gl\u00fck\u00f3z-oxid\u00e1z (10 000 enzimaktivit\u00e1s\/takarm\u00e1nymin\u0151s\u00e9g)<br \/>\nEls\u0151sorban az \u00e1llatteny\u00e9szt\u00e9s \u00e9s a baromfi takarm\u00e1nyoz\u00e1s\u00e1ban haszn\u00e1lj\u00e1k.<br \/>\n\u00faj t\u00edpus\u00fa, magas h\u0151m\u00e9rs\u00e9kletnek ellen\u00e1ll\u00f3 gl\u00fck\u00f3z-oxid\u00e1zt \u00e1ll\u00edtunk el\u0151 egy sor t\u00f6rzssz\u0171r\u00e9sen kereszt\u00fcl, kiv\u00e1lasztva a kiv\u00e1l\u00f3 Aspergillus niger t\u00f6rzset, mint termel\u00e9si t\u00f6rzset, \u00e9s m\u00e9lyfoly\u00e9kony ferment\u00e1ci\u00f3val finom\u00edtva. Az ebb\u0151l a t\u00f6rzsb\u0151l sz\u00e1rmaz\u00f3 gl\u00fck\u00f3z-oxid\u00e1z sokkal magasabb h\u0151m\u00e9rs\u00e9klet-ellen\u00e1ll\u00f3s\u00e1ggal rendelkezik (az enzimaktivit\u00e1s 3 perces, 85 \u00b0C-os v\u00edzf\u00fcrd\u0151ben t\u00f6rt\u00e9n\u0151 3 perces kezel\u00e9s ut\u00e1n t\u00f6bb mint 80% marad meg), \u00edgy ellen\u00e1ll a magas h\u0151m\u00e9rs\u00e9klet\u0171 folyamatoknak, p\u00e9ld\u00e1ul a takarm\u00e1ny pellet\u00e1l\u00e1s\u00e1nak \u00e9s feldolgoz\u00e1s\u00e1nak.<\/p>\n<h2><strong>Egy\u00e9b n\u00e9v:\u00a0<\/strong><\/h2>\n<p>D-Gl\u00fck\u00f3z-1-oxid\u00e1z;<\/p>\n<p>notatin;<\/p>\n<p>oxidasegl\u00fck\u00f3z;<\/p>\n<h2><strong><b>L\u00e9pjen kapcsolatba vel\u00fcnk most!<\/b><\/strong><\/h2>\n<h4><strong><b>Ha sz\u00fcks\u00e9ge van Price-ra, k\u00e9rj\u00fck, t\u00f6ltse ki el\u00e9rhet\u0151s\u00e9g\u00e9t az al\u00e1bbi \u0171rlapon, \u00e1ltal\u00e1ban 24 \u00f3r\u00e1n bel\u00fcl felvessz\u00fck \u00d6nnel a kapcsolatot. \u00d6n is k\u00fcldhet nekem e-mailt\u00a0<span style=\"color: #00ccff;\"><a style=\"color: #00ccff;\" href=\"mailto:info@longchangchemical.com\">info@longchangchemical.com<\/a><\/span>\u00a0munkaid\u0151ben ( 8:30-18:00 UTC+8 H.-Szombat ) vagy haszn\u00e1lja a weboldal \u00e9l\u0151 chatj\u00e9t, hogy azonnali v\u00e1laszt kapjon.<\/b><\/strong><\/h4>\n<table style=\"border-collapse: collapse; width: 326.27pt;\" border=\"0\" width=\"435\" cellspacing=\"0\" cellpadding=\"0\">\n<tbody>\n<tr style=\"height: 13.50pt;\">\n<td class=\"et2\" style=\"height: 13.50pt; width: 164.25pt;\" width=\"219\" height=\"18\"><a href=\"https:\/\/longchangchemical.com\/hu\/product\/compound-glucoamylase-cas-9032-08-0\/\"><span style=\"color: #00ccff;\">\u00d6sszet\u00e9tel Gl\u00fckoamil\u00e1z<\/span><\/a><\/td>\n<td class=\"et2\" style=\"width: 162.00pt;\" width=\"216\">9032-08-0<\/td>\n<\/tr>\n<tr style=\"height: 13.50pt;\">\n<td class=\"et2\" style=\"height: 13.50pt;\" height=\"18\"><a href=\"https:\/\/longchangchemical.com\/hu\/product\/pullulanase-cas-9075-68-7\/\"><span style=\"color: #00ccff;\">Pullulanase<\/span><\/a><\/td>\n<td class=\"et2\">9075-68-7<\/td>\n<\/tr>\n<tr style=\"height: 13.50pt;\">\n<td class=\"et2\" style=\"height: 13.50pt;\" height=\"18\"><a href=\"https:\/\/longchangchemical.com\/hu\/product\/xylanase-cas-37278-89-0\/\"><span style=\"color: #00ccff;\">Xilan\u00e1z<\/span><\/a><\/td>\n<td class=\"et2\">37278-89-0<\/td>\n<\/tr>\n<tr style=\"height: 13.50pt;\">\n<td class=\"et2\" style=\"height: 13.50pt;\" height=\"18\"><a href=\"https:\/\/longchangchemical.com\/hu\/product\/cellulase-cas-9012-54-8\/\"><span style=\"color: #00ccff;\">Cellul\u00e1z<\/span><\/a><\/td>\n<td class=\"et2\">9012-54-8<\/td>\n<\/tr>\n<tr style=\"height: 13.50pt;\">\n<td class=\"et2\" style=\"height: 13.50pt;\" height=\"18\"><a href=\"https:\/\/longchangchemical.com\/hu\/product\/naringinase-cas-9068-31-9\/\"><span style=\"color: #00ccff;\">Naringin\u00e1z<\/span><\/a><\/td>\n<td class=\"et2\">9068-31-9<\/td>\n<\/tr>\n<tr style=\"height: 13.50pt;\">\n<td class=\"et2\" style=\"height: 13.50pt;\" height=\"18\"><a href=\"https:\/\/longchangchemical.com\/hu\/product\/beta-amylase-cas-9000-91-3\/\"><span style=\"color: #00ccff;\">\u03b2-Amil\u00e1z<\/span><\/a><\/td>\n<td class=\"et2\">9000-91-3<\/td>\n<\/tr>\n<tr style=\"height: 13.50pt;\">\n<td class=\"et2\" style=\"height: 13.50pt;\" height=\"18\"><a href=\"https:\/\/longchangchemical.com\/hu\/product\/glucose-oxidase-cas-9001-37-0\/\"><span style=\"color: #00ccff;\">Gl\u00fck\u00f3z-oxid\u00e1z<\/span><\/a><\/td>\n<td class=\"et2\">9001-37-0<\/td>\n<\/tr>\n<tr style=\"height: 13.50pt;\">\n<td class=\"et2\" style=\"height: 13.50pt;\" height=\"18\">alfa-amil\u00e1z<\/td>\n<td class=\"et2\">9000-90-2<\/td>\n<\/tr>\n<tr style=\"height: 13.50pt;\">\n<td class=\"et2\" style=\"height: 13.50pt;\" height=\"18\"><a href=\"https:\/\/longchangchemical.com\/hu\/product\/longzyme-acid-pectinase-cas-9032-75-1\/\"><span style=\"color: #00ccff;\">Pektin\u00e1z<\/span><\/a><\/td>\n<td class=\"et2\">9032-75-1<\/td>\n<\/tr>\n<tr style=\"height: 13.50pt;\">\n<td class=\"et2\" style=\"height: 13.50pt;\" height=\"18\">Peroxid\u00e1z<\/td>\n<td class=\"et2\">9003-99-0<\/td>\n<\/tr>\n<tr style=\"height: 13.50pt;\">\n<td class=\"et2\" style=\"height: 13.50pt;\" height=\"18\"><a href=\"https:\/\/longchangchemical.com\/hu\/product\/lipase-cas-9001-62-1\/\"><span style=\"color: #00ccff;\">Lip\u00e1z<\/span><\/a><\/td>\n<td class=\"et2\">9001-62-1<\/td>\n<\/tr>\n<tr style=\"height: 13.50pt;\">\n<td class=\"et2\" style=\"height: 13.50pt;\" height=\"18\"><a href=\"https:\/\/longchangchemical.com\/hu\/product\/catalase-cas-9001-05-2\/\"><span style=\"color: #00ccff;\">Katal\u00e1z<\/span><\/a><\/td>\n<td class=\"et4\">9001-05-2<\/td>\n<\/tr>\n<tr style=\"height: 13.50pt;\">\n<td class=\"et2\" style=\"height: 13.50pt;\" height=\"18\"><a href=\"https:\/\/longchangchemical.com\/hu\/product\/tannase-cas-9025-71-2\/\"><span style=\"color: #00ccff;\">TANNASE<\/span><\/a><\/td>\n<td class=\"et2\">9025-71-2<\/td>\n<\/tr>\n<tr style=\"height: 13.50pt;\">\n<td class=\"et2\" style=\"height: 13.50pt;\" height=\"18\"><a href=\"https:\/\/longchangchemical.com\/hu\/product\/elastase-cas-39445-21-1\/\"><span style=\"color: #00ccff;\">Elaszt\u00e1z<\/span><\/a><\/td>\n<td class=\"et2\">39445-21-1<\/td>\n<\/tr>\n<tr style=\"height: 13.50pt;\">\n<td class=\"et2\" style=\"height: 13.50pt;\" height=\"18\"><a href=\"https:\/\/longchangchemical.com\/hu\/product\/urease-cas-9002-13-5\/\"><span style=\"color: #00ccff;\">Ure\u00e1z<\/span><\/a><\/td>\n<td class=\"et2\">9002-13-5<\/td>\n<\/tr>\n<tr style=\"height: 13.50pt;\">\n<td class=\"et2\" style=\"height: 13.50pt;\" height=\"18\"><a href=\"https:\/\/longchangchemical.com\/hu\/product\/dextranase-cas-9025-70-1\/\"><span style=\"color: #00ccff;\">DEXTRANASE<\/span><\/a><\/td>\n<td class=\"et2\">9025-70-1<\/td>\n<\/tr>\n<tr style=\"height: 13.50pt;\">\n<td class=\"et2\" style=\"height: 13.5pt; text-align: left;\" height=\"18\"><a href=\"https:\/\/longchangchemical.com\/hu\/product\/l-lactic-dehydrogenase-cas-9001-60-9\/\"><span style=\"color: #00ccff;\">L-laktil-dehidrogen\u00e1z<\/span><\/a><\/td>\n<td class=\"et2\">9001-60-9<\/td>\n<\/tr>\n<tr style=\"height: 13.50pt;\">\n<td class=\"et2\" style=\"height: 13.50pt;\" height=\"18\"><a href=\"https:\/\/longchangchemical.com\/hu\/product\/dehydrogenase-malate-cas-9001-64-3\/\"><span style=\"color: #00ccff;\">Dehidrogen\u00e1z mal\u00e1t<\/span><\/a><\/td>\n<td class=\"et2\">9001-64-3<\/td>\n<\/tr>\n<tr style=\"height: 13.50pt;\">\n<td class=\"et2\" style=\"height: 13.50pt;\" height=\"18\"><a href=\"https:\/\/longchangchemical.com\/hu\/product\/cholesterol-oxidase-cas-9028-76-6\/\"><span style=\"color: #00ccff;\">Koleszterin-oxid\u00e1z<\/span><\/a><\/td>\n<td class=\"et2\">9028-76-6<\/td>\n<\/tr>\n<\/tbody>\n<\/table>","protected":false},"excerpt":{"rendered":"<p>Gl\u00fck\u00f3z-oxid\u00e1z CAS 9001-37-0 T\u00e9tel norma T\u00e9rfogat g\/ml 1,10-1,25 pH(25\u00b0C) 3,5-5,5 \u00d3lom(Pb)\/(mg\/kg) &lt;5,0 \u00d6sszes arz\u00e9n(As)\/(mg\/kg) &lt;3,0 \u00d6sszes kol\u00f3nia\/(CFU\/mL) &lt;50000 Koliform\/(CFU\/mL) &lt;30 Escherichia coli(CFU\/mL)\/(MPN\/mL) &lt;10\/&lt;3,0 Szalmonella(25ml) nem kimutathat\u00f3 1. Gl\u00fck\u00f3z-oxid\u00e1z (gl\u00fckon\u00e1t el\u0151\u00e1ll\u00edt\u00e1s\u00e1hoz) (12 000 enzimaktivit\u00e1s\/\u00e9lelmiszer-min\u0151s\u00e9g) F\u0151leg gl\u00fckon\u00e1t el\u0151\u00e1ll\u00edt\u00e1s\u00e1hoz haszn\u00e1lj\u00e1k A gl\u00fck\u00f3z-oxid\u00e1zt (gl\u00fckon\u00e1t el\u0151\u00e1ll\u00edt\u00e1s\u00e1hoz) m\u00e9lyfoly\u00e9kony ferment\u00e1ci\u00f3val \u00e1ll\u00edtj\u00e1k el\u0151 Aspergillus [...]<\/p>","protected":false},"featured_media":7374,"comment_status":"closed","ping_status":"closed","template":"","meta":[],"product_brand":[],"product_cat":[172],"product_tag":[],"class_list":{"0":"post-7361","1":"product","2":"type-product","3":"status-publish","4":"has-post-thumbnail","6":"product_cat-longzyme-enzyme","8":"first","9":"instock","10":"shipping-taxable","11":"product-type-simple"},"yoast_head":"<!-- This site is optimized with the Yoast SEO plugin v25.3.1 - https:\/\/yoast.com\/wordpress\/plugins\/seo\/ -->\n<title>China Longzyme\u00ae Glucose oxidase CAS 9001-37-0 Manufacturer - Longchang Chemical<\/title>\n<meta name=\"description\" content=\"Longzyme\u00ae Glucose oxidase CAS 9001-37-0 is a key product of Longchang Chemical. We provide the best price. We are the leading manufacturer in China with the best quality and competitive price. Other Name:\u00a0D-Glucose-1-oxidase;\u00a0notatin;\u00a0oxidaseglucose;\u00a0\" \/>\n<meta name=\"robots\" content=\"index, follow, max-snippet:-1, max-image-preview:large, max-video-preview:-1\" \/>\n<link rel=\"canonical\" href=\"https:\/\/longchangchemical.com\/hu\/product\/glucose-oxidase-cas-9001-37-0\/\" \/>\n<meta property=\"og:locale\" content=\"hu_HU\" \/>\n<meta property=\"og:type\" content=\"article\" \/>\n<meta property=\"og:title\" content=\"China Longzyme\u00ae Glucose oxidase CAS 9001-37-0 Manufacturer - Longchang Chemical\" \/>\n<meta property=\"og:description\" content=\"Longzyme\u00ae Glucose oxidase CAS 9001-37-0 is a key product of Longchang Chemical. We provide the best price. We are the leading manufacturer in China with the best quality and competitive price. Other Name:\u00a0D-Glucose-1-oxidase;\u00a0notatin;\u00a0oxidaseglucose;\u00a0\" \/>\n<meta property=\"og:url\" content=\"https:\/\/longchangchemical.com\/hu\/product\/glucose-oxidase-cas-9001-37-0\/\" \/>\n<meta property=\"og:site_name\" content=\"Longchang Chemical\" \/>\n<meta property=\"article:modified_time\" content=\"2025-12-16T08:18:23+00:00\" \/>\n<meta property=\"og:image\" content=\"https:\/\/longchangchemical.com\/wp-content\/uploads\/2024\/09\/Longzyme-Enzyme.jpg\" \/>\n\t<meta property=\"og:image:width\" content=\"800\" \/>\n\t<meta property=\"og:image:height\" content=\"800\" \/>\n\t<meta property=\"og:image:type\" content=\"image\/jpeg\" \/>\n<meta name=\"twitter:card\" content=\"summary_large_image\" \/>\n<script type=\"application\/ld+json\" class=\"yoast-schema-graph\">{\"@context\":\"https:\/\/schema.org\",\"@graph\":[{\"@type\":\"WebPage\",\"@id\":\"https:\/\/longchangchemical.com\/product\/glucose-oxidase-cas-9001-37-0\/\",\"url\":\"https:\/\/longchangchemical.com\/product\/glucose-oxidase-cas-9001-37-0\/\",\"name\":\"China Longzyme\u00ae Glucose oxidase CAS 9001-37-0 Manufacturer - Longchang Chemical\",\"isPartOf\":{\"@id\":\"https:\/\/longchangchemical.com\/#website\"},\"primaryImageOfPage\":{\"@id\":\"https:\/\/longchangchemical.com\/product\/glucose-oxidase-cas-9001-37-0\/#primaryimage\"},\"image\":{\"@id\":\"https:\/\/longchangchemical.com\/product\/glucose-oxidase-cas-9001-37-0\/#primaryimage\"},\"thumbnailUrl\":\"https:\/\/longchangchemical.com\/wp-content\/uploads\/2024\/09\/Longzyme-Enzyme.jpg\",\"datePublished\":\"2024-09-26T13:24:08+00:00\",\"dateModified\":\"2025-12-16T08:18:23+00:00\",\"description\":\"Longzyme\u00ae Glucose oxidase CAS 9001-37-0 is a key product of Longchang Chemical. We provide the best price. We are the leading manufacturer in China with the best quality and competitive price. Other Name:\u00a0D-Glucose-1-oxidase;\u00a0notatin;\u00a0oxidaseglucose;\u00a0\",\"breadcrumb\":{\"@id\":\"https:\/\/longchangchemical.com\/product\/glucose-oxidase-cas-9001-37-0\/#breadcrumb\"},\"inLanguage\":\"hu\",\"potentialAction\":[{\"@type\":\"ReadAction\",\"target\":[\"https:\/\/longchangchemical.com\/product\/glucose-oxidase-cas-9001-37-0\/\"]}]},{\"@type\":\"ImageObject\",\"inLanguage\":\"hu\",\"@id\":\"https:\/\/longchangchemical.com\/product\/glucose-oxidase-cas-9001-37-0\/#primaryimage\",\"url\":\"https:\/\/longchangchemical.com\/wp-content\/uploads\/2024\/09\/Longzyme-Enzyme.jpg\",\"contentUrl\":\"https:\/\/longchangchemical.com\/wp-content\/uploads\/2024\/09\/Longzyme-Enzyme.jpg\",\"width\":800,\"height\":800,\"caption\":\"Longzyme\u00ae Enzyme\"},{\"@type\":\"BreadcrumbList\",\"@id\":\"https:\/\/longchangchemical.com\/product\/glucose-oxidase-cas-9001-37-0\/#breadcrumb\",\"itemListElement\":[{\"@type\":\"ListItem\",\"position\":1,\"name\":\"Home\",\"item\":\"https:\/\/longchangchemical.com\/\"},{\"@type\":\"ListItem\",\"position\":2,\"name\":\"Products Longchang\",\"item\":\"https:\/\/longchangchemical.com\/product\/\"},{\"@type\":\"ListItem\",\"position\":3,\"name\":\"Longzyme\u00ae Glucose oxidase CAS 9001-37-0\"}]},{\"@type\":\"WebSite\",\"@id\":\"https:\/\/longchangchemical.com\/#website\",\"url\":\"https:\/\/longchangchemical.com\/\",\"name\":\"Longchang Chemical\",\"description\":\"China chemical manufacturer \uff06 supplier\",\"publisher\":{\"@id\":\"https:\/\/longchangchemical.com\/#organization\"},\"potentialAction\":[{\"@type\":\"SearchAction\",\"target\":{\"@type\":\"EntryPoint\",\"urlTemplate\":\"https:\/\/longchangchemical.com\/?s={search_term_string}\"},\"query-input\":{\"@type\":\"PropertyValueSpecification\",\"valueRequired\":true,\"valueName\":\"search_term_string\"}}],\"inLanguage\":\"hu\"},{\"@type\":\"Organization\",\"@id\":\"https:\/\/longchangchemical.com\/#organization\",\"name\":\"Longchang Chemical\",\"url\":\"https:\/\/longchangchemical.com\/\",\"logo\":{\"@type\":\"ImageObject\",\"inLanguage\":\"hu\",\"@id\":\"https:\/\/longchangchemical.com\/#\/schema\/logo\/image\/\",\"url\":\"https:\/\/longchangchemical.com\/wp-content\/uploads\/2020\/08\/cropped-longchang-logo.png\",\"contentUrl\":\"https:\/\/longchangchemical.com\/wp-content\/uploads\/2020\/08\/cropped-longchang-logo.png\",\"width\":512,\"height\":512,\"caption\":\"Longchang Chemical\"},\"image\":{\"@id\":\"https:\/\/longchangchemical.com\/#\/schema\/logo\/image\/\"}}]}<\/script>\n<!-- \/ Yoast SEO plugin. -->","yoast_head_json":{"title":"K\u00edna Longzyme\u00ae Gl\u00fck\u00f3z oxid\u00e1z CAS 9001-37-0 gy\u00e1rt\u00f3 - Longchang Chemical","description":"A Longzyme\u00ae Gl\u00fck\u00f3z-oxid\u00e1z CAS 9001-37-0 a Longchang Chemical egyik legfontosabb term\u00e9ke. A legjobb \u00e1rat biztos\u00edtjuk. Mi vagyunk a vezet\u0151 gy\u00e1rt\u00f3 K\u00edn\u00e1ban a legjobb min\u0151s\u00e9ggel \u00e9s versenyk\u00e9pes \u00e1rral. Egy\u00e9b n\u00e9v: D-Gl\u00fck\u00f3z-1-oxid\u00e1z; notatin; oxidasegl\u00fck\u00f3z;\u00a0","robots":{"index":"index","follow":"follow","max-snippet":"max-snippet:-1","max-image-preview":"max-image-preview:large","max-video-preview":"max-video-preview:-1"},"canonical":"https:\/\/longchangchemical.com\/hu\/product\/glucose-oxidase-cas-9001-37-0\/","og_locale":"hu_HU","og_type":"article","og_title":"China Longzyme\u00ae Glucose oxidase CAS 9001-37-0 Manufacturer - Longchang Chemical","og_description":"Longzyme\u00ae Glucose oxidase CAS 9001-37-0 is a key product of Longchang Chemical. We provide the best price. We are the leading manufacturer in China with the best quality and competitive price. Other Name:\u00a0D-Glucose-1-oxidase;\u00a0notatin;\u00a0oxidaseglucose;\u00a0","og_url":"https:\/\/longchangchemical.com\/hu\/product\/glucose-oxidase-cas-9001-37-0\/","og_site_name":"Longchang Chemical","article_modified_time":"2025-12-16T08:18:23+00:00","og_image":[{"width":800,"height":800,"url":"https:\/\/longchangchemical.com\/wp-content\/uploads\/2024\/09\/Longzyme-Enzyme.jpg","type":"image\/jpeg"}],"twitter_card":"summary_large_image","schema":{"@context":"https:\/\/schema.org","@graph":[{"@type":"WebPage","@id":"https:\/\/longchangchemical.com\/product\/glucose-oxidase-cas-9001-37-0\/","url":"https:\/\/longchangchemical.com\/product\/glucose-oxidase-cas-9001-37-0\/","name":"K\u00edna Longzyme\u00ae Gl\u00fck\u00f3z oxid\u00e1z CAS 9001-37-0 gy\u00e1rt\u00f3 - Longchang Chemical","isPartOf":{"@id":"https:\/\/longchangchemical.com\/#website"},"primaryImageOfPage":{"@id":"https:\/\/longchangchemical.com\/product\/glucose-oxidase-cas-9001-37-0\/#primaryimage"},"image":{"@id":"https:\/\/longchangchemical.com\/product\/glucose-oxidase-cas-9001-37-0\/#primaryimage"},"thumbnailUrl":"https:\/\/longchangchemical.com\/wp-content\/uploads\/2024\/09\/Longzyme-Enzyme.jpg","datePublished":"2024-09-26T13:24:08+00:00","dateModified":"2025-12-16T08:18:23+00:00","description":"A Longzyme\u00ae Gl\u00fck\u00f3z-oxid\u00e1z CAS 9001-37-0 a Longchang Chemical egyik legfontosabb term\u00e9ke. A legjobb \u00e1rat biztos\u00edtjuk. Mi vagyunk a vezet\u0151 gy\u00e1rt\u00f3 K\u00edn\u00e1ban a legjobb min\u0151s\u00e9ggel \u00e9s versenyk\u00e9pes \u00e1rral. Egy\u00e9b n\u00e9v: D-Gl\u00fck\u00f3z-1-oxid\u00e1z; notatin; oxidasegl\u00fck\u00f3z;\u00a0","breadcrumb":{"@id":"https:\/\/longchangchemical.com\/product\/glucose-oxidase-cas-9001-37-0\/#breadcrumb"},"inLanguage":"hu","potentialAction":[{"@type":"ReadAction","target":["https:\/\/longchangchemical.com\/product\/glucose-oxidase-cas-9001-37-0\/"]}]},{"@type":"ImageObject","inLanguage":"hu","@id":"https:\/\/longchangchemical.com\/product\/glucose-oxidase-cas-9001-37-0\/#primaryimage","url":"https:\/\/longchangchemical.com\/wp-content\/uploads\/2024\/09\/Longzyme-Enzyme.jpg","contentUrl":"https:\/\/longchangchemical.com\/wp-content\/uploads\/2024\/09\/Longzyme-Enzyme.jpg","width":800,"height":800,"caption":"Longzyme\u00ae Enzyme"},{"@type":"BreadcrumbList","@id":"https:\/\/longchangchemical.com\/product\/glucose-oxidase-cas-9001-37-0\/#breadcrumb","itemListElement":[{"@type":"ListItem","position":1,"name":"Home","item":"https:\/\/longchangchemical.com\/"},{"@type":"ListItem","position":2,"name":"Products Longchang","item":"https:\/\/longchangchemical.com\/product\/"},{"@type":"ListItem","position":3,"name":"Longzyme\u00ae Glucose oxidase CAS 9001-37-0"}]},{"@type":"WebSite","@id":"https:\/\/longchangchemical.com\/#website","url":"https:\/\/longchangchemical.com\/","name":"Longchang Chemical","description":"K\u00edna k\u00e9miai gy\u00e1rt\u00f3 \uff06 sz\u00e1ll\u00edt\u00f3","publisher":{"@id":"https:\/\/longchangchemical.com\/#organization"},"potentialAction":[{"@type":"SearchAction","target":{"@type":"EntryPoint","urlTemplate":"https:\/\/longchangchemical.com\/?s={search_term_string}"},"query-input":{"@type":"PropertyValueSpecification","valueRequired":true,"valueName":"search_term_string"}}],"inLanguage":"hu"},{"@type":"Organization","@id":"https:\/\/longchangchemical.com\/#organization","name":"Longchang Chemical","url":"https:\/\/longchangchemical.com\/","logo":{"@type":"ImageObject","inLanguage":"hu","@id":"https:\/\/longchangchemical.com\/#\/schema\/logo\/image\/","url":"https:\/\/longchangchemical.com\/wp-content\/uploads\/2020\/08\/cropped-longchang-logo.png","contentUrl":"https:\/\/longchangchemical.com\/wp-content\/uploads\/2020\/08\/cropped-longchang-logo.png","width":512,"height":512,"caption":"Longchang Chemical"},"image":{"@id":"https:\/\/longchangchemical.com\/#\/schema\/logo\/image\/"}}]}},"_links":{"self":[{"href":"https:\/\/longchangchemical.com\/hu\/wp-json\/wp\/v2\/product\/7361","targetHints":{"allow":["GET"]}}],"collection":[{"href":"https:\/\/longchangchemical.com\/hu\/wp-json\/wp\/v2\/product"}],"about":[{"href":"https:\/\/longchangchemical.com\/hu\/wp-json\/wp\/v2\/types\/product"}],"replies":[{"embeddable":true,"href":"https:\/\/longchangchemical.com\/hu\/wp-json\/wp\/v2\/comments?post=7361"}],"wp:featuredmedia":[{"embeddable":true,"href":"https:\/\/longchangchemical.com\/hu\/wp-json\/wp\/v2\/media\/7374"}],"wp:attachment":[{"href":"https:\/\/longchangchemical.com\/hu\/wp-json\/wp\/v2\/media?parent=7361"}],"wp:term":[{"taxonomy":"product_brand","embeddable":true,"href":"https:\/\/longchangchemical.com\/hu\/wp-json\/wp\/v2\/product_brand?post=7361"},{"taxonomy":"product_cat","embeddable":true,"href":"https:\/\/longchangchemical.com\/hu\/wp-json\/wp\/v2\/product_cat?post=7361"},{"taxonomy":"product_tag","embeddable":true,"href":"https:\/\/longchangchemical.com\/hu\/wp-json\/wp\/v2\/product_tag?post=7361"}],"curies":[{"name":"wp","href":"https:\/\/api.w.org\/{rel}","templated":true}]}}