{"id":7357,"date":"2024-09-26T12:34:14","date_gmt":"2024-09-26T12:34:14","guid":{"rendered":"https:\/\/longchangchemical.com\/?post_type=product&#038;p=7357"},"modified":"2025-12-16T08:23:17","modified_gmt":"2025-12-16T08:23:17","slug":"longzyme-acid-pectinase-cas-9032-75-1","status":"publish","type":"product","link":"https:\/\/longchangchemical.com\/hu\/product\/longzyme-acid-pectinase-cas-9032-75-1\/","title":{"rendered":"Longzyme\u00ae savas pektin\u00e1z CAS 9032-75-1"},"content":{"rendered":"<p>Savas pektin\u00e1z<\/p>\n<p>A pektin\u00e1zt Aspergillus nigerb\u0151l ferment\u00e1ci\u00f3 \u00e9s extrakci\u00f3 \u00fatj\u00e1n \u00e1ll\u00edtj\u00e1k el\u0151. F\u0151leg gy\u00fcm\u00f6lcsl\u00e9, z\u00f6lds\u00e9gl\u00e9, bor \u00e9s m\u00e1s term\u00e9kfeldolgoz\u00e1sban haszn\u00e1lj\u00e1k, de takarm\u00e1nyoz\u00e1sra, kenderanyag-mentes\u00edt\u00e9sre, fakonzerv\u00e1l\u00e1sra \u00e9s egy\u00e9b feldolgoz\u00e1sra is haszn\u00e1lhat\u00f3.<\/p>\n<p>Elvileg<\/p>\n<p>A pektin\u00e1z egy \u00e1ltal\u00e1nos kifejez\u00e9s sz\u00e1mos olyan enzimre, amelyek k\u00e9pesek szinergikusan bontani a pektint. A pektin\u00e1z f\u0151k\u00e9nt polimetilgalakturon\u00e1zt (PMGL), poligalakturon\u00e1zt (PG) poligalakturon\u00e1t has\u00edt\u00f3 enzimet (PGL) \u00e9s pektin\u00e9szter\u00e1zt (PE) tartalmaz A pektin\u00e1z enzim a pektinben l\u00e9v\u0151 D-galakturonsav-marad\u00e9kok k\u00f6z\u00f6tti glikozidos k\u00f6t\u00e9sre hat, hogy a pektinmolekul\u00e1t megbontsa, lebontja a pektin poliszacharidl\u00e1nc\u00e1t, \u00e9s oligogalakturonsavat \u00e9s kis mennyis\u00e9g\u0171 kis molekul\u00e1j\u00fa galakturonsavat hoz l\u00e9tre a viszkozit\u00e1s cs\u00f6kkent\u00e9se, az ultrasz\u0171r\u00e9s sebess\u00e9g\u00e9nek jav\u00edt\u00e1sa \u00e9s a l\u00e9 extrakci\u00f3j\u00e1nak jav\u00edt\u00e1sa \u00e9rdek\u00e9ben. Cs\u00f6kkentheti a viszkozit\u00e1st, n\u00f6velheti az ultrasz\u0171r\u00e9s sebess\u00e9g\u00e9t, jav\u00edthatja a gy\u00fcm\u00f6lcscentrifug\u00e1l\u00e1s teljes\u00edtm\u00e9ny\u00e9t, cs\u00f6kkentheti a gy\u00fcm\u00f6lcscentrifug\u00e1l\u00e1s idej\u00e9t, fokozhatja a gy\u00fcm\u00f6lcs\u00f6s \u00edzt, cs\u00f6kkentheti a k\u00f6lts\u00e9geket, n\u00f6velheti a l\u00e9hozamot, cs\u00f6kkentheti a m\u00e1sodlagos kicsap\u00f3d\u00e1st \u00e9s jav\u00edthatja a term\u00e9kek min\u0151s\u00e9g\u00e9t.<\/p>\n<p>A term\u00e9k jellemz\u0151i<br \/>\n1\u3001H\u0151m\u00e9rs\u00e9klet-tartom\u00e1ny: hat\u00e9kony h\u0151m\u00e9rs\u00e9klet-tartom\u00e1ny 25-65 \u2103, optim\u00e1lis h\u0151m\u00e9rs\u00e9klet-tartom\u00e1ny 50-60 \u2103.<br \/>\n2\u3001PH \u00e9rt\u00e9ktartom\u00e1ny: effekt\u00edv pH-tartom\u00e1ny 2,5-4,5, optim\u00e1lis pH-tartom\u00e1ny: 3.3-4.0.<br \/>\n3\u3001F\u00e9mionok hat\u00e1sa az enzimaktivit\u00e1sra: a Ca, Mg alacsony koncentr\u00e1ci\u00f3ja aktiv\u00e1l\u00f3 hat\u00e1ssal van a pektin\u00e1zra, a Cu2Fe g\u00e1tl\u00f3 hat\u00e1ssal van a pektin\u00e1zra.<\/p>\n<p>A term\u00e9k tulajdons\u00e1gai<\/p>\n<p>1\u3001Term\u00e9kspecifik\u00e1ci\u00f3: a folyad\u00e9k vil\u00e1gosbarna, 30000u\/mL \u00e9s 60000u\/mL.<br \/>\n60 000u\/ml; szil\u00e1rd s\u00e1rga por, 30 000u\/g.<br \/>\n60 000u\/g k\u00e9t specifik\u00e1ci\u00f3; \u00e9lelmiszer-min\u0151s\u00e9g\u0171 szil\u00e1rd enzimaktivit\u00e1s 300 000u\/g.<br \/>\nFoly\u00e9kony enzim pH (25\u00b0C): szil\u00e1rd enzim finoms\u00e1ga (0,4 mm-es szabv\u00e1nyos szit\u00e1n val\u00f3 \u00e1tjut\u00e1si sebess\u00e9g): 3,0-5,0, kapacit\u00e1s: \u22641,25 g\/ml: 280%.<br \/>\n2, az enzimaktivit\u00e1s meghat\u00e1roz\u00e1sa: 1g enzimpor vagy 1mL enzimoldat 50 \u2103, PH3,5 k\u00f6r\u00fclm\u00e9nyek k\u00f6z\u00f6tt, 1 \u00f3ra pektin bont\u00e1sa 1mg galakturonsav el\u0151\u00e1ll\u00edt\u00e1s\u00e1hoz 1mg galakturonsav mint az enzimaktivit\u00e1s egys\u00e9ge.<br \/>\n3\u3001Term\u00e9kszabv\u00e1ny: Q8 1502-1992, a K\u00ednai N\u00e9pk\u00f6zt\u00e1rsas\u00e1g k\u00f6nny\u0171ipari szabv\u00e1nya.<\/p>\n<p>Alkalmaz\u00e1si m\u00f3dszer<br \/>\n1, gy\u00fcm\u00f6lcs- \u00e9s z\u00f6lds\u00e9gl\u00e9 sajtol\u00e1s, tiszt\u00edt\u00e1si folyamat, adjunk hozz\u00e1 0,05-0,3 l\/t gy\u00fcm\u00f6lcs- \u00e9s z\u00f6lds\u00e9gp\u00e9pet (30.000 egys\u00e9g enzimaktivit\u00e1s) PH3,5-4,0, h\u0151m\u00e9rs\u00e9klet 45-55 \u2103 C szerep 1-5 \u00f3ra. Ez j\u00e1tszhatja a szerepet tiszt\u00e1z\u00f3 l\u00e9 \u00e9s jav\u00edtja a hozamot.<br \/>\n2\u3001A borfeldolgoz\u00e1sban a pektin\u00e1z a c\u00e9lnak megfelel\u0151en a macer\u00e1ci\u00f3, az erjeszt\u00e9s vagy a t\u00e1rol\u00e1s szakasz\u00e1ban adhat\u00f3 hozz\u00e1, ami jav\u00edthatja a bor sz\u00edn\u00e9t \u00e9s f\u00e9ny\u00e9t, n\u00f6velheti a bor arom\u00e1j\u00e1t \u00e9s jav\u00edthatja a l\u00e9hozamot. Az aj\u00e1nlott adagol\u00e1si mennyis\u00e9g 0,05-0,2 l\/t p\u00e9p (az enzimaktivit\u00e1s 30 000 egys\u00e9ggel sz\u00e1molva). Adhat\u00f3 k\u00f6zvetlen\u00fcl az anyaghoz vagy kis mennyis\u00e9g\u0171 l\u00e9vel h\u00edg\u00edtva, majd az anyaghoz adva.<br \/>\n3, a takarm\u00e1ny-\u00f6sszetev\u0151 enzimben a savas pektin\u00e1z az \u00e1ltal\u00e1nos 0,03-0,06 kg\/t teljes \u00e9rt\u00e9k\u0171 anyag (enzimaktivit\u00e1s 30 000 egys\u00e9gre) hozz\u00e1ad\u00e1s\u00e1val sz\u00e1molt el.<\/p>\n<p>Csomagol\u00e1s \u00e9s t\u00e1rol\u00e1s<br \/>\nA folyad\u00e9kot m\u0171anyag hord\u00f3ba csomagoljuk, 25 kg\/hord\u00f3; a szil\u00e1rd anyagot sz\u00f6v\u00f6tt zs\u00e1kba csomagoljuk, 20 kg\/zs\u00e1k.<br \/>\nEz a term\u00e9k egy biol\u00f3giailag akt\u00edv anyag, a magas h\u0151m\u00e9rs\u00e9klet, az er\u0151s sav, az er\u0151s l\u00fag enzim inaktiv\u00e1l\u00f3d\u00e1s\u00e1t okozza, \u00edgy a sz\u00e1ll\u00edt\u00e1s \u00e9s a t\u00e1rol\u00e1s sor\u00e1n a test enzimnek el kell ker\u00fclnie a naps\u00fct\u00e9st, a szil\u00e1rd enzimnek el kell ker\u00fclnie a naps\u00fct\u00e9st \u00e9s az es\u0151t. A rakt\u00e1rat tiszt\u00e1n, h\u0171v\u00f6sen \u00e9s sz\u00e1razon kell tartani.<\/p>\n<h2>Egy\u00e9b n\u00e9v:<\/h2>\n<p>Poligalakturon\u00e1z<\/p>\n<p>&nbsp;<\/p>\n<h2><strong><b>L\u00e9pjen kapcsolatba vel\u00fcnk most!<\/b><\/strong><\/h2>\n<h4><strong><b>Ha sz\u00fcks\u00e9ge van Price-ra, k\u00e9rj\u00fck, t\u00f6ltse ki el\u00e9rhet\u0151s\u00e9g\u00e9t az al\u00e1bbi \u0171rlapon, \u00e1ltal\u00e1ban 24 \u00f3r\u00e1n bel\u00fcl felvessz\u00fck \u00d6nnel a kapcsolatot. \u00d6n is k\u00fcldhet nekem e-mailt\u00a0<span style=\"color: #00ccff;\"><a style=\"color: #00ccff;\" href=\"mailto:info@longchangchemical.com\">info@longchangchemical.com<\/a><\/span>\u00a0munkaid\u0151ben ( 8:30-18:00 UTC+8 H.-Szombat ) vagy haszn\u00e1lja a weboldal \u00e9l\u0151 chatj\u00e9t, hogy azonnali v\u00e1laszt kapjon.<\/b><\/strong><\/h4>\n<table style=\"border-collapse: collapse; width: 326.27pt;\" border=\"0\" width=\"435\" cellspacing=\"0\" cellpadding=\"0\">\n<tbody>\n<tr style=\"height: 13.50pt;\">\n<td class=\"et2\" style=\"height: 13.50pt; width: 164.25pt;\" width=\"219\" height=\"18\"><a href=\"https:\/\/longchangchemical.com\/hu\/product\/compound-glucoamylase-cas-9032-08-0\/\"><span style=\"color: #00ccff;\">\u00d6sszet\u00e9tel Gl\u00fckoamil\u00e1z<\/span><\/a><\/td>\n<td class=\"et2\" style=\"width: 162.00pt;\" width=\"216\">9032-08-0<\/td>\n<\/tr>\n<tr style=\"height: 13.50pt;\">\n<td class=\"et2\" style=\"height: 13.50pt;\" height=\"18\"><a href=\"https:\/\/longchangchemical.com\/hu\/product\/pullulanase-cas-9075-68-7\/\"><span style=\"color: #00ccff;\">Pullulanase<\/span><\/a><\/td>\n<td class=\"et2\">9075-68-7<\/td>\n<\/tr>\n<tr style=\"height: 13.50pt;\">\n<td class=\"et2\" style=\"height: 13.50pt;\" height=\"18\"><a href=\"https:\/\/longchangchemical.com\/hu\/product\/xylanase-cas-37278-89-0\/\"><span style=\"color: #00ccff;\">Xilan\u00e1z<\/span><\/a><\/td>\n<td class=\"et2\">37278-89-0<\/td>\n<\/tr>\n<tr style=\"height: 13.50pt;\">\n<td class=\"et2\" style=\"height: 13.50pt;\" height=\"18\"><a href=\"https:\/\/longchangchemical.com\/hu\/product\/cellulase-cas-9012-54-8\/\"><span style=\"color: #00ccff;\">Cellul\u00e1z<\/span><\/a><\/td>\n<td class=\"et2\">9012-54-8<\/td>\n<\/tr>\n<tr style=\"height: 13.50pt;\">\n<td class=\"et2\" style=\"height: 13.50pt;\" height=\"18\"><a href=\"https:\/\/longchangchemical.com\/hu\/product\/naringinase-cas-9068-31-9\/\"><span style=\"color: #00ccff;\">Naringin\u00e1z<\/span><\/a><\/td>\n<td class=\"et2\">9068-31-9<\/td>\n<\/tr>\n<tr style=\"height: 13.50pt;\">\n<td class=\"et2\" style=\"height: 13.50pt;\" height=\"18\"><a href=\"https:\/\/longchangchemical.com\/hu\/product\/beta-amylase-cas-9000-91-3\/\"><span style=\"color: #00ccff;\">\u03b2-Amil\u00e1z<\/span><\/a><\/td>\n<td class=\"et2\">9000-91-3<\/td>\n<\/tr>\n<tr style=\"height: 13.50pt;\">\n<td class=\"et2\" style=\"height: 13.50pt;\" height=\"18\"><a href=\"https:\/\/longchangchemical.com\/hu\/product\/glucose-oxidase-cas-9001-37-0\/\"><span style=\"color: #00ccff;\">Gl\u00fck\u00f3z-oxid\u00e1z<\/span><\/a><\/td>\n<td class=\"et2\">9001-37-0<\/td>\n<\/tr>\n<tr style=\"height: 13.50pt;\">\n<td class=\"et2\" style=\"height: 13.50pt;\" height=\"18\">alfa-amil\u00e1z<\/td>\n<td class=\"et2\">9000-90-2<\/td>\n<\/tr>\n<tr style=\"height: 13.50pt;\">\n<td class=\"et2\" style=\"height: 13.50pt;\" height=\"18\"><a href=\"https:\/\/longchangchemical.com\/hu\/product\/longzyme-acid-pectinase-cas-9032-75-1\/\"><span style=\"color: #00ccff;\">Pektin\u00e1z<\/span><\/a><\/td>\n<td class=\"et2\">9032-75-1<\/td>\n<\/tr>\n<tr style=\"height: 13.50pt;\">\n<td class=\"et2\" style=\"height: 13.50pt;\" height=\"18\">Peroxid\u00e1z<\/td>\n<td class=\"et2\">9003-99-0<\/td>\n<\/tr>\n<tr style=\"height: 13.50pt;\">\n<td class=\"et2\" style=\"height: 13.50pt;\" height=\"18\"><a href=\"https:\/\/longchangchemical.com\/hu\/product\/lipase-cas-9001-62-1\/\"><span style=\"color: #00ccff;\">Lip\u00e1z<\/span><\/a><\/td>\n<td class=\"et2\">9001-62-1<\/td>\n<\/tr>\n<tr style=\"height: 13.50pt;\">\n<td class=\"et2\" style=\"height: 13.50pt;\" height=\"18\"><a href=\"https:\/\/longchangchemical.com\/hu\/product\/catalase-cas-9001-05-2\/\"><span style=\"color: #00ccff;\">Katal\u00e1z<\/span><\/a><\/td>\n<td class=\"et4\">9001-05-2<\/td>\n<\/tr>\n<tr style=\"height: 13.50pt;\">\n<td class=\"et2\" style=\"height: 13.50pt;\" height=\"18\"><a href=\"https:\/\/longchangchemical.com\/hu\/product\/tannase-cas-9025-71-2\/\"><span style=\"color: #00ccff;\">TANNASE<\/span><\/a><\/td>\n<td class=\"et2\">9025-71-2<\/td>\n<\/tr>\n<tr style=\"height: 13.50pt;\">\n<td class=\"et2\" style=\"height: 13.50pt;\" height=\"18\"><a href=\"https:\/\/longchangchemical.com\/hu\/product\/elastase-cas-39445-21-1\/\"><span style=\"color: #00ccff;\">Elaszt\u00e1z<\/span><\/a><\/td>\n<td class=\"et2\">39445-21-1<\/td>\n<\/tr>\n<tr style=\"height: 13.50pt;\">\n<td class=\"et2\" style=\"height: 13.50pt;\" height=\"18\"><a href=\"https:\/\/longchangchemical.com\/hu\/product\/urease-cas-9002-13-5\/\"><span style=\"color: #00ccff;\">Ure\u00e1z<\/span><\/a><\/td>\n<td class=\"et2\">9002-13-5<\/td>\n<\/tr>\n<tr style=\"height: 13.50pt;\">\n<td class=\"et2\" style=\"height: 13.50pt;\" height=\"18\"><a href=\"https:\/\/longchangchemical.com\/hu\/product\/dextranase-cas-9025-70-1\/\"><span style=\"color: #00ccff;\">DEXTRANASE<\/span><\/a><\/td>\n<td class=\"et2\">9025-70-1<\/td>\n<\/tr>\n<tr style=\"height: 13.50pt;\">\n<td class=\"et2\" style=\"height: 13.5pt; text-align: left;\" height=\"18\"><a href=\"https:\/\/longchangchemical.com\/hu\/product\/l-lactic-dehydrogenase-cas-9001-60-9\/\"><span style=\"color: #00ccff;\">L-laktil-dehidrogen\u00e1z<\/span><\/a><\/td>\n<td class=\"et2\">9001-60-9<\/td>\n<\/tr>\n<tr style=\"height: 13.50pt;\">\n<td class=\"et2\" style=\"height: 13.50pt;\" height=\"18\"><a href=\"https:\/\/longchangchemical.com\/hu\/product\/dehydrogenase-malate-cas-9001-64-3\/\"><span style=\"color: #00ccff;\">Dehidrogen\u00e1z mal\u00e1t<\/span><\/a><\/td>\n<td class=\"et2\">9001-64-3<\/td>\n<\/tr>\n<tr style=\"height: 13.50pt;\">\n<td class=\"et2\" style=\"height: 13.50pt;\" height=\"18\"><a href=\"https:\/\/longchangchemical.com\/hu\/product\/cholesterol-oxidase-cas-9028-76-6\/\"><span style=\"color: #00ccff;\">Koleszterin-oxid\u00e1z<\/span><\/a><\/td>\n<td class=\"et2\">9028-76-6<\/td>\n<\/tr>\n<\/tbody>\n<\/table>","protected":false},"excerpt":{"rendered":"<p>Savas pektin\u00e1z A pektin\u00e1zt Aspergillus nigerb\u0151l ferment\u00e1ci\u00f3 \u00e9s extrakci\u00f3 \u00fatj\u00e1n \u00e1ll\u00edtj\u00e1k el\u0151. F\u0151leg gy\u00fcm\u00f6lcsl\u00e9, z\u00f6lds\u00e9gl\u00e9, bor \u00e9s m\u00e1s term\u00e9kfeldolgoz\u00e1sban haszn\u00e1lj\u00e1k, de takarm\u00e1nyoz\u00e1sra, kenderanyag-mentes\u00edt\u00e9sre, fakonzerv\u00e1l\u00e1sra \u00e9s egy\u00e9b feldolgoz\u00e1sra is haszn\u00e1lhat\u00f3. Elv A pektin\u00e1z egy \u00e1ltal\u00e1nos kifejez\u00e9s a k\u00fcl\u00f6nb\u00f6z\u0151 enzimek sz\u00e1m\u00e1ra, amelyek szinergikusan [...]<\/p>","protected":false},"featured_media":7373,"comment_status":"closed","ping_status":"closed","template":"","meta":[],"product_brand":[],"product_cat":[172],"product_tag":[],"class_list":{"0":"post-7357","1":"product","2":"type-product","3":"status-publish","4":"has-post-thumbnail","6":"product_cat-longzyme-enzyme","8":"first","9":"instock","10":"shipping-taxable","11":"product-type-simple"},"yoast_head":"<!-- This site is optimized with the Yoast SEO plugin v25.3.1 - https:\/\/yoast.com\/wordpress\/plugins\/seo\/ -->\n<title>China Longzyme\u00ae Acid Pectinase CAS 9032-75-1 Manufacturer - Longchang Chemical<\/title>\n<meta name=\"description\" content=\"Longzyme\u00ae Acid Pectinase CAS 9032-75-1 is a key product of Longchang Chemical. We provide the best price. We are the leading manufacturer in China with the best quality and competitive price. Other Name: Polygalacturonase\" \/>\n<meta name=\"robots\" content=\"index, follow, max-snippet:-1, max-image-preview:large, max-video-preview:-1\" \/>\n<link rel=\"canonical\" href=\"https:\/\/longchangchemical.com\/hu\/product\/longzyme-acid-pectinase-cas-9032-75-1\/\" \/>\n<meta property=\"og:locale\" content=\"hu_HU\" \/>\n<meta property=\"og:type\" content=\"article\" \/>\n<meta property=\"og:title\" content=\"China Longzyme\u00ae Acid Pectinase CAS 9032-75-1 Manufacturer - Longchang Chemical\" \/>\n<meta property=\"og:description\" content=\"Longzyme\u00ae Acid Pectinase CAS 9032-75-1 is a key product of Longchang Chemical. We provide the best price. We are the leading manufacturer in China with the best quality and competitive price. Other Name: Polygalacturonase\" \/>\n<meta property=\"og:url\" content=\"https:\/\/longchangchemical.com\/hu\/product\/longzyme-acid-pectinase-cas-9032-75-1\/\" \/>\n<meta property=\"og:site_name\" content=\"Longchang Chemical\" \/>\n<meta property=\"article:modified_time\" content=\"2025-12-16T08:23:17+00:00\" \/>\n<meta property=\"og:image\" content=\"https:\/\/longchangchemical.com\/wp-content\/uploads\/2024\/09\/Pectinase-CAS-9032-75-1.jpg\" \/>\n\t<meta property=\"og:image:width\" content=\"400\" \/>\n\t<meta property=\"og:image:height\" content=\"400\" \/>\n\t<meta property=\"og:image:type\" content=\"image\/jpeg\" \/>\n<meta name=\"twitter:card\" content=\"summary_large_image\" \/>\n<script type=\"application\/ld+json\" class=\"yoast-schema-graph\">{\"@context\":\"https:\/\/schema.org\",\"@graph\":[{\"@type\":\"WebPage\",\"@id\":\"https:\/\/longchangchemical.com\/product\/longzyme-acid-pectinase-cas-9032-75-1\/\",\"url\":\"https:\/\/longchangchemical.com\/product\/longzyme-acid-pectinase-cas-9032-75-1\/\",\"name\":\"China Longzyme\u00ae Acid Pectinase CAS 9032-75-1 Manufacturer - Longchang Chemical\",\"isPartOf\":{\"@id\":\"https:\/\/longchangchemical.com\/#website\"},\"primaryImageOfPage\":{\"@id\":\"https:\/\/longchangchemical.com\/product\/longzyme-acid-pectinase-cas-9032-75-1\/#primaryimage\"},\"image\":{\"@id\":\"https:\/\/longchangchemical.com\/product\/longzyme-acid-pectinase-cas-9032-75-1\/#primaryimage\"},\"thumbnailUrl\":\"https:\/\/longchangchemical.com\/wp-content\/uploads\/2024\/09\/Pectinase-CAS-9032-75-1.jpg\",\"datePublished\":\"2024-09-26T12:34:14+00:00\",\"dateModified\":\"2025-12-16T08:23:17+00:00\",\"description\":\"Longzyme\u00ae Acid Pectinase CAS 9032-75-1 is a key product of Longchang Chemical. We provide the best price. We are the leading manufacturer in China with the best quality and competitive price. Other Name: Polygalacturonase\",\"breadcrumb\":{\"@id\":\"https:\/\/longchangchemical.com\/product\/longzyme-acid-pectinase-cas-9032-75-1\/#breadcrumb\"},\"inLanguage\":\"hu\",\"potentialAction\":[{\"@type\":\"ReadAction\",\"target\":[\"https:\/\/longchangchemical.com\/product\/longzyme-acid-pectinase-cas-9032-75-1\/\"]}]},{\"@type\":\"ImageObject\",\"inLanguage\":\"hu\",\"@id\":\"https:\/\/longchangchemical.com\/product\/longzyme-acid-pectinase-cas-9032-75-1\/#primaryimage\",\"url\":\"https:\/\/longchangchemical.com\/wp-content\/uploads\/2024\/09\/Pectinase-CAS-9032-75-1.jpg\",\"contentUrl\":\"https:\/\/longchangchemical.com\/wp-content\/uploads\/2024\/09\/Pectinase-CAS-9032-75-1.jpg\",\"width\":400,\"height\":400,\"caption\":\"Pectinase CAS 9032-75-1\"},{\"@type\":\"BreadcrumbList\",\"@id\":\"https:\/\/longchangchemical.com\/product\/longzyme-acid-pectinase-cas-9032-75-1\/#breadcrumb\",\"itemListElement\":[{\"@type\":\"ListItem\",\"position\":1,\"name\":\"Home\",\"item\":\"https:\/\/longchangchemical.com\/\"},{\"@type\":\"ListItem\",\"position\":2,\"name\":\"Products Longchang\",\"item\":\"https:\/\/longchangchemical.com\/product\/\"},{\"@type\":\"ListItem\",\"position\":3,\"name\":\"Longzyme\u00ae Acid Pectinase CAS 9032-75-1\"}]},{\"@type\":\"WebSite\",\"@id\":\"https:\/\/longchangchemical.com\/#website\",\"url\":\"https:\/\/longchangchemical.com\/\",\"name\":\"Longchang Chemical\",\"description\":\"China chemical manufacturer \uff06 supplier\",\"publisher\":{\"@id\":\"https:\/\/longchangchemical.com\/#organization\"},\"potentialAction\":[{\"@type\":\"SearchAction\",\"target\":{\"@type\":\"EntryPoint\",\"urlTemplate\":\"https:\/\/longchangchemical.com\/?s={search_term_string}\"},\"query-input\":{\"@type\":\"PropertyValueSpecification\",\"valueRequired\":true,\"valueName\":\"search_term_string\"}}],\"inLanguage\":\"hu\"},{\"@type\":\"Organization\",\"@id\":\"https:\/\/longchangchemical.com\/#organization\",\"name\":\"Longchang Chemical\",\"url\":\"https:\/\/longchangchemical.com\/\",\"logo\":{\"@type\":\"ImageObject\",\"inLanguage\":\"hu\",\"@id\":\"https:\/\/longchangchemical.com\/#\/schema\/logo\/image\/\",\"url\":\"https:\/\/longchangchemical.com\/wp-content\/uploads\/2020\/08\/cropped-longchang-logo.png\",\"contentUrl\":\"https:\/\/longchangchemical.com\/wp-content\/uploads\/2020\/08\/cropped-longchang-logo.png\",\"width\":512,\"height\":512,\"caption\":\"Longchang Chemical\"},\"image\":{\"@id\":\"https:\/\/longchangchemical.com\/#\/schema\/logo\/image\/\"}}]}<\/script>\n<!-- \/ Yoast SEO plugin. -->","yoast_head_json":{"title":"K\u00edna Longzyme\u00ae savas pektin\u00e1z CAS 9032-75-1 gy\u00e1rt\u00f3 - Longchang Chemical","description":"A Longzyme\u00ae savas pektin\u00e1z CAS 9032-75-1 a Longchang Chemical egyik legfontosabb term\u00e9ke. A legjobb \u00e1rat biztos\u00edtjuk. Mi vagyunk a vezet\u0151 gy\u00e1rt\u00f3 K\u00edn\u00e1ban a legjobb min\u0151s\u00e9ggel \u00e9s versenyk\u00e9pes \u00e1rral. M\u00e1s n\u00e9v: Poligalakturon\u00e1z","robots":{"index":"index","follow":"follow","max-snippet":"max-snippet:-1","max-image-preview":"max-image-preview:large","max-video-preview":"max-video-preview:-1"},"canonical":"https:\/\/longchangchemical.com\/hu\/product\/longzyme-acid-pectinase-cas-9032-75-1\/","og_locale":"hu_HU","og_type":"article","og_title":"China Longzyme\u00ae Acid Pectinase CAS 9032-75-1 Manufacturer - Longchang Chemical","og_description":"Longzyme\u00ae Acid Pectinase CAS 9032-75-1 is a key product of Longchang Chemical. We provide the best price. We are the leading manufacturer in China with the best quality and competitive price. Other Name: Polygalacturonase","og_url":"https:\/\/longchangchemical.com\/hu\/product\/longzyme-acid-pectinase-cas-9032-75-1\/","og_site_name":"Longchang Chemical","article_modified_time":"2025-12-16T08:23:17+00:00","og_image":[{"width":400,"height":400,"url":"https:\/\/longchangchemical.com\/wp-content\/uploads\/2024\/09\/Pectinase-CAS-9032-75-1.jpg","type":"image\/jpeg"}],"twitter_card":"summary_large_image","schema":{"@context":"https:\/\/schema.org","@graph":[{"@type":"WebPage","@id":"https:\/\/longchangchemical.com\/product\/longzyme-acid-pectinase-cas-9032-75-1\/","url":"https:\/\/longchangchemical.com\/product\/longzyme-acid-pectinase-cas-9032-75-1\/","name":"K\u00edna Longzyme\u00ae savas pektin\u00e1z CAS 9032-75-1 gy\u00e1rt\u00f3 - Longchang Chemical","isPartOf":{"@id":"https:\/\/longchangchemical.com\/#website"},"primaryImageOfPage":{"@id":"https:\/\/longchangchemical.com\/product\/longzyme-acid-pectinase-cas-9032-75-1\/#primaryimage"},"image":{"@id":"https:\/\/longchangchemical.com\/product\/longzyme-acid-pectinase-cas-9032-75-1\/#primaryimage"},"thumbnailUrl":"https:\/\/longchangchemical.com\/wp-content\/uploads\/2024\/09\/Pectinase-CAS-9032-75-1.jpg","datePublished":"2024-09-26T12:34:14+00:00","dateModified":"2025-12-16T08:23:17+00:00","description":"A Longzyme\u00ae savas pektin\u00e1z CAS 9032-75-1 a Longchang Chemical egyik legfontosabb term\u00e9ke. A legjobb \u00e1rat biztos\u00edtjuk. Mi vagyunk a vezet\u0151 gy\u00e1rt\u00f3 K\u00edn\u00e1ban a legjobb min\u0151s\u00e9ggel \u00e9s versenyk\u00e9pes \u00e1rral. M\u00e1s n\u00e9v: Poligalakturon\u00e1z","breadcrumb":{"@id":"https:\/\/longchangchemical.com\/product\/longzyme-acid-pectinase-cas-9032-75-1\/#breadcrumb"},"inLanguage":"hu","potentialAction":[{"@type":"ReadAction","target":["https:\/\/longchangchemical.com\/product\/longzyme-acid-pectinase-cas-9032-75-1\/"]}]},{"@type":"ImageObject","inLanguage":"hu","@id":"https:\/\/longchangchemical.com\/product\/longzyme-acid-pectinase-cas-9032-75-1\/#primaryimage","url":"https:\/\/longchangchemical.com\/wp-content\/uploads\/2024\/09\/Pectinase-CAS-9032-75-1.jpg","contentUrl":"https:\/\/longchangchemical.com\/wp-content\/uploads\/2024\/09\/Pectinase-CAS-9032-75-1.jpg","width":400,"height":400,"caption":"Pectinase CAS 9032-75-1"},{"@type":"BreadcrumbList","@id":"https:\/\/longchangchemical.com\/product\/longzyme-acid-pectinase-cas-9032-75-1\/#breadcrumb","itemListElement":[{"@type":"ListItem","position":1,"name":"Home","item":"https:\/\/longchangchemical.com\/"},{"@type":"ListItem","position":2,"name":"Products Longchang","item":"https:\/\/longchangchemical.com\/product\/"},{"@type":"ListItem","position":3,"name":"Longzyme\u00ae Acid Pectinase CAS 9032-75-1"}]},{"@type":"WebSite","@id":"https:\/\/longchangchemical.com\/#website","url":"https:\/\/longchangchemical.com\/","name":"Longchang Chemical","description":"K\u00edna k\u00e9miai gy\u00e1rt\u00f3 \uff06 sz\u00e1ll\u00edt\u00f3","publisher":{"@id":"https:\/\/longchangchemical.com\/#organization"},"potentialAction":[{"@type":"SearchAction","target":{"@type":"EntryPoint","urlTemplate":"https:\/\/longchangchemical.com\/?s={search_term_string}"},"query-input":{"@type":"PropertyValueSpecification","valueRequired":true,"valueName":"search_term_string"}}],"inLanguage":"hu"},{"@type":"Organization","@id":"https:\/\/longchangchemical.com\/#organization","name":"Longchang Chemical","url":"https:\/\/longchangchemical.com\/","logo":{"@type":"ImageObject","inLanguage":"hu","@id":"https:\/\/longchangchemical.com\/#\/schema\/logo\/image\/","url":"https:\/\/longchangchemical.com\/wp-content\/uploads\/2020\/08\/cropped-longchang-logo.png","contentUrl":"https:\/\/longchangchemical.com\/wp-content\/uploads\/2020\/08\/cropped-longchang-logo.png","width":512,"height":512,"caption":"Longchang Chemical"},"image":{"@id":"https:\/\/longchangchemical.com\/#\/schema\/logo\/image\/"}}]}},"_links":{"self":[{"href":"https:\/\/longchangchemical.com\/hu\/wp-json\/wp\/v2\/product\/7357","targetHints":{"allow":["GET"]}}],"collection":[{"href":"https:\/\/longchangchemical.com\/hu\/wp-json\/wp\/v2\/product"}],"about":[{"href":"https:\/\/longchangchemical.com\/hu\/wp-json\/wp\/v2\/types\/product"}],"replies":[{"embeddable":true,"href":"https:\/\/longchangchemical.com\/hu\/wp-json\/wp\/v2\/comments?post=7357"}],"wp:featuredmedia":[{"embeddable":true,"href":"https:\/\/longchangchemical.com\/hu\/wp-json\/wp\/v2\/media\/7373"}],"wp:attachment":[{"href":"https:\/\/longchangchemical.com\/hu\/wp-json\/wp\/v2\/media?parent=7357"}],"wp:term":[{"taxonomy":"product_brand","embeddable":true,"href":"https:\/\/longchangchemical.com\/hu\/wp-json\/wp\/v2\/product_brand?post=7357"},{"taxonomy":"product_cat","embeddable":true,"href":"https:\/\/longchangchemical.com\/hu\/wp-json\/wp\/v2\/product_cat?post=7357"},{"taxonomy":"product_tag","embeddable":true,"href":"https:\/\/longchangchemical.com\/hu\/wp-json\/wp\/v2\/product_tag?post=7357"}],"curies":[{"name":"wp","href":"https:\/\/api.w.org\/{rel}","templated":true}]}}