{"id":7340,"date":"2024-09-26T02:49:32","date_gmt":"2024-09-26T02:49:32","guid":{"rendered":"https:\/\/longchangchemical.com\/?post_type=product&#038;p=7340"},"modified":"2024-09-26T02:49:32","modified_gmt":"2024-09-26T02:49:32","slug":"tricyclodecnyl-acetate-cas-5413-60-5","status":"publish","type":"product","link":"https:\/\/longchangchemical.com\/hu\/product\/tricyclodecnyl-acetate-cas-5413-60-5\/","title":{"rendered":"Triciklodecnyil-acet\u00e1t CAS 5413-60-5"},"content":{"rendered":"<h1><strong>Triciklodecnyil-acet\u00e1t CAS 5413-60-5<\/strong><\/h1>\n<table>\n<tbody>\n<tr>\n<td width=\"284\"><strong>ITEMS<\/strong><\/td>\n<td width=\"284\"><strong>M\u0170SZAKI ADATOK<\/strong><\/td>\n<\/tr>\n<tr>\n<td width=\"284\">S\u0171r\u0171s\u00e9g<\/td>\n<td width=\"284\">1.0240<\/td>\n<\/tr>\n<tr>\n<td width=\"284\">Forr\u00e1spont<\/td>\n<td width=\"284\">288.25\u00b0C<\/td>\n<\/tr>\n<tr>\n<td width=\"284\">Megjelen\u00e9s<\/td>\n<td width=\"284\">Sz\u00edntelen, viszk\u00f3zus folyad\u00e9k<\/td>\n<\/tr>\n<tr>\n<td width=\"284\">Szag<\/td>\n<td width=\"284\">Vir\u00e1gos, f\u00e1s illat<\/td>\n<\/tr>\n<\/tbody>\n<\/table>\n<p><strong><b>\u00a0<\/b><\/strong><\/p>\n<p><strong><b>Triciklodecnyil-acet\u00e1t<\/b><\/strong><strong><b>\u00a0alkalmaz\u00e1s:<\/b><\/strong><\/p>\n<p>1. Sz\u00e9les k\u00f6rben haszn\u00e1lj\u00e1k szappan, mos\u00f3szer, l\u00e9gfriss\u00edt\u0151 aromaformul\u00e1ban. Szint\u00e9n vonatkozik a gard\u00e9nia, a harang orchidea, a lila, a j\u00e1zmin, a veget\u00e1ri\u00e1nus sz\u00edv orchidea, az illatos b\u00fckk\u00f6ny, a levendula, az aldehidek illat - a fa illat, a tiszta illat - a gy\u00fcm\u00f6lcs\u00f6s illat \u00e9s a modern \u00faj aroma t\u00edpus\u00fa illat, mint p\u00e9ld\u00e1ul a haszn\u00e1lat megfelel\u0151, lehet el\u00e9rni a nagyon j\u00f3 aroma hat\u00e1s \u00e9s mutatja a k\u00fcl\u00f6nleges illat. Nem haszn\u00e1lhat\u00f3 ehet\u0151 aromak\u00e9nt.<\/p>\n<p>2, a levendula, fa, fukszia, Suzin Orchidea \u00e9s m\u00e1s arom\u00e1s \u00edzek modul\u00e1ci\u00f3ja, kozmetikumokban; a l\u00fagos k\u00f6zeg stabilit\u00e1sa miatt szappan vagy mos\u00f3szer illatanyagk\u00e9nt haszn\u00e1lhat\u00f3.<\/p>\n<p><strong><b>Triciklodecnyil-acet\u00e1t<\/b><\/strong><strong><b>\u00a0<\/b><\/strong><strong><b>Csomagol\u00e1s \u00e9s sz\u00e1ll\u00edt\u00e1s<\/b><\/strong><strong><b>\u00a0<\/b><\/strong><\/p>\n<p>az \u00fcgyf\u00e9l ig\u00e9nyei szerint testre szabva.<\/p>\n<p><strong><b>Triciklodecnyil-acet\u00e1t<\/b><\/strong><strong><b>\u00a0T\u00e1rol\u00e1s<\/b><\/strong><\/p>\n<p>Tiszta, sz\u00e1raz \u00e9s h\u0171v\u00f6s helyen kell t\u00e1rolni, napf\u00e9nyt\u0151l, es\u0151t\u0151l v\u00e9dve.<\/p>\n<h2><strong><b>L\u00e9pjen kapcsolatba vel\u00fcnk most!<\/b><\/strong><\/h2>\n<h4><strong><b>Ha sz\u00fcks\u00e9ge van Price-ra, k\u00e9rj\u00fck, t\u00f6ltse ki el\u00e9rhet\u0151s\u00e9g\u00e9t az al\u00e1bbi \u0171rlapon, \u00e1ltal\u00e1ban 24 \u00f3r\u00e1n bel\u00fcl felvessz\u00fck \u00d6nnel a kapcsolatot. \u00d6n is k\u00fcldhet nekem e-mailt\u00a0<span style=\"color: #00ccff;\"><a style=\"color: #00ccff;\" href=\"mailto:info@longchangchemical.com\">info@longchangchemical.com<\/a><\/span>\u00a0munkaid\u0151ben ( 8:30-18:00 UTC+8 H.-Szombat ) vagy haszn\u00e1lja a weboldal \u00e9l\u0151 chatj\u00e9t, hogy azonnali v\u00e1laszt kapjon.<\/b><\/strong><\/h4>","protected":false},"excerpt":{"rendered":"<p>K\u00e9miai n\u00e9v: Triciklodecnyil-acet\u00e1t<\/p>\n<p>CAS-sz\u00e1m: 5413-60-5<\/p>\n<p>Megjelen\u00e9s: Sz\u00edntelen vagy vil\u00e1goss\u00e1rga viszk\u00f3zus folyad\u00e9k<\/p>\n<p>Assay\uff1a\u226597.0%<\/p>","protected":false},"featured_media":7350,"comment_status":"closed","ping_status":"closed","template":"","meta":[],"product_brand":[],"product_cat":[173],"product_tag":[],"class_list":{"0":"post-7340","1":"product","2":"type-product","3":"status-publish","4":"has-post-thumbnail","6":"product_cat-flavors-and-fragrances","8":"first","9":"instock","10":"shipping-taxable","11":"product-type-simple"},"yoast_head":"<!-- This site is optimized with the Yoast SEO plugin v25.3.1 - https:\/\/yoast.com\/wordpress\/plugins\/seo\/ -->\n<title>China Tricyclodecnyl Acetate CAS 5413-60-5 Manufacturer - Longchang Chemical<\/title>\n<meta name=\"description\" content=\"Tricyclodecnyl Acetate CAS 5413-60-5 is a key product of Longchang Chemical. We provide the best price. We are the leading manufacturer in China with the best quality and competitive price.\" \/>\n<meta name=\"robots\" content=\"index, follow, max-snippet:-1, max-image-preview:large, max-video-preview:-1\" \/>\n<link rel=\"canonical\" href=\"https:\/\/longchangchemical.com\/hu\/product\/tricyclodecnyl-acetate-cas-5413-60-5\/\" \/>\n<meta property=\"og:locale\" content=\"hu_HU\" \/>\n<meta property=\"og:type\" content=\"article\" \/>\n<meta property=\"og:title\" content=\"China Tricyclodecnyl Acetate CAS 5413-60-5 Manufacturer - Longchang Chemical\" \/>\n<meta property=\"og:description\" content=\"Tricyclodecnyl Acetate CAS 5413-60-5 is a key product of Longchang Chemical. We provide the best price. We are the leading manufacturer in China with the best quality and competitive price.\" \/>\n<meta property=\"og:url\" content=\"https:\/\/longchangchemical.com\/hu\/product\/tricyclodecnyl-acetate-cas-5413-60-5\/\" \/>\n<meta property=\"og:site_name\" content=\"Longchang Chemical\" \/>\n<meta property=\"og:image\" content=\"https:\/\/longchangchemical.com\/wp-content\/uploads\/2024\/09\/Tricyclodecnyl-Acetate-CAS-5413-60-5.jpg\" \/>\n\t<meta property=\"og:image:width\" content=\"400\" \/>\n\t<meta property=\"og:image:height\" content=\"400\" \/>\n\t<meta property=\"og:image:type\" content=\"image\/jpeg\" \/>\n<meta name=\"twitter:card\" content=\"summary_large_image\" \/>\n<script type=\"application\/ld+json\" class=\"yoast-schema-graph\">{\"@context\":\"https:\/\/schema.org\",\"@graph\":[{\"@type\":\"WebPage\",\"@id\":\"https:\/\/longchangchemical.com\/product\/tricyclodecnyl-acetate-cas-5413-60-5\/\",\"url\":\"https:\/\/longchangchemical.com\/product\/tricyclodecnyl-acetate-cas-5413-60-5\/\",\"name\":\"China Tricyclodecnyl Acetate CAS 5413-60-5 Manufacturer - Longchang Chemical\",\"isPartOf\":{\"@id\":\"https:\/\/longchangchemical.com\/#website\"},\"primaryImageOfPage\":{\"@id\":\"https:\/\/longchangchemical.com\/product\/tricyclodecnyl-acetate-cas-5413-60-5\/#primaryimage\"},\"image\":{\"@id\":\"https:\/\/longchangchemical.com\/product\/tricyclodecnyl-acetate-cas-5413-60-5\/#primaryimage\"},\"thumbnailUrl\":\"https:\/\/longchangchemical.com\/wp-content\/uploads\/2024\/09\/Tricyclodecnyl-Acetate-CAS-5413-60-5.jpg\",\"datePublished\":\"2024-09-26T02:49:32+00:00\",\"description\":\"Tricyclodecnyl Acetate CAS 5413-60-5 is a key product of Longchang Chemical. We provide the best price. We are the leading manufacturer in China with the best quality and competitive price.\",\"breadcrumb\":{\"@id\":\"https:\/\/longchangchemical.com\/product\/tricyclodecnyl-acetate-cas-5413-60-5\/#breadcrumb\"},\"inLanguage\":\"hu\",\"potentialAction\":[{\"@type\":\"ReadAction\",\"target\":[\"https:\/\/longchangchemical.com\/product\/tricyclodecnyl-acetate-cas-5413-60-5\/\"]}]},{\"@type\":\"ImageObject\",\"inLanguage\":\"hu\",\"@id\":\"https:\/\/longchangchemical.com\/product\/tricyclodecnyl-acetate-cas-5413-60-5\/#primaryimage\",\"url\":\"https:\/\/longchangchemical.com\/wp-content\/uploads\/2024\/09\/Tricyclodecnyl-Acetate-CAS-5413-60-5.jpg\",\"contentUrl\":\"https:\/\/longchangchemical.com\/wp-content\/uploads\/2024\/09\/Tricyclodecnyl-Acetate-CAS-5413-60-5.jpg\",\"width\":400,\"height\":400,\"caption\":\"Tricyclodecnyl Acetate CAS 5413-60-5\"},{\"@type\":\"BreadcrumbList\",\"@id\":\"https:\/\/longchangchemical.com\/product\/tricyclodecnyl-acetate-cas-5413-60-5\/#breadcrumb\",\"itemListElement\":[{\"@type\":\"ListItem\",\"position\":1,\"name\":\"Home\",\"item\":\"https:\/\/longchangchemical.com\/\"},{\"@type\":\"ListItem\",\"position\":2,\"name\":\"Products Longchang\",\"item\":\"https:\/\/longchangchemical.com\/product\/\"},{\"@type\":\"ListItem\",\"position\":3,\"name\":\"Tricyclodecnyl Acetate CAS 5413-60-5\"}]},{\"@type\":\"WebSite\",\"@id\":\"https:\/\/longchangchemical.com\/#website\",\"url\":\"https:\/\/longchangchemical.com\/\",\"name\":\"Longchang Chemical\",\"description\":\"China chemical manufacturer \uff06 supplier\",\"publisher\":{\"@id\":\"https:\/\/longchangchemical.com\/#organization\"},\"potentialAction\":[{\"@type\":\"SearchAction\",\"target\":{\"@type\":\"EntryPoint\",\"urlTemplate\":\"https:\/\/longchangchemical.com\/?s={search_term_string}\"},\"query-input\":{\"@type\":\"PropertyValueSpecification\",\"valueRequired\":true,\"valueName\":\"search_term_string\"}}],\"inLanguage\":\"hu\"},{\"@type\":\"Organization\",\"@id\":\"https:\/\/longchangchemical.com\/#organization\",\"name\":\"Longchang Chemical\",\"url\":\"https:\/\/longchangchemical.com\/\",\"logo\":{\"@type\":\"ImageObject\",\"inLanguage\":\"hu\",\"@id\":\"https:\/\/longchangchemical.com\/#\/schema\/logo\/image\/\",\"url\":\"https:\/\/longchangchemical.com\/wp-content\/uploads\/2020\/08\/cropped-longchang-logo.png\",\"contentUrl\":\"https:\/\/longchangchemical.com\/wp-content\/uploads\/2020\/08\/cropped-longchang-logo.png\",\"width\":512,\"height\":512,\"caption\":\"Longchang Chemical\"},\"image\":{\"@id\":\"https:\/\/longchangchemical.com\/#\/schema\/logo\/image\/\"}}]}<\/script>\n<!-- \/ Yoast SEO plugin. -->","yoast_head_json":{"title":"K\u00edna Tricyclodecnyl Acetate CAS 5413-60-5 gy\u00e1rt\u00f3 - Longchang Chemical","description":"A triciklodecnyil-acet\u00e1t CAS 5413-60-5 a Longchang Chemical egyik legfontosabb term\u00e9ke. A legjobb \u00e1rat biztos\u00edtjuk. Mi vagyunk a vezet\u0151 gy\u00e1rt\u00f3 K\u00edn\u00e1ban a legjobb min\u0151s\u00e9ggel \u00e9s versenyk\u00e9pes \u00e1rral.","robots":{"index":"index","follow":"follow","max-snippet":"max-snippet:-1","max-image-preview":"max-image-preview:large","max-video-preview":"max-video-preview:-1"},"canonical":"https:\/\/longchangchemical.com\/hu\/product\/tricyclodecnyl-acetate-cas-5413-60-5\/","og_locale":"hu_HU","og_type":"article","og_title":"China Tricyclodecnyl Acetate CAS 5413-60-5 Manufacturer - Longchang Chemical","og_description":"Tricyclodecnyl Acetate CAS 5413-60-5 is a key product of Longchang Chemical. We provide the best price. We are the leading manufacturer in China with the best quality and competitive price.","og_url":"https:\/\/longchangchemical.com\/hu\/product\/tricyclodecnyl-acetate-cas-5413-60-5\/","og_site_name":"Longchang Chemical","og_image":[{"width":400,"height":400,"url":"https:\/\/longchangchemical.com\/wp-content\/uploads\/2024\/09\/Tricyclodecnyl-Acetate-CAS-5413-60-5.jpg","type":"image\/jpeg"}],"twitter_card":"summary_large_image","schema":{"@context":"https:\/\/schema.org","@graph":[{"@type":"WebPage","@id":"https:\/\/longchangchemical.com\/product\/tricyclodecnyl-acetate-cas-5413-60-5\/","url":"https:\/\/longchangchemical.com\/product\/tricyclodecnyl-acetate-cas-5413-60-5\/","name":"K\u00edna Tricyclodecnyl Acetate CAS 5413-60-5 gy\u00e1rt\u00f3 - Longchang Chemical","isPartOf":{"@id":"https:\/\/longchangchemical.com\/#website"},"primaryImageOfPage":{"@id":"https:\/\/longchangchemical.com\/product\/tricyclodecnyl-acetate-cas-5413-60-5\/#primaryimage"},"image":{"@id":"https:\/\/longchangchemical.com\/product\/tricyclodecnyl-acetate-cas-5413-60-5\/#primaryimage"},"thumbnailUrl":"https:\/\/longchangchemical.com\/wp-content\/uploads\/2024\/09\/Tricyclodecnyl-Acetate-CAS-5413-60-5.jpg","datePublished":"2024-09-26T02:49:32+00:00","description":"A triciklodecnyil-acet\u00e1t CAS 5413-60-5 a Longchang Chemical egyik legfontosabb term\u00e9ke. A legjobb \u00e1rat biztos\u00edtjuk. Mi vagyunk a vezet\u0151 gy\u00e1rt\u00f3 K\u00edn\u00e1ban a legjobb min\u0151s\u00e9ggel \u00e9s versenyk\u00e9pes \u00e1rral.","breadcrumb":{"@id":"https:\/\/longchangchemical.com\/product\/tricyclodecnyl-acetate-cas-5413-60-5\/#breadcrumb"},"inLanguage":"hu","potentialAction":[{"@type":"ReadAction","target":["https:\/\/longchangchemical.com\/product\/tricyclodecnyl-acetate-cas-5413-60-5\/"]}]},{"@type":"ImageObject","inLanguage":"hu","@id":"https:\/\/longchangchemical.com\/product\/tricyclodecnyl-acetate-cas-5413-60-5\/#primaryimage","url":"https:\/\/longchangchemical.com\/wp-content\/uploads\/2024\/09\/Tricyclodecnyl-Acetate-CAS-5413-60-5.jpg","contentUrl":"https:\/\/longchangchemical.com\/wp-content\/uploads\/2024\/09\/Tricyclodecnyl-Acetate-CAS-5413-60-5.jpg","width":400,"height":400,"caption":"Tricyclodecnyl Acetate CAS 5413-60-5"},{"@type":"BreadcrumbList","@id":"https:\/\/longchangchemical.com\/product\/tricyclodecnyl-acetate-cas-5413-60-5\/#breadcrumb","itemListElement":[{"@type":"ListItem","position":1,"name":"Home","item":"https:\/\/longchangchemical.com\/"},{"@type":"ListItem","position":2,"name":"Products Longchang","item":"https:\/\/longchangchemical.com\/product\/"},{"@type":"ListItem","position":3,"name":"Tricyclodecnyl Acetate CAS 5413-60-5"}]},{"@type":"WebSite","@id":"https:\/\/longchangchemical.com\/#website","url":"https:\/\/longchangchemical.com\/","name":"Longchang Chemical","description":"K\u00edna k\u00e9miai gy\u00e1rt\u00f3 \uff06 sz\u00e1ll\u00edt\u00f3","publisher":{"@id":"https:\/\/longchangchemical.com\/#organization"},"potentialAction":[{"@type":"SearchAction","target":{"@type":"EntryPoint","urlTemplate":"https:\/\/longchangchemical.com\/?s={search_term_string}"},"query-input":{"@type":"PropertyValueSpecification","valueRequired":true,"valueName":"search_term_string"}}],"inLanguage":"hu"},{"@type":"Organization","@id":"https:\/\/longchangchemical.com\/#organization","name":"Longchang Chemical","url":"https:\/\/longchangchemical.com\/","logo":{"@type":"ImageObject","inLanguage":"hu","@id":"https:\/\/longchangchemical.com\/#\/schema\/logo\/image\/","url":"https:\/\/longchangchemical.com\/wp-content\/uploads\/2020\/08\/cropped-longchang-logo.png","contentUrl":"https:\/\/longchangchemical.com\/wp-content\/uploads\/2020\/08\/cropped-longchang-logo.png","width":512,"height":512,"caption":"Longchang Chemical"},"image":{"@id":"https:\/\/longchangchemical.com\/#\/schema\/logo\/image\/"}}]}},"_links":{"self":[{"href":"https:\/\/longchangchemical.com\/hu\/wp-json\/wp\/v2\/product\/7340","targetHints":{"allow":["GET"]}}],"collection":[{"href":"https:\/\/longchangchemical.com\/hu\/wp-json\/wp\/v2\/product"}],"about":[{"href":"https:\/\/longchangchemical.com\/hu\/wp-json\/wp\/v2\/types\/product"}],"replies":[{"embeddable":true,"href":"https:\/\/longchangchemical.com\/hu\/wp-json\/wp\/v2\/comments?post=7340"}],"wp:featuredmedia":[{"embeddable":true,"href":"https:\/\/longchangchemical.com\/hu\/wp-json\/wp\/v2\/media\/7350"}],"wp:attachment":[{"href":"https:\/\/longchangchemical.com\/hu\/wp-json\/wp\/v2\/media?parent=7340"}],"wp:term":[{"taxonomy":"product_brand","embeddable":true,"href":"https:\/\/longchangchemical.com\/hu\/wp-json\/wp\/v2\/product_brand?post=7340"},{"taxonomy":"product_cat","embeddable":true,"href":"https:\/\/longchangchemical.com\/hu\/wp-json\/wp\/v2\/product_cat?post=7340"},{"taxonomy":"product_tag","embeddable":true,"href":"https:\/\/longchangchemical.com\/hu\/wp-json\/wp\/v2\/product_tag?post=7340"}],"curies":[{"name":"wp","href":"https:\/\/api.w.org\/{rel}","templated":true}]}}