{"id":7309,"date":"2024-09-04T09:21:19","date_gmt":"2024-09-04T09:21:19","guid":{"rendered":"https:\/\/longchangchemical.com\/?post_type=product&#038;p=7309"},"modified":"2026-05-08T03:00:07","modified_gmt":"2026-05-08T03:00:07","slug":"catalase-cas-9001-05-2","status":"publish","type":"product","link":"https:\/\/longchangchemical.com\/hu\/product\/catalase-cas-9001-05-2\/","title":{"rendered":"Longzyme\u00ae katal\u00e1z CAS 9001-05-2"},"content":{"rendered":"<h2><strong>Longzyme\u00ae katal\u00e1z CAS 9001-05-2<\/strong><\/h2>\n<p>&nbsp;<\/p>\n<p>A hidrog\u00e9n-peroxid enzim a hidrog\u00e9n-peroxidot haszn\u00e1lja specifikus szubsztr\u00e1tk\u00e9nt, \u00e9s kataliz\u00e1lja egy elektronp\u00e1r \u00e1tad\u00e1s\u00e1t, majd v\u00e9g\u00fcl v\u00edzz\u00e9 \u00e9s oxig\u00e9nn\u00e9 bontja azt. A term\u00e9k jellemz\u0151i<br \/>\n1, h\u0151m\u00e9rs\u00e9klet-tartom\u00e1ny: hat\u00e9kony h\u0151m\u00e9rs\u00e9klet-tartom\u00e1ny 20-60 \u2103 \u2103, az optim\u00e1lis h\u0151m\u00e9rs\u00e9klet-tartom\u00e1ny 40-55 \u2103.<br \/>\n2, pH-tartom\u00e1ny: hat\u00e9kony pH-tartom\u00e1ny 5,0-9,5, optim\u00e1lis pH-tartom\u00e1ny 6,0-8,0.<br \/>\n3\u3001F\u00e9mionok hat\u00e1sa az enzimaktivit\u00e1sra: A1, Zn, Mg, Ca alacsony koncentr\u00e1ci\u00f3ja nincs hat\u00e1ssal az enzimaktivit\u00e1sra.<\/p>\n<p>A term\u00e9k tulajdons\u00e1gai<\/p>\n<p>1\u3001Term\u00e9kspecifik\u00e1ci\u00f3: foly\u00e9kony t\u00edpus 50000, 200000u\/mL. Foly\u00e9kony enzim pH (25\u2103\u2103): 6,0-7,0, kapacit\u00e1s: \u22641,25g\/ml.<br \/>\n2, enzimaktivit\u00e1s meghat\u00e1roz\u00e1sa: PH7,0, 30 \u2103 k\u00f6r\u00fclm\u00e9nyek k\u00f6z\u00f6tt 1 perc boml\u00e1sa 1umol hidrog\u00e9n-peroxid enzim sz\u00fcks\u00e9ges az egys\u00e9gnyi aktivit\u00e1s meghat\u00e1roz\u00e1s\u00e1hoz, u \/ ml-ben kifejezve.<\/p>\n<p>Alkalmaz\u00e1si m\u00f3dszer<\/p>\n<p>1, a textiliparban az enzim elt\u00e1vol\u00edthatja a marad\u00e9k hidrog\u00e9n-peroxidot a feh\u00e9r\u00edt\u00e9s ut\u00e1n, hogy ler\u00f6vid\u00edtse a folyamatot, energiatakar\u00e9koss\u00e1got, v\u00edztakar\u00e9koss\u00e1got, cs\u00f6kkentse a k\u00f6rnyezetszennyez\u00e9st. Aj\u00e1nlott adagol\u00e1s 0,3-5mL \/ L (enzimaktivit\u00e1s 50000u \/ ml, ugyanaz az al\u00e1bbiakban), megfelel\u0151 reakci\u00f3k\u00f6r\u00fclm\u00e9nyek 10-30 percig.<br \/>\n2, \u00e9lelmiszer- \u00e9s friss tej tart\u00f3s\u00edt\u00f3 ipar, az enzimet a marad\u00e9k hidrog\u00e9n-peroxid elt\u00e1vol\u00edt\u00e1s\u00e1ra haszn\u00e1lj\u00e1k, az aj\u00e1nlott adagol\u00e1s 50-150mL \/ t friss nyersanyag, 30-45 \u2103 h\u0151konzerv\u00e1l\u00e1s 10-30 perc, ne \u00e1ll\u00edtsa be a pH-t.<br \/>\n3\u3001A s\u00f6rt\u00e1rol\u00e1s \u00e9s a n\u00e1trium-gl\u00fckon\u00e1t iparban az enzimet gl\u00fck\u00f3z-oxid\u00e1zzal egy\u00fctt kell haszn\u00e1lni a s\u00f6rben l\u00e9v\u0151 oxig\u00e9n elt\u00e1vol\u00edt\u00e1s\u00e1ra \u00e9s a gl\u00fck\u00f3z gl\u00fckonsavv\u00e1 alak\u00edt\u00e1s\u00e1ra. A s\u00f6riparban az enzim adagja 20-100ml\/t s\u00f6r, szobah\u0151m\u00e9rs\u00e9kleten t\u00e1rolva. A n\u00e1trium-gl\u00fckon\u00e1t iparban az enzim adagja 2000-6000mL\/t sz\u00e1razanyag, koncentr\u00e1ci\u00f3 30-35%, PH be\u00e1ll\u00edt\u00e1sa 5,5 vagy \u00edgy, 30-55 \u00b0 C-os \u00e1talakul\u00e1s k\u00f6r\u00fclbel\u00fcl 30 \u00f3ra.<br \/>\n4, cellul\u00f3z- \u00e9s pap\u00edripar, az enzimet a cellul\u00f3z feh\u00e9r\u00edt\u00e9se ut\u00e1n a marad\u00e9k hidrog\u00e9n-peroxid elt\u00e1vol\u00edt\u00e1s\u00e1ra haszn\u00e1lj\u00e1k. Aj\u00e1nlott adagol\u00e1s 100-300ml\/t abszol\u00fat sz\u00e1raz cellul\u00f3z, 40-60\u00b0C-os kezel\u00e9s kb. 30 percig, a pH be\u00e1ll\u00edt\u00e1sa n\u00e9lk\u00fcl.<\/p>\n<p>Csomagol\u00e1s \u00e9s t\u00e1rol\u00e1s<\/p>\n<p>M\u0171anyag hord\u00f3ba csomagolva, 25 kg\/dob. Ez a term\u00e9k biol\u00f3giailag akt\u00edv anyag, a magas h\u0151m\u00e9rs\u00e9klet, er\u0151s sav, er\u0151s l\u00fag enzim inaktiv\u00e1l\u00f3d\u00e1st okoz, ez\u00e9rt a sz\u00e1ll\u00edt\u00e1s \u00e9s t\u00e1rol\u00e1s sor\u00e1n a napf\u00e9nynek val\u00f3 kitetts\u00e9get ker\u00fclni kell. A rakt\u00e1rat tiszt\u00e1n, h\u0171v\u00f6sen \u00e9s sz\u00e1razon kell tartani.<\/p>\n<h2><strong>Egy\u00e9b n\u00e9v:<\/strong><\/h2>\n<p>Caperase;<\/p>\n<p>Equilase;<\/p>\n<p>Gombakatal\u00e1z;<\/p>\n<p>Optid\u00e1z;<\/p>\n<h2><strong><b>L\u00e9pjen kapcsolatba vel\u00fcnk most!<\/b><\/strong><\/h2>\n<h4><strong><b>Ha sz\u00fcks\u00e9ge van Price-ra, k\u00e9rj\u00fck, t\u00f6ltse ki el\u00e9rhet\u0151s\u00e9g\u00e9t az al\u00e1bbi \u0171rlapon, \u00e1ltal\u00e1ban 24 \u00f3r\u00e1n bel\u00fcl felvessz\u00fck \u00d6nnel a kapcsolatot. \u00d6n is k\u00fcldhet nekem e-mailt\u00a0<span style=\"color: #00ccff;\"><a style=\"color: #00ccff;\" href=\"mailto:info@longchangchemical.com\">info@longchangchemical.com<\/a><\/span>\u00a0munkaid\u0151ben ( 8:30-18:00 UTC+8 H.-Szombat ) vagy haszn\u00e1lja a weboldal \u00e9l\u0151 chatj\u00e9t, hogy azonnali v\u00e1laszt kapjon.<\/b><\/strong><\/h4>\n<table style=\"border-collapse: collapse; width: 326.27pt;\" border=\"0\" width=\"435\" cellspacing=\"0\" cellpadding=\"0\">\n<tbody>\n<tr style=\"height: 13.50pt;\">\n<td class=\"et2\" style=\"height: 13.50pt; width: 164.25pt;\" width=\"219\" height=\"18\"><a href=\"https:\/\/longchangchemical.com\/hu\/product\/compound-glucoamylase-cas-9032-08-0\/\"><span style=\"color: #00ccff;\">\u00d6sszet\u00e9tel Gl\u00fckoamil\u00e1z<\/span><\/a><\/td>\n<td class=\"et2\" style=\"width: 162.00pt;\" width=\"216\">9032-08-0<\/td>\n<\/tr>\n<tr style=\"height: 13.50pt;\">\n<td class=\"et2\" style=\"height: 13.50pt;\" height=\"18\"><a href=\"https:\/\/longchangchemical.com\/hu\/product\/pullulanase-cas-9075-68-7\/\"><span style=\"color: #00ccff;\">Pullulanase<\/span><\/a><\/td>\n<td class=\"et2\">9075-68-7<\/td>\n<\/tr>\n<tr style=\"height: 13.50pt;\">\n<td class=\"et2\" style=\"height: 13.50pt;\" height=\"18\"><a href=\"https:\/\/longchangchemical.com\/hu\/product\/xylanase-cas-37278-89-0\/\"><span style=\"color: #00ccff;\">Xilan\u00e1z<\/span><\/a><\/td>\n<td class=\"et2\">37278-89-0<\/td>\n<\/tr>\n<tr style=\"height: 13.50pt;\">\n<td class=\"et2\" style=\"height: 13.50pt;\" height=\"18\"><a href=\"https:\/\/longchangchemical.com\/hu\/product\/cellulase-cas-9012-54-8\/\"><span style=\"color: #00ccff;\">Cellul\u00e1z<\/span><\/a><\/td>\n<td class=\"et2\">9012-54-8<\/td>\n<\/tr>\n<tr style=\"height: 13.50pt;\">\n<td class=\"et2\" style=\"height: 13.50pt;\" height=\"18\"><a href=\"https:\/\/longchangchemical.com\/hu\/product\/naringinase-cas-9068-31-9\/\"><span style=\"color: #00ccff;\">Naringin\u00e1z<\/span><\/a><\/td>\n<td class=\"et2\">9068-31-9<\/td>\n<\/tr>\n<tr style=\"height: 13.50pt;\">\n<td class=\"et2\" style=\"height: 13.50pt;\" height=\"18\"><a href=\"https:\/\/longchangchemical.com\/hu\/product\/beta-amylase-cas-9000-91-3\/\"><span style=\"color: #00ccff;\">\u03b2-Amil\u00e1z<\/span><\/a><\/td>\n<td class=\"et2\">9000-91-3<\/td>\n<\/tr>\n<tr style=\"height: 13.50pt;\">\n<td class=\"et2\" style=\"height: 13.50pt;\" height=\"18\"><a href=\"https:\/\/longchangchemical.com\/hu\/product\/glucose-oxidase-cas-9001-37-0\/\"><span style=\"color: #00ccff;\">Gl\u00fck\u00f3z-oxid\u00e1z<\/span><\/a><\/td>\n<td class=\"et2\">9001-37-0<\/td>\n<\/tr>\n<tr style=\"height: 13.50pt;\">\n<td class=\"et2\" style=\"height: 13.50pt;\" height=\"18\">alfa-amil\u00e1z<\/td>\n<td class=\"et2\">9000-90-2<\/td>\n<\/tr>\n<tr style=\"height: 13.50pt;\">\n<td class=\"et2\" style=\"height: 13.50pt;\" height=\"18\"><a href=\"https:\/\/longchangchemical.com\/hu\/product\/longzyme-acid-pectinase-cas-9032-75-1\/\"><span style=\"color: #00ccff;\">Pektin\u00e1z<\/span><\/a><\/td>\n<td class=\"et2\">9032-75-1<\/td>\n<\/tr>\n<tr style=\"height: 13.50pt;\">\n<td class=\"et2\" style=\"height: 13.50pt;\" height=\"18\">Peroxid\u00e1z<\/td>\n<td class=\"et2\">9003-99-0<\/td>\n<\/tr>\n<tr style=\"height: 13.50pt;\">\n<td class=\"et2\" style=\"height: 13.50pt;\" height=\"18\"><a href=\"https:\/\/longchangchemical.com\/hu\/product\/lipase-cas-9001-62-1\/\"><span style=\"color: #00ccff;\">Lip\u00e1z<\/span><\/a><\/td>\n<td class=\"et2\">9001-62-1<\/td>\n<\/tr>\n<tr style=\"height: 13.50pt;\">\n<td class=\"et2\" style=\"height: 13.50pt;\" height=\"18\"><a href=\"https:\/\/longchangchemical.com\/hu\/product\/catalase-cas-9001-05-2\/\"><span style=\"color: #00ccff;\">Katal\u00e1z<\/span><\/a><\/td>\n<td class=\"et4\">9001-05-2<\/td>\n<\/tr>\n<tr style=\"height: 13.50pt;\">\n<td class=\"et2\" style=\"height: 13.50pt;\" height=\"18\"><a href=\"https:\/\/longchangchemical.com\/hu\/product\/tannase-cas-9025-71-2\/\"><span style=\"color: #00ccff;\">TANNASE<\/span><\/a><\/td>\n<td class=\"et2\">9025-71-2<\/td>\n<\/tr>\n<tr style=\"height: 13.50pt;\">\n<td class=\"et2\" style=\"height: 13.50pt;\" height=\"18\"><a href=\"https:\/\/longchangchemical.com\/hu\/product\/elastase-cas-39445-21-1\/\"><span style=\"color: #00ccff;\">Elaszt\u00e1z<\/span><\/a><\/td>\n<td class=\"et2\">39445-21-1<\/td>\n<\/tr>\n<tr style=\"height: 13.50pt;\">\n<td class=\"et2\" style=\"height: 13.50pt;\" height=\"18\"><a href=\"https:\/\/longchangchemical.com\/hu\/product\/urease-cas-9002-13-5\/\"><span style=\"color: #00ccff;\">Ure\u00e1z<\/span><\/a><\/td>\n<td class=\"et2\">9002-13-5<\/td>\n<\/tr>\n<tr style=\"height: 13.50pt;\">\n<td class=\"et2\" style=\"height: 13.50pt;\" height=\"18\"><a href=\"https:\/\/longchangchemical.com\/hu\/product\/dextranase-cas-9025-70-1\/\"><span style=\"color: #00ccff;\">DEXTRANASE<\/span><\/a><\/td>\n<td class=\"et2\">9025-70-1<\/td>\n<\/tr>\n<tr style=\"height: 13.50pt;\">\n<td class=\"et2\" style=\"height: 13.5pt; text-align: left;\" height=\"18\"><a href=\"https:\/\/longchangchemical.com\/hu\/product\/l-lactic-dehydrogenase-cas-9001-60-9\/\"><span style=\"color: #00ccff;\">L-laktil-dehidrogen\u00e1z<\/span><\/a><\/td>\n<td class=\"et2\">9001-60-9<\/td>\n<\/tr>\n<tr style=\"height: 13.50pt;\">\n<td class=\"et2\" style=\"height: 13.50pt;\" height=\"18\"><a href=\"https:\/\/longchangchemical.com\/hu\/product\/dehydrogenase-malate-cas-9001-64-3\/\"><span style=\"color: #00ccff;\">Dehidrogen\u00e1z mal\u00e1t<\/span><\/a><\/td>\n<td class=\"et2\">9001-64-3<\/td>\n<\/tr>\n<tr style=\"height: 13.50pt;\">\n<td class=\"et2\" style=\"height: 13.50pt;\" height=\"18\"><a href=\"https:\/\/longchangchemical.com\/hu\/product\/cholesterol-oxidase-cas-9028-76-6\/\"><span style=\"color: #00ccff;\">Koleszterin-oxid\u00e1z<\/span><\/a><\/td>\n<td class=\"et2\">9028-76-6<\/td>\n<\/tr>\n<\/tbody>\n<\/table>","protected":false},"excerpt":{"rendered":"<p>A katal\u00e1zt Aspergillus nigerb\u0151l, az Aspergillus niger kiv\u00e1l\u00f3 t\u00f6rzs\u00e9b\u0151l finom\u00edtj\u00e1k m\u00e9ly erjeszt\u00e9ssel. A textiliparban, s\u00f6rgy\u00e1rt\u00e1sban, n\u00e1trium-gl\u00fckon\u00e1t enzimben, cellul\u00f3z- \u00e9s pap\u00edrgy\u00e1rt\u00e1sban, \u00e9lelmiszer- \u00e9s tejfeldolgoz\u00e1sban \u00e9s m\u00e1s ipar\u00e1gakban haszn\u00e1lj\u00e1k a hidrog\u00e9n-peroxid elt\u00e1vol\u00edt\u00e1s\u00e1ra.<\/p>","protected":false},"featured_media":7372,"comment_status":"closed","ping_status":"closed","template":"","meta":[],"product_brand":[],"product_cat":[172],"product_tag":[],"class_list":{"0":"post-7309","1":"product","2":"type-product","3":"status-publish","4":"has-post-thumbnail","6":"product_cat-longzyme-enzyme","8":"first","9":"instock","10":"shipping-taxable","11":"product-type-simple"},"yoast_head":"<!-- This site is optimized with the Yoast SEO plugin v25.3.1 - https:\/\/yoast.com\/wordpress\/plugins\/seo\/ -->\n<title>Catalase CAS 9001-05-2 Enzyme | Longchang Chemical<\/title>\n<meta name=\"description\" content=\"Longzyme\u00ae Catalase CAS 9001-05-2 is a key product of Longchang Chemical. We provide the best price. We are the leading manufacturer in China with the best quality and competitive price. Other Name:Caperase;\u00a0Equilase;\u00a0Fungalcatalase;\u00a0Optidase;\u00a0\" \/>\n<meta name=\"robots\" content=\"index, follow, max-snippet:-1, max-image-preview:large, max-video-preview:-1\" \/>\n<link rel=\"canonical\" href=\"https:\/\/longchangchemical.com\/hu\/product\/catalase-cas-9001-05-2\/\" \/>\n<meta property=\"og:locale\" content=\"hu_HU\" \/>\n<meta property=\"og:type\" content=\"article\" \/>\n<meta property=\"og:title\" content=\"Catalase CAS 9001-05-2 Enzyme | Longchang Chemical\" \/>\n<meta property=\"og:description\" content=\"Longzyme\u00ae Catalase CAS 9001-05-2 is a key product of Longchang Chemical. We provide the best price. We are the leading manufacturer in China with the best quality and competitive price. Other Name:Caperase;\u00a0Equilase;\u00a0Fungalcatalase;\u00a0Optidase;\u00a0\" \/>\n<meta property=\"og:url\" content=\"https:\/\/longchangchemical.com\/hu\/product\/catalase-cas-9001-05-2\/\" \/>\n<meta property=\"og:site_name\" content=\"Longchang Chemical\" \/>\n<meta property=\"article:modified_time\" content=\"2026-05-08T03:00:07+00:00\" \/>\n<meta property=\"og:image\" content=\"https:\/\/longchangchemical.com\/wp-content\/uploads\/2024\/09\/Catalase-CAS-9001-05-2.jpg\" \/>\n\t<meta property=\"og:image:width\" content=\"400\" \/>\n\t<meta property=\"og:image:height\" content=\"400\" \/>\n\t<meta property=\"og:image:type\" content=\"image\/jpeg\" \/>\n<meta name=\"twitter:card\" content=\"summary_large_image\" \/>\n<script type=\"application\/ld+json\" class=\"yoast-schema-graph\">{\"@context\":\"https:\/\/schema.org\",\"@graph\":[{\"@type\":\"WebPage\",\"@id\":\"https:\/\/longchangchemical.com\/product\/catalase-cas-9001-05-2\/\",\"url\":\"https:\/\/longchangchemical.com\/product\/catalase-cas-9001-05-2\/\",\"name\":\"Catalase CAS 9001-05-2 Enzyme | Longchang Chemical\",\"isPartOf\":{\"@id\":\"https:\/\/longchangchemical.com\/#website\"},\"primaryImageOfPage\":{\"@id\":\"https:\/\/longchangchemical.com\/product\/catalase-cas-9001-05-2\/#primaryimage\"},\"image\":{\"@id\":\"https:\/\/longchangchemical.com\/product\/catalase-cas-9001-05-2\/#primaryimage\"},\"thumbnailUrl\":\"https:\/\/longchangchemical.com\/wp-content\/uploads\/2024\/09\/Catalase-CAS-9001-05-2.jpg\",\"datePublished\":\"2024-09-04T09:21:19+00:00\",\"dateModified\":\"2026-05-08T03:00:07+00:00\",\"description\":\"Longzyme\u00ae Catalase CAS 9001-05-2 is a key product of Longchang Chemical. We provide the best price. We are the leading manufacturer in China with the best quality and competitive price. Other Name:Caperase;\u00a0Equilase;\u00a0Fungalcatalase;\u00a0Optidase;\u00a0\",\"breadcrumb\":{\"@id\":\"https:\/\/longchangchemical.com\/product\/catalase-cas-9001-05-2\/#breadcrumb\"},\"inLanguage\":\"hu\",\"potentialAction\":[{\"@type\":\"ReadAction\",\"target\":[\"https:\/\/longchangchemical.com\/product\/catalase-cas-9001-05-2\/\"]}]},{\"@type\":\"ImageObject\",\"inLanguage\":\"hu\",\"@id\":\"https:\/\/longchangchemical.com\/product\/catalase-cas-9001-05-2\/#primaryimage\",\"url\":\"https:\/\/longchangchemical.com\/wp-content\/uploads\/2024\/09\/Catalase-CAS-9001-05-2.jpg\",\"contentUrl\":\"https:\/\/longchangchemical.com\/wp-content\/uploads\/2024\/09\/Catalase-CAS-9001-05-2.jpg\",\"width\":400,\"height\":400,\"caption\":\"Catalase CAS 9001-05-2\"},{\"@type\":\"BreadcrumbList\",\"@id\":\"https:\/\/longchangchemical.com\/product\/catalase-cas-9001-05-2\/#breadcrumb\",\"itemListElement\":[{\"@type\":\"ListItem\",\"position\":1,\"name\":\"Home\",\"item\":\"https:\/\/longchangchemical.com\/\"},{\"@type\":\"ListItem\",\"position\":2,\"name\":\"Products Longchang\",\"item\":\"https:\/\/longchangchemical.com\/product\/\"},{\"@type\":\"ListItem\",\"position\":3,\"name\":\"Longzyme\u00ae Catalase CAS 9001-05-2\"}]},{\"@type\":\"WebSite\",\"@id\":\"https:\/\/longchangchemical.com\/#website\",\"url\":\"https:\/\/longchangchemical.com\/\",\"name\":\"Longchang Chemical\",\"description\":\"China chemical manufacturer \uff06 supplier\",\"publisher\":{\"@id\":\"https:\/\/longchangchemical.com\/#organization\"},\"potentialAction\":[{\"@type\":\"SearchAction\",\"target\":{\"@type\":\"EntryPoint\",\"urlTemplate\":\"https:\/\/longchangchemical.com\/?s={search_term_string}\"},\"query-input\":{\"@type\":\"PropertyValueSpecification\",\"valueRequired\":true,\"valueName\":\"search_term_string\"}}],\"inLanguage\":\"hu\"},{\"@type\":\"Organization\",\"@id\":\"https:\/\/longchangchemical.com\/#organization\",\"name\":\"Longchang Chemical\",\"url\":\"https:\/\/longchangchemical.com\/\",\"logo\":{\"@type\":\"ImageObject\",\"inLanguage\":\"hu\",\"@id\":\"https:\/\/longchangchemical.com\/#\/schema\/logo\/image\/\",\"url\":\"https:\/\/longchangchemical.com\/wp-content\/uploads\/2020\/08\/cropped-longchang-logo.png\",\"contentUrl\":\"https:\/\/longchangchemical.com\/wp-content\/uploads\/2020\/08\/cropped-longchang-logo.png\",\"width\":512,\"height\":512,\"caption\":\"Longchang Chemical\"},\"image\":{\"@id\":\"https:\/\/longchangchemical.com\/#\/schema\/logo\/image\/\"}}]}<\/script>\n<!-- \/ Yoast SEO plugin. -->","yoast_head_json":{"title":"Catalase CAS 9001-05-2 Enzyme | Longchang Chemical","description":"A Longzyme\u00ae Catalase CAS 9001-05-2 a Longchang Chemical egyik legfontosabb term\u00e9ke. A legjobb \u00e1rat biztos\u00edtjuk. Mi vagyunk a vezet\u0151 gy\u00e1rt\u00f3 K\u00edn\u00e1ban a legjobb min\u0151s\u00e9ggel \u00e9s versenyk\u00e9pes \u00e1rral. M\u00e1s n\u00e9v: Caper\u00e1z; Equil\u00e1z; Gombakatal\u00e1z; Optid\u00e1z;\u00a0","robots":{"index":"index","follow":"follow","max-snippet":"max-snippet:-1","max-image-preview":"max-image-preview:large","max-video-preview":"max-video-preview:-1"},"canonical":"https:\/\/longchangchemical.com\/hu\/product\/catalase-cas-9001-05-2\/","og_locale":"hu_HU","og_type":"article","og_title":"Catalase CAS 9001-05-2 Enzyme | Longchang Chemical","og_description":"Longzyme\u00ae Catalase CAS 9001-05-2 is a key product of Longchang Chemical. We provide the best price. We are the leading manufacturer in China with the best quality and competitive price. Other Name:Caperase;\u00a0Equilase;\u00a0Fungalcatalase;\u00a0Optidase;\u00a0","og_url":"https:\/\/longchangchemical.com\/hu\/product\/catalase-cas-9001-05-2\/","og_site_name":"Longchang Chemical","article_modified_time":"2026-05-08T03:00:07+00:00","og_image":[{"width":400,"height":400,"url":"https:\/\/longchangchemical.com\/wp-content\/uploads\/2024\/09\/Catalase-CAS-9001-05-2.jpg","type":"image\/jpeg"}],"twitter_card":"summary_large_image","schema":{"@context":"https:\/\/schema.org","@graph":[{"@type":"WebPage","@id":"https:\/\/longchangchemical.com\/product\/catalase-cas-9001-05-2\/","url":"https:\/\/longchangchemical.com\/product\/catalase-cas-9001-05-2\/","name":"Catalase CAS 9001-05-2 Enzyme | Longchang Chemical","isPartOf":{"@id":"https:\/\/longchangchemical.com\/#website"},"primaryImageOfPage":{"@id":"https:\/\/longchangchemical.com\/product\/catalase-cas-9001-05-2\/#primaryimage"},"image":{"@id":"https:\/\/longchangchemical.com\/product\/catalase-cas-9001-05-2\/#primaryimage"},"thumbnailUrl":"https:\/\/longchangchemical.com\/wp-content\/uploads\/2024\/09\/Catalase-CAS-9001-05-2.jpg","datePublished":"2024-09-04T09:21:19+00:00","dateModified":"2026-05-08T03:00:07+00:00","description":"A Longzyme\u00ae Catalase CAS 9001-05-2 a Longchang Chemical egyik legfontosabb term\u00e9ke. A legjobb \u00e1rat biztos\u00edtjuk. Mi vagyunk a vezet\u0151 gy\u00e1rt\u00f3 K\u00edn\u00e1ban a legjobb min\u0151s\u00e9ggel \u00e9s versenyk\u00e9pes \u00e1rral. M\u00e1s n\u00e9v: Caper\u00e1z; Equil\u00e1z; Gombakatal\u00e1z; Optid\u00e1z;\u00a0","breadcrumb":{"@id":"https:\/\/longchangchemical.com\/product\/catalase-cas-9001-05-2\/#breadcrumb"},"inLanguage":"hu","potentialAction":[{"@type":"ReadAction","target":["https:\/\/longchangchemical.com\/product\/catalase-cas-9001-05-2\/"]}]},{"@type":"ImageObject","inLanguage":"hu","@id":"https:\/\/longchangchemical.com\/product\/catalase-cas-9001-05-2\/#primaryimage","url":"https:\/\/longchangchemical.com\/wp-content\/uploads\/2024\/09\/Catalase-CAS-9001-05-2.jpg","contentUrl":"https:\/\/longchangchemical.com\/wp-content\/uploads\/2024\/09\/Catalase-CAS-9001-05-2.jpg","width":400,"height":400,"caption":"Catalase CAS 9001-05-2"},{"@type":"BreadcrumbList","@id":"https:\/\/longchangchemical.com\/product\/catalase-cas-9001-05-2\/#breadcrumb","itemListElement":[{"@type":"ListItem","position":1,"name":"Home","item":"https:\/\/longchangchemical.com\/"},{"@type":"ListItem","position":2,"name":"Products Longchang","item":"https:\/\/longchangchemical.com\/product\/"},{"@type":"ListItem","position":3,"name":"Longzyme\u00ae Catalase CAS 9001-05-2"}]},{"@type":"WebSite","@id":"https:\/\/longchangchemical.com\/#website","url":"https:\/\/longchangchemical.com\/","name":"Longchang Chemical","description":"K\u00edna k\u00e9miai gy\u00e1rt\u00f3 \uff06 sz\u00e1ll\u00edt\u00f3","publisher":{"@id":"https:\/\/longchangchemical.com\/#organization"},"potentialAction":[{"@type":"SearchAction","target":{"@type":"EntryPoint","urlTemplate":"https:\/\/longchangchemical.com\/?s={search_term_string}"},"query-input":{"@type":"PropertyValueSpecification","valueRequired":true,"valueName":"search_term_string"}}],"inLanguage":"hu"},{"@type":"Organization","@id":"https:\/\/longchangchemical.com\/#organization","name":"Longchang Chemical","url":"https:\/\/longchangchemical.com\/","logo":{"@type":"ImageObject","inLanguage":"hu","@id":"https:\/\/longchangchemical.com\/#\/schema\/logo\/image\/","url":"https:\/\/longchangchemical.com\/wp-content\/uploads\/2020\/08\/cropped-longchang-logo.png","contentUrl":"https:\/\/longchangchemical.com\/wp-content\/uploads\/2020\/08\/cropped-longchang-logo.png","width":512,"height":512,"caption":"Longchang Chemical"},"image":{"@id":"https:\/\/longchangchemical.com\/#\/schema\/logo\/image\/"}}]}},"_links":{"self":[{"href":"https:\/\/longchangchemical.com\/hu\/wp-json\/wp\/v2\/product\/7309","targetHints":{"allow":["GET"]}}],"collection":[{"href":"https:\/\/longchangchemical.com\/hu\/wp-json\/wp\/v2\/product"}],"about":[{"href":"https:\/\/longchangchemical.com\/hu\/wp-json\/wp\/v2\/types\/product"}],"replies":[{"embeddable":true,"href":"https:\/\/longchangchemical.com\/hu\/wp-json\/wp\/v2\/comments?post=7309"}],"wp:featuredmedia":[{"embeddable":true,"href":"https:\/\/longchangchemical.com\/hu\/wp-json\/wp\/v2\/media\/7372"}],"wp:attachment":[{"href":"https:\/\/longchangchemical.com\/hu\/wp-json\/wp\/v2\/media?parent=7309"}],"wp:term":[{"taxonomy":"product_brand","embeddable":true,"href":"https:\/\/longchangchemical.com\/hu\/wp-json\/wp\/v2\/product_brand?post=7309"},{"taxonomy":"product_cat","embeddable":true,"href":"https:\/\/longchangchemical.com\/hu\/wp-json\/wp\/v2\/product_cat?post=7309"},{"taxonomy":"product_tag","embeddable":true,"href":"https:\/\/longchangchemical.com\/hu\/wp-json\/wp\/v2\/product_tag?post=7309"}],"curies":[{"name":"wp","href":"https:\/\/api.w.org\/{rel}","templated":true}]}}