{"id":6963,"date":"2024-05-22T05:42:08","date_gmt":"2024-05-22T05:42:08","guid":{"rendered":"https:\/\/longchangchemical.com\/?post_type=product&#038;p=6963"},"modified":"2026-05-08T03:00:06","modified_gmt":"2026-05-08T03:00:06","slug":"yeast-extract-cas-8013-01-2","status":"publish","type":"product","link":"https:\/\/longchangchemical.com\/hu\/product\/yeast-extract-cas-8013-01-2\/","title":{"rendered":"\u00c9leszt\u0151 kivonat CAS 8013-01-2"},"content":{"rendered":"<div class=\"col-md-6\">\n<h2><strong>\u00c9leszt\u0151 kivonat CAS 8013-01-2<\/strong><\/h2>\n<p>Az \u00e9leszt\u0151kivonatot magas feh\u00e9rjetartalm\u00fa p\u00e9k\u00e9leszt\u0151b\u0151l vagy s\u00f6r\u00e9leszt\u0151b\u0151l mint nyersanyagb\u00f3l \u00e1ll\u00edtj\u00e1k el\u0151, \u00e9s autol\u00edzissel, enzimolizissel, koncentr\u00e1l\u00e1ssal, sz\u00e1r\u00edt\u00e1ssal \u00e9s m\u00e1s elj\u00e1r\u00e1sokkal \u00e1ll\u00edtj\u00e1k el\u0151, amely feh\u00e9rj\u00e9ben, aminosavakban, peptidekben, peptidekben, nukleinsavakban, vitaminokban \u00e9s nyomelemekben gazdag. A bio-k\u00f6zepes term\u00e9kek \u00f6sszetev\u0151i.<br \/>\nA lcnacure\u00aeYeast kivonat t\u00e1panyagokban gazdag, \u00e9s sz\u00e9les k\u00f6rben haszn\u00e1lj\u00e1k a mikrobiol\u00f3giai kult\u00faraiparban, \u00e9s n\u00e9h\u00e1ny specifik\u00e1ci\u00f3t az \u00e9lelmiszeriparban is haszn\u00e1lnak, p\u00e9ld\u00e1ul a n\u00f6v\u00e9nyi alap\u00fa h\u00fasban.<\/p>\n<ul>\n<li>Ultrasz\u0171r\u00e9si\/mikrosz\u0171r\u00e9si fokozat:\u00a0<strong>FM888, FM808, FM818, FM828, FM808, FM808<\/strong><\/li>\n<li>Standard kateg\u00f3ria:\u00a0<strong>FM902, FM860, LM800, YA801 (autoliz\u00e1lt \u00e9leszt\u0151), LD00, FM905<\/strong><\/li>\n<li>\u00c9lelmiszeripar (nem \u00e1llati eredet\u0171):\u00a0<strong>KU012, SA524, VKA246<\/strong><\/li>\n<li>T\u00e1panyagd\u00fas\u00edt\u00e1si kateg\u00f3ria:\u00a0<strong>FM803, LM802, FM505, LM505<\/strong><\/li>\n<li>\u00c9leszt\u0151kivonat sz\u00e1raz por:\u00a0<strong>YI01, YI02<\/strong><\/li>\n<li>\u00c9leszt\u0151kivonat sejtkult\u00far\u00e1hoz:<strong>\u00a0CM01, CM02<\/strong><\/li>\n<\/ul>\n<table width=\"521\">\n<tbody>\n<tr>\n<td width=\"199\">T\u00e9telek<\/td>\n<td width=\"322\">M\u0171szaki adatok<\/td>\n<\/tr>\n<tr>\n<td width=\"199\">Megjelen\u00e9s<\/td>\n<td width=\"322\">S\u00e1rga, k\u00fcl\u00f6nleges \u00edz\u0171 por, nincs<\/p>\n<p>idegen szag \u00e9s l\u00e1that\u00f3 szennyez\u0151d\u00e9s<\/td>\n<\/tr>\n<tr>\n<td width=\"199\">PH(8% oldat)<\/td>\n<td width=\"322\">4.5-8<\/td>\n<\/tr>\n<tr>\n<td width=\"199\">Sz\u00e1razanyag (DM), %<\/td>\n<td width=\"322\">\u226594.0<\/td>\n<\/tr>\n<tr>\n<td width=\"199\">\u00d6sszes nitrog\u00e9n\/(DM-NaCl), %<\/td>\n<td width=\"322\">\u22659.0<\/td>\n<\/tr>\n<tr>\n<td width=\"199\">N\u00e1trium-klorid, %<\/td>\n<td width=\"322\">\u22641.0<\/td>\n<\/tr>\n<tr>\n<td width=\"199\">Aerob bakt\u00e9riumsz\u00e1m, cfu\/g<\/td>\n<td width=\"322\">\u22645000<\/td>\n<\/tr>\n<tr>\n<td width=\"199\">Koliformok, cfu\/g<\/td>\n<td width=\"322\">\u226430<\/td>\n<\/tr>\n<tr>\n<td width=\"199\">Clostridium perfringens, cfu\/g<\/td>\n<td width=\"322\">\u226410<\/td>\n<\/tr>\n<tr>\n<td width=\"199\">\u00c9leszt\u0151k, cfu\/g<\/td>\n<td width=\"322\">&lt;50<\/td>\n<\/tr>\n<tr>\n<td width=\"199\">Pen\u00e9szgomb\u00e1k, cfu\/g<\/td>\n<td width=\"322\">\u226450<\/td>\n<\/tr>\n<tr>\n<td width=\"199\">Szalmonella, \/25g<\/td>\n<td width=\"322\">T\u00e1voll\u00e9t<\/td>\n<\/tr>\n<tr>\n<td width=\"199\">Escherichia coli, \/25g<\/td>\n<td width=\"322\">T\u00e1voll\u00e9t<\/td>\n<\/tr>\n<tr>\n<td width=\"199\">Staphylococcus aureus, \/25g<\/td>\n<td width=\"322\">T\u00e1voll\u00e9t<\/td>\n<\/tr>\n<\/tbody>\n<\/table>\n<p><strong>\u00a0<\/strong><\/p>\n<p><strong>\u00c9leszt\u0151kivonat funkci\u00f3:<\/strong><\/p>\n<ol>\n<li>Az \u00e9lelmiszeriparban f\u0171szerek, t\u00e1pl\u00e1l\u00e9kkieg\u00e9sz\u00edt\u0151k, s\u0171r\u00edt\u0151anyagok stb. el\u0151\u00e1ll\u00edt\u00e1s\u00e1ra haszn\u00e1lj\u00e1k.<\/li>\n<li>A mikrobi\u00e1lis ter\u00fcleten haszn\u00e1lt k\u00f6zegkomponensek.<\/li>\n<li>Antibiotikumok el\u0151\u00e1ll\u00edt\u00e1s\u00e1ra szolg\u00e1l\u00f3 nyersanyagok az orvostudom\u00e1ny ter\u00fclet\u00e9n<\/li>\n<\/ol>\n<p><strong>\u00c9leszt\u0151kivonat Csomagol\u00e1s \u00e9s sz\u00e1ll\u00edt\u00e1s:<\/strong><\/p>\n<p>Csomagol\u00e1s: 20 kg-os zs\u00e1k.<\/p>\n<p>Sz\u00e1ll\u00edt\u00e1s: 5-7 munkanapon bel\u00fcl.<\/p>\n<p><strong>\u00a0<\/strong><\/p>\n<p><strong>\u00c9leszt\u0151kivonat t\u00e1rol\u00e1sa:<\/strong><\/p>\n<p>K\u00f6zvetlen napf\u00e9nyt\u0151l v\u00e9dett, h\u0171v\u00f6s, sz\u00e1raz helyen t\u00e1rolva.<\/p>\n<\/div>\n<div class=\"col-md-6\">\n<h2><strong><b>L\u00e9pjen kapcsolatba vel\u00fcnk most!<\/b><\/strong><\/h2>\n<h4><strong><b>Egyedi szolg\u00e1ltat\u00e1sokat ny\u00fajtunk, \u00e1ltal\u00e1ban 24 \u00f3r\u00e1n bel\u00fcl felvessz\u00fck \u00d6nnel a kapcsolatot. \u00d6n is k\u00fcldhet nekem e-mailt <span style=\"color: #00ccff;\"><a style=\"color: #00ccff;\" href=\"mailto:info@longchangchemical.com\">info@longchangchemical.com<\/a><\/span> munkaid\u0151ben ( 8:30-18:00 UTC+8 H.-Szombat ) vagy haszn\u00e1lja a weboldal \u00e9l\u0151 chatj\u00e9t, hogy azonnali v\u00e1laszt kapjon.<\/b><\/strong><\/h4>\n<\/div>","protected":false},"excerpt":{"rendered":"<p>Egy\u00e9b n\u00e9v: \u00c9leszt\u0151kivonat por;\u00c9leszt\u0151kivonat erjeszt\u00e9s<\/p>\n<p>CAS-sz\u00e1m: 8013-01-2<\/p>\n<p>Alkalmaz\u00e1s: Mikrobi\u00e1lis t\u00e1ptalaj; \u00e9lelmiszeripar<\/p>\n<p>Csomag: 20kg\/zs\u00e1k<\/p>","protected":false},"featured_media":6964,"comment_status":"closed","ping_status":"closed","template":"","meta":[],"product_brand":[],"product_cat":[15],"product_tag":[],"class_list":{"0":"post-6963","1":"product","2":"type-product","3":"status-publish","4":"has-post-thumbnail","6":"product_cat-food-additives","8":"first","9":"instock","10":"shipping-taxable","11":"product-type-simple"},"yoast_head":"<!-- This site is optimized with the Yoast SEO plugin v25.3.1 - https:\/\/yoast.com\/wordpress\/plugins\/seo\/ -->\n<title>China Yeast Extract CAS 8013-01-2 Manufacturer - Longchang Chemical<\/title>\n<meta name=\"description\" content=\"Yeast Extract CAS 8013-01-2 is key product of LongChang Chemical. We provide best price. We are the leading manufacturer in China with the best quanlity and competitive price.\" \/>\n<meta name=\"robots\" content=\"index, follow, max-snippet:-1, max-image-preview:large, max-video-preview:-1\" \/>\n<link rel=\"canonical\" href=\"https:\/\/longchangchemical.com\/hu\/product\/yeast-extract-cas-8013-01-2\/\" \/>\n<meta property=\"og:locale\" content=\"hu_HU\" \/>\n<meta property=\"og:type\" content=\"article\" \/>\n<meta property=\"og:title\" content=\"China Yeast Extract CAS 8013-01-2 Manufacturer - Longchang Chemical\" \/>\n<meta property=\"og:description\" content=\"Yeast Extract CAS 8013-01-2 is key product of LongChang Chemical. We provide best price. We are the leading manufacturer in China with the best quanlity and competitive price.\" \/>\n<meta property=\"og:url\" content=\"https:\/\/longchangchemical.com\/hu\/product\/yeast-extract-cas-8013-01-2\/\" \/>\n<meta property=\"og:site_name\" content=\"Longchang Chemical\" \/>\n<meta property=\"article:modified_time\" content=\"2026-05-08T03:00:06+00:00\" \/>\n<meta property=\"og:image\" content=\"https:\/\/longchangchemical.com\/wp-content\/uploads\/2024\/05\/Yeast-Extracts-manufacturer.jpg\" \/>\n\t<meta property=\"og:image:width\" content=\"800\" \/>\n\t<meta property=\"og:image:height\" content=\"800\" \/>\n\t<meta property=\"og:image:type\" content=\"image\/jpeg\" \/>\n<meta name=\"twitter:card\" content=\"summary_large_image\" \/>\n<script type=\"application\/ld+json\" class=\"yoast-schema-graph\">{\"@context\":\"https:\/\/schema.org\",\"@graph\":[{\"@type\":\"WebPage\",\"@id\":\"https:\/\/longchangchemical.com\/product\/yeast-extract-cas-8013-01-2\/\",\"url\":\"https:\/\/longchangchemical.com\/product\/yeast-extract-cas-8013-01-2\/\",\"name\":\"China Yeast Extract CAS 8013-01-2 Manufacturer - Longchang Chemical\",\"isPartOf\":{\"@id\":\"https:\/\/longchangchemical.com\/#website\"},\"primaryImageOfPage\":{\"@id\":\"https:\/\/longchangchemical.com\/product\/yeast-extract-cas-8013-01-2\/#primaryimage\"},\"image\":{\"@id\":\"https:\/\/longchangchemical.com\/product\/yeast-extract-cas-8013-01-2\/#primaryimage\"},\"thumbnailUrl\":\"https:\/\/longchangchemical.com\/wp-content\/uploads\/2024\/05\/Yeast-Extracts-manufacturer.jpg\",\"datePublished\":\"2024-05-22T05:42:08+00:00\",\"dateModified\":\"2026-05-08T03:00:06+00:00\",\"description\":\"Yeast Extract CAS 8013-01-2 is key product of LongChang Chemical. We provide best price. We are the leading manufacturer in China with the best quanlity and competitive price.\",\"breadcrumb\":{\"@id\":\"https:\/\/longchangchemical.com\/product\/yeast-extract-cas-8013-01-2\/#breadcrumb\"},\"inLanguage\":\"hu\",\"potentialAction\":[{\"@type\":\"ReadAction\",\"target\":[\"https:\/\/longchangchemical.com\/product\/yeast-extract-cas-8013-01-2\/\"]}]},{\"@type\":\"ImageObject\",\"inLanguage\":\"hu\",\"@id\":\"https:\/\/longchangchemical.com\/product\/yeast-extract-cas-8013-01-2\/#primaryimage\",\"url\":\"https:\/\/longchangchemical.com\/wp-content\/uploads\/2024\/05\/Yeast-Extracts-manufacturer.jpg\",\"contentUrl\":\"https:\/\/longchangchemical.com\/wp-content\/uploads\/2024\/05\/Yeast-Extracts-manufacturer.jpg\",\"width\":800,\"height\":800,\"caption\":\"Yeast Extracts manufacturer\"},{\"@type\":\"BreadcrumbList\",\"@id\":\"https:\/\/longchangchemical.com\/product\/yeast-extract-cas-8013-01-2\/#breadcrumb\",\"itemListElement\":[{\"@type\":\"ListItem\",\"position\":1,\"name\":\"Home\",\"item\":\"https:\/\/longchangchemical.com\/\"},{\"@type\":\"ListItem\",\"position\":2,\"name\":\"Products Longchang\",\"item\":\"https:\/\/longchangchemical.com\/product\/\"},{\"@type\":\"ListItem\",\"position\":3,\"name\":\"Yeast Extract CAS 8013-01-2\"}]},{\"@type\":\"WebSite\",\"@id\":\"https:\/\/longchangchemical.com\/#website\",\"url\":\"https:\/\/longchangchemical.com\/\",\"name\":\"Longchang Chemical\",\"description\":\"China chemical manufacturer \uff06 supplier\",\"publisher\":{\"@id\":\"https:\/\/longchangchemical.com\/#organization\"},\"potentialAction\":[{\"@type\":\"SearchAction\",\"target\":{\"@type\":\"EntryPoint\",\"urlTemplate\":\"https:\/\/longchangchemical.com\/?s={search_term_string}\"},\"query-input\":{\"@type\":\"PropertyValueSpecification\",\"valueRequired\":true,\"valueName\":\"search_term_string\"}}],\"inLanguage\":\"hu\"},{\"@type\":\"Organization\",\"@id\":\"https:\/\/longchangchemical.com\/#organization\",\"name\":\"Longchang Chemical\",\"url\":\"https:\/\/longchangchemical.com\/\",\"logo\":{\"@type\":\"ImageObject\",\"inLanguage\":\"hu\",\"@id\":\"https:\/\/longchangchemical.com\/#\/schema\/logo\/image\/\",\"url\":\"https:\/\/longchangchemical.com\/wp-content\/uploads\/2020\/08\/cropped-longchang-logo.png\",\"contentUrl\":\"https:\/\/longchangchemical.com\/wp-content\/uploads\/2020\/08\/cropped-longchang-logo.png\",\"width\":512,\"height\":512,\"caption\":\"Longchang Chemical\"},\"image\":{\"@id\":\"https:\/\/longchangchemical.com\/#\/schema\/logo\/image\/\"}}]}<\/script>\n<!-- \/ Yoast SEO plugin. -->","yoast_head_json":{"title":"K\u00edna \u00e9leszt\u0151 kivonat CAS 8013-01-2 gy\u00e1rt\u00f3 - Longchang Chemical","description":"Az \u00e9leszt\u0151 kivonat CAS 8013-01-2 a LongChang Chemical kulcsfontoss\u00e1g\u00fa term\u00e9ke. A legjobb \u00e1rat biztos\u00edtjuk. Mi vagyunk a vezet\u0151 gy\u00e1rt\u00f3 K\u00edn\u00e1ban a legjobb min\u0151s\u00e9ggel \u00e9s versenyk\u00e9pes \u00e1rral.","robots":{"index":"index","follow":"follow","max-snippet":"max-snippet:-1","max-image-preview":"max-image-preview:large","max-video-preview":"max-video-preview:-1"},"canonical":"https:\/\/longchangchemical.com\/hu\/product\/yeast-extract-cas-8013-01-2\/","og_locale":"hu_HU","og_type":"article","og_title":"China Yeast Extract CAS 8013-01-2 Manufacturer - Longchang Chemical","og_description":"Yeast Extract CAS 8013-01-2 is key product of LongChang Chemical. We provide best price. We are the leading manufacturer in China with the best quanlity and competitive price.","og_url":"https:\/\/longchangchemical.com\/hu\/product\/yeast-extract-cas-8013-01-2\/","og_site_name":"Longchang Chemical","article_modified_time":"2026-05-08T03:00:06+00:00","og_image":[{"width":800,"height":800,"url":"https:\/\/longchangchemical.com\/wp-content\/uploads\/2024\/05\/Yeast-Extracts-manufacturer.jpg","type":"image\/jpeg"}],"twitter_card":"summary_large_image","schema":{"@context":"https:\/\/schema.org","@graph":[{"@type":"WebPage","@id":"https:\/\/longchangchemical.com\/product\/yeast-extract-cas-8013-01-2\/","url":"https:\/\/longchangchemical.com\/product\/yeast-extract-cas-8013-01-2\/","name":"K\u00edna \u00e9leszt\u0151 kivonat CAS 8013-01-2 gy\u00e1rt\u00f3 - Longchang Chemical","isPartOf":{"@id":"https:\/\/longchangchemical.com\/#website"},"primaryImageOfPage":{"@id":"https:\/\/longchangchemical.com\/product\/yeast-extract-cas-8013-01-2\/#primaryimage"},"image":{"@id":"https:\/\/longchangchemical.com\/product\/yeast-extract-cas-8013-01-2\/#primaryimage"},"thumbnailUrl":"https:\/\/longchangchemical.com\/wp-content\/uploads\/2024\/05\/Yeast-Extracts-manufacturer.jpg","datePublished":"2024-05-22T05:42:08+00:00","dateModified":"2026-05-08T03:00:06+00:00","description":"Az \u00e9leszt\u0151 kivonat CAS 8013-01-2 a LongChang Chemical kulcsfontoss\u00e1g\u00fa term\u00e9ke. A legjobb \u00e1rat biztos\u00edtjuk. Mi vagyunk a vezet\u0151 gy\u00e1rt\u00f3 K\u00edn\u00e1ban a legjobb min\u0151s\u00e9ggel \u00e9s versenyk\u00e9pes \u00e1rral.","breadcrumb":{"@id":"https:\/\/longchangchemical.com\/product\/yeast-extract-cas-8013-01-2\/#breadcrumb"},"inLanguage":"hu","potentialAction":[{"@type":"ReadAction","target":["https:\/\/longchangchemical.com\/product\/yeast-extract-cas-8013-01-2\/"]}]},{"@type":"ImageObject","inLanguage":"hu","@id":"https:\/\/longchangchemical.com\/product\/yeast-extract-cas-8013-01-2\/#primaryimage","url":"https:\/\/longchangchemical.com\/wp-content\/uploads\/2024\/05\/Yeast-Extracts-manufacturer.jpg","contentUrl":"https:\/\/longchangchemical.com\/wp-content\/uploads\/2024\/05\/Yeast-Extracts-manufacturer.jpg","width":800,"height":800,"caption":"Yeast Extracts manufacturer"},{"@type":"BreadcrumbList","@id":"https:\/\/longchangchemical.com\/product\/yeast-extract-cas-8013-01-2\/#breadcrumb","itemListElement":[{"@type":"ListItem","position":1,"name":"Home","item":"https:\/\/longchangchemical.com\/"},{"@type":"ListItem","position":2,"name":"Products Longchang","item":"https:\/\/longchangchemical.com\/product\/"},{"@type":"ListItem","position":3,"name":"Yeast Extract CAS 8013-01-2"}]},{"@type":"WebSite","@id":"https:\/\/longchangchemical.com\/#website","url":"https:\/\/longchangchemical.com\/","name":"Longchang Chemical","description":"K\u00edna k\u00e9miai gy\u00e1rt\u00f3 \uff06 sz\u00e1ll\u00edt\u00f3","publisher":{"@id":"https:\/\/longchangchemical.com\/#organization"},"potentialAction":[{"@type":"SearchAction","target":{"@type":"EntryPoint","urlTemplate":"https:\/\/longchangchemical.com\/?s={search_term_string}"},"query-input":{"@type":"PropertyValueSpecification","valueRequired":true,"valueName":"search_term_string"}}],"inLanguage":"hu"},{"@type":"Organization","@id":"https:\/\/longchangchemical.com\/#organization","name":"Longchang Chemical","url":"https:\/\/longchangchemical.com\/","logo":{"@type":"ImageObject","inLanguage":"hu","@id":"https:\/\/longchangchemical.com\/#\/schema\/logo\/image\/","url":"https:\/\/longchangchemical.com\/wp-content\/uploads\/2020\/08\/cropped-longchang-logo.png","contentUrl":"https:\/\/longchangchemical.com\/wp-content\/uploads\/2020\/08\/cropped-longchang-logo.png","width":512,"height":512,"caption":"Longchang Chemical"},"image":{"@id":"https:\/\/longchangchemical.com\/#\/schema\/logo\/image\/"}}]}},"_links":{"self":[{"href":"https:\/\/longchangchemical.com\/hu\/wp-json\/wp\/v2\/product\/6963","targetHints":{"allow":["GET"]}}],"collection":[{"href":"https:\/\/longchangchemical.com\/hu\/wp-json\/wp\/v2\/product"}],"about":[{"href":"https:\/\/longchangchemical.com\/hu\/wp-json\/wp\/v2\/types\/product"}],"replies":[{"embeddable":true,"href":"https:\/\/longchangchemical.com\/hu\/wp-json\/wp\/v2\/comments?post=6963"}],"wp:featuredmedia":[{"embeddable":true,"href":"https:\/\/longchangchemical.com\/hu\/wp-json\/wp\/v2\/media\/6964"}],"wp:attachment":[{"href":"https:\/\/longchangchemical.com\/hu\/wp-json\/wp\/v2\/media?parent=6963"}],"wp:term":[{"taxonomy":"product_brand","embeddable":true,"href":"https:\/\/longchangchemical.com\/hu\/wp-json\/wp\/v2\/product_brand?post=6963"},{"taxonomy":"product_cat","embeddable":true,"href":"https:\/\/longchangchemical.com\/hu\/wp-json\/wp\/v2\/product_cat?post=6963"},{"taxonomy":"product_tag","embeddable":true,"href":"https:\/\/longchangchemical.com\/hu\/wp-json\/wp\/v2\/product_tag?post=6963"}],"curies":[{"name":"wp","href":"https:\/\/api.w.org\/{rel}","templated":true}]}}