{"id":6902,"date":"2024-05-08T00:47:42","date_gmt":"2024-05-08T00:47:42","guid":{"rendered":"https:\/\/longchangchemical.com\/?post_type=product&#038;p=6902"},"modified":"2025-12-16T10:16:57","modified_gmt":"2025-12-16T10:16:57","slug":"dibutyltin-dichloride-cas-683-18-1","status":"publish","type":"product","link":"https:\/\/longchangchemical.com\/hu\/product\/dibutyltin-dichloride-cas-683-18-1\/","title":{"rendered":"Dibutiltin-diklorid CAS 683-18-1"},"content":{"rendered":"<p>K\u00e9miai tulajdons\u00e1gok<\/p>\n<p>[Megjelen\u00e9s]<\/p>\n<p>feh\u00e9r vagy b\u00e9zs sz\u00edn\u0171 krist\u00e1lyos, alacsony olvad\u00e1si t\u00f6meg\u0171<\/p>\n<p>[Olvad\u00e1spont]<\/p>\n<p>39 \u00b0C<\/p>\n<p>[Forr\u00e1spont]<\/p>\n<p>135 \u00b0C10 mm Hg(lit.)<\/p>\n<p>[s\u0171r\u0171s\u00e9g]<\/p>\n<p>1.4<\/p>\n<p>[g\u0151znyom\u00e1s]<\/p>\n<p>0,0016 hPa (25 \u00b0C)<\/p>\n<p>[t\u00f6r\u00e9smutat\u00f3 ]<\/p>\n<p>1.4991<\/p>\n<p>[Fp]<\/p>\n<p>&gt;230 \u00b0F<\/p>\n<p>[t\u00e1rol\u00e1si h\u0151m\u00e9rs\u00e9klet]<\/p>\n<p>2-8\u00b0C<\/p>\n<p>[oldhat\u00f3s\u00e1g]<\/p>\n<p>0,32g\/l<\/p>\n<p>[form ]<\/p>\n<p>Krist\u00e1lyos<\/p>\n<p>[color]<\/p>\n<p>Feh\u00e9r<\/p>\n<p>[Fajs\u00faly]<\/p>\n<p>1.36<\/p>\n<p>[V\u00edzoldhat\u00f3s\u00e1g]<\/p>\n<p>320 mg\/L, forr\u00f3 v\u00edzben hidroliz\u00e1l\u00f3dik<\/p>\n<p>[\u00c9rz\u00e9keny]<\/p>\n<p>Nedvess\u00e9g \u00e9rz\u00e9keny<\/p>\n<p>[BRN]<\/p>\n<p>3535484<\/p>\n<p>[Expoz\u00edci\u00f3s hat\u00e1r\u00e9rt\u00e9kek]<\/p>\n<p>ACGIH: TWA 0,1 mg\/m3; STEL 0,2 mg\/m3 (b\u0151r)<\/p>\n<p>NIOSH: IDLH 25 mg\/m3; TWA 0,1 mg\/m3<\/p>\n<h2>Egy\u00e9b n\u00e9v:<\/h2>\n<p>Klorid di-n-butilcinicit\u00e1s<\/p>\n<p>Di-n-butil-zinn-dikl\u00f3rid<\/p>\n<p>Dibutil-dikl\u00f3r-szant\u00e1n<\/p>\n<p>Dibutildikl\u00f3rotin<\/p>\n<p>Dibutilszt\u00e1nium-diklorid<\/p>\n<p>Dibutiltin-klorid<\/p>\n<p>Dibutiltin-dikl\u00f3rid<\/p>\n<p>\u00d3n-dibutil-dikl\u00f3rid<\/p>\n<p>dibutiltindiklorid<\/p>\n<h2><span style=\"color: #000000;\"><strong><b>L\u00e9pjen kapcsolatba vel\u00fcnk most!<\/b><\/strong><\/span><\/h2>\n<h4><span style=\"color: #000000;\"><strong><b>Ha sz\u00fcks\u00e9ge van Price-ra, k\u00e9rj\u00fck, t\u00f6ltse ki el\u00e9rhet\u0151s\u00e9g\u00e9t az al\u00e1bbi \u0171rlapon, \u00e1ltal\u00e1ban 24 \u00f3r\u00e1n bel\u00fcl felvessz\u00fck \u00d6nnel a kapcsolatot. \u00d6n is k\u00fcldhet nekem e-mailt <span style=\"color: #00ffff;\"><a style=\"color: #00ffff;\" href=\"mailto:info@longchangchemical.com\">info@longchangchemical.com<\/a><\/span> munkaid\u0151ben ( 8:30-18:00 UTC+8 H.-Szombat ) vagy haszn\u00e1lja a weboldal \u00e9l\u0151 chatj\u00e9t, hogy azonnali v\u00e1laszt kapjon.<\/b><\/strong><\/span><\/h4>\n<p>&nbsp;<\/p>\n<table class=\"aligncenter\" style=\"border-collapse: collapse; width: 326.27pt;\" border=\"0\" width=\"435\" cellspacing=\"0\" cellpadding=\"0\">\n<tbody>\n<tr style=\"height: 13.50pt;\">\n<td class=\"et2\" style=\"height: 13.50pt; width: 164.25pt;\" width=\"219\" height=\"18\"><a href=\"https:\/\/longchangchemical.com\/hu\/product\/stannous-chloride-anhydrous-cas-7772-99-8\/\"><span style=\"color: #00ccff;\">C\u00e9nklorid v\u00edzmentes<\/span><\/a><\/td>\n<td class=\"et2\" style=\"width: 162.00pt;\" width=\"216\">7772-99-8<\/td>\n<\/tr>\n<tr style=\"height: 13.50pt;\">\n<td class=\"et2\" style=\"height: 13.50pt;\" height=\"18\"><a href=\"https:\/\/longchangchemical.com\/hu\/product\/dimethyltin-dichloride-cas-753-73-1\/\"><span style=\"color: #00ccff;\">Dimetiltin-dikl\u00f3rid<\/span><\/a><\/td>\n<td class=\"et2\">753-73-1<\/td>\n<\/tr>\n<tr style=\"height: 14.25pt;\">\n<td class=\"et3\" style=\"height: 14.25pt; width: 164.25pt;\" width=\"219\" height=\"19\"><a href=\"https:\/\/longchangchemical.com\/hu\/product\/monobutyltin-oxide-cas-2273-43-0\/\"><span class=\"font2\" style=\"color: #00ccff;\">Monobutiltin-oxid<\/span><\/a><\/td>\n<td class=\"et4\" style=\"width: 162.00pt;\" width=\"216\">2273-43-0<\/td>\n<\/tr>\n<tr style=\"height: 14.25pt;\">\n<td class=\"et3\" style=\"height: 14.25pt; width: 164.25pt;\" width=\"219\" height=\"19\"><a href=\"https:\/\/longchangchemical.com\/hu\/product\/dibutyltin-oxide-cas-818-08-6\/\"><span class=\"font2\" style=\"color: #00ccff;\">Dibutiltin-oxid<\/span><\/a><\/td>\n<td class=\"et4\" style=\"width: 162.00pt;\" width=\"216\">818-08-6<\/td>\n<\/tr>\n<tr style=\"height: 14.25pt;\">\n<td class=\"et3\" style=\"height: 14.25pt; width: 164.25pt;\" width=\"219\" height=\"19\"><a href=\"https:\/\/longchangchemical.com\/hu\/product\/tributyltin-oxide-cas-56-35-9\/\"><span class=\"font2\" style=\"color: #00ccff;\">Tributiltin-oxid<\/span><\/a><\/td>\n<td class=\"et4\" style=\"width: 162.00pt;\" width=\"216\">56-35-9<\/td>\n<\/tr>\n<tr style=\"height: 14.25pt;\">\n<td class=\"et4\" style=\"height: 14.25pt; width: 164.25pt;\" width=\"219\" height=\"19\"><a href=\"https:\/\/longchangchemical.com\/hu\/product\/tetrabutyl-tin-cas-1461-25-2\/\"><span style=\"color: #00ccff;\">Tetrabutil-\u00f3n<\/span><\/a><\/td>\n<td class=\"et4\" style=\"width: 162.00pt;\" width=\"216\">1461-25-2<\/td>\n<\/tr>\n<tr style=\"height: 14.25pt;\">\n<td class=\"et3\" style=\"height: 14.25pt; width: 164.25pt;\" width=\"219\" height=\"19\"><a href=\"https:\/\/longchangchemical.com\/hu\/product\/butyltin-mercaptide-cas-26410-42-4\/\"><span class=\"font2\" style=\"color: #00ccff;\">Butiltin-mercaptid<\/span><\/a><\/td>\n<td class=\"et4\" style=\"width: 162.00pt;\" width=\"216\">26410-42-4<\/td>\n<\/tr>\n<tr style=\"height: 14.25pt;\">\n<td class=\"et4\" style=\"height: 14.25pt; width: 164.25pt;\" width=\"219\" height=\"19\"><a href=\"https:\/\/longchangchemical.com\/hu\/product\/dibutyltin-diacetate-cas-1067-33-0\/\"><span style=\"color: #00ccff;\">Dibutiltin-diacet\u00e1t<\/span><\/a><\/td>\n<td class=\"et5\" style=\"width: 162.00pt;\" width=\"216\">1067-33-0<\/td>\n<\/tr>\n<tr style=\"height: 14.25pt;\">\n<td class=\"et3\" style=\"height: 14.25pt; width: 164.25pt;\" width=\"219\" height=\"19\"><a href=\"https:\/\/longchangchemical.com\/hu\/product\/dibutyltin-dilaurate-dbtdl-cas-77-58-7\/\"><span class=\"font2\" style=\"color: #00ccff;\">Dibutiltin-dilaur\u00e1t<\/span><\/a><\/td>\n<td class=\"et6\" style=\"width: 162.00pt;\" width=\"216\"><span class=\"font2\">77-58-7<\/span><\/td>\n<\/tr>\n<tr style=\"height: 15.00pt;\">\n<td class=\"et3\" style=\"height: 15.00pt; width: 164.25pt;\" width=\"219\" height=\"20\"><a href=\"https:\/\/longchangchemical.com\/hu\/product\/dibutyltin-maleate-cas-78-04-2\/\"><span class=\"font2\" style=\"color: #00ccff;\">Dibutiltin-male\u00e1t<\/span><\/a><\/td>\n<td class=\"et7\" style=\"width: 162.00pt;\" width=\"216\">78-04-2<\/td>\n<\/tr>\n<tr style=\"height: 14.25pt;\">\n<td class=\"et3\" style=\"height: 14.25pt; width: 164.25pt;\" width=\"219\" height=\"19\"><a href=\"https:\/\/longchangchemical.com\/hu\/product\/monobutyltin-trichloride-cas-1118-46-3\/\"><span class=\"font2\" style=\"color: #00ccff;\">Monobutiltin-triklorid<\/span><\/a><\/td>\n<td class=\"et3\" style=\"width: 162.00pt;\" width=\"216\"><span class=\"font2\">1118-46-3<\/span><\/td>\n<\/tr>\n<tr style=\"height: 14.25pt;\">\n<td class=\"et3\" style=\"height: 14.25pt; width: 164.25pt;\" width=\"219\" height=\"19\"><a href=\"https:\/\/longchangchemical.com\/hu\/product\/dibutyltin-dichloride-cas-683-18-1\/\"><span class=\"font2\" style=\"color: #00ccff;\">Dibutiltin-dikl\u00f3rid<\/span><\/a><\/td>\n<td class=\"et3\" style=\"width: 162.00pt;\" width=\"216\"><span class=\"font2\">683-18-1<\/span><\/td>\n<\/tr>\n<tr style=\"height: 14.25pt;\">\n<td class=\"et3\" style=\"height: 14.25pt; width: 164.25pt;\" width=\"219\" height=\"19\"><a href=\"https:\/\/longchangchemical.com\/hu\/product\/tributyltin-chloride-cas-1461-22-9\/\"><span class=\"font2\" style=\"color: #00ccff;\">Tributiltin-klorid<\/span><\/a><\/td>\n<td class=\"et3\" style=\"width: 162.00pt;\" width=\"216\"><span class=\"font2\">1461-22-9<\/span><\/td>\n<\/tr>\n<tr style=\"height: 28.50pt;\">\n<td class=\"et3\" style=\"height: 28.50pt; width: 164.25pt;\" width=\"219\" height=\"38\"><a href=\"https:\/\/longchangchemical.com\/hu\/product\/butyltin-tris2-ethylhexanoate-cas-23850-94-4\/\"><span class=\"font2\" style=\"color: #00ccff;\">Butiltin-triz(2-etilhexano\u00e1t)<\/span><\/a><\/td>\n<td class=\"et3\" style=\"width: 162.00pt;\" width=\"216\"><span class=\"font2\">23850-94-4<\/span><\/td>\n<\/tr>\n<tr style=\"height: 14.25pt;\">\n<td class=\"et3\" style=\"height: 14.25pt; width: 164.25pt;\" width=\"219\" height=\"19\"><a href=\"https:\/\/longchangchemical.com\/hu\/product\/di-n-octyltin-oxide-cas-870-08-6\/\"><span class=\"font2\" style=\"color: #00ccff;\">Di-n-oktil-tin-oxid<\/span><\/a><\/td>\n<td class=\"et3\" style=\"width: 162.00pt;\" width=\"216\"><span class=\"font2\">870-08-6<\/span><\/td>\n<\/tr>\n<tr style=\"height: 14.25pt;\">\n<td class=\"et3\" style=\"height: 14.25pt; width: 164.25pt;\" width=\"219\" height=\"19\"><a href=\"https:\/\/longchangchemical.com\/hu\/product\/dimethyldineodecanoatetin-cas-68928-76-7\/\"><span class=\"font2\" style=\"color: #00ccff;\">Dimetil-dinodecanoatetin<\/span><\/a><\/td>\n<td class=\"et3\" style=\"width: 162.00pt;\" width=\"216\"><span class=\"font2\">68928-76-7<\/span><\/td>\n<\/tr>\n<tr style=\"height: 14.25pt;\">\n<td class=\"et3\" style=\"height: 14.25pt; width: 164.25pt;\" width=\"219\" height=\"19\"><a href=\"https:\/\/longchangchemical.com\/hu\/product\/otm-cas-26401-97-8\/\"><span class=\"font2\" style=\"color: #00ccff;\">Octiltin Mercaptide<\/span><\/a><\/td>\n<td class=\"et3\" style=\"width: 162.00pt;\" width=\"216\"><span class=\"font2\">26401-97-8<\/span><\/td>\n<\/tr>\n<\/tbody>\n<\/table>","protected":false},"excerpt":{"rendered":"<p>K\u00e9miai tulajdons\u00e1gok [Megjelen\u00e9s] feh\u00e9r vagy b\u00e9zs sz\u00edn\u0171 krist\u00e1lyos alacsony olvad\u00e1spont [Olvad\u00e1spont ] 39 \u00b0C [Forr\u00e1spont ] 135 \u00b0C10 mm Hg(lit.) [s\u0171r\u0171s\u00e9g ] 1,4 [g\u0151znyom\u00e1s ] 0,0016 hPa (25 \u00b0C) [t\u00f6r\u00e9smutat\u00f3 ] 1,4991 [Fp ] &gt;230 \u00b0F [t\u00e1rol\u00e1si h\u0151m\u00e9rs\u00e9klet ] 2-8\u00b0C [oldhat\u00f3s\u00e1g ] 0,32g\/l [forma ] krist\u00e1lyos [sz\u00edn ] feh\u00e9r [fajs\u00faly] [...].<\/p>","protected":false},"featured_media":6926,"comment_status":"closed","ping_status":"closed","template":"","meta":[],"product_brand":[],"product_cat":[113],"product_tag":[],"class_list":{"0":"post-6902","1":"product","2":"type-product","3":"status-publish","4":"has-post-thumbnail","6":"product_cat-organic-intermediate","8":"first","9":"instock","10":"shipping-taxable","11":"product-type-simple"},"yoast_head":"<!-- This site is optimized with the Yoast SEO plugin v25.3.1 - https:\/\/yoast.com\/wordpress\/plugins\/seo\/ -->\n<title>China Manufacturer Dibutyltin Dichloride CAS 683-18-1 -Longchang Chemical<\/title>\n<meta name=\"description\" content=\"Dibutyltin Dichloride CAS 683-18-1 is key product of LongChang Chemical. We provide best price. We are the leading manufacturer in China with the best quanlity and competitive price.\" \/>\n<meta name=\"robots\" content=\"index, follow, max-snippet:-1, max-image-preview:large, max-video-preview:-1\" \/>\n<link rel=\"canonical\" href=\"https:\/\/longchangchemical.com\/hu\/product\/dibutyltin-dichloride-cas-683-18-1\/\" \/>\n<meta property=\"og:locale\" content=\"hu_HU\" \/>\n<meta property=\"og:type\" content=\"article\" \/>\n<meta property=\"og:title\" content=\"China Manufacturer Dibutyltin Dichloride CAS 683-18-1 -Longchang Chemical\" \/>\n<meta property=\"og:description\" content=\"Dibutyltin Dichloride CAS 683-18-1 is key product of LongChang Chemical. We provide best price. We are the leading manufacturer in China with the best quanlity and competitive price.\" \/>\n<meta property=\"og:url\" content=\"https:\/\/longchangchemical.com\/hu\/product\/dibutyltin-dichloride-cas-683-18-1\/\" \/>\n<meta property=\"og:site_name\" content=\"Longchang Chemical\" \/>\n<meta property=\"article:modified_time\" content=\"2025-12-16T10:16:57+00:00\" \/>\n<meta property=\"og:image\" content=\"https:\/\/longchangchemical.com\/wp-content\/uploads\/2024\/04\/Dibutyltin-Dichloride.jpg\" \/>\n\t<meta property=\"og:image:width\" content=\"800\" \/>\n\t<meta property=\"og:image:height\" content=\"800\" \/>\n\t<meta property=\"og:image:type\" content=\"image\/jpeg\" \/>\n<meta name=\"twitter:card\" content=\"summary_large_image\" \/>\n<script type=\"application\/ld+json\" class=\"yoast-schema-graph\">{\"@context\":\"https:\/\/schema.org\",\"@graph\":[{\"@type\":\"WebPage\",\"@id\":\"https:\/\/longchangchemical.com\/product\/dibutyltin-dichloride-cas-683-18-1\/\",\"url\":\"https:\/\/longchangchemical.com\/product\/dibutyltin-dichloride-cas-683-18-1\/\",\"name\":\"China Manufacturer Dibutyltin Dichloride CAS 683-18-1 -Longchang Chemical\",\"isPartOf\":{\"@id\":\"https:\/\/longchangchemical.com\/#website\"},\"primaryImageOfPage\":{\"@id\":\"https:\/\/longchangchemical.com\/product\/dibutyltin-dichloride-cas-683-18-1\/#primaryimage\"},\"image\":{\"@id\":\"https:\/\/longchangchemical.com\/product\/dibutyltin-dichloride-cas-683-18-1\/#primaryimage\"},\"thumbnailUrl\":\"https:\/\/longchangchemical.com\/wp-content\/uploads\/2024\/04\/Dibutyltin-Dichloride.jpg\",\"datePublished\":\"2024-05-08T00:47:42+00:00\",\"dateModified\":\"2025-12-16T10:16:57+00:00\",\"description\":\"Dibutyltin Dichloride CAS 683-18-1 is key product of LongChang Chemical. We provide best price. We are the leading manufacturer in China with the best quanlity and competitive price.\",\"breadcrumb\":{\"@id\":\"https:\/\/longchangchemical.com\/product\/dibutyltin-dichloride-cas-683-18-1\/#breadcrumb\"},\"inLanguage\":\"hu\",\"potentialAction\":[{\"@type\":\"ReadAction\",\"target\":[\"https:\/\/longchangchemical.com\/product\/dibutyltin-dichloride-cas-683-18-1\/\"]}]},{\"@type\":\"ImageObject\",\"inLanguage\":\"hu\",\"@id\":\"https:\/\/longchangchemical.com\/product\/dibutyltin-dichloride-cas-683-18-1\/#primaryimage\",\"url\":\"https:\/\/longchangchemical.com\/wp-content\/uploads\/2024\/04\/Dibutyltin-Dichloride.jpg\",\"contentUrl\":\"https:\/\/longchangchemical.com\/wp-content\/uploads\/2024\/04\/Dibutyltin-Dichloride.jpg\",\"width\":800,\"height\":800,\"caption\":\"Dibutyltin Dichloride CAS 683-18-1\"},{\"@type\":\"BreadcrumbList\",\"@id\":\"https:\/\/longchangchemical.com\/product\/dibutyltin-dichloride-cas-683-18-1\/#breadcrumb\",\"itemListElement\":[{\"@type\":\"ListItem\",\"position\":1,\"name\":\"Home\",\"item\":\"https:\/\/longchangchemical.com\/\"},{\"@type\":\"ListItem\",\"position\":2,\"name\":\"Products Longchang\",\"item\":\"https:\/\/longchangchemical.com\/product\/\"},{\"@type\":\"ListItem\",\"position\":3,\"name\":\"Dibutyltin Dichloride CAS 683-18-1\"}]},{\"@type\":\"WebSite\",\"@id\":\"https:\/\/longchangchemical.com\/#website\",\"url\":\"https:\/\/longchangchemical.com\/\",\"name\":\"Longchang Chemical\",\"description\":\"China chemical manufacturer \uff06 supplier\",\"publisher\":{\"@id\":\"https:\/\/longchangchemical.com\/#organization\"},\"potentialAction\":[{\"@type\":\"SearchAction\",\"target\":{\"@type\":\"EntryPoint\",\"urlTemplate\":\"https:\/\/longchangchemical.com\/?s={search_term_string}\"},\"query-input\":{\"@type\":\"PropertyValueSpecification\",\"valueRequired\":true,\"valueName\":\"search_term_string\"}}],\"inLanguage\":\"hu\"},{\"@type\":\"Organization\",\"@id\":\"https:\/\/longchangchemical.com\/#organization\",\"name\":\"Longchang Chemical\",\"url\":\"https:\/\/longchangchemical.com\/\",\"logo\":{\"@type\":\"ImageObject\",\"inLanguage\":\"hu\",\"@id\":\"https:\/\/longchangchemical.com\/#\/schema\/logo\/image\/\",\"url\":\"https:\/\/longchangchemical.com\/wp-content\/uploads\/2020\/08\/cropped-longchang-logo.png\",\"contentUrl\":\"https:\/\/longchangchemical.com\/wp-content\/uploads\/2020\/08\/cropped-longchang-logo.png\",\"width\":512,\"height\":512,\"caption\":\"Longchang Chemical\"},\"image\":{\"@id\":\"https:\/\/longchangchemical.com\/#\/schema\/logo\/image\/\"}}]}<\/script>\n<!-- \/ Yoast SEO plugin. -->","yoast_head_json":{"title":"K\u00edna gy\u00e1rt\u00f3 dibutiltin dikl\u00f3r CAS 683-18-1 -Longchang vegyi anyag","description":"A dibutiltin-dikl\u00f3rid CAS 683-18-1 a LongChang Chemical kulcsfontoss\u00e1g\u00fa term\u00e9ke. A legjobb \u00e1rat biztos\u00edtjuk. Mi vagyunk a vezet\u0151 gy\u00e1rt\u00f3 K\u00edn\u00e1ban a legjobb min\u0151s\u00e9ggel \u00e9s versenyk\u00e9pes \u00e1rral.","robots":{"index":"index","follow":"follow","max-snippet":"max-snippet:-1","max-image-preview":"max-image-preview:large","max-video-preview":"max-video-preview:-1"},"canonical":"https:\/\/longchangchemical.com\/hu\/product\/dibutyltin-dichloride-cas-683-18-1\/","og_locale":"hu_HU","og_type":"article","og_title":"China Manufacturer Dibutyltin Dichloride CAS 683-18-1 -Longchang Chemical","og_description":"Dibutyltin Dichloride CAS 683-18-1 is key product of LongChang Chemical. We provide best price. We are the leading manufacturer in China with the best quanlity and competitive price.","og_url":"https:\/\/longchangchemical.com\/hu\/product\/dibutyltin-dichloride-cas-683-18-1\/","og_site_name":"Longchang Chemical","article_modified_time":"2025-12-16T10:16:57+00:00","og_image":[{"width":800,"height":800,"url":"https:\/\/longchangchemical.com\/wp-content\/uploads\/2024\/04\/Dibutyltin-Dichloride.jpg","type":"image\/jpeg"}],"twitter_card":"summary_large_image","schema":{"@context":"https:\/\/schema.org","@graph":[{"@type":"WebPage","@id":"https:\/\/longchangchemical.com\/product\/dibutyltin-dichloride-cas-683-18-1\/","url":"https:\/\/longchangchemical.com\/product\/dibutyltin-dichloride-cas-683-18-1\/","name":"K\u00edna gy\u00e1rt\u00f3 dibutiltin dikl\u00f3r CAS 683-18-1 -Longchang vegyi anyag","isPartOf":{"@id":"https:\/\/longchangchemical.com\/#website"},"primaryImageOfPage":{"@id":"https:\/\/longchangchemical.com\/product\/dibutyltin-dichloride-cas-683-18-1\/#primaryimage"},"image":{"@id":"https:\/\/longchangchemical.com\/product\/dibutyltin-dichloride-cas-683-18-1\/#primaryimage"},"thumbnailUrl":"https:\/\/longchangchemical.com\/wp-content\/uploads\/2024\/04\/Dibutyltin-Dichloride.jpg","datePublished":"2024-05-08T00:47:42+00:00","dateModified":"2025-12-16T10:16:57+00:00","description":"A dibutiltin-dikl\u00f3rid CAS 683-18-1 a LongChang Chemical kulcsfontoss\u00e1g\u00fa term\u00e9ke. A legjobb \u00e1rat biztos\u00edtjuk. Mi vagyunk a vezet\u0151 gy\u00e1rt\u00f3 K\u00edn\u00e1ban a legjobb min\u0151s\u00e9ggel \u00e9s versenyk\u00e9pes \u00e1rral.","breadcrumb":{"@id":"https:\/\/longchangchemical.com\/product\/dibutyltin-dichloride-cas-683-18-1\/#breadcrumb"},"inLanguage":"hu","potentialAction":[{"@type":"ReadAction","target":["https:\/\/longchangchemical.com\/product\/dibutyltin-dichloride-cas-683-18-1\/"]}]},{"@type":"ImageObject","inLanguage":"hu","@id":"https:\/\/longchangchemical.com\/product\/dibutyltin-dichloride-cas-683-18-1\/#primaryimage","url":"https:\/\/longchangchemical.com\/wp-content\/uploads\/2024\/04\/Dibutyltin-Dichloride.jpg","contentUrl":"https:\/\/longchangchemical.com\/wp-content\/uploads\/2024\/04\/Dibutyltin-Dichloride.jpg","width":800,"height":800,"caption":"Dibutyltin Dichloride CAS 683-18-1"},{"@type":"BreadcrumbList","@id":"https:\/\/longchangchemical.com\/product\/dibutyltin-dichloride-cas-683-18-1\/#breadcrumb","itemListElement":[{"@type":"ListItem","position":1,"name":"Home","item":"https:\/\/longchangchemical.com\/"},{"@type":"ListItem","position":2,"name":"Products Longchang","item":"https:\/\/longchangchemical.com\/product\/"},{"@type":"ListItem","position":3,"name":"Dibutyltin Dichloride CAS 683-18-1"}]},{"@type":"WebSite","@id":"https:\/\/longchangchemical.com\/#website","url":"https:\/\/longchangchemical.com\/","name":"Longchang Chemical","description":"K\u00edna k\u00e9miai gy\u00e1rt\u00f3 \uff06 sz\u00e1ll\u00edt\u00f3","publisher":{"@id":"https:\/\/longchangchemical.com\/#organization"},"potentialAction":[{"@type":"SearchAction","target":{"@type":"EntryPoint","urlTemplate":"https:\/\/longchangchemical.com\/?s={search_term_string}"},"query-input":{"@type":"PropertyValueSpecification","valueRequired":true,"valueName":"search_term_string"}}],"inLanguage":"hu"},{"@type":"Organization","@id":"https:\/\/longchangchemical.com\/#organization","name":"Longchang Chemical","url":"https:\/\/longchangchemical.com\/","logo":{"@type":"ImageObject","inLanguage":"hu","@id":"https:\/\/longchangchemical.com\/#\/schema\/logo\/image\/","url":"https:\/\/longchangchemical.com\/wp-content\/uploads\/2020\/08\/cropped-longchang-logo.png","contentUrl":"https:\/\/longchangchemical.com\/wp-content\/uploads\/2020\/08\/cropped-longchang-logo.png","width":512,"height":512,"caption":"Longchang Chemical"},"image":{"@id":"https:\/\/longchangchemical.com\/#\/schema\/logo\/image\/"}}]}},"_links":{"self":[{"href":"https:\/\/longchangchemical.com\/hu\/wp-json\/wp\/v2\/product\/6902","targetHints":{"allow":["GET"]}}],"collection":[{"href":"https:\/\/longchangchemical.com\/hu\/wp-json\/wp\/v2\/product"}],"about":[{"href":"https:\/\/longchangchemical.com\/hu\/wp-json\/wp\/v2\/types\/product"}],"replies":[{"embeddable":true,"href":"https:\/\/longchangchemical.com\/hu\/wp-json\/wp\/v2\/comments?post=6902"}],"wp:featuredmedia":[{"embeddable":true,"href":"https:\/\/longchangchemical.com\/hu\/wp-json\/wp\/v2\/media\/6926"}],"wp:attachment":[{"href":"https:\/\/longchangchemical.com\/hu\/wp-json\/wp\/v2\/media?parent=6902"}],"wp:term":[{"taxonomy":"product_brand","embeddable":true,"href":"https:\/\/longchangchemical.com\/hu\/wp-json\/wp\/v2\/product_brand?post=6902"},{"taxonomy":"product_cat","embeddable":true,"href":"https:\/\/longchangchemical.com\/hu\/wp-json\/wp\/v2\/product_cat?post=6902"},{"taxonomy":"product_tag","embeddable":true,"href":"https:\/\/longchangchemical.com\/hu\/wp-json\/wp\/v2\/product_tag?post=6902"}],"curies":[{"name":"wp","href":"https:\/\/api.w.org\/{rel}","templated":true}]}}