{"id":6893,"date":"2024-04-29T01:51:00","date_gmt":"2024-04-29T01:51:00","guid":{"rendered":"https:\/\/longchangchemical.com\/?post_type=product&#038;p=6893"},"modified":"2025-12-17T02:07:40","modified_gmt":"2025-12-17T02:07:40","slug":"stannous-chloride-anhydrous-cas-7772-99-8","status":"publish","type":"product","link":"https:\/\/longchangchemical.com\/hu\/product\/stannous-chloride-anhydrous-cas-7772-99-8\/","title":{"rendered":"Sz\u00e9nsav-klorid v\u00edzmentes CAS 7772-99-8"},"content":{"rendered":"<h1>Sz\u00e9nsav-klorid v\u00edzmentes CAS 7772-99-8<\/h1>\n<h1 style=\"font-family: Roboto; font-weight: var(--h2_typography-font-weight); line-height: var(--h2_typography-line-height); font-size: var(--h2_typography-font-size); color: var(--h2_typography-color); margin-top: var(--h2_typography-margin-top); margin-bottom: var(--h2_typography-margin-bottom);\">Molekul\u00e1ris k\u00e9plet:Cl2Sn<\/h1>\n<h1 style=\"font-family: Roboto; font-weight: var(--h2_typography-font-weight); line-height: var(--h2_typography-line-height); font-size: var(--h2_typography-font-size); color: var(--h2_typography-color); margin-top: var(--h2_typography-margin-top); margin-bottom: var(--h2_typography-margin-bottom);\">Molekulat\u00f6meg: 189,62<\/h1>\n<p style=\"margin: 0px 0px 20px; color: #4a4e57; font-family: Roboto;\">Megjelen\u00e9s: feh\u00e9r por<\/p>\n<p style=\"margin: 0px 0px 20px; color: #4a4e57; font-family: Roboto;\">Tartalom: 99%<\/p>\n<p style=\"margin: 0px 0px 20px; color: #4a4e57; font-family: Roboto;\"><span style=\"font-weight: bolder;\">Sz\u00e9nsav-klorid v\u00edzmentesT\u00edpusos tulajdons\u00e1gok<\/span><\/p>\n<table class=\"table-1\" style=\"max-width: 100%; border-collapse: collapse; border-spacing: 0px; --awb-margin-top: 0; --awb-margin-right: 0; --awb-margin-bottom: 0; --awb-margin-left: 0; margin: var(--awb-margin-top) var(--awb-margin-right) var(--awb-margin-bottom) var(--awb-margin-left); color: #4a4e57; font-family: Roboto; width: 540.781px;\" cellspacing=\"0\">\n<tbody>\n<tr>\n<td style=\"border: 1px solid #dcdcdc; padding: 10px 20px; width: 271.858px;\"><span style=\"font-weight: bolder;\">T\u00e9tel<\/span><\/td>\n<td style=\"border: 1px solid #dcdcdc; padding: 10px 20px; width: 169.809px;\"><span style=\"font-weight: bolder;\">M\u0171szaki adatok<\/span><\/td>\n<td style=\"border: 1px solid #dcdcdc; padding: 10px 20px; width: 98.0035px;\"><span style=\"font-weight: bolder;\">Eredm\u00e9nyek<\/span><\/td>\n<\/tr>\n<tr style=\"background: #f6f6f6;\">\n<td style=\"border: 1px solid #dcdcdc; padding: 10px 20px; width: 271.858px;\">SnCl2%<\/td>\n<td style=\"border: 1px solid #dcdcdc; padding: 10px 20px; width: 169.809px;\">\u226598.5%<\/td>\n<td style=\"border: 1px solid #dcdcdc; padding: 10px 20px; width: 98.0035px;\">99.38<\/td>\n<\/tr>\n<tr>\n<td style=\"border: 1px solid #dcdcdc; padding: 10px 20px; width: 271.858px;\">Cu%<\/td>\n<td style=\"border: 1px solid #dcdcdc; padding: 10px 20px; width: 169.809px;\">\u22640.002<\/td>\n<td style=\"border: 1px solid #dcdcdc; padding: 10px 20px; width: 98.0035px;\">0.0002<\/td>\n<\/tr>\n<tr style=\"background: #f6f6f6;\">\n<td style=\"border: 1px solid #dcdcdc; padding: 10px 20px; width: 271.858px;\">Pb%<\/td>\n<td style=\"border: 1px solid #dcdcdc; padding: 10px 20px; width: 169.809px;\">\u22640.03<\/td>\n<td style=\"border: 1px solid #dcdcdc; padding: 10px 20px; width: 98.0035px;\">0.0032<\/td>\n<\/tr>\n<tr>\n<td style=\"border: 1px solid #dcdcdc; padding: 10px 20px; width: 271.858px;\">Fe%<\/td>\n<td style=\"border: 1px solid #dcdcdc; padding: 10px 20px; width: 169.809px;\">\u22640.03<\/td>\n<td style=\"border: 1px solid #dcdcdc; padding: 10px 20px; width: 98.0035px;\">0.0047<\/td>\n<\/tr>\n<tr style=\"background: #f6f6f6;\">\n<td style=\"border: 1px solid #dcdcdc; padding: 10px 20px; width: 271.858px;\">SnO4<sup>2-<\/sup>%<\/td>\n<td style=\"border: 1px solid #dcdcdc; padding: 10px 20px; width: 169.809px;\">\u22640.1<\/td>\n<td style=\"border: 1px solid #dcdcdc; padding: 10px 20px; width: 98.0035px;\">0.0008<\/td>\n<\/tr>\n<tr>\n<td style=\"border: 1px solid #dcdcdc; padding: 10px 20px; width: 271.858px;\">L\u00fagos f\u00e9m L\u00fagos f\u00f6ldf\u00e9m (K Na)%<\/td>\n<td style=\"border: 1px solid #dcdcdc; padding: 10px 20px; width: 169.809px;\">\u22640.1<\/td>\n<td style=\"border: 1px solid #dcdcdc; padding: 10px 20px; width: 98.0035px;\">0.010<\/td>\n<\/tr>\n<tr style=\"background: #f6f6f6;\">\n<td style=\"border: 1px solid #dcdcdc; padding: 10px 20px; width: 271.858px;\">\u00c9g\u00e9si vesztes\u00e9g%<\/td>\n<td style=\"border: 1px solid #dcdcdc; padding: 10px 20px; width: 169.809px;\">\u22640.5<\/td>\n<td style=\"border: 1px solid #dcdcdc; padding: 10px 20px; width: 98.0035px;\">0.2750<\/td>\n<\/tr>\n<tr>\n<td style=\"border: 1px solid #dcdcdc; padding: 10px 20px; width: 271.858px;\">K\u00f6vetkeztet\u00e9s<\/td>\n<td style=\"border: 1px solid #dcdcdc; padding: 10px 20px; width: 267.812px;\" colspan=\"2\">Az eredm\u00e9nyek megfelelnek a v\u00e1llalati szabv\u00e1nyoknak<\/td>\n<\/tr>\n<\/tbody>\n<\/table>\n<p style=\"margin: 0px 0px 20px; color: #4a4e57; font-family: Roboto;\"><span style=\"font-weight: bolder;\">Sz\u00e9nsav-klorid v\u00edzmentes Felhaszn\u00e1l\u00e1s<\/span><\/p>\n<p style=\"margin: 0px 0px 20px; color: #4a4e57; font-family: Roboto;\">Ez\u00fcst, arz\u00e9n, molibd\u00e9n, stb. meghat\u00e1roz\u00e1s\u00e1ra haszn\u00e1lj\u00e1k, p\u00e1canyagk\u00e9nt, reduk\u00e1l\u00f3szerk\u00e9nt is haszn\u00e1lj\u00e1k.<\/p>\n<p style=\"margin: 0px 0px 20px; color: #4a4e57; font-family: Roboto;\"><span style=\"font-weight: bolder;\">Sz\u00e9nsav-klorid v\u00edzmentes Csomagol\u00e1s<\/span><\/p>\n<p style=\"margin: 0px 0px 20px; color: #4a4e57; font-family: Roboto;\">25kg\/dob<\/p>\n<h2><strong>Egy\u00e9b n\u00e9v:<\/strong><\/h2>\n<p>dikl\u00f3r-sztann\u00e1n;<br \/>\ndikl\u00f3rotin;<br \/>\nEstocat 150;<br \/>\nC\u00e9nklorid v\u00edzmentes;<br \/>\nC\u00e9nklorid;<br \/>\n\u00d3N-KLORID;<br \/>\n\u00f3n-klorid;<br \/>\n\u00d3n-diklorid;<br \/>\n\u00d3n-klorid;<\/p>\n<h3>L\u00e9pjen kapcsolatba vel\u00fcnk most!<\/h3>\n<h3>Ha \u00e1r- vagy mintatesztre van sz\u00fcks\u00e9ge, k\u00e9rj\u00fck, k\u00fcldj\u00f6n e-mailt a k\u00f6vetkez\u0151 c\u00edmre <span style=\"color: #0267c1;\"><a style=\"color: #0267c1;\" href=\"mailto:info@longchangchemical.com\"><strong>info@longchangchemical.com<\/strong><\/a><\/span>vagy haszn\u00e1lja a weboldal \u00e9l\u0151 chatj\u00e9t, hogy azonnali v\u00e1laszt kapjon.<\/h3>","protected":false},"excerpt":{"rendered":"<p style=\"margin: 0px 0px 20px; color: #4a4e57; font-family: Roboto;\">K\u00e9miai n\u00e9v: V\u00edzmentes \u00f3n-klorid<\/p>\n<p style=\"margin: 0px 0px 20px; color: #4a4e57; font-family: Roboto;\">CAS: 7772-99-8<\/p>\n<p style=\"margin: 0px 0px 20px; color: #4a4e57; font-family: Roboto;\">Megjelen\u00e9s: Feh\u00e9r por<\/p>\n<p style=\"margin: 0px 0px 20px; color: #4a4e57; font-family: Roboto;\">Tartalom: 99%<\/p>","protected":false},"featured_media":6913,"comment_status":"closed","ping_status":"closed","template":"","meta":[],"product_brand":[],"product_cat":[113],"product_tag":[],"class_list":{"0":"post-6893","1":"product","2":"type-product","3":"status-publish","4":"has-post-thumbnail","6":"product_cat-organic-intermediate","8":"first","9":"instock","10":"shipping-taxable","11":"product-type-simple"},"yoast_head":"<!-- This site is optimized with the Yoast SEO plugin v25.3.1 - https:\/\/yoast.com\/wordpress\/plugins\/seo\/ -->\n<title>China Stannous Chloride anhydrous cas 7772-99-8 Manufacturer CAS 7772-99-8 -Longchang Chemical<\/title>\n<meta name=\"description\" content=\"Stannous Chloride anhydrous is key product of LongChang Chemical. We provide best price. We are the leading manufacturer in China with the best quanlity and competitive price. Other Name: dichlorostannane;\u00a0dichlorotin;\u00a0Estocat 150;\u00a0Stannous Chloride anhydrous;\u00a0Stannous chloride;\u00a0STANNOUS CHLORIDE;\u00a0tin chloride;\u00a0Tin dichloride;\u00a0TinII chloride;\u00a0\" \/>\n<meta name=\"robots\" content=\"index, follow, max-snippet:-1, max-image-preview:large, max-video-preview:-1\" \/>\n<link rel=\"canonical\" href=\"https:\/\/longchangchemical.com\/hu\/product\/stannous-chloride-anhydrous-cas-7772-99-8\/\" \/>\n<meta property=\"og:locale\" content=\"hu_HU\" \/>\n<meta property=\"og:type\" content=\"article\" \/>\n<meta property=\"og:title\" content=\"China Stannous Chloride anhydrous cas 7772-99-8 Manufacturer CAS 7772-99-8 -Longchang Chemical\" \/>\n<meta property=\"og:description\" content=\"Stannous Chloride anhydrous is key product of LongChang Chemical. We provide best price. We are the leading manufacturer in China with the best quanlity and competitive price. Other Name: dichlorostannane;\u00a0dichlorotin;\u00a0Estocat 150;\u00a0Stannous Chloride anhydrous;\u00a0Stannous chloride;\u00a0STANNOUS CHLORIDE;\u00a0tin chloride;\u00a0Tin dichloride;\u00a0TinII chloride;\u00a0\" \/>\n<meta property=\"og:url\" content=\"https:\/\/longchangchemical.com\/hu\/product\/stannous-chloride-anhydrous-cas-7772-99-8\/\" \/>\n<meta property=\"og:site_name\" content=\"Longchang Chemical\" \/>\n<meta property=\"article:modified_time\" content=\"2025-12-17T02:07:40+00:00\" \/>\n<meta property=\"og:image\" content=\"https:\/\/longchangchemical.com\/wp-content\/uploads\/2024\/04\/Stannous-Chloride-Anhydrous.jpg\" \/>\n\t<meta property=\"og:image:width\" content=\"800\" \/>\n\t<meta property=\"og:image:height\" content=\"800\" \/>\n\t<meta property=\"og:image:type\" content=\"image\/jpeg\" \/>\n<meta name=\"twitter:card\" content=\"summary_large_image\" \/>\n<script type=\"application\/ld+json\" class=\"yoast-schema-graph\">{\"@context\":\"https:\/\/schema.org\",\"@graph\":[{\"@type\":\"WebPage\",\"@id\":\"https:\/\/longchangchemical.com\/product\/stannous-chloride-anhydrous-cas-7772-99-8\/\",\"url\":\"https:\/\/longchangchemical.com\/product\/stannous-chloride-anhydrous-cas-7772-99-8\/\",\"name\":\"China Stannous Chloride anhydrous cas 7772-99-8 Manufacturer CAS 7772-99-8 -Longchang Chemical\",\"isPartOf\":{\"@id\":\"https:\/\/longchangchemical.com\/#website\"},\"primaryImageOfPage\":{\"@id\":\"https:\/\/longchangchemical.com\/product\/stannous-chloride-anhydrous-cas-7772-99-8\/#primaryimage\"},\"image\":{\"@id\":\"https:\/\/longchangchemical.com\/product\/stannous-chloride-anhydrous-cas-7772-99-8\/#primaryimage\"},\"thumbnailUrl\":\"https:\/\/longchangchemical.com\/wp-content\/uploads\/2024\/04\/Stannous-Chloride-Anhydrous.jpg\",\"datePublished\":\"2024-04-29T01:51:00+00:00\",\"dateModified\":\"2025-12-17T02:07:40+00:00\",\"description\":\"Stannous Chloride anhydrous is key product of LongChang Chemical. We provide best price. We are the leading manufacturer in China with the best quanlity and competitive price. Other Name: dichlorostannane;\u00a0dichlorotin;\u00a0Estocat 150;\u00a0Stannous Chloride anhydrous;\u00a0Stannous chloride;\u00a0STANNOUS CHLORIDE;\u00a0tin chloride;\u00a0Tin dichloride;\u00a0TinII chloride;\u00a0\",\"breadcrumb\":{\"@id\":\"https:\/\/longchangchemical.com\/product\/stannous-chloride-anhydrous-cas-7772-99-8\/#breadcrumb\"},\"inLanguage\":\"hu\",\"potentialAction\":[{\"@type\":\"ReadAction\",\"target\":[\"https:\/\/longchangchemical.com\/product\/stannous-chloride-anhydrous-cas-7772-99-8\/\"]}]},{\"@type\":\"ImageObject\",\"inLanguage\":\"hu\",\"@id\":\"https:\/\/longchangchemical.com\/product\/stannous-chloride-anhydrous-cas-7772-99-8\/#primaryimage\",\"url\":\"https:\/\/longchangchemical.com\/wp-content\/uploads\/2024\/04\/Stannous-Chloride-Anhydrous.jpg\",\"contentUrl\":\"https:\/\/longchangchemical.com\/wp-content\/uploads\/2024\/04\/Stannous-Chloride-Anhydrous.jpg\",\"width\":800,\"height\":800},{\"@type\":\"BreadcrumbList\",\"@id\":\"https:\/\/longchangchemical.com\/product\/stannous-chloride-anhydrous-cas-7772-99-8\/#breadcrumb\",\"itemListElement\":[{\"@type\":\"ListItem\",\"position\":1,\"name\":\"Home\",\"item\":\"https:\/\/longchangchemical.com\/\"},{\"@type\":\"ListItem\",\"position\":2,\"name\":\"Products Longchang\",\"item\":\"https:\/\/longchangchemical.com\/product\/\"},{\"@type\":\"ListItem\",\"position\":3,\"name\":\"Stannous Chloride anhydrous CAS 7772-99-8\"}]},{\"@type\":\"WebSite\",\"@id\":\"https:\/\/longchangchemical.com\/#website\",\"url\":\"https:\/\/longchangchemical.com\/\",\"name\":\"Longchang Chemical\",\"description\":\"China chemical manufacturer \uff06 supplier\",\"publisher\":{\"@id\":\"https:\/\/longchangchemical.com\/#organization\"},\"potentialAction\":[{\"@type\":\"SearchAction\",\"target\":{\"@type\":\"EntryPoint\",\"urlTemplate\":\"https:\/\/longchangchemical.com\/?s={search_term_string}\"},\"query-input\":{\"@type\":\"PropertyValueSpecification\",\"valueRequired\":true,\"valueName\":\"search_term_string\"}}],\"inLanguage\":\"hu\"},{\"@type\":\"Organization\",\"@id\":\"https:\/\/longchangchemical.com\/#organization\",\"name\":\"Longchang Chemical\",\"url\":\"https:\/\/longchangchemical.com\/\",\"logo\":{\"@type\":\"ImageObject\",\"inLanguage\":\"hu\",\"@id\":\"https:\/\/longchangchemical.com\/#\/schema\/logo\/image\/\",\"url\":\"https:\/\/longchangchemical.com\/wp-content\/uploads\/2020\/08\/cropped-longchang-logo.png\",\"contentUrl\":\"https:\/\/longchangchemical.com\/wp-content\/uploads\/2020\/08\/cropped-longchang-logo.png\",\"width\":512,\"height\":512,\"caption\":\"Longchang Chemical\"},\"image\":{\"@id\":\"https:\/\/longchangchemical.com\/#\/schema\/logo\/image\/\"}}]}<\/script>\n<!-- \/ Yoast SEO plugin. -->","yoast_head_json":{"title":"K\u00edna sz\u00e9ntartalm\u00fa klorid v\u00edzmentes cas 7772-99-8 gy\u00e1rt\u00f3 CAS 7772-99-8 - Longchang Chemical","description":"A v\u00edzmentes \u00f3n-klorid a LongChang Chemical kulcsfontoss\u00e1g\u00fa term\u00e9ke. A legjobb \u00e1rat biztos\u00edtjuk. Mi vagyunk a vezet\u0151 gy\u00e1rt\u00f3 K\u00edn\u00e1ban a legjobb min\u0151s\u00e9ggel \u00e9s versenyk\u00e9pes \u00e1rral. Egy\u00e9b n\u00e9v: dikl\u00f3rszt\u00e1n; dikl\u00f3rotin; Estocat 150; \u00f3n-klorid v\u00edzmentes; \u00f3n-klorid; \u00f3n-klorid; \u00f3n-klorid; \u00f3n-klorid; \u00f3n-diklorid; \u00f3n-II-klorid;\u00a0","robots":{"index":"index","follow":"follow","max-snippet":"max-snippet:-1","max-image-preview":"max-image-preview:large","max-video-preview":"max-video-preview:-1"},"canonical":"https:\/\/longchangchemical.com\/hu\/product\/stannous-chloride-anhydrous-cas-7772-99-8\/","og_locale":"hu_HU","og_type":"article","og_title":"China Stannous Chloride anhydrous cas 7772-99-8 Manufacturer CAS 7772-99-8 -Longchang Chemical","og_description":"Stannous Chloride anhydrous is key product of LongChang Chemical. We provide best price. We are the leading manufacturer in China with the best quanlity and competitive price. Other Name: dichlorostannane;\u00a0dichlorotin;\u00a0Estocat 150;\u00a0Stannous Chloride anhydrous;\u00a0Stannous chloride;\u00a0STANNOUS CHLORIDE;\u00a0tin chloride;\u00a0Tin dichloride;\u00a0TinII chloride;\u00a0","og_url":"https:\/\/longchangchemical.com\/hu\/product\/stannous-chloride-anhydrous-cas-7772-99-8\/","og_site_name":"Longchang Chemical","article_modified_time":"2025-12-17T02:07:40+00:00","og_image":[{"width":800,"height":800,"url":"https:\/\/longchangchemical.com\/wp-content\/uploads\/2024\/04\/Stannous-Chloride-Anhydrous.jpg","type":"image\/jpeg"}],"twitter_card":"summary_large_image","schema":{"@context":"https:\/\/schema.org","@graph":[{"@type":"WebPage","@id":"https:\/\/longchangchemical.com\/product\/stannous-chloride-anhydrous-cas-7772-99-8\/","url":"https:\/\/longchangchemical.com\/product\/stannous-chloride-anhydrous-cas-7772-99-8\/","name":"K\u00edna sz\u00e9ntartalm\u00fa klorid v\u00edzmentes cas 7772-99-8 gy\u00e1rt\u00f3 CAS 7772-99-8 - Longchang Chemical","isPartOf":{"@id":"https:\/\/longchangchemical.com\/#website"},"primaryImageOfPage":{"@id":"https:\/\/longchangchemical.com\/product\/stannous-chloride-anhydrous-cas-7772-99-8\/#primaryimage"},"image":{"@id":"https:\/\/longchangchemical.com\/product\/stannous-chloride-anhydrous-cas-7772-99-8\/#primaryimage"},"thumbnailUrl":"https:\/\/longchangchemical.com\/wp-content\/uploads\/2024\/04\/Stannous-Chloride-Anhydrous.jpg","datePublished":"2024-04-29T01:51:00+00:00","dateModified":"2025-12-17T02:07:40+00:00","description":"A v\u00edzmentes \u00f3n-klorid a LongChang Chemical kulcsfontoss\u00e1g\u00fa term\u00e9ke. A legjobb \u00e1rat biztos\u00edtjuk. Mi vagyunk a vezet\u0151 gy\u00e1rt\u00f3 K\u00edn\u00e1ban a legjobb min\u0151s\u00e9ggel \u00e9s versenyk\u00e9pes \u00e1rral. Egy\u00e9b n\u00e9v: dikl\u00f3rszt\u00e1n; dikl\u00f3rotin; Estocat 150; \u00f3n-klorid v\u00edzmentes; \u00f3n-klorid; \u00f3n-klorid; \u00f3n-klorid; \u00f3n-klorid; \u00f3n-diklorid; \u00f3n-II-klorid;\u00a0","breadcrumb":{"@id":"https:\/\/longchangchemical.com\/product\/stannous-chloride-anhydrous-cas-7772-99-8\/#breadcrumb"},"inLanguage":"hu","potentialAction":[{"@type":"ReadAction","target":["https:\/\/longchangchemical.com\/product\/stannous-chloride-anhydrous-cas-7772-99-8\/"]}]},{"@type":"ImageObject","inLanguage":"hu","@id":"https:\/\/longchangchemical.com\/product\/stannous-chloride-anhydrous-cas-7772-99-8\/#primaryimage","url":"https:\/\/longchangchemical.com\/wp-content\/uploads\/2024\/04\/Stannous-Chloride-Anhydrous.jpg","contentUrl":"https:\/\/longchangchemical.com\/wp-content\/uploads\/2024\/04\/Stannous-Chloride-Anhydrous.jpg","width":800,"height":800},{"@type":"BreadcrumbList","@id":"https:\/\/longchangchemical.com\/product\/stannous-chloride-anhydrous-cas-7772-99-8\/#breadcrumb","itemListElement":[{"@type":"ListItem","position":1,"name":"Home","item":"https:\/\/longchangchemical.com\/"},{"@type":"ListItem","position":2,"name":"Products Longchang","item":"https:\/\/longchangchemical.com\/product\/"},{"@type":"ListItem","position":3,"name":"Stannous Chloride anhydrous CAS 7772-99-8"}]},{"@type":"WebSite","@id":"https:\/\/longchangchemical.com\/#website","url":"https:\/\/longchangchemical.com\/","name":"Longchang Chemical","description":"K\u00edna k\u00e9miai gy\u00e1rt\u00f3 \uff06 sz\u00e1ll\u00edt\u00f3","publisher":{"@id":"https:\/\/longchangchemical.com\/#organization"},"potentialAction":[{"@type":"SearchAction","target":{"@type":"EntryPoint","urlTemplate":"https:\/\/longchangchemical.com\/?s={search_term_string}"},"query-input":{"@type":"PropertyValueSpecification","valueRequired":true,"valueName":"search_term_string"}}],"inLanguage":"hu"},{"@type":"Organization","@id":"https:\/\/longchangchemical.com\/#organization","name":"Longchang Chemical","url":"https:\/\/longchangchemical.com\/","logo":{"@type":"ImageObject","inLanguage":"hu","@id":"https:\/\/longchangchemical.com\/#\/schema\/logo\/image\/","url":"https:\/\/longchangchemical.com\/wp-content\/uploads\/2020\/08\/cropped-longchang-logo.png","contentUrl":"https:\/\/longchangchemical.com\/wp-content\/uploads\/2020\/08\/cropped-longchang-logo.png","width":512,"height":512,"caption":"Longchang Chemical"},"image":{"@id":"https:\/\/longchangchemical.com\/#\/schema\/logo\/image\/"}}]}},"_links":{"self":[{"href":"https:\/\/longchangchemical.com\/hu\/wp-json\/wp\/v2\/product\/6893","targetHints":{"allow":["GET"]}}],"collection":[{"href":"https:\/\/longchangchemical.com\/hu\/wp-json\/wp\/v2\/product"}],"about":[{"href":"https:\/\/longchangchemical.com\/hu\/wp-json\/wp\/v2\/types\/product"}],"replies":[{"embeddable":true,"href":"https:\/\/longchangchemical.com\/hu\/wp-json\/wp\/v2\/comments?post=6893"}],"wp:featuredmedia":[{"embeddable":true,"href":"https:\/\/longchangchemical.com\/hu\/wp-json\/wp\/v2\/media\/6913"}],"wp:attachment":[{"href":"https:\/\/longchangchemical.com\/hu\/wp-json\/wp\/v2\/media?parent=6893"}],"wp:term":[{"taxonomy":"product_brand","embeddable":true,"href":"https:\/\/longchangchemical.com\/hu\/wp-json\/wp\/v2\/product_brand?post=6893"},{"taxonomy":"product_cat","embeddable":true,"href":"https:\/\/longchangchemical.com\/hu\/wp-json\/wp\/v2\/product_cat?post=6893"},{"taxonomy":"product_tag","embeddable":true,"href":"https:\/\/longchangchemical.com\/hu\/wp-json\/wp\/v2\/product_tag?post=6893"}],"curies":[{"name":"wp","href":"https:\/\/api.w.org\/{rel}","templated":true}]}}