{"id":6880,"date":"2024-04-28T06:10:28","date_gmt":"2024-04-28T06:10:28","guid":{"rendered":"https:\/\/longchangchemical.com\/?post_type=product&#038;p=6880"},"modified":"2026-01-12T06:21:03","modified_gmt":"2026-01-12T06:21:03","slug":"dihydrotepinyl-acetate-cas-58985-18-5","status":"publish","type":"product","link":"https:\/\/longchangchemical.com\/hu\/product\/dihydrotepinyl-acetate-cas-58985-18-5\/","title":{"rendered":"Dihidrotetepinil-acet\u00e1t CAS 58985-18-5"},"content":{"rendered":"<h1><strong>Dihidrotetepinil-acet\u00e1t CAS 58985-18-5<\/strong><\/h1>\n<table width=\"352\">\n<tbody>\n<tr>\n<td width=\"159\">Tisztas\u00e1g %<\/td>\n<td width=\"193\">\u226595%<\/td>\n<\/tr>\n<tr>\n<td width=\"159\">Sz\u00ednes<\/td>\n<td width=\"193\">Sz\u00edntelen vagy enyh\u00e9n s\u00e1rga folyad\u00e9k<\/td>\n<\/tr>\n<tr>\n<td width=\"159\">S\u0171r\u0171s\u00e9g g\/mL @25\u2103<\/td>\n<td width=\"193\">0.932<\/td>\n<\/tr>\n<tr>\n<td width=\"159\">T\u00f6r\u00e9smutat\u00f3 n20\/D<\/td>\n<td width=\"193\">1.4469<\/td>\n<\/tr>\n<\/tbody>\n<\/table>\n<p>Haszn\u00e1lat: F\u0151k\u00e9nt k\u00f6lniv\u00edzben, citrom, levendula \u00e9s fukszia t\u00edpus\u00fa \u00edzes\u00edt\u00e9sben haszn\u00e1lj\u00e1k.<\/p>\n<p>Csomagol\u00e1s: 210L m\u0171anyag hord\u00f3 \/ 1000L IBC hord\u00f3.<\/p>\n<p>T\u00e1rol\u00e1s: T\u00e1rol\u00e1s: H\u0171v\u00f6s helyen, magas h\u0151m\u00e9rs\u00e9klett\u0151l v\u00e9dve.<\/p>\n<h2><strong><b>L\u00e9pjen kapcsolatba vel\u00fcnk most!<\/b><\/strong><\/h2>\n<h4><strong><b>Ha \u00e1rra van sz\u00fcks\u00e9ge, k\u00e9rj\u00fck, t\u00f6ltse ki el\u00e9rhet\u0151s\u00e9g\u00e9t az al\u00e1bbi \u0171rlapon, \u00e1ltal\u00e1ban 24 \u00f3r\u00e1n bel\u00fcl felvessz\u00fck \u00d6nnel a kapcsolatot. \u00d6n is k\u00fcldhet nekem e-mailt <a href=\"mailto:info@longchangchemical.com\"><span style=\"color: #00ccff;\">info@longchangchemical.com<\/span><\/a>\u00a0munkaid\u0151ben ( 8:30-18:00 UTC+8 H.-Szombat ) vagy haszn\u00e1lja a weboldal \u00e9l\u0151 chatj\u00e9t, hogy azonnali v\u00e1laszt kapjon.<\/b><\/strong><\/h4>","protected":false},"excerpt":{"rendered":"<p>Dihidrotepinil-acet\u00e1t CAS 58985-18-5 Tisztas\u00e1g % \u226595% Sz\u00edn Sz\u00edntelen vagy enyh\u00e9n s\u00e1rga folyad\u00e9k S\u0171r\u0171s\u00e9g g\/ml @25 \u2103 0,932 T\u00f6r\u00e9smutat\u00f3 n20\/D 1,4469 Felhaszn\u00e1l\u00e1s: F\u0151k\u00e9nt k\u00f6lni, citrom, levendula \u00e9s fukszia t\u00edpus\u00fa arom\u00e1ban haszn\u00e1lj\u00e1k. Csomagol\u00e1s: 210L m\u0171anyag hord\u00f3 \/ 1000L IBC hord\u00f3. T\u00e1rol\u00e1s: Tartsa h\u0171v\u00f6s helyen, v\u00e9dje a magas h\u0151m\u00e9rs\u00e9klett\u0151l. L\u00e9pjen kapcsolatba vel\u00fcnk most! Ha [...]<\/p>","protected":false},"featured_media":0,"comment_status":"closed","ping_status":"closed","template":"","meta":[],"product_brand":[],"product_cat":[154],"product_tag":[],"class_list":{"0":"post-6880","1":"product","2":"type-product","3":"status-publish","5":"product_cat-solvent","7":"first","8":"instock","9":"shipping-taxable","10":"product-type-simple"},"yoast_head":"<!-- This site is optimized with the Yoast SEO plugin v25.3.1 - https:\/\/yoast.com\/wordpress\/plugins\/seo\/ -->\n<title>China Dihydrotepinyl acetate CAS 58985-18-5 Manufacturer - Longchang Chemical<\/title>\n<meta name=\"description\" content=\"Dihydrotepinyl acetate CAS 58985-18-5 is a key product of Longchang Chemical. We provide the best price. We are the leading manufacturer in China with the best quality and competitive price.\" \/>\n<meta name=\"robots\" content=\"index, follow, max-snippet:-1, max-image-preview:large, max-video-preview:-1\" \/>\n<link rel=\"canonical\" href=\"https:\/\/longchangchemical.com\/hu\/product\/dihydrotepinyl-acetate-cas-58985-18-5\/\" \/>\n<meta property=\"og:locale\" content=\"hu_HU\" \/>\n<meta property=\"og:type\" content=\"article\" \/>\n<meta property=\"og:title\" content=\"China Dihydrotepinyl acetate CAS 58985-18-5 Manufacturer - Longchang Chemical\" \/>\n<meta property=\"og:description\" content=\"Dihydrotepinyl acetate CAS 58985-18-5 is a key product of Longchang Chemical. We provide the best price. We are the leading manufacturer in China with the best quality and competitive price.\" \/>\n<meta property=\"og:url\" content=\"https:\/\/longchangchemical.com\/hu\/product\/dihydrotepinyl-acetate-cas-58985-18-5\/\" \/>\n<meta property=\"og:site_name\" content=\"Longchang Chemical\" \/>\n<meta property=\"article:modified_time\" content=\"2026-01-12T06:21:03+00:00\" \/>\n<meta property=\"og:image\" content=\"https:\/\/longchangchemical.com\/wp-content\/uploads\/2024\/02\/logo-jpeg.jpg\" \/>\n\t<meta property=\"og:image:width\" content=\"1000\" \/>\n\t<meta property=\"og:image:height\" content=\"1000\" \/>\n\t<meta property=\"og:image:type\" content=\"image\/jpeg\" \/>\n<meta name=\"twitter:card\" content=\"summary_large_image\" \/>\n<script type=\"application\/ld+json\" class=\"yoast-schema-graph\">{\"@context\":\"https:\/\/schema.org\",\"@graph\":[{\"@type\":\"WebPage\",\"@id\":\"https:\/\/longchangchemical.com\/product\/dihydrotepinyl-acetate-cas-58985-18-5\/\",\"url\":\"https:\/\/longchangchemical.com\/product\/dihydrotepinyl-acetate-cas-58985-18-5\/\",\"name\":\"China Dihydrotepinyl acetate CAS 58985-18-5 Manufacturer - Longchang Chemical\",\"isPartOf\":{\"@id\":\"https:\/\/longchangchemical.com\/#website\"},\"datePublished\":\"2024-04-28T06:10:28+00:00\",\"dateModified\":\"2026-01-12T06:21:03+00:00\",\"description\":\"Dihydrotepinyl acetate CAS 58985-18-5 is a key product of Longchang Chemical. We provide the best price. We are the leading manufacturer in China with the best quality and competitive price.\",\"breadcrumb\":{\"@id\":\"https:\/\/longchangchemical.com\/product\/dihydrotepinyl-acetate-cas-58985-18-5\/#breadcrumb\"},\"inLanguage\":\"hu\",\"potentialAction\":[{\"@type\":\"ReadAction\",\"target\":[\"https:\/\/longchangchemical.com\/product\/dihydrotepinyl-acetate-cas-58985-18-5\/\"]}]},{\"@type\":\"BreadcrumbList\",\"@id\":\"https:\/\/longchangchemical.com\/product\/dihydrotepinyl-acetate-cas-58985-18-5\/#breadcrumb\",\"itemListElement\":[{\"@type\":\"ListItem\",\"position\":1,\"name\":\"Home\",\"item\":\"https:\/\/longchangchemical.com\/\"},{\"@type\":\"ListItem\",\"position\":2,\"name\":\"Products Longchang\",\"item\":\"https:\/\/longchangchemical.com\/product\/\"},{\"@type\":\"ListItem\",\"position\":3,\"name\":\"Dihydrotepinyl acetate CAS 58985-18-5\"}]},{\"@type\":\"WebSite\",\"@id\":\"https:\/\/longchangchemical.com\/#website\",\"url\":\"https:\/\/longchangchemical.com\/\",\"name\":\"Longchang Chemical\",\"description\":\"China chemical manufacturer \uff06 supplier\",\"publisher\":{\"@id\":\"https:\/\/longchangchemical.com\/#organization\"},\"potentialAction\":[{\"@type\":\"SearchAction\",\"target\":{\"@type\":\"EntryPoint\",\"urlTemplate\":\"https:\/\/longchangchemical.com\/?s={search_term_string}\"},\"query-input\":{\"@type\":\"PropertyValueSpecification\",\"valueRequired\":true,\"valueName\":\"search_term_string\"}}],\"inLanguage\":\"hu\"},{\"@type\":\"Organization\",\"@id\":\"https:\/\/longchangchemical.com\/#organization\",\"name\":\"Longchang Chemical\",\"url\":\"https:\/\/longchangchemical.com\/\",\"logo\":{\"@type\":\"ImageObject\",\"inLanguage\":\"hu\",\"@id\":\"https:\/\/longchangchemical.com\/#\/schema\/logo\/image\/\",\"url\":\"https:\/\/longchangchemical.com\/wp-content\/uploads\/2020\/08\/cropped-longchang-logo.png\",\"contentUrl\":\"https:\/\/longchangchemical.com\/wp-content\/uploads\/2020\/08\/cropped-longchang-logo.png\",\"width\":512,\"height\":512,\"caption\":\"Longchang Chemical\"},\"image\":{\"@id\":\"https:\/\/longchangchemical.com\/#\/schema\/logo\/image\/\"}}]}<\/script>\n<!-- \/ Yoast SEO plugin. -->","yoast_head_json":{"title":"K\u00edna dihidrotetpinil-acet\u00e1t CAS 58985-18-5 gy\u00e1rt\u00f3 - Longchang Chemical","description":"A dihidrotepinil-acet\u00e1t CAS 58985-18-5 a Longchang Chemical egyik legfontosabb term\u00e9ke. A legjobb \u00e1rat biztos\u00edtjuk. Mi vagyunk a vezet\u0151 gy\u00e1rt\u00f3 K\u00edn\u00e1ban a legjobb min\u0151s\u00e9ggel \u00e9s versenyk\u00e9pes \u00e1rral.","robots":{"index":"index","follow":"follow","max-snippet":"max-snippet:-1","max-image-preview":"max-image-preview:large","max-video-preview":"max-video-preview:-1"},"canonical":"https:\/\/longchangchemical.com\/hu\/product\/dihydrotepinyl-acetate-cas-58985-18-5\/","og_locale":"hu_HU","og_type":"article","og_title":"China Dihydrotepinyl acetate CAS 58985-18-5 Manufacturer - Longchang Chemical","og_description":"Dihydrotepinyl acetate CAS 58985-18-5 is a key product of Longchang Chemical. We provide the best price. We are the leading manufacturer in China with the best quality and competitive price.","og_url":"https:\/\/longchangchemical.com\/hu\/product\/dihydrotepinyl-acetate-cas-58985-18-5\/","og_site_name":"Longchang Chemical","article_modified_time":"2026-01-12T06:21:03+00:00","og_image":[{"width":1000,"height":1000,"url":"https:\/\/longchangchemical.com\/wp-content\/uploads\/2024\/02\/logo-jpeg.jpg","type":"image\/jpeg"}],"twitter_card":"summary_large_image","schema":{"@context":"https:\/\/schema.org","@graph":[{"@type":"WebPage","@id":"https:\/\/longchangchemical.com\/product\/dihydrotepinyl-acetate-cas-58985-18-5\/","url":"https:\/\/longchangchemical.com\/product\/dihydrotepinyl-acetate-cas-58985-18-5\/","name":"K\u00edna dihidrotetpinil-acet\u00e1t CAS 58985-18-5 gy\u00e1rt\u00f3 - Longchang Chemical","isPartOf":{"@id":"https:\/\/longchangchemical.com\/#website"},"datePublished":"2024-04-28T06:10:28+00:00","dateModified":"2026-01-12T06:21:03+00:00","description":"A dihidrotepinil-acet\u00e1t CAS 58985-18-5 a Longchang Chemical egyik legfontosabb term\u00e9ke. A legjobb \u00e1rat biztos\u00edtjuk. Mi vagyunk a vezet\u0151 gy\u00e1rt\u00f3 K\u00edn\u00e1ban a legjobb min\u0151s\u00e9ggel \u00e9s versenyk\u00e9pes \u00e1rral.","breadcrumb":{"@id":"https:\/\/longchangchemical.com\/product\/dihydrotepinyl-acetate-cas-58985-18-5\/#breadcrumb"},"inLanguage":"hu","potentialAction":[{"@type":"ReadAction","target":["https:\/\/longchangchemical.com\/product\/dihydrotepinyl-acetate-cas-58985-18-5\/"]}]},{"@type":"BreadcrumbList","@id":"https:\/\/longchangchemical.com\/product\/dihydrotepinyl-acetate-cas-58985-18-5\/#breadcrumb","itemListElement":[{"@type":"ListItem","position":1,"name":"Home","item":"https:\/\/longchangchemical.com\/"},{"@type":"ListItem","position":2,"name":"Products Longchang","item":"https:\/\/longchangchemical.com\/product\/"},{"@type":"ListItem","position":3,"name":"Dihydrotepinyl acetate CAS 58985-18-5"}]},{"@type":"WebSite","@id":"https:\/\/longchangchemical.com\/#website","url":"https:\/\/longchangchemical.com\/","name":"Longchang Chemical","description":"K\u00edna k\u00e9miai gy\u00e1rt\u00f3 \uff06 sz\u00e1ll\u00edt\u00f3","publisher":{"@id":"https:\/\/longchangchemical.com\/#organization"},"potentialAction":[{"@type":"SearchAction","target":{"@type":"EntryPoint","urlTemplate":"https:\/\/longchangchemical.com\/?s={search_term_string}"},"query-input":{"@type":"PropertyValueSpecification","valueRequired":true,"valueName":"search_term_string"}}],"inLanguage":"hu"},{"@type":"Organization","@id":"https:\/\/longchangchemical.com\/#organization","name":"Longchang Chemical","url":"https:\/\/longchangchemical.com\/","logo":{"@type":"ImageObject","inLanguage":"hu","@id":"https:\/\/longchangchemical.com\/#\/schema\/logo\/image\/","url":"https:\/\/longchangchemical.com\/wp-content\/uploads\/2020\/08\/cropped-longchang-logo.png","contentUrl":"https:\/\/longchangchemical.com\/wp-content\/uploads\/2020\/08\/cropped-longchang-logo.png","width":512,"height":512,"caption":"Longchang Chemical"},"image":{"@id":"https:\/\/longchangchemical.com\/#\/schema\/logo\/image\/"}}]}},"_links":{"self":[{"href":"https:\/\/longchangchemical.com\/hu\/wp-json\/wp\/v2\/product\/6880","targetHints":{"allow":["GET"]}}],"collection":[{"href":"https:\/\/longchangchemical.com\/hu\/wp-json\/wp\/v2\/product"}],"about":[{"href":"https:\/\/longchangchemical.com\/hu\/wp-json\/wp\/v2\/types\/product"}],"replies":[{"embeddable":true,"href":"https:\/\/longchangchemical.com\/hu\/wp-json\/wp\/v2\/comments?post=6880"}],"wp:attachment":[{"href":"https:\/\/longchangchemical.com\/hu\/wp-json\/wp\/v2\/media?parent=6880"}],"wp:term":[{"taxonomy":"product_brand","embeddable":true,"href":"https:\/\/longchangchemical.com\/hu\/wp-json\/wp\/v2\/product_brand?post=6880"},{"taxonomy":"product_cat","embeddable":true,"href":"https:\/\/longchangchemical.com\/hu\/wp-json\/wp\/v2\/product_cat?post=6880"},{"taxonomy":"product_tag","embeddable":true,"href":"https:\/\/longchangchemical.com\/hu\/wp-json\/wp\/v2\/product_tag?post=6880"}],"curies":[{"name":"wp","href":"https:\/\/api.w.org\/{rel}","templated":true}]}}