{"id":6878,"date":"2024-04-28T05:48:50","date_gmt":"2024-04-28T05:48:50","guid":{"rendered":"https:\/\/longchangchemical.com\/?post_type=product&#038;p=6878"},"modified":"2026-01-12T06:25:30","modified_gmt":"2026-01-12T06:25:30","slug":"dihydrotepineol-cas-498-81-7","status":"publish","type":"product","link":"https:\/\/longchangchemical.com\/hu\/product\/dihydrotepineol-cas-498-81-7\/","title":{"rendered":"Dihidrotetepineol CAS 498-81-7"},"content":{"rendered":"<h1><strong>Dihidrotetepineol CAS 498-81-7<\/strong><\/h1>\n<table width=\"342\">\n<tbody>\n<tr>\n<td width=\"129\">Megjelen\u00e9s<\/td>\n<td width=\"213\">Sz\u00edntelent\u0151l a vil\u00e1goss\u00e1rg\u00e1ig v\u00e1ltoz\u00f3 sz\u00edn\u0171, \u00e1tl\u00e1tsz\u00f3 folyad\u00e9k<\/td>\n<\/tr>\n<tr>\n<td width=\"129\">Tisztas\u00e1g %<\/td>\n<td width=\"213\">\u226595<\/td>\n<\/tr>\n<tr>\n<td width=\"129\">S\u0171r\u0171s\u00e9g g\/ml,d204<\/td>\n<td width=\"213\">0.907-0.911<\/td>\n<\/tr>\n<tr>\n<td width=\"129\">T\u00f6r\u00e9smutat\u00f3,n20d<\/td>\n<td width=\"213\">1.4630-1.4670<\/td>\n<\/tr>\n<tr>\n<td width=\"129\">J\u00f3d\u00e9rt\u00e9k\u2264<\/td>\n<td width=\"213\">1<\/td>\n<\/tr>\n<\/tbody>\n<\/table>\n<p>Haszn\u00e1lja: F\u0151k\u00e9nt parf\u00fcm\u00f6k, tiszt\u00edt\u00f3szerek, finom vegyi term\u00e9kek stb. el\u0151\u00e1ll\u00edt\u00e1s\u00e1ra haszn\u00e1lj\u00e1k.<\/p>\n<p>Csomagol\u00e1s: 210 literes m\u0171anyag hord\u00f3ba csomagolva, nett\u00f3 s\u00faly 185 kg vagy 1000 literes IBC, nett\u00f3 s\u00faly 900 kg\/IBC.<\/p>\n<p>T\u00e1rol\u00e1s: T\u00e1rol\u00e1s: H\u0171v\u00f6s, szell\u0151ztetett \u00e9s sz\u00e1raz helyen, napt\u00f3l \u00e9s es\u0151t\u0151l v\u00e9dve, t\u0171zt\u0151l t\u00e1vol.<\/p>\n<h2><strong>Egy\u00e9b n\u00e9v:<\/strong><\/h2>\n<p>\u03b1,\u03b1,4-trimetil-ciklohex\u00e1n-metanol;<\/p>\n<p>2-(4-metil-ciklohexil)prop\u00e1n-2-ol;<\/p>\n<h2><strong><b>L\u00e9pjen kapcsolatba vel\u00fcnk most!<\/b><\/strong><\/h2>\n<h4><strong><b>Ha \u00e1rra van sz\u00fcks\u00e9ge, k\u00e9rj\u00fck, t\u00f6ltse ki el\u00e9rhet\u0151s\u00e9g\u00e9t az al\u00e1bbi \u0171rlapon, \u00e1ltal\u00e1ban 24 \u00f3r\u00e1n bel\u00fcl felvessz\u00fck \u00d6nnel a kapcsolatot. \u00d6n is k\u00fcldhet nekem e-mailt <a href=\"mailto:info@longchangchemical.com\"><span style=\"color: #00ccff;\">info@longchangchemical.com<\/span><\/a>\u00a0munkaid\u0151ben ( 8:30-18:00 UTC+8 H.-Szombat ) vagy haszn\u00e1lja a weboldal \u00e9l\u0151 chatj\u00e9t, hogy azonnali v\u00e1laszt kapjon.<\/b><\/strong><\/h4>","protected":false},"excerpt":{"rendered":"<p>Angol n\u00e9v: Dihydrotepineol<\/p>\n<p>Szinonim\u00e1k: hidrotineol<\/p>\n<p>CAS-SZ\u00c1M: 498-81-7<\/p>\n<p>Molekul\u00e1ris k\u00e9plet: C10H20O<\/p>\n<p>Molekulat\u00f6meg: 156,27<\/p>","protected":false},"featured_media":0,"comment_status":"closed","ping_status":"closed","template":"","meta":[],"product_brand":[],"product_cat":[154],"product_tag":[],"class_list":{"0":"post-6878","1":"product","2":"type-product","3":"status-publish","5":"product_cat-solvent","7":"first","8":"instock","9":"shipping-taxable","10":"product-type-simple"},"yoast_head":"<!-- This site is optimized with the Yoast SEO plugin v25.3.1 - https:\/\/yoast.com\/wordpress\/plugins\/seo\/ -->\n<title>China Dihydrotepineol CAS 498-81-7 Manufacturer - Longchang Chemical<\/title>\n<meta name=\"description\" content=\"Dihydrotepineol CAS 498-81-7 is a key product of Longchang Chemical. We provide the best price. We are the leading manufacturer in China with the best quality and competitive price.\" \/>\n<meta name=\"robots\" content=\"index, follow, max-snippet:-1, max-image-preview:large, max-video-preview:-1\" \/>\n<link rel=\"canonical\" href=\"https:\/\/longchangchemical.com\/hu\/product\/dihydrotepineol-cas-498-81-7\/\" \/>\n<meta property=\"og:locale\" content=\"hu_HU\" \/>\n<meta property=\"og:type\" content=\"article\" \/>\n<meta property=\"og:title\" content=\"China Dihydrotepineol CAS 498-81-7 Manufacturer - Longchang Chemical\" \/>\n<meta property=\"og:description\" content=\"Dihydrotepineol CAS 498-81-7 is a key product of Longchang Chemical. We provide the best price. We are the leading manufacturer in China with the best quality and competitive price.\" \/>\n<meta property=\"og:url\" content=\"https:\/\/longchangchemical.com\/hu\/product\/dihydrotepineol-cas-498-81-7\/\" \/>\n<meta property=\"og:site_name\" content=\"Longchang Chemical\" \/>\n<meta property=\"article:modified_time\" content=\"2026-01-12T06:25:30+00:00\" \/>\n<meta property=\"og:image\" content=\"https:\/\/longchangchemical.com\/wp-content\/uploads\/2024\/02\/logo-jpeg.jpg\" \/>\n\t<meta property=\"og:image:width\" content=\"1000\" \/>\n\t<meta property=\"og:image:height\" content=\"1000\" \/>\n\t<meta property=\"og:image:type\" content=\"image\/jpeg\" \/>\n<meta name=\"twitter:card\" content=\"summary_large_image\" \/>\n<script type=\"application\/ld+json\" class=\"yoast-schema-graph\">{\"@context\":\"https:\/\/schema.org\",\"@graph\":[{\"@type\":\"WebPage\",\"@id\":\"https:\/\/longchangchemical.com\/product\/dihydrotepineol-cas-498-81-7\/\",\"url\":\"https:\/\/longchangchemical.com\/product\/dihydrotepineol-cas-498-81-7\/\",\"name\":\"China Dihydrotepineol CAS 498-81-7 Manufacturer - Longchang Chemical\",\"isPartOf\":{\"@id\":\"https:\/\/longchangchemical.com\/#website\"},\"datePublished\":\"2024-04-28T05:48:50+00:00\",\"dateModified\":\"2026-01-12T06:25:30+00:00\",\"description\":\"Dihydrotepineol CAS 498-81-7 is a key product of Longchang Chemical. We provide the best price. We are the leading manufacturer in China with the best quality and competitive price.\",\"breadcrumb\":{\"@id\":\"https:\/\/longchangchemical.com\/product\/dihydrotepineol-cas-498-81-7\/#breadcrumb\"},\"inLanguage\":\"hu\",\"potentialAction\":[{\"@type\":\"ReadAction\",\"target\":[\"https:\/\/longchangchemical.com\/product\/dihydrotepineol-cas-498-81-7\/\"]}]},{\"@type\":\"BreadcrumbList\",\"@id\":\"https:\/\/longchangchemical.com\/product\/dihydrotepineol-cas-498-81-7\/#breadcrumb\",\"itemListElement\":[{\"@type\":\"ListItem\",\"position\":1,\"name\":\"Home\",\"item\":\"https:\/\/longchangchemical.com\/\"},{\"@type\":\"ListItem\",\"position\":2,\"name\":\"Products Longchang\",\"item\":\"https:\/\/longchangchemical.com\/product\/\"},{\"@type\":\"ListItem\",\"position\":3,\"name\":\"Dihydrotepineol CAS 498-81-7\"}]},{\"@type\":\"WebSite\",\"@id\":\"https:\/\/longchangchemical.com\/#website\",\"url\":\"https:\/\/longchangchemical.com\/\",\"name\":\"Longchang Chemical\",\"description\":\"China chemical manufacturer \uff06 supplier\",\"publisher\":{\"@id\":\"https:\/\/longchangchemical.com\/#organization\"},\"potentialAction\":[{\"@type\":\"SearchAction\",\"target\":{\"@type\":\"EntryPoint\",\"urlTemplate\":\"https:\/\/longchangchemical.com\/?s={search_term_string}\"},\"query-input\":{\"@type\":\"PropertyValueSpecification\",\"valueRequired\":true,\"valueName\":\"search_term_string\"}}],\"inLanguage\":\"hu\"},{\"@type\":\"Organization\",\"@id\":\"https:\/\/longchangchemical.com\/#organization\",\"name\":\"Longchang Chemical\",\"url\":\"https:\/\/longchangchemical.com\/\",\"logo\":{\"@type\":\"ImageObject\",\"inLanguage\":\"hu\",\"@id\":\"https:\/\/longchangchemical.com\/#\/schema\/logo\/image\/\",\"url\":\"https:\/\/longchangchemical.com\/wp-content\/uploads\/2020\/08\/cropped-longchang-logo.png\",\"contentUrl\":\"https:\/\/longchangchemical.com\/wp-content\/uploads\/2020\/08\/cropped-longchang-logo.png\",\"width\":512,\"height\":512,\"caption\":\"Longchang Chemical\"},\"image\":{\"@id\":\"https:\/\/longchangchemical.com\/#\/schema\/logo\/image\/\"}}]}<\/script>\n<!-- \/ Yoast SEO plugin. -->","yoast_head_json":{"title":"K\u00edna Dihydrotepineol CAS 498-81-7 Gy\u00e1rt\u00f3 - Longchang Chemical","description":"A dihidrotetepineol CAS 498-81-7 a Longchang Chemical egyik legfontosabb term\u00e9ke. A legjobb \u00e1rat biztos\u00edtjuk. Mi vagyunk a vezet\u0151 gy\u00e1rt\u00f3 K\u00edn\u00e1ban a legjobb min\u0151s\u00e9ggel \u00e9s versenyk\u00e9pes \u00e1rral.","robots":{"index":"index","follow":"follow","max-snippet":"max-snippet:-1","max-image-preview":"max-image-preview:large","max-video-preview":"max-video-preview:-1"},"canonical":"https:\/\/longchangchemical.com\/hu\/product\/dihydrotepineol-cas-498-81-7\/","og_locale":"hu_HU","og_type":"article","og_title":"China Dihydrotepineol CAS 498-81-7 Manufacturer - Longchang Chemical","og_description":"Dihydrotepineol CAS 498-81-7 is a key product of Longchang Chemical. We provide the best price. We are the leading manufacturer in China with the best quality and competitive price.","og_url":"https:\/\/longchangchemical.com\/hu\/product\/dihydrotepineol-cas-498-81-7\/","og_site_name":"Longchang Chemical","article_modified_time":"2026-01-12T06:25:30+00:00","og_image":[{"width":1000,"height":1000,"url":"https:\/\/longchangchemical.com\/wp-content\/uploads\/2024\/02\/logo-jpeg.jpg","type":"image\/jpeg"}],"twitter_card":"summary_large_image","schema":{"@context":"https:\/\/schema.org","@graph":[{"@type":"WebPage","@id":"https:\/\/longchangchemical.com\/product\/dihydrotepineol-cas-498-81-7\/","url":"https:\/\/longchangchemical.com\/product\/dihydrotepineol-cas-498-81-7\/","name":"K\u00edna Dihydrotepineol CAS 498-81-7 Gy\u00e1rt\u00f3 - Longchang Chemical","isPartOf":{"@id":"https:\/\/longchangchemical.com\/#website"},"datePublished":"2024-04-28T05:48:50+00:00","dateModified":"2026-01-12T06:25:30+00:00","description":"A dihidrotetepineol CAS 498-81-7 a Longchang Chemical egyik legfontosabb term\u00e9ke. A legjobb \u00e1rat biztos\u00edtjuk. Mi vagyunk a vezet\u0151 gy\u00e1rt\u00f3 K\u00edn\u00e1ban a legjobb min\u0151s\u00e9ggel \u00e9s versenyk\u00e9pes \u00e1rral.","breadcrumb":{"@id":"https:\/\/longchangchemical.com\/product\/dihydrotepineol-cas-498-81-7\/#breadcrumb"},"inLanguage":"hu","potentialAction":[{"@type":"ReadAction","target":["https:\/\/longchangchemical.com\/product\/dihydrotepineol-cas-498-81-7\/"]}]},{"@type":"BreadcrumbList","@id":"https:\/\/longchangchemical.com\/product\/dihydrotepineol-cas-498-81-7\/#breadcrumb","itemListElement":[{"@type":"ListItem","position":1,"name":"Home","item":"https:\/\/longchangchemical.com\/"},{"@type":"ListItem","position":2,"name":"Products Longchang","item":"https:\/\/longchangchemical.com\/product\/"},{"@type":"ListItem","position":3,"name":"Dihydrotepineol CAS 498-81-7"}]},{"@type":"WebSite","@id":"https:\/\/longchangchemical.com\/#website","url":"https:\/\/longchangchemical.com\/","name":"Longchang Chemical","description":"K\u00edna k\u00e9miai gy\u00e1rt\u00f3 \uff06 sz\u00e1ll\u00edt\u00f3","publisher":{"@id":"https:\/\/longchangchemical.com\/#organization"},"potentialAction":[{"@type":"SearchAction","target":{"@type":"EntryPoint","urlTemplate":"https:\/\/longchangchemical.com\/?s={search_term_string}"},"query-input":{"@type":"PropertyValueSpecification","valueRequired":true,"valueName":"search_term_string"}}],"inLanguage":"hu"},{"@type":"Organization","@id":"https:\/\/longchangchemical.com\/#organization","name":"Longchang Chemical","url":"https:\/\/longchangchemical.com\/","logo":{"@type":"ImageObject","inLanguage":"hu","@id":"https:\/\/longchangchemical.com\/#\/schema\/logo\/image\/","url":"https:\/\/longchangchemical.com\/wp-content\/uploads\/2020\/08\/cropped-longchang-logo.png","contentUrl":"https:\/\/longchangchemical.com\/wp-content\/uploads\/2020\/08\/cropped-longchang-logo.png","width":512,"height":512,"caption":"Longchang Chemical"},"image":{"@id":"https:\/\/longchangchemical.com\/#\/schema\/logo\/image\/"}}]}},"_links":{"self":[{"href":"https:\/\/longchangchemical.com\/hu\/wp-json\/wp\/v2\/product\/6878","targetHints":{"allow":["GET"]}}],"collection":[{"href":"https:\/\/longchangchemical.com\/hu\/wp-json\/wp\/v2\/product"}],"about":[{"href":"https:\/\/longchangchemical.com\/hu\/wp-json\/wp\/v2\/types\/product"}],"replies":[{"embeddable":true,"href":"https:\/\/longchangchemical.com\/hu\/wp-json\/wp\/v2\/comments?post=6878"}],"wp:attachment":[{"href":"https:\/\/longchangchemical.com\/hu\/wp-json\/wp\/v2\/media?parent=6878"}],"wp:term":[{"taxonomy":"product_brand","embeddable":true,"href":"https:\/\/longchangchemical.com\/hu\/wp-json\/wp\/v2\/product_brand?post=6878"},{"taxonomy":"product_cat","embeddable":true,"href":"https:\/\/longchangchemical.com\/hu\/wp-json\/wp\/v2\/product_cat?post=6878"},{"taxonomy":"product_tag","embeddable":true,"href":"https:\/\/longchangchemical.com\/hu\/wp-json\/wp\/v2\/product_tag?post=6878"}],"curies":[{"name":"wp","href":"https:\/\/api.w.org\/{rel}","templated":true}]}}