{"id":6814,"date":"2024-04-07T09:05:44","date_gmt":"2024-04-07T09:05:44","guid":{"rendered":"https:\/\/longchangchemical.com\/?post_type=product&#038;p=6814"},"modified":"2025-12-17T02:23:45","modified_gmt":"2025-12-17T02:23:45","slug":"chitosan-cas-9012-76-4","status":"publish","type":"product","link":"https:\/\/longchangchemical.com\/hu\/product\/chitosan-cas-9012-76-4\/","title":{"rendered":"Kitoz\u00e1n CAS 9012-76-4"},"content":{"rendered":"<h1><strong>Kitoz\u00e1n CAS 9012-76-4<\/strong><\/h1>\n<table class=\"table-1\" cellspacing=\"0\">\n<tbody>\n<tr>\n<td>T\u00e9tel<\/td>\n<td>M\u0171szaki adatok<\/td>\n<td>Eredm\u00e9nyek<\/td>\n<\/tr>\n<tr>\n<td>Megjelen\u00e9s<\/td>\n<td>s\u00e1rg\u00e1s por<\/td>\n<td>S\u00e1rg\u00e1s sz\u00edn\u0171 por<\/td>\n<\/tr>\n<tr>\n<td>Fokozat<\/td>\n<td>Ipari min\u0151s\u00e9g\u0171<\/td>\n<td>Ipari min\u0151s\u00e9g\u0171<\/td>\n<\/tr>\n<tr>\n<td>A deacetilez\u00e9s m\u00e9rt\u00e9ke<\/td>\n<td>\u226585%<\/td>\n<td>86.7%<\/td>\n<\/tr>\n<tr>\n<td>V\u00edz<\/td>\n<td>\u226410%<\/td>\n<td>8.2<\/td>\n<\/tr>\n<tr>\n<td>Ash<\/td>\n<td>\u22642.0%<\/td>\n<td>1.30%<\/td>\n<\/tr>\n<tr>\n<td>Viszkozit\u00e1s\uff08mPa.s\uff09<\/td>\n<td>20-200<\/td>\n<td>40<\/td>\n<\/tr>\n<tr>\n<td>Arz\u00e9n(mg\/kg)<\/td>\n<td>\uff1c1.0<\/td>\n<td>0.4<\/td>\n<\/tr>\n<tr>\n<td>\u00d3lom (mg\/kg)<\/td>\n<td>\uff1c0.5<\/td>\n<td>0.3<\/td>\n<\/tr>\n<tr>\n<td>Higany (mg\/kg)<\/td>\n<td>\u22640.3<\/td>\n<td>0.1<\/td>\n<\/tr>\n<tr>\n<td>H\u00e1l\u00f3<\/td>\n<td>-<\/td>\n<td>80<\/td>\n<\/tr>\n<\/tbody>\n<\/table>\n<p><strong>Kitoz\u00e1n felhaszn\u00e1l\u00e1s<\/strong><\/p>\n<p>1. Az \u00e9lelmiszeriparban term\u00e9szetes, nem m\u00e9rgez\u0151 tart\u00f3s\u00edt\u00f3szer, flokkul\u00e1ns, \u00e9s k\u00e9pes adszorbe\u00e1lni a v\u00edz kadmium, higany, r\u00e9z \u00e9s m\u00e1s neh\u00e9zf\u00e9m-ionokat.<\/p>\n<p>2. Ipari szennyv\u00edz- \u00e9s kommun\u00e1lis szennyv\u00edzkezel\u0151 anyagk\u00e9nt, csapad\u00e9kkiv\u00e1laszt\u00f3 anyagk\u00e9nt, s\u0171r\u00edt\u0151szerk\u00e9nt, stabiliz\u00e1tork\u00e9nt, zsel\u00e9s\u00edt\u0151szerk\u00e9nt, k\u00f6t\u0151anyagk\u00e9nt haszn\u00e1lj\u00e1k.<\/p>\n<p>3. A savas anyagok pen\u00e9szed\u00e9se ellen is haszn\u00e1lhat\u00f3, a fel\u00fcleten \u00e1tl\u00e1tsz\u00f3, f\u00e9lig \u00e1tereszt\u0151 filmet k\u00e9pez.Haszn\u00e1lj\u00e1k a term\u00e9kek, s\u00fct\u0151ipari term\u00e9kek, keny\u00e9r, olajos \u00e9telek stb. gy\u00f3gy\u00edt\u00e1s\u00e1ra.<\/p>\n<p>4. A kitoz\u00e1n biokompatibilis, antibakteri\u00e1lis \u00e9s biol\u00f3giailag leboml\u00f3 polielektrolit, amelynek sz\u00e1mos biomedicin\u00e1lis \u00e9s ipari alkalmaz\u00e1sa van.<\/p>\n<p><strong>Kitoz\u00e1n csomagol\u00e1s \u00e9s sz\u00e1ll\u00edt\u00e1s<\/strong><\/p>\n<p>Csomagol\u00e1s: 25 kg\/dob tengeri vagy l\u00e9gi \u00faton.<\/p>\n<p><strong>Kitoz\u00e1n t\u00e1rol\u00e1sa<\/strong><\/p>\n<p>Rakt\u00e1ri szell\u0151ztet\u00e9s \u00e9s alacsony h\u0151m\u00e9rs\u00e9klet\u0171 sz\u00e1r\u00edt\u00e1s.<\/p>\n<h2><strong><b>L\u00e9pjen kapcsolatba vel\u00fcnk most!<\/b><\/strong><\/h2>\n<h4><strong><b>Ha \u00e1rra van sz\u00fcks\u00e9ge, k\u00e9rj\u00fck, t\u00f6ltse ki el\u00e9rhet\u0151s\u00e9g\u00e9t az al\u00e1bbi \u0171rlapon, \u00e1ltal\u00e1ban 24 \u00f3r\u00e1n bel\u00fcl felvessz\u00fck \u00d6nnel a kapcsolatot. \u00d6n is k\u00fcldhet nekem e-mailt <a href=\"mailto:info@longchangchemical.com\"><span style=\"color: #00ccff;\">info@longchangchemical.com<\/span><\/a>\u00a0munkaid\u0151ben ( 8:30-18:00 UTC+8 H.-Szombat ) vagy haszn\u00e1lja a weboldal \u00e9l\u0151 chatj\u00e9t, hogy azonnali v\u00e1laszt kapjon.<\/b><\/strong><\/h4>","protected":false},"excerpt":{"rendered":"<p><strong>Kitoz\u00e1n gyors r\u00e9szletek<\/strong><\/p>\n<p>K\u00e9miai n\u00e9v: kitoz\u00e1n<\/p>\n<p>CAS-sz\u00e1m: 9012-76-4<\/p>\n<p>Molekul\u00e1ris k\u00e9plet: C6H11NO4X2<\/p>\n<p>Molekulat\u00f6meg: 161,16<\/p>\n<p>Megjelen\u00e9s: s\u00e1rg\u00e1s por<\/p>","protected":false},"featured_media":6836,"comment_status":"open","ping_status":"closed","template":"","meta":[],"product_brand":[],"product_cat":[15],"product_tag":[],"class_list":{"0":"post-6814","1":"product","2":"type-product","3":"status-publish","4":"has-post-thumbnail","6":"product_cat-food-additives","8":"first","9":"instock","10":"shipping-taxable","11":"product-type-simple"},"yoast_head":"<!-- This site is optimized with the Yoast SEO plugin v25.3.1 - https:\/\/yoast.com\/wordpress\/plugins\/seo\/ -->\n<title>China Chitosan CAS 9012-76-4 Manufacturer - Longchang Chemical<\/title>\n<meta name=\"description\" content=\"Chitosan CAS 9012-76-4 is a key product of Longchang Chemical. We provide the best price. We are the leading manufacturer in China with the best quality and competitive price.\" \/>\n<meta name=\"robots\" content=\"index, follow, max-snippet:-1, max-image-preview:large, max-video-preview:-1\" \/>\n<link rel=\"canonical\" href=\"https:\/\/longchangchemical.com\/hu\/product\/chitosan-cas-9012-76-4\/\" \/>\n<meta property=\"og:locale\" content=\"hu_HU\" \/>\n<meta property=\"og:type\" content=\"article\" \/>\n<meta property=\"og:title\" content=\"China Chitosan CAS 9012-76-4 Manufacturer - Longchang Chemical\" \/>\n<meta property=\"og:description\" content=\"Chitosan CAS 9012-76-4 is a key product of Longchang Chemical. We provide the best price. We are the leading manufacturer in China with the best quality and competitive price.\" \/>\n<meta property=\"og:url\" content=\"https:\/\/longchangchemical.com\/hu\/product\/chitosan-cas-9012-76-4\/\" \/>\n<meta property=\"og:site_name\" content=\"Longchang Chemical\" \/>\n<meta property=\"article:modified_time\" content=\"2025-12-17T02:23:45+00:00\" \/>\n<meta property=\"og:image\" content=\"https:\/\/longchangchemical.com\/wp-content\/uploads\/2024\/04\/Chitosan-CAS-9012-76-4-.jpg\" \/>\n\t<meta property=\"og:image:width\" content=\"800\" \/>\n\t<meta property=\"og:image:height\" content=\"800\" \/>\n\t<meta property=\"og:image:type\" content=\"image\/jpeg\" \/>\n<meta name=\"twitter:card\" content=\"summary_large_image\" \/>\n<script type=\"application\/ld+json\" class=\"yoast-schema-graph\">{\"@context\":\"https:\/\/schema.org\",\"@graph\":[{\"@type\":\"WebPage\",\"@id\":\"https:\/\/longchangchemical.com\/product\/chitosan-cas-9012-76-4\/\",\"url\":\"https:\/\/longchangchemical.com\/product\/chitosan-cas-9012-76-4\/\",\"name\":\"China Chitosan CAS 9012-76-4 Manufacturer - Longchang Chemical\",\"isPartOf\":{\"@id\":\"https:\/\/longchangchemical.com\/#website\"},\"primaryImageOfPage\":{\"@id\":\"https:\/\/longchangchemical.com\/product\/chitosan-cas-9012-76-4\/#primaryimage\"},\"image\":{\"@id\":\"https:\/\/longchangchemical.com\/product\/chitosan-cas-9012-76-4\/#primaryimage\"},\"thumbnailUrl\":\"https:\/\/longchangchemical.com\/wp-content\/uploads\/2024\/04\/Chitosan-CAS-9012-76-4-.jpg\",\"datePublished\":\"2024-04-07T09:05:44+00:00\",\"dateModified\":\"2025-12-17T02:23:45+00:00\",\"description\":\"Chitosan CAS 9012-76-4 is a key product of Longchang Chemical. We provide the best price. We are the leading manufacturer in China with the best quality and competitive price.\",\"breadcrumb\":{\"@id\":\"https:\/\/longchangchemical.com\/product\/chitosan-cas-9012-76-4\/#breadcrumb\"},\"inLanguage\":\"hu\",\"potentialAction\":[{\"@type\":\"ReadAction\",\"target\":[\"https:\/\/longchangchemical.com\/product\/chitosan-cas-9012-76-4\/\"]}]},{\"@type\":\"ImageObject\",\"inLanguage\":\"hu\",\"@id\":\"https:\/\/longchangchemical.com\/product\/chitosan-cas-9012-76-4\/#primaryimage\",\"url\":\"https:\/\/longchangchemical.com\/wp-content\/uploads\/2024\/04\/Chitosan-CAS-9012-76-4-.jpg\",\"contentUrl\":\"https:\/\/longchangchemical.com\/wp-content\/uploads\/2024\/04\/Chitosan-CAS-9012-76-4-.jpg\",\"width\":800,\"height\":800},{\"@type\":\"BreadcrumbList\",\"@id\":\"https:\/\/longchangchemical.com\/product\/chitosan-cas-9012-76-4\/#breadcrumb\",\"itemListElement\":[{\"@type\":\"ListItem\",\"position\":1,\"name\":\"Home\",\"item\":\"https:\/\/longchangchemical.com\/\"},{\"@type\":\"ListItem\",\"position\":2,\"name\":\"Products Longchang\",\"item\":\"https:\/\/longchangchemical.com\/product\/\"},{\"@type\":\"ListItem\",\"position\":3,\"name\":\"Chitosan CAS 9012-76-4\"}]},{\"@type\":\"WebSite\",\"@id\":\"https:\/\/longchangchemical.com\/#website\",\"url\":\"https:\/\/longchangchemical.com\/\",\"name\":\"Longchang Chemical\",\"description\":\"China chemical manufacturer \uff06 supplier\",\"publisher\":{\"@id\":\"https:\/\/longchangchemical.com\/#organization\"},\"potentialAction\":[{\"@type\":\"SearchAction\",\"target\":{\"@type\":\"EntryPoint\",\"urlTemplate\":\"https:\/\/longchangchemical.com\/?s={search_term_string}\"},\"query-input\":{\"@type\":\"PropertyValueSpecification\",\"valueRequired\":true,\"valueName\":\"search_term_string\"}}],\"inLanguage\":\"hu\"},{\"@type\":\"Organization\",\"@id\":\"https:\/\/longchangchemical.com\/#organization\",\"name\":\"Longchang Chemical\",\"url\":\"https:\/\/longchangchemical.com\/\",\"logo\":{\"@type\":\"ImageObject\",\"inLanguage\":\"hu\",\"@id\":\"https:\/\/longchangchemical.com\/#\/schema\/logo\/image\/\",\"url\":\"https:\/\/longchangchemical.com\/wp-content\/uploads\/2020\/08\/cropped-longchang-logo.png\",\"contentUrl\":\"https:\/\/longchangchemical.com\/wp-content\/uploads\/2020\/08\/cropped-longchang-logo.png\",\"width\":512,\"height\":512,\"caption\":\"Longchang Chemical\"},\"image\":{\"@id\":\"https:\/\/longchangchemical.com\/#\/schema\/logo\/image\/\"}}]}<\/script>\n<!-- \/ Yoast SEO plugin. -->","yoast_head_json":{"title":"K\u00edna kitoz\u00e1n CAS 9012-76-4 gy\u00e1rt\u00f3 - Longchang Chemical","description":"A kitoz\u00e1n CAS 9012-76-4 a Longchang Chemical egyik legfontosabb term\u00e9ke. A legjobb \u00e1rat biztos\u00edtjuk. Mi vagyunk a vezet\u0151 gy\u00e1rt\u00f3 K\u00edn\u00e1ban a legjobb min\u0151s\u00e9ggel \u00e9s versenyk\u00e9pes \u00e1rral.","robots":{"index":"index","follow":"follow","max-snippet":"max-snippet:-1","max-image-preview":"max-image-preview:large","max-video-preview":"max-video-preview:-1"},"canonical":"https:\/\/longchangchemical.com\/hu\/product\/chitosan-cas-9012-76-4\/","og_locale":"hu_HU","og_type":"article","og_title":"China Chitosan CAS 9012-76-4 Manufacturer - Longchang Chemical","og_description":"Chitosan CAS 9012-76-4 is a key product of Longchang Chemical. We provide the best price. We are the leading manufacturer in China with the best quality and competitive price.","og_url":"https:\/\/longchangchemical.com\/hu\/product\/chitosan-cas-9012-76-4\/","og_site_name":"Longchang Chemical","article_modified_time":"2025-12-17T02:23:45+00:00","og_image":[{"width":800,"height":800,"url":"https:\/\/longchangchemical.com\/wp-content\/uploads\/2024\/04\/Chitosan-CAS-9012-76-4-.jpg","type":"image\/jpeg"}],"twitter_card":"summary_large_image","schema":{"@context":"https:\/\/schema.org","@graph":[{"@type":"WebPage","@id":"https:\/\/longchangchemical.com\/product\/chitosan-cas-9012-76-4\/","url":"https:\/\/longchangchemical.com\/product\/chitosan-cas-9012-76-4\/","name":"K\u00edna kitoz\u00e1n CAS 9012-76-4 gy\u00e1rt\u00f3 - Longchang Chemical","isPartOf":{"@id":"https:\/\/longchangchemical.com\/#website"},"primaryImageOfPage":{"@id":"https:\/\/longchangchemical.com\/product\/chitosan-cas-9012-76-4\/#primaryimage"},"image":{"@id":"https:\/\/longchangchemical.com\/product\/chitosan-cas-9012-76-4\/#primaryimage"},"thumbnailUrl":"https:\/\/longchangchemical.com\/wp-content\/uploads\/2024\/04\/Chitosan-CAS-9012-76-4-.jpg","datePublished":"2024-04-07T09:05:44+00:00","dateModified":"2025-12-17T02:23:45+00:00","description":"A kitoz\u00e1n CAS 9012-76-4 a Longchang Chemical egyik legfontosabb term\u00e9ke. A legjobb \u00e1rat biztos\u00edtjuk. Mi vagyunk a vezet\u0151 gy\u00e1rt\u00f3 K\u00edn\u00e1ban a legjobb min\u0151s\u00e9ggel \u00e9s versenyk\u00e9pes \u00e1rral.","breadcrumb":{"@id":"https:\/\/longchangchemical.com\/product\/chitosan-cas-9012-76-4\/#breadcrumb"},"inLanguage":"hu","potentialAction":[{"@type":"ReadAction","target":["https:\/\/longchangchemical.com\/product\/chitosan-cas-9012-76-4\/"]}]},{"@type":"ImageObject","inLanguage":"hu","@id":"https:\/\/longchangchemical.com\/product\/chitosan-cas-9012-76-4\/#primaryimage","url":"https:\/\/longchangchemical.com\/wp-content\/uploads\/2024\/04\/Chitosan-CAS-9012-76-4-.jpg","contentUrl":"https:\/\/longchangchemical.com\/wp-content\/uploads\/2024\/04\/Chitosan-CAS-9012-76-4-.jpg","width":800,"height":800},{"@type":"BreadcrumbList","@id":"https:\/\/longchangchemical.com\/product\/chitosan-cas-9012-76-4\/#breadcrumb","itemListElement":[{"@type":"ListItem","position":1,"name":"Home","item":"https:\/\/longchangchemical.com\/"},{"@type":"ListItem","position":2,"name":"Products Longchang","item":"https:\/\/longchangchemical.com\/product\/"},{"@type":"ListItem","position":3,"name":"Chitosan CAS 9012-76-4"}]},{"@type":"WebSite","@id":"https:\/\/longchangchemical.com\/#website","url":"https:\/\/longchangchemical.com\/","name":"Longchang Chemical","description":"K\u00edna k\u00e9miai gy\u00e1rt\u00f3 \uff06 sz\u00e1ll\u00edt\u00f3","publisher":{"@id":"https:\/\/longchangchemical.com\/#organization"},"potentialAction":[{"@type":"SearchAction","target":{"@type":"EntryPoint","urlTemplate":"https:\/\/longchangchemical.com\/?s={search_term_string}"},"query-input":{"@type":"PropertyValueSpecification","valueRequired":true,"valueName":"search_term_string"}}],"inLanguage":"hu"},{"@type":"Organization","@id":"https:\/\/longchangchemical.com\/#organization","name":"Longchang Chemical","url":"https:\/\/longchangchemical.com\/","logo":{"@type":"ImageObject","inLanguage":"hu","@id":"https:\/\/longchangchemical.com\/#\/schema\/logo\/image\/","url":"https:\/\/longchangchemical.com\/wp-content\/uploads\/2020\/08\/cropped-longchang-logo.png","contentUrl":"https:\/\/longchangchemical.com\/wp-content\/uploads\/2020\/08\/cropped-longchang-logo.png","width":512,"height":512,"caption":"Longchang Chemical"},"image":{"@id":"https:\/\/longchangchemical.com\/#\/schema\/logo\/image\/"}}]}},"_links":{"self":[{"href":"https:\/\/longchangchemical.com\/hu\/wp-json\/wp\/v2\/product\/6814","targetHints":{"allow":["GET"]}}],"collection":[{"href":"https:\/\/longchangchemical.com\/hu\/wp-json\/wp\/v2\/product"}],"about":[{"href":"https:\/\/longchangchemical.com\/hu\/wp-json\/wp\/v2\/types\/product"}],"replies":[{"embeddable":true,"href":"https:\/\/longchangchemical.com\/hu\/wp-json\/wp\/v2\/comments?post=6814"}],"wp:featuredmedia":[{"embeddable":true,"href":"https:\/\/longchangchemical.com\/hu\/wp-json\/wp\/v2\/media\/6836"}],"wp:attachment":[{"href":"https:\/\/longchangchemical.com\/hu\/wp-json\/wp\/v2\/media?parent=6814"}],"wp:term":[{"taxonomy":"product_brand","embeddable":true,"href":"https:\/\/longchangchemical.com\/hu\/wp-json\/wp\/v2\/product_brand?post=6814"},{"taxonomy":"product_cat","embeddable":true,"href":"https:\/\/longchangchemical.com\/hu\/wp-json\/wp\/v2\/product_cat?post=6814"},{"taxonomy":"product_tag","embeddable":true,"href":"https:\/\/longchangchemical.com\/hu\/wp-json\/wp\/v2\/product_tag?post=6814"}],"curies":[{"name":"wp","href":"https:\/\/api.w.org\/{rel}","templated":true}]}}