{"id":6764,"date":"2024-03-22T06:14:09","date_gmt":"2024-03-22T06:14:09","guid":{"rendered":"https:\/\/longchangchemical.com\/?post_type=product&#038;p=6764"},"modified":"2025-12-17T02:26:44","modified_gmt":"2025-12-17T02:26:44","slug":"amp-95-cas-124-68-5","status":"publish","type":"product","link":"https:\/\/longchangchemical.com\/hu\/product\/amp-95-cas-124-68-5\/","title":{"rendered":"AMP-95 CAS 124-68-5"},"content":{"rendered":"<p><strong>2-Amino-2-metil-1-propanol R\u00e9szletez\u00e9s<\/strong><\/p>\n<p>K\u00e9miai n\u00e9v: AMP-95 MULTIFUNKCI\u00d3S SZERVES-AMIN SZER<\/p>\n<p>CAS-sz\u00e1m: 124-68-5<\/p>\n<p>Molekul\u00e1ris fomula: N\u00d3MA: C4H11NO<\/p>\n<p>K\u00e9miai szerkezet:\u00a0<img decoding=\"async\" class=\"alignnone wp-image-195152 size-full\" src=\"https:\/\/longchangchemical.com\/wp-content\/uploads\/2023\/12\/2-Amino-2-methyl-1-propanol-CAS-124-68-5.png\" alt=\"2-Amino-2-metil-1-propanol CAS 124-68-5\" width=\"160\" height=\"86\" \/><\/p>\n<p>Molekulat\u00f6meg: 89,14<\/p>\n<p>Megjelen\u00e9s: mechanikai szennyez\u0151d\u00e9sek n\u00e9lk\u00fcl.<\/p>\n<p><b>AMP-95 Tipikus tulajdons\u00e1gok:<\/b><\/p>\n<p><a href=\"https:\/\/longchangchemical.com\/wp-content\/uploads\/2023\/12\/2-Amino-2-methyl-1-propanol-CAS-124-68-5-1.png\" data-caption=\"\"><img decoding=\"async\" class=\"alignnone size-full wp-image-195153\" src=\"https:\/\/longchangchemical.com\/wp-content\/uploads\/2023\/12\/2-Amino-2-methyl-1-propanol-CAS-124-68-5-1.png\" sizes=\"(max-width: 635px) 100vw, 635px\" srcset=\"https:\/\/longchangchemical.com\/wp-content\/uploads\/2023\/12\/2-Amino-2-methyl-1-propanol-CAS-124-68-5-1-500x170.png 500w, https:\/\/longchangchemical.com\/wp-content\/uploads\/2023\/12\/2-Amino-2-methyl-1-propanol-CAS-124-68-5-1.png 635w\" alt=\"2-Amino-2-metil-1-propanol CAS 124-68-5\" width=\"635\" height=\"216\" \/><\/a><\/p>\n<p><b>AMP-95 Haszn\u00e1lat:<\/b><\/p>\n<p>1. K\u00fcl\u00f6nb\u00f6z\u0151 t\u00edpus\u00fa latex fest\u00e9kek<\/p>\n<p>2. V\u00edzb\u00e1zis\u00fa ipari fest\u00e9k<\/p>\n<p>3. Szintetikus emulzi\u00f3<\/p>\n<p>4. V\u00edzb\u00e1zis\u00fa ragaszt\u00f3k<\/p>\n<p><b>Haszn\u00e1lat m\u00f3dja<\/b><\/p>\n<p>1 Az adagol\u00e1s 0,1~1,0% a k\u00e9plet teljes t\u00f6meg\u00e9b\u0151l.<\/p>\n<p>2 A teljes mennyis\u00e9g 1\/3~1\/2 r\u00e9sz\u00e9t a p\u00e9pes\u00edt\u00e9si szakaszban, a t\u00f6bbit pedig a fest\u00e9kkever\u00e9si szakaszban adja hozz\u00e1.<\/p>\n<p>3 Adja a diszperg\u00e1l\u00f3szerrel egy\u00fctt a v\u00edzhez a p\u00e9pes\u00edt\u00e9s szakasz\u00e1ban, majd a teljes felold\u00f3d\u00e1s ut\u00e1n gyors kever\u00e9s mellett adjon hozz\u00e1 pigment t\u00f6lt\u0151anyagot. Adjunk hozz\u00e1 pigment t\u00f6lt\u0151anyagot gyors kever\u00e9s mellett, sorban<\/p>\n<p>4 A fest\u00e9kkever\u00e9s szakasz\u00e1ban el\u0151sz\u00f6r h\u00edg\u00edtsa fel 2~5-sz\u00f6r\u00f6s v\u00edzzel, majd kever\u00e9s k\u00f6zben lassan adja hozz\u00e1.<\/p>\n<p><b>AMP-95 Csomagol\u00e1s:<\/b><\/p>\n<p>Csomagol\u00e1s: 200 kg\/dob vagy 1 tonna\/dob<\/p>\n<p><b>AMP-95 t\u00e1rol\u00e1s<\/b><b>\uff1a<\/b><\/p>\n<p>K\u00f6zvetlen napf\u00e9nyt\u0151l \u00e9s v\u00edzt\u0151l v\u00e9dett, h\u0171v\u00f6s, sz\u00e1raz helyen t\u00e1rolva.<\/p>\n<p>Szell\u0151ztetett rakt\u00e1r, alacsony h\u0151m\u00e9rs\u00e9klet\u0171 sz\u00e1r\u00edt\u00e1s.<\/p>\n<h2><strong><b>L\u00e9pjen kapcsolatba vel\u00fcnk most!<\/b><\/strong><\/h2>\n<h4><strong><b>Ha sz\u00fcks\u00e9ge van Price-ra, k\u00e9rj\u00fck, t\u00f6ltse ki el\u00e9rhet\u0151s\u00e9g\u00e9t az al\u00e1bbi \u0171rlapon, \u00e1ltal\u00e1ban 24 \u00f3r\u00e1n bel\u00fcl felvessz\u00fck \u00d6nnel a kapcsolatot. \u00d6n is k\u00fcldhet nekem e-mailt\u00a0<span style=\"color: #00ccff;\"><a style=\"color: #00ccff;\" href=\"mailto:info@longchangchemical.com\">info@longchangchemical.com<\/a>\u00a0<\/span>munkaid\u0151ben ( 8:30-18:00 UTC+8 H.-Szombat ) vagy haszn\u00e1lja a weboldal \u00e9l\u0151 chatj\u00e9t, hogy azonnali v\u00e1laszt kapjon.<\/b><\/strong><\/h4>\n<p><!--more--><\/p>\n<p>Fizikai tulajdons\u00e1gok<\/p>\n<p>&nbsp;<\/p>\n<p>A fizikai tulajdons\u00e1gok a kataliz\u00e1tor alakj\u00e1t, szerkezet\u00e9t, s\u0171r\u0171s\u00e9g\u00e9t, r\u00e9szecskem\u00e9ret\u00e9t \u00e9s egy\u00e9b tulajdons\u00e1gait jelzik. \u00c1ltal\u00e1ban \u00f6t f\u0151 elemet foglalnak magukban: fajlagos fel\u00fclet, p\u00f3rust\u00e9rfogat, l\u00e1tsz\u00f3lagos \u00f6mlesztett s\u0171r\u0171s\u00e9g, kop\u00e1si index \u00e9s szita\u00f6sszet\u00e9tel. Ezeket az al\u00e1bbiakban r\u00f6viden ismertetj\u00fck:<\/p>\n<p>&nbsp;<\/p>\n<p>1\u3001Specifikus fel\u00fclet<\/p>\n<p>A kataliz\u00e1tor fajlagos fel\u00fclete a bels\u0151 fel\u00fclet \u00e9s a k\u00fcls\u0151 fel\u00fclet \u00f6sszege. A bels\u0151 fel\u00fclet a kataliz\u00e1tor mikrop\u00f3rusain bel\u00fcli fel\u00fcletet jelenti, m\u00edg a k\u00fcls\u0151 fel\u00fclet a kataliz\u00e1tor mikrop\u00f3rusain k\u00edv\u00fcli fel\u00fcletet, \u00e9s \u00e1ltal\u00e1ban a bels\u0151 fel\u00fclet sokkal nagyobb, mint a k\u00fcls\u0151 fel\u00fclet. A kataliz\u00e1tor t\u00f6megegys\u00e9g\u00e9re jut\u00f3 fel\u00fcletet fajlagos fel\u00fcletnek nevezz\u00fck.<\/p>\n<p>&nbsp;<\/p>\n<p>A fajlagos fel\u00fclet fontos mutat\u00f3 a kataliz\u00e1tor teljes\u00edtm\u00e9ny\u00e9nek m\u00e9r\u00e9s\u00e9re. A k\u00fcl\u00f6nb\u00f6z\u0151 term\u00e9kek eset\u00e9ben a fajlagos fel\u00fclet \u00e9s az aktivit\u00e1s k\u00f6z\u00f6tt nincs k\u00f6zvetlen megfeleltet\u00e9s a k\u00fcl\u00f6nb\u00f6z\u0151 hordoz\u00f3k \u00e9s el\u0151\u00e1ll\u00edt\u00e1si elj\u00e1r\u00e1sok miatt.<\/p>\n<p>A fajlagos fel\u00fclet meghat\u00e1roz\u00e1s\u00e1ra haszn\u00e1lt m\u00f3dszer a nitrog\u00e9n-adszorpci\u00f3s kapacit\u00e1s m\u00f3dszer.<\/p>\n<p>&nbsp;<\/p>\n<p>2\u3001Pore volume<\/p>\n<p>&nbsp;<\/p>\n<p>A p\u00f3rust\u00e9rfogat a kataliz\u00e1tor p\u00f3russzerkezet\u00e9t le\u00edr\u00f3 fizikai mennyis\u00e9g. A p\u00f3russzerkezet nemcsak a kataliz\u00e1tor aktivit\u00e1s\u00e1t \u00e9s szelektivit\u00e1s\u00e1t befoly\u00e1solja, hanem a kataliz\u00e1tor mechanikai szil\u00e1rds\u00e1g\u00e1t, \u00e9lettartam\u00e1t \u00e9s h\u0151\u00e1ll\u00f3s\u00e1g\u00e1t is.<\/p>\n<p>&nbsp;<\/p>\n<p>A p\u00f3rust\u00e9rfogat a por\u00f3zus kataliz\u00e1tor r\u00e9szecsk\u00e9kben l\u00e9v\u0151 mikrop\u00f3rusok t\u00e9rfogat\u00e1nak \u00f6sszege, \u00e9s a m\u00e9rt\u00e9kegys\u00e9g ml\/g. A p\u00f3rust\u00e9rfogat m\u00e9rete els\u0151sorban a kataliz\u00e1torban l\u00e9v\u0151 hordoz\u00f3val \u00e1ll szoros kapcsolatban. Ugyanazon t\u00edpus\u00fa kataliz\u00e1tor eset\u00e9ben a p\u00f3rust\u00e9rfogat cs\u00f6kken, m\u00edg a p\u00f3rus\u00e1tm\u00e9r\u0151 n\u0151 a haszn\u00e1lat sor\u00e1n.<\/p>\n<p>&nbsp;<\/p>\n<p>A p\u00f3rust\u00e9rfogatot v\u00edzcseppes m\u00f3dszerrel m\u00e9rik.<\/p>\n<p>&nbsp;<\/p>\n<p>3. Kop\u00e1si index<\/p>\n<p>&nbsp;<\/p>\n<p>Egy kiv\u00e1l\u00f3 FCC-kataliz\u00e1tornak a magas aktivit\u00e1s \u00e9s a j\u00f3 szelektivit\u00e1s mellett bizonyos kop\u00e1s\u00e1ll\u00f3 mechanikai szil\u00e1rds\u00e1ggal is rendelkeznie kell. A gyenge mechanikai szil\u00e1rds\u00e1g\u00fa kataliz\u00e1tor nemcsak sok vesztes\u00e9get okoz a m\u0171k\u00f6d\u00e9s sor\u00e1n, n\u00f6veli a kataliz\u00e1tor adagj\u00e1t \u00e9s szennyezi a k\u00f6rnyezetet, hanem s\u00falyosan k\u00e1ros\u00edtja a kataliz\u00e1tor \u00e9sszer\u0171 eloszl\u00e1s\u00e1t a h\u00edg \u00e9s s\u0171r\u0171 f\u00e1zisokban, \u00e9s m\u00e9g a termel\u0151egys\u00e9get is m\u0171k\u00f6d\u00e9sk\u00e9ptelenn\u00e9 teszi.<\/p>\n<p>&nbsp;<\/p>\n<p>A kataliz\u00e1tor kop\u00e1s\u00e1ll\u00f3s\u00e1g\u00e1nak nagys\u00e1g\u00e1t a k\u00f6t\u0151anyag t\u00edpusa hat\u00e1rozza meg az el\u0151k\u00e9sz\u00edt\u00e9si folyamatban. \u00c1ltal\u00e1ban az alum\u00ednium-szol k\u00f6t\u0151anyagot tartalmaz\u00f3 kataliz\u00e1tor rendelkezik a legjobb szil\u00e1rds\u00e1ggal \u00e9s a legkisebb kop\u00e1si indexszel, m\u00edg a teljesen szintetikus szilika-alum\u00ednium-szol k\u00f6t\u0151anyagot tartalmaz\u00f3 kataliz\u00e1tor rendelkezik a legrosszabb szil\u00e1rds\u00e1ggal \u00e9s a legnagyobb kop\u00e1si indexszel.<\/p>\n<p>&nbsp;<\/p>\n<p>Jelenleg a \"kop\u00e1si indexet\" haszn\u00e1lj\u00e1k a mikrog\u00f6mbkataliz\u00e1torok kop\u00e1s\u00e1ll\u00f3s\u00e1g\u00e1nak \u00e9rt\u00e9kel\u00e9s\u00e9re. A m\u00e9r\u00e9si m\u00f3dszer a k\u00f6vetkez\u0151: Tegy\u00fcnk bizonyos mennyis\u00e9g\u0171 kataliz\u00e1tort a kop\u00e1sindex m\u00e9r\u0151eszk\u00f6zbe, majd f\u00fajjuk a kataliz\u00e1tort 5 \u00f3r\u00e1n kereszt\u00fcl \u00e1lland\u00f3 g\u00e1zsebess\u00e9g mellett, dobjuk ki az els\u0151 \u00f3r\u00e1ban kif\u00fajt 15\u03bc r\u00e9sz\u00e9nek s\u00faly\u00e1b\u00f3l az \u00f3r\u00e1nk\u00e9nt kif\u00fajt &lt;15\u03bc mint\u00e1k sz\u00e1zal\u00e9kos ar\u00e1nya az eredeti mint\u00e1kban), majd sz\u00e1m\u00edtsa ki a kataliz\u00e1tor kop\u00e1si index\u00e9t %h-1-ben, majd sz\u00e1m\u00edtsa ki a kop\u00e1si indexet %h-1-ben. A m\u00e9rt\u00e9kegys\u00e9g %h-1.<\/p>\n<p>A kataliz\u00e1tor kop\u00e1si index\u00e9nek elemz\u00e9s\u00e9re jelenleg az egyenes cs\u00f6ves m\u00f3dszer haszn\u00e1latos.<\/p>\n<p>&nbsp;<\/p>\n<p>4. R\u00e9szecskem\u00e9ret-eloszl\u00e1s (szit\u00e1l\u00e1s)<\/p>\n<p>&nbsp;<\/p>\n<p>Az FCC-kataliz\u00e1tornak j\u00f3 szemcsem\u00e9ret-eloszl\u00e1s\u00fanak kell lennie a j\u00f3 fluidiz\u00e1ci\u00f3 biztos\u00edt\u00e1sa \u00e9rdek\u00e9ben. \u00c1ltal\u00e1noss\u00e1gban megk\u00f6vetelik, hogy a kataliz\u00e1tor r\u00e9szecsk\u00e9i legfeljebb 25% 80\u03bcm legyenek.<\/p>\n<p>Fluidiz\u00e1lt \u00e1llapotban a kataliz\u00e1tor \u00e1ltal koptat\u00e1s \u00e9s \u00fctk\u00f6z\u00e9s k\u00f6vetkezt\u00e9ben keletkez\u0151 &lt;20\u03bcm finom por k\u00f6nnyen elfolyhat a ciklonszepar\u00e1torb\u00f3l. \u00c1ltal\u00e1noss\u00e1gban elmondhat\u00f3, hogy min\u00e9l rosszabb a kataliz\u00e1tor kop\u00e1s\u00e1ll\u00f3s\u00e1ga, ann\u00e1l s\u00falyosabb az elfoly\u00e1s. Az FCC-\u00fczemben a termel\u00e9s kiegyens\u00falyoz\u00e1sa \u00e9rdek\u00e9ben folyamatosan p\u00f3tolni kell ezt az elszaladt kataliz\u00e1tort. Ha a kataliz\u00e1tornak t\u00f6bb a finomszemcs\u00e9je, kev\u00e9sb\u00e9 er\u0151s \u00e9s t\u00f6bb a kifut\u00e1sa, akkor a p\u00f3tl\u00e1shoz sz\u00fcks\u00e9ges friss kataliz\u00e1tor mennyis\u00e9ge nagyobb lesz, \u00e9s a termel\u00e9si k\u00f6lts\u00e9gek n\u00f6vekedni fognak. Min\u00e9l finomabbak a kataliz\u00e1tor r\u00e9szecsk\u00e9k, ann\u00e1l r\u00f6videbb a tart\u00f3zkod\u00e1si id\u0151 az egys\u00e9gben; m\u00edg a durv\u00e1bb kataliz\u00e1tor r\u00e9szecsk\u00e9knek hossz\u00fa a tart\u00f3zkod\u00e1si idej\u00fck az egys\u00e9gben \u00e9s cs\u00f6kken az aktivit\u00e1suk. Ez\u00e9rt a k\u00e9sz\u00fcl\u00e9k egyens\u00falyi aktivit\u00e1si szintj\u00e9nek fenntart\u00e1sa \u00e9rdek\u00e9ben a norm\u00e1l kifut\u00e1s\u00fa kataliz\u00e1tor felt\u00f6lt\u00e9se mellett a megfelel\u0151 kirakod\u00e1s is nagyon sz\u00fcks\u00e9ges.<\/p>\n<p>&nbsp;<\/p>\n<p>Jelenleg a kataliz\u00e1tor szit\u00e1l\u00e1s\u00e1nak meghat\u00e1roz\u00e1s\u00e1ra haszn\u00e1lt m\u0171szer a l\u00e9zeres r\u00e9szecskesz\u0171r\u0151.<\/p>\n<p>&nbsp;<\/p>\n<p>5\u3001Nyilv\u00e1nval\u00f3 \u00f6mlesztett s\u0171r\u0171s\u00e9g<\/p>\n<p>&nbsp;<\/p>\n<p>A kataliz\u00e1tor s\u0171r\u0171s\u00e9g\u00e9nek m\u00e9rete befoly\u00e1solja a fluidiz\u00e1ci\u00f3s teljes\u00edtm\u00e9nyt, a fluidiz\u00e1lt \u00e1gy m\u00e9r\u00e9s\u00e9t, a berendez\u00e9s m\u00e9ret\u00e9t \u00e9s a kataliz\u00e1tor m\u00e9r\u00e9s\u00e9t. \u00c1ltal\u00e1ban a kataliz\u00e1tor s\u0171r\u0171s\u00e9g\u00e9t a l\u00e1tsz\u00f3lagos \u00f6mlesztett s\u0171r\u0171s\u00e9ggel, k\u00f6zismert nev\u00e9n a halmazs\u0171r\u0171s\u00e9ggel fejezik ki.<\/p>\n<p>&nbsp;<\/p>\n<p>A szok\u00e1sos gy\u00e1rt\u00e1s sor\u00e1n a kataliz\u00e1tor l\u00e1tsz\u00f3lagos t\u00e9rfogats\u0171r\u0171s\u00e9g\u00e9nek elemz\u00e9s\u00e9re haszn\u00e1lt eszk\u00f6z egy 25 ml-es m\u00e9r\u0151henger, amelynek bels\u0151 \u00e1tm\u00e9r\u0151je 20 mm, \u00e9s amelyet pontosan a 25 ml-es sk\u00e1l\u00e1n v\u00e1gnak \u00e9s \u0151r\u00f6lnek. A m\u00e9r\u00e9s \u00fagy t\u00f6rt\u00e9nik, hogy a palackot egy t\u00f6lcs\u00e9r al\u00e1 helyezik, a mint\u00e1t a t\u00f6lcs\u00e9rre \u00f6ntik \u00fagy, hogy a minta folyamatosan t\u00f6ltse ki a palackot \u00e9s 30 m\u00e1sodpercen bel\u00fcl kifolyjon, a felesleges kataliz\u00e1tort egy spatul\u00e1val lekaparj\u00e1k, a kataliz\u00e1tort a palackon k\u00edv\u00fclr\u0151l let\u00f6rlik \u00e9s megm\u00e9rik. Ebb\u0151l kisz\u00e1m\u00edtott\u00e1k a kataliz\u00e1tor l\u00e1tsz\u00f3lagos \u00f6mlesztett s\u0171r\u0171s\u00e9g\u00e9t. A m\u00e9rt\u00e9kegys\u00e9g gramm\/ml.<\/p>\n<p>&nbsp;<\/p>","protected":false},"excerpt":{"rendered":"<p>K\u00e9miai n\u00e9v: AMP-95 MULTIFUNKCI\u00d3S SZERVES-AMIN SZER<\/p>\n<p>CAS-sz\u00e1m: 124-68-5<\/p>\n<p>Molekul\u00e1ris fomula: N\u00d3MA: C4H11NO<\/p>\n<p>Molekulat\u00f6meg: 89,14<\/p>\n<p>Megjelen\u00e9s: mechanikai szennyez\u0151d\u00e9sek n\u00e9lk\u00fcl.<\/p>","protected":false},"featured_media":6738,"comment_status":"open","ping_status":"closed","template":"","meta":[],"product_brand":[],"product_cat":[69],"product_tag":[],"class_list":{"0":"post-6764","1":"product","2":"type-product","3":"status-publish","4":"has-post-thumbnail","6":"product_cat-catalysts-chemical-auxiliary-agents","8":"first","9":"instock","10":"shipping-taxable","11":"product-type-simple"},"yoast_head":"<!-- This site is optimized with the Yoast SEO plugin v25.3.1 - https:\/\/yoast.com\/wordpress\/plugins\/seo\/ -->\n<title>China AMP-95 CAS 124-68-5 Manufacturer - Longchang Chemical<\/title>\n<meta name=\"description\" content=\"AMP-95 CAS 124-68-5 is a key product of Longchang Chemical. We provide the best price. We are the leading manufacturer in China with the best quality and competitive price.\" \/>\n<meta name=\"robots\" content=\"index, follow, max-snippet:-1, max-image-preview:large, max-video-preview:-1\" \/>\n<link rel=\"canonical\" href=\"https:\/\/longchangchemical.com\/hu\/product\/amp-95-cas-124-68-5\/\" \/>\n<meta property=\"og:locale\" content=\"hu_HU\" \/>\n<meta property=\"og:type\" content=\"article\" \/>\n<meta property=\"og:title\" content=\"China AMP-95 CAS 124-68-5 Manufacturer - Longchang Chemical\" \/>\n<meta property=\"og:description\" content=\"AMP-95 CAS 124-68-5 is a key product of Longchang Chemical. We provide the best price. We are the leading manufacturer in China with the best quality and competitive price.\" \/>\n<meta property=\"og:url\" content=\"https:\/\/longchangchemical.com\/hu\/product\/amp-95-cas-124-68-5\/\" \/>\n<meta property=\"og:site_name\" content=\"Longchang Chemical\" \/>\n<meta property=\"article:modified_time\" content=\"2025-12-17T02:26:44+00:00\" \/>\n<meta property=\"og:image\" content=\"https:\/\/longchangchemical.com\/wp-content\/uploads\/2024\/03\/APE-Chemical.jpg\" \/>\n\t<meta property=\"og:image:width\" content=\"495\" \/>\n\t<meta property=\"og:image:height\" content=\"660\" \/>\n\t<meta property=\"og:image:type\" content=\"image\/jpeg\" \/>\n<meta name=\"twitter:card\" content=\"summary_large_image\" \/>\n<script type=\"application\/ld+json\" class=\"yoast-schema-graph\">{\"@context\":\"https:\/\/schema.org\",\"@graph\":[{\"@type\":\"WebPage\",\"@id\":\"https:\/\/longchangchemical.com\/product\/amp-95-cas-124-68-5\/\",\"url\":\"https:\/\/longchangchemical.com\/product\/amp-95-cas-124-68-5\/\",\"name\":\"China AMP-95 CAS 124-68-5 Manufacturer - Longchang Chemical\",\"isPartOf\":{\"@id\":\"https:\/\/longchangchemical.com\/#website\"},\"primaryImageOfPage\":{\"@id\":\"https:\/\/longchangchemical.com\/product\/amp-95-cas-124-68-5\/#primaryimage\"},\"image\":{\"@id\":\"https:\/\/longchangchemical.com\/product\/amp-95-cas-124-68-5\/#primaryimage\"},\"thumbnailUrl\":\"https:\/\/longchangchemical.com\/wp-content\/uploads\/2024\/03\/APE-Chemical.jpg\",\"datePublished\":\"2024-03-22T06:14:09+00:00\",\"dateModified\":\"2025-12-17T02:26:44+00:00\",\"description\":\"AMP-95 CAS 124-68-5 is a key product of Longchang Chemical. We provide the best price. We are the leading manufacturer in China with the best quality and competitive price.\",\"breadcrumb\":{\"@id\":\"https:\/\/longchangchemical.com\/product\/amp-95-cas-124-68-5\/#breadcrumb\"},\"inLanguage\":\"hu\",\"potentialAction\":[{\"@type\":\"ReadAction\",\"target\":[\"https:\/\/longchangchemical.com\/product\/amp-95-cas-124-68-5\/\"]}]},{\"@type\":\"ImageObject\",\"inLanguage\":\"hu\",\"@id\":\"https:\/\/longchangchemical.com\/product\/amp-95-cas-124-68-5\/#primaryimage\",\"url\":\"https:\/\/longchangchemical.com\/wp-content\/uploads\/2024\/03\/APE-Chemical.jpg\",\"contentUrl\":\"https:\/\/longchangchemical.com\/wp-content\/uploads\/2024\/03\/APE-Chemical.jpg\",\"width\":495,\"height\":660},{\"@type\":\"BreadcrumbList\",\"@id\":\"https:\/\/longchangchemical.com\/product\/amp-95-cas-124-68-5\/#breadcrumb\",\"itemListElement\":[{\"@type\":\"ListItem\",\"position\":1,\"name\":\"Home\",\"item\":\"https:\/\/longchangchemical.com\/\"},{\"@type\":\"ListItem\",\"position\":2,\"name\":\"Products Longchang\",\"item\":\"https:\/\/longchangchemical.com\/product\/\"},{\"@type\":\"ListItem\",\"position\":3,\"name\":\"AMP-95 CAS 124-68-5\"}]},{\"@type\":\"WebSite\",\"@id\":\"https:\/\/longchangchemical.com\/#website\",\"url\":\"https:\/\/longchangchemical.com\/\",\"name\":\"Longchang Chemical\",\"description\":\"China chemical manufacturer \uff06 supplier\",\"publisher\":{\"@id\":\"https:\/\/longchangchemical.com\/#organization\"},\"potentialAction\":[{\"@type\":\"SearchAction\",\"target\":{\"@type\":\"EntryPoint\",\"urlTemplate\":\"https:\/\/longchangchemical.com\/?s={search_term_string}\"},\"query-input\":{\"@type\":\"PropertyValueSpecification\",\"valueRequired\":true,\"valueName\":\"search_term_string\"}}],\"inLanguage\":\"hu\"},{\"@type\":\"Organization\",\"@id\":\"https:\/\/longchangchemical.com\/#organization\",\"name\":\"Longchang Chemical\",\"url\":\"https:\/\/longchangchemical.com\/\",\"logo\":{\"@type\":\"ImageObject\",\"inLanguage\":\"hu\",\"@id\":\"https:\/\/longchangchemical.com\/#\/schema\/logo\/image\/\",\"url\":\"https:\/\/longchangchemical.com\/wp-content\/uploads\/2020\/08\/cropped-longchang-logo.png\",\"contentUrl\":\"https:\/\/longchangchemical.com\/wp-content\/uploads\/2020\/08\/cropped-longchang-logo.png\",\"width\":512,\"height\":512,\"caption\":\"Longchang Chemical\"},\"image\":{\"@id\":\"https:\/\/longchangchemical.com\/#\/schema\/logo\/image\/\"}}]}<\/script>\n<!-- \/ Yoast SEO plugin. -->","yoast_head_json":{"title":"K\u00edna AMP-95 CAS 124-68-5 gy\u00e1rt\u00f3 - Longchang Chemical","description":"Az AMP-95 CAS 124-68-5 a Longchang Chemical egyik legfontosabb term\u00e9ke. A legjobb \u00e1rat biztos\u00edtjuk. Mi vagyunk a vezet\u0151 gy\u00e1rt\u00f3 K\u00edn\u00e1ban a legjobb min\u0151s\u00e9ggel \u00e9s versenyk\u00e9pes \u00e1rral.","robots":{"index":"index","follow":"follow","max-snippet":"max-snippet:-1","max-image-preview":"max-image-preview:large","max-video-preview":"max-video-preview:-1"},"canonical":"https:\/\/longchangchemical.com\/hu\/product\/amp-95-cas-124-68-5\/","og_locale":"hu_HU","og_type":"article","og_title":"China AMP-95 CAS 124-68-5 Manufacturer - Longchang Chemical","og_description":"AMP-95 CAS 124-68-5 is a key product of Longchang Chemical. We provide the best price. We are the leading manufacturer in China with the best quality and competitive price.","og_url":"https:\/\/longchangchemical.com\/hu\/product\/amp-95-cas-124-68-5\/","og_site_name":"Longchang Chemical","article_modified_time":"2025-12-17T02:26:44+00:00","og_image":[{"width":495,"height":660,"url":"https:\/\/longchangchemical.com\/wp-content\/uploads\/2024\/03\/APE-Chemical.jpg","type":"image\/jpeg"}],"twitter_card":"summary_large_image","schema":{"@context":"https:\/\/schema.org","@graph":[{"@type":"WebPage","@id":"https:\/\/longchangchemical.com\/product\/amp-95-cas-124-68-5\/","url":"https:\/\/longchangchemical.com\/product\/amp-95-cas-124-68-5\/","name":"K\u00edna AMP-95 CAS 124-68-5 gy\u00e1rt\u00f3 - Longchang Chemical","isPartOf":{"@id":"https:\/\/longchangchemical.com\/#website"},"primaryImageOfPage":{"@id":"https:\/\/longchangchemical.com\/product\/amp-95-cas-124-68-5\/#primaryimage"},"image":{"@id":"https:\/\/longchangchemical.com\/product\/amp-95-cas-124-68-5\/#primaryimage"},"thumbnailUrl":"https:\/\/longchangchemical.com\/wp-content\/uploads\/2024\/03\/APE-Chemical.jpg","datePublished":"2024-03-22T06:14:09+00:00","dateModified":"2025-12-17T02:26:44+00:00","description":"Az AMP-95 CAS 124-68-5 a Longchang Chemical egyik legfontosabb term\u00e9ke. A legjobb \u00e1rat biztos\u00edtjuk. Mi vagyunk a vezet\u0151 gy\u00e1rt\u00f3 K\u00edn\u00e1ban a legjobb min\u0151s\u00e9ggel \u00e9s versenyk\u00e9pes \u00e1rral.","breadcrumb":{"@id":"https:\/\/longchangchemical.com\/product\/amp-95-cas-124-68-5\/#breadcrumb"},"inLanguage":"hu","potentialAction":[{"@type":"ReadAction","target":["https:\/\/longchangchemical.com\/product\/amp-95-cas-124-68-5\/"]}]},{"@type":"ImageObject","inLanguage":"hu","@id":"https:\/\/longchangchemical.com\/product\/amp-95-cas-124-68-5\/#primaryimage","url":"https:\/\/longchangchemical.com\/wp-content\/uploads\/2024\/03\/APE-Chemical.jpg","contentUrl":"https:\/\/longchangchemical.com\/wp-content\/uploads\/2024\/03\/APE-Chemical.jpg","width":495,"height":660},{"@type":"BreadcrumbList","@id":"https:\/\/longchangchemical.com\/product\/amp-95-cas-124-68-5\/#breadcrumb","itemListElement":[{"@type":"ListItem","position":1,"name":"Home","item":"https:\/\/longchangchemical.com\/"},{"@type":"ListItem","position":2,"name":"Products Longchang","item":"https:\/\/longchangchemical.com\/product\/"},{"@type":"ListItem","position":3,"name":"AMP-95 CAS 124-68-5"}]},{"@type":"WebSite","@id":"https:\/\/longchangchemical.com\/#website","url":"https:\/\/longchangchemical.com\/","name":"Longchang Chemical","description":"K\u00edna k\u00e9miai gy\u00e1rt\u00f3 \uff06 sz\u00e1ll\u00edt\u00f3","publisher":{"@id":"https:\/\/longchangchemical.com\/#organization"},"potentialAction":[{"@type":"SearchAction","target":{"@type":"EntryPoint","urlTemplate":"https:\/\/longchangchemical.com\/?s={search_term_string}"},"query-input":{"@type":"PropertyValueSpecification","valueRequired":true,"valueName":"search_term_string"}}],"inLanguage":"hu"},{"@type":"Organization","@id":"https:\/\/longchangchemical.com\/#organization","name":"Longchang Chemical","url":"https:\/\/longchangchemical.com\/","logo":{"@type":"ImageObject","inLanguage":"hu","@id":"https:\/\/longchangchemical.com\/#\/schema\/logo\/image\/","url":"https:\/\/longchangchemical.com\/wp-content\/uploads\/2020\/08\/cropped-longchang-logo.png","contentUrl":"https:\/\/longchangchemical.com\/wp-content\/uploads\/2020\/08\/cropped-longchang-logo.png","width":512,"height":512,"caption":"Longchang Chemical"},"image":{"@id":"https:\/\/longchangchemical.com\/#\/schema\/logo\/image\/"}}]}},"_links":{"self":[{"href":"https:\/\/longchangchemical.com\/hu\/wp-json\/wp\/v2\/product\/6764","targetHints":{"allow":["GET"]}}],"collection":[{"href":"https:\/\/longchangchemical.com\/hu\/wp-json\/wp\/v2\/product"}],"about":[{"href":"https:\/\/longchangchemical.com\/hu\/wp-json\/wp\/v2\/types\/product"}],"replies":[{"embeddable":true,"href":"https:\/\/longchangchemical.com\/hu\/wp-json\/wp\/v2\/comments?post=6764"}],"wp:featuredmedia":[{"embeddable":true,"href":"https:\/\/longchangchemical.com\/hu\/wp-json\/wp\/v2\/media\/6738"}],"wp:attachment":[{"href":"https:\/\/longchangchemical.com\/hu\/wp-json\/wp\/v2\/media?parent=6764"}],"wp:term":[{"taxonomy":"product_brand","embeddable":true,"href":"https:\/\/longchangchemical.com\/hu\/wp-json\/wp\/v2\/product_brand?post=6764"},{"taxonomy":"product_cat","embeddable":true,"href":"https:\/\/longchangchemical.com\/hu\/wp-json\/wp\/v2\/product_cat?post=6764"},{"taxonomy":"product_tag","embeddable":true,"href":"https:\/\/longchangchemical.com\/hu\/wp-json\/wp\/v2\/product_tag?post=6764"}],"curies":[{"name":"wp","href":"https:\/\/api.w.org\/{rel}","templated":true}]}}