{"id":6763,"date":"2024-03-22T06:14:18","date_gmt":"2024-03-22T06:14:18","guid":{"rendered":"https:\/\/longchangchemical.com\/?post_type=product&#038;p=6763"},"modified":"2026-01-12T06:28:04","modified_gmt":"2026-01-12T06:28:04","slug":"n-methylpyrrolidone-cas-872-50-4","status":"publish","type":"product","link":"https:\/\/longchangchemical.com\/hu\/product\/n-methylpyrrolidone-cas-872-50-4\/","title":{"rendered":"N-metil-pirrolidon CAS 872-50-4"},"content":{"rendered":"<p>K\u00e9miai n\u00e9v: N-metil-pirrolidon; NMP<br \/>\nCas:872-50-4<br \/>\nK\u00e9plet:C5H9NO<\/p>\n<p><strong>Specifik\u00e1ci\u00f3:<\/strong><\/p>\n<table class=\"table-1\">\n<tbody>\n<tr>\n<td width=\"127\"><strong>T\u00e9tel<\/strong><\/td>\n<td width=\"144\"><strong>Ipari fokozat<\/strong><\/td>\n<td width=\"144\"><strong>Aramid fokozat<\/strong><\/td>\n<td width=\"144\"><strong>Elektronikus\u00a0<\/strong><strong>G<\/strong><strong>rade<\/strong><\/td>\n<td width=\"144\"><strong>Reagens\u00a0<\/strong><strong>G<\/strong><strong>rade<\/strong><\/td>\n<\/tr>\n<tr>\n<td width=\"127\">Tisztas\u00e1g (%)<\/td>\n<td width=\"144\">\u226599.8<\/td>\n<td width=\"144\">\u226599.9<\/td>\n<td width=\"144\">\u226599.9<\/td>\n<td width=\"144\">\u226599.9<\/td>\n<\/tr>\n<tr>\n<td width=\"127\">Sz\u00edn (Hazen)<\/td>\n<td width=\"144\">\u226420<\/td>\n<td width=\"144\">\u226415<\/td>\n<td width=\"144\">\u226410<\/td>\n<td width=\"144\">\u22648<\/td>\n<\/tr>\n<tr>\n<td width=\"127\">V\u00edztartalom (%)<\/td>\n<td width=\"144\">\u22640.03<\/td>\n<td width=\"144\">\u22640.02<\/td>\n<td width=\"144\">\u22640.01<\/td>\n<td width=\"144\">\u22640.008<\/td>\n<\/tr>\n<tr>\n<td width=\"127\">S\u0171r\u0171s\u00e9g (25 \u2103-n\u00e1l) \uff08g\/cm3\uff09<\/td>\n<td width=\"144\">1.032\uff5e1.035<\/td>\n<td width=\"144\">1.032\uff5e1.035<\/td>\n<td width=\"144\">1.032\uff5e1.035<\/td>\n<td width=\"144\">1.032\uff5e1.035<\/td>\n<\/tr>\n<\/tbody>\n<\/table>\n<h2><strong>Alkalmaz\u00e1s:<\/strong><\/h2>\n<p>Ez a term\u00e9k fontos vegyi nyersanyag. Er\u0151s szelektivit\u00e1ssal \u00e9s j\u00f3 stabilit\u00e1ssal rendelkez\u0151 pol\u00e1ros old\u00f3szer. Alacsony toxicit\u00e1s\u00fa, magas forr\u00e1spont\u00fa, er\u0151s oldhat\u00f3s\u00e1g\u00fa, nem gy\u00fal\u00e9kony, biol\u00f3giailag leboml\u00f3, \u00fajrahasznos\u00edthat\u00f3, biztons\u00e1gos haszn\u00e1latra alkalmas, \u00e9s alkalmas t\u00f6bbf\u00e9le formul\u00e1ci\u00f3 \u00e9s felhaszn\u00e1l\u00e1s el\u0151nyei. Sz\u00e9les k\u00f6rben haszn\u00e1lj\u00e1k a petrolk\u00e9miai, peszticid, gy\u00f3gyszer, elektronikus anyagok \u00e9s m\u00e1s ter\u00fcleteken.<\/p>\n<p>1.egy pol\u00e1ros aprotikus transzferold\u00f3szer.<\/p>\n<p>2.Sz\u00e9les k\u00f6rben haszn\u00e1lj\u00e1k az arom\u00e1s extrakci\u00f3, az acetil\u00e9n, az olefin, a diolefin, a polivinilid\u00e9n-fluorid, a l\u00edtiumionos m\u00e1sodlagos akkumul\u00e1tor-elektr\u00f3d anyagok old\u00f3szerek\u00e9nt,<\/p>\n<p>3.a szint\u00e9zisg\u00e1z k\u00e9ntelen\u00edt\u00e9s\u00e9ben, ken\u0151olaj finom\u00edt\u00e1s\u00e1ban, mint ken\u0151anyag fagy\u00e1ll\u00f3 szer, olefin extrah\u00e1l\u00f3szer, old\u00f3szer oldhatatlan m\u0171anyag polimeriz\u00e1ci\u00f3j\u00e1hoz, mez\u0151gazdas\u00e1gi gyomirt\u00f3k, szigetel\u0151anyagok, integr\u00e1lt \u00e1ramk\u00f6r\u00f6k gy\u00e1rt\u00e1sa, a f\u00e9lvezet\u0151ipar prec\u00edzi\u00f3s m\u0171szerei, \u00e1ramk\u00f6ri lapok tiszt\u00edt\u00e1sa, a PVC kipufog\u00f3g\u00e1z\u00e1nak \u00fajrahasznos\u00edt\u00e1sa, tiszt\u00edt\u00f3szerek, mint fest\u00e9kadal\u00e9kok, diszperg\u00e1l\u00f3szerek stb. A polimer old\u00f3szerk\u00e9nt \u00e9s polimeriz\u00e1ci\u00f3s reakci\u00f3k k\u00f6zegek\u00e9nt is haszn\u00e1lj\u00e1k, p\u00e9ld\u00e1ul m\u0171szaki m\u0171anyagok \u00e9s aramidsz\u00e1lak eset\u00e9ben. A n\u00f6v\u00e9nyv\u00e9d\u0151 szerekben, gy\u00f3gyszerekben \u00e9s tiszt\u00edt\u00f3szerekben stb. is felhaszn\u00e1lhat\u00f3.<\/p>\n<p>4. kiv\u00e1l\u00f3 extrakci\u00f3s old\u00f3szer, amelyet sz\u00e9les k\u00f6rben haszn\u00e1lnak extrakci\u00f3s anyagk\u00e9nt arom\u00e1s extrakci\u00f3hoz, acetil\u00e9nkoncentr\u00e1ci\u00f3hoz, butadi\u00e9n elv\u00e1laszt\u00e1s\u00e1hoz \u00e9s szintetikus g\u00e1zok k\u00e9ntelen\u00edt\u00e9si folyamat\u00e1hoz.<\/p>\n<h2><strong>Csomagol\u00e1s:<\/strong><\/h2>\n<p>4kg m\u0171anyag gallonos palack<br \/>\n200KG \/ horganyzott vasdobok vagy m\u0171anyag hord\u00f3<br \/>\nIBC DOB; ISO TART\u00c1LY;<\/p>\n<h2><strong>T\u00e1rol\u00e1s:<\/strong><\/h2>\n<p>Tartsa \u00e1rny\u00e9kos, h\u0171v\u00f6s \u00e9s szell\u0151z\u0151 rakt\u00e1rban. T\u00e1vol t\u0171z- \u00e9s h\u0151forr\u00e1st\u00f3l. Oxid\u00e1l\u00f3szert\u0151l elk\u00fcl\u00f6n\u00edtve.<br \/>\nLegyen \u00f3vatos a be- \u00e9s kirakod\u00e1ssal. El\u0151zze meg a csomagok s\u00e9r\u00fcl\u00e9s\u00e9t. Ker\u00fclje a sziv\u00e1rg\u00e1st.<\/p>\n<h2><strong>Egy\u00e9b n\u00e9v:<\/strong><\/h2>\n<p>1-metil-2-pirrolidinon;<\/p>\n<p>N-metil-pirrolidon;<\/p>\n<p>1-metil-pirrolidinon;<\/p>\n<p>Microposit 2001;<\/p>\n<p>N-metil-2-pirrolidinon;<\/p>\n<p>Metil-pirrolidon;<\/p>\n<p>N-metil-2-pirrolidon<\/p>\n<h2><strong><b>L\u00e9pjen kapcsolatba vel\u00fcnk most!<\/b><\/strong><\/h2>\n<h4><strong><b>Ha sz\u00fcks\u00e9ge van Price-ra, k\u00e9rj\u00fck, t\u00f6ltse ki el\u00e9rhet\u0151s\u00e9g\u00e9t az al\u00e1bbi \u0171rlapon, \u00e1ltal\u00e1ban 24 \u00f3r\u00e1n bel\u00fcl felvessz\u00fck \u00d6nnel a kapcsolatot. \u00d6n is k\u00fcldhet nekem e-mailt\u00a0<span style=\"color: #00ccff;\"><a style=\"color: #00ccff;\" href=\"mailto:info@longchangchemical.com\">info@longchangchemical.com<\/a>\u00a0<\/span>munkaid\u0151ben ( 8:30-18:00 UTC+8 H.-Szombat ) vagy haszn\u00e1lja a weboldal \u00e9l\u0151 chatj\u00e9t, hogy azonnali v\u00e1laszt kapjon.<\/b><\/strong><\/h4>","protected":false},"excerpt":{"rendered":"<p>K\u00e9miai n\u00e9v: 1-metil-2-pirrolidinon<\/p>\n<p>CAS-sz\u00e1m: 872-50-4<br \/>\nMolekul\u00e1ris k\u00e9plet:C5H9NO<\/p>\n<p>K\u00e9miai szerkezet:<img decoding=\"async\" title=\"1-metil-2-pirrolidinon szerkezet\" src=\"https:\/\/www.longchangchemical.com\/wp-content\/uploads\/product-details\/20200617319789.png\" alt=\"1-metil-2-pirrolidinon szerkezet\" width=\"69\" height=\"77\" border=\"0\" vspace=\"0\" \/><\/p>\n<p>Molekulat\u00f6meg: 99,13<\/p>\n<p>Megjelen\u00e9s: Sz\u00edntelen folyad\u00e9k<\/p>","protected":false},"featured_media":6738,"comment_status":"open","ping_status":"closed","template":"","meta":[],"product_brand":[],"product_cat":[154],"product_tag":[],"class_list":{"0":"post-6763","1":"product","2":"type-product","3":"status-publish","4":"has-post-thumbnail","6":"product_cat-solvent","8":"first","9":"instock","10":"shipping-taxable","11":"product-type-simple"},"yoast_head":"<!-- This site is optimized with the Yoast SEO plugin v25.3.1 - https:\/\/yoast.com\/wordpress\/plugins\/seo\/ -->\n<title>China N-Methylpyrrolidone CAS 872-50-4 Manufacturer - Longchang Chemical<\/title>\n<meta name=\"description\" content=\"N-Methylpyrrolidone CAS 872-50-4 is a key product of Longchang Chemical. We provide the best price. We are the leading manufacturer in China with the best quality and competitive price.\" \/>\n<meta name=\"robots\" content=\"index, follow, max-snippet:-1, max-image-preview:large, max-video-preview:-1\" \/>\n<link rel=\"canonical\" href=\"https:\/\/longchangchemical.com\/hu\/product\/n-methylpyrrolidone-cas-872-50-4\/\" \/>\n<meta property=\"og:locale\" content=\"hu_HU\" \/>\n<meta property=\"og:type\" content=\"article\" \/>\n<meta property=\"og:title\" content=\"China N-Methylpyrrolidone CAS 872-50-4 Manufacturer - Longchang Chemical\" \/>\n<meta property=\"og:description\" content=\"N-Methylpyrrolidone CAS 872-50-4 is a key product of Longchang Chemical. We provide the best price. We are the leading manufacturer in China with the best quality and competitive price.\" \/>\n<meta property=\"og:url\" content=\"https:\/\/longchangchemical.com\/hu\/product\/n-methylpyrrolidone-cas-872-50-4\/\" \/>\n<meta property=\"og:site_name\" content=\"Longchang Chemical\" \/>\n<meta property=\"article:modified_time\" content=\"2026-01-12T06:28:04+00:00\" \/>\n<meta property=\"og:image\" content=\"https:\/\/longchangchemical.com\/wp-content\/uploads\/2024\/03\/APE-Chemical.jpg\" \/>\n\t<meta property=\"og:image:width\" content=\"495\" \/>\n\t<meta property=\"og:image:height\" content=\"660\" \/>\n\t<meta property=\"og:image:type\" content=\"image\/jpeg\" \/>\n<meta name=\"twitter:card\" content=\"summary_large_image\" \/>\n<script type=\"application\/ld+json\" class=\"yoast-schema-graph\">{\"@context\":\"https:\/\/schema.org\",\"@graph\":[{\"@type\":\"WebPage\",\"@id\":\"https:\/\/longchangchemical.com\/product\/n-methylpyrrolidone-cas-872-50-4\/\",\"url\":\"https:\/\/longchangchemical.com\/product\/n-methylpyrrolidone-cas-872-50-4\/\",\"name\":\"China N-Methylpyrrolidone CAS 872-50-4 Manufacturer - Longchang Chemical\",\"isPartOf\":{\"@id\":\"https:\/\/longchangchemical.com\/#website\"},\"primaryImageOfPage\":{\"@id\":\"https:\/\/longchangchemical.com\/product\/n-methylpyrrolidone-cas-872-50-4\/#primaryimage\"},\"image\":{\"@id\":\"https:\/\/longchangchemical.com\/product\/n-methylpyrrolidone-cas-872-50-4\/#primaryimage\"},\"thumbnailUrl\":\"https:\/\/longchangchemical.com\/wp-content\/uploads\/2024\/03\/APE-Chemical.jpg\",\"datePublished\":\"2024-03-22T06:14:18+00:00\",\"dateModified\":\"2026-01-12T06:28:04+00:00\",\"description\":\"N-Methylpyrrolidone CAS 872-50-4 is a key product of Longchang Chemical. We provide the best price. We are the leading manufacturer in China with the best quality and competitive price.\",\"breadcrumb\":{\"@id\":\"https:\/\/longchangchemical.com\/product\/n-methylpyrrolidone-cas-872-50-4\/#breadcrumb\"},\"inLanguage\":\"hu\",\"potentialAction\":[{\"@type\":\"ReadAction\",\"target\":[\"https:\/\/longchangchemical.com\/product\/n-methylpyrrolidone-cas-872-50-4\/\"]}]},{\"@type\":\"ImageObject\",\"inLanguage\":\"hu\",\"@id\":\"https:\/\/longchangchemical.com\/product\/n-methylpyrrolidone-cas-872-50-4\/#primaryimage\",\"url\":\"https:\/\/longchangchemical.com\/wp-content\/uploads\/2024\/03\/APE-Chemical.jpg\",\"contentUrl\":\"https:\/\/longchangchemical.com\/wp-content\/uploads\/2024\/03\/APE-Chemical.jpg\",\"width\":495,\"height\":660},{\"@type\":\"BreadcrumbList\",\"@id\":\"https:\/\/longchangchemical.com\/product\/n-methylpyrrolidone-cas-872-50-4\/#breadcrumb\",\"itemListElement\":[{\"@type\":\"ListItem\",\"position\":1,\"name\":\"Home\",\"item\":\"https:\/\/longchangchemical.com\/\"},{\"@type\":\"ListItem\",\"position\":2,\"name\":\"Products Longchang\",\"item\":\"https:\/\/longchangchemical.com\/product\/\"},{\"@type\":\"ListItem\",\"position\":3,\"name\":\"N-Methylpyrrolidone CAS 872-50-4\"}]},{\"@type\":\"WebSite\",\"@id\":\"https:\/\/longchangchemical.com\/#website\",\"url\":\"https:\/\/longchangchemical.com\/\",\"name\":\"Longchang Chemical\",\"description\":\"China chemical manufacturer \uff06 supplier\",\"publisher\":{\"@id\":\"https:\/\/longchangchemical.com\/#organization\"},\"potentialAction\":[{\"@type\":\"SearchAction\",\"target\":{\"@type\":\"EntryPoint\",\"urlTemplate\":\"https:\/\/longchangchemical.com\/?s={search_term_string}\"},\"query-input\":{\"@type\":\"PropertyValueSpecification\",\"valueRequired\":true,\"valueName\":\"search_term_string\"}}],\"inLanguage\":\"hu\"},{\"@type\":\"Organization\",\"@id\":\"https:\/\/longchangchemical.com\/#organization\",\"name\":\"Longchang Chemical\",\"url\":\"https:\/\/longchangchemical.com\/\",\"logo\":{\"@type\":\"ImageObject\",\"inLanguage\":\"hu\",\"@id\":\"https:\/\/longchangchemical.com\/#\/schema\/logo\/image\/\",\"url\":\"https:\/\/longchangchemical.com\/wp-content\/uploads\/2020\/08\/cropped-longchang-logo.png\",\"contentUrl\":\"https:\/\/longchangchemical.com\/wp-content\/uploads\/2020\/08\/cropped-longchang-logo.png\",\"width\":512,\"height\":512,\"caption\":\"Longchang Chemical\"},\"image\":{\"@id\":\"https:\/\/longchangchemical.com\/#\/schema\/logo\/image\/\"}}]}<\/script>\n<!-- \/ Yoast SEO plugin. -->","yoast_head_json":{"title":"K\u00edna N-metil-pirrolidon CAS 872-50-4 Gy\u00e1rt\u00f3 - Longchang Chemical","description":"Az N-metil-pirrolidon CAS 872-50-4 a Longchang Chemical egyik legfontosabb term\u00e9ke. A legjobb \u00e1rat biztos\u00edtjuk. Mi vagyunk a vezet\u0151 gy\u00e1rt\u00f3 K\u00edn\u00e1ban a legjobb min\u0151s\u00e9ggel \u00e9s versenyk\u00e9pes \u00e1rral.","robots":{"index":"index","follow":"follow","max-snippet":"max-snippet:-1","max-image-preview":"max-image-preview:large","max-video-preview":"max-video-preview:-1"},"canonical":"https:\/\/longchangchemical.com\/hu\/product\/n-methylpyrrolidone-cas-872-50-4\/","og_locale":"hu_HU","og_type":"article","og_title":"China N-Methylpyrrolidone CAS 872-50-4 Manufacturer - Longchang Chemical","og_description":"N-Methylpyrrolidone CAS 872-50-4 is a key product of Longchang Chemical. We provide the best price. We are the leading manufacturer in China with the best quality and competitive price.","og_url":"https:\/\/longchangchemical.com\/hu\/product\/n-methylpyrrolidone-cas-872-50-4\/","og_site_name":"Longchang Chemical","article_modified_time":"2026-01-12T06:28:04+00:00","og_image":[{"width":495,"height":660,"url":"https:\/\/longchangchemical.com\/wp-content\/uploads\/2024\/03\/APE-Chemical.jpg","type":"image\/jpeg"}],"twitter_card":"summary_large_image","schema":{"@context":"https:\/\/schema.org","@graph":[{"@type":"WebPage","@id":"https:\/\/longchangchemical.com\/product\/n-methylpyrrolidone-cas-872-50-4\/","url":"https:\/\/longchangchemical.com\/product\/n-methylpyrrolidone-cas-872-50-4\/","name":"K\u00edna N-metil-pirrolidon CAS 872-50-4 Gy\u00e1rt\u00f3 - Longchang Chemical","isPartOf":{"@id":"https:\/\/longchangchemical.com\/#website"},"primaryImageOfPage":{"@id":"https:\/\/longchangchemical.com\/product\/n-methylpyrrolidone-cas-872-50-4\/#primaryimage"},"image":{"@id":"https:\/\/longchangchemical.com\/product\/n-methylpyrrolidone-cas-872-50-4\/#primaryimage"},"thumbnailUrl":"https:\/\/longchangchemical.com\/wp-content\/uploads\/2024\/03\/APE-Chemical.jpg","datePublished":"2024-03-22T06:14:18+00:00","dateModified":"2026-01-12T06:28:04+00:00","description":"Az N-metil-pirrolidon CAS 872-50-4 a Longchang Chemical egyik legfontosabb term\u00e9ke. A legjobb \u00e1rat biztos\u00edtjuk. Mi vagyunk a vezet\u0151 gy\u00e1rt\u00f3 K\u00edn\u00e1ban a legjobb min\u0151s\u00e9ggel \u00e9s versenyk\u00e9pes \u00e1rral.","breadcrumb":{"@id":"https:\/\/longchangchemical.com\/product\/n-methylpyrrolidone-cas-872-50-4\/#breadcrumb"},"inLanguage":"hu","potentialAction":[{"@type":"ReadAction","target":["https:\/\/longchangchemical.com\/product\/n-methylpyrrolidone-cas-872-50-4\/"]}]},{"@type":"ImageObject","inLanguage":"hu","@id":"https:\/\/longchangchemical.com\/product\/n-methylpyrrolidone-cas-872-50-4\/#primaryimage","url":"https:\/\/longchangchemical.com\/wp-content\/uploads\/2024\/03\/APE-Chemical.jpg","contentUrl":"https:\/\/longchangchemical.com\/wp-content\/uploads\/2024\/03\/APE-Chemical.jpg","width":495,"height":660},{"@type":"BreadcrumbList","@id":"https:\/\/longchangchemical.com\/product\/n-methylpyrrolidone-cas-872-50-4\/#breadcrumb","itemListElement":[{"@type":"ListItem","position":1,"name":"Home","item":"https:\/\/longchangchemical.com\/"},{"@type":"ListItem","position":2,"name":"Products Longchang","item":"https:\/\/longchangchemical.com\/product\/"},{"@type":"ListItem","position":3,"name":"N-Methylpyrrolidone CAS 872-50-4"}]},{"@type":"WebSite","@id":"https:\/\/longchangchemical.com\/#website","url":"https:\/\/longchangchemical.com\/","name":"Longchang Chemical","description":"K\u00edna k\u00e9miai gy\u00e1rt\u00f3 \uff06 sz\u00e1ll\u00edt\u00f3","publisher":{"@id":"https:\/\/longchangchemical.com\/#organization"},"potentialAction":[{"@type":"SearchAction","target":{"@type":"EntryPoint","urlTemplate":"https:\/\/longchangchemical.com\/?s={search_term_string}"},"query-input":{"@type":"PropertyValueSpecification","valueRequired":true,"valueName":"search_term_string"}}],"inLanguage":"hu"},{"@type":"Organization","@id":"https:\/\/longchangchemical.com\/#organization","name":"Longchang Chemical","url":"https:\/\/longchangchemical.com\/","logo":{"@type":"ImageObject","inLanguage":"hu","@id":"https:\/\/longchangchemical.com\/#\/schema\/logo\/image\/","url":"https:\/\/longchangchemical.com\/wp-content\/uploads\/2020\/08\/cropped-longchang-logo.png","contentUrl":"https:\/\/longchangchemical.com\/wp-content\/uploads\/2020\/08\/cropped-longchang-logo.png","width":512,"height":512,"caption":"Longchang Chemical"},"image":{"@id":"https:\/\/longchangchemical.com\/#\/schema\/logo\/image\/"}}]}},"_links":{"self":[{"href":"https:\/\/longchangchemical.com\/hu\/wp-json\/wp\/v2\/product\/6763","targetHints":{"allow":["GET"]}}],"collection":[{"href":"https:\/\/longchangchemical.com\/hu\/wp-json\/wp\/v2\/product"}],"about":[{"href":"https:\/\/longchangchemical.com\/hu\/wp-json\/wp\/v2\/types\/product"}],"replies":[{"embeddable":true,"href":"https:\/\/longchangchemical.com\/hu\/wp-json\/wp\/v2\/comments?post=6763"}],"wp:featuredmedia":[{"embeddable":true,"href":"https:\/\/longchangchemical.com\/hu\/wp-json\/wp\/v2\/media\/6738"}],"wp:attachment":[{"href":"https:\/\/longchangchemical.com\/hu\/wp-json\/wp\/v2\/media?parent=6763"}],"wp:term":[{"taxonomy":"product_brand","embeddable":true,"href":"https:\/\/longchangchemical.com\/hu\/wp-json\/wp\/v2\/product_brand?post=6763"},{"taxonomy":"product_cat","embeddable":true,"href":"https:\/\/longchangchemical.com\/hu\/wp-json\/wp\/v2\/product_cat?post=6763"},{"taxonomy":"product_tag","embeddable":true,"href":"https:\/\/longchangchemical.com\/hu\/wp-json\/wp\/v2\/product_tag?post=6763"}],"curies":[{"name":"wp","href":"https:\/\/api.w.org\/{rel}","templated":true}]}}