{"id":6679,"date":"2024-03-04T03:14:42","date_gmt":"2024-03-04T03:14:42","guid":{"rendered":"https:\/\/longchangchemical.com\/?post_type=product&#038;p=6679"},"modified":"2026-01-12T09:22:17","modified_gmt":"2026-01-12T09:22:17","slug":"dml-cas-46917-07-1","status":"publish","type":"product","link":"https:\/\/longchangchemical.com\/hu\/product\/dml-cas-46917-07-1\/","title":{"rendered":"Metakrilil-oxietil-dimetilbenzilamm\u00f3nium-klorid \/ DML CAS 46917-07-1"},"content":{"rendered":"<table style=\"border-collapse: collapse; width: 351.02pt;\" border=\"0\" width=\"468\" cellspacing=\"0\" cellpadding=\"0\">\n<tbody>\n<tr style=\"height: 13.50pt;\">\n<td style=\"height: 13.50pt; width: 139.50pt;\" width=\"186\" height=\"18\">Tisztas\u00e1g:<\/td>\n<td style=\"width: 211.50pt;\" width=\"282\">\u226560%\u00b11(GC)<\/td>\n<\/tr>\n<tr style=\"height: 13.50pt;\">\n<td style=\"height: 13.50pt;\" height=\"18\">Sav\u00e9rt\u00e9k:<\/td>\n<td>\u22640,02% (metakrilsav)<\/td>\n<\/tr>\n<tr style=\"height: 13.50pt;\">\n<td style=\"height: 13.50pt;\" height=\"18\">Sz\u00edn:<\/td>\n<td>\u226450 (Pt-Co)<\/td>\n<\/tr>\n<tr style=\"height: 13.50pt;\">\n<td style=\"height: 13.50pt;\" height=\"18\">Megjelen\u00e9s:<\/td>\n<td>sz\u00edntelen, \u00e1tl\u00e1tsz\u00f3 folyad\u00e9k<\/td>\n<\/tr>\n<tr style=\"height: 13.50pt;\">\n<td style=\"height: 13.50pt;\" height=\"18\">Molekulat\u00f6meg:<\/td>\n<td>283,80 g\/mol<\/td>\n<\/tr>\n<tr style=\"height: 13.50pt;\">\n<td style=\"height: 13.50pt;\" height=\"18\">S\u0171r\u0171s\u00e9g:<\/td>\n<td>1.088 \u00b0C<\/td>\n<\/tr>\n<tr style=\"height: 13.50pt;\">\n<td style=\"height: 13.50pt;\" height=\"18\">Forr\u00e1spont:<\/td>\n<td>&gt;100 \u00b0C<\/td>\n<\/tr>\n<\/tbody>\n<\/table>\n<h2><\/h2>\n<h2><strong>Metakrilil-oxietil-dimetilbenzilamm\u00f3nium-klorid \/ DML Csomagol\u00e1s, sz\u00e1ll\u00edt\u00e1s \u00e9s t\u00e1rol\u00e1s<\/strong><\/h2>\n<p>A term\u00e9k csomagol\u00e1si specifik\u00e1ci\u00f3ja: 1100kg. A sz\u00e1ll\u00edt\u00e1s sor\u00e1n v\u00e9deni kell a napt\u00f3l, es\u0151t\u0151l \u00e9s magas h\u0151m\u00e9rs\u00e9klett\u0151l. A term\u00e9ket h\u0171v\u00f6s, f\u00e9nyt\u0151l v\u00e9dett \u00e9s szell\u0151ztetett helyen, t\u0171zforr\u00e1st\u00f3l t\u00e1vol kell t\u00e1rolni. A term\u00e9k t\u00e1rol\u00e1si ideje 25 \u2103 alatt 6 h\u00f3nap.<\/p>\n<h2><strong><b>L\u00e9pjen kapcsolatba vel\u00fcnk most!<\/b><\/strong><\/h2>\n<h4><strong><b>Ha sz\u00fcks\u00e9ge van Price-ra, k\u00e9rj\u00fck, t\u00f6ltse ki el\u00e9rhet\u0151s\u00e9g\u00e9t az al\u00e1bbi \u0171rlapon, \u00e1ltal\u00e1ban 24 \u00f3r\u00e1n bel\u00fcl felvessz\u00fck \u00d6nnel a kapcsolatot. \u00d6n is k\u00fcldhet nekem e-mailt\u00a0<span style=\"color: #00ccff;\"><a style=\"color: #00ccff;\" href=\"mailto:info@longchangchemical.com\">info@longchangchemical.com<\/a>\u00a0<\/span>munkaid\u0151ben ( 8:30-18:00 UTC+8 H.-Szombat ) vagy haszn\u00e1lja a weboldal \u00e9l\u0151 chatj\u00e9t, hogy azonnali v\u00e1laszt kapjon.<\/b><\/strong><\/h4>","protected":false},"excerpt":{"rendered":"<p>Angol n\u00e9v: Methacryloyl Oxyethyl Dimethylbenzyl Ammonium Chloride DML<br \/>\nCAS-sz\u00e1m: 46917-07-1<br \/>\nMolekul\u00e1ris k\u00e9plet: C15H22ClNO2<\/p>","protected":false},"featured_media":0,"comment_status":"open","ping_status":"closed","template":"","meta":[],"product_brand":[],"product_cat":[109],"product_tag":[],"class_list":{"0":"post-6679","1":"product","2":"type-product","3":"status-publish","5":"product_cat-water-treatment","7":"first","8":"instock","9":"shipping-taxable","10":"product-type-simple"},"yoast_head":"<!-- This site is optimized with the Yoast SEO plugin v25.3.1 - https:\/\/yoast.com\/wordpress\/plugins\/seo\/ -->\n<title>China Methacryloyl Oxyethyl Dimethylbenzyl Ammonium Chloride Manufacturer DML CAS 46917-07-1 - Longchang Chemical<\/title>\n<meta name=\"description\" content=\"Methacryloxyethyl dimethyl benzyl ammonium chloride is used as a water treatment agent, textile chemicals, paper-making auxiliaries and is the key product of Longchang Chemical. We are the leading manufacturer and supplier in China with the best quanlity and competitive price.\" \/>\n<meta name=\"robots\" content=\"index, follow, max-snippet:-1, max-image-preview:large, max-video-preview:-1\" \/>\n<link rel=\"canonical\" href=\"https:\/\/longchangchemical.com\/hu\/product\/dml-cas-46917-07-1\/\" \/>\n<meta property=\"og:locale\" content=\"hu_HU\" \/>\n<meta property=\"og:type\" content=\"article\" \/>\n<meta property=\"og:title\" content=\"China Methacryloyl Oxyethyl Dimethylbenzyl Ammonium Chloride Manufacturer DML CAS 46917-07-1 - Longchang Chemical\" \/>\n<meta property=\"og:description\" content=\"Methacryloxyethyl dimethyl benzyl ammonium chloride is used as a water treatment agent, textile chemicals, paper-making auxiliaries and is the key product of Longchang Chemical. We are the leading manufacturer and supplier in China with the best quanlity and competitive price.\" \/>\n<meta property=\"og:url\" content=\"https:\/\/longchangchemical.com\/hu\/product\/dml-cas-46917-07-1\/\" \/>\n<meta property=\"og:site_name\" content=\"Longchang Chemical\" \/>\n<meta property=\"article:modified_time\" content=\"2026-01-12T09:22:17+00:00\" \/>\n<meta property=\"og:image\" content=\"https:\/\/longchangchemical.com\/wp-content\/uploads\/2024\/02\/logo-jpeg.jpg\" \/>\n\t<meta property=\"og:image:width\" content=\"1000\" \/>\n\t<meta property=\"og:image:height\" content=\"1000\" \/>\n\t<meta property=\"og:image:type\" content=\"image\/jpeg\" \/>\n<meta name=\"twitter:card\" content=\"summary_large_image\" \/>\n<script type=\"application\/ld+json\" class=\"yoast-schema-graph\">{\"@context\":\"https:\/\/schema.org\",\"@graph\":[{\"@type\":\"WebPage\",\"@id\":\"https:\/\/longchangchemical.com\/product\/dml-cas-46917-07-1\/\",\"url\":\"https:\/\/longchangchemical.com\/product\/dml-cas-46917-07-1\/\",\"name\":\"China Methacryloyl Oxyethyl Dimethylbenzyl Ammonium Chloride Manufacturer DML CAS 46917-07-1 - Longchang Chemical\",\"isPartOf\":{\"@id\":\"https:\/\/longchangchemical.com\/#website\"},\"datePublished\":\"2024-03-04T03:14:42+00:00\",\"dateModified\":\"2026-01-12T09:22:17+00:00\",\"description\":\"Methacryloxyethyl dimethyl benzyl ammonium chloride is used as a water treatment agent, textile chemicals, paper-making auxiliaries and is the key product of Longchang Chemical. We are the leading manufacturer and supplier in China with the best quanlity and competitive price.\",\"breadcrumb\":{\"@id\":\"https:\/\/longchangchemical.com\/product\/dml-cas-46917-07-1\/#breadcrumb\"},\"inLanguage\":\"hu\",\"potentialAction\":[{\"@type\":\"ReadAction\",\"target\":[\"https:\/\/longchangchemical.com\/product\/dml-cas-46917-07-1\/\"]}]},{\"@type\":\"BreadcrumbList\",\"@id\":\"https:\/\/longchangchemical.com\/product\/dml-cas-46917-07-1\/#breadcrumb\",\"itemListElement\":[{\"@type\":\"ListItem\",\"position\":1,\"name\":\"Home\",\"item\":\"https:\/\/longchangchemical.com\/\"},{\"@type\":\"ListItem\",\"position\":2,\"name\":\"Products Longchang\",\"item\":\"https:\/\/longchangchemical.com\/product\/\"},{\"@type\":\"ListItem\",\"position\":3,\"name\":\"Methacryloyl Oxyethyl Dimethylbenzyl Ammonium Chloride \/ DML CAS 46917-07-1\"}]},{\"@type\":\"WebSite\",\"@id\":\"https:\/\/longchangchemical.com\/#website\",\"url\":\"https:\/\/longchangchemical.com\/\",\"name\":\"Longchang Chemical\",\"description\":\"China chemical manufacturer \uff06 supplier\",\"publisher\":{\"@id\":\"https:\/\/longchangchemical.com\/#organization\"},\"potentialAction\":[{\"@type\":\"SearchAction\",\"target\":{\"@type\":\"EntryPoint\",\"urlTemplate\":\"https:\/\/longchangchemical.com\/?s={search_term_string}\"},\"query-input\":{\"@type\":\"PropertyValueSpecification\",\"valueRequired\":true,\"valueName\":\"search_term_string\"}}],\"inLanguage\":\"hu\"},{\"@type\":\"Organization\",\"@id\":\"https:\/\/longchangchemical.com\/#organization\",\"name\":\"Longchang Chemical\",\"url\":\"https:\/\/longchangchemical.com\/\",\"logo\":{\"@type\":\"ImageObject\",\"inLanguage\":\"hu\",\"@id\":\"https:\/\/longchangchemical.com\/#\/schema\/logo\/image\/\",\"url\":\"https:\/\/longchangchemical.com\/wp-content\/uploads\/2020\/08\/cropped-longchang-logo.png\",\"contentUrl\":\"https:\/\/longchangchemical.com\/wp-content\/uploads\/2020\/08\/cropped-longchang-logo.png\",\"width\":512,\"height\":512,\"caption\":\"Longchang Chemical\"},\"image\":{\"@id\":\"https:\/\/longchangchemical.com\/#\/schema\/logo\/image\/\"}}]}<\/script>\n<!-- \/ Yoast SEO plugin. -->","yoast_head_json":{"title":"K\u00edna metakrililoxietil-dimetilbenzilamm\u00f3nium-klorid gy\u00e1rt\u00f3 DML CAS 46917-07-1 - Longchang Chemical","description":"A metakriloxietil-dimetil-benzil-amm\u00f3nium-kloridot v\u00edzkezel\u0151 szerk\u00e9nt, textilipari vegyi anyagk\u00e9nt, pap\u00edrgy\u00e1rt\u00e1si seg\u00e9danyagk\u00e9nt haszn\u00e1lj\u00e1k, \u00e9s a Longchang Chemical kulcsfontoss\u00e1g\u00fa term\u00e9ke. Mi vagyunk a vezet\u0151 gy\u00e1rt\u00f3 \u00e9s sz\u00e1ll\u00edt\u00f3 K\u00edn\u00e1ban a legjobb min\u0151s\u00e9ggel \u00e9s versenyk\u00e9pes \u00e1rral.","robots":{"index":"index","follow":"follow","max-snippet":"max-snippet:-1","max-image-preview":"max-image-preview:large","max-video-preview":"max-video-preview:-1"},"canonical":"https:\/\/longchangchemical.com\/hu\/product\/dml-cas-46917-07-1\/","og_locale":"hu_HU","og_type":"article","og_title":"China Methacryloyl Oxyethyl Dimethylbenzyl Ammonium Chloride Manufacturer DML CAS 46917-07-1 - Longchang Chemical","og_description":"Methacryloxyethyl dimethyl benzyl ammonium chloride is used as a water treatment agent, textile chemicals, paper-making auxiliaries and is the key product of Longchang Chemical. We are the leading manufacturer and supplier in China with the best quanlity and competitive price.","og_url":"https:\/\/longchangchemical.com\/hu\/product\/dml-cas-46917-07-1\/","og_site_name":"Longchang Chemical","article_modified_time":"2026-01-12T09:22:17+00:00","og_image":[{"width":1000,"height":1000,"url":"https:\/\/longchangchemical.com\/wp-content\/uploads\/2024\/02\/logo-jpeg.jpg","type":"image\/jpeg"}],"twitter_card":"summary_large_image","schema":{"@context":"https:\/\/schema.org","@graph":[{"@type":"WebPage","@id":"https:\/\/longchangchemical.com\/product\/dml-cas-46917-07-1\/","url":"https:\/\/longchangchemical.com\/product\/dml-cas-46917-07-1\/","name":"K\u00edna metakrililoxietil-dimetilbenzilamm\u00f3nium-klorid gy\u00e1rt\u00f3 DML CAS 46917-07-1 - Longchang Chemical","isPartOf":{"@id":"https:\/\/longchangchemical.com\/#website"},"datePublished":"2024-03-04T03:14:42+00:00","dateModified":"2026-01-12T09:22:17+00:00","description":"A metakriloxietil-dimetil-benzil-amm\u00f3nium-kloridot v\u00edzkezel\u0151 szerk\u00e9nt, textilipari vegyi anyagk\u00e9nt, pap\u00edrgy\u00e1rt\u00e1si seg\u00e9danyagk\u00e9nt haszn\u00e1lj\u00e1k, \u00e9s a Longchang Chemical kulcsfontoss\u00e1g\u00fa term\u00e9ke. Mi vagyunk a vezet\u0151 gy\u00e1rt\u00f3 \u00e9s sz\u00e1ll\u00edt\u00f3 K\u00edn\u00e1ban a legjobb min\u0151s\u00e9ggel \u00e9s versenyk\u00e9pes \u00e1rral.","breadcrumb":{"@id":"https:\/\/longchangchemical.com\/product\/dml-cas-46917-07-1\/#breadcrumb"},"inLanguage":"hu","potentialAction":[{"@type":"ReadAction","target":["https:\/\/longchangchemical.com\/product\/dml-cas-46917-07-1\/"]}]},{"@type":"BreadcrumbList","@id":"https:\/\/longchangchemical.com\/product\/dml-cas-46917-07-1\/#breadcrumb","itemListElement":[{"@type":"ListItem","position":1,"name":"Home","item":"https:\/\/longchangchemical.com\/"},{"@type":"ListItem","position":2,"name":"Products Longchang","item":"https:\/\/longchangchemical.com\/product\/"},{"@type":"ListItem","position":3,"name":"Methacryloyl Oxyethyl Dimethylbenzyl Ammonium Chloride \/ DML CAS 46917-07-1"}]},{"@type":"WebSite","@id":"https:\/\/longchangchemical.com\/#website","url":"https:\/\/longchangchemical.com\/","name":"Longchang Chemical","description":"K\u00edna k\u00e9miai gy\u00e1rt\u00f3 \uff06 sz\u00e1ll\u00edt\u00f3","publisher":{"@id":"https:\/\/longchangchemical.com\/#organization"},"potentialAction":[{"@type":"SearchAction","target":{"@type":"EntryPoint","urlTemplate":"https:\/\/longchangchemical.com\/?s={search_term_string}"},"query-input":{"@type":"PropertyValueSpecification","valueRequired":true,"valueName":"search_term_string"}}],"inLanguage":"hu"},{"@type":"Organization","@id":"https:\/\/longchangchemical.com\/#organization","name":"Longchang Chemical","url":"https:\/\/longchangchemical.com\/","logo":{"@type":"ImageObject","inLanguage":"hu","@id":"https:\/\/longchangchemical.com\/#\/schema\/logo\/image\/","url":"https:\/\/longchangchemical.com\/wp-content\/uploads\/2020\/08\/cropped-longchang-logo.png","contentUrl":"https:\/\/longchangchemical.com\/wp-content\/uploads\/2020\/08\/cropped-longchang-logo.png","width":512,"height":512,"caption":"Longchang Chemical"},"image":{"@id":"https:\/\/longchangchemical.com\/#\/schema\/logo\/image\/"}}]}},"_links":{"self":[{"href":"https:\/\/longchangchemical.com\/hu\/wp-json\/wp\/v2\/product\/6679","targetHints":{"allow":["GET"]}}],"collection":[{"href":"https:\/\/longchangchemical.com\/hu\/wp-json\/wp\/v2\/product"}],"about":[{"href":"https:\/\/longchangchemical.com\/hu\/wp-json\/wp\/v2\/types\/product"}],"replies":[{"embeddable":true,"href":"https:\/\/longchangchemical.com\/hu\/wp-json\/wp\/v2\/comments?post=6679"}],"wp:attachment":[{"href":"https:\/\/longchangchemical.com\/hu\/wp-json\/wp\/v2\/media?parent=6679"}],"wp:term":[{"taxonomy":"product_brand","embeddable":true,"href":"https:\/\/longchangchemical.com\/hu\/wp-json\/wp\/v2\/product_brand?post=6679"},{"taxonomy":"product_cat","embeddable":true,"href":"https:\/\/longchangchemical.com\/hu\/wp-json\/wp\/v2\/product_cat?post=6679"},{"taxonomy":"product_tag","embeddable":true,"href":"https:\/\/longchangchemical.com\/hu\/wp-json\/wp\/v2\/product_tag?post=6679"}],"curies":[{"name":"wp","href":"https:\/\/api.w.org\/{rel}","templated":true}]}}