{"id":6673,"date":"2024-03-01T07:02:49","date_gmt":"2024-03-01T07:02:49","guid":{"rendered":"https:\/\/longchangchemical.com\/?post_type=product&#038;p=6673"},"modified":"2026-01-12T06:35:53","modified_gmt":"2026-01-12T06:35:53","slug":"methyl-perfluoroisobutyl-ether-cas-163702-08-7","status":"publish","type":"product","link":"https:\/\/longchangchemical.com\/hu\/product\/methyl-perfluoroisobutyl-ether-cas-163702-08-7\/","title":{"rendered":"Metil-perfluorizobutil-\u00e9ter CAS 163702-08-7"},"content":{"rendered":"<h1><strong>Metil-perfluorizobutil-\u00e9ter CAS 163702-08-7 \u00a0 \u00a0 \u00a0<\/strong><\/h1>\n<table>\n<tbody>\n<tr>\n<td width=\"206\">Assay<\/td>\n<td width=\"305\">\u226599,00%MIN<\/td>\n<\/tr>\n<tr>\n<td width=\"206\"><strong>\u00a0<\/strong><\/p>\n<p>Megjelen\u00e9s<\/td>\n<td width=\"305\">Sz\u00edntelen \u00e1tl\u00e1tsz\u00f3 folyad\u00e9k<\/td>\n<\/tr>\n<tr>\n<td width=\"206\">Sav\u00e9rt\u00e9k (s\u00f3sav)<\/td>\n<td width=\"305\">\u226410 ppm<\/td>\n<\/tr>\n<tr>\n<td width=\"206\">V\u00edz (KF)<\/td>\n<td width=\"305\">\u226450 ppm<\/td>\n<\/tr>\n<tr>\n<td width=\"206\">Cl-<\/td>\n<td width=\"305\">\u226410 ppm<\/td>\n<\/tr>\n<tr>\n<td width=\"206\">P\u00e1rolg\u00e1si marad\u00e9k<\/td>\n<td width=\"305\">Nincs jelent\u0151s szermaradv\u00e1ny<\/td>\n<\/tr>\n<\/tbody>\n<\/table>\n<p>&nbsp;<\/p>\n<p>Csomagol\u00e1s: 25kg\/dob.<\/p>\n<p>&nbsp;<\/p>\n<p>Funkci\u00f3:<\/p>\n<p>A perfluor-butil-metil-\u00e9ter egy enyhe old\u00f3szer, amelyet friss\u00edt\u0151 kozmetikai k\u00e9sz\u00edtm\u00e9nyekben haszn\u00e1lnak. Ez egy fluortartalm\u00fa \u00e9ter old\u00f3szer, amely sz\u00e1mos komponenssel old\u00f3dik. J\u00f3 ken\u0151k\u00e9pess\u00e9g\u0171nek tartj\u00e1k, \u00e9s nagyon alkalmas olajos formul\u00e1k old\u00f3szer\u00e9nek.<\/p>\n<p>Alkalmaz\u00e1s:<\/p>\n<p>&nbsp;<\/p>\n<p>A perfluor-butil-metil-\u00e9tert els\u0151sorban old\u00f3szerk\u00e9nt \u00e9s l\u00e1gy\u00edt\u00f3szerk\u00e9nt haszn\u00e1lj\u00e1k a kozmetikai \u00e9s b\u0151r\u00e1pol\u00e1si term\u00e9kekben. A kock\u00e1zati egy\u00fctthat\u00f3 1. Viszonylag biztons\u00e1gos \u00e9s biztons\u00e1gosan haszn\u00e1lhat\u00f3. A terhes n\u0151kre \u00e1ltal\u00e1ban nincs hat\u00e1sa. A perfluor-butil-metil-\u00e9ter nem okoz pattan\u00e1sokat.<\/p>\n<p>&nbsp;<\/p>\n<p>T\u00e1rol\u00e1s:<\/p>\n<p>Sz\u00e1raz, tiszta, j\u00f3l szell\u0151z\u0151 rakt\u00e1rban tartj\u00e1k.<\/p>\n<p>Ker\u00fclje a f\u00e9nynek \u00e9s a meleg\u00edt\u00e9snek val\u00f3 kitetts\u00e9get.<\/p>\n<p>A term\u00e9k v\u00e9delme a sziv\u00e1rg\u00e1st\u00f3l, es\u0151t\u0151l \u00e9s a szigetel\u00e9st\u0151l sz\u00e1ll\u00edt\u00e1s k\u00f6zben.<\/p>\n<h2><strong><b>L\u00e9pjen kapcsolatba vel\u00fcnk most!<\/b><\/strong><\/h2>\n<h4><strong><b>Ha sz\u00fcks\u00e9ge van Price-ra, k\u00e9rj\u00fck, t\u00f6ltse ki el\u00e9rhet\u0151s\u00e9g\u00e9t az al\u00e1bbi \u0171rlapon, \u00e1ltal\u00e1ban 24 \u00f3r\u00e1n bel\u00fcl felvessz\u00fck \u00d6nnel a kapcsolatot. \u00d6n is k\u00fcldhet nekem e-mailt\u00a0<span style=\"color: #00ccff;\"><a style=\"color: #00ccff;\" href=\"mailto:info@longchangchemical.com\">info@longchangchemical.com<\/a>\u00a0<\/span>munkaid\u0151ben ( 8:30-18:00 UTC+8 H.-Szombat ) vagy haszn\u00e1lja a weboldal \u00e9l\u0151 chatj\u00e9t, hogy azonnali v\u00e1laszt kapjon.<\/b><\/strong><\/h4>","protected":false},"excerpt":{"rendered":"<p>Term\u00e9k neve: METHYL PERFLUOROBUTYL ETHER\u3001METHYLNONAFLUOROISOBUTYLETHER\u3001Perfluorizobutil-metil-\u00e9ter<\/p>\n<p>CAS-sz\u00e1m: 163702-08-7<\/p>\n<p>Molekula k\u00e9plet: C5H3F9O<\/p>\n<p>Molekulat\u00f6meg: 250,06<\/p>\n<p>Molekulaszerkezet:<\/p>\n[caption id=\"attachment_6674\" align=\"alignnone\" width=\"289\"]<img decoding=\"async\" class=\"size-full wp-image-6674\" src=\"https:\/\/longchangchemical.com\/wp-content\/uploads\/2024\/03\/163702-08-7.png\" alt=\"163702-08-7\" width=\"289\" height=\"143\" \/> 163702-08-7[\/caption]","protected":false},"featured_media":6712,"comment_status":"open","ping_status":"closed","template":"","meta":[],"product_brand":[],"product_cat":[154],"product_tag":[],"class_list":{"0":"post-6673","1":"product","2":"type-product","3":"status-publish","4":"has-post-thumbnail","6":"product_cat-solvent","8":"first","9":"instock","10":"shipping-taxable","11":"product-type-simple"},"yoast_head":"<!-- This site is optimized with the Yoast SEO plugin v25.3.1 - https:\/\/yoast.com\/wordpress\/plugins\/seo\/ -->\n<title>China Methyl Perfluoroisobutyl Ether Manufacturer CAS 163702-08-7 - Longchang Chemical<\/title>\n<meta name=\"description\" content=\"Methyl Perfluoroisobutyl Ether Manufacturer can be used Precision electronic circuit board cleaner and is the key product of Longchang Chemical. We are the leading manufacturer and supplier in China with the best quanlity and competitive price.\" \/>\n<meta name=\"robots\" content=\"index, follow, max-snippet:-1, max-image-preview:large, max-video-preview:-1\" \/>\n<link rel=\"canonical\" href=\"https:\/\/longchangchemical.com\/hu\/product\/methyl-perfluoroisobutyl-ether-cas-163702-08-7\/\" \/>\n<meta property=\"og:locale\" content=\"hu_HU\" \/>\n<meta property=\"og:type\" content=\"article\" \/>\n<meta property=\"og:title\" content=\"China Methyl Perfluoroisobutyl Ether Manufacturer CAS 163702-08-7 - Longchang Chemical\" \/>\n<meta property=\"og:description\" content=\"Methyl Perfluoroisobutyl Ether Manufacturer can be used Precision electronic circuit board cleaner and is the key product of Longchang Chemical. We are the leading manufacturer and supplier in China with the best quanlity and competitive price.\" \/>\n<meta property=\"og:url\" content=\"https:\/\/longchangchemical.com\/hu\/product\/methyl-perfluoroisobutyl-ether-cas-163702-08-7\/\" \/>\n<meta property=\"og:site_name\" content=\"Longchang Chemical\" \/>\n<meta property=\"article:modified_time\" content=\"2026-01-12T06:35:53+00:00\" \/>\n<meta property=\"og:image\" content=\"https:\/\/longchangchemical.com\/wp-content\/uploads\/2024\/03\/Methyl-Perfluoroisobutyl-Ether-CAS-163702-08-7-1.jpg\" \/>\n\t<meta property=\"og:image:width\" content=\"800\" \/>\n\t<meta property=\"og:image:height\" content=\"800\" \/>\n\t<meta property=\"og:image:type\" content=\"image\/jpeg\" \/>\n<meta name=\"twitter:card\" content=\"summary_large_image\" \/>\n<script type=\"application\/ld+json\" class=\"yoast-schema-graph\">{\"@context\":\"https:\/\/schema.org\",\"@graph\":[{\"@type\":\"WebPage\",\"@id\":\"https:\/\/longchangchemical.com\/product\/methyl-perfluoroisobutyl-ether-cas-163702-08-7\/\",\"url\":\"https:\/\/longchangchemical.com\/product\/methyl-perfluoroisobutyl-ether-cas-163702-08-7\/\",\"name\":\"China Methyl Perfluoroisobutyl Ether Manufacturer CAS 163702-08-7 - Longchang Chemical\",\"isPartOf\":{\"@id\":\"https:\/\/longchangchemical.com\/#website\"},\"primaryImageOfPage\":{\"@id\":\"https:\/\/longchangchemical.com\/product\/methyl-perfluoroisobutyl-ether-cas-163702-08-7\/#primaryimage\"},\"image\":{\"@id\":\"https:\/\/longchangchemical.com\/product\/methyl-perfluoroisobutyl-ether-cas-163702-08-7\/#primaryimage\"},\"thumbnailUrl\":\"https:\/\/longchangchemical.com\/wp-content\/uploads\/2024\/03\/Methyl-Perfluoroisobutyl-Ether-CAS-163702-08-7-1.jpg\",\"datePublished\":\"2024-03-01T07:02:49+00:00\",\"dateModified\":\"2026-01-12T06:35:53+00:00\",\"description\":\"Methyl Perfluoroisobutyl Ether Manufacturer can be used Precision electronic circuit board cleaner and is the key product of Longchang Chemical. We are the leading manufacturer and supplier in China with the best quanlity and competitive price.\",\"breadcrumb\":{\"@id\":\"https:\/\/longchangchemical.com\/product\/methyl-perfluoroisobutyl-ether-cas-163702-08-7\/#breadcrumb\"},\"inLanguage\":\"hu\",\"potentialAction\":[{\"@type\":\"ReadAction\",\"target\":[\"https:\/\/longchangchemical.com\/product\/methyl-perfluoroisobutyl-ether-cas-163702-08-7\/\"]}]},{\"@type\":\"ImageObject\",\"inLanguage\":\"hu\",\"@id\":\"https:\/\/longchangchemical.com\/product\/methyl-perfluoroisobutyl-ether-cas-163702-08-7\/#primaryimage\",\"url\":\"https:\/\/longchangchemical.com\/wp-content\/uploads\/2024\/03\/Methyl-Perfluoroisobutyl-Ether-CAS-163702-08-7-1.jpg\",\"contentUrl\":\"https:\/\/longchangchemical.com\/wp-content\/uploads\/2024\/03\/Methyl-Perfluoroisobutyl-Ether-CAS-163702-08-7-1.jpg\",\"width\":800,\"height\":800},{\"@type\":\"BreadcrumbList\",\"@id\":\"https:\/\/longchangchemical.com\/product\/methyl-perfluoroisobutyl-ether-cas-163702-08-7\/#breadcrumb\",\"itemListElement\":[{\"@type\":\"ListItem\",\"position\":1,\"name\":\"Home\",\"item\":\"https:\/\/longchangchemical.com\/\"},{\"@type\":\"ListItem\",\"position\":2,\"name\":\"Products Longchang\",\"item\":\"https:\/\/longchangchemical.com\/product\/\"},{\"@type\":\"ListItem\",\"position\":3,\"name\":\"Methyl Perfluoroisobutyl Ether CAS 163702-08-7\"}]},{\"@type\":\"WebSite\",\"@id\":\"https:\/\/longchangchemical.com\/#website\",\"url\":\"https:\/\/longchangchemical.com\/\",\"name\":\"Longchang Chemical\",\"description\":\"China chemical manufacturer \uff06 supplier\",\"publisher\":{\"@id\":\"https:\/\/longchangchemical.com\/#organization\"},\"potentialAction\":[{\"@type\":\"SearchAction\",\"target\":{\"@type\":\"EntryPoint\",\"urlTemplate\":\"https:\/\/longchangchemical.com\/?s={search_term_string}\"},\"query-input\":{\"@type\":\"PropertyValueSpecification\",\"valueRequired\":true,\"valueName\":\"search_term_string\"}}],\"inLanguage\":\"hu\"},{\"@type\":\"Organization\",\"@id\":\"https:\/\/longchangchemical.com\/#organization\",\"name\":\"Longchang Chemical\",\"url\":\"https:\/\/longchangchemical.com\/\",\"logo\":{\"@type\":\"ImageObject\",\"inLanguage\":\"hu\",\"@id\":\"https:\/\/longchangchemical.com\/#\/schema\/logo\/image\/\",\"url\":\"https:\/\/longchangchemical.com\/wp-content\/uploads\/2020\/08\/cropped-longchang-logo.png\",\"contentUrl\":\"https:\/\/longchangchemical.com\/wp-content\/uploads\/2020\/08\/cropped-longchang-logo.png\",\"width\":512,\"height\":512,\"caption\":\"Longchang Chemical\"},\"image\":{\"@id\":\"https:\/\/longchangchemical.com\/#\/schema\/logo\/image\/\"}}]}<\/script>\n<!-- \/ Yoast SEO plugin. -->","yoast_head_json":{"title":"K\u00edna metil perfluorizobutil-\u00e9ter gy\u00e1rt\u00f3 CAS 163702-08-7 - Longchang Chemical","description":"Metil-perfluorizobutil-\u00e9ter Gy\u00e1rt\u00f3 haszn\u00e1lhat\u00f3 prec\u00edzi\u00f3s elektronikus \u00e1ramk\u00f6ri lap tiszt\u00edt\u00f3szer \u00e9s a Longchang Chemical kulcsfontoss\u00e1g\u00fa term\u00e9ke. Mi vagyunk a vezet\u0151 gy\u00e1rt\u00f3 \u00e9s sz\u00e1ll\u00edt\u00f3 K\u00edn\u00e1ban a legjobb min\u0151s\u00e9ggel \u00e9s versenyk\u00e9pes \u00e1rral.","robots":{"index":"index","follow":"follow","max-snippet":"max-snippet:-1","max-image-preview":"max-image-preview:large","max-video-preview":"max-video-preview:-1"},"canonical":"https:\/\/longchangchemical.com\/hu\/product\/methyl-perfluoroisobutyl-ether-cas-163702-08-7\/","og_locale":"hu_HU","og_type":"article","og_title":"China Methyl Perfluoroisobutyl Ether Manufacturer CAS 163702-08-7 - Longchang Chemical","og_description":"Methyl Perfluoroisobutyl Ether Manufacturer can be used Precision electronic circuit board cleaner and is the key product of Longchang Chemical. We are the leading manufacturer and supplier in China with the best quanlity and competitive price.","og_url":"https:\/\/longchangchemical.com\/hu\/product\/methyl-perfluoroisobutyl-ether-cas-163702-08-7\/","og_site_name":"Longchang Chemical","article_modified_time":"2026-01-12T06:35:53+00:00","og_image":[{"width":800,"height":800,"url":"https:\/\/longchangchemical.com\/wp-content\/uploads\/2024\/03\/Methyl-Perfluoroisobutyl-Ether-CAS-163702-08-7-1.jpg","type":"image\/jpeg"}],"twitter_card":"summary_large_image","schema":{"@context":"https:\/\/schema.org","@graph":[{"@type":"WebPage","@id":"https:\/\/longchangchemical.com\/product\/methyl-perfluoroisobutyl-ether-cas-163702-08-7\/","url":"https:\/\/longchangchemical.com\/product\/methyl-perfluoroisobutyl-ether-cas-163702-08-7\/","name":"K\u00edna metil perfluorizobutil-\u00e9ter gy\u00e1rt\u00f3 CAS 163702-08-7 - Longchang Chemical","isPartOf":{"@id":"https:\/\/longchangchemical.com\/#website"},"primaryImageOfPage":{"@id":"https:\/\/longchangchemical.com\/product\/methyl-perfluoroisobutyl-ether-cas-163702-08-7\/#primaryimage"},"image":{"@id":"https:\/\/longchangchemical.com\/product\/methyl-perfluoroisobutyl-ether-cas-163702-08-7\/#primaryimage"},"thumbnailUrl":"https:\/\/longchangchemical.com\/wp-content\/uploads\/2024\/03\/Methyl-Perfluoroisobutyl-Ether-CAS-163702-08-7-1.jpg","datePublished":"2024-03-01T07:02:49+00:00","dateModified":"2026-01-12T06:35:53+00:00","description":"Metil-perfluorizobutil-\u00e9ter Gy\u00e1rt\u00f3 haszn\u00e1lhat\u00f3 prec\u00edzi\u00f3s elektronikus \u00e1ramk\u00f6ri lap tiszt\u00edt\u00f3szer \u00e9s a Longchang Chemical kulcsfontoss\u00e1g\u00fa term\u00e9ke. Mi vagyunk a vezet\u0151 gy\u00e1rt\u00f3 \u00e9s sz\u00e1ll\u00edt\u00f3 K\u00edn\u00e1ban a legjobb min\u0151s\u00e9ggel \u00e9s versenyk\u00e9pes \u00e1rral.","breadcrumb":{"@id":"https:\/\/longchangchemical.com\/product\/methyl-perfluoroisobutyl-ether-cas-163702-08-7\/#breadcrumb"},"inLanguage":"hu","potentialAction":[{"@type":"ReadAction","target":["https:\/\/longchangchemical.com\/product\/methyl-perfluoroisobutyl-ether-cas-163702-08-7\/"]}]},{"@type":"ImageObject","inLanguage":"hu","@id":"https:\/\/longchangchemical.com\/product\/methyl-perfluoroisobutyl-ether-cas-163702-08-7\/#primaryimage","url":"https:\/\/longchangchemical.com\/wp-content\/uploads\/2024\/03\/Methyl-Perfluoroisobutyl-Ether-CAS-163702-08-7-1.jpg","contentUrl":"https:\/\/longchangchemical.com\/wp-content\/uploads\/2024\/03\/Methyl-Perfluoroisobutyl-Ether-CAS-163702-08-7-1.jpg","width":800,"height":800},{"@type":"BreadcrumbList","@id":"https:\/\/longchangchemical.com\/product\/methyl-perfluoroisobutyl-ether-cas-163702-08-7\/#breadcrumb","itemListElement":[{"@type":"ListItem","position":1,"name":"Home","item":"https:\/\/longchangchemical.com\/"},{"@type":"ListItem","position":2,"name":"Products Longchang","item":"https:\/\/longchangchemical.com\/product\/"},{"@type":"ListItem","position":3,"name":"Methyl Perfluoroisobutyl Ether CAS 163702-08-7"}]},{"@type":"WebSite","@id":"https:\/\/longchangchemical.com\/#website","url":"https:\/\/longchangchemical.com\/","name":"Longchang Chemical","description":"K\u00edna k\u00e9miai gy\u00e1rt\u00f3 \uff06 sz\u00e1ll\u00edt\u00f3","publisher":{"@id":"https:\/\/longchangchemical.com\/#organization"},"potentialAction":[{"@type":"SearchAction","target":{"@type":"EntryPoint","urlTemplate":"https:\/\/longchangchemical.com\/?s={search_term_string}"},"query-input":{"@type":"PropertyValueSpecification","valueRequired":true,"valueName":"search_term_string"}}],"inLanguage":"hu"},{"@type":"Organization","@id":"https:\/\/longchangchemical.com\/#organization","name":"Longchang Chemical","url":"https:\/\/longchangchemical.com\/","logo":{"@type":"ImageObject","inLanguage":"hu","@id":"https:\/\/longchangchemical.com\/#\/schema\/logo\/image\/","url":"https:\/\/longchangchemical.com\/wp-content\/uploads\/2020\/08\/cropped-longchang-logo.png","contentUrl":"https:\/\/longchangchemical.com\/wp-content\/uploads\/2020\/08\/cropped-longchang-logo.png","width":512,"height":512,"caption":"Longchang Chemical"},"image":{"@id":"https:\/\/longchangchemical.com\/#\/schema\/logo\/image\/"}}]}},"_links":{"self":[{"href":"https:\/\/longchangchemical.com\/hu\/wp-json\/wp\/v2\/product\/6673","targetHints":{"allow":["GET"]}}],"collection":[{"href":"https:\/\/longchangchemical.com\/hu\/wp-json\/wp\/v2\/product"}],"about":[{"href":"https:\/\/longchangchemical.com\/hu\/wp-json\/wp\/v2\/types\/product"}],"replies":[{"embeddable":true,"href":"https:\/\/longchangchemical.com\/hu\/wp-json\/wp\/v2\/comments?post=6673"}],"wp:featuredmedia":[{"embeddable":true,"href":"https:\/\/longchangchemical.com\/hu\/wp-json\/wp\/v2\/media\/6712"}],"wp:attachment":[{"href":"https:\/\/longchangchemical.com\/hu\/wp-json\/wp\/v2\/media?parent=6673"}],"wp:term":[{"taxonomy":"product_brand","embeddable":true,"href":"https:\/\/longchangchemical.com\/hu\/wp-json\/wp\/v2\/product_brand?post=6673"},{"taxonomy":"product_cat","embeddable":true,"href":"https:\/\/longchangchemical.com\/hu\/wp-json\/wp\/v2\/product_cat?post=6673"},{"taxonomy":"product_tag","embeddable":true,"href":"https:\/\/longchangchemical.com\/hu\/wp-json\/wp\/v2\/product_tag?post=6673"}],"curies":[{"name":"wp","href":"https:\/\/api.w.org\/{rel}","templated":true}]}}