{"id":6647,"date":"2024-02-19T06:50:10","date_gmt":"2024-02-19T06:50:10","guid":{"rendered":"https:\/\/longchangchemical.com\/?post_type=product&#038;p=6647"},"modified":"2024-04-28T02:39:48","modified_gmt":"2024-04-28T02:39:48","slug":"3-hpp-ceppa-esterified-liquid","status":"publish","type":"product","link":"https:\/\/longchangchemical.com\/hu\/product\/3-hpp-ceppa-esterified-liquid\/","title":{"rendered":"Lcflare\u00ae 3-HPP\/CEPPA \u00e9szterezett folyad\u00e9k"},"content":{"rendered":"<h1>Lcflare\u00ae 3-HPP\/CEPPA<\/h1>\n<p><strong>Szinonim\u00e1ja:<\/strong>\u00a03-hidroxifenilfoszfinil-foszfinilprop\u00e1nsav ;2-karboxil-etil(fenil)foszfinsav<\/p>\n<p><strong>Cas No.<\/strong>:14657-64-8<\/p>\n<p><strong>Molekul\u00e1ris szerkezet<\/strong>:<\/p>\n<p><img decoding=\"async\" class=\"alignnone size-full wp-image-3960\" src=\"https:\/\/longchangchemical.com\/wp-content\/uploads\/2021\/08\/3hhp.gif\" alt=\"\" width=\"264\" height=\"132\" \/><\/p>\n<p><strong>Specifik\u00e1ci\u00f3k:\u00a0<\/strong><strong>\u00a0\u00a0\u00a0\u00a0\u00a0\u00a0\u00a0\u00a0\u00a0\u00a0<\/strong>\u00a0<strong>\u00a0\u00a0\u00a0\u00a0<\/strong><\/p>\n<table>\n<tbody>\n<tr>\n<td width=\"183\"><strong><b>3-HPP\/CEPPA<\/b><\/strong><\/td>\n<td width=\"272\">Szil\u00e1rd forma<\/td>\n<\/tr>\n<tr>\n<td width=\"183\">Megjelen\u00e9s<\/td>\n<td width=\"272\">Feh\u00e9r krist\u00e1ly<\/td>\n<\/tr>\n<tr>\n<td width=\"183\">Tartalom (HPLC)<\/td>\n<td width=\"272\">\u226599.5%<\/td>\n<\/tr>\n<tr>\n<td width=\"183\">Olvad\u00e1spont (DSC, \u00b0C)<\/td>\n<td width=\"272\">\u2265158<\/td>\n<\/tr>\n<tr>\n<td width=\"183\">Vastartalom (%)<\/td>\n<td width=\"272\">\u22640.02<\/td>\n<\/tr>\n<tr>\n<td width=\"183\">Foszfortartalom(%)<\/td>\n<td width=\"272\">14,0\u00b10,5%<\/td>\n<\/tr>\n<tr>\n<td width=\"183\">Kloridion-tartalom (%)<\/td>\n<td width=\"272\">\u226410 ppm<\/td>\n<\/tr>\n<tr>\n<td width=\"183\">Sav\u00e9rt\u00e9k ( mg KOH\/g)<\/td>\n<td width=\"272\">522.0\u00b14.0<\/td>\n<\/tr>\n<tr>\n<td width=\"183\">Nedvess\u00e9g (K.F ,%)<\/td>\n<td width=\"272\">\u22640.1<\/td>\n<\/tr>\n<\/tbody>\n<\/table>\n<p><strong>\u00a0<\/strong><\/p>\n<p><strong>Csomagol\u00e1s<\/strong>:25kg \/zs\u00e1k \/karton vagy 500kg\/zs\u00e1k.<\/p>\n<p><strong>Alkalmaz\u00e1s:<\/strong><\/p>\n<p>K\u00f6rnyezetbar\u00e1t \u00e9g\u00e9sg\u00e1tl\u00f3, alkalmas tart\u00f3s \u00e9g\u00e9sg\u00e1tl\u00f3 poliuret\u00e1n term\u00e9kek, p\u00e9ld\u00e1ul poli\u00e9szter forg\u00e1csok, sz\u00e1lak, v\u00e1gott sz\u00e1lak, sz\u00f6vetek \u00e9s filmek el\u0151\u00e1ll\u00edt\u00e1s\u00e1ra. A kapott poliuret\u00e1nforg\u00e1csok j\u00f3 sz\u00edn\u00e1rnyalattal \u00e9s j\u00f3 fonhat\u00f3s\u00e1ggal rendelkeznek. A hagyom\u00e1nyos PET-hez k\u00e9pest a term\u00e9k hozz\u00e1ad\u00e1sa ut\u00e1n a l\u00e1ngmentes\u00edtett poli\u00e9szter term\u00e9kek fonhat\u00f3s\u00e1ga a hagyom\u00e1nyos poli\u00e9szterforg\u00e1csokkal azonos fon\u00e1si \u00e9s szak\u00edt\u00f3 tulajdons\u00e1gokkal rendelkezik. L\u00e1ngmentes\u00edtett poli\u00e9szter term\u00e9kek Kiv\u00e1l\u00f3 h\u0151stabilit\u00e1ssal rendelkezik, nem bomlik le a fon\u00e1si folyamat sor\u00e1n, \u00e9s nincs saj\u00e1tos szaga a fon\u00e1s hely\u00e9n. Jav\u00edthatja a poli\u00e9szterterm\u00e9kek antisztatikus teljes\u00edtm\u00e9ny\u00e9t, \u00e9s j\u00f3 fonhat\u00f3s\u00e1ggal rendelkezik. A sz\u00e1l j\u00f3 sz\u00f6v\u00e9si tulajdons\u00e1gokkal rendelkezik, \u00e9s b\u00e1rmilyen fon\u00e1son \u00e1tvihet\u0151. A selyemrendszer fon\u00e1si feldolgoz\u00e1st v\u00e9gez, \u00e9s a sz\u00f6vet tart\u00f3s l\u00e1ngmentes\u00edt\u0151 tulajdons\u00e1gokat \u00e9rhet el. PTA-val \u00e9s EG-vel kopolimeriz\u00e1lva az adal\u00e9kanyag mennyis\u00e9ge 2,5 ~ 4,5%, az \u00e9g\u00e9sg\u00e1tl\u00f3 poli\u00e9szter forg\u00e1cs foszfortartalma 0,35-0,60%, \u00e9s az \u00e9g\u00e9sg\u00e1tl\u00f3 oxig\u00e9nindex a fonott sz\u00f6vet ut\u00e1n 30 ~ 36%. Sz\u00e9les k\u00f6rben haszn\u00e1lj\u00e1k az \u00e9g\u00e9sg\u00e1tl\u00f3 ter\u00fcleteken, mint p\u00e9ld\u00e1ul a textil \u00e9g\u00e9sg\u00e1tl\u00f3, fon\u00e1s \u00e9g\u00e9sg\u00e1tl\u00f3, k\u00e9miai sz\u00e1lak \u00e9g\u00e9sg\u00e1tl\u00f3, k\u00fcl\u00f6nb\u00f6z\u0151 ruh\u00e1zati anyagok, dekorat\u00edv sz\u00f6vetek stb.<\/p>\n<p><strong><b>T\u00e1rol\u00e1s:<\/b><\/strong><\/p>\n<p>Sz\u00e1raz, tiszta, j\u00f3l szell\u0151z\u0151 rakt\u00e1rban tartj\u00e1k.<\/p>\n<p>Ker\u00fclje a f\u00e9nynek \u00e9s a meleg\u00edt\u00e9snek val\u00f3 kitetts\u00e9get.<\/p>\n<p>A term\u00e9k v\u00e9delme a sziv\u00e1rg\u00e1st\u00f3l, es\u0151t\u0151l \u00e9s a szigetel\u00e9st\u0151l sz\u00e1ll\u00edt\u00e1s k\u00f6zben.<\/p>\n<h2><strong><b>L\u00e9pjen kapcsolatba vel\u00fcnk most!<\/b><\/strong><\/h2>\n<h4><strong><b>Ha sz\u00fcks\u00e9ge van Price-ra, k\u00e9rj\u00fck, t\u00f6ltse ki el\u00e9rhet\u0151s\u00e9g\u00e9t az al\u00e1bbi \u0171rlapon, \u00e1ltal\u00e1ban 24 \u00f3r\u00e1n bel\u00fcl felvessz\u00fck \u00d6nnel a kapcsolatot. \u00d6n is k\u00fcldhet nekem e-mailt\u00a0<span style=\"color: #00ccff;\"><a style=\"color: #00ccff;\" href=\"mailto:info@longchangchemical.com\">info@longchangchemical.com<\/a>\u00a0<\/span>munkaid\u0151ben ( 8:30-18:00 UTC+8 H.-Szombat ) vagy haszn\u00e1lja a weboldal \u00e9l\u0151 chatj\u00e9t, hogy azonnali v\u00e1laszt kapjon.<\/b><\/strong><\/h4>","protected":false},"excerpt":{"rendered":"<p>A Lcflare\u00ae 3-HPP\/CEPPA egyfajta \u00e9g\u00e9sg\u00e1tl\u00f3, amely oxid\u00e1lt foszfint tartalmaz, \u00e9s kopolimeriz\u00e1l\u00f3dhat \u00e9szterrel kopoli\u00e9szter el\u0151\u00e1ll\u00edt\u00e1s\u00e1hoz.Akt\u00edv, \u00e9s magas h\u0151g\u00e1tl\u00f3 k\u00e9pess\u00e9ggel \u00e9s magas oxid\u00e1ci\u00f3s stabilit\u00e1ssal rendelkezik, valamint hidrol\u00edzis\u00e1ll\u00f3.<\/p>\n<p>K\u00e9miai n\u00e9v: foszfinil-propanonsav: 3-hidroxi-fenilfoszfinil-propanonsav<\/p>\n<p>CAS-sz\u00e1m: 14657-64-8<\/p>\n<p>K\u00e9plet: C9H11O4P<\/p>\n<p>Csomag: 200 kg\/dob<\/p>","protected":false},"featured_media":6706,"comment_status":"open","ping_status":"closed","template":"","meta":[],"product_brand":[],"product_cat":[153],"product_tag":[],"class_list":{"0":"post-6647","1":"product","2":"type-product","3":"status-publish","4":"has-post-thumbnail","6":"product_cat-Lcflare-flame-retardant","8":"first","9":"instock","10":"shipping-taxable","11":"product-type-simple"},"yoast_head":"<!-- This site is optimized with the Yoast SEO plugin v25.3.1 - https:\/\/yoast.com\/wordpress\/plugins\/seo\/ -->\n<title>3-HPP \/ CEPPA Esterified liquid ( 3-Hydroxyphenylphosphinyl-propanoic acid ) manufacturer - Longchang Chemical<\/title>\n<meta name=\"description\" content=\"Lcflare\u00ae 3-HPP \/ CEPPA Esterified liquid ( 2-carboxyl ethyl(phenyl)phosphinic Acid ) can be used as a Flame retardant and is the key product of Longchang Chemical. We are the leading Flame retardant manufacturer and supplier in China with the best quanlity and competitive price.\" \/>\n<meta name=\"robots\" content=\"index, follow, max-snippet:-1, max-image-preview:large, max-video-preview:-1\" \/>\n<link rel=\"canonical\" href=\"https:\/\/longchangchemical.com\/hu\/product\/3-hpp-ceppa-esterified-liquid\/\" \/>\n<meta property=\"og:locale\" content=\"hu_HU\" \/>\n<meta property=\"og:type\" content=\"article\" \/>\n<meta property=\"og:title\" content=\"3-HPP \/ CEPPA Esterified liquid ( 3-Hydroxyphenylphosphinyl-propanoic acid ) manufacturer - Longchang Chemical\" \/>\n<meta property=\"og:description\" content=\"Lcflare\u00ae 3-HPP \/ CEPPA Esterified liquid ( 2-carboxyl ethyl(phenyl)phosphinic Acid ) can be used as a Flame retardant and is the key product of Longchang Chemical. We are the leading Flame retardant manufacturer and supplier in China with the best quanlity and competitive price.\" \/>\n<meta property=\"og:url\" content=\"https:\/\/longchangchemical.com\/hu\/product\/3-hpp-ceppa-esterified-liquid\/\" \/>\n<meta property=\"og:site_name\" content=\"Longchang Chemical\" \/>\n<meta property=\"article:modified_time\" content=\"2024-04-28T02:39:48+00:00\" \/>\n<meta property=\"og:image\" content=\"https:\/\/longchangchemical.com\/wp-content\/uploads\/2024\/02\/3-HPPCEPPA-Esterified-liquid.jpg\" \/>\n\t<meta property=\"og:image:width\" content=\"800\" \/>\n\t<meta property=\"og:image:height\" content=\"800\" \/>\n\t<meta property=\"og:image:type\" content=\"image\/jpeg\" \/>\n<meta name=\"twitter:card\" content=\"summary_large_image\" \/>\n<script type=\"application\/ld+json\" class=\"yoast-schema-graph\">{\"@context\":\"https:\/\/schema.org\",\"@graph\":[{\"@type\":\"WebPage\",\"@id\":\"https:\/\/longchangchemical.com\/product\/3-hpp-ceppa-esterified-liquid\/\",\"url\":\"https:\/\/longchangchemical.com\/product\/3-hpp-ceppa-esterified-liquid\/\",\"name\":\"3-HPP \/ CEPPA Esterified liquid ( 3-Hydroxyphenylphosphinyl-propanoic acid ) manufacturer - Longchang Chemical\",\"isPartOf\":{\"@id\":\"https:\/\/longchangchemical.com\/#website\"},\"primaryImageOfPage\":{\"@id\":\"https:\/\/longchangchemical.com\/product\/3-hpp-ceppa-esterified-liquid\/#primaryimage\"},\"image\":{\"@id\":\"https:\/\/longchangchemical.com\/product\/3-hpp-ceppa-esterified-liquid\/#primaryimage\"},\"thumbnailUrl\":\"https:\/\/longchangchemical.com\/wp-content\/uploads\/2024\/02\/3-HPPCEPPA-Esterified-liquid.jpg\",\"datePublished\":\"2024-02-19T06:50:10+00:00\",\"dateModified\":\"2024-04-28T02:39:48+00:00\",\"description\":\"Lcflare\u00ae 3-HPP \/ CEPPA Esterified liquid ( 2-carboxyl ethyl(phenyl)phosphinic Acid ) can be used as a Flame retardant and is the key product of Longchang Chemical. We are the leading Flame retardant manufacturer and supplier in China with the best quanlity and competitive price.\",\"breadcrumb\":{\"@id\":\"https:\/\/longchangchemical.com\/product\/3-hpp-ceppa-esterified-liquid\/#breadcrumb\"},\"inLanguage\":\"hu\",\"potentialAction\":[{\"@type\":\"ReadAction\",\"target\":[\"https:\/\/longchangchemical.com\/product\/3-hpp-ceppa-esterified-liquid\/\"]}]},{\"@type\":\"ImageObject\",\"inLanguage\":\"hu\",\"@id\":\"https:\/\/longchangchemical.com\/product\/3-hpp-ceppa-esterified-liquid\/#primaryimage\",\"url\":\"https:\/\/longchangchemical.com\/wp-content\/uploads\/2024\/02\/3-HPPCEPPA-Esterified-liquid.jpg\",\"contentUrl\":\"https:\/\/longchangchemical.com\/wp-content\/uploads\/2024\/02\/3-HPPCEPPA-Esterified-liquid.jpg\",\"width\":800,\"height\":800,\"caption\":\"3-HPPCEPPA Esterified liquid\"},{\"@type\":\"BreadcrumbList\",\"@id\":\"https:\/\/longchangchemical.com\/product\/3-hpp-ceppa-esterified-liquid\/#breadcrumb\",\"itemListElement\":[{\"@type\":\"ListItem\",\"position\":1,\"name\":\"Home\",\"item\":\"https:\/\/longchangchemical.com\/\"},{\"@type\":\"ListItem\",\"position\":2,\"name\":\"Products Longchang\",\"item\":\"https:\/\/longchangchemical.com\/product\/\"},{\"@type\":\"ListItem\",\"position\":3,\"name\":\"Lcflare\u00ae 3-HPP\/CEPPA Esterified liquid\"}]},{\"@type\":\"WebSite\",\"@id\":\"https:\/\/longchangchemical.com\/#website\",\"url\":\"https:\/\/longchangchemical.com\/\",\"name\":\"Longchang Chemical\",\"description\":\"China chemical manufacturer \uff06 supplier\",\"publisher\":{\"@id\":\"https:\/\/longchangchemical.com\/#organization\"},\"potentialAction\":[{\"@type\":\"SearchAction\",\"target\":{\"@type\":\"EntryPoint\",\"urlTemplate\":\"https:\/\/longchangchemical.com\/?s={search_term_string}\"},\"query-input\":{\"@type\":\"PropertyValueSpecification\",\"valueRequired\":true,\"valueName\":\"search_term_string\"}}],\"inLanguage\":\"hu\"},{\"@type\":\"Organization\",\"@id\":\"https:\/\/longchangchemical.com\/#organization\",\"name\":\"Longchang Chemical\",\"url\":\"https:\/\/longchangchemical.com\/\",\"logo\":{\"@type\":\"ImageObject\",\"inLanguage\":\"hu\",\"@id\":\"https:\/\/longchangchemical.com\/#\/schema\/logo\/image\/\",\"url\":\"https:\/\/longchangchemical.com\/wp-content\/uploads\/2020\/08\/cropped-longchang-logo.png\",\"contentUrl\":\"https:\/\/longchangchemical.com\/wp-content\/uploads\/2020\/08\/cropped-longchang-logo.png\",\"width\":512,\"height\":512,\"caption\":\"Longchang Chemical\"},\"image\":{\"@id\":\"https:\/\/longchangchemical.com\/#\/schema\/logo\/image\/\"}}]}<\/script>\n<!-- \/ Yoast SEO plugin. -->","yoast_head_json":{"title":"3-HPP \/ CEPPA \u00e9szterezett folyad\u00e9k ( 3-Hidroxi-fenilfoszfinil-foszfinilprop\u00e1nsav ) gy\u00e1rt\u00f3 - Longchang Chemical","description":"A Lcflare\u00ae 3-HPP \/ CEPPA \u00e9szterezett folyad\u00e9k ( 2-karboxil-etil(fenil)-foszfinsav ) \u00e9g\u00e9sg\u00e1tl\u00f3k\u00e9nt haszn\u00e1lhat\u00f3, \u00e9s a Longchang Chemical kulcsfontoss\u00e1g\u00fa term\u00e9ke. Mi vagyunk a vezet\u0151 \u00e9g\u00e9sg\u00e1tl\u00f3 gy\u00e1rt\u00f3ja \u00e9s sz\u00e1ll\u00edt\u00f3ja K\u00edn\u00e1ban a legjobb min\u0151s\u00e9ggel \u00e9s versenyk\u00e9pes \u00e1rral.","robots":{"index":"index","follow":"follow","max-snippet":"max-snippet:-1","max-image-preview":"max-image-preview:large","max-video-preview":"max-video-preview:-1"},"canonical":"https:\/\/longchangchemical.com\/hu\/product\/3-hpp-ceppa-esterified-liquid\/","og_locale":"hu_HU","og_type":"article","og_title":"3-HPP \/ CEPPA Esterified liquid ( 3-Hydroxyphenylphosphinyl-propanoic acid ) manufacturer - Longchang Chemical","og_description":"Lcflare\u00ae 3-HPP \/ CEPPA Esterified liquid ( 2-carboxyl ethyl(phenyl)phosphinic Acid ) can be used as a Flame retardant and is the key product of Longchang Chemical. We are the leading Flame retardant manufacturer and supplier in China with the best quanlity and competitive price.","og_url":"https:\/\/longchangchemical.com\/hu\/product\/3-hpp-ceppa-esterified-liquid\/","og_site_name":"Longchang Chemical","article_modified_time":"2024-04-28T02:39:48+00:00","og_image":[{"width":800,"height":800,"url":"https:\/\/longchangchemical.com\/wp-content\/uploads\/2024\/02\/3-HPPCEPPA-Esterified-liquid.jpg","type":"image\/jpeg"}],"twitter_card":"summary_large_image","schema":{"@context":"https:\/\/schema.org","@graph":[{"@type":"WebPage","@id":"https:\/\/longchangchemical.com\/product\/3-hpp-ceppa-esterified-liquid\/","url":"https:\/\/longchangchemical.com\/product\/3-hpp-ceppa-esterified-liquid\/","name":"3-HPP \/ CEPPA \u00e9szterezett folyad\u00e9k ( 3-Hidroxi-fenilfoszfinil-foszfinilprop\u00e1nsav ) gy\u00e1rt\u00f3 - Longchang Chemical","isPartOf":{"@id":"https:\/\/longchangchemical.com\/#website"},"primaryImageOfPage":{"@id":"https:\/\/longchangchemical.com\/product\/3-hpp-ceppa-esterified-liquid\/#primaryimage"},"image":{"@id":"https:\/\/longchangchemical.com\/product\/3-hpp-ceppa-esterified-liquid\/#primaryimage"},"thumbnailUrl":"https:\/\/longchangchemical.com\/wp-content\/uploads\/2024\/02\/3-HPPCEPPA-Esterified-liquid.jpg","datePublished":"2024-02-19T06:50:10+00:00","dateModified":"2024-04-28T02:39:48+00:00","description":"A Lcflare\u00ae 3-HPP \/ CEPPA \u00e9szterezett folyad\u00e9k ( 2-karboxil-etil(fenil)-foszfinsav ) \u00e9g\u00e9sg\u00e1tl\u00f3k\u00e9nt haszn\u00e1lhat\u00f3, \u00e9s a Longchang Chemical kulcsfontoss\u00e1g\u00fa term\u00e9ke. Mi vagyunk a vezet\u0151 \u00e9g\u00e9sg\u00e1tl\u00f3 gy\u00e1rt\u00f3ja \u00e9s sz\u00e1ll\u00edt\u00f3ja K\u00edn\u00e1ban a legjobb min\u0151s\u00e9ggel \u00e9s versenyk\u00e9pes \u00e1rral.","breadcrumb":{"@id":"https:\/\/longchangchemical.com\/product\/3-hpp-ceppa-esterified-liquid\/#breadcrumb"},"inLanguage":"hu","potentialAction":[{"@type":"ReadAction","target":["https:\/\/longchangchemical.com\/product\/3-hpp-ceppa-esterified-liquid\/"]}]},{"@type":"ImageObject","inLanguage":"hu","@id":"https:\/\/longchangchemical.com\/product\/3-hpp-ceppa-esterified-liquid\/#primaryimage","url":"https:\/\/longchangchemical.com\/wp-content\/uploads\/2024\/02\/3-HPPCEPPA-Esterified-liquid.jpg","contentUrl":"https:\/\/longchangchemical.com\/wp-content\/uploads\/2024\/02\/3-HPPCEPPA-Esterified-liquid.jpg","width":800,"height":800,"caption":"3-HPPCEPPA Esterified liquid"},{"@type":"BreadcrumbList","@id":"https:\/\/longchangchemical.com\/product\/3-hpp-ceppa-esterified-liquid\/#breadcrumb","itemListElement":[{"@type":"ListItem","position":1,"name":"Home","item":"https:\/\/longchangchemical.com\/"},{"@type":"ListItem","position":2,"name":"Products Longchang","item":"https:\/\/longchangchemical.com\/product\/"},{"@type":"ListItem","position":3,"name":"Lcflare\u00ae 3-HPP\/CEPPA Esterified liquid"}]},{"@type":"WebSite","@id":"https:\/\/longchangchemical.com\/#website","url":"https:\/\/longchangchemical.com\/","name":"Longchang Chemical","description":"K\u00edna k\u00e9miai gy\u00e1rt\u00f3 \uff06 sz\u00e1ll\u00edt\u00f3","publisher":{"@id":"https:\/\/longchangchemical.com\/#organization"},"potentialAction":[{"@type":"SearchAction","target":{"@type":"EntryPoint","urlTemplate":"https:\/\/longchangchemical.com\/?s={search_term_string}"},"query-input":{"@type":"PropertyValueSpecification","valueRequired":true,"valueName":"search_term_string"}}],"inLanguage":"hu"},{"@type":"Organization","@id":"https:\/\/longchangchemical.com\/#organization","name":"Longchang Chemical","url":"https:\/\/longchangchemical.com\/","logo":{"@type":"ImageObject","inLanguage":"hu","@id":"https:\/\/longchangchemical.com\/#\/schema\/logo\/image\/","url":"https:\/\/longchangchemical.com\/wp-content\/uploads\/2020\/08\/cropped-longchang-logo.png","contentUrl":"https:\/\/longchangchemical.com\/wp-content\/uploads\/2020\/08\/cropped-longchang-logo.png","width":512,"height":512,"caption":"Longchang Chemical"},"image":{"@id":"https:\/\/longchangchemical.com\/#\/schema\/logo\/image\/"}}]}},"_links":{"self":[{"href":"https:\/\/longchangchemical.com\/hu\/wp-json\/wp\/v2\/product\/6647","targetHints":{"allow":["GET"]}}],"collection":[{"href":"https:\/\/longchangchemical.com\/hu\/wp-json\/wp\/v2\/product"}],"about":[{"href":"https:\/\/longchangchemical.com\/hu\/wp-json\/wp\/v2\/types\/product"}],"replies":[{"embeddable":true,"href":"https:\/\/longchangchemical.com\/hu\/wp-json\/wp\/v2\/comments?post=6647"}],"wp:featuredmedia":[{"embeddable":true,"href":"https:\/\/longchangchemical.com\/hu\/wp-json\/wp\/v2\/media\/6706"}],"wp:attachment":[{"href":"https:\/\/longchangchemical.com\/hu\/wp-json\/wp\/v2\/media?parent=6647"}],"wp:term":[{"taxonomy":"product_brand","embeddable":true,"href":"https:\/\/longchangchemical.com\/hu\/wp-json\/wp\/v2\/product_brand?post=6647"},{"taxonomy":"product_cat","embeddable":true,"href":"https:\/\/longchangchemical.com\/hu\/wp-json\/wp\/v2\/product_cat?post=6647"},{"taxonomy":"product_tag","embeddable":true,"href":"https:\/\/longchangchemical.com\/hu\/wp-json\/wp\/v2\/product_tag?post=6647"}],"curies":[{"name":"wp","href":"https:\/\/api.w.org\/{rel}","templated":true}]}}