{"id":6604,"date":"2024-02-05T09:15:42","date_gmt":"2024-02-05T09:15:42","guid":{"rendered":"https:\/\/longchangchemical.com\/?post_type=product&#038;p=6604"},"modified":"2026-05-08T03:00:02","modified_gmt":"2026-05-08T03:00:02","slug":"rubidium-hydroxide-cas-1310-82-3","status":"publish","type":"product","link":"https:\/\/longchangchemical.com\/hu\/product\/rubidium-hydroxide-cas-1310-82-3\/","title":{"rendered":"Rub\u00eddium-hidroxid CAS 1310-82-3"},"content":{"rendered":"<h2><strong>Rub\u00eddium-hidroxid CAS 1310-82-3<\/strong><\/h2>\n<p>&nbsp;<\/p>\n<table>\n<tbody>\n<tr>\n<td width=\"189\">T\u00e9tel<\/td>\n<td width=\"264\">Specifik\u00e1ci\u00f3<\/td>\n<\/tr>\n<tr>\n<td width=\"189\">Megjelen\u00e9s<\/td>\n<td width=\"264\">Feh\u00e9r hatalom<\/td>\n<\/tr>\n<tr>\n<td width=\"189\">RbOH<\/td>\n<td width=\"264\">\u226599.0%<\/td>\n<\/tr>\n<tr>\n<td width=\"189\">Li<\/td>\n<td width=\"264\">\u22640,1%<\/td>\n<\/tr>\n<tr>\n<td width=\"189\">K<\/td>\n<td width=\"264\">\u22640,05%<\/td>\n<\/tr>\n<tr>\n<td width=\"189\">Na<\/td>\n<td width=\"264\">\u22640,03%<\/td>\n<\/tr>\n<tr>\n<td width=\"189\">Ca<\/td>\n<td width=\"264\">\u22640,005%<\/td>\n<\/tr>\n<tr>\n<td width=\"189\">Mg<\/td>\n<td width=\"264\">\u22640,001%<\/td>\n<\/tr>\n<tr>\n<td width=\"189\">Fe<\/td>\n<td width=\"264\">\u22640,001%<\/td>\n<\/tr>\n<tr>\n<td width=\"189\">Al<\/td>\n<td width=\"264\">\u22640,005%<\/td>\n<\/tr>\n<tr>\n<td width=\"189\">Si<\/td>\n<td width=\"264\">\u22640,001%<\/td>\n<\/tr>\n<tr>\n<td width=\"189\">Cs<\/td>\n<td width=\"264\">\u22640,5%<\/td>\n<\/tr>\n<tr>\n<td width=\"189\">Pb<\/td>\n<td width=\"264\">\u22640,001%<\/td>\n<\/tr>\n<\/tbody>\n<\/table>\n<p><strong><b>\u00a0<\/b><\/strong><\/p>\n<p><strong>Alkalmaz\u00e1s: <\/strong><\/p>\n<p>Rub\u00eddiumf\u00e9m \u00e9s k\u00fcl\u00f6nb\u00f6z\u0151 rub\u00eddiums\u00f3k el\u0151\u00e1ll\u00edt\u00e1s\u00e1hoz, speci\u00e1lis \u00fcvegek, miniat\u0171r nagyenergi\u00e1j\u00fa akkumul\u00e1torok \u00e9s krist\u00e1lyos szcintill\u00e1ci\u00f3s sz\u00e1ml\u00e1l\u00f3k gy\u00e1rt\u00e1s\u00e1hoz sz\u00fcks\u00e9ges nyersanyagok.<\/p>\n<p>&nbsp;<\/p>\n<p><strong><b>P<\/b><\/strong><strong><b>ackag<\/b><\/strong><strong><b>e<\/b><\/strong><strong><b>:<\/b><\/strong>25 kg\/dob<\/p>\n<p><strong><b>\u00a0<\/b><\/strong><\/p>\n<p><strong><b>T\u00e1rol\u00e1s: <\/b><\/strong><\/p>\n<p>V\u00e9dett a nedvess\u00e9gt\u0151l \u00e9s az es\u0151t\u0151l.<\/p>\n<p>Ker\u00fclje el a sz\u00e1ll\u00edt\u00e1s sor\u00e1n \u00f6sszet\u00f6rt csomagot.<\/p>\n<p>Sz\u00e1raz \u00e9s szell\u0151ztetett rakt\u00e1rban t\u00e1rolja.<\/p>\n<h2><strong><b>L\u00e9pjen kapcsolatba vel\u00fcnk most!<\/b><\/strong><\/h2>\n<h4><strong><b>Ha sz\u00fcks\u00e9ge van Price-ra, k\u00e9rj\u00fck, t\u00f6ltse ki el\u00e9rhet\u0151s\u00e9g\u00e9t az al\u00e1bbi \u0171rlapon, \u00e1ltal\u00e1ban 24 \u00f3r\u00e1n bel\u00fcl felvessz\u00fck \u00d6nnel a kapcsolatot. \u00d6n is k\u00fcldhet nekem e-mailt\u00a0<span style=\"color: #00ccff;\"><a style=\"color: #00ccff;\" href=\"mailto:info@longchangchemical.com\">info@longchangchemical.com<\/a>\u00a0<\/span>munkaid\u0151ben ( 8:30-18:00 UTC+8 H.-Szombat ) vagy haszn\u00e1lja a weboldal \u00e9l\u0151 chatj\u00e9t, hogy azonnali v\u00e1laszt kapjon.<\/b><\/strong><\/h4>","protected":false},"excerpt":{"rendered":"<p><strong>K\u00e9miai n\u00e9v:<\/strong>\u00a0Rub\u00eddium-hidroxid<\/p>\n<p><strong>CAS-sz\u00e1m:<\/strong>\u00a01310-82-3<\/p>\n<p><strong>MF<\/strong>: RbOH\u00a0\u00a0 <strong>MW<\/strong><strong>: <\/strong>102.48<\/p>\n<p><strong>Molekul\u00e1ris szerkezet\uff1a<img decoding=\"async\" class=\"alignnone size-full wp-image-6605\" src=\"https:\/\/longchangchemical.com\/wp-content\/uploads\/2024\/02\/Rubidium-hydroxide.png\" alt=\"\" width=\"67\" height=\"18\" \/><\/strong><\/p>","protected":false},"featured_media":0,"comment_status":"open","ping_status":"closed","template":"","meta":[],"product_brand":[],"product_cat":[15],"product_tag":[],"class_list":{"0":"post-6604","1":"product","2":"type-product","3":"status-publish","5":"product_cat-food-additives","7":"first","8":"instock","9":"shipping-taxable","10":"product-type-simple"},"yoast_head":"<!-- This site is optimized with the Yoast SEO plugin v25.3.1 - https:\/\/yoast.com\/wordpress\/plugins\/seo\/ -->\n<title>China Rubidium hydroxide Manufacturer - CAS 1310-82-3 supplier - Longchang Chemical<\/title>\n<meta name=\"description\" content=\"Rubidium hydroxide is used as a raw material for the production of rubidium metal and various rubidium salts, in the production of special glass, in miniature high-energy batteries and in crystal scintillation counters.\" \/>\n<meta name=\"robots\" content=\"index, follow, max-snippet:-1, max-image-preview:large, max-video-preview:-1\" \/>\n<link rel=\"canonical\" href=\"https:\/\/longchangchemical.com\/hu\/product\/rubidium-hydroxide-cas-1310-82-3\/\" \/>\n<meta property=\"og:locale\" content=\"hu_HU\" \/>\n<meta property=\"og:type\" content=\"article\" \/>\n<meta property=\"og:title\" content=\"China Rubidium hydroxide Manufacturer - CAS 1310-82-3 supplier - Longchang Chemical\" \/>\n<meta property=\"og:description\" content=\"Rubidium hydroxide is used as a raw material for the production of rubidium metal and various rubidium salts, in the production of special glass, in miniature high-energy batteries and in crystal scintillation counters.\" \/>\n<meta property=\"og:url\" content=\"https:\/\/longchangchemical.com\/hu\/product\/rubidium-hydroxide-cas-1310-82-3\/\" \/>\n<meta property=\"og:site_name\" content=\"Longchang Chemical\" \/>\n<meta property=\"article:modified_time\" content=\"2026-05-08T03:00:02+00:00\" \/>\n<meta property=\"og:image\" content=\"https:\/\/longchangchemical.com\/wp-content\/uploads\/2024\/02\/logo-jpeg.jpg\" \/>\n\t<meta property=\"og:image:width\" content=\"1000\" \/>\n\t<meta property=\"og:image:height\" content=\"1000\" \/>\n\t<meta property=\"og:image:type\" content=\"image\/jpeg\" \/>\n<meta name=\"twitter:card\" content=\"summary_large_image\" \/>\n<script type=\"application\/ld+json\" class=\"yoast-schema-graph\">{\"@context\":\"https:\/\/schema.org\",\"@graph\":[{\"@type\":\"WebPage\",\"@id\":\"https:\/\/longchangchemical.com\/product\/rubidium-hydroxide-cas-1310-82-3\/\",\"url\":\"https:\/\/longchangchemical.com\/product\/rubidium-hydroxide-cas-1310-82-3\/\",\"name\":\"China Rubidium hydroxide Manufacturer - CAS 1310-82-3 supplier - Longchang Chemical\",\"isPartOf\":{\"@id\":\"https:\/\/longchangchemical.com\/#website\"},\"datePublished\":\"2024-02-05T09:15:42+00:00\",\"dateModified\":\"2026-05-08T03:00:02+00:00\",\"description\":\"Rubidium hydroxide is used as a raw material for the production of rubidium metal and various rubidium salts, in the production of special glass, in miniature high-energy batteries and in crystal scintillation counters.\",\"breadcrumb\":{\"@id\":\"https:\/\/longchangchemical.com\/product\/rubidium-hydroxide-cas-1310-82-3\/#breadcrumb\"},\"inLanguage\":\"hu\",\"potentialAction\":[{\"@type\":\"ReadAction\",\"target\":[\"https:\/\/longchangchemical.com\/product\/rubidium-hydroxide-cas-1310-82-3\/\"]}]},{\"@type\":\"BreadcrumbList\",\"@id\":\"https:\/\/longchangchemical.com\/product\/rubidium-hydroxide-cas-1310-82-3\/#breadcrumb\",\"itemListElement\":[{\"@type\":\"ListItem\",\"position\":1,\"name\":\"Home\",\"item\":\"https:\/\/longchangchemical.com\/\"},{\"@type\":\"ListItem\",\"position\":2,\"name\":\"Products Longchang\",\"item\":\"https:\/\/longchangchemical.com\/product\/\"},{\"@type\":\"ListItem\",\"position\":3,\"name\":\"Rubidium hydroxide CAS 1310-82-3\"}]},{\"@type\":\"WebSite\",\"@id\":\"https:\/\/longchangchemical.com\/#website\",\"url\":\"https:\/\/longchangchemical.com\/\",\"name\":\"Longchang Chemical\",\"description\":\"China chemical manufacturer \uff06 supplier\",\"publisher\":{\"@id\":\"https:\/\/longchangchemical.com\/#organization\"},\"potentialAction\":[{\"@type\":\"SearchAction\",\"target\":{\"@type\":\"EntryPoint\",\"urlTemplate\":\"https:\/\/longchangchemical.com\/?s={search_term_string}\"},\"query-input\":{\"@type\":\"PropertyValueSpecification\",\"valueRequired\":true,\"valueName\":\"search_term_string\"}}],\"inLanguage\":\"hu\"},{\"@type\":\"Organization\",\"@id\":\"https:\/\/longchangchemical.com\/#organization\",\"name\":\"Longchang Chemical\",\"url\":\"https:\/\/longchangchemical.com\/\",\"logo\":{\"@type\":\"ImageObject\",\"inLanguage\":\"hu\",\"@id\":\"https:\/\/longchangchemical.com\/#\/schema\/logo\/image\/\",\"url\":\"https:\/\/longchangchemical.com\/wp-content\/uploads\/2020\/08\/cropped-longchang-logo.png\",\"contentUrl\":\"https:\/\/longchangchemical.com\/wp-content\/uploads\/2020\/08\/cropped-longchang-logo.png\",\"width\":512,\"height\":512,\"caption\":\"Longchang Chemical\"},\"image\":{\"@id\":\"https:\/\/longchangchemical.com\/#\/schema\/logo\/image\/\"}}]}<\/script>\n<!-- \/ Yoast SEO plugin. -->","yoast_head_json":{"title":"K\u00edna Rub\u00eddium-hidroxid Gy\u00e1rt\u00f3 - CAS 1310-82-3 sz\u00e1ll\u00edt\u00f3 - Longchang Chemical","description":"A rub\u00eddium-hidroxidot nyersanyagk\u00e9nt haszn\u00e1lj\u00e1k rub\u00eddium-f\u00e9m \u00e9s k\u00fcl\u00f6nb\u00f6z\u0151 rub\u00eddium-s\u00f3k el\u0151\u00e1ll\u00edt\u00e1s\u00e1hoz, speci\u00e1lis \u00fcvegek gy\u00e1rt\u00e1s\u00e1hoz, nagy energi\u00e1j\u00fa miniat\u0171r akkumul\u00e1torokban \u00e9s krist\u00e1lyos szcintill\u00e1ci\u00f3s sz\u00e1ml\u00e1l\u00f3kban.","robots":{"index":"index","follow":"follow","max-snippet":"max-snippet:-1","max-image-preview":"max-image-preview:large","max-video-preview":"max-video-preview:-1"},"canonical":"https:\/\/longchangchemical.com\/hu\/product\/rubidium-hydroxide-cas-1310-82-3\/","og_locale":"hu_HU","og_type":"article","og_title":"China Rubidium hydroxide Manufacturer - CAS 1310-82-3 supplier - Longchang Chemical","og_description":"Rubidium hydroxide is used as a raw material for the production of rubidium metal and various rubidium salts, in the production of special glass, in miniature high-energy batteries and in crystal scintillation counters.","og_url":"https:\/\/longchangchemical.com\/hu\/product\/rubidium-hydroxide-cas-1310-82-3\/","og_site_name":"Longchang Chemical","article_modified_time":"2026-05-08T03:00:02+00:00","og_image":[{"width":1000,"height":1000,"url":"https:\/\/longchangchemical.com\/wp-content\/uploads\/2024\/02\/logo-jpeg.jpg","type":"image\/jpeg"}],"twitter_card":"summary_large_image","schema":{"@context":"https:\/\/schema.org","@graph":[{"@type":"WebPage","@id":"https:\/\/longchangchemical.com\/product\/rubidium-hydroxide-cas-1310-82-3\/","url":"https:\/\/longchangchemical.com\/product\/rubidium-hydroxide-cas-1310-82-3\/","name":"K\u00edna Rub\u00eddium-hidroxid Gy\u00e1rt\u00f3 - CAS 1310-82-3 sz\u00e1ll\u00edt\u00f3 - Longchang Chemical","isPartOf":{"@id":"https:\/\/longchangchemical.com\/#website"},"datePublished":"2024-02-05T09:15:42+00:00","dateModified":"2026-05-08T03:00:02+00:00","description":"A rub\u00eddium-hidroxidot nyersanyagk\u00e9nt haszn\u00e1lj\u00e1k rub\u00eddium-f\u00e9m \u00e9s k\u00fcl\u00f6nb\u00f6z\u0151 rub\u00eddium-s\u00f3k el\u0151\u00e1ll\u00edt\u00e1s\u00e1hoz, speci\u00e1lis \u00fcvegek gy\u00e1rt\u00e1s\u00e1hoz, nagy energi\u00e1j\u00fa miniat\u0171r akkumul\u00e1torokban \u00e9s krist\u00e1lyos szcintill\u00e1ci\u00f3s sz\u00e1ml\u00e1l\u00f3kban.","breadcrumb":{"@id":"https:\/\/longchangchemical.com\/product\/rubidium-hydroxide-cas-1310-82-3\/#breadcrumb"},"inLanguage":"hu","potentialAction":[{"@type":"ReadAction","target":["https:\/\/longchangchemical.com\/product\/rubidium-hydroxide-cas-1310-82-3\/"]}]},{"@type":"BreadcrumbList","@id":"https:\/\/longchangchemical.com\/product\/rubidium-hydroxide-cas-1310-82-3\/#breadcrumb","itemListElement":[{"@type":"ListItem","position":1,"name":"Home","item":"https:\/\/longchangchemical.com\/"},{"@type":"ListItem","position":2,"name":"Products Longchang","item":"https:\/\/longchangchemical.com\/product\/"},{"@type":"ListItem","position":3,"name":"Rubidium hydroxide CAS 1310-82-3"}]},{"@type":"WebSite","@id":"https:\/\/longchangchemical.com\/#website","url":"https:\/\/longchangchemical.com\/","name":"Longchang Chemical","description":"K\u00edna k\u00e9miai gy\u00e1rt\u00f3 \uff06 sz\u00e1ll\u00edt\u00f3","publisher":{"@id":"https:\/\/longchangchemical.com\/#organization"},"potentialAction":[{"@type":"SearchAction","target":{"@type":"EntryPoint","urlTemplate":"https:\/\/longchangchemical.com\/?s={search_term_string}"},"query-input":{"@type":"PropertyValueSpecification","valueRequired":true,"valueName":"search_term_string"}}],"inLanguage":"hu"},{"@type":"Organization","@id":"https:\/\/longchangchemical.com\/#organization","name":"Longchang Chemical","url":"https:\/\/longchangchemical.com\/","logo":{"@type":"ImageObject","inLanguage":"hu","@id":"https:\/\/longchangchemical.com\/#\/schema\/logo\/image\/","url":"https:\/\/longchangchemical.com\/wp-content\/uploads\/2020\/08\/cropped-longchang-logo.png","contentUrl":"https:\/\/longchangchemical.com\/wp-content\/uploads\/2020\/08\/cropped-longchang-logo.png","width":512,"height":512,"caption":"Longchang Chemical"},"image":{"@id":"https:\/\/longchangchemical.com\/#\/schema\/logo\/image\/"}}]}},"_links":{"self":[{"href":"https:\/\/longchangchemical.com\/hu\/wp-json\/wp\/v2\/product\/6604","targetHints":{"allow":["GET"]}}],"collection":[{"href":"https:\/\/longchangchemical.com\/hu\/wp-json\/wp\/v2\/product"}],"about":[{"href":"https:\/\/longchangchemical.com\/hu\/wp-json\/wp\/v2\/types\/product"}],"replies":[{"embeddable":true,"href":"https:\/\/longchangchemical.com\/hu\/wp-json\/wp\/v2\/comments?post=6604"}],"wp:attachment":[{"href":"https:\/\/longchangchemical.com\/hu\/wp-json\/wp\/v2\/media?parent=6604"}],"wp:term":[{"taxonomy":"product_brand","embeddable":true,"href":"https:\/\/longchangchemical.com\/hu\/wp-json\/wp\/v2\/product_brand?post=6604"},{"taxonomy":"product_cat","embeddable":true,"href":"https:\/\/longchangchemical.com\/hu\/wp-json\/wp\/v2\/product_cat?post=6604"},{"taxonomy":"product_tag","embeddable":true,"href":"https:\/\/longchangchemical.com\/hu\/wp-json\/wp\/v2\/product_tag?post=6604"}],"curies":[{"name":"wp","href":"https:\/\/api.w.org\/{rel}","templated":true}]}}