{"id":6600,"date":"2024-02-05T09:06:27","date_gmt":"2024-02-05T09:06:27","guid":{"rendered":"https:\/\/longchangchemical.com\/?post_type=product&#038;p=6600"},"modified":"2025-12-17T02:45:46","modified_gmt":"2025-12-17T02:45:46","slug":"dps-cas-18880-36-9","status":"publish","type":"product","link":"https:\/\/longchangchemical.com\/hu\/product\/dps-cas-18880-36-9\/","title":{"rendered":"N,N-dimetil-ditiokarbamil-propil-szulfonsav n\u00e1triums\u00f3 \/ DPS CAS 18880-36-9"},"content":{"rendered":"<h1><strong>N,N-dimetil-ditiokarbamil-propil-szulfonsav n\u00e1triums\u00f3 \/ DPS CAS 18880-36-9<\/strong><\/h1>\n<p>A DPS-t fel\u00fcletakt\u00edv anyagokkal, p\u00e9ld\u00e1ul poli\u00e9terrel \u00e9s nedves\u00edt\u0151szerekkel, vagy m\u00e1s k\u00e9ntartalm\u00fa f\u00e9nyes\u00edt\u0151kkel kombin\u00e1lva haszn\u00e1lj\u00e1k r\u00e9zbevonatok f\u00e9nyes, duktilis bevonatok el\u0151\u00e1ll\u00edt\u00e1s\u00e1ra. Nemesf\u00e9mek k\u00e9miai galvaniz\u00e1l\u00e1s\u00e1hoz \u00e9s galvaniz\u00e1l\u00e1si stabiliz\u00e1tork\u00e9nt is haszn\u00e1lhat\u00f3. F\u0151 funkci\u00f3ja a f\u00e9ny gyors el\u0151\u00e1ll\u00edt\u00e1sa \u00e9s a galvaniz\u00e1l\u00f3 oldat stabilit\u00e1sa j\u00f3.<\/p>\n<p>&nbsp;<\/p>\n<p><strong><b>Standard<\/b><\/strong><\/p>\n<table>\n<tbody>\n<tr>\n<td width=\"229\">T\u00e9tel<\/td>\n<td width=\"224\">Specifik\u00e1ci\u00f3<\/td>\n<\/tr>\n<tr>\n<td width=\"229\">Megjelen\u00e9s<\/td>\n<td width=\"224\">Feh\u00e9rb\u0151l vil\u00e1goss\u00e1rg\u00e1ba hajl\u00f3 teljes\u00edtm\u00e9ny<\/td>\n<\/tr>\n<tr>\n<td width=\"229\">Oldhat\u00f3s\u00e1g (5% vizes oldat):<\/td>\n<td width=\"224\">\u00c1tl\u00e1tsz\u00f3 \u00e9s tiszta<\/td>\n<\/tr>\n<tr>\n<td width=\"229\">Tisztas\u00e1g (HPLC)<\/td>\n<td width=\"224\">\u226599.0%<\/td>\n<\/tr>\n<tr>\n<td width=\"229\">Nedvess\u00e9g<\/td>\n<td width=\"224\">\uff1c1.0%<\/td>\n<\/tr>\n<\/tbody>\n<\/table>\n<p><strong><b>\u00a0<\/b><\/strong><\/p>\n<p><strong>Alkalmaz\u00e1s: <\/strong><\/p>\n<p>A DPS-t a r\u00e9zbevonatok f\u00e9nyes\u00edt\u0151jek\u00e9nt \u00e9s galvaniz\u00e1l\u00f3 adal\u00e9kanyagok k\u00f6ztes anyagak\u00e9nt haszn\u00e1lj\u00e1k.<\/p>\n<p>&nbsp;<\/p>\n<p><strong><b>P<\/b><\/strong><strong><b>ackag<\/b><\/strong><strong><b>e<\/b><\/strong><strong><b>:<\/b><\/strong>25kgs\/Drum; 50kgs\/Drum<\/p>\n<p><strong><b>\u00a0<\/b><\/strong><\/p>\n<p><strong><b>T\u00e1rol\u00e1s: <\/b><\/strong><\/p>\n<p>V\u00e9dett a nedvess\u00e9gt\u0151l \u00e9s az es\u0151t\u0151l.<\/p>\n<p>Ker\u00fclje el a sz\u00e1ll\u00edt\u00e1s sor\u00e1n \u00f6sszet\u00f6rt csomagot.<\/p>\n<p>Sz\u00e1raz \u00e9s szell\u0151ztetett rakt\u00e1rban t\u00e1rolja.<\/p>\n<h2><strong><b>L\u00e9pjen kapcsolatba vel\u00fcnk most!<\/b><\/strong><\/h2>\n<h4><strong><b>Ha sz\u00fcks\u00e9ge van Price-ra, k\u00e9rj\u00fck, t\u00f6ltse ki el\u00e9rhet\u0151s\u00e9g\u00e9t az al\u00e1bbi \u0171rlapon, \u00e1ltal\u00e1ban 24 \u00f3r\u00e1n bel\u00fcl felvessz\u00fck \u00d6nnel a kapcsolatot. \u00d6n is k\u00fcldhet nekem e-mailt\u00a0<span style=\"color: #00ccff;\"><a style=\"color: #00ccff;\" href=\"mailto:info@longchangchemical.com\">info@longchangchemical.com<\/a>\u00a0<\/span>munkaid\u0151ben ( 8:30-18:00 UTC+8 H.-Szombat ) vagy haszn\u00e1lja a weboldal \u00e9l\u0151 chatj\u00e9t, hogy azonnali v\u00e1laszt kapjon.<\/b><\/strong><\/h4>","protected":false},"excerpt":{"rendered":"<p><strong>K\u00e9miai n\u00e9v:<\/strong>\u00a0N,N-dimetil-ditiokarbamil-propil-szulfonsav n\u00e1triums\u00f3<\/p>\n<p><strong>Szinonim\u00e1ja: <\/strong>N\u00e1trium-3[[(dimetilamino)tioxometil]tio]prop\u00e1nszulfon\u00e1t; DPS<\/p>\n<p><strong>CAS-sz\u00e1m:<\/strong>\u00a018880-36-9<\/p>\n<p><strong>MF<\/strong>: C6H12NNaO3S3\u00a0 <strong>MW<\/strong><strong>: <\/strong>265.4<\/p>\n<p><strong>Molekul\u00e1ris szerkezet\uff1a<img decoding=\"async\" class=\"alignnone size-full wp-image-6601\" src=\"https:\/\/longchangchemical.com\/wp-content\/uploads\/2024\/02\/DPS.png\" alt=\"\" width=\"299\" height=\"148\" \/><\/strong><\/p>\n<p><strong><b>\u00a0<\/b><\/strong><\/p>","protected":false},"featured_media":6717,"comment_status":"open","ping_status":"closed","template":"","meta":[],"product_brand":[],"product_cat":[135],"product_tag":[],"class_list":{"0":"post-6600","1":"product","2":"type-product","3":"status-publish","4":"has-post-thumbnail","6":"product_cat-santicor-corrosion-inhibitor","8":"first","9":"instock","10":"shipping-taxable","11":"product-type-simple"},"yoast_head":"<!-- This site is optimized with the Yoast SEO plugin v25.3.1 - https:\/\/yoast.com\/wordpress\/plugins\/seo\/ -->\n<title>China N,N-Dimethyl-dithiocarbamyl propyl sulfonic acid sodium salt \/ DPS CAS 18880-36-9 Manufacturer - Longchang Chemical<\/title>\n<meta name=\"description\" content=\"N,N-Dimethyl-dithiocarbamyl propyl sulfonic acid sodium salt \/ DPS CAS 18880-36-9 is a key product of Longchang Chemical. We provide the best price. We are the leading manufacturer in China with the best quality and competitive price.\" \/>\n<meta name=\"robots\" content=\"index, follow, max-snippet:-1, max-image-preview:large, max-video-preview:-1\" \/>\n<link rel=\"canonical\" href=\"https:\/\/longchangchemical.com\/hu\/product\/dps-cas-18880-36-9\/\" \/>\n<meta property=\"og:locale\" content=\"hu_HU\" \/>\n<meta property=\"og:type\" content=\"article\" \/>\n<meta property=\"og:title\" content=\"China N,N-Dimethyl-dithiocarbamyl propyl sulfonic acid sodium salt \/ DPS CAS 18880-36-9 Manufacturer - Longchang Chemical\" \/>\n<meta property=\"og:description\" content=\"N,N-Dimethyl-dithiocarbamyl propyl sulfonic acid sodium salt \/ DPS CAS 18880-36-9 is a key product of Longchang Chemical. We provide the best price. We are the leading manufacturer in China with the best quality and competitive price.\" \/>\n<meta property=\"og:url\" content=\"https:\/\/longchangchemical.com\/hu\/product\/dps-cas-18880-36-9\/\" \/>\n<meta property=\"og:site_name\" content=\"Longchang Chemical\" \/>\n<meta property=\"article:modified_time\" content=\"2025-12-17T02:45:46+00:00\" \/>\n<meta property=\"og:image\" content=\"https:\/\/longchangchemical.com\/wp-content\/uploads\/2024\/02\/DPS.jpg\" \/>\n\t<meta property=\"og:image:width\" content=\"800\" \/>\n\t<meta property=\"og:image:height\" content=\"800\" \/>\n\t<meta property=\"og:image:type\" content=\"image\/jpeg\" \/>\n<meta name=\"twitter:card\" content=\"summary_large_image\" \/>\n<script type=\"application\/ld+json\" class=\"yoast-schema-graph\">{\"@context\":\"https:\/\/schema.org\",\"@graph\":[{\"@type\":\"WebPage\",\"@id\":\"https:\/\/longchangchemical.com\/product\/dps-cas-18880-36-9\/\",\"url\":\"https:\/\/longchangchemical.com\/product\/dps-cas-18880-36-9\/\",\"name\":\"China N,N-Dimethyl-dithiocarbamyl propyl sulfonic acid sodium salt \/ DPS CAS 18880-36-9 Manufacturer - Longchang Chemical\",\"isPartOf\":{\"@id\":\"https:\/\/longchangchemical.com\/#website\"},\"primaryImageOfPage\":{\"@id\":\"https:\/\/longchangchemical.com\/product\/dps-cas-18880-36-9\/#primaryimage\"},\"image\":{\"@id\":\"https:\/\/longchangchemical.com\/product\/dps-cas-18880-36-9\/#primaryimage\"},\"thumbnailUrl\":\"https:\/\/longchangchemical.com\/wp-content\/uploads\/2024\/02\/DPS.jpg\",\"datePublished\":\"2024-02-05T09:06:27+00:00\",\"dateModified\":\"2025-12-17T02:45:46+00:00\",\"description\":\"N,N-Dimethyl-dithiocarbamyl propyl sulfonic acid sodium salt \/ DPS CAS 18880-36-9 is a key product of Longchang Chemical. We provide the best price. We are the leading manufacturer in China with the best quality and competitive price.\",\"breadcrumb\":{\"@id\":\"https:\/\/longchangchemical.com\/product\/dps-cas-18880-36-9\/#breadcrumb\"},\"inLanguage\":\"hu\",\"potentialAction\":[{\"@type\":\"ReadAction\",\"target\":[\"https:\/\/longchangchemical.com\/product\/dps-cas-18880-36-9\/\"]}]},{\"@type\":\"ImageObject\",\"inLanguage\":\"hu\",\"@id\":\"https:\/\/longchangchemical.com\/product\/dps-cas-18880-36-9\/#primaryimage\",\"url\":\"https:\/\/longchangchemical.com\/wp-content\/uploads\/2024\/02\/DPS.jpg\",\"contentUrl\":\"https:\/\/longchangchemical.com\/wp-content\/uploads\/2024\/02\/DPS.jpg\",\"width\":800,\"height\":800},{\"@type\":\"BreadcrumbList\",\"@id\":\"https:\/\/longchangchemical.com\/product\/dps-cas-18880-36-9\/#breadcrumb\",\"itemListElement\":[{\"@type\":\"ListItem\",\"position\":1,\"name\":\"Home\",\"item\":\"https:\/\/longchangchemical.com\/\"},{\"@type\":\"ListItem\",\"position\":2,\"name\":\"Products Longchang\",\"item\":\"https:\/\/longchangchemical.com\/product\/\"},{\"@type\":\"ListItem\",\"position\":3,\"name\":\"N,N-Dimethyl-dithiocarbamyl propyl sulfonic acid sodium salt \/ DPS CAS 18880-36-9\"}]},{\"@type\":\"WebSite\",\"@id\":\"https:\/\/longchangchemical.com\/#website\",\"url\":\"https:\/\/longchangchemical.com\/\",\"name\":\"Longchang Chemical\",\"description\":\"China chemical manufacturer \uff06 supplier\",\"publisher\":{\"@id\":\"https:\/\/longchangchemical.com\/#organization\"},\"potentialAction\":[{\"@type\":\"SearchAction\",\"target\":{\"@type\":\"EntryPoint\",\"urlTemplate\":\"https:\/\/longchangchemical.com\/?s={search_term_string}\"},\"query-input\":{\"@type\":\"PropertyValueSpecification\",\"valueRequired\":true,\"valueName\":\"search_term_string\"}}],\"inLanguage\":\"hu\"},{\"@type\":\"Organization\",\"@id\":\"https:\/\/longchangchemical.com\/#organization\",\"name\":\"Longchang Chemical\",\"url\":\"https:\/\/longchangchemical.com\/\",\"logo\":{\"@type\":\"ImageObject\",\"inLanguage\":\"hu\",\"@id\":\"https:\/\/longchangchemical.com\/#\/schema\/logo\/image\/\",\"url\":\"https:\/\/longchangchemical.com\/wp-content\/uploads\/2020\/08\/cropped-longchang-logo.png\",\"contentUrl\":\"https:\/\/longchangchemical.com\/wp-content\/uploads\/2020\/08\/cropped-longchang-logo.png\",\"width\":512,\"height\":512,\"caption\":\"Longchang Chemical\"},\"image\":{\"@id\":\"https:\/\/longchangchemical.com\/#\/schema\/logo\/image\/\"}}]}<\/script>\n<!-- \/ Yoast SEO plugin. -->","yoast_head_json":{"title":"K\u00edna N,N-dimetil-ditiokarbamil-propil-szulfonsav n\u00e1triums\u00f3 \/ DPS CAS 18880-36-9 Gy\u00e1rt\u00f3 - Longchang Chemical","description":"Az N,N-dimetil-ditiokarbamil-propil-szulfonsav n\u00e1triums\u00f3 \/ DPS CAS 18880-36-9 a Longchang Chemical egyik legfontosabb term\u00e9ke. A legjobb \u00e1rat biztos\u00edtjuk. Mi vagyunk a vezet\u0151 gy\u00e1rt\u00f3 K\u00edn\u00e1ban a legjobb min\u0151s\u00e9ggel \u00e9s versenyk\u00e9pes \u00e1rral.","robots":{"index":"index","follow":"follow","max-snippet":"max-snippet:-1","max-image-preview":"max-image-preview:large","max-video-preview":"max-video-preview:-1"},"canonical":"https:\/\/longchangchemical.com\/hu\/product\/dps-cas-18880-36-9\/","og_locale":"hu_HU","og_type":"article","og_title":"China N,N-Dimethyl-dithiocarbamyl propyl sulfonic acid sodium salt \/ DPS CAS 18880-36-9 Manufacturer - Longchang Chemical","og_description":"N,N-Dimethyl-dithiocarbamyl propyl sulfonic acid sodium salt \/ DPS CAS 18880-36-9 is a key product of Longchang Chemical. We provide the best price. We are the leading manufacturer in China with the best quality and competitive price.","og_url":"https:\/\/longchangchemical.com\/hu\/product\/dps-cas-18880-36-9\/","og_site_name":"Longchang Chemical","article_modified_time":"2025-12-17T02:45:46+00:00","og_image":[{"width":800,"height":800,"url":"https:\/\/longchangchemical.com\/wp-content\/uploads\/2024\/02\/DPS.jpg","type":"image\/jpeg"}],"twitter_card":"summary_large_image","schema":{"@context":"https:\/\/schema.org","@graph":[{"@type":"WebPage","@id":"https:\/\/longchangchemical.com\/product\/dps-cas-18880-36-9\/","url":"https:\/\/longchangchemical.com\/product\/dps-cas-18880-36-9\/","name":"K\u00edna N,N-dimetil-ditiokarbamil-propil-szulfonsav n\u00e1triums\u00f3 \/ DPS CAS 18880-36-9 Gy\u00e1rt\u00f3 - Longchang Chemical","isPartOf":{"@id":"https:\/\/longchangchemical.com\/#website"},"primaryImageOfPage":{"@id":"https:\/\/longchangchemical.com\/product\/dps-cas-18880-36-9\/#primaryimage"},"image":{"@id":"https:\/\/longchangchemical.com\/product\/dps-cas-18880-36-9\/#primaryimage"},"thumbnailUrl":"https:\/\/longchangchemical.com\/wp-content\/uploads\/2024\/02\/DPS.jpg","datePublished":"2024-02-05T09:06:27+00:00","dateModified":"2025-12-17T02:45:46+00:00","description":"Az N,N-dimetil-ditiokarbamil-propil-szulfonsav n\u00e1triums\u00f3 \/ DPS CAS 18880-36-9 a Longchang Chemical egyik legfontosabb term\u00e9ke. A legjobb \u00e1rat biztos\u00edtjuk. Mi vagyunk a vezet\u0151 gy\u00e1rt\u00f3 K\u00edn\u00e1ban a legjobb min\u0151s\u00e9ggel \u00e9s versenyk\u00e9pes \u00e1rral.","breadcrumb":{"@id":"https:\/\/longchangchemical.com\/product\/dps-cas-18880-36-9\/#breadcrumb"},"inLanguage":"hu","potentialAction":[{"@type":"ReadAction","target":["https:\/\/longchangchemical.com\/product\/dps-cas-18880-36-9\/"]}]},{"@type":"ImageObject","inLanguage":"hu","@id":"https:\/\/longchangchemical.com\/product\/dps-cas-18880-36-9\/#primaryimage","url":"https:\/\/longchangchemical.com\/wp-content\/uploads\/2024\/02\/DPS.jpg","contentUrl":"https:\/\/longchangchemical.com\/wp-content\/uploads\/2024\/02\/DPS.jpg","width":800,"height":800},{"@type":"BreadcrumbList","@id":"https:\/\/longchangchemical.com\/product\/dps-cas-18880-36-9\/#breadcrumb","itemListElement":[{"@type":"ListItem","position":1,"name":"Home","item":"https:\/\/longchangchemical.com\/"},{"@type":"ListItem","position":2,"name":"Products Longchang","item":"https:\/\/longchangchemical.com\/product\/"},{"@type":"ListItem","position":3,"name":"N,N-Dimethyl-dithiocarbamyl propyl sulfonic acid sodium salt \/ DPS CAS 18880-36-9"}]},{"@type":"WebSite","@id":"https:\/\/longchangchemical.com\/#website","url":"https:\/\/longchangchemical.com\/","name":"Longchang Chemical","description":"K\u00edna k\u00e9miai gy\u00e1rt\u00f3 \uff06 sz\u00e1ll\u00edt\u00f3","publisher":{"@id":"https:\/\/longchangchemical.com\/#organization"},"potentialAction":[{"@type":"SearchAction","target":{"@type":"EntryPoint","urlTemplate":"https:\/\/longchangchemical.com\/?s={search_term_string}"},"query-input":{"@type":"PropertyValueSpecification","valueRequired":true,"valueName":"search_term_string"}}],"inLanguage":"hu"},{"@type":"Organization","@id":"https:\/\/longchangchemical.com\/#organization","name":"Longchang Chemical","url":"https:\/\/longchangchemical.com\/","logo":{"@type":"ImageObject","inLanguage":"hu","@id":"https:\/\/longchangchemical.com\/#\/schema\/logo\/image\/","url":"https:\/\/longchangchemical.com\/wp-content\/uploads\/2020\/08\/cropped-longchang-logo.png","contentUrl":"https:\/\/longchangchemical.com\/wp-content\/uploads\/2020\/08\/cropped-longchang-logo.png","width":512,"height":512,"caption":"Longchang Chemical"},"image":{"@id":"https:\/\/longchangchemical.com\/#\/schema\/logo\/image\/"}}]}},"_links":{"self":[{"href":"https:\/\/longchangchemical.com\/hu\/wp-json\/wp\/v2\/product\/6600","targetHints":{"allow":["GET"]}}],"collection":[{"href":"https:\/\/longchangchemical.com\/hu\/wp-json\/wp\/v2\/product"}],"about":[{"href":"https:\/\/longchangchemical.com\/hu\/wp-json\/wp\/v2\/types\/product"}],"replies":[{"embeddable":true,"href":"https:\/\/longchangchemical.com\/hu\/wp-json\/wp\/v2\/comments?post=6600"}],"wp:featuredmedia":[{"embeddable":true,"href":"https:\/\/longchangchemical.com\/hu\/wp-json\/wp\/v2\/media\/6717"}],"wp:attachment":[{"href":"https:\/\/longchangchemical.com\/hu\/wp-json\/wp\/v2\/media?parent=6600"}],"wp:term":[{"taxonomy":"product_brand","embeddable":true,"href":"https:\/\/longchangchemical.com\/hu\/wp-json\/wp\/v2\/product_brand?post=6600"},{"taxonomy":"product_cat","embeddable":true,"href":"https:\/\/longchangchemical.com\/hu\/wp-json\/wp\/v2\/product_cat?post=6600"},{"taxonomy":"product_tag","embeddable":true,"href":"https:\/\/longchangchemical.com\/hu\/wp-json\/wp\/v2\/product_tag?post=6600"}],"curies":[{"name":"wp","href":"https:\/\/api.w.org\/{rel}","templated":true}]}}